{"id":6778,"date":"2018-05-15T23:07:58","date_gmt":"2018-05-15T21:07:58","guid":{"rendered":"http:\/\/uncommonegg.com\/dayco\/product\/tensores-de-acionamento-de-acessorios\/"},"modified":"2022-10-13T10:22:30","modified_gmt":"2022-10-13T08:22:30","slug":"tensores-de-acessorios-hd","status":"publish","type":"product","link":"https:\/\/uncommonegg.com\/dayco\/pt\/produto\/tensores-de-acessorios-hd\/","title":{"rendered":"Tensores de Acess\u00f3rios Ve\u00edculos Pesados"},"content":{"rendered":"<p><strong>Aplica\u00e7\u00f5es: <\/strong>Cami\u00f5es, autocarros, equipamentos de constru\u00e7\u00e3o, m\u00e1quinas agr\u00edcolas<\/p>\n<p>A Dayco oferece uma linha de tensores autom\u00e1ticos de classe mundial projetados e desenvolvidos especificamente para as condi\u00e7\u00f5es exigentes da ind\u00fastria pesada. Os tensores premium da Dayco s\u00e3o validados em v\u00e1rias aplica\u00e7\u00f5es de ve\u00edculos industriais e comerciais, proporcionando um alto grau de seguran\u00e7a e confian\u00e7a aos principais fabricantes de equipamentos originais do mundo para uma variedade de repara\u00e7\u00f5es de acionamento auxiliar frontal. Estes tensores funcionam em combina\u00e7\u00e3o com as correias, amortecedores, desacopladores e outros componentes da Dayco como um sistema e s\u00e3o personaliz\u00e1veis de acordo com os requisitos da aplica\u00e7\u00e3o.<\/p>\n<p><strong>Carater\u00edsticas\/Benef\u00edcios:<\/strong><\/p>\n<ul>\n<li>Tensores autom\u00e1ticos que proporcionam alto desempenho duradouro do ve\u00edculo em condi\u00e7\u00f5es extremas de funcionamento<\/li>\n<li>Validado em v\u00e1rias aplica\u00e7\u00f5es de ve\u00edculos industriais e comerciais para repara\u00e7\u00f5es de tra\u00e7\u00e3o dianteira<\/li>\n<li>Seguro e confi\u00e1vel com a melhor durabilidade da categoria<\/li>\n<li>As perdas reduzidas de vibra\u00e7\u00e3o e fric\u00e7\u00e3o garantem a efici\u00eancia ideal<\/li>\n<li>Solu\u00e7\u00e3o de tensores de correia competitiva e altamente eficiente para acionamentos de acess\u00f3rios<\/li>\n<\/ul>\n<p><strong>Mais-valia para os Clientes:<\/strong><\/p>\n<ul>\n<li>Recursos globais de I&amp;D e testes de classe mundial, com presen\u00e7a de fabrico local em todos os locais significativos para ajudar no fornecimento em todo o mundo.<\/li>\n<li>Entrega para os principais fabricantes de motores e ve\u00edculos pesados do mundo<\/li>\n<li>Solu\u00e7\u00f5es sustent\u00e1veis \u200b\u200bde mobilidade futura que proporcionam experi\u00eancias de utilizador perfeitas<\/li>\n<li>Tensores de correia confi\u00e1veis e ecol\u00f3gicos com ru\u00eddo, vibra\u00e7\u00e3o e aspereza minimizados<\/li>\n<li>Custo total de propriedade reduzido<\/li>\n<\/ul>\n","protected":false},"excerpt":{"rendered":"<p>Aplica\u00e7\u00f5es: Cami\u00f5es, autocarros, equipamentos de constru\u00e7\u00e3o, m\u00e1quinas agr\u00edcolas A Dayco oferece uma linha de tensores autom\u00e1ticos de classe mundial projetados e desenvolvidos especificamente para as condi\u00e7\u00f5es exigentes da ind\u00fastria pesada. Os tensores premium da Dayco s\u00e3o validados em v\u00e1rias aplica\u00e7\u00f5es de ve\u00edculos industriais e comerciais, proporcionando um alto grau de seguran\u00e7a e confian\u00e7a aos principais fabricantes de equipamentos originais do mundo para uma variedade de&#8230;<\/p>\n","protected":false},"featured_media":68747,"template":"","meta":[],"product_cat":[284],"product_tag":[],"yoast_head":"<!-- This site is optimized with the Yoast SEO plugin v22.4 - https:\/\/yoast.com\/wordpress\/plugins\/seo\/ -->\n<title>Tensores de Acess\u00f3rios Ve\u00edculos Pesados | Propulsion Solutions<\/title>\n<meta name=\"robots\" content=\"noindex, follow, max-snippet:-1, max-image-preview:large, max-video-preview:-1\" \/>\n<meta property=\"og:locale\" content=\"pt_BR\" \/>\n<meta property=\"og:type\" content=\"article\" \/>\n<meta property=\"og:title\" content=\"Tensores de Acess\u00f3rios Ve\u00edculos Pesados | Propulsion Solutions\" \/>\n<meta property=\"og:description\" content=\"Aplica\u00e7\u00f5es: Cami\u00f5es, autocarros, equipamentos de constru\u00e7\u00e3o, m\u00e1quinas agr\u00edcolas A Dayco oferece uma linha de tensores autom\u00e1ticos de classe mundial projetados e desenvolvidos especificamente para as condi\u00e7\u00f5es exigentes da ind\u00fastria pesada. Os tensores premium da Dayco s\u00e3o validados em v\u00e1rias aplica\u00e7\u00f5es de ve\u00edculos industriais e comerciais, proporcionando um alto grau de seguran\u00e7a e confian\u00e7a aos principais fabricantes de equipamentos originais do mundo para uma variedade de...\" \/>\n<meta property=\"og:url\" content=\"https:\/\/uncommonegg.com\/dayco\/pt\/produto\/tensores-de-acessorios-hd\/\" \/>\n<meta property=\"og:site_name\" content=\"Propulsion Solutions\" \/>\n<meta property=\"article:publisher\" content=\"https:\/\/www.facebook.com\/DaycoOfficial\/\" \/>\n<meta property=\"article:modified_time\" content=\"2022-10-13T08:22:30+00:00\" \/>\n<meta property=\"og:image\" content=\"https:\/\/uncommonegg.com\/dayco\/wp-content\/uploads\/Accessory-Drive-Tens-HD-1.jpg\" \/>\n\t<meta property=\"og:image:width\" content=\"609\" \/>\n\t<meta property=\"og:image:height\" content=\"356\" \/>\n\t<meta property=\"og:image:type\" content=\"image\/jpeg\" \/>\n<meta name=\"twitter:card\" content=\"summary_large_image\" \/>\n<meta name=\"twitter:site\" content=\"@DaycoOfficial\" \/>\n<meta name=\"twitter:label1\" content=\"Pre\u00e7o\" \/>\n\t<meta name=\"twitter:data1\" content=\"\" \/>\n\t<meta name=\"twitter:label2\" content=\"Disponibilidade\" \/>\n\t<meta name=\"twitter:data2\" content=\"Em Estoque\" \/>\n<script type=\"application\/ld+json\" class=\"yoast-schema-graph\">{\"@context\":\"https:\/\/schema.org\",\"@graph\":[{\"@type\":[\"WebPage\",\"ItemPage\"],\"@id\":\"https:\/\/uncommonegg.com\/dayco\/pt\/produto\/tensores-de-acessorios-hd\/\",\"url\":\"https:\/\/uncommonegg.com\/dayco\/pt\/produto\/tensores-de-acessorios-hd\/\",\"name\":\"Tensores de Acess\u00f3rios Ve\u00edculos Pesados | Propulsion Solutions\",\"isPartOf\":{\"@id\":\"https:\/\/uncommonegg.com\/dayco\/pt\/#website\"},\"primaryImageOfPage\":{\"@id\":\"https:\/\/uncommonegg.com\/dayco\/pt\/produto\/tensores-de-acessorios-hd\/#primaryimage\"},\"image\":{\"@id\":\"https:\/\/uncommonegg.com\/dayco\/pt\/produto\/tensores-de-acessorios-hd\/#primaryimage\"},\"thumbnailUrl\":\"https:\/\/uncommonegg.com\/dayco\/wp-content\/uploads\/Accessory-Drive-Tens-HD-1.jpg\",\"datePublished\":\"2018-05-15T21:07:58+00:00\",\"dateModified\":\"2022-10-13T08:22:30+00:00\",\"breadcrumb\":{\"@id\":\"https:\/\/uncommonegg.com\/dayco\/pt\/produto\/tensores-de-acessorios-hd\/#breadcrumb\"},\"inLanguage\":\"pt-BR\",\"potentialAction\":[{\"@type\":\"ReadAction\",\"target\":[\"https:\/\/uncommonegg.com\/dayco\/pt\/produto\/tensores-de-acessorios-hd\/\"]}]},{\"@type\":\"ImageObject\",\"inLanguage\":\"pt-BR\",\"@id\":\"https:\/\/uncommonegg.com\/dayco\/pt\/produto\/tensores-de-acessorios-hd\/#primaryimage\",\"url\":\"https:\/\/uncommonegg.com\/dayco\/wp-content\/uploads\/Accessory-Drive-Tens-HD-1.jpg\",\"contentUrl\":\"https:\/\/uncommonegg.com\/dayco\/wp-content\/uploads\/Accessory-Drive-Tens-HD-1.jpg\",\"width\":609,\"height\":356,\"caption\":\"Accessory Drive Tens Hd 1\"},{\"@type\":\"BreadcrumbList\",\"@id\":\"https:\/\/uncommonegg.com\/dayco\/pt\/produto\/tensores-de-acessorios-hd\/#breadcrumb\",\"itemListElement\":[{\"@type\":\"ListItem\",\"position\":1,\"name\":\"In\u00edcio\",\"item\":\"https:\/\/uncommonegg.com\/dayco\/pt\/home\/\"},{\"@type\":\"ListItem\",\"position\":2,\"name\":\"Produtos\",\"item\":\"https:\/\/uncommonegg.com\/dayco\/pt\/produtos\/\"},{\"@type\":\"ListItem\",\"position\":3,\"name\":\"Tensores de Acess\u00f3rios Ve\u00edculos Pesados\"}]},{\"@type\":\"WebSite\",\"@id\":\"https:\/\/uncommonegg.com\/dayco\/pt\/#website\",\"url\":\"https:\/\/uncommonegg.com\/dayco\/pt\/\",\"name\":\"Propulsion Solutions\",\"description\":\"Move Forward. Always.\u2122\",\"publisher\":{\"@id\":\"https:\/\/uncommonegg.com\/dayco\/pt\/#organization\"},\"alternateName\":\"Propulsion Solutions\",\"potentialAction\":[{\"@type\":\"SearchAction\",\"target\":{\"@type\":\"EntryPoint\",\"urlTemplate\":\"https:\/\/uncommonegg.com\/dayco\/pt\/?s={search_term_string}\"},\"query-input\":\"required name=search_term_string\"}],\"inLanguage\":\"pt-BR\"},{\"@type\":\"Organization\",\"@id\":\"https:\/\/uncommonegg.com\/dayco\/pt\/#organization\",\"name\":\"Dayco Corporate\",\"alternateName\":\"Propulsion Solutions\",\"url\":\"https:\/\/uncommonegg.com\/dayco\/pt\/\",\"logo\":{\"@type\":\"ImageObject\",\"inLanguage\":\"pt-BR\",\"@id\":\"https:\/\/uncommonegg.com\/dayco\/pt\/#\/schema\/logo\/image\/\",\"url\":\"http:\/\/uncommonegg.com\/dayco\/wp-content\/uploads\/2024\/01\/PS-Logo-SEO2.jpg\",\"contentUrl\":\"http:\/\/uncommonegg.com\/dayco\/wp-content\/uploads\/2024\/01\/PS-Logo-SEO2.jpg\",\"width\":696,\"height\":696,\"caption\":\"Dayco Corporate\"},\"image\":{\"@id\":\"https:\/\/uncommonegg.com\/dayco\/pt\/#\/schema\/logo\/image\/\"},\"sameAs\":[\"https:\/\/www.facebook.com\/DaycoOfficial\/\",\"https:\/\/twitter.com\/DaycoOfficial\",\"https:\/\/www.instagram.com\/daycoofficial\/\",\"https:\/\/www.linkedin.com\/company\/daycoofficial\/\",\"https:\/\/www.youtube.com\/DaycoOfficial\",\"https:\/\/en.wikipedia.org\/wiki\/Dayco\"]}]}<\/script>\n<meta property=\"product:brand\" content=\"Ve\u00edculos Pesados OE\" \/>\n<meta property=\"product:price:amount\" content=\"0.00\" \/>\n<meta property=\"product:price:currency\" content=\"EUR\" \/>\n<meta property=\"og:availability\" content=\"instock\" \/>\n<meta property=\"product:availability\" content=\"instock\" \/>\n<meta property=\"product:retailer_item_id\" content=\"APVHD\" \/>\n<meta property=\"product:condition\" content=\"new\" \/>\n<!-- \/ Yoast SEO plugin. -->","yoast_head_json":{"title":"Tensores de Acess\u00f3rios Ve\u00edculos Pesados | Propulsion Solutions","robots":{"index":"noindex","follow":"follow","max-snippet":"max-snippet:-1","max-image-preview":"max-image-preview:large","max-video-preview":"max-video-preview:-1"},"og_locale":"pt_BR","og_type":"article","og_title":"Tensores de Acess\u00f3rios Ve\u00edculos Pesados | Propulsion Solutions","og_description":"Aplica\u00e7\u00f5es: Cami\u00f5es, autocarros, equipamentos de constru\u00e7\u00e3o, m\u00e1quinas agr\u00edcolas A Dayco oferece uma linha de tensores autom\u00e1ticos de classe mundial projetados e desenvolvidos especificamente para as condi\u00e7\u00f5es exigentes da ind\u00fastria pesada. Os tensores premium da Dayco s\u00e3o validados em v\u00e1rias aplica\u00e7\u00f5es de ve\u00edculos industriais e comerciais, proporcionando um alto grau de seguran\u00e7a e confian\u00e7a aos principais fabricantes de equipamentos originais do mundo para uma variedade de...","og_url":"https:\/\/uncommonegg.com\/dayco\/pt\/produto\/tensores-de-acessorios-hd\/","og_site_name":"Propulsion Solutions","article_publisher":"https:\/\/www.facebook.com\/DaycoOfficial\/","article_modified_time":"2022-10-13T08:22:30+00:00","og_image":[{"width":609,"height":356,"url":"https:\/\/uncommonegg.com\/dayco\/wp-content\/uploads\/Accessory-Drive-Tens-HD-1.jpg","type":"image\/jpeg"}],"twitter_card":"summary_large_image","twitter_site":"@DaycoOfficial","twitter_misc":{"Pre\u00e7o":"","Disponibilidade":"Em Estoque"},"schema":{"@context":"https:\/\/schema.org","@graph":[{"@type":["WebPage","ItemPage"],"@id":"https:\/\/uncommonegg.com\/dayco\/pt\/produto\/tensores-de-acessorios-hd\/","url":"https:\/\/uncommonegg.com\/dayco\/pt\/produto\/tensores-de-acessorios-hd\/","name":"Tensores de Acess\u00f3rios Ve\u00edculos Pesados | Propulsion Solutions","isPartOf":{"@id":"https:\/\/uncommonegg.com\/dayco\/pt\/#website"},"primaryImageOfPage":{"@id":"https:\/\/uncommonegg.com\/dayco\/pt\/produto\/tensores-de-acessorios-hd\/#primaryimage"},"image":{"@id":"https:\/\/uncommonegg.com\/dayco\/pt\/produto\/tensores-de-acessorios-hd\/#primaryimage"},"thumbnailUrl":"https:\/\/uncommonegg.com\/dayco\/wp-content\/uploads\/Accessory-Drive-Tens-HD-1.jpg","datePublished":"2018-05-15T21:07:58+00:00","dateModified":"2022-10-13T08:22:30+00:00","breadcrumb":{"@id":"https:\/\/uncommonegg.com\/dayco\/pt\/produto\/tensores-de-acessorios-hd\/#breadcrumb"},"inLanguage":"pt-BR","potentialAction":[{"@type":"ReadAction","target":["https:\/\/uncommonegg.com\/dayco\/pt\/produto\/tensores-de-acessorios-hd\/"]}]},{"@type":"ImageObject","inLanguage":"pt-BR","@id":"https:\/\/uncommonegg.com\/dayco\/pt\/produto\/tensores-de-acessorios-hd\/#primaryimage","url":"https:\/\/uncommonegg.com\/dayco\/wp-content\/uploads\/Accessory-Drive-Tens-HD-1.jpg","contentUrl":"https:\/\/uncommonegg.com\/dayco\/wp-content\/uploads\/Accessory-Drive-Tens-HD-1.jpg","width":609,"height":356,"caption":"Accessory Drive Tens Hd 1"},{"@type":"BreadcrumbList","@id":"https:\/\/uncommonegg.com\/dayco\/pt\/produto\/tensores-de-acessorios-hd\/#breadcrumb","itemListElement":[{"@type":"ListItem","position":1,"name":"In\u00edcio","item":"https:\/\/uncommonegg.com\/dayco\/pt\/home\/"},{"@type":"ListItem","position":2,"name":"Produtos","item":"https:\/\/uncommonegg.com\/dayco\/pt\/produtos\/"},{"@type":"ListItem","position":3,"name":"Tensores de Acess\u00f3rios Ve\u00edculos Pesados"}]},{"@type":"WebSite","@id":"https:\/\/uncommonegg.com\/dayco\/pt\/#website","url":"https:\/\/uncommonegg.com\/dayco\/pt\/","name":"Propulsion Solutions","description":"Move Forward. Always.\u2122","publisher":{"@id":"https:\/\/uncommonegg.com\/dayco\/pt\/#organization"},"alternateName":"Propulsion Solutions","potentialAction":[{"@type":"SearchAction","target":{"@type":"EntryPoint","urlTemplate":"https:\/\/uncommonegg.com\/dayco\/pt\/?s={search_term_string}"},"query-input":"required name=search_term_string"}],"inLanguage":"pt-BR"},{"@type":"Organization","@id":"https:\/\/uncommonegg.com\/dayco\/pt\/#organization","name":"Dayco Corporate","alternateName":"Propulsion Solutions","url":"https:\/\/uncommonegg.com\/dayco\/pt\/","logo":{"@type":"ImageObject","inLanguage":"pt-BR","@id":"https:\/\/uncommonegg.com\/dayco\/pt\/#\/schema\/logo\/image\/","url":"http:\/\/uncommonegg.com\/dayco\/wp-content\/uploads\/2024\/01\/PS-Logo-SEO2.jpg","contentUrl":"http:\/\/uncommonegg.com\/dayco\/wp-content\/uploads\/2024\/01\/PS-Logo-SEO2.jpg","width":696,"height":696,"caption":"Dayco Corporate"},"image":{"@id":"https:\/\/uncommonegg.com\/dayco\/pt\/#\/schema\/logo\/image\/"},"sameAs":["https:\/\/www.facebook.com\/DaycoOfficial\/","https:\/\/twitter.com\/DaycoOfficial","https:\/\/www.instagram.com\/daycoofficial\/","https:\/\/www.linkedin.com\/company\/daycoofficial\/","https:\/\/www.youtube.com\/DaycoOfficial","https:\/\/en.wikipedia.org\/wiki\/Dayco"]}]},"product_brand":"Ve\u00edculos Pesados OE","product_price_amount":"0.00","product_price_currency":"EUR","og_availability":"instock","product_availability":"instock","product_retailer_item_id":"APVHD","product_condition":"new"},"_links":{"self":[{"href":"https:\/\/uncommonegg.com\/dayco\/pt\/wp-json\/wp\/v2\/product\/6778"}],"collection":[{"href":"https:\/\/uncommonegg.com\/dayco\/pt\/wp-json\/wp\/v2\/product"}],"about":[{"href":"https:\/\/uncommonegg.com\/dayco\/pt\/wp-json\/wp\/v2\/types\/product"}],"wp:featuredmedia":[{"embeddable":true,"href":"https:\/\/uncommonegg.com\/dayco\/pt\/wp-json\/wp\/v2\/media\/68747"}],"wp:attachment":[{"href":"https:\/\/uncommonegg.com\/dayco\/pt\/wp-json\/wp\/v2\/media?parent=6778"}],"wp:term":[{"taxonomy":"product_cat","embeddable":true,"href":"https:\/\/uncommonegg.com\/dayco\/pt\/wp-json\/wp\/v2\/product_cat?post=6778"},{"taxonomy":"product_tag","embeddable":true,"href":"https:\/\/uncommonegg.com\/dayco\/pt\/wp-json\/wp\/v2\/product_tag?post=6778"}],"curies":[{"name":"wp","href":"https:\/\/api.w.org\/{rel}","templated":true}]}}