{"id":57488,"date":"2018-05-17T22:57:37","date_gmt":"2018-05-17T20:57:37","guid":{"rendered":"http:\/\/uncommonegg.com\/dayco\/product\/sistema-de-geracao-de-vacuo\/"},"modified":"2018-05-17T22:57:37","modified_gmt":"2018-05-17T20:57:37","slug":"sistema-de-geracao-de-vacuo","status":"publish","type":"product","link":"https:\/\/uncommonegg.com\/dayco\/pt\/produto\/sistema-de-geracao-de-vacuo\/","title":{"rendered":"Sistema de Gera\u00e7\u00e3o de V\u00e1cuo"},"content":{"rendered":"<p>Com foco no aumento da efici\u00eancia de combust\u00edvel, um dos mais novos produtos da Dayco \u00e9 o nosso Sistema de Gera\u00e7\u00e3o de V\u00e1cuo. A montagem do Sistema de Gera\u00e7\u00e3o de V\u00e1cuo, projetada para sistemas que exigem v\u00e1cuo, tais como: aux\u00edlio de freio a v\u00e1cuo, purga de vapor de combust\u00edvel e ventila\u00e7\u00e3o do c\u00e1rter, substitui as bombas de v\u00e1cuo mec\u00e2nicas e el\u00e9tricas caras, pesadas e que consomem combust\u00edvel encontradas em muitos dos motores de hoje.<\/p>\n<p>O Sistema de Gera\u00e7\u00e3o de V\u00e1cuo, da Dayco, tamb\u00e9m inclui uma s\u00e9rie de componentes de motor independentes, tais como: aspiradores, ejetores, v\u00e1lvulas de controlo de fluxo, v\u00e1lvulas de reten\u00e7\u00e3o e atenuadores de ru\u00eddo, todos constru\u00eddos para aumentar a capacidade e efici\u00eancia do v\u00e1cuo, reduzindo o peso do motor. Estas tecnologias revolucion\u00e1rias tamb\u00e9m resultam diretamente em benef\u00edcios para o condutor. Por exemplo, o nosso conjunto de assist\u00eancia ao trav\u00e3o por v\u00e1cuo resulta numa for\u00e7a menor e mais consistente do pedal do trav\u00e3o. O condutor n\u00e3o experimentar\u00e1 um pedal r\u00edgido durante a aplica\u00e7\u00e3o de trav\u00f5es m\u00faltiplos, como pode ser sentido durante uma manobra de estacionamento, proporcionando uma sensa\u00e7\u00e3o geral melhor para o condutor.<\/p>\n","protected":false},"excerpt":{"rendered":"<p>Com foco no aumento da efici\u00eancia de combust\u00edvel, um dos mais novos produtos da Dayco \u00e9 o nosso Sistema de Gera\u00e7\u00e3o de V\u00e1cuo. A montagem do Sistema de Gera\u00e7\u00e3o de V\u00e1cuo, projetada para sistemas que exigem v\u00e1cuo, tais como: aux\u00edlio de freio a v\u00e1cuo, purga de vapor de combust\u00edvel e ventila\u00e7\u00e3o do c\u00e1rter, substitui as bombas de v\u00e1cuo mec\u00e2nicas e el\u00e9tricas caras, pesadas e que&#8230;<\/p>\n","protected":false},"featured_media":54458,"template":"","meta":[],"product_cat":[283],"product_tag":[],"yoast_head":"<!-- This site is optimized with the Yoast SEO plugin v22.4 - https:\/\/yoast.com\/wordpress\/plugins\/seo\/ -->\n<title>Sistema de Gera\u00e7\u00e3o de V\u00e1cuo | Propulsion Solutions<\/title>\n<meta name=\"description\" content=\"With focus on increasing fuel efficiency, one of Dayco\u2019s newest products is our Vacuum Generation System, engineered for systems requiring vacuum.\" \/>\n<meta name=\"robots\" content=\"noindex, follow, max-snippet:-1, max-image-preview:large, max-video-preview:-1\" \/>\n<meta property=\"og:locale\" content=\"pt_BR\" \/>\n<meta property=\"og:type\" content=\"article\" \/>\n<meta property=\"og:title\" content=\"Sistema de Gera\u00e7\u00e3o de V\u00e1cuo | Propulsion Solutions\" \/>\n<meta property=\"og:description\" content=\"With focus on increasing fuel efficiency, one of Dayco\u2019s newest products is our Vacuum Generation System, engineered for systems requiring vacuum.\" \/>\n<meta property=\"og:url\" content=\"https:\/\/uncommonegg.com\/dayco\/pt\/produto\/sistema-de-geracao-de-vacuo\/\" \/>\n<meta property=\"og:site_name\" content=\"Propulsion Solutions\" \/>\n<meta property=\"article:publisher\" content=\"https:\/\/www.facebook.com\/DaycoOfficial\/\" \/>\n<meta property=\"og:image\" content=\"https:\/\/uncommonegg.com\/dayco\/wp-content\/uploads\/VGS-1.png\" \/>\n\t<meta property=\"og:image:width\" content=\"609\" \/>\n\t<meta property=\"og:image:height\" content=\"356\" \/>\n\t<meta property=\"og:image:type\" content=\"image\/png\" \/>\n<meta name=\"twitter:card\" content=\"summary_large_image\" \/>\n<meta name=\"twitter:site\" content=\"@DaycoOfficial\" \/>\n<meta name=\"twitter:label1\" content=\"Pre\u00e7o\" \/>\n\t<meta name=\"twitter:data1\" content=\"\" \/>\n\t<meta name=\"twitter:label2\" content=\"Disponibilidade\" \/>\n\t<meta name=\"twitter:data2\" content=\"Em Estoque\" \/>\n<script type=\"application\/ld+json\" class=\"yoast-schema-graph\">{\"@context\":\"https:\/\/schema.org\",\"@graph\":[{\"@type\":[\"WebPage\",\"ItemPage\"],\"@id\":\"https:\/\/uncommonegg.com\/dayco\/pt\/produto\/sistema-de-geracao-de-vacuo\/\",\"url\":\"https:\/\/uncommonegg.com\/dayco\/pt\/produto\/sistema-de-geracao-de-vacuo\/\",\"name\":\"Sistema de Gera\u00e7\u00e3o de V\u00e1cuo | Propulsion Solutions\",\"isPartOf\":{\"@id\":\"https:\/\/uncommonegg.com\/dayco\/pt\/#website\"},\"primaryImageOfPage\":{\"@id\":\"https:\/\/uncommonegg.com\/dayco\/pt\/produto\/sistema-de-geracao-de-vacuo\/#primaryimage\"},\"image\":{\"@id\":\"https:\/\/uncommonegg.com\/dayco\/pt\/produto\/sistema-de-geracao-de-vacuo\/#primaryimage\"},\"thumbnailUrl\":\"https:\/\/uncommonegg.com\/dayco\/wp-content\/uploads\/VGS-1.png\",\"datePublished\":\"2018-05-17T20:57:37+00:00\",\"dateModified\":\"2018-05-17T20:57:37+00:00\",\"description\":\"With focus on increasing fuel efficiency, one of Dayco\u2019s newest products is our Vacuum Generation System, engineered for systems requiring vacuum.\",\"breadcrumb\":{\"@id\":\"https:\/\/uncommonegg.com\/dayco\/pt\/produto\/sistema-de-geracao-de-vacuo\/#breadcrumb\"},\"inLanguage\":\"pt-BR\",\"potentialAction\":[{\"@type\":\"ReadAction\",\"target\":[\"https:\/\/uncommonegg.com\/dayco\/pt\/produto\/sistema-de-geracao-de-vacuo\/\"]}]},{\"@type\":\"ImageObject\",\"inLanguage\":\"pt-BR\",\"@id\":\"https:\/\/uncommonegg.com\/dayco\/pt\/produto\/sistema-de-geracao-de-vacuo\/#primaryimage\",\"url\":\"https:\/\/uncommonegg.com\/dayco\/wp-content\/uploads\/VGS-1.png\",\"contentUrl\":\"https:\/\/uncommonegg.com\/dayco\/wp-content\/uploads\/VGS-1.png\",\"width\":609,\"height\":356,\"caption\":\"Vgs 1\"},{\"@type\":\"BreadcrumbList\",\"@id\":\"https:\/\/uncommonegg.com\/dayco\/pt\/produto\/sistema-de-geracao-de-vacuo\/#breadcrumb\",\"itemListElement\":[{\"@type\":\"ListItem\",\"position\":1,\"name\":\"In\u00edcio\",\"item\":\"https:\/\/uncommonegg.com\/dayco\/pt\/home\/\"},{\"@type\":\"ListItem\",\"position\":2,\"name\":\"Produtos\",\"item\":\"https:\/\/uncommonegg.com\/dayco\/pt\/produtos\/\"},{\"@type\":\"ListItem\",\"position\":3,\"name\":\"Sistema de Gera\u00e7\u00e3o de V\u00e1cuo\"}]},{\"@type\":\"WebSite\",\"@id\":\"https:\/\/uncommonegg.com\/dayco\/pt\/#website\",\"url\":\"https:\/\/uncommonegg.com\/dayco\/pt\/\",\"name\":\"Propulsion Solutions\",\"description\":\"Move Forward. Always.\u2122\",\"publisher\":{\"@id\":\"https:\/\/uncommonegg.com\/dayco\/pt\/#organization\"},\"alternateName\":\"Propulsion Solutions\",\"potentialAction\":[{\"@type\":\"SearchAction\",\"target\":{\"@type\":\"EntryPoint\",\"urlTemplate\":\"https:\/\/uncommonegg.com\/dayco\/pt\/?s={search_term_string}\"},\"query-input\":\"required name=search_term_string\"}],\"inLanguage\":\"pt-BR\"},{\"@type\":\"Organization\",\"@id\":\"https:\/\/uncommonegg.com\/dayco\/pt\/#organization\",\"name\":\"Dayco Corporate\",\"alternateName\":\"Propulsion Solutions\",\"url\":\"https:\/\/uncommonegg.com\/dayco\/pt\/\",\"logo\":{\"@type\":\"ImageObject\",\"inLanguage\":\"pt-BR\",\"@id\":\"https:\/\/uncommonegg.com\/dayco\/pt\/#\/schema\/logo\/image\/\",\"url\":\"http:\/\/uncommonegg.com\/dayco\/wp-content\/uploads\/2024\/01\/PS-Logo-SEO2.jpg\",\"contentUrl\":\"http:\/\/uncommonegg.com\/dayco\/wp-content\/uploads\/2024\/01\/PS-Logo-SEO2.jpg\",\"width\":696,\"height\":696,\"caption\":\"Dayco Corporate\"},\"image\":{\"@id\":\"https:\/\/uncommonegg.com\/dayco\/pt\/#\/schema\/logo\/image\/\"},\"sameAs\":[\"https:\/\/www.facebook.com\/DaycoOfficial\/\",\"https:\/\/twitter.com\/DaycoOfficial\",\"https:\/\/www.instagram.com\/daycoofficial\/\",\"https:\/\/www.linkedin.com\/company\/daycoofficial\/\",\"https:\/\/www.youtube.com\/DaycoOfficial\",\"https:\/\/en.wikipedia.org\/wiki\/Dayco\"]}]}<\/script>\n<meta property=\"product:brand\" content=\"Ve\u00edculos Leves OE\" \/>\n<meta property=\"product:price:amount\" content=\"0.00\" \/>\n<meta property=\"product:price:currency\" content=\"EUR\" \/>\n<meta property=\"og:availability\" content=\"instock\" \/>\n<meta property=\"product:availability\" content=\"instock\" \/>\n<meta property=\"product:condition\" content=\"new\" \/>\n<!-- \/ Yoast SEO plugin. -->","yoast_head_json":{"title":"Sistema de Gera\u00e7\u00e3o de V\u00e1cuo | Propulsion Solutions","description":"With focus on increasing fuel efficiency, one of Dayco\u2019s newest products is our Vacuum Generation System, engineered for systems requiring vacuum.","robots":{"index":"noindex","follow":"follow","max-snippet":"max-snippet:-1","max-image-preview":"max-image-preview:large","max-video-preview":"max-video-preview:-1"},"og_locale":"pt_BR","og_type":"article","og_title":"Sistema de Gera\u00e7\u00e3o de V\u00e1cuo | Propulsion Solutions","og_description":"With focus on increasing fuel efficiency, one of Dayco\u2019s newest products is our Vacuum Generation System, engineered for systems requiring vacuum.","og_url":"https:\/\/uncommonegg.com\/dayco\/pt\/produto\/sistema-de-geracao-de-vacuo\/","og_site_name":"Propulsion Solutions","article_publisher":"https:\/\/www.facebook.com\/DaycoOfficial\/","og_image":[{"width":609,"height":356,"url":"https:\/\/uncommonegg.com\/dayco\/wp-content\/uploads\/VGS-1.png","type":"image\/png"}],"twitter_card":"summary_large_image","twitter_site":"@DaycoOfficial","twitter_misc":{"Pre\u00e7o":"","Disponibilidade":"Em Estoque"},"schema":{"@context":"https:\/\/schema.org","@graph":[{"@type":["WebPage","ItemPage"],"@id":"https:\/\/uncommonegg.com\/dayco\/pt\/produto\/sistema-de-geracao-de-vacuo\/","url":"https:\/\/uncommonegg.com\/dayco\/pt\/produto\/sistema-de-geracao-de-vacuo\/","name":"Sistema de Gera\u00e7\u00e3o de V\u00e1cuo | Propulsion Solutions","isPartOf":{"@id":"https:\/\/uncommonegg.com\/dayco\/pt\/#website"},"primaryImageOfPage":{"@id":"https:\/\/uncommonegg.com\/dayco\/pt\/produto\/sistema-de-geracao-de-vacuo\/#primaryimage"},"image":{"@id":"https:\/\/uncommonegg.com\/dayco\/pt\/produto\/sistema-de-geracao-de-vacuo\/#primaryimage"},"thumbnailUrl":"https:\/\/uncommonegg.com\/dayco\/wp-content\/uploads\/VGS-1.png","datePublished":"2018-05-17T20:57:37+00:00","dateModified":"2018-05-17T20:57:37+00:00","description":"With focus on increasing fuel efficiency, one of Dayco\u2019s newest products is our Vacuum Generation System, engineered for systems requiring vacuum.","breadcrumb":{"@id":"https:\/\/uncommonegg.com\/dayco\/pt\/produto\/sistema-de-geracao-de-vacuo\/#breadcrumb"},"inLanguage":"pt-BR","potentialAction":[{"@type":"ReadAction","target":["https:\/\/uncommonegg.com\/dayco\/pt\/produto\/sistema-de-geracao-de-vacuo\/"]}]},{"@type":"ImageObject","inLanguage":"pt-BR","@id":"https:\/\/uncommonegg.com\/dayco\/pt\/produto\/sistema-de-geracao-de-vacuo\/#primaryimage","url":"https:\/\/uncommonegg.com\/dayco\/wp-content\/uploads\/VGS-1.png","contentUrl":"https:\/\/uncommonegg.com\/dayco\/wp-content\/uploads\/VGS-1.png","width":609,"height":356,"caption":"Vgs 1"},{"@type":"BreadcrumbList","@id":"https:\/\/uncommonegg.com\/dayco\/pt\/produto\/sistema-de-geracao-de-vacuo\/#breadcrumb","itemListElement":[{"@type":"ListItem","position":1,"name":"In\u00edcio","item":"https:\/\/uncommonegg.com\/dayco\/pt\/home\/"},{"@type":"ListItem","position":2,"name":"Produtos","item":"https:\/\/uncommonegg.com\/dayco\/pt\/produtos\/"},{"@type":"ListItem","position":3,"name":"Sistema de Gera\u00e7\u00e3o de V\u00e1cuo"}]},{"@type":"WebSite","@id":"https:\/\/uncommonegg.com\/dayco\/pt\/#website","url":"https:\/\/uncommonegg.com\/dayco\/pt\/","name":"Propulsion Solutions","description":"Move Forward. Always.\u2122","publisher":{"@id":"https:\/\/uncommonegg.com\/dayco\/pt\/#organization"},"alternateName":"Propulsion Solutions","potentialAction":[{"@type":"SearchAction","target":{"@type":"EntryPoint","urlTemplate":"https:\/\/uncommonegg.com\/dayco\/pt\/?s={search_term_string}"},"query-input":"required name=search_term_string"}],"inLanguage":"pt-BR"},{"@type":"Organization","@id":"https:\/\/uncommonegg.com\/dayco\/pt\/#organization","name":"Dayco Corporate","alternateName":"Propulsion Solutions","url":"https:\/\/uncommonegg.com\/dayco\/pt\/","logo":{"@type":"ImageObject","inLanguage":"pt-BR","@id":"https:\/\/uncommonegg.com\/dayco\/pt\/#\/schema\/logo\/image\/","url":"http:\/\/uncommonegg.com\/dayco\/wp-content\/uploads\/2024\/01\/PS-Logo-SEO2.jpg","contentUrl":"http:\/\/uncommonegg.com\/dayco\/wp-content\/uploads\/2024\/01\/PS-Logo-SEO2.jpg","width":696,"height":696,"caption":"Dayco Corporate"},"image":{"@id":"https:\/\/uncommonegg.com\/dayco\/pt\/#\/schema\/logo\/image\/"},"sameAs":["https:\/\/www.facebook.com\/DaycoOfficial\/","https:\/\/twitter.com\/DaycoOfficial","https:\/\/www.instagram.com\/daycoofficial\/","https:\/\/www.linkedin.com\/company\/daycoofficial\/","https:\/\/www.youtube.com\/DaycoOfficial","https:\/\/en.wikipedia.org\/wiki\/Dayco"]}]},"product_brand":"Ve\u00edculos Leves OE","product_price_amount":"0.00","product_price_currency":"EUR","og_availability":"instock","product_availability":"instock","product_condition":"new"},"_links":{"self":[{"href":"https:\/\/uncommonegg.com\/dayco\/pt\/wp-json\/wp\/v2\/product\/57488"}],"collection":[{"href":"https:\/\/uncommonegg.com\/dayco\/pt\/wp-json\/wp\/v2\/product"}],"about":[{"href":"https:\/\/uncommonegg.com\/dayco\/pt\/wp-json\/wp\/v2\/types\/product"}],"wp:featuredmedia":[{"embeddable":true,"href":"https:\/\/uncommonegg.com\/dayco\/pt\/wp-json\/wp\/v2\/media\/54458"}],"wp:attachment":[{"href":"https:\/\/uncommonegg.com\/dayco\/pt\/wp-json\/wp\/v2\/media?parent=57488"}],"wp:term":[{"taxonomy":"product_cat","embeddable":true,"href":"https:\/\/uncommonegg.com\/dayco\/pt\/wp-json\/wp\/v2\/product_cat?post=57488"},{"taxonomy":"product_tag","embeddable":true,"href":"https:\/\/uncommonegg.com\/dayco\/pt\/wp-json\/wp\/v2\/product_tag?post=57488"}],"curies":[{"name":"wp","href":"https:\/\/api.w.org\/{rel}","templated":true}]}}