{"id":55724,"date":"2018-05-18T11:58:12","date_gmt":"2018-05-18T09:58:12","guid":{"rendered":"http:\/\/uncommonegg.com\/dayco\/product\/amortecedores-da-linha-de-transmissao\/"},"modified":"2018-07-16T14:06:34","modified_gmt":"2018-07-16T12:06:34","slug":"amortecedores-da-linha-de-transmissao","status":"publish","type":"product","link":"https:\/\/uncommonegg.com\/dayco\/pt\/produto\/amortecedores-da-linha-de-transmissao\/","title":{"rendered":"Amortecedores da Linha de Transmiss\u00e3o"},"content":{"rendered":"<p>A Dayco tem uma longa hist\u00f3ria de projeta\u00e7\u00e3o e fabrica\u00e7\u00e3o de amortecedores da linha de transmiss\u00e3o e reconhece os requisitos r\u00edgidos dos clientes desta mesma linha. Tais amortecedores s\u00e3o projetados especificamente para o modo de vibra\u00e7\u00e3o que atenuam (linear, de tor\u00e7\u00e3o ou misto). Inova\u00e7\u00e3o e criatividade aliadas a ferramentas de valida\u00e7\u00e3o anal\u00edticas e emp\u00edricas s\u00e3o os principais fatores que distinguem a Dayco como l\u00edder t\u00e9cnico nesta \u00e1rea. O amortecedor com correia englobada (RBD), o amortecedor de tubo interno radial (ITD Radial) e o amortecedor de infravermelho de baixa frequ\u00eancia (LFGD) s\u00e3o exemplos de como a Dayco \u00e9 h\u00e1bil, original e inventiva na forma como desenvolve solu\u00e7\u00f5es para os clientes.<\/p>\n<p>A Dayco est\u00e1 claramente acima da concorr\u00eancia na sua capacidade de projetar amortecedores multimodais utilizando um \u00fanico sistema de mola de massa. Isto \u00e9 poss\u00edvel gra\u00e7as a um algoritmo de software pr\u00f3prio que \u00e9 incompar\u00e1vel na ind\u00fastria pela sua velocidade e capacidade, permitindo, portanto, o r\u00e1pido desenvolvimento de pe\u00e7as com custo e peso efetivo. Uma vez que s\u00e3o desenvolvidos analiticamente, os amortecedores Dayco da linha de transmiss\u00e3o s\u00e3o submetidos a testes de desempenho e durabilidade para garantir a robustez na aplica\u00e7\u00e3o.<\/p>\n","protected":false},"excerpt":{"rendered":"<p>A Dayco tem uma longa hist\u00f3ria de projeta\u00e7\u00e3o e fabrica\u00e7\u00e3o de amortecedores da linha de transmiss\u00e3o e reconhece os requisitos r\u00edgidos dos clientes desta mesma linha. Tais amortecedores s\u00e3o projetados especificamente para o modo de vibra\u00e7\u00e3o que atenuam (linear, de tor\u00e7\u00e3o ou misto). Inova\u00e7\u00e3o e criatividade aliadas a ferramentas de valida\u00e7\u00e3o anal\u00edticas e emp\u00edricas s\u00e3o os principais fatores que distinguem a Dayco como l\u00edder t\u00e9cnico&#8230;<\/p>\n","protected":false},"featured_media":52663,"template":"","meta":[],"product_cat":[283],"product_tag":[],"yoast_head":"<!-- This site is optimized with the Yoast SEO plugin v22.4 - https:\/\/yoast.com\/wordpress\/plugins\/seo\/ -->\n<title>Amortecedores da Linha de Transmiss\u00e3o | Propulsion Solutions<\/title>\n<meta name=\"robots\" content=\"noindex, follow, max-snippet:-1, max-image-preview:large, max-video-preview:-1\" \/>\n<meta property=\"og:locale\" content=\"pt_BR\" \/>\n<meta property=\"og:type\" content=\"article\" \/>\n<meta property=\"og:title\" content=\"Amortecedores da Linha de Transmiss\u00e3o | Propulsion Solutions\" \/>\n<meta property=\"og:description\" content=\"A Dayco tem uma longa hist\u00f3ria de projeta\u00e7\u00e3o e fabrica\u00e7\u00e3o de amortecedores da linha de transmiss\u00e3o e reconhece os requisitos r\u00edgidos dos clientes desta mesma linha. Tais amortecedores s\u00e3o projetados especificamente para o modo de vibra\u00e7\u00e3o que atenuam (linear, de tor\u00e7\u00e3o ou misto). Inova\u00e7\u00e3o e criatividade aliadas a ferramentas de valida\u00e7\u00e3o anal\u00edticas e emp\u00edricas s\u00e3o os principais fatores que distinguem a Dayco como l\u00edder t\u00e9cnico...\" \/>\n<meta property=\"og:url\" content=\"https:\/\/uncommonegg.com\/dayco\/pt\/produto\/amortecedores-da-linha-de-transmissao\/\" \/>\n<meta property=\"og:site_name\" content=\"Propulsion Solutions\" \/>\n<meta property=\"article:publisher\" content=\"https:\/\/www.facebook.com\/DaycoOfficial\/\" \/>\n<meta property=\"article:modified_time\" content=\"2018-07-16T12:06:34+00:00\" \/>\n<meta property=\"og:image\" content=\"https:\/\/uncommonegg.com\/dayco\/wp-content\/uploads\/Driveline-Damp-1.jpg\" \/>\n\t<meta property=\"og:image:width\" content=\"609\" \/>\n\t<meta property=\"og:image:height\" content=\"356\" \/>\n\t<meta property=\"og:image:type\" content=\"image\/jpeg\" \/>\n<meta name=\"twitter:card\" content=\"summary_large_image\" \/>\n<meta name=\"twitter:site\" content=\"@DaycoOfficial\" \/>\n<meta name=\"twitter:label1\" content=\"Pre\u00e7o\" \/>\n\t<meta name=\"twitter:data1\" content=\"\" \/>\n\t<meta name=\"twitter:label2\" content=\"Disponibilidade\" \/>\n\t<meta name=\"twitter:data2\" content=\"Em Estoque\" \/>\n<script type=\"application\/ld+json\" class=\"yoast-schema-graph\">{\"@context\":\"https:\/\/schema.org\",\"@graph\":[{\"@type\":[\"WebPage\",\"ItemPage\"],\"@id\":\"https:\/\/uncommonegg.com\/dayco\/pt\/produto\/amortecedores-da-linha-de-transmissao\/\",\"url\":\"https:\/\/uncommonegg.com\/dayco\/pt\/produto\/amortecedores-da-linha-de-transmissao\/\",\"name\":\"Amortecedores da Linha de Transmiss\u00e3o | Propulsion Solutions\",\"isPartOf\":{\"@id\":\"https:\/\/uncommonegg.com\/dayco\/pt\/#website\"},\"primaryImageOfPage\":{\"@id\":\"https:\/\/uncommonegg.com\/dayco\/pt\/produto\/amortecedores-da-linha-de-transmissao\/#primaryimage\"},\"image\":{\"@id\":\"https:\/\/uncommonegg.com\/dayco\/pt\/produto\/amortecedores-da-linha-de-transmissao\/#primaryimage\"},\"thumbnailUrl\":\"https:\/\/uncommonegg.com\/dayco\/wp-content\/uploads\/Driveline-Damp-1.jpg\",\"datePublished\":\"2018-05-18T09:58:12+00:00\",\"dateModified\":\"2018-07-16T12:06:34+00:00\",\"breadcrumb\":{\"@id\":\"https:\/\/uncommonegg.com\/dayco\/pt\/produto\/amortecedores-da-linha-de-transmissao\/#breadcrumb\"},\"inLanguage\":\"pt-BR\",\"potentialAction\":[{\"@type\":\"ReadAction\",\"target\":[\"https:\/\/uncommonegg.com\/dayco\/pt\/produto\/amortecedores-da-linha-de-transmissao\/\"]}]},{\"@type\":\"ImageObject\",\"inLanguage\":\"pt-BR\",\"@id\":\"https:\/\/uncommonegg.com\/dayco\/pt\/produto\/amortecedores-da-linha-de-transmissao\/#primaryimage\",\"url\":\"https:\/\/uncommonegg.com\/dayco\/wp-content\/uploads\/Driveline-Damp-1.jpg\",\"contentUrl\":\"https:\/\/uncommonegg.com\/dayco\/wp-content\/uploads\/Driveline-Damp-1.jpg\",\"width\":609,\"height\":356,\"caption\":\"Driveline Damp 1\"},{\"@type\":\"BreadcrumbList\",\"@id\":\"https:\/\/uncommonegg.com\/dayco\/pt\/produto\/amortecedores-da-linha-de-transmissao\/#breadcrumb\",\"itemListElement\":[{\"@type\":\"ListItem\",\"position\":1,\"name\":\"In\u00edcio\",\"item\":\"https:\/\/uncommonegg.com\/dayco\/pt\/home\/\"},{\"@type\":\"ListItem\",\"position\":2,\"name\":\"Produtos\",\"item\":\"https:\/\/uncommonegg.com\/dayco\/pt\/produtos\/\"},{\"@type\":\"ListItem\",\"position\":3,\"name\":\"Amortecedores da Linha de Transmiss\u00e3o\"}]},{\"@type\":\"WebSite\",\"@id\":\"https:\/\/uncommonegg.com\/dayco\/pt\/#website\",\"url\":\"https:\/\/uncommonegg.com\/dayco\/pt\/\",\"name\":\"Propulsion Solutions\",\"description\":\"Move Forward. Always.\u2122\",\"publisher\":{\"@id\":\"https:\/\/uncommonegg.com\/dayco\/pt\/#organization\"},\"alternateName\":\"Propulsion Solutions\",\"potentialAction\":[{\"@type\":\"SearchAction\",\"target\":{\"@type\":\"EntryPoint\",\"urlTemplate\":\"https:\/\/uncommonegg.com\/dayco\/pt\/?s={search_term_string}\"},\"query-input\":\"required name=search_term_string\"}],\"inLanguage\":\"pt-BR\"},{\"@type\":\"Organization\",\"@id\":\"https:\/\/uncommonegg.com\/dayco\/pt\/#organization\",\"name\":\"Dayco Corporate\",\"alternateName\":\"Propulsion Solutions\",\"url\":\"https:\/\/uncommonegg.com\/dayco\/pt\/\",\"logo\":{\"@type\":\"ImageObject\",\"inLanguage\":\"pt-BR\",\"@id\":\"https:\/\/uncommonegg.com\/dayco\/pt\/#\/schema\/logo\/image\/\",\"url\":\"http:\/\/uncommonegg.com\/dayco\/wp-content\/uploads\/2024\/01\/PS-Logo-SEO2.jpg\",\"contentUrl\":\"http:\/\/uncommonegg.com\/dayco\/wp-content\/uploads\/2024\/01\/PS-Logo-SEO2.jpg\",\"width\":696,\"height\":696,\"caption\":\"Dayco Corporate\"},\"image\":{\"@id\":\"https:\/\/uncommonegg.com\/dayco\/pt\/#\/schema\/logo\/image\/\"},\"sameAs\":[\"https:\/\/www.facebook.com\/DaycoOfficial\/\",\"https:\/\/twitter.com\/DaycoOfficial\",\"https:\/\/www.instagram.com\/daycoofficial\/\",\"https:\/\/www.linkedin.com\/company\/daycoofficial\/\",\"https:\/\/www.youtube.com\/DaycoOfficial\",\"https:\/\/en.wikipedia.org\/wiki\/Dayco\"]}]}<\/script>\n<meta property=\"product:brand\" content=\"Ve\u00edculos Leves OE\" \/>\n<meta property=\"product:price:amount\" content=\"0.00\" \/>\n<meta property=\"product:price:currency\" content=\"EUR\" \/>\n<meta property=\"og:availability\" content=\"instock\" \/>\n<meta property=\"product:availability\" content=\"instock\" \/>\n<meta property=\"product:retailer_item_id\" content=\"DMPLD\" \/>\n<meta property=\"product:condition\" content=\"new\" \/>\n<!-- \/ Yoast SEO plugin. -->","yoast_head_json":{"title":"Amortecedores da Linha de Transmiss\u00e3o | Propulsion Solutions","robots":{"index":"noindex","follow":"follow","max-snippet":"max-snippet:-1","max-image-preview":"max-image-preview:large","max-video-preview":"max-video-preview:-1"},"og_locale":"pt_BR","og_type":"article","og_title":"Amortecedores da Linha de Transmiss\u00e3o | Propulsion Solutions","og_description":"A Dayco tem uma longa hist\u00f3ria de projeta\u00e7\u00e3o e fabrica\u00e7\u00e3o de amortecedores da linha de transmiss\u00e3o e reconhece os requisitos r\u00edgidos dos clientes desta mesma linha. Tais amortecedores s\u00e3o projetados especificamente para o modo de vibra\u00e7\u00e3o que atenuam (linear, de tor\u00e7\u00e3o ou misto). Inova\u00e7\u00e3o e criatividade aliadas a ferramentas de valida\u00e7\u00e3o anal\u00edticas e emp\u00edricas s\u00e3o os principais fatores que distinguem a Dayco como l\u00edder t\u00e9cnico...","og_url":"https:\/\/uncommonegg.com\/dayco\/pt\/produto\/amortecedores-da-linha-de-transmissao\/","og_site_name":"Propulsion Solutions","article_publisher":"https:\/\/www.facebook.com\/DaycoOfficial\/","article_modified_time":"2018-07-16T12:06:34+00:00","og_image":[{"width":609,"height":356,"url":"https:\/\/uncommonegg.com\/dayco\/wp-content\/uploads\/Driveline-Damp-1.jpg","type":"image\/jpeg"}],"twitter_card":"summary_large_image","twitter_site":"@DaycoOfficial","twitter_misc":{"Pre\u00e7o":"","Disponibilidade":"Em Estoque"},"schema":{"@context":"https:\/\/schema.org","@graph":[{"@type":["WebPage","ItemPage"],"@id":"https:\/\/uncommonegg.com\/dayco\/pt\/produto\/amortecedores-da-linha-de-transmissao\/","url":"https:\/\/uncommonegg.com\/dayco\/pt\/produto\/amortecedores-da-linha-de-transmissao\/","name":"Amortecedores da Linha de Transmiss\u00e3o | Propulsion Solutions","isPartOf":{"@id":"https:\/\/uncommonegg.com\/dayco\/pt\/#website"},"primaryImageOfPage":{"@id":"https:\/\/uncommonegg.com\/dayco\/pt\/produto\/amortecedores-da-linha-de-transmissao\/#primaryimage"},"image":{"@id":"https:\/\/uncommonegg.com\/dayco\/pt\/produto\/amortecedores-da-linha-de-transmissao\/#primaryimage"},"thumbnailUrl":"https:\/\/uncommonegg.com\/dayco\/wp-content\/uploads\/Driveline-Damp-1.jpg","datePublished":"2018-05-18T09:58:12+00:00","dateModified":"2018-07-16T12:06:34+00:00","breadcrumb":{"@id":"https:\/\/uncommonegg.com\/dayco\/pt\/produto\/amortecedores-da-linha-de-transmissao\/#breadcrumb"},"inLanguage":"pt-BR","potentialAction":[{"@type":"ReadAction","target":["https:\/\/uncommonegg.com\/dayco\/pt\/produto\/amortecedores-da-linha-de-transmissao\/"]}]},{"@type":"ImageObject","inLanguage":"pt-BR","@id":"https:\/\/uncommonegg.com\/dayco\/pt\/produto\/amortecedores-da-linha-de-transmissao\/#primaryimage","url":"https:\/\/uncommonegg.com\/dayco\/wp-content\/uploads\/Driveline-Damp-1.jpg","contentUrl":"https:\/\/uncommonegg.com\/dayco\/wp-content\/uploads\/Driveline-Damp-1.jpg","width":609,"height":356,"caption":"Driveline Damp 1"},{"@type":"BreadcrumbList","@id":"https:\/\/uncommonegg.com\/dayco\/pt\/produto\/amortecedores-da-linha-de-transmissao\/#breadcrumb","itemListElement":[{"@type":"ListItem","position":1,"name":"In\u00edcio","item":"https:\/\/uncommonegg.com\/dayco\/pt\/home\/"},{"@type":"ListItem","position":2,"name":"Produtos","item":"https:\/\/uncommonegg.com\/dayco\/pt\/produtos\/"},{"@type":"ListItem","position":3,"name":"Amortecedores da Linha de Transmiss\u00e3o"}]},{"@type":"WebSite","@id":"https:\/\/uncommonegg.com\/dayco\/pt\/#website","url":"https:\/\/uncommonegg.com\/dayco\/pt\/","name":"Propulsion Solutions","description":"Move Forward. Always.\u2122","publisher":{"@id":"https:\/\/uncommonegg.com\/dayco\/pt\/#organization"},"alternateName":"Propulsion Solutions","potentialAction":[{"@type":"SearchAction","target":{"@type":"EntryPoint","urlTemplate":"https:\/\/uncommonegg.com\/dayco\/pt\/?s={search_term_string}"},"query-input":"required name=search_term_string"}],"inLanguage":"pt-BR"},{"@type":"Organization","@id":"https:\/\/uncommonegg.com\/dayco\/pt\/#organization","name":"Dayco Corporate","alternateName":"Propulsion Solutions","url":"https:\/\/uncommonegg.com\/dayco\/pt\/","logo":{"@type":"ImageObject","inLanguage":"pt-BR","@id":"https:\/\/uncommonegg.com\/dayco\/pt\/#\/schema\/logo\/image\/","url":"http:\/\/uncommonegg.com\/dayco\/wp-content\/uploads\/2024\/01\/PS-Logo-SEO2.jpg","contentUrl":"http:\/\/uncommonegg.com\/dayco\/wp-content\/uploads\/2024\/01\/PS-Logo-SEO2.jpg","width":696,"height":696,"caption":"Dayco Corporate"},"image":{"@id":"https:\/\/uncommonegg.com\/dayco\/pt\/#\/schema\/logo\/image\/"},"sameAs":["https:\/\/www.facebook.com\/DaycoOfficial\/","https:\/\/twitter.com\/DaycoOfficial","https:\/\/www.instagram.com\/daycoofficial\/","https:\/\/www.linkedin.com\/company\/daycoofficial\/","https:\/\/www.youtube.com\/DaycoOfficial","https:\/\/en.wikipedia.org\/wiki\/Dayco"]}]},"product_brand":"Ve\u00edculos Leves OE","product_price_amount":"0.00","product_price_currency":"EUR","og_availability":"instock","product_availability":"instock","product_retailer_item_id":"DMPLD","product_condition":"new"},"_links":{"self":[{"href":"https:\/\/uncommonegg.com\/dayco\/pt\/wp-json\/wp\/v2\/product\/55724"}],"collection":[{"href":"https:\/\/uncommonegg.com\/dayco\/pt\/wp-json\/wp\/v2\/product"}],"about":[{"href":"https:\/\/uncommonegg.com\/dayco\/pt\/wp-json\/wp\/v2\/types\/product"}],"wp:featuredmedia":[{"embeddable":true,"href":"https:\/\/uncommonegg.com\/dayco\/pt\/wp-json\/wp\/v2\/media\/52663"}],"wp:attachment":[{"href":"https:\/\/uncommonegg.com\/dayco\/pt\/wp-json\/wp\/v2\/media?parent=55724"}],"wp:term":[{"taxonomy":"product_cat","embeddable":true,"href":"https:\/\/uncommonegg.com\/dayco\/pt\/wp-json\/wp\/v2\/product_cat?post=55724"},{"taxonomy":"product_tag","embeddable":true,"href":"https:\/\/uncommonegg.com\/dayco\/pt\/wp-json\/wp\/v2\/product_tag?post=55724"}],"curies":[{"name":"wp","href":"https:\/\/api.w.org\/{rel}","templated":true}]}}