{"id":129069,"date":"2023-05-08T18:13:06","date_gmt":"2023-05-08T16:13:06","guid":{"rendered":"http:\/\/uncommonegg.com\/dayco\/product\/alternator-decoupler-pulley-adp\/"},"modified":"2023-05-09T09:49:15","modified_gmt":"2023-05-09T07:49:15","slug":"alternator-decoupler-pulley-adp","status":"publish","type":"product","link":"https:\/\/uncommonegg.com\/dayco\/pt\/produto\/alternator-decoupler-pulley-adp\/","title":{"rendered":"Polia Desacopladora do Alternador (ADP)"},"content":{"rendered":"<p><strong>Aplica\u00e7\u00f5es: <\/strong>Autom\u00f3veis de passageiros, autom\u00f3veis Premium e de desempenho e ve\u00edculos comerciais Ligeiros (Ve\u00edculos H\u00edbridos e MCI)<\/p>\n<p>A Dayco expande as suas ofertas de produtos com polias desacopladoras de alternador (PDA) premium para satisfazer os principais fabricantes mundiais de alternadores e autom\u00f3veis. A PDA de engenharia robusta da Dayco satisfaz os requisitos rigorosos do cliente e define a refer\u00eancia do setor em termos de durabilidade, RVA (ru\u00eddo, vibra\u00e7\u00e3o e aspereza) e consumo de combust\u00edvel. Com mais de 115 anos de sucesso no fornecimento de inova\u00e7\u00e3o para os mercados autom\u00f3vel, ve\u00edculos pesados e industrial, a Dayco agora traz tecnologia de ponta de polia desacopladora de alternador para o setor de ve\u00edculos ligeiros.<\/p>\n<p><strong>Carater\u00edsticas\/Benef\u00edcios:<\/strong><\/p>\n<ul>\n<li>Tecnologia comprovada e testada que supera todos os benchmarks do setor<\/li>\n<li>Projetado para reduzir a tens\u00e3o din\u00e2mica da correia e carga<\/li>\n<li>Isolamento de vibra\u00e7\u00e3o ideal, Ru\u00eddo, Vibra\u00e7\u00e3o e Aspereza (RVA) aprimorados e dur\u00e1veis<\/li>\n<li>Melhorado o comportamento din\u00e2mico durante a partida e paragem do motor<\/li>\n<li>Aumento da vida \u00fatil dos componentes de acionamento de acess\u00f3rios, com o consequente aumento do tempo de atividade e efici\u00eancia do sistema<\/li>\n<\/ul>\n<p><strong>Mais-valia para os Clientes:<\/strong><\/p>\n<ul>\n<li>Capacidade de I&amp;D e testes a n\u00edvel mundial com presen\u00e7a de produ\u00e7\u00e3o local<\/li>\n<li>Tecnologia competitiva l\u00edder de mercado com experi\u00eancia e suporte em sistema de transmiss\u00e3o por correia completa (FEAD)<\/li>\n<li>Entrega aos principais fabricantes de alternadores e autom\u00f3veis em todo o mundo<\/li>\n<li>Custo total de propriedade reduzido<\/li>\n<\/ul>\n","protected":false},"excerpt":{"rendered":"<p>Aplica\u00e7\u00f5es: Autom\u00f3veis de passageiros, autom\u00f3veis Premium e de desempenho e ve\u00edculos comerciais Ligeiros (Ve\u00edculos H\u00edbridos e MCI) A Dayco expande as suas ofertas de produtos com polias desacopladoras de alternador (PDA) premium para satisfazer os principais fabricantes mundiais de alternadores e autom\u00f3veis. A PDA de engenharia robusta da Dayco satisfaz os requisitos rigorosos do cliente e define a refer\u00eancia do setor em termos de durabilidade,&#8230;<\/p>\n","protected":false},"featured_media":128974,"template":"","meta":[],"product_cat":[283],"product_tag":[],"yoast_head":"<!-- This site is optimized with the Yoast SEO plugin v22.4 - https:\/\/yoast.com\/wordpress\/plugins\/seo\/ -->\n<title>Polia Desacopladora do Alternador (ADP) | Propulsion Solutions<\/title>\n<meta name=\"description\" content=\"A Dayco expande as suas ofertas de produtos com polias desacopladoras de alternador (PDA) premium para satisfazer os principais fabricantes mundiais de alternadores e autom\u00f3veis\" \/>\n<meta name=\"robots\" content=\"noindex, follow, max-snippet:-1, max-image-preview:large, max-video-preview:-1\" \/>\n<meta property=\"og:locale\" content=\"pt_BR\" \/>\n<meta property=\"og:type\" content=\"article\" \/>\n<meta property=\"og:title\" content=\"Polia Desacopladora do Alternador (ADP) | Propulsion Solutions\" \/>\n<meta property=\"og:description\" content=\"A Dayco expande as suas ofertas de produtos com polias desacopladoras de alternador (PDA) premium para satisfazer os principais fabricantes mundiais de alternadores e autom\u00f3veis\" \/>\n<meta property=\"og:url\" content=\"https:\/\/uncommonegg.com\/dayco\/pt\/produto\/alternator-decoupler-pulley-adp\/\" \/>\n<meta property=\"og:site_name\" content=\"Propulsion Solutions\" \/>\n<meta property=\"article:publisher\" content=\"https:\/\/www.facebook.com\/DaycoOfficial\/\" \/>\n<meta property=\"article:modified_time\" content=\"2023-05-09T07:49:15+00:00\" \/>\n<meta property=\"og:image\" content=\"https:\/\/uncommonegg.com\/dayco\/wp-content\/uploads\/2023\/05\/ADP-1.jpg\" \/>\n\t<meta property=\"og:image:width\" content=\"609\" \/>\n\t<meta property=\"og:image:height\" content=\"356\" \/>\n\t<meta property=\"og:image:type\" content=\"image\/jpeg\" \/>\n<meta name=\"twitter:card\" content=\"summary_large_image\" \/>\n<meta name=\"twitter:site\" content=\"@DaycoOfficial\" \/>\n<meta name=\"twitter:label1\" content=\"Pre\u00e7o\" \/>\n\t<meta name=\"twitter:data1\" content=\"\" \/>\n\t<meta name=\"twitter:label2\" content=\"Disponibilidade\" \/>\n\t<meta name=\"twitter:data2\" content=\"Em Estoque\" \/>\n<script type=\"application\/ld+json\" class=\"yoast-schema-graph\">{\"@context\":\"https:\/\/schema.org\",\"@graph\":[{\"@type\":[\"WebPage\",\"ItemPage\"],\"@id\":\"https:\/\/uncommonegg.com\/dayco\/pt\/produto\/alternator-decoupler-pulley-adp\/\",\"url\":\"https:\/\/uncommonegg.com\/dayco\/pt\/produto\/alternator-decoupler-pulley-adp\/\",\"name\":\"Polia Desacopladora do Alternador (ADP) | Propulsion Solutions\",\"isPartOf\":{\"@id\":\"https:\/\/uncommonegg.com\/dayco\/pt\/#website\"},\"primaryImageOfPage\":{\"@id\":\"https:\/\/uncommonegg.com\/dayco\/pt\/produto\/alternator-decoupler-pulley-adp\/#primaryimage\"},\"image\":{\"@id\":\"https:\/\/uncommonegg.com\/dayco\/pt\/produto\/alternator-decoupler-pulley-adp\/#primaryimage\"},\"thumbnailUrl\":\"https:\/\/uncommonegg.com\/dayco\/wp-content\/uploads\/2023\/05\/ADP-1.jpg\",\"datePublished\":\"2023-05-08T16:13:06+00:00\",\"dateModified\":\"2023-05-09T07:49:15+00:00\",\"description\":\"A Dayco expande as suas ofertas de produtos com polias desacopladoras de alternador (PDA) premium para satisfazer os principais fabricantes mundiais de alternadores e autom\u00f3veis\",\"breadcrumb\":{\"@id\":\"https:\/\/uncommonegg.com\/dayco\/pt\/produto\/alternator-decoupler-pulley-adp\/#breadcrumb\"},\"inLanguage\":\"pt-BR\",\"potentialAction\":[{\"@type\":\"ReadAction\",\"target\":[\"https:\/\/uncommonegg.com\/dayco\/pt\/produto\/alternator-decoupler-pulley-adp\/\"]}]},{\"@type\":\"ImageObject\",\"inLanguage\":\"pt-BR\",\"@id\":\"https:\/\/uncommonegg.com\/dayco\/pt\/produto\/alternator-decoupler-pulley-adp\/#primaryimage\",\"url\":\"https:\/\/uncommonegg.com\/dayco\/wp-content\/uploads\/2023\/05\/ADP-1.jpg\",\"contentUrl\":\"https:\/\/uncommonegg.com\/dayco\/wp-content\/uploads\/2023\/05\/ADP-1.jpg\",\"width\":609,\"height\":356},{\"@type\":\"BreadcrumbList\",\"@id\":\"https:\/\/uncommonegg.com\/dayco\/pt\/produto\/alternator-decoupler-pulley-adp\/#breadcrumb\",\"itemListElement\":[{\"@type\":\"ListItem\",\"position\":1,\"name\":\"In\u00edcio\",\"item\":\"https:\/\/uncommonegg.com\/dayco\/pt\/home\/\"},{\"@type\":\"ListItem\",\"position\":2,\"name\":\"Produtos\",\"item\":\"https:\/\/uncommonegg.com\/dayco\/pt\/produtos\/\"},{\"@type\":\"ListItem\",\"position\":3,\"name\":\"Polia Desacopladora do Alternador (ADP)\"}]},{\"@type\":\"WebSite\",\"@id\":\"https:\/\/uncommonegg.com\/dayco\/pt\/#website\",\"url\":\"https:\/\/uncommonegg.com\/dayco\/pt\/\",\"name\":\"Propulsion Solutions\",\"description\":\"Move Forward. Always.\u2122\",\"publisher\":{\"@id\":\"https:\/\/uncommonegg.com\/dayco\/pt\/#organization\"},\"alternateName\":\"Propulsion Solutions\",\"potentialAction\":[{\"@type\":\"SearchAction\",\"target\":{\"@type\":\"EntryPoint\",\"urlTemplate\":\"https:\/\/uncommonegg.com\/dayco\/pt\/?s={search_term_string}\"},\"query-input\":\"required name=search_term_string\"}],\"inLanguage\":\"pt-BR\"},{\"@type\":\"Organization\",\"@id\":\"https:\/\/uncommonegg.com\/dayco\/pt\/#organization\",\"name\":\"Dayco Corporate\",\"alternateName\":\"Propulsion Solutions\",\"url\":\"https:\/\/uncommonegg.com\/dayco\/pt\/\",\"logo\":{\"@type\":\"ImageObject\",\"inLanguage\":\"pt-BR\",\"@id\":\"https:\/\/uncommonegg.com\/dayco\/pt\/#\/schema\/logo\/image\/\",\"url\":\"http:\/\/uncommonegg.com\/dayco\/wp-content\/uploads\/2024\/01\/PS-Logo-SEO2.jpg\",\"contentUrl\":\"http:\/\/uncommonegg.com\/dayco\/wp-content\/uploads\/2024\/01\/PS-Logo-SEO2.jpg\",\"width\":696,\"height\":696,\"caption\":\"Dayco Corporate\"},\"image\":{\"@id\":\"https:\/\/uncommonegg.com\/dayco\/pt\/#\/schema\/logo\/image\/\"},\"sameAs\":[\"https:\/\/www.facebook.com\/DaycoOfficial\/\",\"https:\/\/twitter.com\/DaycoOfficial\",\"https:\/\/www.instagram.com\/daycoofficial\/\",\"https:\/\/www.linkedin.com\/company\/daycoofficial\/\",\"https:\/\/www.youtube.com\/DaycoOfficial\",\"https:\/\/en.wikipedia.org\/wiki\/Dayco\"]}]}<\/script>\n<meta property=\"product:brand\" content=\"Ve\u00edculos Leves OE\" \/>\n<meta property=\"product:price:amount\" content=\"0.00\" \/>\n<meta property=\"product:price:currency\" content=\"EUR\" \/>\n<meta property=\"og:availability\" content=\"instock\" \/>\n<meta property=\"product:availability\" content=\"instock\" \/>\n<meta property=\"product:retailer_item_id\" content=\"ADP\" \/>\n<meta property=\"product:condition\" content=\"new\" \/>\n<!-- \/ Yoast SEO plugin. -->","yoast_head_json":{"title":"Polia Desacopladora do Alternador (ADP) | Propulsion Solutions","description":"A Dayco expande as suas ofertas de produtos com polias desacopladoras de alternador (PDA) premium para satisfazer os principais fabricantes mundiais de alternadores e autom\u00f3veis","robots":{"index":"noindex","follow":"follow","max-snippet":"max-snippet:-1","max-image-preview":"max-image-preview:large","max-video-preview":"max-video-preview:-1"},"og_locale":"pt_BR","og_type":"article","og_title":"Polia Desacopladora do Alternador (ADP) | Propulsion Solutions","og_description":"A Dayco expande as suas ofertas de produtos com polias desacopladoras de alternador (PDA) premium para satisfazer os principais fabricantes mundiais de alternadores e autom\u00f3veis","og_url":"https:\/\/uncommonegg.com\/dayco\/pt\/produto\/alternator-decoupler-pulley-adp\/","og_site_name":"Propulsion Solutions","article_publisher":"https:\/\/www.facebook.com\/DaycoOfficial\/","article_modified_time":"2023-05-09T07:49:15+00:00","og_image":[{"width":609,"height":356,"url":"https:\/\/uncommonegg.com\/dayco\/wp-content\/uploads\/2023\/05\/ADP-1.jpg","type":"image\/jpeg"}],"twitter_card":"summary_large_image","twitter_site":"@DaycoOfficial","twitter_misc":{"Pre\u00e7o":"","Disponibilidade":"Em Estoque"},"schema":{"@context":"https:\/\/schema.org","@graph":[{"@type":["WebPage","ItemPage"],"@id":"https:\/\/uncommonegg.com\/dayco\/pt\/produto\/alternator-decoupler-pulley-adp\/","url":"https:\/\/uncommonegg.com\/dayco\/pt\/produto\/alternator-decoupler-pulley-adp\/","name":"Polia Desacopladora do Alternador (ADP) | Propulsion Solutions","isPartOf":{"@id":"https:\/\/uncommonegg.com\/dayco\/pt\/#website"},"primaryImageOfPage":{"@id":"https:\/\/uncommonegg.com\/dayco\/pt\/produto\/alternator-decoupler-pulley-adp\/#primaryimage"},"image":{"@id":"https:\/\/uncommonegg.com\/dayco\/pt\/produto\/alternator-decoupler-pulley-adp\/#primaryimage"},"thumbnailUrl":"https:\/\/uncommonegg.com\/dayco\/wp-content\/uploads\/2023\/05\/ADP-1.jpg","datePublished":"2023-05-08T16:13:06+00:00","dateModified":"2023-05-09T07:49:15+00:00","description":"A Dayco expande as suas ofertas de produtos com polias desacopladoras de alternador (PDA) premium para satisfazer os principais fabricantes mundiais de alternadores e autom\u00f3veis","breadcrumb":{"@id":"https:\/\/uncommonegg.com\/dayco\/pt\/produto\/alternator-decoupler-pulley-adp\/#breadcrumb"},"inLanguage":"pt-BR","potentialAction":[{"@type":"ReadAction","target":["https:\/\/uncommonegg.com\/dayco\/pt\/produto\/alternator-decoupler-pulley-adp\/"]}]},{"@type":"ImageObject","inLanguage":"pt-BR","@id":"https:\/\/uncommonegg.com\/dayco\/pt\/produto\/alternator-decoupler-pulley-adp\/#primaryimage","url":"https:\/\/uncommonegg.com\/dayco\/wp-content\/uploads\/2023\/05\/ADP-1.jpg","contentUrl":"https:\/\/uncommonegg.com\/dayco\/wp-content\/uploads\/2023\/05\/ADP-1.jpg","width":609,"height":356},{"@type":"BreadcrumbList","@id":"https:\/\/uncommonegg.com\/dayco\/pt\/produto\/alternator-decoupler-pulley-adp\/#breadcrumb","itemListElement":[{"@type":"ListItem","position":1,"name":"In\u00edcio","item":"https:\/\/uncommonegg.com\/dayco\/pt\/home\/"},{"@type":"ListItem","position":2,"name":"Produtos","item":"https:\/\/uncommonegg.com\/dayco\/pt\/produtos\/"},{"@type":"ListItem","position":3,"name":"Polia Desacopladora do Alternador (ADP)"}]},{"@type":"WebSite","@id":"https:\/\/uncommonegg.com\/dayco\/pt\/#website","url":"https:\/\/uncommonegg.com\/dayco\/pt\/","name":"Propulsion Solutions","description":"Move Forward. Always.\u2122","publisher":{"@id":"https:\/\/uncommonegg.com\/dayco\/pt\/#organization"},"alternateName":"Propulsion Solutions","potentialAction":[{"@type":"SearchAction","target":{"@type":"EntryPoint","urlTemplate":"https:\/\/uncommonegg.com\/dayco\/pt\/?s={search_term_string}"},"query-input":"required name=search_term_string"}],"inLanguage":"pt-BR"},{"@type":"Organization","@id":"https:\/\/uncommonegg.com\/dayco\/pt\/#organization","name":"Dayco Corporate","alternateName":"Propulsion Solutions","url":"https:\/\/uncommonegg.com\/dayco\/pt\/","logo":{"@type":"ImageObject","inLanguage":"pt-BR","@id":"https:\/\/uncommonegg.com\/dayco\/pt\/#\/schema\/logo\/image\/","url":"http:\/\/uncommonegg.com\/dayco\/wp-content\/uploads\/2024\/01\/PS-Logo-SEO2.jpg","contentUrl":"http:\/\/uncommonegg.com\/dayco\/wp-content\/uploads\/2024\/01\/PS-Logo-SEO2.jpg","width":696,"height":696,"caption":"Dayco Corporate"},"image":{"@id":"https:\/\/uncommonegg.com\/dayco\/pt\/#\/schema\/logo\/image\/"},"sameAs":["https:\/\/www.facebook.com\/DaycoOfficial\/","https:\/\/twitter.com\/DaycoOfficial","https:\/\/www.instagram.com\/daycoofficial\/","https:\/\/www.linkedin.com\/company\/daycoofficial\/","https:\/\/www.youtube.com\/DaycoOfficial","https:\/\/en.wikipedia.org\/wiki\/Dayco"]}]},"product_brand":"Ve\u00edculos Leves OE","product_price_amount":"0.00","product_price_currency":"EUR","og_availability":"instock","product_availability":"instock","product_retailer_item_id":"ADP","product_condition":"new"},"_links":{"self":[{"href":"https:\/\/uncommonegg.com\/dayco\/pt\/wp-json\/wp\/v2\/product\/129069"}],"collection":[{"href":"https:\/\/uncommonegg.com\/dayco\/pt\/wp-json\/wp\/v2\/product"}],"about":[{"href":"https:\/\/uncommonegg.com\/dayco\/pt\/wp-json\/wp\/v2\/types\/product"}],"wp:featuredmedia":[{"embeddable":true,"href":"https:\/\/uncommonegg.com\/dayco\/pt\/wp-json\/wp\/v2\/media\/128974"}],"wp:attachment":[{"href":"https:\/\/uncommonegg.com\/dayco\/pt\/wp-json\/wp\/v2\/media?parent=129069"}],"wp:term":[{"taxonomy":"product_cat","embeddable":true,"href":"https:\/\/uncommonegg.com\/dayco\/pt\/wp-json\/wp\/v2\/product_cat?post=129069"},{"taxonomy":"product_tag","embeddable":true,"href":"https:\/\/uncommonegg.com\/dayco\/pt\/wp-json\/wp\/v2\/product_tag?post=129069"}],"curies":[{"name":"wp","href":"https:\/\/api.w.org\/{rel}","templated":true}]}}