{"id":114994,"date":"2022-03-17T09:34:46","date_gmt":"2022-03-17T08:34:46","guid":{"rendered":"http:\/\/uncommonegg.com\/dayco\/product\/dayco-hybrid-module-p1\/"},"modified":"2022-03-25T14:37:34","modified_gmt":"2022-03-25T13:37:34","slug":"dayco-hybrid-module-p1","status":"publish","type":"product","link":"https:\/\/uncommonegg.com\/dayco\/pt\/produto\/dayco-hybrid-module-p1\/","title":{"rendered":"M\u00f3dulo H\u00edbrido Dayco &#8211; P1"},"content":{"rendered":"<p><strong>Aplica\u00e7\u00f5es: <\/strong>Autom\u00f3veis de passageiros, autom\u00f3veis premium e de desempenho, ve\u00edculos comerciais leves, ve\u00edculos comerciais m\u00e9dios e pesados, equipamentos agr\u00edcolas e equipamentos de constru\u00e7\u00e3o<\/p>\n<p><img loading=\"lazy\" decoding=\"async\" class=\"size-full wp-image-114436 alignright\" src=\"http:\/\/uncommonegg.com\/dayco\/wp-content\/uploads\/2022\/02\/hybrid-dayco-logo-mini.jpg\" alt=\"Hybrid Dayco Logo Mini\" width=\"200\" height=\"175\" \/>Como especialista em integra\u00e7\u00e3o de sistemas, a Dayco, juntamente com os seus parceiros estrat\u00e9gicos, est\u00e1 a transformar a ind\u00fastria leve e pesada com o seu inovador e personaliz\u00e1vel M\u00f3dulo H\u00edbrido Dayco (DHM), que oferece suporte aos OEMs para fornecer uma diferencia\u00e7\u00e3o de tecnologia de elevado valor para as suas aplica\u00e7\u00f5es h\u00edbridas leves e completas.<\/p>\n<p>Este M\u00f3dulo h\u00edbrido Dayco para arquitetura h\u00edbrida P1 \u00e9 um sistema integrado modular e de elevado desempenho para os segmentos de ve\u00edculos de passageiros, ve\u00edculos comerciais e todo-o-terreno, que melhora o desempenho do sistema e aumenta o tempo de atividade do grupo propulsor reduzindo o RVA (Ru\u00eddo, Vibra\u00e7\u00e3o e Aspereza). O sistema h\u00edbrido P1 satisfaz as especifica\u00e7\u00f5es do cliente e oferece economia de combust\u00edvel at\u00e9 15-20%* para aplica\u00e7\u00f5es de 48V, reduzindo ulteriormente a sua pegada de carbono<\/p>\n<p>A Dayco interpreta as necessidades dos principais fabricantes de ve\u00edculos e \u00e9 a \u00fanica marca que oferece um pacote premium de solu\u00e7\u00f5es do sistema de propuls\u00e3o para uma ampla gama de aplica\u00e7\u00f5es, utilizando recursos globais de investiga\u00e7\u00e3o e desenvolvimento de n\u00edvel mundial e presen\u00e7a local de fabrico com a sua forte presen\u00e7a em 40 localidades e 22 pa\u00edses.<\/p>\n<p><strong>Carater\u00edsticas\/Benef\u00edcios:<\/strong><\/p>\n<ul>\n<li>Sistema integrado adapt\u00e1vel de elevado desempenho para os segmentos de ve\u00edculos de passageiros, ve\u00edculos comerciais e todo-o-terreno<\/li>\n<li>Melhorado desempenho e fiabilidade do sistema; pode ser combinado com grupos propulsores desenvolvidos internamente<\/li>\n<li>Economia de combust\u00edvel otimizada e redu\u00e7\u00f5es de RVA<\/li>\n<li>Mais dur\u00e1vel e sustent\u00e1vel com emiss\u00f5es de CO2\u00a0reduzidas<\/li>\n<li>Maior vida \u00fatil do grupo propulsor e maior tempo de atividade do sistema<\/li>\n<li>Custo total de propriedade reduzido<\/li>\n<\/ul>\n<p><strong>Mais-valia para os Clientes:<\/strong><\/p>\n<ul>\n<li>Recursos de investiga\u00e7\u00e3o e desenvolvimento e testes globais a n\u00edvel mundial com presen\u00e7a de produ\u00e7\u00e3o local<\/li>\n<li>Diferencia\u00e7\u00e3o de tecnologia de elevado valor como integrador de sistemas completo<\/li>\n<li>Entrega para os principais fabricantes de motores e ve\u00edculos em todo o mundo<\/li>\n<li>Sistemas h\u00edbridos exclusivos que satisfazem as especifica\u00e7\u00f5es do cliente para economia de combust\u00edvel de 15-20%* (48V)<\/li>\n<li>Permite o redimensionamento do motor de combust\u00e3o interna para corresponder \u00e0 mais recente legisla\u00e7\u00e3o sobre emiss\u00f5es de CO2<\/li>\n<li>Fornece energia el\u00e9trica adicional para acess\u00f3rios a bordo<\/li>\n<\/ul>\n","protected":false},"excerpt":{"rendered":"<p>Aplica\u00e7\u00f5es: Autom\u00f3veis de passageiros, autom\u00f3veis premium e de desempenho, ve\u00edculos comerciais leves, ve\u00edculos comerciais m\u00e9dios e pesados, equipamentos agr\u00edcolas e equipamentos de constru\u00e7\u00e3o Como especialista em integra\u00e7\u00e3o de sistemas, a Dayco, juntamente com os seus parceiros estrat\u00e9gicos, est\u00e1 a transformar a ind\u00fastria leve e pesada com o seu inovador e personaliz\u00e1vel M\u00f3dulo H\u00edbrido Dayco (DHM), que oferece suporte aos OEMs para fornecer uma diferencia\u00e7\u00e3o de&#8230;<\/p>\n","protected":false},"featured_media":114781,"template":"","meta":[],"product_cat":[3519],"product_tag":[],"yoast_head":"<!-- This site is optimized with the Yoast SEO plugin v22.4 - https:\/\/yoast.com\/wordpress\/plugins\/seo\/ -->\n<title>M\u00f3dulo H\u00edbrido Dayco - P1 | Propulsion Solutions<\/title>\n<meta name=\"description\" content=\"Este M\u00f3dulo h\u00edbrido Dayco para arquitetura h\u00edbrida P1 \u00e9 um sistema integrado modular e de elevado desempenho para os segmentos de ve\u00edculos de passageiros, ve\u00edculos comerciais e todo-o-terreno\" \/>\n<meta name=\"robots\" content=\"noindex, follow, max-snippet:-1, max-image-preview:large, max-video-preview:-1\" \/>\n<meta property=\"og:locale\" content=\"pt_BR\" \/>\n<meta property=\"og:type\" content=\"article\" \/>\n<meta property=\"og:title\" content=\"M\u00f3dulo H\u00edbrido Dayco - P1 | Propulsion Solutions\" \/>\n<meta property=\"og:description\" content=\"Este M\u00f3dulo h\u00edbrido Dayco para arquitetura h\u00edbrida P1 \u00e9 um sistema integrado modular e de elevado desempenho para os segmentos de ve\u00edculos de passageiros, ve\u00edculos comerciais e todo-o-terreno\" \/>\n<meta property=\"og:url\" content=\"https:\/\/uncommonegg.com\/dayco\/pt\/produto\/dayco-hybrid-module-p1\/\" \/>\n<meta property=\"og:site_name\" content=\"Propulsion Solutions\" \/>\n<meta property=\"article:publisher\" content=\"https:\/\/www.facebook.com\/DaycoOfficial\/\" \/>\n<meta property=\"article:modified_time\" content=\"2022-03-25T13:37:34+00:00\" \/>\n<meta property=\"og:image\" content=\"https:\/\/uncommonegg.com\/dayco\/wp-content\/uploads\/2022\/03\/Hybrid-P1-3.jpg\" \/>\n\t<meta property=\"og:image:width\" content=\"609\" \/>\n\t<meta property=\"og:image:height\" content=\"356\" \/>\n\t<meta property=\"og:image:type\" content=\"image\/jpeg\" \/>\n<meta name=\"twitter:card\" content=\"summary_large_image\" \/>\n<meta name=\"twitter:site\" content=\"@DaycoOfficial\" \/>\n<meta name=\"twitter:label1\" content=\"Pre\u00e7o\" \/>\n\t<meta name=\"twitter:data1\" content=\"\" \/>\n\t<meta name=\"twitter:label2\" content=\"Disponibilidade\" \/>\n\t<meta name=\"twitter:data2\" content=\"Em Estoque\" \/>\n<script type=\"application\/ld+json\" class=\"yoast-schema-graph\">{\"@context\":\"https:\/\/schema.org\",\"@graph\":[{\"@type\":[\"WebPage\",\"ItemPage\"],\"@id\":\"https:\/\/uncommonegg.com\/dayco\/pt\/produto\/dayco-hybrid-module-p1\/\",\"url\":\"https:\/\/uncommonegg.com\/dayco\/pt\/produto\/dayco-hybrid-module-p1\/\",\"name\":\"M\u00f3dulo H\u00edbrido Dayco - P1 | Propulsion Solutions\",\"isPartOf\":{\"@id\":\"https:\/\/uncommonegg.com\/dayco\/pt\/#website\"},\"primaryImageOfPage\":{\"@id\":\"https:\/\/uncommonegg.com\/dayco\/pt\/produto\/dayco-hybrid-module-p1\/#primaryimage\"},\"image\":{\"@id\":\"https:\/\/uncommonegg.com\/dayco\/pt\/produto\/dayco-hybrid-module-p1\/#primaryimage\"},\"thumbnailUrl\":\"https:\/\/uncommonegg.com\/dayco\/wp-content\/uploads\/2022\/03\/Hybrid-P1-3.jpg\",\"datePublished\":\"2022-03-17T08:34:46+00:00\",\"dateModified\":\"2022-03-25T13:37:34+00:00\",\"description\":\"Este M\u00f3dulo h\u00edbrido Dayco para arquitetura h\u00edbrida P1 \u00e9 um sistema integrado modular e de elevado desempenho para os segmentos de ve\u00edculos de passageiros, ve\u00edculos comerciais e todo-o-terreno\",\"breadcrumb\":{\"@id\":\"https:\/\/uncommonegg.com\/dayco\/pt\/produto\/dayco-hybrid-module-p1\/#breadcrumb\"},\"inLanguage\":\"pt-BR\",\"potentialAction\":[{\"@type\":\"ReadAction\",\"target\":[\"https:\/\/uncommonegg.com\/dayco\/pt\/produto\/dayco-hybrid-module-p1\/\"]}]},{\"@type\":\"ImageObject\",\"inLanguage\":\"pt-BR\",\"@id\":\"https:\/\/uncommonegg.com\/dayco\/pt\/produto\/dayco-hybrid-module-p1\/#primaryimage\",\"url\":\"https:\/\/uncommonegg.com\/dayco\/wp-content\/uploads\/2022\/03\/Hybrid-P1-3.jpg\",\"contentUrl\":\"https:\/\/uncommonegg.com\/dayco\/wp-content\/uploads\/2022\/03\/Hybrid-P1-3.jpg\",\"width\":609,\"height\":356},{\"@type\":\"BreadcrumbList\",\"@id\":\"https:\/\/uncommonegg.com\/dayco\/pt\/produto\/dayco-hybrid-module-p1\/#breadcrumb\",\"itemListElement\":[{\"@type\":\"ListItem\",\"position\":1,\"name\":\"In\u00edcio\",\"item\":\"https:\/\/uncommonegg.com\/dayco\/pt\/home\/\"},{\"@type\":\"ListItem\",\"position\":2,\"name\":\"Produtos\",\"item\":\"https:\/\/uncommonegg.com\/dayco\/pt\/produtos\/\"},{\"@type\":\"ListItem\",\"position\":3,\"name\":\"M\u00f3dulo H\u00edbrido Dayco &#8211; P1\"}]},{\"@type\":\"WebSite\",\"@id\":\"https:\/\/uncommonegg.com\/dayco\/pt\/#website\",\"url\":\"https:\/\/uncommonegg.com\/dayco\/pt\/\",\"name\":\"Propulsion Solutions\",\"description\":\"Move Forward. Always.\u2122\",\"publisher\":{\"@id\":\"https:\/\/uncommonegg.com\/dayco\/pt\/#organization\"},\"alternateName\":\"Propulsion Solutions\",\"potentialAction\":[{\"@type\":\"SearchAction\",\"target\":{\"@type\":\"EntryPoint\",\"urlTemplate\":\"https:\/\/uncommonegg.com\/dayco\/pt\/?s={search_term_string}\"},\"query-input\":\"required name=search_term_string\"}],\"inLanguage\":\"pt-BR\"},{\"@type\":\"Organization\",\"@id\":\"https:\/\/uncommonegg.com\/dayco\/pt\/#organization\",\"name\":\"Dayco Corporate\",\"alternateName\":\"Propulsion Solutions\",\"url\":\"https:\/\/uncommonegg.com\/dayco\/pt\/\",\"logo\":{\"@type\":\"ImageObject\",\"inLanguage\":\"pt-BR\",\"@id\":\"https:\/\/uncommonegg.com\/dayco\/pt\/#\/schema\/logo\/image\/\",\"url\":\"http:\/\/uncommonegg.com\/dayco\/wp-content\/uploads\/2024\/01\/PS-Logo-SEO2.jpg\",\"contentUrl\":\"http:\/\/uncommonegg.com\/dayco\/wp-content\/uploads\/2024\/01\/PS-Logo-SEO2.jpg\",\"width\":696,\"height\":696,\"caption\":\"Dayco Corporate\"},\"image\":{\"@id\":\"https:\/\/uncommonegg.com\/dayco\/pt\/#\/schema\/logo\/image\/\"},\"sameAs\":[\"https:\/\/www.facebook.com\/DaycoOfficial\/\",\"https:\/\/twitter.com\/DaycoOfficial\",\"https:\/\/www.instagram.com\/daycoofficial\/\",\"https:\/\/www.linkedin.com\/company\/daycoofficial\/\",\"https:\/\/www.youtube.com\/DaycoOfficial\",\"https:\/\/en.wikipedia.org\/wiki\/Dayco\"]}]}<\/script>\n<meta property=\"product:brand\" content=\"Solu\u00e7\u00e3o Sistemas H\u00edbridos\" \/>\n<meta property=\"product:price:amount\" content=\"0.00\" \/>\n<meta property=\"product:price:currency\" content=\"EUR\" \/>\n<meta property=\"og:availability\" content=\"instock\" \/>\n<meta property=\"product:availability\" content=\"instock\" \/>\n<meta property=\"product:retailer_item_id\" content=\"DHMP1\" \/>\n<meta property=\"product:condition\" content=\"new\" \/>\n<!-- \/ Yoast SEO plugin. -->","yoast_head_json":{"title":"M\u00f3dulo H\u00edbrido Dayco - P1 | Propulsion Solutions","description":"Este M\u00f3dulo h\u00edbrido Dayco para arquitetura h\u00edbrida P1 \u00e9 um sistema integrado modular e de elevado desempenho para os segmentos de ve\u00edculos de passageiros, ve\u00edculos comerciais e todo-o-terreno","robots":{"index":"noindex","follow":"follow","max-snippet":"max-snippet:-1","max-image-preview":"max-image-preview:large","max-video-preview":"max-video-preview:-1"},"og_locale":"pt_BR","og_type":"article","og_title":"M\u00f3dulo H\u00edbrido Dayco - P1 | Propulsion Solutions","og_description":"Este M\u00f3dulo h\u00edbrido Dayco para arquitetura h\u00edbrida P1 \u00e9 um sistema integrado modular e de elevado desempenho para os segmentos de ve\u00edculos de passageiros, ve\u00edculos comerciais e todo-o-terreno","og_url":"https:\/\/uncommonegg.com\/dayco\/pt\/produto\/dayco-hybrid-module-p1\/","og_site_name":"Propulsion Solutions","article_publisher":"https:\/\/www.facebook.com\/DaycoOfficial\/","article_modified_time":"2022-03-25T13:37:34+00:00","og_image":[{"width":609,"height":356,"url":"https:\/\/uncommonegg.com\/dayco\/wp-content\/uploads\/2022\/03\/Hybrid-P1-3.jpg","type":"image\/jpeg"}],"twitter_card":"summary_large_image","twitter_site":"@DaycoOfficial","twitter_misc":{"Pre\u00e7o":"","Disponibilidade":"Em Estoque"},"schema":{"@context":"https:\/\/schema.org","@graph":[{"@type":["WebPage","ItemPage"],"@id":"https:\/\/uncommonegg.com\/dayco\/pt\/produto\/dayco-hybrid-module-p1\/","url":"https:\/\/uncommonegg.com\/dayco\/pt\/produto\/dayco-hybrid-module-p1\/","name":"M\u00f3dulo H\u00edbrido Dayco - P1 | Propulsion Solutions","isPartOf":{"@id":"https:\/\/uncommonegg.com\/dayco\/pt\/#website"},"primaryImageOfPage":{"@id":"https:\/\/uncommonegg.com\/dayco\/pt\/produto\/dayco-hybrid-module-p1\/#primaryimage"},"image":{"@id":"https:\/\/uncommonegg.com\/dayco\/pt\/produto\/dayco-hybrid-module-p1\/#primaryimage"},"thumbnailUrl":"https:\/\/uncommonegg.com\/dayco\/wp-content\/uploads\/2022\/03\/Hybrid-P1-3.jpg","datePublished":"2022-03-17T08:34:46+00:00","dateModified":"2022-03-25T13:37:34+00:00","description":"Este M\u00f3dulo h\u00edbrido Dayco para arquitetura h\u00edbrida P1 \u00e9 um sistema integrado modular e de elevado desempenho para os segmentos de ve\u00edculos de passageiros, ve\u00edculos comerciais e todo-o-terreno","breadcrumb":{"@id":"https:\/\/uncommonegg.com\/dayco\/pt\/produto\/dayco-hybrid-module-p1\/#breadcrumb"},"inLanguage":"pt-BR","potentialAction":[{"@type":"ReadAction","target":["https:\/\/uncommonegg.com\/dayco\/pt\/produto\/dayco-hybrid-module-p1\/"]}]},{"@type":"ImageObject","inLanguage":"pt-BR","@id":"https:\/\/uncommonegg.com\/dayco\/pt\/produto\/dayco-hybrid-module-p1\/#primaryimage","url":"https:\/\/uncommonegg.com\/dayco\/wp-content\/uploads\/2022\/03\/Hybrid-P1-3.jpg","contentUrl":"https:\/\/uncommonegg.com\/dayco\/wp-content\/uploads\/2022\/03\/Hybrid-P1-3.jpg","width":609,"height":356},{"@type":"BreadcrumbList","@id":"https:\/\/uncommonegg.com\/dayco\/pt\/produto\/dayco-hybrid-module-p1\/#breadcrumb","itemListElement":[{"@type":"ListItem","position":1,"name":"In\u00edcio","item":"https:\/\/uncommonegg.com\/dayco\/pt\/home\/"},{"@type":"ListItem","position":2,"name":"Produtos","item":"https:\/\/uncommonegg.com\/dayco\/pt\/produtos\/"},{"@type":"ListItem","position":3,"name":"M\u00f3dulo H\u00edbrido Dayco &#8211; P1"}]},{"@type":"WebSite","@id":"https:\/\/uncommonegg.com\/dayco\/pt\/#website","url":"https:\/\/uncommonegg.com\/dayco\/pt\/","name":"Propulsion Solutions","description":"Move Forward. Always.\u2122","publisher":{"@id":"https:\/\/uncommonegg.com\/dayco\/pt\/#organization"},"alternateName":"Propulsion Solutions","potentialAction":[{"@type":"SearchAction","target":{"@type":"EntryPoint","urlTemplate":"https:\/\/uncommonegg.com\/dayco\/pt\/?s={search_term_string}"},"query-input":"required name=search_term_string"}],"inLanguage":"pt-BR"},{"@type":"Organization","@id":"https:\/\/uncommonegg.com\/dayco\/pt\/#organization","name":"Dayco Corporate","alternateName":"Propulsion Solutions","url":"https:\/\/uncommonegg.com\/dayco\/pt\/","logo":{"@type":"ImageObject","inLanguage":"pt-BR","@id":"https:\/\/uncommonegg.com\/dayco\/pt\/#\/schema\/logo\/image\/","url":"http:\/\/uncommonegg.com\/dayco\/wp-content\/uploads\/2024\/01\/PS-Logo-SEO2.jpg","contentUrl":"http:\/\/uncommonegg.com\/dayco\/wp-content\/uploads\/2024\/01\/PS-Logo-SEO2.jpg","width":696,"height":696,"caption":"Dayco Corporate"},"image":{"@id":"https:\/\/uncommonegg.com\/dayco\/pt\/#\/schema\/logo\/image\/"},"sameAs":["https:\/\/www.facebook.com\/DaycoOfficial\/","https:\/\/twitter.com\/DaycoOfficial","https:\/\/www.instagram.com\/daycoofficial\/","https:\/\/www.linkedin.com\/company\/daycoofficial\/","https:\/\/www.youtube.com\/DaycoOfficial","https:\/\/en.wikipedia.org\/wiki\/Dayco"]}]},"product_brand":"Solu\u00e7\u00e3o Sistemas H\u00edbridos","product_price_amount":"0.00","product_price_currency":"EUR","og_availability":"instock","product_availability":"instock","product_retailer_item_id":"DHMP1","product_condition":"new"},"_links":{"self":[{"href":"https:\/\/uncommonegg.com\/dayco\/pt\/wp-json\/wp\/v2\/product\/114994"}],"collection":[{"href":"https:\/\/uncommonegg.com\/dayco\/pt\/wp-json\/wp\/v2\/product"}],"about":[{"href":"https:\/\/uncommonegg.com\/dayco\/pt\/wp-json\/wp\/v2\/types\/product"}],"wp:featuredmedia":[{"embeddable":true,"href":"https:\/\/uncommonegg.com\/dayco\/pt\/wp-json\/wp\/v2\/media\/114781"}],"wp:attachment":[{"href":"https:\/\/uncommonegg.com\/dayco\/pt\/wp-json\/wp\/v2\/media?parent=114994"}],"wp:term":[{"taxonomy":"product_cat","embeddable":true,"href":"https:\/\/uncommonegg.com\/dayco\/pt\/wp-json\/wp\/v2\/product_cat?post=114994"},{"taxonomy":"product_tag","embeddable":true,"href":"https:\/\/uncommonegg.com\/dayco\/pt\/wp-json\/wp\/v2\/product_tag?post=114994"}],"curies":[{"name":"wp","href":"https:\/\/api.w.org\/{rel}","templated":true}]}}