{"id":114987,"date":"2022-03-17T09:34:48","date_gmt":"2022-03-17T08:34:48","guid":{"rendered":"http:\/\/uncommonegg.com\/dayco\/product\/bsg-mild-hybrid-solution-p0\/"},"modified":"2022-03-25T14:36:09","modified_gmt":"2022-03-25T13:36:09","slug":"bsg-mild-hybrid-solution-p0","status":"publish","type":"product","link":"https:\/\/uncommonegg.com\/dayco\/pt\/produto\/bsg-mild-hybrid-solution-p0\/","title":{"rendered":"Solu\u00e7\u00e3o do Sistema H\u00edbrido Leve BSG &#8211; P0"},"content":{"rendered":"<p><strong>Aplica\u00e7\u00f5es: <\/strong>Autom\u00f3veis de passageiros, autom\u00f3veis premium e de desempenho, ve\u00edculos comerciais leves, ve\u00edculos comerciais m\u00e9dios e pesados, equipamentos agr\u00edcolas e equipamentos de constru\u00e7\u00e3o<\/p>\n<p><img loading=\"lazy\" decoding=\"async\" class=\"size-full wp-image-114436 alignright\" src=\"http:\/\/uncommonegg.com\/dayco\/wp-content\/uploads\/2022\/02\/hybrid-dayco-logo-mini.jpg\" alt=\"Hybrid Dayco Logo Mini\" width=\"200\" height=\"175\" \/>A Dayco \u00e9 um l\u00edder de mercado que orgulhosamente fornece componentes e subsistemas para Grupos propulsores BSG H\u00edbridos Leves, tamb\u00e9m conhecido como Arquitetura P0, h\u00e1 mais de uma d\u00e9cada. Durante esse per\u00edodo, a Dayco posicionou-se como l\u00edder em tecnologia e parceiro preferencial que fornece sistemas ecol\u00f3gicos e de economia de energia para ve\u00edculos h\u00edbridos P0, fornecendo as principais marcas de ve\u00edculos de passageiros e comerciais ligeiros em todo o mundo.<\/p>\n<p>Para melhorar continuamente a economia de combust\u00edvel, a durabilidade dos sistemas H\u00edbridos P0 e a redu\u00e7\u00e3o das pegadas de carbono, a Dayco est\u00e1 a fornecer solu\u00e7\u00f5es totalmente integradas para a hibridiza\u00e7\u00e3o, otimizando a l\u00f3gica de controlo do desempenho da m\u00e1quina el\u00e9trica e procurando uma Gest\u00e3o do Sistema Inteligente que reduz as emiss\u00f5es de CO2<sub>\u00a0<\/sub>. Esta tecnologia de propuls\u00e3o de n\u00edvel mundial e suporte t\u00e9cnico dedicado, posiciona a Dayco como um integrador de sistemas que oferece elevado valor aos seus clientes e os ajuda a atingir os seus objetivos de baixa emiss\u00e3o de carbono.<\/p>\n<p>A Dayco satisfaz as necessidades dos principais fabricantes de ve\u00edculos e \u00e9 a \u00fanica marca que oferece um pacote premium de solu\u00e7\u00f5es completas do sistema FEAD (Front End Accessory Drive) para ve\u00edculos h\u00edbridos e MCI (motor de combust\u00e3o interna) com uma ampla gama de desacopladores, amortecedores, tensores, polias de guia\/polias e correias com recursos de investiga\u00e7\u00e3o e desenvolvimento a n\u00edvel mundial e presen\u00e7a de fabrico local.<\/p>\n<p><strong>Carater\u00edsticas\/Benef\u00edcios:<\/strong><\/p>\n<ul>\n<li>A otimiza\u00e7\u00e3o de cada componente resulta num sistema BSG altamente eficiente<\/li>\n<li>Altamente projetado e dur\u00e1vel que otimiza o RVA (ru\u00eddo, vibra\u00e7\u00e3o e aspereza)<\/li>\n<li>Melhor desempenho do sistema e redu\u00e7\u00e3o da pegada de carbono (CO2) com economia de combust\u00edvel de at\u00e9 12%*<\/li>\n<li>Solu\u00e7\u00e3o de sistema h\u00edbrido P0 premium e comprovada com presen\u00e7a competitiva e fornecimento global<\/li>\n<li>Maior vida \u00fatil dos componentes de acionamento de acess\u00f3rios, com o consequente aumento do tempo de atividade do sistema<\/li>\n<li>Custo total de propriedade reduzido<\/li>\n<\/ul>\n<p><strong>Mais-valia para os Clientes:<\/strong><\/p>\n<ul>\n<li>A Dayco, como integrador de sistemas e fornecedor de solu\u00e7\u00f5es completas, permite economias m\u00e9dias adicionais de CO2\u00a0e faz a an\u00e1lise completa do ve\u00edculo, incluindo a otimiza\u00e7\u00e3o da l\u00f3gica de controlo<\/li>\n<li>Recursos de investiga\u00e7\u00e3o e desenvolvimento e testes globais a n\u00edvel mundial com presen\u00e7a de produ\u00e7\u00e3o local<\/li>\n<li>Nova abordagem baseada em modelos para a gest\u00e3o de fluxo de energia em arquiteturas h\u00edbridas Px<\/li>\n<li>A Dayco, tem conjunto com seus parceiros estrat\u00e9gicos, gere o controlo de energia de ve\u00edculos h\u00edbridos leves<\/li>\n<li>Fornecimento de sistemas h\u00edbridos P0 comprovados aos principais fabricantes de motores e ve\u00edculos em todo o mundo<\/li>\n<\/ul>\n","protected":false},"excerpt":{"rendered":"<p>Aplica\u00e7\u00f5es: Autom\u00f3veis de passageiros, autom\u00f3veis premium e de desempenho, ve\u00edculos comerciais leves, ve\u00edculos comerciais m\u00e9dios e pesados, equipamentos agr\u00edcolas e equipamentos de constru\u00e7\u00e3o A Dayco \u00e9 um l\u00edder de mercado que orgulhosamente fornece componentes e subsistemas para Grupos propulsores BSG H\u00edbridos Leves, tamb\u00e9m conhecido como Arquitetura P0, h\u00e1 mais de uma d\u00e9cada. Durante esse per\u00edodo, a Dayco posicionou-se como l\u00edder em tecnologia e parceiro preferencial&#8230;<\/p>\n","protected":false},"featured_media":114757,"template":"","meta":[],"product_cat":[3519],"product_tag":[],"yoast_head":"<!-- This site is optimized with the Yoast SEO plugin v22.4 - https:\/\/yoast.com\/wordpress\/plugins\/seo\/ -->\n<title>Solu\u00e7\u00e3o do Sistema H\u00edbrido Leve BSG - P0 | Propulsion Solutions<\/title>\n<meta name=\"description\" content=\"Para melhorar continuamente a economia de combust\u00edvel, a durabilidade dos sistemas H\u00edbridos P0 e a redu\u00e7\u00e3o das pegadas de carbono, a Dayco est\u00e1 a fornecer solu\u00e7\u00f5es totalmente integradas para a hibridiza\u00e7\u00e3o\" \/>\n<meta name=\"robots\" content=\"noindex, follow, max-snippet:-1, max-image-preview:large, max-video-preview:-1\" \/>\n<meta property=\"og:locale\" content=\"pt_BR\" \/>\n<meta property=\"og:type\" content=\"article\" \/>\n<meta property=\"og:title\" content=\"Solu\u00e7\u00e3o do Sistema H\u00edbrido Leve BSG - P0 | Propulsion Solutions\" \/>\n<meta property=\"og:description\" content=\"Para melhorar continuamente a economia de combust\u00edvel, a durabilidade dos sistemas H\u00edbridos P0 e a redu\u00e7\u00e3o das pegadas de carbono, a Dayco est\u00e1 a fornecer solu\u00e7\u00f5es totalmente integradas para a hibridiza\u00e7\u00e3o\" \/>\n<meta property=\"og:url\" content=\"https:\/\/uncommonegg.com\/dayco\/pt\/produto\/bsg-mild-hybrid-solution-p0\/\" \/>\n<meta property=\"og:site_name\" content=\"Propulsion Solutions\" \/>\n<meta property=\"article:publisher\" content=\"https:\/\/www.facebook.com\/DaycoOfficial\/\" \/>\n<meta property=\"article:modified_time\" content=\"2022-03-25T13:36:09+00:00\" \/>\n<meta property=\"og:image\" content=\"https:\/\/uncommonegg.com\/dayco\/wp-content\/uploads\/2022\/03\/Hybrid-P0-4.jpg\" \/>\n\t<meta property=\"og:image:width\" content=\"609\" \/>\n\t<meta property=\"og:image:height\" content=\"356\" \/>\n\t<meta property=\"og:image:type\" content=\"image\/jpeg\" \/>\n<meta name=\"twitter:card\" content=\"summary_large_image\" \/>\n<meta name=\"twitter:site\" content=\"@DaycoOfficial\" \/>\n<meta name=\"twitter:label1\" content=\"Pre\u00e7o\" \/>\n\t<meta name=\"twitter:data1\" content=\"\" \/>\n\t<meta name=\"twitter:label2\" content=\"Disponibilidade\" \/>\n\t<meta name=\"twitter:data2\" content=\"Em Estoque\" \/>\n<script type=\"application\/ld+json\" class=\"yoast-schema-graph\">{\"@context\":\"https:\/\/schema.org\",\"@graph\":[{\"@type\":[\"WebPage\",\"ItemPage\"],\"@id\":\"https:\/\/uncommonegg.com\/dayco\/pt\/produto\/bsg-mild-hybrid-solution-p0\/\",\"url\":\"https:\/\/uncommonegg.com\/dayco\/pt\/produto\/bsg-mild-hybrid-solution-p0\/\",\"name\":\"Solu\u00e7\u00e3o do Sistema H\u00edbrido Leve BSG - P0 | Propulsion Solutions\",\"isPartOf\":{\"@id\":\"https:\/\/uncommonegg.com\/dayco\/pt\/#website\"},\"primaryImageOfPage\":{\"@id\":\"https:\/\/uncommonegg.com\/dayco\/pt\/produto\/bsg-mild-hybrid-solution-p0\/#primaryimage\"},\"image\":{\"@id\":\"https:\/\/uncommonegg.com\/dayco\/pt\/produto\/bsg-mild-hybrid-solution-p0\/#primaryimage\"},\"thumbnailUrl\":\"https:\/\/uncommonegg.com\/dayco\/wp-content\/uploads\/2022\/03\/Hybrid-P0-4.jpg\",\"datePublished\":\"2022-03-17T08:34:48+00:00\",\"dateModified\":\"2022-03-25T13:36:09+00:00\",\"description\":\"Para melhorar continuamente a economia de combust\u00edvel, a durabilidade dos sistemas H\u00edbridos P0 e a redu\u00e7\u00e3o das pegadas de carbono, a Dayco est\u00e1 a fornecer solu\u00e7\u00f5es totalmente integradas para a hibridiza\u00e7\u00e3o\",\"breadcrumb\":{\"@id\":\"https:\/\/uncommonegg.com\/dayco\/pt\/produto\/bsg-mild-hybrid-solution-p0\/#breadcrumb\"},\"inLanguage\":\"pt-BR\",\"potentialAction\":[{\"@type\":\"ReadAction\",\"target\":[\"https:\/\/uncommonegg.com\/dayco\/pt\/produto\/bsg-mild-hybrid-solution-p0\/\"]}]},{\"@type\":\"ImageObject\",\"inLanguage\":\"pt-BR\",\"@id\":\"https:\/\/uncommonegg.com\/dayco\/pt\/produto\/bsg-mild-hybrid-solution-p0\/#primaryimage\",\"url\":\"https:\/\/uncommonegg.com\/dayco\/wp-content\/uploads\/2022\/03\/Hybrid-P0-4.jpg\",\"contentUrl\":\"https:\/\/uncommonegg.com\/dayco\/wp-content\/uploads\/2022\/03\/Hybrid-P0-4.jpg\",\"width\":609,\"height\":356},{\"@type\":\"BreadcrumbList\",\"@id\":\"https:\/\/uncommonegg.com\/dayco\/pt\/produto\/bsg-mild-hybrid-solution-p0\/#breadcrumb\",\"itemListElement\":[{\"@type\":\"ListItem\",\"position\":1,\"name\":\"In\u00edcio\",\"item\":\"https:\/\/uncommonegg.com\/dayco\/pt\/home\/\"},{\"@type\":\"ListItem\",\"position\":2,\"name\":\"Produtos\",\"item\":\"https:\/\/uncommonegg.com\/dayco\/pt\/produtos\/\"},{\"@type\":\"ListItem\",\"position\":3,\"name\":\"Solu\u00e7\u00e3o do Sistema H\u00edbrido Leve BSG &#8211; P0\"}]},{\"@type\":\"WebSite\",\"@id\":\"https:\/\/uncommonegg.com\/dayco\/pt\/#website\",\"url\":\"https:\/\/uncommonegg.com\/dayco\/pt\/\",\"name\":\"Propulsion Solutions\",\"description\":\"Move Forward. Always.\u2122\",\"publisher\":{\"@id\":\"https:\/\/uncommonegg.com\/dayco\/pt\/#organization\"},\"alternateName\":\"Propulsion Solutions\",\"potentialAction\":[{\"@type\":\"SearchAction\",\"target\":{\"@type\":\"EntryPoint\",\"urlTemplate\":\"https:\/\/uncommonegg.com\/dayco\/pt\/?s={search_term_string}\"},\"query-input\":\"required name=search_term_string\"}],\"inLanguage\":\"pt-BR\"},{\"@type\":\"Organization\",\"@id\":\"https:\/\/uncommonegg.com\/dayco\/pt\/#organization\",\"name\":\"Dayco Corporate\",\"alternateName\":\"Propulsion Solutions\",\"url\":\"https:\/\/uncommonegg.com\/dayco\/pt\/\",\"logo\":{\"@type\":\"ImageObject\",\"inLanguage\":\"pt-BR\",\"@id\":\"https:\/\/uncommonegg.com\/dayco\/pt\/#\/schema\/logo\/image\/\",\"url\":\"http:\/\/uncommonegg.com\/dayco\/wp-content\/uploads\/2024\/01\/PS-Logo-SEO2.jpg\",\"contentUrl\":\"http:\/\/uncommonegg.com\/dayco\/wp-content\/uploads\/2024\/01\/PS-Logo-SEO2.jpg\",\"width\":696,\"height\":696,\"caption\":\"Dayco Corporate\"},\"image\":{\"@id\":\"https:\/\/uncommonegg.com\/dayco\/pt\/#\/schema\/logo\/image\/\"},\"sameAs\":[\"https:\/\/www.facebook.com\/DaycoOfficial\/\",\"https:\/\/twitter.com\/DaycoOfficial\",\"https:\/\/www.instagram.com\/daycoofficial\/\",\"https:\/\/www.linkedin.com\/company\/daycoofficial\/\",\"https:\/\/www.youtube.com\/DaycoOfficial\",\"https:\/\/en.wikipedia.org\/wiki\/Dayco\"]}]}<\/script>\n<meta property=\"product:brand\" content=\"Solu\u00e7\u00e3o Sistemas H\u00edbridos\" \/>\n<meta property=\"product:price:amount\" content=\"0.00\" \/>\n<meta property=\"product:price:currency\" content=\"EUR\" \/>\n<meta property=\"og:availability\" content=\"instock\" \/>\n<meta property=\"product:availability\" content=\"instock\" \/>\n<meta property=\"product:retailer_item_id\" content=\"BSGP0\" \/>\n<meta property=\"product:condition\" content=\"new\" \/>\n<!-- \/ Yoast SEO plugin. -->","yoast_head_json":{"title":"Solu\u00e7\u00e3o do Sistema H\u00edbrido Leve BSG - P0 | Propulsion Solutions","description":"Para melhorar continuamente a economia de combust\u00edvel, a durabilidade dos sistemas H\u00edbridos P0 e a redu\u00e7\u00e3o das pegadas de carbono, a Dayco est\u00e1 a fornecer solu\u00e7\u00f5es totalmente integradas para a hibridiza\u00e7\u00e3o","robots":{"index":"noindex","follow":"follow","max-snippet":"max-snippet:-1","max-image-preview":"max-image-preview:large","max-video-preview":"max-video-preview:-1"},"og_locale":"pt_BR","og_type":"article","og_title":"Solu\u00e7\u00e3o do Sistema H\u00edbrido Leve BSG - P0 | Propulsion Solutions","og_description":"Para melhorar continuamente a economia de combust\u00edvel, a durabilidade dos sistemas H\u00edbridos P0 e a redu\u00e7\u00e3o das pegadas de carbono, a Dayco est\u00e1 a fornecer solu\u00e7\u00f5es totalmente integradas para a hibridiza\u00e7\u00e3o","og_url":"https:\/\/uncommonegg.com\/dayco\/pt\/produto\/bsg-mild-hybrid-solution-p0\/","og_site_name":"Propulsion Solutions","article_publisher":"https:\/\/www.facebook.com\/DaycoOfficial\/","article_modified_time":"2022-03-25T13:36:09+00:00","og_image":[{"width":609,"height":356,"url":"https:\/\/uncommonegg.com\/dayco\/wp-content\/uploads\/2022\/03\/Hybrid-P0-4.jpg","type":"image\/jpeg"}],"twitter_card":"summary_large_image","twitter_site":"@DaycoOfficial","twitter_misc":{"Pre\u00e7o":"","Disponibilidade":"Em Estoque"},"schema":{"@context":"https:\/\/schema.org","@graph":[{"@type":["WebPage","ItemPage"],"@id":"https:\/\/uncommonegg.com\/dayco\/pt\/produto\/bsg-mild-hybrid-solution-p0\/","url":"https:\/\/uncommonegg.com\/dayco\/pt\/produto\/bsg-mild-hybrid-solution-p0\/","name":"Solu\u00e7\u00e3o do Sistema H\u00edbrido Leve BSG - P0 | Propulsion Solutions","isPartOf":{"@id":"https:\/\/uncommonegg.com\/dayco\/pt\/#website"},"primaryImageOfPage":{"@id":"https:\/\/uncommonegg.com\/dayco\/pt\/produto\/bsg-mild-hybrid-solution-p0\/#primaryimage"},"image":{"@id":"https:\/\/uncommonegg.com\/dayco\/pt\/produto\/bsg-mild-hybrid-solution-p0\/#primaryimage"},"thumbnailUrl":"https:\/\/uncommonegg.com\/dayco\/wp-content\/uploads\/2022\/03\/Hybrid-P0-4.jpg","datePublished":"2022-03-17T08:34:48+00:00","dateModified":"2022-03-25T13:36:09+00:00","description":"Para melhorar continuamente a economia de combust\u00edvel, a durabilidade dos sistemas H\u00edbridos P0 e a redu\u00e7\u00e3o das pegadas de carbono, a Dayco est\u00e1 a fornecer solu\u00e7\u00f5es totalmente integradas para a hibridiza\u00e7\u00e3o","breadcrumb":{"@id":"https:\/\/uncommonegg.com\/dayco\/pt\/produto\/bsg-mild-hybrid-solution-p0\/#breadcrumb"},"inLanguage":"pt-BR","potentialAction":[{"@type":"ReadAction","target":["https:\/\/uncommonegg.com\/dayco\/pt\/produto\/bsg-mild-hybrid-solution-p0\/"]}]},{"@type":"ImageObject","inLanguage":"pt-BR","@id":"https:\/\/uncommonegg.com\/dayco\/pt\/produto\/bsg-mild-hybrid-solution-p0\/#primaryimage","url":"https:\/\/uncommonegg.com\/dayco\/wp-content\/uploads\/2022\/03\/Hybrid-P0-4.jpg","contentUrl":"https:\/\/uncommonegg.com\/dayco\/wp-content\/uploads\/2022\/03\/Hybrid-P0-4.jpg","width":609,"height":356},{"@type":"BreadcrumbList","@id":"https:\/\/uncommonegg.com\/dayco\/pt\/produto\/bsg-mild-hybrid-solution-p0\/#breadcrumb","itemListElement":[{"@type":"ListItem","position":1,"name":"In\u00edcio","item":"https:\/\/uncommonegg.com\/dayco\/pt\/home\/"},{"@type":"ListItem","position":2,"name":"Produtos","item":"https:\/\/uncommonegg.com\/dayco\/pt\/produtos\/"},{"@type":"ListItem","position":3,"name":"Solu\u00e7\u00e3o do Sistema H\u00edbrido Leve BSG &#8211; P0"}]},{"@type":"WebSite","@id":"https:\/\/uncommonegg.com\/dayco\/pt\/#website","url":"https:\/\/uncommonegg.com\/dayco\/pt\/","name":"Propulsion Solutions","description":"Move Forward. Always.\u2122","publisher":{"@id":"https:\/\/uncommonegg.com\/dayco\/pt\/#organization"},"alternateName":"Propulsion Solutions","potentialAction":[{"@type":"SearchAction","target":{"@type":"EntryPoint","urlTemplate":"https:\/\/uncommonegg.com\/dayco\/pt\/?s={search_term_string}"},"query-input":"required name=search_term_string"}],"inLanguage":"pt-BR"},{"@type":"Organization","@id":"https:\/\/uncommonegg.com\/dayco\/pt\/#organization","name":"Dayco Corporate","alternateName":"Propulsion Solutions","url":"https:\/\/uncommonegg.com\/dayco\/pt\/","logo":{"@type":"ImageObject","inLanguage":"pt-BR","@id":"https:\/\/uncommonegg.com\/dayco\/pt\/#\/schema\/logo\/image\/","url":"http:\/\/uncommonegg.com\/dayco\/wp-content\/uploads\/2024\/01\/PS-Logo-SEO2.jpg","contentUrl":"http:\/\/uncommonegg.com\/dayco\/wp-content\/uploads\/2024\/01\/PS-Logo-SEO2.jpg","width":696,"height":696,"caption":"Dayco Corporate"},"image":{"@id":"https:\/\/uncommonegg.com\/dayco\/pt\/#\/schema\/logo\/image\/"},"sameAs":["https:\/\/www.facebook.com\/DaycoOfficial\/","https:\/\/twitter.com\/DaycoOfficial","https:\/\/www.instagram.com\/daycoofficial\/","https:\/\/www.linkedin.com\/company\/daycoofficial\/","https:\/\/www.youtube.com\/DaycoOfficial","https:\/\/en.wikipedia.org\/wiki\/Dayco"]}]},"product_brand":"Solu\u00e7\u00e3o Sistemas H\u00edbridos","product_price_amount":"0.00","product_price_currency":"EUR","og_availability":"instock","product_availability":"instock","product_retailer_item_id":"BSGP0","product_condition":"new"},"_links":{"self":[{"href":"https:\/\/uncommonegg.com\/dayco\/pt\/wp-json\/wp\/v2\/product\/114987"}],"collection":[{"href":"https:\/\/uncommonegg.com\/dayco\/pt\/wp-json\/wp\/v2\/product"}],"about":[{"href":"https:\/\/uncommonegg.com\/dayco\/pt\/wp-json\/wp\/v2\/types\/product"}],"wp:featuredmedia":[{"embeddable":true,"href":"https:\/\/uncommonegg.com\/dayco\/pt\/wp-json\/wp\/v2\/media\/114757"}],"wp:attachment":[{"href":"https:\/\/uncommonegg.com\/dayco\/pt\/wp-json\/wp\/v2\/media?parent=114987"}],"wp:term":[{"taxonomy":"product_cat","embeddable":true,"href":"https:\/\/uncommonegg.com\/dayco\/pt\/wp-json\/wp\/v2\/product_cat?post=114987"},{"taxonomy":"product_tag","embeddable":true,"href":"https:\/\/uncommonegg.com\/dayco\/pt\/wp-json\/wp\/v2\/product_tag?post=114987"}],"curies":[{"name":"wp","href":"https:\/\/api.w.org\/{rel}","templated":true}]}}