{"id":9985,"date":"2018-05-03T12:00:49","date_gmt":"2018-05-03T10:00:49","guid":{"rendered":"http:\/\/uncommonegg.com\/dayco\/empresa\/"},"modified":"2024-01-25T09:27:38","modified_gmt":"2024-01-25T08:27:38","slug":"empresa","status":"publish","type":"page","link":"https:\/\/uncommonegg.com\/dayco\/pt\/empresa\/","title":{"rendered":"Empresa"},"content":{"rendered":"[vc_row type=&#8221;in_container&#8221; full_screen_row_position=&#8221;middle&#8221; column_margin=&#8221;default&#8221; column_direction=&#8221;default&#8221; column_direction_tablet=&#8221;default&#8221; column_direction_phone=&#8221;default&#8221; bg_color=&#8221;#ffffff&#8221; scene_position=&#8221;center&#8221; top_padding=&#8221;3%&#8221; bottom_padding=&#8221;3%&#8221; text_color=&#8221;dark&#8221; text_align=&#8221;center&#8221; row_border_radius=&#8221;none&#8221; row_border_radius_applies=&#8221;bg&#8221; overflow=&#8221;visible&#8221; overlay_strength=&#8221;0.3&#8243; gradient_direction=&#8221;left_to_right&#8221; shape_divider_position=&#8221;bottom&#8221; bg_image_animation=&#8221;none&#8221; shape_type=&#8221;&#8221;][vc_column column_padding=&#8221;no-extra-padding&#8221; column_padding_tablet=&#8221;inherit&#8221; column_padding_phone=&#8221;inherit&#8221; column_padding_position=&#8221;all&#8221; column_element_direction_desktop=&#8221;default&#8221; column_element_spacing=&#8221;default&#8221; centered_text=&#8221;true&#8221; desktop_text_alignment=&#8221;default&#8221; tablet_text_alignment=&#8221;default&#8221; phone_text_alignment=&#8221;default&#8221; background_color_opacity=&#8221;1&#8243; background_hover_color_opacity=&#8221;1&#8243; column_backdrop_filter=&#8221;none&#8221; column_shadow=&#8221;none&#8221; column_border_radius=&#8221;none&#8221; column_link_target=&#8221;_self&#8221; column_position=&#8221;default&#8221; gradient_direction=&#8221;left_to_right&#8221; overlay_strength=&#8221;0.3&#8243; width=&#8221;1\/2&#8243; tablet_width_inherit=&#8221;default&#8221; animation_type=&#8221;default&#8221; bg_image_animation=&#8221;none&#8221; border_type=&#8221;simple&#8221; column_border_width=&#8221;none&#8221; column_border_style=&#8221;solid&#8221;][image_with_animation image_url=&#8221;130256&#8243; image_size=&#8221;full&#8221; animation_type=&#8221;entrance&#8221; animation=&#8221;Fade In&#8221; animation_easing=&#8221;default&#8221; animation_movement_type=&#8221;transform_y&#8221; hover_animation=&#8221;none&#8221; alignment=&#8221;&#8221; border_radius=&#8221;none&#8221; box_shadow=&#8221;none&#8221; image_loading=&#8221;default&#8221; max_width=&#8221;100%&#8221; max_width_mobile=&#8221;default&#8221;][\/vc_column][vc_column column_padding=&#8221;no-extra-padding&#8221; column_padding_tablet=&#8221;inherit&#8221; column_padding_phone=&#8221;inherit&#8221; column_padding_position=&#8221;all&#8221; column_element_direction_desktop=&#8221;default&#8221; column_element_spacing=&#8221;default&#8221; desktop_text_alignment=&#8221;default&#8221; tablet_text_alignment=&#8221;default&#8221; phone_text_alignment=&#8221;default&#8221; background_color_opacity=&#8221;1&#8243; background_hover_color_opacity=&#8221;1&#8243; column_backdrop_filter=&#8221;none&#8221; column_shadow=&#8221;none&#8221; column_border_radius=&#8221;none&#8221; column_link_target=&#8221;_self&#8221; column_position=&#8221;default&#8221; gradient_direction=&#8221;left_to_right&#8221; overlay_strength=&#8221;0.3&#8243; width=&#8221;1\/2&#8243; tablet_width_inherit=&#8221;default&#8221; animation_type=&#8221;default&#8221; bg_image_animation=&#8221;none&#8221; border_type=&#8221;simple&#8221; column_border_width=&#8221;none&#8221; column_border_style=&#8221;solid&#8221;][vc_custom_heading text=&#8221;PROPULSION SOLUTIONS&#8221; font_container=&#8221;tag:h1|text_align:left&#8221; use_theme_fonts=&#8221;yes&#8221; css_animation=&#8221;fadeInRight&#8221;][vc_custom_heading text=&#8221;A DAYCO COMPANY&#8221; font_container=&#8221;tag:h3|text_align:left|color:%230174a7&#8243; use_theme_fonts=&#8221;yes&#8221; css_animation=&#8221;fadeInRight&#8221; el_class=&#8221;company-tagline&#8221;][divider line_type=&#8221;No Line&#8221; custom_height=&#8221;20&#8243;][vc_column_text]\n<p style=\"text-align: justify;\">A Dayco \u00e9 um l\u00edder global na pesquisa, projeto, produ\u00e7\u00e3o e distribui\u00e7\u00e3o de sistemas essenciais de transmiss\u00e3o de for\u00e7a de motores e servi\u00e7os aftermarket para aplica\u00e7\u00f5es em autom\u00f3veis, caminh\u00f5es, constru\u00e7\u00e3o, agricultura e ind\u00fastria.<\/p>\n<p style=\"text-align: justify;\">Gra\u00e7as \u00e0 nossa experi\u00eancia de transferir for\u00e7a de forma silenciosa e eficiente, a Dayco emergiu como o l\u00edder global no fornecimento de solu\u00e7\u00f5es de sistemas para ve\u00edculos el\u00e9tricos e h\u00edbridos. Os mais de 100 anos de experi\u00eancia da Dayco em sistemas de transmiss\u00e3o de for\u00e7a permitem-nos equipar todas as aplica\u00e7\u00f5es para clientes em todo o mundo, com os sistemas de transmiss\u00e3o mais eficazes para satisfazer os requisitos de desempenho espec\u00edficos.\u00a0 A rede de distribui\u00e7\u00e3ode classe global da Dayco, fornece ao aftermarket uma oferta completa de kits e produtos para satisfazer as necessidades de cada mercado local.<\/p>\n<p style=\"text-align: justify;\">Conseguimos realizar isto tudo gra\u00e7as a uma equipe global dedicada que respeita o outro, mostra humildade atrav\u00e9s da aprendizagem cont\u00ednua e atuam como propriet\u00e1rios em tudo o que fazemos.<\/p>\n[\/vc_column_text][\/vc_column][\/vc_row][vc_row type=&#8221;full_width_background&#8221; full_screen_row_position=&#8221;middle&#8221; column_margin=&#8221;default&#8221; column_direction=&#8221;default&#8221; column_direction_tablet=&#8221;default&#8221; column_direction_phone=&#8221;default&#8221; bg_color=&#8221;#e4e4e4&#8243; bg_image=&#8221;84929&#8243; bg_position=&#8221;center center&#8221; background_image_loading=&#8221;default&#8221; bg_repeat=&#8221;no-repeat&#8221; scene_position=&#8221;center&#8221; top_padding=&#8221;100&#8243; bottom_padding=&#8221;100&#8243; text_color=&#8221;custom&#8221; custom_text_color=&#8221;#0f6aaf&#8221; text_align=&#8221;center&#8221; row_border_radius=&#8221;none&#8221; row_border_radius_applies=&#8221;bg&#8221; overflow=&#8221;visible&#8221; overlay_strength=&#8221;0.3&#8243; gradient_direction=&#8221;left_to_right&#8221; shape_divider_position=&#8221;bottom&#8221; bg_image_animation=&#8221;none&#8221; parallax_bg=&#8221;true&#8221; parallax_bg_speed=&#8221;medium&#8221; shape_type=&#8221;&#8221;][vc_column column_padding=&#8221;no-extra-padding&#8221; column_padding_tablet=&#8221;inherit&#8221; column_padding_phone=&#8221;inherit&#8221; column_padding_position=&#8221;all&#8221; column_element_direction_desktop=&#8221;default&#8221; column_element_spacing=&#8221;default&#8221; desktop_text_alignment=&#8221;default&#8221; tablet_text_alignment=&#8221;default&#8221; phone_text_alignment=&#8221;default&#8221; background_color_opacity=&#8221;1&#8243; background_hover_color_opacity=&#8221;1&#8243; column_backdrop_filter=&#8221;none&#8221; font_color=&#8221;#0f6aaf&#8221; column_shadow=&#8221;none&#8221; column_border_radius=&#8221;none&#8221; column_link_target=&#8221;_self&#8221; column_position=&#8221;default&#8221; gradient_direction=&#8221;left_to_right&#8221; overlay_strength=&#8221;0.3&#8243; width=&#8221;1\/4&#8243; tablet_width_inherit=&#8221;default&#8221; animation_type=&#8221;default&#8221; bg_image_animation=&#8221;none&#8221; border_type=&#8221;simple&#8221; column_border_width=&#8221;none&#8221; column_border_style=&#8221;solid&#8221;][milestone heading_inherit=&#8221;default&#8221; symbol_position=&#8221;after&#8221; subject_padding=&#8221;0&#8243; color=&#8221;Accent-Color&#8221; effect=&#8221;count&#8221; symbol_alignment=&#8221;Superscript&#8221; milestone_alignment=&#8221;default&#8221; number=&#8221;115&#8243; symbol=&#8221;+&#8221; subject=&#8221;Anos de Experi\u00eancia&#8221;][\/vc_column][vc_column column_padding=&#8221;no-extra-padding&#8221; column_padding_tablet=&#8221;inherit&#8221; column_padding_phone=&#8221;inherit&#8221; column_padding_position=&#8221;all&#8221; column_element_direction_desktop=&#8221;default&#8221; column_element_spacing=&#8221;default&#8221; desktop_text_alignment=&#8221;default&#8221; tablet_text_alignment=&#8221;default&#8221; phone_text_alignment=&#8221;default&#8221; background_color_opacity=&#8221;1&#8243; background_hover_color_opacity=&#8221;1&#8243; column_backdrop_filter=&#8221;none&#8221; column_shadow=&#8221;none&#8221; column_border_radius=&#8221;none&#8221; column_link_target=&#8221;_self&#8221; column_position=&#8221;default&#8221; gradient_direction=&#8221;left_to_right&#8221; overlay_strength=&#8221;0.3&#8243; width=&#8221;1\/4&#8243; tablet_width_inherit=&#8221;default&#8221; animation_type=&#8221;default&#8221; bg_image_animation=&#8221;none&#8221; border_type=&#8221;simple&#8221; column_border_width=&#8221;none&#8221; column_border_style=&#8221;solid&#8221;][milestone heading_inherit=&#8221;default&#8221; symbol_position=&#8221;after&#8221; subject_padding=&#8221;0&#8243; color=&#8221;Accent-Color&#8221; effect=&#8221;count&#8221; symbol_alignment=&#8221;Superscript&#8221; milestone_alignment=&#8221;default&#8221; number=&#8221;40&#8243; subject=&#8221;Localiza\u00e7\u00f5es&#8221; symbol=&#8221;+&#8221;][\/vc_column][vc_column column_padding=&#8221;no-extra-padding&#8221; column_padding_tablet=&#8221;inherit&#8221; column_padding_phone=&#8221;inherit&#8221; column_padding_position=&#8221;all&#8221; column_element_direction_desktop=&#8221;default&#8221; column_element_spacing=&#8221;default&#8221; desktop_text_alignment=&#8221;default&#8221; tablet_text_alignment=&#8221;default&#8221; phone_text_alignment=&#8221;default&#8221; background_color_opacity=&#8221;1&#8243; background_hover_color_opacity=&#8221;1&#8243; column_backdrop_filter=&#8221;none&#8221; column_shadow=&#8221;none&#8221; column_border_radius=&#8221;none&#8221; column_link_target=&#8221;_self&#8221; column_position=&#8221;default&#8221; gradient_direction=&#8221;left_to_right&#8221; overlay_strength=&#8221;0.3&#8243; width=&#8221;1\/4&#8243; tablet_width_inherit=&#8221;default&#8221; animation_type=&#8221;default&#8221; bg_image_animation=&#8221;none&#8221; border_type=&#8221;simple&#8221; column_border_width=&#8221;none&#8221; column_border_style=&#8221;solid&#8221;][milestone heading_inherit=&#8221;default&#8221; subject_padding=&#8221;0&#8243; color=&#8221;Accent-Color&#8221; effect=&#8221;count&#8221; milestone_alignment=&#8221;default&#8221; number=&#8221;22&#8243; subject=&#8221;Pa\u00edses&#8221;][\/vc_column][vc_column column_padding=&#8221;no-extra-padding&#8221; column_padding_tablet=&#8221;inherit&#8221; column_padding_phone=&#8221;inherit&#8221; column_padding_position=&#8221;all&#8221; column_element_direction_desktop=&#8221;default&#8221; column_element_spacing=&#8221;default&#8221; desktop_text_alignment=&#8221;default&#8221; tablet_text_alignment=&#8221;default&#8221; phone_text_alignment=&#8221;default&#8221; background_color_opacity=&#8221;1&#8243; background_hover_color_opacity=&#8221;1&#8243; column_backdrop_filter=&#8221;none&#8221; column_shadow=&#8221;none&#8221; column_border_radius=&#8221;none&#8221; column_link_target=&#8221;_self&#8221; column_position=&#8221;default&#8221; gradient_direction=&#8221;left_to_right&#8221; overlay_strength=&#8221;0.3&#8243; width=&#8221;1\/4&#8243; tablet_width_inherit=&#8221;default&#8221; animation_type=&#8221;default&#8221; bg_image_animation=&#8221;none&#8221; border_type=&#8221;simple&#8221; column_border_width=&#8221;none&#8221; column_border_style=&#8221;solid&#8221;][milestone heading_inherit=&#8221;default&#8221; symbol_position=&#8221;after&#8221; subject_padding=&#8221;0&#8243; color=&#8221;Accent-Color&#8221; effect=&#8221;count&#8221; symbol_alignment=&#8221;Superscript&#8221; milestone_alignment=&#8221;default&#8221; number=&#8221;1800&#8243; subject=&#8221;Associados&#8221; symbol=&#8221;+&#8221;][\/vc_column][\/vc_row]\n","protected":false},"excerpt":{"rendered":"<p>[vc_row type=&#8221;in_container&#8221; full_screen_row_position=&#8221;middle&#8221; column_margin=&#8221;default&#8221; column_direction=&#8221;default&#8221; column_direction_tablet=&#8221;default&#8221; column_direction_phone=&#8221;default&#8221; bg_color=&#8221;#ffffff&#8221; scene_position=&#8221;center&#8221; top_padding=&#8221;3%&#8221; bottom_padding=&#8221;3%&#8221; text_color=&#8221;dark&#8221; text_align=&#8221;center&#8221; row_border_radius=&#8221;none&#8221; row_border_radius_applies=&#8221;bg&#8221; overflow=&#8221;visible&#8221; overlay_strength=&#8221;0.3&#8243; gradient_direction=&#8221;left_to_right&#8221; shape_divider_position=&#8221;bottom&#8221; bg_image_animation=&#8221;none&#8221; shape_type=&#8221;&#8221;][vc_column column_padding=&#8221;no-extra-padding&#8221; column_padding_tablet=&#8221;inherit&#8221; column_padding_phone=&#8221;inherit&#8221; column_padding_position=&#8221;all&#8221; column_element_direction_desktop=&#8221;default&#8221; column_element_spacing=&#8221;default&#8221; centered_text=&#8221;true&#8221; desktop_text_alignment=&#8221;default&#8221; tablet_text_alignment=&#8221;default&#8221; phone_text_alignment=&#8221;default&#8221; background_color_opacity=&#8221;1&#8243; background_hover_color_opacity=&#8221;1&#8243; column_backdrop_filter=&#8221;none&#8221; column_shadow=&#8221;none&#8221; column_border_radius=&#8221;none&#8221; column_link_target=&#8221;_self&#8221; column_position=&#8221;default&#8221; gradient_direction=&#8221;left_to_right&#8221; overlay_strength=&#8221;0.3&#8243; width=&#8221;1\/2&#8243; tablet_width_inherit=&#8221;default&#8221; animation_type=&#8221;default&#8221; bg_image_animation=&#8221;none&#8221; border_type=&#8221;simple&#8221; column_border_width=&#8221;none&#8221; column_border_style=&#8221;solid&#8221;][image_with_animation image_url=&#8221;130256&#8243; image_size=&#8221;full&#8221; animation_type=&#8221;entrance&#8221; animation=&#8221;Fade In&#8221; animation_easing=&#8221;default&#8221; animation_movement_type=&#8221;transform_y&#8221; hover_animation=&#8221;none&#8221; alignment=&#8221;&#8221; border_radius=&#8221;none&#8221; box_shadow=&#8221;none&#8221; image_loading=&#8221;default&#8221; max_width=&#8221;100%&#8221; max_width_mobile=&#8221;default&#8221;][\/vc_column][vc_column column_padding=&#8221;no-extra-padding&#8221; column_padding_tablet=&#8221;inherit&#8221; column_padding_phone=&#8221;inherit&#8221; column_padding_position=&#8221;all&#8221;&#8230;<\/p>\n","protected":false},"author":1,"featured_media":73544,"parent":0,"menu_order":36,"comment_status":"closed","ping_status":"closed","template":"template-transparent-header.php","meta":{"footnotes":""},"yoast_head":"<!-- This site is optimized with the Yoast SEO plugin v22.4 - https:\/\/yoast.com\/wordpress\/plugins\/seo\/ -->\n<title>Empresa | Propulsion Solutions<\/title>\n<meta name=\"description\" content=\"A Dayco \u00e9 um l\u00edder global na pesquisa, conce\u00e7\u00e3o, produ\u00e7\u00e3o e distribui\u00e7\u00e3o de sistemas de transmiss\u00e3o de pot\u00eancia de motores e servi\u00e7o aftermarket para aplica\u00e7\u00f5es como autom\u00f3veis, cami\u00f5es, constru\u00e7\u00e3o, agricultura e ind\u00fastria.\" \/>\n<meta name=\"robots\" content=\"noindex, follow, max-snippet:-1, max-image-preview:large, max-video-preview:-1\" \/>\n<meta property=\"og:locale\" content=\"pt_BR\" \/>\n<meta property=\"og:type\" content=\"article\" \/>\n<meta property=\"og:title\" content=\"Empresa | Propulsion Solutions\" \/>\n<meta property=\"og:description\" content=\"A Dayco \u00e9 um l\u00edder global na pesquisa, conce\u00e7\u00e3o, produ\u00e7\u00e3o e distribui\u00e7\u00e3o de sistemas de transmiss\u00e3o de pot\u00eancia de motores e servi\u00e7o aftermarket para aplica\u00e7\u00f5es como autom\u00f3veis, cami\u00f5es, constru\u00e7\u00e3o, agricultura e ind\u00fastria.\" \/>\n<meta property=\"og:url\" content=\"https:\/\/uncommonegg.com\/dayco\/pt\/empresa\/\" \/>\n<meta property=\"og:site_name\" content=\"Propulsion Solutions\" \/>\n<meta property=\"article:publisher\" content=\"https:\/\/www.facebook.com\/DaycoOfficial\/\" \/>\n<meta property=\"article:modified_time\" content=\"2024-01-25T08:27:38+00:00\" \/>\n<meta property=\"og:image\" content=\"https:\/\/uncommonegg.com\/dayco\/wp-content\/uploads\/Dayco-Logo-Square.png\" \/>\n\t<meta property=\"og:image:width\" content=\"300\" \/>\n\t<meta property=\"og:image:height\" content=\"300\" \/>\n\t<meta property=\"og:image:type\" content=\"image\/png\" \/>\n<meta name=\"twitter:card\" content=\"summary_large_image\" \/>\n<meta name=\"twitter:site\" content=\"@DaycoOfficial\" \/>\n<meta name=\"twitter:label1\" content=\"Est. tempo de leitura\" \/>\n\t<meta name=\"twitter:data1\" content=\"6 minutos\" \/>\n<script type=\"application\/ld+json\" class=\"yoast-schema-graph\">{\"@context\":\"https:\/\/schema.org\",\"@graph\":[{\"@type\":[\"WebPage\",\"AboutPage\"],\"@id\":\"https:\/\/uncommonegg.com\/dayco\/pt\/empresa\/\",\"url\":\"https:\/\/uncommonegg.com\/dayco\/pt\/empresa\/\",\"name\":\"Empresa | Propulsion Solutions\",\"isPartOf\":{\"@id\":\"https:\/\/uncommonegg.com\/dayco\/pt\/#website\"},\"primaryImageOfPage\":{\"@id\":\"https:\/\/uncommonegg.com\/dayco\/pt\/empresa\/#primaryimage\"},\"image\":{\"@id\":\"https:\/\/uncommonegg.com\/dayco\/pt\/empresa\/#primaryimage\"},\"thumbnailUrl\":\"https:\/\/uncommonegg.com\/dayco\/wp-content\/uploads\/Dayco-Logo-Square.png\",\"datePublished\":\"2018-05-03T10:00:49+00:00\",\"dateModified\":\"2024-01-25T08:27:38+00:00\",\"description\":\"A Dayco \u00e9 um l\u00edder global na pesquisa, conce\u00e7\u00e3o, produ\u00e7\u00e3o e distribui\u00e7\u00e3o de sistemas de transmiss\u00e3o de pot\u00eancia de motores e servi\u00e7o aftermarket para aplica\u00e7\u00f5es como autom\u00f3veis, cami\u00f5es, constru\u00e7\u00e3o, agricultura e ind\u00fastria.\",\"breadcrumb\":{\"@id\":\"https:\/\/uncommonegg.com\/dayco\/pt\/empresa\/#breadcrumb\"},\"inLanguage\":\"pt-BR\",\"potentialAction\":[{\"@type\":\"ReadAction\",\"target\":[\"https:\/\/uncommonegg.com\/dayco\/pt\/empresa\/\"]}]},{\"@type\":\"ImageObject\",\"inLanguage\":\"pt-BR\",\"@id\":\"https:\/\/uncommonegg.com\/dayco\/pt\/empresa\/#primaryimage\",\"url\":\"https:\/\/uncommonegg.com\/dayco\/wp-content\/uploads\/Dayco-Logo-Square.png\",\"contentUrl\":\"https:\/\/uncommonegg.com\/dayco\/wp-content\/uploads\/Dayco-Logo-Square.png\",\"width\":300,\"height\":300,\"caption\":\"Dayco Logo Square\"},{\"@type\":\"BreadcrumbList\",\"@id\":\"https:\/\/uncommonegg.com\/dayco\/pt\/empresa\/#breadcrumb\",\"itemListElement\":[{\"@type\":\"ListItem\",\"position\":1,\"name\":\"In\u00edcio\",\"item\":\"https:\/\/uncommonegg.com\/dayco\/pt\/home\/\"},{\"@type\":\"ListItem\",\"position\":2,\"name\":\"Empresa\"}]},{\"@type\":\"WebSite\",\"@id\":\"https:\/\/uncommonegg.com\/dayco\/pt\/#website\",\"url\":\"https:\/\/uncommonegg.com\/dayco\/pt\/\",\"name\":\"Propulsion Solutions\",\"description\":\"Move Forward. Always.\u2122\",\"publisher\":{\"@id\":\"https:\/\/uncommonegg.com\/dayco\/pt\/#organization\"},\"alternateName\":\"Propulsion Solutions\",\"potentialAction\":[{\"@type\":\"SearchAction\",\"target\":{\"@type\":\"EntryPoint\",\"urlTemplate\":\"https:\/\/uncommonegg.com\/dayco\/pt\/?s={search_term_string}\"},\"query-input\":\"required name=search_term_string\"}],\"inLanguage\":\"pt-BR\"},{\"@type\":\"Organization\",\"@id\":\"https:\/\/uncommonegg.com\/dayco\/pt\/#organization\",\"name\":\"Dayco Corporate\",\"alternateName\":\"Propulsion Solutions\",\"url\":\"https:\/\/uncommonegg.com\/dayco\/pt\/\",\"logo\":{\"@type\":\"ImageObject\",\"inLanguage\":\"pt-BR\",\"@id\":\"https:\/\/uncommonegg.com\/dayco\/pt\/#\/schema\/logo\/image\/\",\"url\":\"http:\/\/uncommonegg.com\/dayco\/wp-content\/uploads\/2024\/01\/PS-Logo-SEO2.jpg\",\"contentUrl\":\"http:\/\/uncommonegg.com\/dayco\/wp-content\/uploads\/2024\/01\/PS-Logo-SEO2.jpg\",\"width\":696,\"height\":696,\"caption\":\"Dayco Corporate\"},\"image\":{\"@id\":\"https:\/\/uncommonegg.com\/dayco\/pt\/#\/schema\/logo\/image\/\"},\"sameAs\":[\"https:\/\/www.facebook.com\/DaycoOfficial\/\",\"https:\/\/twitter.com\/DaycoOfficial\",\"https:\/\/www.instagram.com\/daycoofficial\/\",\"https:\/\/www.linkedin.com\/company\/daycoofficial\/\",\"https:\/\/www.youtube.com\/DaycoOfficial\",\"https:\/\/en.wikipedia.org\/wiki\/Dayco\"]}]}<\/script>\n<!-- \/ Yoast SEO plugin. -->","yoast_head_json":{"title":"Empresa | Propulsion Solutions","description":"A Dayco \u00e9 um l\u00edder global na pesquisa, conce\u00e7\u00e3o, produ\u00e7\u00e3o e distribui\u00e7\u00e3o de sistemas de transmiss\u00e3o de pot\u00eancia de motores e servi\u00e7o aftermarket para aplica\u00e7\u00f5es como autom\u00f3veis, cami\u00f5es, constru\u00e7\u00e3o, agricultura e ind\u00fastria.","robots":{"index":"noindex","follow":"follow","max-snippet":"max-snippet:-1","max-image-preview":"max-image-preview:large","max-video-preview":"max-video-preview:-1"},"og_locale":"pt_BR","og_type":"article","og_title":"Empresa | Propulsion Solutions","og_description":"A Dayco \u00e9 um l\u00edder global na pesquisa, conce\u00e7\u00e3o, produ\u00e7\u00e3o e distribui\u00e7\u00e3o de sistemas de transmiss\u00e3o de pot\u00eancia de motores e servi\u00e7o aftermarket para aplica\u00e7\u00f5es como autom\u00f3veis, cami\u00f5es, constru\u00e7\u00e3o, agricultura e ind\u00fastria.","og_url":"https:\/\/uncommonegg.com\/dayco\/pt\/empresa\/","og_site_name":"Propulsion Solutions","article_publisher":"https:\/\/www.facebook.com\/DaycoOfficial\/","article_modified_time":"2024-01-25T08:27:38+00:00","og_image":[{"width":300,"height":300,"url":"https:\/\/uncommonegg.com\/dayco\/wp-content\/uploads\/Dayco-Logo-Square.png","type":"image\/png"}],"twitter_card":"summary_large_image","twitter_site":"@DaycoOfficial","twitter_misc":{"Est. tempo de leitura":"6 minutos"},"schema":{"@context":"https:\/\/schema.org","@graph":[{"@type":["WebPage","AboutPage"],"@id":"https:\/\/uncommonegg.com\/dayco\/pt\/empresa\/","url":"https:\/\/uncommonegg.com\/dayco\/pt\/empresa\/","name":"Empresa | Propulsion Solutions","isPartOf":{"@id":"https:\/\/uncommonegg.com\/dayco\/pt\/#website"},"primaryImageOfPage":{"@id":"https:\/\/uncommonegg.com\/dayco\/pt\/empresa\/#primaryimage"},"image":{"@id":"https:\/\/uncommonegg.com\/dayco\/pt\/empresa\/#primaryimage"},"thumbnailUrl":"https:\/\/uncommonegg.com\/dayco\/wp-content\/uploads\/Dayco-Logo-Square.png","datePublished":"2018-05-03T10:00:49+00:00","dateModified":"2024-01-25T08:27:38+00:00","description":"A Dayco \u00e9 um l\u00edder global na pesquisa, conce\u00e7\u00e3o, produ\u00e7\u00e3o e distribui\u00e7\u00e3o de sistemas de transmiss\u00e3o de pot\u00eancia de motores e servi\u00e7o aftermarket para aplica\u00e7\u00f5es como autom\u00f3veis, cami\u00f5es, constru\u00e7\u00e3o, agricultura e ind\u00fastria.","breadcrumb":{"@id":"https:\/\/uncommonegg.com\/dayco\/pt\/empresa\/#breadcrumb"},"inLanguage":"pt-BR","potentialAction":[{"@type":"ReadAction","target":["https:\/\/uncommonegg.com\/dayco\/pt\/empresa\/"]}]},{"@type":"ImageObject","inLanguage":"pt-BR","@id":"https:\/\/uncommonegg.com\/dayco\/pt\/empresa\/#primaryimage","url":"https:\/\/uncommonegg.com\/dayco\/wp-content\/uploads\/Dayco-Logo-Square.png","contentUrl":"https:\/\/uncommonegg.com\/dayco\/wp-content\/uploads\/Dayco-Logo-Square.png","width":300,"height":300,"caption":"Dayco Logo Square"},{"@type":"BreadcrumbList","@id":"https:\/\/uncommonegg.com\/dayco\/pt\/empresa\/#breadcrumb","itemListElement":[{"@type":"ListItem","position":1,"name":"In\u00edcio","item":"https:\/\/uncommonegg.com\/dayco\/pt\/home\/"},{"@type":"ListItem","position":2,"name":"Empresa"}]},{"@type":"WebSite","@id":"https:\/\/uncommonegg.com\/dayco\/pt\/#website","url":"https:\/\/uncommonegg.com\/dayco\/pt\/","name":"Propulsion Solutions","description":"Move Forward. Always.\u2122","publisher":{"@id":"https:\/\/uncommonegg.com\/dayco\/pt\/#organization"},"alternateName":"Propulsion Solutions","potentialAction":[{"@type":"SearchAction","target":{"@type":"EntryPoint","urlTemplate":"https:\/\/uncommonegg.com\/dayco\/pt\/?s={search_term_string}"},"query-input":"required name=search_term_string"}],"inLanguage":"pt-BR"},{"@type":"Organization","@id":"https:\/\/uncommonegg.com\/dayco\/pt\/#organization","name":"Dayco Corporate","alternateName":"Propulsion Solutions","url":"https:\/\/uncommonegg.com\/dayco\/pt\/","logo":{"@type":"ImageObject","inLanguage":"pt-BR","@id":"https:\/\/uncommonegg.com\/dayco\/pt\/#\/schema\/logo\/image\/","url":"http:\/\/uncommonegg.com\/dayco\/wp-content\/uploads\/2024\/01\/PS-Logo-SEO2.jpg","contentUrl":"http:\/\/uncommonegg.com\/dayco\/wp-content\/uploads\/2024\/01\/PS-Logo-SEO2.jpg","width":696,"height":696,"caption":"Dayco Corporate"},"image":{"@id":"https:\/\/uncommonegg.com\/dayco\/pt\/#\/schema\/logo\/image\/"},"sameAs":["https:\/\/www.facebook.com\/DaycoOfficial\/","https:\/\/twitter.com\/DaycoOfficial","https:\/\/www.instagram.com\/daycoofficial\/","https:\/\/www.linkedin.com\/company\/daycoofficial\/","https:\/\/www.youtube.com\/DaycoOfficial","https:\/\/en.wikipedia.org\/wiki\/Dayco"]}]}},"_links":{"self":[{"href":"https:\/\/uncommonegg.com\/dayco\/pt\/wp-json\/wp\/v2\/pages\/9985"}],"collection":[{"href":"https:\/\/uncommonegg.com\/dayco\/pt\/wp-json\/wp\/v2\/pages"}],"about":[{"href":"https:\/\/uncommonegg.com\/dayco\/pt\/wp-json\/wp\/v2\/types\/page"}],"author":[{"embeddable":true,"href":"https:\/\/uncommonegg.com\/dayco\/pt\/wp-json\/wp\/v2\/users\/1"}],"replies":[{"embeddable":true,"href":"https:\/\/uncommonegg.com\/dayco\/pt\/wp-json\/wp\/v2\/comments?post=9985"}],"version-history":[{"count":8,"href":"https:\/\/uncommonegg.com\/dayco\/pt\/wp-json\/wp\/v2\/pages\/9985\/revisions"}],"predecessor-version":[{"id":130408,"href":"https:\/\/uncommonegg.com\/dayco\/pt\/wp-json\/wp\/v2\/pages\/9985\/revisions\/130408"}],"wp:featuredmedia":[{"embeddable":true,"href":"https:\/\/uncommonegg.com\/dayco\/pt\/wp-json\/wp\/v2\/media\/73544"}],"wp:attachment":[{"href":"https:\/\/uncommonegg.com\/dayco\/pt\/wp-json\/wp\/v2\/media?parent=9985"}],"curies":[{"name":"wp","href":"https:\/\/api.w.org\/{rel}","templated":true}]}}