{"id":9527,"date":"2018-05-19T12:44:14","date_gmt":"2018-05-19T10:44:14","guid":{"rendered":"http:\/\/uncommonegg.com\/dayco\/product\/crankshaft-dampers-hd\/"},"modified":"2021-09-11T13:17:48","modified_gmt":"2021-09-11T11:17:48","slug":"tlumiki-drgan-walu-korbowego-hd","status":"publish","type":"product","link":"https:\/\/uncommonegg.com\/dayco\/pl\/produkt\/tlumiki-drgan-walu-korbowego-hd\/","title":{"rendered":"T\u0142umiki Drga\u0144 Wa\u0142u Korbowego Ci\u0119\u017ckich Pojazd\u00f3w"},"content":{"rendered":"<p>Dayco posiada bogate do\u015bwiadczenie, je\u015bli chodzi o innowacje, projektowanie i produkcj\u0119 t\u0142umik\u00f3w drga\u0144 stosowanych w lekkich oraz ci\u0119\u017ckich pojazdach u\u017cytkowych. Nasza technologia t\u0142umika drga\u0144, zaprojektowanego z my\u015bl\u0105 o ograniczaniu ha\u0142asu, drga\u0144 i nieregularnej pracy, zwi\u0119ksza do maksimum stabilno\u015b\u0107 uk\u0142adu, ogranicza do minimum zmiany napr\u0119\u017cenia paska, poprawia \u017cywotno\u015b\u0107 ca\u0142ego systemu i poszczeg\u00f3lnych komponent\u00f3w, a tak\u017ce pozwala zmniejszy\u0107 zu\u017cycie paliwa. Dayco wykorzystuje w\u0142asne oprogramowanie w po\u0142\u0105czeniu z najnowocze\u015bniejszymi dost\u0119pnymi na rynku pakietami oprogramowania w celu optymalizowania i zatwierdzania produkt\u00f3w w trybie wirtualnym przed utworzeniem prototyp\u00f3w.<\/p>\n<p>Dayco posiada na ca\u0142ym \u015bwiecie wiele o\u015brodk\u00f3w technicznych, w kt\u00f3rych prototypy s\u0105 tworzone i testowane zgodnie z wymaganiami producent\u00f3w oryginalnego wyposa\u017cenia z\u00a0bran\u017cy przemys\u0142owej. Innowacyjne rozwi\u0105zania do t\u0142umienia drga\u0144 od dawna pozwalaj\u0105 Dayco zajmowa\u0107 pozycj\u0119 lidera technologii w tym zakresie. Dual Action Tuned Absorber (DATA), Recessed Belt Damper (RBD) i Radially Asymmetric Dual Arc Profile (RADA): to tylko niekt\u00f3re z najlepszych w bran\u017cy technologii, jakie Dayco wprowadza do nowych zastosowa\u0144.<\/p>\n","protected":false},"excerpt":{"rendered":"<p>Dayco posiada bogate do\u015bwiadczenie, je\u015bli chodzi o innowacje, projektowanie i produkcj\u0119 t\u0142umik\u00f3w drga\u0144 stosowanych w lekkich oraz ci\u0119\u017ckich pojazdach u\u017cytkowych. Nasza technologia t\u0142umika drga\u0144, zaprojektowanego z my\u015bl\u0105 o ograniczaniu ha\u0142asu, drga\u0144 i nieregularnej pracy, zwi\u0119ksza do maksimum stabilno\u015b\u0107 uk\u0142adu, ogranicza do minimum zmiany napr\u0119\u017cenia paska, poprawia \u017cywotno\u015b\u0107 ca\u0142ego systemu i poszczeg\u00f3lnych komponent\u00f3w, a tak\u017ce pozwala zmniejszy\u0107 zu\u017cycie paliwa. Dayco wykorzystuje w\u0142asne oprogramowanie w po\u0142\u0105czeniu z&#8230;<\/p>\n","protected":false},"featured_media":9013,"template":"","meta":[],"product_cat":[469],"product_tag":[],"yoast_head":"<!-- This site is optimized with the Yoast SEO plugin v22.4 - https:\/\/yoast.com\/wordpress\/plugins\/seo\/ -->\n<title>T\u0142umiki Drga\u0144 Wa\u0142u Korbowego Ci\u0119\u017ckich Pojazd\u00f3w | Propulsion Solutions<\/title>\n<meta name=\"robots\" content=\"noindex, follow, max-snippet:-1, max-image-preview:large, max-video-preview:-1\" \/>\n<meta property=\"og:locale\" content=\"pl_PL\" \/>\n<meta property=\"og:type\" content=\"article\" \/>\n<meta property=\"og:title\" content=\"T\u0142umiki Drga\u0144 Wa\u0142u Korbowego Ci\u0119\u017ckich Pojazd\u00f3w | Propulsion Solutions\" \/>\n<meta property=\"og:description\" content=\"Dayco posiada bogate do\u015bwiadczenie, je\u015bli chodzi o innowacje, projektowanie i produkcj\u0119 t\u0142umik\u00f3w drga\u0144 stosowanych w lekkich oraz ci\u0119\u017ckich pojazdach u\u017cytkowych. Nasza technologia t\u0142umika drga\u0144, zaprojektowanego z my\u015bl\u0105 o ograniczaniu ha\u0142asu, drga\u0144 i nieregularnej pracy, zwi\u0119ksza do maksimum stabilno\u015b\u0107 uk\u0142adu, ogranicza do minimum zmiany napr\u0119\u017cenia paska, poprawia \u017cywotno\u015b\u0107 ca\u0142ego systemu i poszczeg\u00f3lnych komponent\u00f3w, a tak\u017ce pozwala zmniejszy\u0107 zu\u017cycie paliwa. Dayco wykorzystuje w\u0142asne oprogramowanie w po\u0142\u0105czeniu z...\" \/>\n<meta property=\"og:url\" content=\"https:\/\/uncommonegg.com\/dayco\/pl\/produkt\/tlumiki-drgan-walu-korbowego-hd\/\" \/>\n<meta property=\"og:site_name\" content=\"Propulsion Solutions\" \/>\n<meta property=\"article:publisher\" content=\"https:\/\/www.facebook.com\/DaycoOfficial\/\" \/>\n<meta property=\"article:modified_time\" content=\"2021-09-11T11:17:48+00:00\" \/>\n<meta property=\"og:image\" content=\"https:\/\/uncommonegg.com\/dayco\/wp-content\/uploads\/Crankshaft-Damp-1.jpg\" \/>\n\t<meta property=\"og:image:width\" content=\"609\" \/>\n\t<meta property=\"og:image:height\" content=\"356\" \/>\n\t<meta property=\"og:image:type\" content=\"image\/jpeg\" \/>\n<meta name=\"twitter:card\" content=\"summary_large_image\" \/>\n<meta name=\"twitter:site\" content=\"@DaycoOfficial\" \/>\n<meta name=\"twitter:label1\" content=\"Cena\" \/>\n\t<meta name=\"twitter:data1\" content=\"\" \/>\n\t<meta name=\"twitter:label2\" content=\"Dost\u0119pno\u015b\u0107\" \/>\n\t<meta name=\"twitter:data2\" content=\"Dost\u0119pny\" \/>\n<script type=\"application\/ld+json\" class=\"yoast-schema-graph\">{\"@context\":\"https:\/\/schema.org\",\"@graph\":[{\"@type\":[\"WebPage\",\"ItemPage\"],\"@id\":\"https:\/\/uncommonegg.com\/dayco\/pl\/produkt\/tlumiki-drgan-walu-korbowego-hd\/\",\"url\":\"https:\/\/uncommonegg.com\/dayco\/pl\/produkt\/tlumiki-drgan-walu-korbowego-hd\/\",\"name\":\"T\u0142umiki Drga\u0144 Wa\u0142u Korbowego Ci\u0119\u017ckich Pojazd\u00f3w | Propulsion Solutions\",\"isPartOf\":{\"@id\":\"https:\/\/uncommonegg.com\/dayco\/pl\/#website\"},\"primaryImageOfPage\":{\"@id\":\"https:\/\/uncommonegg.com\/dayco\/pl\/produkt\/tlumiki-drgan-walu-korbowego-hd\/#primaryimage\"},\"image\":{\"@id\":\"https:\/\/uncommonegg.com\/dayco\/pl\/produkt\/tlumiki-drgan-walu-korbowego-hd\/#primaryimage\"},\"thumbnailUrl\":\"https:\/\/uncommonegg.com\/dayco\/wp-content\/uploads\/Crankshaft-Damp-1.jpg\",\"datePublished\":\"2018-05-19T10:44:14+00:00\",\"dateModified\":\"2021-09-11T11:17:48+00:00\",\"breadcrumb\":{\"@id\":\"https:\/\/uncommonegg.com\/dayco\/pl\/produkt\/tlumiki-drgan-walu-korbowego-hd\/#breadcrumb\"},\"inLanguage\":\"pl-PL\",\"potentialAction\":[{\"@type\":\"ReadAction\",\"target\":[\"https:\/\/uncommonegg.com\/dayco\/pl\/produkt\/tlumiki-drgan-walu-korbowego-hd\/\"]}]},{\"@type\":\"ImageObject\",\"inLanguage\":\"pl-PL\",\"@id\":\"https:\/\/uncommonegg.com\/dayco\/pl\/produkt\/tlumiki-drgan-walu-korbowego-hd\/#primaryimage\",\"url\":\"https:\/\/uncommonegg.com\/dayco\/wp-content\/uploads\/Crankshaft-Damp-1.jpg\",\"contentUrl\":\"https:\/\/uncommonegg.com\/dayco\/wp-content\/uploads\/Crankshaft-Damp-1.jpg\",\"width\":609,\"height\":356,\"caption\":\"Crankshaft Damp 1\"},{\"@type\":\"BreadcrumbList\",\"@id\":\"https:\/\/uncommonegg.com\/dayco\/pl\/produkt\/tlumiki-drgan-walu-korbowego-hd\/#breadcrumb\",\"itemListElement\":[{\"@type\":\"ListItem\",\"position\":1,\"name\":\"Strona g\u0142\u00f3wna\",\"item\":\"https:\/\/uncommonegg.com\/dayco\/pl\/home\/\"},{\"@type\":\"ListItem\",\"position\":2,\"name\":\"Produkty\",\"item\":\"https:\/\/uncommonegg.com\/dayco\/pl\/produkty\/\"},{\"@type\":\"ListItem\",\"position\":3,\"name\":\"T\u0142umiki Drga\u0144 Wa\u0142u Korbowego Ci\u0119\u017ckich Pojazd\u00f3w\"}]},{\"@type\":\"WebSite\",\"@id\":\"https:\/\/uncommonegg.com\/dayco\/pl\/#website\",\"url\":\"https:\/\/uncommonegg.com\/dayco\/pl\/\",\"name\":\"Propulsion Solutions\",\"description\":\"Move Forward. Always.\u2122\",\"publisher\":{\"@id\":\"https:\/\/uncommonegg.com\/dayco\/pl\/#organization\"},\"alternateName\":\"Propulsion Solutions\",\"potentialAction\":[{\"@type\":\"SearchAction\",\"target\":{\"@type\":\"EntryPoint\",\"urlTemplate\":\"https:\/\/uncommonegg.com\/dayco\/pl\/?s={search_term_string}\"},\"query-input\":\"required name=search_term_string\"}],\"inLanguage\":\"pl-PL\"},{\"@type\":\"Organization\",\"@id\":\"https:\/\/uncommonegg.com\/dayco\/pl\/#organization\",\"name\":\"Dayco Corporate\",\"alternateName\":\"Propulsion Solutions\",\"url\":\"https:\/\/uncommonegg.com\/dayco\/pl\/\",\"logo\":{\"@type\":\"ImageObject\",\"inLanguage\":\"pl-PL\",\"@id\":\"https:\/\/uncommonegg.com\/dayco\/pl\/#\/schema\/logo\/image\/\",\"url\":\"http:\/\/uncommonegg.com\/dayco\/wp-content\/uploads\/2024\/01\/PS-Logo-SEO2.jpg\",\"contentUrl\":\"http:\/\/uncommonegg.com\/dayco\/wp-content\/uploads\/2024\/01\/PS-Logo-SEO2.jpg\",\"width\":696,\"height\":696,\"caption\":\"Dayco Corporate\"},\"image\":{\"@id\":\"https:\/\/uncommonegg.com\/dayco\/pl\/#\/schema\/logo\/image\/\"},\"sameAs\":[\"https:\/\/www.facebook.com\/DaycoOfficial\/\",\"https:\/\/twitter.com\/DaycoOfficial\",\"https:\/\/www.instagram.com\/daycoofficial\/\",\"https:\/\/www.linkedin.com\/company\/daycoofficial\/\",\"https:\/\/www.youtube.com\/DaycoOfficial\",\"https:\/\/en.wikipedia.org\/wiki\/Dayco\"]}]}<\/script>\n<meta property=\"product:brand\" content=\"Ci\u0119\u017ckich Pojazd\u00f3w OE\" \/>\n<meta property=\"product:price:amount\" content=\"0.00\" \/>\n<meta property=\"product:price:currency\" content=\"EUR\" \/>\n<meta property=\"og:availability\" content=\"instock\" \/>\n<meta property=\"product:availability\" content=\"instock\" \/>\n<meta property=\"product:retailer_item_id\" content=\"CDMPHD\" \/>\n<meta property=\"product:condition\" content=\"new\" \/>\n<!-- \/ Yoast SEO plugin. -->","yoast_head_json":{"title":"T\u0142umiki Drga\u0144 Wa\u0142u Korbowego Ci\u0119\u017ckich Pojazd\u00f3w | Propulsion Solutions","robots":{"index":"noindex","follow":"follow","max-snippet":"max-snippet:-1","max-image-preview":"max-image-preview:large","max-video-preview":"max-video-preview:-1"},"og_locale":"pl_PL","og_type":"article","og_title":"T\u0142umiki Drga\u0144 Wa\u0142u Korbowego Ci\u0119\u017ckich Pojazd\u00f3w | Propulsion Solutions","og_description":"Dayco posiada bogate do\u015bwiadczenie, je\u015bli chodzi o innowacje, projektowanie i produkcj\u0119 t\u0142umik\u00f3w drga\u0144 stosowanych w lekkich oraz ci\u0119\u017ckich pojazdach u\u017cytkowych. Nasza technologia t\u0142umika drga\u0144, zaprojektowanego z my\u015bl\u0105 o ograniczaniu ha\u0142asu, drga\u0144 i nieregularnej pracy, zwi\u0119ksza do maksimum stabilno\u015b\u0107 uk\u0142adu, ogranicza do minimum zmiany napr\u0119\u017cenia paska, poprawia \u017cywotno\u015b\u0107 ca\u0142ego systemu i poszczeg\u00f3lnych komponent\u00f3w, a tak\u017ce pozwala zmniejszy\u0107 zu\u017cycie paliwa. Dayco wykorzystuje w\u0142asne oprogramowanie w po\u0142\u0105czeniu z...","og_url":"https:\/\/uncommonegg.com\/dayco\/pl\/produkt\/tlumiki-drgan-walu-korbowego-hd\/","og_site_name":"Propulsion Solutions","article_publisher":"https:\/\/www.facebook.com\/DaycoOfficial\/","article_modified_time":"2021-09-11T11:17:48+00:00","og_image":[{"width":609,"height":356,"url":"https:\/\/uncommonegg.com\/dayco\/wp-content\/uploads\/Crankshaft-Damp-1.jpg","type":"image\/jpeg"}],"twitter_card":"summary_large_image","twitter_site":"@DaycoOfficial","twitter_misc":{"Cena":"","Dost\u0119pno\u015b\u0107":"Dost\u0119pny"},"schema":{"@context":"https:\/\/schema.org","@graph":[{"@type":["WebPage","ItemPage"],"@id":"https:\/\/uncommonegg.com\/dayco\/pl\/produkt\/tlumiki-drgan-walu-korbowego-hd\/","url":"https:\/\/uncommonegg.com\/dayco\/pl\/produkt\/tlumiki-drgan-walu-korbowego-hd\/","name":"T\u0142umiki Drga\u0144 Wa\u0142u Korbowego Ci\u0119\u017ckich Pojazd\u00f3w | Propulsion Solutions","isPartOf":{"@id":"https:\/\/uncommonegg.com\/dayco\/pl\/#website"},"primaryImageOfPage":{"@id":"https:\/\/uncommonegg.com\/dayco\/pl\/produkt\/tlumiki-drgan-walu-korbowego-hd\/#primaryimage"},"image":{"@id":"https:\/\/uncommonegg.com\/dayco\/pl\/produkt\/tlumiki-drgan-walu-korbowego-hd\/#primaryimage"},"thumbnailUrl":"https:\/\/uncommonegg.com\/dayco\/wp-content\/uploads\/Crankshaft-Damp-1.jpg","datePublished":"2018-05-19T10:44:14+00:00","dateModified":"2021-09-11T11:17:48+00:00","breadcrumb":{"@id":"https:\/\/uncommonegg.com\/dayco\/pl\/produkt\/tlumiki-drgan-walu-korbowego-hd\/#breadcrumb"},"inLanguage":"pl-PL","potentialAction":[{"@type":"ReadAction","target":["https:\/\/uncommonegg.com\/dayco\/pl\/produkt\/tlumiki-drgan-walu-korbowego-hd\/"]}]},{"@type":"ImageObject","inLanguage":"pl-PL","@id":"https:\/\/uncommonegg.com\/dayco\/pl\/produkt\/tlumiki-drgan-walu-korbowego-hd\/#primaryimage","url":"https:\/\/uncommonegg.com\/dayco\/wp-content\/uploads\/Crankshaft-Damp-1.jpg","contentUrl":"https:\/\/uncommonegg.com\/dayco\/wp-content\/uploads\/Crankshaft-Damp-1.jpg","width":609,"height":356,"caption":"Crankshaft Damp 1"},{"@type":"BreadcrumbList","@id":"https:\/\/uncommonegg.com\/dayco\/pl\/produkt\/tlumiki-drgan-walu-korbowego-hd\/#breadcrumb","itemListElement":[{"@type":"ListItem","position":1,"name":"Strona g\u0142\u00f3wna","item":"https:\/\/uncommonegg.com\/dayco\/pl\/home\/"},{"@type":"ListItem","position":2,"name":"Produkty","item":"https:\/\/uncommonegg.com\/dayco\/pl\/produkty\/"},{"@type":"ListItem","position":3,"name":"T\u0142umiki Drga\u0144 Wa\u0142u Korbowego Ci\u0119\u017ckich Pojazd\u00f3w"}]},{"@type":"WebSite","@id":"https:\/\/uncommonegg.com\/dayco\/pl\/#website","url":"https:\/\/uncommonegg.com\/dayco\/pl\/","name":"Propulsion Solutions","description":"Move Forward. Always.\u2122","publisher":{"@id":"https:\/\/uncommonegg.com\/dayco\/pl\/#organization"},"alternateName":"Propulsion Solutions","potentialAction":[{"@type":"SearchAction","target":{"@type":"EntryPoint","urlTemplate":"https:\/\/uncommonegg.com\/dayco\/pl\/?s={search_term_string}"},"query-input":"required name=search_term_string"}],"inLanguage":"pl-PL"},{"@type":"Organization","@id":"https:\/\/uncommonegg.com\/dayco\/pl\/#organization","name":"Dayco Corporate","alternateName":"Propulsion Solutions","url":"https:\/\/uncommonegg.com\/dayco\/pl\/","logo":{"@type":"ImageObject","inLanguage":"pl-PL","@id":"https:\/\/uncommonegg.com\/dayco\/pl\/#\/schema\/logo\/image\/","url":"http:\/\/uncommonegg.com\/dayco\/wp-content\/uploads\/2024\/01\/PS-Logo-SEO2.jpg","contentUrl":"http:\/\/uncommonegg.com\/dayco\/wp-content\/uploads\/2024\/01\/PS-Logo-SEO2.jpg","width":696,"height":696,"caption":"Dayco Corporate"},"image":{"@id":"https:\/\/uncommonegg.com\/dayco\/pl\/#\/schema\/logo\/image\/"},"sameAs":["https:\/\/www.facebook.com\/DaycoOfficial\/","https:\/\/twitter.com\/DaycoOfficial","https:\/\/www.instagram.com\/daycoofficial\/","https:\/\/www.linkedin.com\/company\/daycoofficial\/","https:\/\/www.youtube.com\/DaycoOfficial","https:\/\/en.wikipedia.org\/wiki\/Dayco"]}]},"product_brand":"Ci\u0119\u017ckich Pojazd\u00f3w OE","product_price_amount":"0.00","product_price_currency":"EUR","og_availability":"instock","product_availability":"instock","product_retailer_item_id":"CDMPHD","product_condition":"new"},"_links":{"self":[{"href":"https:\/\/uncommonegg.com\/dayco\/pl\/wp-json\/wp\/v2\/product\/9527"}],"collection":[{"href":"https:\/\/uncommonegg.com\/dayco\/pl\/wp-json\/wp\/v2\/product"}],"about":[{"href":"https:\/\/uncommonegg.com\/dayco\/pl\/wp-json\/wp\/v2\/types\/product"}],"wp:featuredmedia":[{"embeddable":true,"href":"https:\/\/uncommonegg.com\/dayco\/pl\/wp-json\/wp\/v2\/media\/9013"}],"wp:attachment":[{"href":"https:\/\/uncommonegg.com\/dayco\/pl\/wp-json\/wp\/v2\/media?parent=9527"}],"wp:term":[{"taxonomy":"product_cat","embeddable":true,"href":"https:\/\/uncommonegg.com\/dayco\/pl\/wp-json\/wp\/v2\/product_cat?post=9527"},{"taxonomy":"product_tag","embeddable":true,"href":"https:\/\/uncommonegg.com\/dayco\/pl\/wp-json\/wp\/v2\/product_tag?post=9527"}],"curies":[{"name":"wp","href":"https:\/\/api.w.org\/{rel}","templated":true}]}}