{"id":54460,"date":"2018-05-15T23:07:58","date_gmt":"2018-05-15T21:07:58","guid":{"rendered":"http:\/\/uncommonegg.com\/dayco\/product\/napinacze-paskow-napedu-osprzetu-hd\/"},"modified":"2022-10-13T10:21:58","modified_gmt":"2022-10-13T08:21:58","slug":"napinacze-paskow-napedu-osprzetu-hd","status":"publish","type":"product","link":"https:\/\/uncommonegg.com\/dayco\/pl\/produkt\/napinacze-paskow-napedu-osprzetu-hd\/","title":{"rendered":"Napinacze Pask\u00f3w Nap\u0119du Osprz\u0119tu Ci\u0119\u017ckich Pojazd\u00f3w"},"content":{"rendered":"<p><strong>Zastosowania: <\/strong>Samochody ci\u0119\u017carowe, autobusy, maszyny budowlane, maszyny rolnicze<\/p>\n<p>Dayco ma w swojej ofercie \u015bwiatowej klasy napinacze automatyczne projektowane i opracowywane z my\u015bl\u0105 o wymagaj\u0105cych warunkach w sektorze przemys\u0142owym. Napinacze Dayco klasy premium zosta\u0142y sprawdzone w licznych zastosowaniach w pojazdach przemys\u0142owych i u\u017cytkowych. Zapewniaj\u0105 one wiod\u0105cym \u015bwiatowym producentom oryginalnego wyposa\u017cenia wysoki stopie\u0144 bezpiecze\u0144stwa i pewno\u015bci w odniesieniu do r\u00f3\u017cnych uk\u0142ad\u00f3w pomocniczego nap\u0119du przedniego. Napinacze te, w po\u0142\u0105czeniu z paskami, amortyzatorami, odsprz\u0119gaczami i innymi komponentami Dayco, tworz\u0105 system i umo\u017cliwiaj\u0105 dostosowywanie do wymaga\u0144 danego zastosowania.<\/p>\n<p><strong>Cechy\/Zalety:<\/strong><\/p>\n<ul>\n<li>Automatyczne napinacze, kt\u00f3re zapewniaj\u0105 d\u0142ugotrwa\u0142\u0105 wysok\u0105 wydajno\u015b\u0107 pojazdu w ci\u0119\u017ckich warunkach pracy<\/li>\n<li>Sprawdzone w r\u00f3\u017cnych zastosowaniach z wykorzystaniem pojazd\u00f3w przemys\u0142owych i u\u017cytkowych w uk\u0142adach nap\u0119du przedniego<\/li>\n<li>Bezpiecze\u0144stwo i niezawodno\u015b\u0107 przy najlepszej w swojej klasie trwa\u0142o\u015bci<\/li>\n<li>Mniejszy poziom drga\u0144 i strat wynikaj\u0105cych z tarcia zapewnia optymaln\u0105 wydajno\u015b\u0107<\/li>\n<li>Konkurencyjne i wysoce wydajne napinacze pask\u00f3w do nap\u0119d\u00f3w osprz\u0119tu<\/li>\n<\/ul>\n<p><strong>Dodatkowa warto\u015b\u0107 dla klient\u00f3w:<\/strong><\/p>\n<ul>\n<li>\u015awiatowej klasy mo\u017cliwo\u015bci badawczo-rozwojowe i testowania oraz produkcja lokalna we wszystkich znacz\u0105cych lokalizacjach pozwalaj\u0105ca na dostawy na ca\u0142y \u015bwiat<\/li>\n<li>Dostawy do wiod\u0105cych producent\u00f3w pojazd\u00f3w do zastosowa\u0144 w warunkach du\u017cych obci\u0105\u017ce\u0144<\/li>\n<li>Rozwi\u0105zania z my\u015bl\u0105 o zr\u00f3wnowa\u017conej mobilno\u015bci przysz\u0142o\u015bci zapewniaj\u0105ce u\u017cytkownikom bezproblemow\u0105 obs\u0142ug\u0119<\/li>\n<li>Niezawodne i ekologiczne napinacze pask\u00f3w o zredukowanym do minimum poziomie odg\u0142os\u00f3w, drga\u0144 i szorstko\u015bci<\/li>\n<li>Ni\u017cszy ca\u0142kowity koszt eksploatacji<\/li>\n<\/ul>\n","protected":false},"excerpt":{"rendered":"<p>Zastosowania: Samochody ci\u0119\u017carowe, autobusy, maszyny budowlane, maszyny rolnicze Dayco ma w swojej ofercie \u015bwiatowej klasy napinacze automatyczne projektowane i opracowywane z my\u015bl\u0105 o wymagaj\u0105cych warunkach w sektorze przemys\u0142owym. Napinacze Dayco klasy premium zosta\u0142y sprawdzone w licznych zastosowaniach w pojazdach przemys\u0142owych i u\u017cytkowych. Zapewniaj\u0105 one wiod\u0105cym \u015bwiatowym producentom oryginalnego wyposa\u017cenia wysoki stopie\u0144 bezpiecze\u0144stwa i pewno\u015bci w odniesieniu do r\u00f3\u017cnych uk\u0142ad\u00f3w pomocniczego nap\u0119du przedniego. Napinacze te, w&#8230;<\/p>\n","protected":false},"featured_media":8992,"template":"","meta":[],"product_cat":[469],"product_tag":[],"yoast_head":"<!-- This site is optimized with the Yoast SEO plugin v22.4 - https:\/\/yoast.com\/wordpress\/plugins\/seo\/ -->\n<title>Napinacze Pask\u00f3w Nap\u0119du Osprz\u0119tu Ci\u0119\u017ckich Pojazd\u00f3w | Propulsion Solutions<\/title>\n<meta name=\"robots\" content=\"noindex, follow, max-snippet:-1, max-image-preview:large, max-video-preview:-1\" \/>\n<meta property=\"og:locale\" content=\"pl_PL\" \/>\n<meta property=\"og:type\" content=\"article\" \/>\n<meta property=\"og:title\" content=\"Napinacze Pask\u00f3w Nap\u0119du Osprz\u0119tu Ci\u0119\u017ckich Pojazd\u00f3w | Propulsion Solutions\" \/>\n<meta property=\"og:description\" content=\"Zastosowania: Samochody ci\u0119\u017carowe, autobusy, maszyny budowlane, maszyny rolnicze Dayco ma w swojej ofercie \u015bwiatowej klasy napinacze automatyczne projektowane i opracowywane z my\u015bl\u0105 o wymagaj\u0105cych warunkach w sektorze przemys\u0142owym. Napinacze Dayco klasy premium zosta\u0142y sprawdzone w licznych zastosowaniach w pojazdach przemys\u0142owych i u\u017cytkowych. Zapewniaj\u0105 one wiod\u0105cym \u015bwiatowym producentom oryginalnego wyposa\u017cenia wysoki stopie\u0144 bezpiecze\u0144stwa i pewno\u015bci w odniesieniu do r\u00f3\u017cnych uk\u0142ad\u00f3w pomocniczego nap\u0119du przedniego. Napinacze te, w...\" \/>\n<meta property=\"og:url\" content=\"https:\/\/uncommonegg.com\/dayco\/pl\/produkt\/napinacze-paskow-napedu-osprzetu-hd\/\" \/>\n<meta property=\"og:site_name\" content=\"Propulsion Solutions\" \/>\n<meta property=\"article:publisher\" content=\"https:\/\/www.facebook.com\/DaycoOfficial\/\" \/>\n<meta property=\"article:modified_time\" content=\"2022-10-13T08:21:58+00:00\" \/>\n<meta property=\"og:image\" content=\"https:\/\/uncommonegg.com\/dayco\/wp-content\/uploads\/Accessory-Drive-Tens-HD-1.jpg\" \/>\n\t<meta property=\"og:image:width\" content=\"609\" \/>\n\t<meta property=\"og:image:height\" content=\"356\" \/>\n\t<meta property=\"og:image:type\" content=\"image\/jpeg\" \/>\n<meta name=\"twitter:card\" content=\"summary_large_image\" \/>\n<meta name=\"twitter:site\" content=\"@DaycoOfficial\" \/>\n<meta name=\"twitter:label1\" content=\"Cena\" \/>\n\t<meta name=\"twitter:data1\" content=\"\" \/>\n\t<meta name=\"twitter:label2\" content=\"Dost\u0119pno\u015b\u0107\" \/>\n\t<meta name=\"twitter:data2\" content=\"Dost\u0119pny\" \/>\n<script type=\"application\/ld+json\" class=\"yoast-schema-graph\">{\"@context\":\"https:\/\/schema.org\",\"@graph\":[{\"@type\":[\"WebPage\",\"ItemPage\"],\"@id\":\"https:\/\/uncommonegg.com\/dayco\/pl\/produkt\/napinacze-paskow-napedu-osprzetu-hd\/\",\"url\":\"https:\/\/uncommonegg.com\/dayco\/pl\/produkt\/napinacze-paskow-napedu-osprzetu-hd\/\",\"name\":\"Napinacze Pask\u00f3w Nap\u0119du Osprz\u0119tu Ci\u0119\u017ckich Pojazd\u00f3w | Propulsion Solutions\",\"isPartOf\":{\"@id\":\"https:\/\/uncommonegg.com\/dayco\/pl\/#website\"},\"primaryImageOfPage\":{\"@id\":\"https:\/\/uncommonegg.com\/dayco\/pl\/produkt\/napinacze-paskow-napedu-osprzetu-hd\/#primaryimage\"},\"image\":{\"@id\":\"https:\/\/uncommonegg.com\/dayco\/pl\/produkt\/napinacze-paskow-napedu-osprzetu-hd\/#primaryimage\"},\"thumbnailUrl\":\"https:\/\/uncommonegg.com\/dayco\/wp-content\/uploads\/Accessory-Drive-Tens-HD-1.jpg\",\"datePublished\":\"2018-05-15T21:07:58+00:00\",\"dateModified\":\"2022-10-13T08:21:58+00:00\",\"breadcrumb\":{\"@id\":\"https:\/\/uncommonegg.com\/dayco\/pl\/produkt\/napinacze-paskow-napedu-osprzetu-hd\/#breadcrumb\"},\"inLanguage\":\"pl-PL\",\"potentialAction\":[{\"@type\":\"ReadAction\",\"target\":[\"https:\/\/uncommonegg.com\/dayco\/pl\/produkt\/napinacze-paskow-napedu-osprzetu-hd\/\"]}]},{\"@type\":\"ImageObject\",\"inLanguage\":\"pl-PL\",\"@id\":\"https:\/\/uncommonegg.com\/dayco\/pl\/produkt\/napinacze-paskow-napedu-osprzetu-hd\/#primaryimage\",\"url\":\"https:\/\/uncommonegg.com\/dayco\/wp-content\/uploads\/Accessory-Drive-Tens-HD-1.jpg\",\"contentUrl\":\"https:\/\/uncommonegg.com\/dayco\/wp-content\/uploads\/Accessory-Drive-Tens-HD-1.jpg\",\"width\":609,\"height\":356,\"caption\":\"Accessory-Drive-Tens-HD-1\"},{\"@type\":\"BreadcrumbList\",\"@id\":\"https:\/\/uncommonegg.com\/dayco\/pl\/produkt\/napinacze-paskow-napedu-osprzetu-hd\/#breadcrumb\",\"itemListElement\":[{\"@type\":\"ListItem\",\"position\":1,\"name\":\"Strona g\u0142\u00f3wna\",\"item\":\"https:\/\/uncommonegg.com\/dayco\/pl\/home\/\"},{\"@type\":\"ListItem\",\"position\":2,\"name\":\"Produkty\",\"item\":\"https:\/\/uncommonegg.com\/dayco\/pl\/produkty\/\"},{\"@type\":\"ListItem\",\"position\":3,\"name\":\"Napinacze Pask\u00f3w Nap\u0119du Osprz\u0119tu Ci\u0119\u017ckich Pojazd\u00f3w\"}]},{\"@type\":\"WebSite\",\"@id\":\"https:\/\/uncommonegg.com\/dayco\/pl\/#website\",\"url\":\"https:\/\/uncommonegg.com\/dayco\/pl\/\",\"name\":\"Propulsion Solutions\",\"description\":\"Move Forward. Always.\u2122\",\"publisher\":{\"@id\":\"https:\/\/uncommonegg.com\/dayco\/pl\/#organization\"},\"alternateName\":\"Propulsion Solutions\",\"potentialAction\":[{\"@type\":\"SearchAction\",\"target\":{\"@type\":\"EntryPoint\",\"urlTemplate\":\"https:\/\/uncommonegg.com\/dayco\/pl\/?s={search_term_string}\"},\"query-input\":\"required name=search_term_string\"}],\"inLanguage\":\"pl-PL\"},{\"@type\":\"Organization\",\"@id\":\"https:\/\/uncommonegg.com\/dayco\/pl\/#organization\",\"name\":\"Dayco Corporate\",\"alternateName\":\"Propulsion Solutions\",\"url\":\"https:\/\/uncommonegg.com\/dayco\/pl\/\",\"logo\":{\"@type\":\"ImageObject\",\"inLanguage\":\"pl-PL\",\"@id\":\"https:\/\/uncommonegg.com\/dayco\/pl\/#\/schema\/logo\/image\/\",\"url\":\"http:\/\/uncommonegg.com\/dayco\/wp-content\/uploads\/2024\/01\/PS-Logo-SEO2.jpg\",\"contentUrl\":\"http:\/\/uncommonegg.com\/dayco\/wp-content\/uploads\/2024\/01\/PS-Logo-SEO2.jpg\",\"width\":696,\"height\":696,\"caption\":\"Dayco Corporate\"},\"image\":{\"@id\":\"https:\/\/uncommonegg.com\/dayco\/pl\/#\/schema\/logo\/image\/\"},\"sameAs\":[\"https:\/\/www.facebook.com\/DaycoOfficial\/\",\"https:\/\/twitter.com\/DaycoOfficial\",\"https:\/\/www.instagram.com\/daycoofficial\/\",\"https:\/\/www.linkedin.com\/company\/daycoofficial\/\",\"https:\/\/www.youtube.com\/DaycoOfficial\",\"https:\/\/en.wikipedia.org\/wiki\/Dayco\"]}]}<\/script>\n<meta property=\"product:brand\" content=\"Ci\u0119\u017ckich Pojazd\u00f3w OE\" \/>\n<meta property=\"product:price:amount\" content=\"0.00\" \/>\n<meta property=\"product:price:currency\" content=\"EUR\" \/>\n<meta property=\"og:availability\" content=\"instock\" \/>\n<meta property=\"product:availability\" content=\"instock\" \/>\n<meta property=\"product:retailer_item_id\" content=\"APVHD\" \/>\n<meta property=\"product:condition\" content=\"new\" \/>\n<!-- \/ Yoast SEO plugin. -->","yoast_head_json":{"title":"Napinacze Pask\u00f3w Nap\u0119du Osprz\u0119tu Ci\u0119\u017ckich Pojazd\u00f3w | Propulsion Solutions","robots":{"index":"noindex","follow":"follow","max-snippet":"max-snippet:-1","max-image-preview":"max-image-preview:large","max-video-preview":"max-video-preview:-1"},"og_locale":"pl_PL","og_type":"article","og_title":"Napinacze Pask\u00f3w Nap\u0119du Osprz\u0119tu Ci\u0119\u017ckich Pojazd\u00f3w | Propulsion Solutions","og_description":"Zastosowania: Samochody ci\u0119\u017carowe, autobusy, maszyny budowlane, maszyny rolnicze Dayco ma w swojej ofercie \u015bwiatowej klasy napinacze automatyczne projektowane i opracowywane z my\u015bl\u0105 o wymagaj\u0105cych warunkach w sektorze przemys\u0142owym. Napinacze Dayco klasy premium zosta\u0142y sprawdzone w licznych zastosowaniach w pojazdach przemys\u0142owych i u\u017cytkowych. Zapewniaj\u0105 one wiod\u0105cym \u015bwiatowym producentom oryginalnego wyposa\u017cenia wysoki stopie\u0144 bezpiecze\u0144stwa i pewno\u015bci w odniesieniu do r\u00f3\u017cnych uk\u0142ad\u00f3w pomocniczego nap\u0119du przedniego. Napinacze te, w...","og_url":"https:\/\/uncommonegg.com\/dayco\/pl\/produkt\/napinacze-paskow-napedu-osprzetu-hd\/","og_site_name":"Propulsion Solutions","article_publisher":"https:\/\/www.facebook.com\/DaycoOfficial\/","article_modified_time":"2022-10-13T08:21:58+00:00","og_image":[{"width":609,"height":356,"url":"https:\/\/uncommonegg.com\/dayco\/wp-content\/uploads\/Accessory-Drive-Tens-HD-1.jpg","type":"image\/jpeg"}],"twitter_card":"summary_large_image","twitter_site":"@DaycoOfficial","twitter_misc":{"Cena":"","Dost\u0119pno\u015b\u0107":"Dost\u0119pny"},"schema":{"@context":"https:\/\/schema.org","@graph":[{"@type":["WebPage","ItemPage"],"@id":"https:\/\/uncommonegg.com\/dayco\/pl\/produkt\/napinacze-paskow-napedu-osprzetu-hd\/","url":"https:\/\/uncommonegg.com\/dayco\/pl\/produkt\/napinacze-paskow-napedu-osprzetu-hd\/","name":"Napinacze Pask\u00f3w Nap\u0119du Osprz\u0119tu Ci\u0119\u017ckich Pojazd\u00f3w | Propulsion Solutions","isPartOf":{"@id":"https:\/\/uncommonegg.com\/dayco\/pl\/#website"},"primaryImageOfPage":{"@id":"https:\/\/uncommonegg.com\/dayco\/pl\/produkt\/napinacze-paskow-napedu-osprzetu-hd\/#primaryimage"},"image":{"@id":"https:\/\/uncommonegg.com\/dayco\/pl\/produkt\/napinacze-paskow-napedu-osprzetu-hd\/#primaryimage"},"thumbnailUrl":"https:\/\/uncommonegg.com\/dayco\/wp-content\/uploads\/Accessory-Drive-Tens-HD-1.jpg","datePublished":"2018-05-15T21:07:58+00:00","dateModified":"2022-10-13T08:21:58+00:00","breadcrumb":{"@id":"https:\/\/uncommonegg.com\/dayco\/pl\/produkt\/napinacze-paskow-napedu-osprzetu-hd\/#breadcrumb"},"inLanguage":"pl-PL","potentialAction":[{"@type":"ReadAction","target":["https:\/\/uncommonegg.com\/dayco\/pl\/produkt\/napinacze-paskow-napedu-osprzetu-hd\/"]}]},{"@type":"ImageObject","inLanguage":"pl-PL","@id":"https:\/\/uncommonegg.com\/dayco\/pl\/produkt\/napinacze-paskow-napedu-osprzetu-hd\/#primaryimage","url":"https:\/\/uncommonegg.com\/dayco\/wp-content\/uploads\/Accessory-Drive-Tens-HD-1.jpg","contentUrl":"https:\/\/uncommonegg.com\/dayco\/wp-content\/uploads\/Accessory-Drive-Tens-HD-1.jpg","width":609,"height":356,"caption":"Accessory-Drive-Tens-HD-1"},{"@type":"BreadcrumbList","@id":"https:\/\/uncommonegg.com\/dayco\/pl\/produkt\/napinacze-paskow-napedu-osprzetu-hd\/#breadcrumb","itemListElement":[{"@type":"ListItem","position":1,"name":"Strona g\u0142\u00f3wna","item":"https:\/\/uncommonegg.com\/dayco\/pl\/home\/"},{"@type":"ListItem","position":2,"name":"Produkty","item":"https:\/\/uncommonegg.com\/dayco\/pl\/produkty\/"},{"@type":"ListItem","position":3,"name":"Napinacze Pask\u00f3w Nap\u0119du Osprz\u0119tu Ci\u0119\u017ckich Pojazd\u00f3w"}]},{"@type":"WebSite","@id":"https:\/\/uncommonegg.com\/dayco\/pl\/#website","url":"https:\/\/uncommonegg.com\/dayco\/pl\/","name":"Propulsion Solutions","description":"Move Forward. Always.\u2122","publisher":{"@id":"https:\/\/uncommonegg.com\/dayco\/pl\/#organization"},"alternateName":"Propulsion Solutions","potentialAction":[{"@type":"SearchAction","target":{"@type":"EntryPoint","urlTemplate":"https:\/\/uncommonegg.com\/dayco\/pl\/?s={search_term_string}"},"query-input":"required name=search_term_string"}],"inLanguage":"pl-PL"},{"@type":"Organization","@id":"https:\/\/uncommonegg.com\/dayco\/pl\/#organization","name":"Dayco Corporate","alternateName":"Propulsion Solutions","url":"https:\/\/uncommonegg.com\/dayco\/pl\/","logo":{"@type":"ImageObject","inLanguage":"pl-PL","@id":"https:\/\/uncommonegg.com\/dayco\/pl\/#\/schema\/logo\/image\/","url":"http:\/\/uncommonegg.com\/dayco\/wp-content\/uploads\/2024\/01\/PS-Logo-SEO2.jpg","contentUrl":"http:\/\/uncommonegg.com\/dayco\/wp-content\/uploads\/2024\/01\/PS-Logo-SEO2.jpg","width":696,"height":696,"caption":"Dayco Corporate"},"image":{"@id":"https:\/\/uncommonegg.com\/dayco\/pl\/#\/schema\/logo\/image\/"},"sameAs":["https:\/\/www.facebook.com\/DaycoOfficial\/","https:\/\/twitter.com\/DaycoOfficial","https:\/\/www.instagram.com\/daycoofficial\/","https:\/\/www.linkedin.com\/company\/daycoofficial\/","https:\/\/www.youtube.com\/DaycoOfficial","https:\/\/en.wikipedia.org\/wiki\/Dayco"]}]},"product_brand":"Ci\u0119\u017ckich Pojazd\u00f3w OE","product_price_amount":"0.00","product_price_currency":"EUR","og_availability":"instock","product_availability":"instock","product_retailer_item_id":"APVHD","product_condition":"new"},"_links":{"self":[{"href":"https:\/\/uncommonegg.com\/dayco\/pl\/wp-json\/wp\/v2\/product\/54460"}],"collection":[{"href":"https:\/\/uncommonegg.com\/dayco\/pl\/wp-json\/wp\/v2\/product"}],"about":[{"href":"https:\/\/uncommonegg.com\/dayco\/pl\/wp-json\/wp\/v2\/types\/product"}],"wp:featuredmedia":[{"embeddable":true,"href":"https:\/\/uncommonegg.com\/dayco\/pl\/wp-json\/wp\/v2\/media\/8992"}],"wp:attachment":[{"href":"https:\/\/uncommonegg.com\/dayco\/pl\/wp-json\/wp\/v2\/media?parent=54460"}],"wp:term":[{"taxonomy":"product_cat","embeddable":true,"href":"https:\/\/uncommonegg.com\/dayco\/pl\/wp-json\/wp\/v2\/product_cat?post=54460"},{"taxonomy":"product_tag","embeddable":true,"href":"https:\/\/uncommonegg.com\/dayco\/pl\/wp-json\/wp\/v2\/product_tag?post=54460"}],"curies":[{"name":"wp","href":"https:\/\/api.w.org\/{rel}","templated":true}]}}