{"id":54455,"date":"2018-05-17T22:57:37","date_gmt":"2018-05-17T20:57:37","guid":{"rendered":"http:\/\/uncommonegg.com\/dayco\/product\/system-wytwarzania-podcisnienia\/"},"modified":"2018-05-17T22:57:37","modified_gmt":"2018-05-17T20:57:37","slug":"system-wytwarzania-podcisnienia","status":"publish","type":"product","link":"https:\/\/uncommonegg.com\/dayco\/pl\/produkt\/system-wytwarzania-podcisnienia\/","title":{"rendered":"System Wytwarzania Podci\u015bnienia"},"content":{"rendered":"<p>Jednym z najnowszych produkt\u00f3w Dayco tworzonych z my\u015bl\u0105 o wy\u017cszej efektywno\u015bci paliwowej pojazd\u00f3w jest system wytwarzania podci\u015bnienia. Zesp\u00f3\u0142 systemu wytwarzania podci\u015bnienia, zaprojektowany do system\u00f3w wymagaj\u0105cych pr\u00f3\u017cni, takich jak wspomaganie hamulc\u00f3w, uk\u0142ad oczyszczania opar\u00f3w paliwa czy uk\u0142ad wentylacji skrzyni korbowej, zast\u0119puje kosztowne, ci\u0119\u017ckie i zu\u017cywaj\u0105ce paliwo mechaniczne oraz elektryczne pompy podci\u015bnienia montowane w wielu silnikach wsp\u00f3\u0142czesnych samochod\u00f3w.<\/p>\n<p>System wytwarzania podci\u015bnienia Dayco obejmuje r\u00f3wnie\u017c szereg samodzielnych komponent\u00f3w silnika, takich jak zasysacze, ejektory, zawory sterowania przep\u0142ywem, zawory zwrotne i t\u0142umiki ha\u0142asu, wszystkie produkowane z my\u015bl\u0105 o zwi\u0119kszaniu wydajno\u015bci i efektywno\u015bci uk\u0142ad\u00f3w pr\u00f3\u017cniowych przy jednoczesnym ograniczaniu masy silnik\u00f3w. Te wprowadzaj\u0105ce now\u0105 jako\u015b\u0107 technologie przek\u0142adaj\u0105 si\u0119 r\u00f3wnie\u017c na bezpo\u015brednie korzy\u015bci dla kierowcy. Przyk\u0142adowo nasz podci\u015bnieniowy zesp\u00f3\u0142 wspomagania hamulca skutkuje ni\u017csz\u0105 twardo\u015bci\u0105 peda\u0142u hamulca i bardziej jednolit\u0105 jego prac\u0105. Twardo\u015b\u0107 peda\u0142u hamulca nie wzro\u015bnie nawet po kilkukrotnym jego u\u017cyciu, co mo\u017ce mie\u0107 miejsce podczas manewr\u00f3w parkingowych, dzi\u0119ki czemu komfort prowadzenia samochodu znacz\u0105co si\u0119 poprawi.<\/p>\n","protected":false},"excerpt":{"rendered":"<p>Jednym z najnowszych produkt\u00f3w Dayco tworzonych z my\u015bl\u0105 o wy\u017cszej efektywno\u015bci paliwowej pojazd\u00f3w jest system wytwarzania podci\u015bnienia. Zesp\u00f3\u0142 systemu wytwarzania podci\u015bnienia, zaprojektowany do system\u00f3w wymagaj\u0105cych pr\u00f3\u017cni, takich jak wspomaganie hamulc\u00f3w, uk\u0142ad oczyszczania opar\u00f3w paliwa czy uk\u0142ad wentylacji skrzyni korbowej, zast\u0119puje kosztowne, ci\u0119\u017ckie i zu\u017cywaj\u0105ce paliwo mechaniczne oraz elektryczne pompy podci\u015bnienia montowane w wielu silnikach wsp\u00f3\u0142czesnych samochod\u00f3w. System wytwarzania podci\u015bnienia Dayco obejmuje r\u00f3wnie\u017c szereg samodzielnych komponent\u00f3w&#8230;<\/p>\n","protected":false},"featured_media":8997,"template":"","meta":[],"product_cat":[475],"product_tag":[],"yoast_head":"<!-- This site is optimized with the Yoast SEO plugin v22.4 - https:\/\/yoast.com\/wordpress\/plugins\/seo\/ -->\n<title>System Wytwarzania Podci\u015bnienia | Propulsion Solutions<\/title>\n<meta name=\"description\" content=\"With focus on increasing fuel efficiency, one of Dayco\u2019s newest products is our Vacuum Generation System, engineered for systems requiring vacuum.\" \/>\n<meta name=\"robots\" content=\"noindex, follow, max-snippet:-1, max-image-preview:large, max-video-preview:-1\" \/>\n<meta property=\"og:locale\" content=\"pl_PL\" \/>\n<meta property=\"og:type\" content=\"article\" \/>\n<meta property=\"og:title\" content=\"System Wytwarzania Podci\u015bnienia | Propulsion Solutions\" \/>\n<meta property=\"og:description\" content=\"With focus on increasing fuel efficiency, one of Dayco\u2019s newest products is our Vacuum Generation System, engineered for systems requiring vacuum.\" \/>\n<meta property=\"og:url\" content=\"https:\/\/uncommonegg.com\/dayco\/pl\/produkt\/system-wytwarzania-podcisnienia\/\" \/>\n<meta property=\"og:site_name\" content=\"Propulsion Solutions\" \/>\n<meta property=\"article:publisher\" content=\"https:\/\/www.facebook.com\/DaycoOfficial\/\" \/>\n<meta property=\"og:image\" content=\"https:\/\/uncommonegg.com\/dayco\/wp-content\/uploads\/VGS-1.png\" \/>\n\t<meta property=\"og:image:width\" content=\"609\" \/>\n\t<meta property=\"og:image:height\" content=\"356\" \/>\n\t<meta property=\"og:image:type\" content=\"image\/png\" \/>\n<meta name=\"twitter:card\" content=\"summary_large_image\" \/>\n<meta name=\"twitter:site\" content=\"@DaycoOfficial\" \/>\n<meta name=\"twitter:label1\" content=\"Cena\" \/>\n\t<meta name=\"twitter:data1\" content=\"\" \/>\n\t<meta name=\"twitter:label2\" content=\"Dost\u0119pno\u015b\u0107\" \/>\n\t<meta name=\"twitter:data2\" content=\"Dost\u0119pny\" \/>\n<script type=\"application\/ld+json\" class=\"yoast-schema-graph\">{\"@context\":\"https:\/\/schema.org\",\"@graph\":[{\"@type\":[\"WebPage\",\"ItemPage\"],\"@id\":\"https:\/\/uncommonegg.com\/dayco\/pl\/produkt\/system-wytwarzania-podcisnienia\/\",\"url\":\"https:\/\/uncommonegg.com\/dayco\/pl\/produkt\/system-wytwarzania-podcisnienia\/\",\"name\":\"System Wytwarzania Podci\u015bnienia | Propulsion Solutions\",\"isPartOf\":{\"@id\":\"https:\/\/uncommonegg.com\/dayco\/pl\/#website\"},\"primaryImageOfPage\":{\"@id\":\"https:\/\/uncommonegg.com\/dayco\/pl\/produkt\/system-wytwarzania-podcisnienia\/#primaryimage\"},\"image\":{\"@id\":\"https:\/\/uncommonegg.com\/dayco\/pl\/produkt\/system-wytwarzania-podcisnienia\/#primaryimage\"},\"thumbnailUrl\":\"https:\/\/uncommonegg.com\/dayco\/wp-content\/uploads\/VGS-1.png\",\"datePublished\":\"2018-05-17T20:57:37+00:00\",\"dateModified\":\"2018-05-17T20:57:37+00:00\",\"description\":\"With focus on increasing fuel efficiency, one of Dayco\u2019s newest products is our Vacuum Generation System, engineered for systems requiring vacuum.\",\"breadcrumb\":{\"@id\":\"https:\/\/uncommonegg.com\/dayco\/pl\/produkt\/system-wytwarzania-podcisnienia\/#breadcrumb\"},\"inLanguage\":\"pl-PL\",\"potentialAction\":[{\"@type\":\"ReadAction\",\"target\":[\"https:\/\/uncommonegg.com\/dayco\/pl\/produkt\/system-wytwarzania-podcisnienia\/\"]}]},{\"@type\":\"ImageObject\",\"inLanguage\":\"pl-PL\",\"@id\":\"https:\/\/uncommonegg.com\/dayco\/pl\/produkt\/system-wytwarzania-podcisnienia\/#primaryimage\",\"url\":\"https:\/\/uncommonegg.com\/dayco\/wp-content\/uploads\/VGS-1.png\",\"contentUrl\":\"https:\/\/uncommonegg.com\/dayco\/wp-content\/uploads\/VGS-1.png\",\"width\":609,\"height\":356,\"caption\":\"VGS-1\"},{\"@type\":\"BreadcrumbList\",\"@id\":\"https:\/\/uncommonegg.com\/dayco\/pl\/produkt\/system-wytwarzania-podcisnienia\/#breadcrumb\",\"itemListElement\":[{\"@type\":\"ListItem\",\"position\":1,\"name\":\"Strona g\u0142\u00f3wna\",\"item\":\"https:\/\/uncommonegg.com\/dayco\/pl\/home\/\"},{\"@type\":\"ListItem\",\"position\":2,\"name\":\"Produkty\",\"item\":\"https:\/\/uncommonegg.com\/dayco\/pl\/produkty\/\"},{\"@type\":\"ListItem\",\"position\":3,\"name\":\"System Wytwarzania Podci\u015bnienia\"}]},{\"@type\":\"WebSite\",\"@id\":\"https:\/\/uncommonegg.com\/dayco\/pl\/#website\",\"url\":\"https:\/\/uncommonegg.com\/dayco\/pl\/\",\"name\":\"Propulsion Solutions\",\"description\":\"Move Forward. Always.\u2122\",\"publisher\":{\"@id\":\"https:\/\/uncommonegg.com\/dayco\/pl\/#organization\"},\"alternateName\":\"Propulsion Solutions\",\"potentialAction\":[{\"@type\":\"SearchAction\",\"target\":{\"@type\":\"EntryPoint\",\"urlTemplate\":\"https:\/\/uncommonegg.com\/dayco\/pl\/?s={search_term_string}\"},\"query-input\":\"required name=search_term_string\"}],\"inLanguage\":\"pl-PL\"},{\"@type\":\"Organization\",\"@id\":\"https:\/\/uncommonegg.com\/dayco\/pl\/#organization\",\"name\":\"Dayco Corporate\",\"alternateName\":\"Propulsion Solutions\",\"url\":\"https:\/\/uncommonegg.com\/dayco\/pl\/\",\"logo\":{\"@type\":\"ImageObject\",\"inLanguage\":\"pl-PL\",\"@id\":\"https:\/\/uncommonegg.com\/dayco\/pl\/#\/schema\/logo\/image\/\",\"url\":\"http:\/\/uncommonegg.com\/dayco\/wp-content\/uploads\/2024\/01\/PS-Logo-SEO2.jpg\",\"contentUrl\":\"http:\/\/uncommonegg.com\/dayco\/wp-content\/uploads\/2024\/01\/PS-Logo-SEO2.jpg\",\"width\":696,\"height\":696,\"caption\":\"Dayco Corporate\"},\"image\":{\"@id\":\"https:\/\/uncommonegg.com\/dayco\/pl\/#\/schema\/logo\/image\/\"},\"sameAs\":[\"https:\/\/www.facebook.com\/DaycoOfficial\/\",\"https:\/\/twitter.com\/DaycoOfficial\",\"https:\/\/www.instagram.com\/daycoofficial\/\",\"https:\/\/www.linkedin.com\/company\/daycoofficial\/\",\"https:\/\/www.youtube.com\/DaycoOfficial\",\"https:\/\/en.wikipedia.org\/wiki\/Dayco\"]}]}<\/script>\n<meta property=\"product:brand\" content=\"Pojazdy Lekkie OE\" \/>\n<meta property=\"product:price:amount\" content=\"0.00\" \/>\n<meta property=\"product:price:currency\" content=\"EUR\" \/>\n<meta property=\"og:availability\" content=\"instock\" \/>\n<meta property=\"product:availability\" content=\"instock\" \/>\n<meta property=\"product:condition\" content=\"new\" \/>\n<!-- \/ Yoast SEO plugin. -->","yoast_head_json":{"title":"System Wytwarzania Podci\u015bnienia | Propulsion Solutions","description":"With focus on increasing fuel efficiency, one of Dayco\u2019s newest products is our Vacuum Generation System, engineered for systems requiring vacuum.","robots":{"index":"noindex","follow":"follow","max-snippet":"max-snippet:-1","max-image-preview":"max-image-preview:large","max-video-preview":"max-video-preview:-1"},"og_locale":"pl_PL","og_type":"article","og_title":"System Wytwarzania Podci\u015bnienia | Propulsion Solutions","og_description":"With focus on increasing fuel efficiency, one of Dayco\u2019s newest products is our Vacuum Generation System, engineered for systems requiring vacuum.","og_url":"https:\/\/uncommonegg.com\/dayco\/pl\/produkt\/system-wytwarzania-podcisnienia\/","og_site_name":"Propulsion Solutions","article_publisher":"https:\/\/www.facebook.com\/DaycoOfficial\/","og_image":[{"width":609,"height":356,"url":"https:\/\/uncommonegg.com\/dayco\/wp-content\/uploads\/VGS-1.png","type":"image\/png"}],"twitter_card":"summary_large_image","twitter_site":"@DaycoOfficial","twitter_misc":{"Cena":"","Dost\u0119pno\u015b\u0107":"Dost\u0119pny"},"schema":{"@context":"https:\/\/schema.org","@graph":[{"@type":["WebPage","ItemPage"],"@id":"https:\/\/uncommonegg.com\/dayco\/pl\/produkt\/system-wytwarzania-podcisnienia\/","url":"https:\/\/uncommonegg.com\/dayco\/pl\/produkt\/system-wytwarzania-podcisnienia\/","name":"System Wytwarzania Podci\u015bnienia | Propulsion Solutions","isPartOf":{"@id":"https:\/\/uncommonegg.com\/dayco\/pl\/#website"},"primaryImageOfPage":{"@id":"https:\/\/uncommonegg.com\/dayco\/pl\/produkt\/system-wytwarzania-podcisnienia\/#primaryimage"},"image":{"@id":"https:\/\/uncommonegg.com\/dayco\/pl\/produkt\/system-wytwarzania-podcisnienia\/#primaryimage"},"thumbnailUrl":"https:\/\/uncommonegg.com\/dayco\/wp-content\/uploads\/VGS-1.png","datePublished":"2018-05-17T20:57:37+00:00","dateModified":"2018-05-17T20:57:37+00:00","description":"With focus on increasing fuel efficiency, one of Dayco\u2019s newest products is our Vacuum Generation System, engineered for systems requiring vacuum.","breadcrumb":{"@id":"https:\/\/uncommonegg.com\/dayco\/pl\/produkt\/system-wytwarzania-podcisnienia\/#breadcrumb"},"inLanguage":"pl-PL","potentialAction":[{"@type":"ReadAction","target":["https:\/\/uncommonegg.com\/dayco\/pl\/produkt\/system-wytwarzania-podcisnienia\/"]}]},{"@type":"ImageObject","inLanguage":"pl-PL","@id":"https:\/\/uncommonegg.com\/dayco\/pl\/produkt\/system-wytwarzania-podcisnienia\/#primaryimage","url":"https:\/\/uncommonegg.com\/dayco\/wp-content\/uploads\/VGS-1.png","contentUrl":"https:\/\/uncommonegg.com\/dayco\/wp-content\/uploads\/VGS-1.png","width":609,"height":356,"caption":"VGS-1"},{"@type":"BreadcrumbList","@id":"https:\/\/uncommonegg.com\/dayco\/pl\/produkt\/system-wytwarzania-podcisnienia\/#breadcrumb","itemListElement":[{"@type":"ListItem","position":1,"name":"Strona g\u0142\u00f3wna","item":"https:\/\/uncommonegg.com\/dayco\/pl\/home\/"},{"@type":"ListItem","position":2,"name":"Produkty","item":"https:\/\/uncommonegg.com\/dayco\/pl\/produkty\/"},{"@type":"ListItem","position":3,"name":"System Wytwarzania Podci\u015bnienia"}]},{"@type":"WebSite","@id":"https:\/\/uncommonegg.com\/dayco\/pl\/#website","url":"https:\/\/uncommonegg.com\/dayco\/pl\/","name":"Propulsion Solutions","description":"Move Forward. Always.\u2122","publisher":{"@id":"https:\/\/uncommonegg.com\/dayco\/pl\/#organization"},"alternateName":"Propulsion Solutions","potentialAction":[{"@type":"SearchAction","target":{"@type":"EntryPoint","urlTemplate":"https:\/\/uncommonegg.com\/dayco\/pl\/?s={search_term_string}"},"query-input":"required name=search_term_string"}],"inLanguage":"pl-PL"},{"@type":"Organization","@id":"https:\/\/uncommonegg.com\/dayco\/pl\/#organization","name":"Dayco Corporate","alternateName":"Propulsion Solutions","url":"https:\/\/uncommonegg.com\/dayco\/pl\/","logo":{"@type":"ImageObject","inLanguage":"pl-PL","@id":"https:\/\/uncommonegg.com\/dayco\/pl\/#\/schema\/logo\/image\/","url":"http:\/\/uncommonegg.com\/dayco\/wp-content\/uploads\/2024\/01\/PS-Logo-SEO2.jpg","contentUrl":"http:\/\/uncommonegg.com\/dayco\/wp-content\/uploads\/2024\/01\/PS-Logo-SEO2.jpg","width":696,"height":696,"caption":"Dayco Corporate"},"image":{"@id":"https:\/\/uncommonegg.com\/dayco\/pl\/#\/schema\/logo\/image\/"},"sameAs":["https:\/\/www.facebook.com\/DaycoOfficial\/","https:\/\/twitter.com\/DaycoOfficial","https:\/\/www.instagram.com\/daycoofficial\/","https:\/\/www.linkedin.com\/company\/daycoofficial\/","https:\/\/www.youtube.com\/DaycoOfficial","https:\/\/en.wikipedia.org\/wiki\/Dayco"]}]},"product_brand":"Pojazdy Lekkie OE","product_price_amount":"0.00","product_price_currency":"EUR","og_availability":"instock","product_availability":"instock","product_condition":"new"},"_links":{"self":[{"href":"https:\/\/uncommonegg.com\/dayco\/pl\/wp-json\/wp\/v2\/product\/54455"}],"collection":[{"href":"https:\/\/uncommonegg.com\/dayco\/pl\/wp-json\/wp\/v2\/product"}],"about":[{"href":"https:\/\/uncommonegg.com\/dayco\/pl\/wp-json\/wp\/v2\/types\/product"}],"wp:featuredmedia":[{"embeddable":true,"href":"https:\/\/uncommonegg.com\/dayco\/pl\/wp-json\/wp\/v2\/media\/8997"}],"wp:attachment":[{"href":"https:\/\/uncommonegg.com\/dayco\/pl\/wp-json\/wp\/v2\/media?parent=54455"}],"wp:term":[{"taxonomy":"product_cat","embeddable":true,"href":"https:\/\/uncommonegg.com\/dayco\/pl\/wp-json\/wp\/v2\/product_cat?post=54455"},{"taxonomy":"product_tag","embeddable":true,"href":"https:\/\/uncommonegg.com\/dayco\/pl\/wp-json\/wp\/v2\/product_tag?post=54455"}],"curies":[{"name":"wp","href":"https:\/\/api.w.org\/{rel}","templated":true}]}}