{"id":52660,"date":"2018-05-18T11:58:12","date_gmt":"2018-05-18T09:58:12","guid":{"rendered":"http:\/\/uncommonegg.com\/dayco\/product\/tlumiki-drgan-ukladow-napedowych\/"},"modified":"2018-07-04T15:16:17","modified_gmt":"2018-07-04T13:16:17","slug":"tlumiki-drgan-ukladow-napedowych","status":"publish","type":"product","link":"https:\/\/uncommonegg.com\/dayco\/pl\/produkt\/tlumiki-drgan-ukladow-napedowych\/","title":{"rendered":"T\u0142umiki Drga\u0144 Uk\u0142ad\u00f3w Nap\u0119dowych"},"content":{"rendered":"<p>Dayco posiada bogate do\u015bwiadczenie w projektowaniu i produkcji t\u0142umik\u00f3w drga\u0144 uk\u0142ad\u00f3w nap\u0119dowych i wie, jak surowe s\u0105 wymagania klient\u00f3w dzia\u0142aj\u0105cych w tej bran\u017cy. T\u0142umiki tego typu projektowane s\u0105 pod k\u0105tem konkretnego rodzaju drga\u0144, jakie maj\u0105 t\u0142umi\u0107 (liniowe, skr\u0119tne lub mieszane). Innowacyjno\u015b\u0107 i kreatywno\u015b\u0107 w po\u0142\u0105czeniu z narz\u0119dziami do analizy i\u00a0weryfikacji empirycznej stanowi\u0105 kluczowe czynniki, kt\u00f3re wyr\u00f3\u017cniaj\u0105 Dayco jako technicznego lidera w tej dziedzinie. The Recessed Belt Damper (RBD), Radial Internal Tube Damper (Radial ITD) oraz Low Frequency Grommet Damper (LFGD): to wszystko przyk\u0142ady inteligentnego, oryginalnego i kreatywnego podej\u015bcia Dayco do opracowywania rozwi\u0105za\u0144 dla naszych klient\u00f3w.<\/p>\n<p>Dayco wyra\u017anie przewy\u017csza swoich konkurent\u00f3w mo\u017cliwo\u015bci\u0105 projektowania wielofunkcyjnych t\u0142umik\u00f3w wykorzystuj\u0105cych jeden tylko system masy odspr\u0119\u017cynowanej. Jest to mo\u017cliwe dzi\u0119ki autorskiemu algorytmowi oprogramowania, kt\u00f3re w ca\u0142ej bran\u017cy nie ma sobie r\u00f3wnych pod wzgl\u0119dem szybko\u015bci i wydajno\u015bci, co umo\u017cliwia szybkie opracowywanie cz\u0119\u015bci maj\u0105cych wp\u0142yw zar\u00f3wno na koszty, jak i\u00a0redukcj\u0119 masy. Po opracowaniu analitycznym t\u0142umiki drga\u0144 uk\u0142ad\u00f3w nap\u0119dowych Dayco poddawane s\u0105 testom wydajno\u015bci i trwa\u0142o\u015bci, aby zapewni\u0107 prawid\u0142owe dzia\u0142anie w\u00a0przypadku danego zastosowania.<\/p>\n","protected":false},"excerpt":{"rendered":"<p>Dayco posiada bogate do\u015bwiadczenie w projektowaniu i produkcji t\u0142umik\u00f3w drga\u0144 uk\u0142ad\u00f3w nap\u0119dowych i wie, jak surowe s\u0105 wymagania klient\u00f3w dzia\u0142aj\u0105cych w tej bran\u017cy. T\u0142umiki tego typu projektowane s\u0105 pod k\u0105tem konkretnego rodzaju drga\u0144, jakie maj\u0105 t\u0142umi\u0107 (liniowe, skr\u0119tne lub mieszane). Innowacyjno\u015b\u0107 i kreatywno\u015b\u0107 w po\u0142\u0105czeniu z narz\u0119dziami do analizy i\u00a0weryfikacji empirycznej stanowi\u0105 kluczowe czynniki, kt\u00f3re wyr\u00f3\u017cniaj\u0105 Dayco jako technicznego lidera w tej dziedzinie. The Recessed&#8230;<\/p>\n","protected":false},"featured_media":9009,"template":"","meta":[],"product_cat":[475],"product_tag":[],"yoast_head":"<!-- This site is optimized with the Yoast SEO plugin v22.4 - https:\/\/yoast.com\/wordpress\/plugins\/seo\/ -->\n<title>T\u0142umiki Drga\u0144 Uk\u0142ad\u00f3w Nap\u0119dowych | Propulsion Solutions<\/title>\n<meta name=\"robots\" content=\"noindex, follow, max-snippet:-1, max-image-preview:large, max-video-preview:-1\" \/>\n<meta property=\"og:locale\" content=\"pl_PL\" \/>\n<meta property=\"og:type\" content=\"article\" \/>\n<meta property=\"og:title\" content=\"T\u0142umiki Drga\u0144 Uk\u0142ad\u00f3w Nap\u0119dowych | Propulsion Solutions\" \/>\n<meta property=\"og:description\" content=\"Dayco posiada bogate do\u015bwiadczenie w projektowaniu i produkcji t\u0142umik\u00f3w drga\u0144 uk\u0142ad\u00f3w nap\u0119dowych i wie, jak surowe s\u0105 wymagania klient\u00f3w dzia\u0142aj\u0105cych w tej bran\u017cy. T\u0142umiki tego typu projektowane s\u0105 pod k\u0105tem konkretnego rodzaju drga\u0144, jakie maj\u0105 t\u0142umi\u0107 (liniowe, skr\u0119tne lub mieszane). Innowacyjno\u015b\u0107 i kreatywno\u015b\u0107 w po\u0142\u0105czeniu z narz\u0119dziami do analizy i\u00a0weryfikacji empirycznej stanowi\u0105 kluczowe czynniki, kt\u00f3re wyr\u00f3\u017cniaj\u0105 Dayco jako technicznego lidera w tej dziedzinie. The Recessed...\" \/>\n<meta property=\"og:url\" content=\"https:\/\/uncommonegg.com\/dayco\/pl\/produkt\/tlumiki-drgan-ukladow-napedowych\/\" \/>\n<meta property=\"og:site_name\" content=\"Propulsion Solutions\" \/>\n<meta property=\"article:publisher\" content=\"https:\/\/www.facebook.com\/DaycoOfficial\/\" \/>\n<meta property=\"article:modified_time\" content=\"2018-07-04T13:16:17+00:00\" \/>\n<meta property=\"og:image\" content=\"https:\/\/uncommonegg.com\/dayco\/wp-content\/uploads\/Driveline-Damp-1.jpg\" \/>\n\t<meta property=\"og:image:width\" content=\"609\" \/>\n\t<meta property=\"og:image:height\" content=\"356\" \/>\n\t<meta property=\"og:image:type\" content=\"image\/jpeg\" \/>\n<meta name=\"twitter:card\" content=\"summary_large_image\" \/>\n<meta name=\"twitter:site\" content=\"@DaycoOfficial\" \/>\n<meta name=\"twitter:label1\" content=\"Cena\" \/>\n\t<meta name=\"twitter:data1\" content=\"\" \/>\n\t<meta name=\"twitter:label2\" content=\"Dost\u0119pno\u015b\u0107\" \/>\n\t<meta name=\"twitter:data2\" content=\"Dost\u0119pny\" \/>\n<script type=\"application\/ld+json\" class=\"yoast-schema-graph\">{\"@context\":\"https:\/\/schema.org\",\"@graph\":[{\"@type\":[\"WebPage\",\"ItemPage\"],\"@id\":\"https:\/\/uncommonegg.com\/dayco\/pl\/produkt\/tlumiki-drgan-ukladow-napedowych\/\",\"url\":\"https:\/\/uncommonegg.com\/dayco\/pl\/produkt\/tlumiki-drgan-ukladow-napedowych\/\",\"name\":\"T\u0142umiki Drga\u0144 Uk\u0142ad\u00f3w Nap\u0119dowych | Propulsion Solutions\",\"isPartOf\":{\"@id\":\"https:\/\/uncommonegg.com\/dayco\/pl\/#website\"},\"primaryImageOfPage\":{\"@id\":\"https:\/\/uncommonegg.com\/dayco\/pl\/produkt\/tlumiki-drgan-ukladow-napedowych\/#primaryimage\"},\"image\":{\"@id\":\"https:\/\/uncommonegg.com\/dayco\/pl\/produkt\/tlumiki-drgan-ukladow-napedowych\/#primaryimage\"},\"thumbnailUrl\":\"https:\/\/uncommonegg.com\/dayco\/wp-content\/uploads\/Driveline-Damp-1.jpg\",\"datePublished\":\"2018-05-18T09:58:12+00:00\",\"dateModified\":\"2018-07-04T13:16:17+00:00\",\"breadcrumb\":{\"@id\":\"https:\/\/uncommonegg.com\/dayco\/pl\/produkt\/tlumiki-drgan-ukladow-napedowych\/#breadcrumb\"},\"inLanguage\":\"pl-PL\",\"potentialAction\":[{\"@type\":\"ReadAction\",\"target\":[\"https:\/\/uncommonegg.com\/dayco\/pl\/produkt\/tlumiki-drgan-ukladow-napedowych\/\"]}]},{\"@type\":\"ImageObject\",\"inLanguage\":\"pl-PL\",\"@id\":\"https:\/\/uncommonegg.com\/dayco\/pl\/produkt\/tlumiki-drgan-ukladow-napedowych\/#primaryimage\",\"url\":\"https:\/\/uncommonegg.com\/dayco\/wp-content\/uploads\/Driveline-Damp-1.jpg\",\"contentUrl\":\"https:\/\/uncommonegg.com\/dayco\/wp-content\/uploads\/Driveline-Damp-1.jpg\",\"width\":609,\"height\":356,\"caption\":\"Driveline-Damp-1\"},{\"@type\":\"BreadcrumbList\",\"@id\":\"https:\/\/uncommonegg.com\/dayco\/pl\/produkt\/tlumiki-drgan-ukladow-napedowych\/#breadcrumb\",\"itemListElement\":[{\"@type\":\"ListItem\",\"position\":1,\"name\":\"Strona g\u0142\u00f3wna\",\"item\":\"https:\/\/uncommonegg.com\/dayco\/pl\/home\/\"},{\"@type\":\"ListItem\",\"position\":2,\"name\":\"Produkty\",\"item\":\"https:\/\/uncommonegg.com\/dayco\/pl\/produkty\/\"},{\"@type\":\"ListItem\",\"position\":3,\"name\":\"T\u0142umiki Drga\u0144 Uk\u0142ad\u00f3w Nap\u0119dowych\"}]},{\"@type\":\"WebSite\",\"@id\":\"https:\/\/uncommonegg.com\/dayco\/pl\/#website\",\"url\":\"https:\/\/uncommonegg.com\/dayco\/pl\/\",\"name\":\"Propulsion Solutions\",\"description\":\"Move Forward. Always.\u2122\",\"publisher\":{\"@id\":\"https:\/\/uncommonegg.com\/dayco\/pl\/#organization\"},\"alternateName\":\"Propulsion Solutions\",\"potentialAction\":[{\"@type\":\"SearchAction\",\"target\":{\"@type\":\"EntryPoint\",\"urlTemplate\":\"https:\/\/uncommonegg.com\/dayco\/pl\/?s={search_term_string}\"},\"query-input\":\"required name=search_term_string\"}],\"inLanguage\":\"pl-PL\"},{\"@type\":\"Organization\",\"@id\":\"https:\/\/uncommonegg.com\/dayco\/pl\/#organization\",\"name\":\"Dayco Corporate\",\"alternateName\":\"Propulsion Solutions\",\"url\":\"https:\/\/uncommonegg.com\/dayco\/pl\/\",\"logo\":{\"@type\":\"ImageObject\",\"inLanguage\":\"pl-PL\",\"@id\":\"https:\/\/uncommonegg.com\/dayco\/pl\/#\/schema\/logo\/image\/\",\"url\":\"http:\/\/uncommonegg.com\/dayco\/wp-content\/uploads\/2024\/01\/PS-Logo-SEO2.jpg\",\"contentUrl\":\"http:\/\/uncommonegg.com\/dayco\/wp-content\/uploads\/2024\/01\/PS-Logo-SEO2.jpg\",\"width\":696,\"height\":696,\"caption\":\"Dayco Corporate\"},\"image\":{\"@id\":\"https:\/\/uncommonegg.com\/dayco\/pl\/#\/schema\/logo\/image\/\"},\"sameAs\":[\"https:\/\/www.facebook.com\/DaycoOfficial\/\",\"https:\/\/twitter.com\/DaycoOfficial\",\"https:\/\/www.instagram.com\/daycoofficial\/\",\"https:\/\/www.linkedin.com\/company\/daycoofficial\/\",\"https:\/\/www.youtube.com\/DaycoOfficial\",\"https:\/\/en.wikipedia.org\/wiki\/Dayco\"]}]}<\/script>\n<meta property=\"product:brand\" content=\"Pojazdy Lekkie OE\" \/>\n<meta property=\"product:price:amount\" content=\"0.00\" \/>\n<meta property=\"product:price:currency\" content=\"EUR\" \/>\n<meta property=\"og:availability\" content=\"instock\" \/>\n<meta property=\"product:availability\" content=\"instock\" \/>\n<meta property=\"product:retailer_item_id\" content=\"DMPLD\" \/>\n<meta property=\"product:condition\" content=\"new\" \/>\n<!-- \/ Yoast SEO plugin. -->","yoast_head_json":{"title":"T\u0142umiki Drga\u0144 Uk\u0142ad\u00f3w Nap\u0119dowych | Propulsion Solutions","robots":{"index":"noindex","follow":"follow","max-snippet":"max-snippet:-1","max-image-preview":"max-image-preview:large","max-video-preview":"max-video-preview:-1"},"og_locale":"pl_PL","og_type":"article","og_title":"T\u0142umiki Drga\u0144 Uk\u0142ad\u00f3w Nap\u0119dowych | Propulsion Solutions","og_description":"Dayco posiada bogate do\u015bwiadczenie w projektowaniu i produkcji t\u0142umik\u00f3w drga\u0144 uk\u0142ad\u00f3w nap\u0119dowych i wie, jak surowe s\u0105 wymagania klient\u00f3w dzia\u0142aj\u0105cych w tej bran\u017cy. T\u0142umiki tego typu projektowane s\u0105 pod k\u0105tem konkretnego rodzaju drga\u0144, jakie maj\u0105 t\u0142umi\u0107 (liniowe, skr\u0119tne lub mieszane). Innowacyjno\u015b\u0107 i kreatywno\u015b\u0107 w po\u0142\u0105czeniu z narz\u0119dziami do analizy i\u00a0weryfikacji empirycznej stanowi\u0105 kluczowe czynniki, kt\u00f3re wyr\u00f3\u017cniaj\u0105 Dayco jako technicznego lidera w tej dziedzinie. The Recessed...","og_url":"https:\/\/uncommonegg.com\/dayco\/pl\/produkt\/tlumiki-drgan-ukladow-napedowych\/","og_site_name":"Propulsion Solutions","article_publisher":"https:\/\/www.facebook.com\/DaycoOfficial\/","article_modified_time":"2018-07-04T13:16:17+00:00","og_image":[{"width":609,"height":356,"url":"https:\/\/uncommonegg.com\/dayco\/wp-content\/uploads\/Driveline-Damp-1.jpg","type":"image\/jpeg"}],"twitter_card":"summary_large_image","twitter_site":"@DaycoOfficial","twitter_misc":{"Cena":"","Dost\u0119pno\u015b\u0107":"Dost\u0119pny"},"schema":{"@context":"https:\/\/schema.org","@graph":[{"@type":["WebPage","ItemPage"],"@id":"https:\/\/uncommonegg.com\/dayco\/pl\/produkt\/tlumiki-drgan-ukladow-napedowych\/","url":"https:\/\/uncommonegg.com\/dayco\/pl\/produkt\/tlumiki-drgan-ukladow-napedowych\/","name":"T\u0142umiki Drga\u0144 Uk\u0142ad\u00f3w Nap\u0119dowych | Propulsion Solutions","isPartOf":{"@id":"https:\/\/uncommonegg.com\/dayco\/pl\/#website"},"primaryImageOfPage":{"@id":"https:\/\/uncommonegg.com\/dayco\/pl\/produkt\/tlumiki-drgan-ukladow-napedowych\/#primaryimage"},"image":{"@id":"https:\/\/uncommonegg.com\/dayco\/pl\/produkt\/tlumiki-drgan-ukladow-napedowych\/#primaryimage"},"thumbnailUrl":"https:\/\/uncommonegg.com\/dayco\/wp-content\/uploads\/Driveline-Damp-1.jpg","datePublished":"2018-05-18T09:58:12+00:00","dateModified":"2018-07-04T13:16:17+00:00","breadcrumb":{"@id":"https:\/\/uncommonegg.com\/dayco\/pl\/produkt\/tlumiki-drgan-ukladow-napedowych\/#breadcrumb"},"inLanguage":"pl-PL","potentialAction":[{"@type":"ReadAction","target":["https:\/\/uncommonegg.com\/dayco\/pl\/produkt\/tlumiki-drgan-ukladow-napedowych\/"]}]},{"@type":"ImageObject","inLanguage":"pl-PL","@id":"https:\/\/uncommonegg.com\/dayco\/pl\/produkt\/tlumiki-drgan-ukladow-napedowych\/#primaryimage","url":"https:\/\/uncommonegg.com\/dayco\/wp-content\/uploads\/Driveline-Damp-1.jpg","contentUrl":"https:\/\/uncommonegg.com\/dayco\/wp-content\/uploads\/Driveline-Damp-1.jpg","width":609,"height":356,"caption":"Driveline-Damp-1"},{"@type":"BreadcrumbList","@id":"https:\/\/uncommonegg.com\/dayco\/pl\/produkt\/tlumiki-drgan-ukladow-napedowych\/#breadcrumb","itemListElement":[{"@type":"ListItem","position":1,"name":"Strona g\u0142\u00f3wna","item":"https:\/\/uncommonegg.com\/dayco\/pl\/home\/"},{"@type":"ListItem","position":2,"name":"Produkty","item":"https:\/\/uncommonegg.com\/dayco\/pl\/produkty\/"},{"@type":"ListItem","position":3,"name":"T\u0142umiki Drga\u0144 Uk\u0142ad\u00f3w Nap\u0119dowych"}]},{"@type":"WebSite","@id":"https:\/\/uncommonegg.com\/dayco\/pl\/#website","url":"https:\/\/uncommonegg.com\/dayco\/pl\/","name":"Propulsion Solutions","description":"Move Forward. Always.\u2122","publisher":{"@id":"https:\/\/uncommonegg.com\/dayco\/pl\/#organization"},"alternateName":"Propulsion Solutions","potentialAction":[{"@type":"SearchAction","target":{"@type":"EntryPoint","urlTemplate":"https:\/\/uncommonegg.com\/dayco\/pl\/?s={search_term_string}"},"query-input":"required name=search_term_string"}],"inLanguage":"pl-PL"},{"@type":"Organization","@id":"https:\/\/uncommonegg.com\/dayco\/pl\/#organization","name":"Dayco Corporate","alternateName":"Propulsion Solutions","url":"https:\/\/uncommonegg.com\/dayco\/pl\/","logo":{"@type":"ImageObject","inLanguage":"pl-PL","@id":"https:\/\/uncommonegg.com\/dayco\/pl\/#\/schema\/logo\/image\/","url":"http:\/\/uncommonegg.com\/dayco\/wp-content\/uploads\/2024\/01\/PS-Logo-SEO2.jpg","contentUrl":"http:\/\/uncommonegg.com\/dayco\/wp-content\/uploads\/2024\/01\/PS-Logo-SEO2.jpg","width":696,"height":696,"caption":"Dayco Corporate"},"image":{"@id":"https:\/\/uncommonegg.com\/dayco\/pl\/#\/schema\/logo\/image\/"},"sameAs":["https:\/\/www.facebook.com\/DaycoOfficial\/","https:\/\/twitter.com\/DaycoOfficial","https:\/\/www.instagram.com\/daycoofficial\/","https:\/\/www.linkedin.com\/company\/daycoofficial\/","https:\/\/www.youtube.com\/DaycoOfficial","https:\/\/en.wikipedia.org\/wiki\/Dayco"]}]},"product_brand":"Pojazdy Lekkie OE","product_price_amount":"0.00","product_price_currency":"EUR","og_availability":"instock","product_availability":"instock","product_retailer_item_id":"DMPLD","product_condition":"new"},"_links":{"self":[{"href":"https:\/\/uncommonegg.com\/dayco\/pl\/wp-json\/wp\/v2\/product\/52660"}],"collection":[{"href":"https:\/\/uncommonegg.com\/dayco\/pl\/wp-json\/wp\/v2\/product"}],"about":[{"href":"https:\/\/uncommonegg.com\/dayco\/pl\/wp-json\/wp\/v2\/types\/product"}],"wp:featuredmedia":[{"embeddable":true,"href":"https:\/\/uncommonegg.com\/dayco\/pl\/wp-json\/wp\/v2\/media\/9009"}],"wp:attachment":[{"href":"https:\/\/uncommonegg.com\/dayco\/pl\/wp-json\/wp\/v2\/media?parent=52660"}],"wp:term":[{"taxonomy":"product_cat","embeddable":true,"href":"https:\/\/uncommonegg.com\/dayco\/pl\/wp-json\/wp\/v2\/product_cat?post=52660"},{"taxonomy":"product_tag","embeddable":true,"href":"https:\/\/uncommonegg.com\/dayco\/pl\/wp-json\/wp\/v2\/product_tag?post=52660"}],"curies":[{"name":"wp","href":"https:\/\/api.w.org\/{rel}","templated":true}]}}