{"id":52659,"date":"2018-05-18T12:13:18","date_gmt":"2018-05-18T10:13:18","guid":{"rendered":"http:\/\/uncommonegg.com\/dayco\/product\/sprzegla\/"},"modified":"2021-11-29T15:57:41","modified_gmt":"2021-11-29T14:57:41","slug":"sprzegla","status":"publish","type":"product","link":"https:\/\/uncommonegg.com\/dayco\/pl\/produkt\/sprzegla\/","title":{"rendered":"Sprz\u0119g\u0142a"},"content":{"rendered":"<p>D\u0105\u017c\u0105c do eliminowania drga\u0144 silnika i ograniczania ha\u0142asu, Dayco produkuje sprz\u0119g\u0142a wa\u0142u korbowego, kt\u00f3re s\u0105 uwzgl\u0119dniane w projektach wielu nowych, wysokowydajnych silnik\u00f3w. Nasza produkcja obejmuje wszystkie metody formowania wtryskowego i wulkanizacji elastomer\u00f3w, a tak\u017ce zaawansowane i trwa\u0142e izolatory oraz sprz\u0119g\u0142a spr\u0119\u017cynowe. Nasze najnowsze sprz\u0119g\u0142o wa\u0142u korbowego to innowacyjne urz\u0105dzenie posiadaj\u0105ce liczne funkcje, dzi\u0119ki czemu dostosowywane jest specjalnie do danego zastosowania. System t\u0142umi\u0105cy, roz\u0142\u0105czaj\u0105cy i wyprzedzaj\u0105cy (DDOS) zosta\u0142 zaprojektowany tak, by obejmowa\u0107 tradycyjny t\u0142umik drga\u0144, kt\u00f3ry ogranicza drgania skr\u0119tne wa\u0142u korbowego w wyniku impuls\u00f3w zap\u0142onu silnika. Posiada on r\u00f3wnie\u017c izolator spr\u0119\u017cynowy nap\u0119du osprz\u0119tu zapewniaj\u0105cy p\u0142ynne przekazywanie mocy, a\u00a0tak\u017ce nadaje si\u0119 do u\u017cytku w nap\u0119dach paska dla system\u00f3w Start &amp; Stop. Sprz\u0119g\u0142o jednokierunkowe w tym urz\u0105dzeniu pozwala r\u00f3wnie\u017c na ograniczenie po\u015blizgu sprz\u0119g\u0142a podczas mocnych przej\u015bciowych drga\u0144 skr\u0119tnych, na przyk\u0142ad podczas zwalniania lub przerw zap\u0142onu.<\/p>\n<p>Wszystkie te funkcje zapewnia jeden tylko produkt, kt\u00f3ry zwi\u0119ksza stabilno\u015b\u0107 uk\u0142adu, eliminuje uci\u0105\u017cliwy ha\u0142as, minimalizuje zmiany napi\u0119cia paska, poprawia \u017cywotno\u015b\u0107 uk\u0142adu i komponent\u00f3w oraz ogranicza zu\u017cycie paliwa.<\/p>\n","protected":false},"excerpt":{"rendered":"<p>D\u0105\u017c\u0105c do eliminowania drga\u0144 silnika i ograniczania ha\u0142asu, Dayco produkuje sprz\u0119g\u0142a wa\u0142u korbowego, kt\u00f3re s\u0105 uwzgl\u0119dniane w projektach wielu nowych, wysokowydajnych silnik\u00f3w. Nasza produkcja obejmuje wszystkie metody formowania wtryskowego i wulkanizacji elastomer\u00f3w, a tak\u017ce zaawansowane i trwa\u0142e izolatory oraz sprz\u0119g\u0142a spr\u0119\u017cynowe. Nasze najnowsze sprz\u0119g\u0142o wa\u0142u korbowego to innowacyjne urz\u0105dzenie posiadaj\u0105ce liczne funkcje, dzi\u0119ki czemu dostosowywane jest specjalnie do danego zastosowania. System t\u0142umi\u0105cy, roz\u0142\u0105czaj\u0105cy i wyprzedzaj\u0105cy&#8230;<\/p>\n","protected":false},"featured_media":87937,"template":"","meta":[],"product_cat":[475],"product_tag":[],"yoast_head":"<!-- This site is optimized with the Yoast SEO plugin v22.4 - https:\/\/yoast.com\/wordpress\/plugins\/seo\/ -->\n<title>Sprz\u0119g\u0142a | Propulsion Solutions<\/title>\n<meta name=\"description\" content=\"With a focus to eliminate engine vibration, optimize noise, and improve fuel economy, Dayco is successfully delivering hybrid systems and components for over a decade now and its high-performance industry-leading decoupler product line is a revolution to the premium and performance light vehicles.\" \/>\n<meta name=\"robots\" content=\"noindex, follow, max-snippet:-1, max-image-preview:large, max-video-preview:-1\" \/>\n<meta property=\"og:locale\" content=\"pl_PL\" \/>\n<meta property=\"og:type\" content=\"article\" \/>\n<meta property=\"og:title\" content=\"Sprz\u0119g\u0142a | Propulsion Solutions\" \/>\n<meta property=\"og:description\" content=\"With a focus to eliminate engine vibration, optimize noise, and improve fuel economy, Dayco is successfully delivering hybrid systems and components for over a decade now and its high-performance industry-leading decoupler product line is a revolution to the premium and performance light vehicles.\" \/>\n<meta property=\"og:url\" content=\"https:\/\/uncommonegg.com\/dayco\/pl\/produkt\/sprzegla\/\" \/>\n<meta property=\"og:site_name\" content=\"Propulsion Solutions\" \/>\n<meta property=\"article:publisher\" content=\"https:\/\/www.facebook.com\/DaycoOfficial\/\" \/>\n<meta property=\"article:modified_time\" content=\"2021-11-29T14:57:41+00:00\" \/>\n<meta property=\"og:image\" content=\"https:\/\/uncommonegg.com\/dayco\/wp-content\/uploads\/Decouplers-HD-1.jpg\" \/>\n\t<meta property=\"og:image:width\" content=\"609\" \/>\n\t<meta property=\"og:image:height\" content=\"356\" \/>\n\t<meta property=\"og:image:type\" content=\"image\/jpeg\" \/>\n<meta name=\"twitter:card\" content=\"summary_large_image\" \/>\n<meta name=\"twitter:site\" content=\"@DaycoOfficial\" \/>\n<meta name=\"twitter:label1\" content=\"Cena\" \/>\n\t<meta name=\"twitter:data1\" content=\"\" \/>\n\t<meta name=\"twitter:label2\" content=\"Dost\u0119pno\u015b\u0107\" \/>\n\t<meta name=\"twitter:data2\" content=\"Dost\u0119pny\" \/>\n<script type=\"application\/ld+json\" class=\"yoast-schema-graph\">{\"@context\":\"https:\/\/schema.org\",\"@graph\":[{\"@type\":[\"WebPage\",\"ItemPage\"],\"@id\":\"https:\/\/uncommonegg.com\/dayco\/pl\/produkt\/sprzegla\/\",\"url\":\"https:\/\/uncommonegg.com\/dayco\/pl\/produkt\/sprzegla\/\",\"name\":\"Sprz\u0119g\u0142a | Propulsion Solutions\",\"isPartOf\":{\"@id\":\"https:\/\/uncommonegg.com\/dayco\/pl\/#website\"},\"primaryImageOfPage\":{\"@id\":\"https:\/\/uncommonegg.com\/dayco\/pl\/produkt\/sprzegla\/#primaryimage\"},\"image\":{\"@id\":\"https:\/\/uncommonegg.com\/dayco\/pl\/produkt\/sprzegla\/#primaryimage\"},\"thumbnailUrl\":\"https:\/\/uncommonegg.com\/dayco\/wp-content\/uploads\/Decouplers-HD-1.jpg\",\"datePublished\":\"2018-05-18T10:13:18+00:00\",\"dateModified\":\"2021-11-29T14:57:41+00:00\",\"description\":\"With a focus to eliminate engine vibration, optimize noise, and improve fuel economy, Dayco is successfully delivering hybrid systems and components for over a decade now and its high-performance industry-leading decoupler product line is a revolution to the premium and performance light vehicles.\",\"breadcrumb\":{\"@id\":\"https:\/\/uncommonegg.com\/dayco\/pl\/produkt\/sprzegla\/#breadcrumb\"},\"inLanguage\":\"pl-PL\",\"potentialAction\":[{\"@type\":\"ReadAction\",\"target\":[\"https:\/\/uncommonegg.com\/dayco\/pl\/produkt\/sprzegla\/\"]}]},{\"@type\":\"ImageObject\",\"inLanguage\":\"pl-PL\",\"@id\":\"https:\/\/uncommonegg.com\/dayco\/pl\/produkt\/sprzegla\/#primaryimage\",\"url\":\"https:\/\/uncommonegg.com\/dayco\/wp-content\/uploads\/Decouplers-HD-1.jpg\",\"contentUrl\":\"https:\/\/uncommonegg.com\/dayco\/wp-content\/uploads\/Decouplers-HD-1.jpg\",\"width\":609,\"height\":356},{\"@type\":\"BreadcrumbList\",\"@id\":\"https:\/\/uncommonegg.com\/dayco\/pl\/produkt\/sprzegla\/#breadcrumb\",\"itemListElement\":[{\"@type\":\"ListItem\",\"position\":1,\"name\":\"Strona g\u0142\u00f3wna\",\"item\":\"https:\/\/uncommonegg.com\/dayco\/pl\/home\/\"},{\"@type\":\"ListItem\",\"position\":2,\"name\":\"Produkty\",\"item\":\"https:\/\/uncommonegg.com\/dayco\/pl\/produkty\/\"},{\"@type\":\"ListItem\",\"position\":3,\"name\":\"Sprz\u0119g\u0142a\"}]},{\"@type\":\"WebSite\",\"@id\":\"https:\/\/uncommonegg.com\/dayco\/pl\/#website\",\"url\":\"https:\/\/uncommonegg.com\/dayco\/pl\/\",\"name\":\"Propulsion Solutions\",\"description\":\"Move Forward. Always.\u2122\",\"publisher\":{\"@id\":\"https:\/\/uncommonegg.com\/dayco\/pl\/#organization\"},\"alternateName\":\"Propulsion Solutions\",\"potentialAction\":[{\"@type\":\"SearchAction\",\"target\":{\"@type\":\"EntryPoint\",\"urlTemplate\":\"https:\/\/uncommonegg.com\/dayco\/pl\/?s={search_term_string}\"},\"query-input\":\"required name=search_term_string\"}],\"inLanguage\":\"pl-PL\"},{\"@type\":\"Organization\",\"@id\":\"https:\/\/uncommonegg.com\/dayco\/pl\/#organization\",\"name\":\"Dayco Corporate\",\"alternateName\":\"Propulsion Solutions\",\"url\":\"https:\/\/uncommonegg.com\/dayco\/pl\/\",\"logo\":{\"@type\":\"ImageObject\",\"inLanguage\":\"pl-PL\",\"@id\":\"https:\/\/uncommonegg.com\/dayco\/pl\/#\/schema\/logo\/image\/\",\"url\":\"http:\/\/uncommonegg.com\/dayco\/wp-content\/uploads\/2024\/01\/PS-Logo-SEO2.jpg\",\"contentUrl\":\"http:\/\/uncommonegg.com\/dayco\/wp-content\/uploads\/2024\/01\/PS-Logo-SEO2.jpg\",\"width\":696,\"height\":696,\"caption\":\"Dayco Corporate\"},\"image\":{\"@id\":\"https:\/\/uncommonegg.com\/dayco\/pl\/#\/schema\/logo\/image\/\"},\"sameAs\":[\"https:\/\/www.facebook.com\/DaycoOfficial\/\",\"https:\/\/twitter.com\/DaycoOfficial\",\"https:\/\/www.instagram.com\/daycoofficial\/\",\"https:\/\/www.linkedin.com\/company\/daycoofficial\/\",\"https:\/\/www.youtube.com\/DaycoOfficial\",\"https:\/\/en.wikipedia.org\/wiki\/Dayco\"]}]}<\/script>\n<meta property=\"product:brand\" content=\"Pojazdy Lekkie OE\" \/>\n<meta property=\"product:price:amount\" content=\"0.00\" \/>\n<meta property=\"product:price:currency\" content=\"EUR\" \/>\n<meta property=\"og:availability\" content=\"instock\" \/>\n<meta property=\"product:availability\" content=\"instock\" \/>\n<meta property=\"product:retailer_item_id\" content=\"DECLD\" \/>\n<meta property=\"product:condition\" content=\"new\" \/>\n<!-- \/ Yoast SEO plugin. -->","yoast_head_json":{"title":"Sprz\u0119g\u0142a | Propulsion Solutions","description":"With a focus to eliminate engine vibration, optimize noise, and improve fuel economy, Dayco is successfully delivering hybrid systems and components for over a decade now and its high-performance industry-leading decoupler product line is a revolution to the premium and performance light vehicles.","robots":{"index":"noindex","follow":"follow","max-snippet":"max-snippet:-1","max-image-preview":"max-image-preview:large","max-video-preview":"max-video-preview:-1"},"og_locale":"pl_PL","og_type":"article","og_title":"Sprz\u0119g\u0142a | Propulsion Solutions","og_description":"With a focus to eliminate engine vibration, optimize noise, and improve fuel economy, Dayco is successfully delivering hybrid systems and components for over a decade now and its high-performance industry-leading decoupler product line is a revolution to the premium and performance light vehicles.","og_url":"https:\/\/uncommonegg.com\/dayco\/pl\/produkt\/sprzegla\/","og_site_name":"Propulsion Solutions","article_publisher":"https:\/\/www.facebook.com\/DaycoOfficial\/","article_modified_time":"2021-11-29T14:57:41+00:00","og_image":[{"width":609,"height":356,"url":"https:\/\/uncommonegg.com\/dayco\/wp-content\/uploads\/Decouplers-HD-1.jpg","type":"image\/jpeg"}],"twitter_card":"summary_large_image","twitter_site":"@DaycoOfficial","twitter_misc":{"Cena":"","Dost\u0119pno\u015b\u0107":"Dost\u0119pny"},"schema":{"@context":"https:\/\/schema.org","@graph":[{"@type":["WebPage","ItemPage"],"@id":"https:\/\/uncommonegg.com\/dayco\/pl\/produkt\/sprzegla\/","url":"https:\/\/uncommonegg.com\/dayco\/pl\/produkt\/sprzegla\/","name":"Sprz\u0119g\u0142a | Propulsion Solutions","isPartOf":{"@id":"https:\/\/uncommonegg.com\/dayco\/pl\/#website"},"primaryImageOfPage":{"@id":"https:\/\/uncommonegg.com\/dayco\/pl\/produkt\/sprzegla\/#primaryimage"},"image":{"@id":"https:\/\/uncommonegg.com\/dayco\/pl\/produkt\/sprzegla\/#primaryimage"},"thumbnailUrl":"https:\/\/uncommonegg.com\/dayco\/wp-content\/uploads\/Decouplers-HD-1.jpg","datePublished":"2018-05-18T10:13:18+00:00","dateModified":"2021-11-29T14:57:41+00:00","description":"With a focus to eliminate engine vibration, optimize noise, and improve fuel economy, Dayco is successfully delivering hybrid systems and components for over a decade now and its high-performance industry-leading decoupler product line is a revolution to the premium and performance light vehicles.","breadcrumb":{"@id":"https:\/\/uncommonegg.com\/dayco\/pl\/produkt\/sprzegla\/#breadcrumb"},"inLanguage":"pl-PL","potentialAction":[{"@type":"ReadAction","target":["https:\/\/uncommonegg.com\/dayco\/pl\/produkt\/sprzegla\/"]}]},{"@type":"ImageObject","inLanguage":"pl-PL","@id":"https:\/\/uncommonegg.com\/dayco\/pl\/produkt\/sprzegla\/#primaryimage","url":"https:\/\/uncommonegg.com\/dayco\/wp-content\/uploads\/Decouplers-HD-1.jpg","contentUrl":"https:\/\/uncommonegg.com\/dayco\/wp-content\/uploads\/Decouplers-HD-1.jpg","width":609,"height":356},{"@type":"BreadcrumbList","@id":"https:\/\/uncommonegg.com\/dayco\/pl\/produkt\/sprzegla\/#breadcrumb","itemListElement":[{"@type":"ListItem","position":1,"name":"Strona g\u0142\u00f3wna","item":"https:\/\/uncommonegg.com\/dayco\/pl\/home\/"},{"@type":"ListItem","position":2,"name":"Produkty","item":"https:\/\/uncommonegg.com\/dayco\/pl\/produkty\/"},{"@type":"ListItem","position":3,"name":"Sprz\u0119g\u0142a"}]},{"@type":"WebSite","@id":"https:\/\/uncommonegg.com\/dayco\/pl\/#website","url":"https:\/\/uncommonegg.com\/dayco\/pl\/","name":"Propulsion Solutions","description":"Move Forward. Always.\u2122","publisher":{"@id":"https:\/\/uncommonegg.com\/dayco\/pl\/#organization"},"alternateName":"Propulsion Solutions","potentialAction":[{"@type":"SearchAction","target":{"@type":"EntryPoint","urlTemplate":"https:\/\/uncommonegg.com\/dayco\/pl\/?s={search_term_string}"},"query-input":"required name=search_term_string"}],"inLanguage":"pl-PL"},{"@type":"Organization","@id":"https:\/\/uncommonegg.com\/dayco\/pl\/#organization","name":"Dayco Corporate","alternateName":"Propulsion Solutions","url":"https:\/\/uncommonegg.com\/dayco\/pl\/","logo":{"@type":"ImageObject","inLanguage":"pl-PL","@id":"https:\/\/uncommonegg.com\/dayco\/pl\/#\/schema\/logo\/image\/","url":"http:\/\/uncommonegg.com\/dayco\/wp-content\/uploads\/2024\/01\/PS-Logo-SEO2.jpg","contentUrl":"http:\/\/uncommonegg.com\/dayco\/wp-content\/uploads\/2024\/01\/PS-Logo-SEO2.jpg","width":696,"height":696,"caption":"Dayco Corporate"},"image":{"@id":"https:\/\/uncommonegg.com\/dayco\/pl\/#\/schema\/logo\/image\/"},"sameAs":["https:\/\/www.facebook.com\/DaycoOfficial\/","https:\/\/twitter.com\/DaycoOfficial","https:\/\/www.instagram.com\/daycoofficial\/","https:\/\/www.linkedin.com\/company\/daycoofficial\/","https:\/\/www.youtube.com\/DaycoOfficial","https:\/\/en.wikipedia.org\/wiki\/Dayco"]}]},"product_brand":"Pojazdy Lekkie OE","product_price_amount":"0.00","product_price_currency":"EUR","og_availability":"instock","product_availability":"instock","product_retailer_item_id":"DECLD","product_condition":"new"},"_links":{"self":[{"href":"https:\/\/uncommonegg.com\/dayco\/pl\/wp-json\/wp\/v2\/product\/52659"}],"collection":[{"href":"https:\/\/uncommonegg.com\/dayco\/pl\/wp-json\/wp\/v2\/product"}],"about":[{"href":"https:\/\/uncommonegg.com\/dayco\/pl\/wp-json\/wp\/v2\/types\/product"}],"wp:featuredmedia":[{"embeddable":true,"href":"https:\/\/uncommonegg.com\/dayco\/pl\/wp-json\/wp\/v2\/media\/87937"}],"wp:attachment":[{"href":"https:\/\/uncommonegg.com\/dayco\/pl\/wp-json\/wp\/v2\/media?parent=52659"}],"wp:term":[{"taxonomy":"product_cat","embeddable":true,"href":"https:\/\/uncommonegg.com\/dayco\/pl\/wp-json\/wp\/v2\/product_cat?post=52659"},{"taxonomy":"product_tag","embeddable":true,"href":"https:\/\/uncommonegg.com\/dayco\/pl\/wp-json\/wp\/v2\/product_tag?post=52659"}],"curies":[{"name":"wp","href":"https:\/\/api.w.org\/{rel}","templated":true}]}}