{"id":52038,"date":"2018-05-19T12:36:33","date_gmt":"2018-05-19T10:36:33","guid":{"rendered":"http:\/\/uncommonegg.com\/dayco\/product\/kola-pasowe-napedowe-i-jalowe-hd\/"},"modified":"2021-09-11T13:18:05","modified_gmt":"2021-09-11T11:18:05","slug":"kola-pasowe-napedowe-i-jalowe-hd","status":"publish","type":"product","link":"https:\/\/uncommonegg.com\/dayco\/pl\/produkt\/kola-pasowe-napedowe-i-jalowe-hd\/","title":{"rendered":"Ko\u0142a Pasowe Nap\u0119dowe i\u00a0Ja\u0142owe Ci\u0119\u017ckich Pojazd\u00f3w"},"content":{"rendered":"<p>Odpowiednia regulacja nap\u0119du jest kluczowa. Opr\u00f3cz pask\u00f3w i napinaczy pask\u00f3w nap\u0119du osprz\u0119tu Dayco oferuje szerok\u0105 gam\u0119 k\u00f3\u0142 pasowych nap\u0119dowych i\u00a0ja\u0142owych ze stali t\u0142oczonej i formowanej, tworzywa i sproszkowanego metalu, z r\u00f3\u017cnymi konfiguracjami \u0142o\u017cysk, aby sprosta\u0107 nawet najwy\u017cszym obci\u0105\u017ceniom paska. Dost\u0119pne s\u0105 ko\u0142a pasowe lu\u017ane, kt\u00f3re mo\u017cna montowa\u0107 z odpowiednio zaprojektowanymi wspornikami.<\/p>\n<p>Wykorzystywanie najnowocze\u015bniejszych, tr\u00f3jwymiarowych system\u00f3w wspomaganego komputerowo projektowania (CAD) i analizy gotowych element\u00f3w zapewnia optymaln\u0105 konstrukcj\u0119 o\u00a0maksymalnej sp\u00f3jno\u015bci zar\u00f3wno w przypadku k\u00f3\u0142 pasowych z tworzywa, jak i k\u00f3\u0142 metalowych. Ko\u0142a pasowe o bardziej g\u0142adkiej powierzchni i mniejszych tolerancjach wymiarowych pozwalaj\u0105 ograniczy\u0107 drgania, a tym samym wyd\u0142u\u017cy\u0107 \u017cywotno\u015b\u0107 paska. Smarowane \u0142o\u017cyska i odporne na wy\u017csze temperatury uszczelki zapewniaj\u0105 maksymaln\u0105 wydajno\u015b\u0107, co stanowi kluczowy element \u017cywotno\u015bci ko\u0142a pasowego.<\/p>\n","protected":false},"excerpt":{"rendered":"<p>Odpowiednia regulacja nap\u0119du jest kluczowa. Opr\u00f3cz pask\u00f3w i napinaczy pask\u00f3w nap\u0119du osprz\u0119tu Dayco oferuje szerok\u0105 gam\u0119 k\u00f3\u0142 pasowych nap\u0119dowych i\u00a0ja\u0142owych ze stali t\u0142oczonej i formowanej, tworzywa i sproszkowanego metalu, z r\u00f3\u017cnymi konfiguracjami \u0142o\u017cysk, aby sprosta\u0107 nawet najwy\u017cszym obci\u0105\u017ceniom paska. Dost\u0119pne s\u0105 ko\u0142a pasowe lu\u017ane, kt\u00f3re mo\u017cna montowa\u0107 z odpowiednio zaprojektowanymi wspornikami. Wykorzystywanie najnowocze\u015bniejszych, tr\u00f3jwymiarowych system\u00f3w wspomaganego komputerowo projektowania (CAD) i analizy gotowych element\u00f3w zapewnia optymaln\u0105&#8230;<\/p>\n","protected":false},"featured_media":8989,"template":"","meta":[],"product_cat":[469],"product_tag":[],"yoast_head":"<!-- This site is optimized with the Yoast SEO plugin v22.4 - https:\/\/yoast.com\/wordpress\/plugins\/seo\/ -->\n<title>Ko\u0142a Pasowe Nap\u0119dowe i\u00a0Ja\u0142owe Ci\u0119\u017ckich Pojazd\u00f3w | Propulsion Solutions<\/title>\n<meta name=\"robots\" content=\"noindex, follow, max-snippet:-1, max-image-preview:large, max-video-preview:-1\" \/>\n<meta property=\"og:locale\" content=\"pl_PL\" \/>\n<meta property=\"og:type\" content=\"article\" \/>\n<meta property=\"og:title\" content=\"Ko\u0142a Pasowe Nap\u0119dowe i\u00a0Ja\u0142owe Ci\u0119\u017ckich Pojazd\u00f3w | Propulsion Solutions\" \/>\n<meta property=\"og:description\" content=\"Odpowiednia regulacja nap\u0119du jest kluczowa. Opr\u00f3cz pask\u00f3w i napinaczy pask\u00f3w nap\u0119du osprz\u0119tu Dayco oferuje szerok\u0105 gam\u0119 k\u00f3\u0142 pasowych nap\u0119dowych i\u00a0ja\u0142owych ze stali t\u0142oczonej i formowanej, tworzywa i sproszkowanego metalu, z r\u00f3\u017cnymi konfiguracjami \u0142o\u017cysk, aby sprosta\u0107 nawet najwy\u017cszym obci\u0105\u017ceniom paska. Dost\u0119pne s\u0105 ko\u0142a pasowe lu\u017ane, kt\u00f3re mo\u017cna montowa\u0107 z odpowiednio zaprojektowanymi wspornikami. Wykorzystywanie najnowocze\u015bniejszych, tr\u00f3jwymiarowych system\u00f3w wspomaganego komputerowo projektowania (CAD) i analizy gotowych element\u00f3w zapewnia optymaln\u0105...\" \/>\n<meta property=\"og:url\" content=\"https:\/\/uncommonegg.com\/dayco\/pl\/produkt\/kola-pasowe-napedowe-i-jalowe-hd\/\" \/>\n<meta property=\"og:site_name\" content=\"Propulsion Solutions\" \/>\n<meta property=\"article:publisher\" content=\"https:\/\/www.facebook.com\/DaycoOfficial\/\" \/>\n<meta property=\"article:modified_time\" content=\"2021-09-11T11:18:05+00:00\" \/>\n<meta property=\"og:image\" content=\"https:\/\/uncommonegg.com\/dayco\/wp-content\/uploads\/Pulleys-HD-1.jpg\" \/>\n\t<meta property=\"og:image:width\" content=\"609\" \/>\n\t<meta property=\"og:image:height\" content=\"356\" \/>\n\t<meta property=\"og:image:type\" content=\"image\/jpeg\" \/>\n<meta name=\"twitter:card\" content=\"summary_large_image\" \/>\n<meta name=\"twitter:site\" content=\"@DaycoOfficial\" \/>\n<meta name=\"twitter:label1\" content=\"Cena\" \/>\n\t<meta name=\"twitter:data1\" content=\"\" \/>\n\t<meta name=\"twitter:label2\" content=\"Dost\u0119pno\u015b\u0107\" \/>\n\t<meta name=\"twitter:data2\" content=\"Dost\u0119pny\" \/>\n<script type=\"application\/ld+json\" class=\"yoast-schema-graph\">{\"@context\":\"https:\/\/schema.org\",\"@graph\":[{\"@type\":[\"WebPage\",\"ItemPage\"],\"@id\":\"https:\/\/uncommonegg.com\/dayco\/pl\/produkt\/kola-pasowe-napedowe-i-jalowe-hd\/\",\"url\":\"https:\/\/uncommonegg.com\/dayco\/pl\/produkt\/kola-pasowe-napedowe-i-jalowe-hd\/\",\"name\":\"Ko\u0142a Pasowe Nap\u0119dowe i\u00a0Ja\u0142owe Ci\u0119\u017ckich Pojazd\u00f3w | Propulsion Solutions\",\"isPartOf\":{\"@id\":\"https:\/\/uncommonegg.com\/dayco\/pl\/#website\"},\"primaryImageOfPage\":{\"@id\":\"https:\/\/uncommonegg.com\/dayco\/pl\/produkt\/kola-pasowe-napedowe-i-jalowe-hd\/#primaryimage\"},\"image\":{\"@id\":\"https:\/\/uncommonegg.com\/dayco\/pl\/produkt\/kola-pasowe-napedowe-i-jalowe-hd\/#primaryimage\"},\"thumbnailUrl\":\"https:\/\/uncommonegg.com\/dayco\/wp-content\/uploads\/Pulleys-HD-1.jpg\",\"datePublished\":\"2018-05-19T10:36:33+00:00\",\"dateModified\":\"2021-09-11T11:18:05+00:00\",\"breadcrumb\":{\"@id\":\"https:\/\/uncommonegg.com\/dayco\/pl\/produkt\/kola-pasowe-napedowe-i-jalowe-hd\/#breadcrumb\"},\"inLanguage\":\"pl-PL\",\"potentialAction\":[{\"@type\":\"ReadAction\",\"target\":[\"https:\/\/uncommonegg.com\/dayco\/pl\/produkt\/kola-pasowe-napedowe-i-jalowe-hd\/\"]}]},{\"@type\":\"ImageObject\",\"inLanguage\":\"pl-PL\",\"@id\":\"https:\/\/uncommonegg.com\/dayco\/pl\/produkt\/kola-pasowe-napedowe-i-jalowe-hd\/#primaryimage\",\"url\":\"https:\/\/uncommonegg.com\/dayco\/wp-content\/uploads\/Pulleys-HD-1.jpg\",\"contentUrl\":\"https:\/\/uncommonegg.com\/dayco\/wp-content\/uploads\/Pulleys-HD-1.jpg\",\"width\":609,\"height\":356,\"caption\":\"Pulleys-HD-1\"},{\"@type\":\"BreadcrumbList\",\"@id\":\"https:\/\/uncommonegg.com\/dayco\/pl\/produkt\/kola-pasowe-napedowe-i-jalowe-hd\/#breadcrumb\",\"itemListElement\":[{\"@type\":\"ListItem\",\"position\":1,\"name\":\"Strona g\u0142\u00f3wna\",\"item\":\"https:\/\/uncommonegg.com\/dayco\/pl\/home\/\"},{\"@type\":\"ListItem\",\"position\":2,\"name\":\"Produkty\",\"item\":\"https:\/\/uncommonegg.com\/dayco\/pl\/produkty\/\"},{\"@type\":\"ListItem\",\"position\":3,\"name\":\"Ko\u0142a Pasowe Nap\u0119dowe i\u00a0Ja\u0142owe Ci\u0119\u017ckich Pojazd\u00f3w\"}]},{\"@type\":\"WebSite\",\"@id\":\"https:\/\/uncommonegg.com\/dayco\/pl\/#website\",\"url\":\"https:\/\/uncommonegg.com\/dayco\/pl\/\",\"name\":\"Propulsion Solutions\",\"description\":\"Move Forward. Always.\u2122\",\"publisher\":{\"@id\":\"https:\/\/uncommonegg.com\/dayco\/pl\/#organization\"},\"alternateName\":\"Propulsion Solutions\",\"potentialAction\":[{\"@type\":\"SearchAction\",\"target\":{\"@type\":\"EntryPoint\",\"urlTemplate\":\"https:\/\/uncommonegg.com\/dayco\/pl\/?s={search_term_string}\"},\"query-input\":\"required name=search_term_string\"}],\"inLanguage\":\"pl-PL\"},{\"@type\":\"Organization\",\"@id\":\"https:\/\/uncommonegg.com\/dayco\/pl\/#organization\",\"name\":\"Dayco Corporate\",\"alternateName\":\"Propulsion Solutions\",\"url\":\"https:\/\/uncommonegg.com\/dayco\/pl\/\",\"logo\":{\"@type\":\"ImageObject\",\"inLanguage\":\"pl-PL\",\"@id\":\"https:\/\/uncommonegg.com\/dayco\/pl\/#\/schema\/logo\/image\/\",\"url\":\"http:\/\/uncommonegg.com\/dayco\/wp-content\/uploads\/2024\/01\/PS-Logo-SEO2.jpg\",\"contentUrl\":\"http:\/\/uncommonegg.com\/dayco\/wp-content\/uploads\/2024\/01\/PS-Logo-SEO2.jpg\",\"width\":696,\"height\":696,\"caption\":\"Dayco Corporate\"},\"image\":{\"@id\":\"https:\/\/uncommonegg.com\/dayco\/pl\/#\/schema\/logo\/image\/\"},\"sameAs\":[\"https:\/\/www.facebook.com\/DaycoOfficial\/\",\"https:\/\/twitter.com\/DaycoOfficial\",\"https:\/\/www.instagram.com\/daycoofficial\/\",\"https:\/\/www.linkedin.com\/company\/daycoofficial\/\",\"https:\/\/www.youtube.com\/DaycoOfficial\",\"https:\/\/en.wikipedia.org\/wiki\/Dayco\"]}]}<\/script>\n<meta property=\"product:brand\" content=\"Ci\u0119\u017ckich Pojazd\u00f3w OE\" \/>\n<meta property=\"product:price:amount\" content=\"0.00\" \/>\n<meta property=\"product:price:currency\" content=\"EUR\" \/>\n<meta property=\"og:availability\" content=\"instock\" \/>\n<meta property=\"product:availability\" content=\"instock\" \/>\n<meta property=\"product:retailer_item_id\" content=\"PULHD\" \/>\n<meta property=\"product:condition\" content=\"new\" \/>\n<!-- \/ Yoast SEO plugin. -->","yoast_head_json":{"title":"Ko\u0142a Pasowe Nap\u0119dowe i\u00a0Ja\u0142owe Ci\u0119\u017ckich Pojazd\u00f3w | Propulsion Solutions","robots":{"index":"noindex","follow":"follow","max-snippet":"max-snippet:-1","max-image-preview":"max-image-preview:large","max-video-preview":"max-video-preview:-1"},"og_locale":"pl_PL","og_type":"article","og_title":"Ko\u0142a Pasowe Nap\u0119dowe i\u00a0Ja\u0142owe Ci\u0119\u017ckich Pojazd\u00f3w | Propulsion Solutions","og_description":"Odpowiednia regulacja nap\u0119du jest kluczowa. Opr\u00f3cz pask\u00f3w i napinaczy pask\u00f3w nap\u0119du osprz\u0119tu Dayco oferuje szerok\u0105 gam\u0119 k\u00f3\u0142 pasowych nap\u0119dowych i\u00a0ja\u0142owych ze stali t\u0142oczonej i formowanej, tworzywa i sproszkowanego metalu, z r\u00f3\u017cnymi konfiguracjami \u0142o\u017cysk, aby sprosta\u0107 nawet najwy\u017cszym obci\u0105\u017ceniom paska. Dost\u0119pne s\u0105 ko\u0142a pasowe lu\u017ane, kt\u00f3re mo\u017cna montowa\u0107 z odpowiednio zaprojektowanymi wspornikami. Wykorzystywanie najnowocze\u015bniejszych, tr\u00f3jwymiarowych system\u00f3w wspomaganego komputerowo projektowania (CAD) i analizy gotowych element\u00f3w zapewnia optymaln\u0105...","og_url":"https:\/\/uncommonegg.com\/dayco\/pl\/produkt\/kola-pasowe-napedowe-i-jalowe-hd\/","og_site_name":"Propulsion Solutions","article_publisher":"https:\/\/www.facebook.com\/DaycoOfficial\/","article_modified_time":"2021-09-11T11:18:05+00:00","og_image":[{"width":609,"height":356,"url":"https:\/\/uncommonegg.com\/dayco\/wp-content\/uploads\/Pulleys-HD-1.jpg","type":"image\/jpeg"}],"twitter_card":"summary_large_image","twitter_site":"@DaycoOfficial","twitter_misc":{"Cena":"","Dost\u0119pno\u015b\u0107":"Dost\u0119pny"},"schema":{"@context":"https:\/\/schema.org","@graph":[{"@type":["WebPage","ItemPage"],"@id":"https:\/\/uncommonegg.com\/dayco\/pl\/produkt\/kola-pasowe-napedowe-i-jalowe-hd\/","url":"https:\/\/uncommonegg.com\/dayco\/pl\/produkt\/kola-pasowe-napedowe-i-jalowe-hd\/","name":"Ko\u0142a Pasowe Nap\u0119dowe i\u00a0Ja\u0142owe Ci\u0119\u017ckich Pojazd\u00f3w | Propulsion Solutions","isPartOf":{"@id":"https:\/\/uncommonegg.com\/dayco\/pl\/#website"},"primaryImageOfPage":{"@id":"https:\/\/uncommonegg.com\/dayco\/pl\/produkt\/kola-pasowe-napedowe-i-jalowe-hd\/#primaryimage"},"image":{"@id":"https:\/\/uncommonegg.com\/dayco\/pl\/produkt\/kola-pasowe-napedowe-i-jalowe-hd\/#primaryimage"},"thumbnailUrl":"https:\/\/uncommonegg.com\/dayco\/wp-content\/uploads\/Pulleys-HD-1.jpg","datePublished":"2018-05-19T10:36:33+00:00","dateModified":"2021-09-11T11:18:05+00:00","breadcrumb":{"@id":"https:\/\/uncommonegg.com\/dayco\/pl\/produkt\/kola-pasowe-napedowe-i-jalowe-hd\/#breadcrumb"},"inLanguage":"pl-PL","potentialAction":[{"@type":"ReadAction","target":["https:\/\/uncommonegg.com\/dayco\/pl\/produkt\/kola-pasowe-napedowe-i-jalowe-hd\/"]}]},{"@type":"ImageObject","inLanguage":"pl-PL","@id":"https:\/\/uncommonegg.com\/dayco\/pl\/produkt\/kola-pasowe-napedowe-i-jalowe-hd\/#primaryimage","url":"https:\/\/uncommonegg.com\/dayco\/wp-content\/uploads\/Pulleys-HD-1.jpg","contentUrl":"https:\/\/uncommonegg.com\/dayco\/wp-content\/uploads\/Pulleys-HD-1.jpg","width":609,"height":356,"caption":"Pulleys-HD-1"},{"@type":"BreadcrumbList","@id":"https:\/\/uncommonegg.com\/dayco\/pl\/produkt\/kola-pasowe-napedowe-i-jalowe-hd\/#breadcrumb","itemListElement":[{"@type":"ListItem","position":1,"name":"Strona g\u0142\u00f3wna","item":"https:\/\/uncommonegg.com\/dayco\/pl\/home\/"},{"@type":"ListItem","position":2,"name":"Produkty","item":"https:\/\/uncommonegg.com\/dayco\/pl\/produkty\/"},{"@type":"ListItem","position":3,"name":"Ko\u0142a Pasowe Nap\u0119dowe i\u00a0Ja\u0142owe Ci\u0119\u017ckich Pojazd\u00f3w"}]},{"@type":"WebSite","@id":"https:\/\/uncommonegg.com\/dayco\/pl\/#website","url":"https:\/\/uncommonegg.com\/dayco\/pl\/","name":"Propulsion Solutions","description":"Move Forward. Always.\u2122","publisher":{"@id":"https:\/\/uncommonegg.com\/dayco\/pl\/#organization"},"alternateName":"Propulsion Solutions","potentialAction":[{"@type":"SearchAction","target":{"@type":"EntryPoint","urlTemplate":"https:\/\/uncommonegg.com\/dayco\/pl\/?s={search_term_string}"},"query-input":"required name=search_term_string"}],"inLanguage":"pl-PL"},{"@type":"Organization","@id":"https:\/\/uncommonegg.com\/dayco\/pl\/#organization","name":"Dayco Corporate","alternateName":"Propulsion Solutions","url":"https:\/\/uncommonegg.com\/dayco\/pl\/","logo":{"@type":"ImageObject","inLanguage":"pl-PL","@id":"https:\/\/uncommonegg.com\/dayco\/pl\/#\/schema\/logo\/image\/","url":"http:\/\/uncommonegg.com\/dayco\/wp-content\/uploads\/2024\/01\/PS-Logo-SEO2.jpg","contentUrl":"http:\/\/uncommonegg.com\/dayco\/wp-content\/uploads\/2024\/01\/PS-Logo-SEO2.jpg","width":696,"height":696,"caption":"Dayco Corporate"},"image":{"@id":"https:\/\/uncommonegg.com\/dayco\/pl\/#\/schema\/logo\/image\/"},"sameAs":["https:\/\/www.facebook.com\/DaycoOfficial\/","https:\/\/twitter.com\/DaycoOfficial","https:\/\/www.instagram.com\/daycoofficial\/","https:\/\/www.linkedin.com\/company\/daycoofficial\/","https:\/\/www.youtube.com\/DaycoOfficial","https:\/\/en.wikipedia.org\/wiki\/Dayco"]}]},"product_brand":"Ci\u0119\u017ckich Pojazd\u00f3w OE","product_price_amount":"0.00","product_price_currency":"EUR","og_availability":"instock","product_availability":"instock","product_retailer_item_id":"PULHD","product_condition":"new"},"_links":{"self":[{"href":"https:\/\/uncommonegg.com\/dayco\/pl\/wp-json\/wp\/v2\/product\/52038"}],"collection":[{"href":"https:\/\/uncommonegg.com\/dayco\/pl\/wp-json\/wp\/v2\/product"}],"about":[{"href":"https:\/\/uncommonegg.com\/dayco\/pl\/wp-json\/wp\/v2\/types\/product"}],"wp:featuredmedia":[{"embeddable":true,"href":"https:\/\/uncommonegg.com\/dayco\/pl\/wp-json\/wp\/v2\/media\/8989"}],"wp:attachment":[{"href":"https:\/\/uncommonegg.com\/dayco\/pl\/wp-json\/wp\/v2\/media?parent=52038"}],"wp:term":[{"taxonomy":"product_cat","embeddable":true,"href":"https:\/\/uncommonegg.com\/dayco\/pl\/wp-json\/wp\/v2\/product_cat?post=52038"},{"taxonomy":"product_tag","embeddable":true,"href":"https:\/\/uncommonegg.com\/dayco\/pl\/wp-json\/wp\/v2\/product_tag?post=52038"}],"curies":[{"name":"wp","href":"https:\/\/api.w.org\/{rel}","templated":true}]}}