{"id":129796,"date":"2023-06-08T15:21:32","date_gmt":"2023-06-08T13:21:32","guid":{"rendered":"http:\/\/uncommonegg.com\/dayco\/product\/alternator-decoupler-pulley-adp-hd\/"},"modified":"2023-06-19T09:31:08","modified_gmt":"2023-06-19T07:31:08","slug":"alternator-decoupler-pulley-adp-hd","status":"publish","type":"product","link":"https:\/\/uncommonegg.com\/dayco\/pl\/produkt\/alternator-decoupler-pulley-adp-hd\/","title":{"rendered":"Heavy Duty Alternator Decoupler Pulley (ADP)"},"content":{"rendered":"<p><strong>Applications: <\/strong>Trucks, buses, agricultural machinery, and construction equipment<\/p>\n<p>Dayco expands its product offerings with premium alternator decoupler pulleys (ADP) to serve the world\u2019s leading alternator and heavy-duty vehicle manufacturers. Dayco\u2019s robustly engineered ADP meets stringent customer requirements and sets the industry benchmark for durability, NVH (noise, vibration, and harshness), and fuel consumption. With more than 115 years of success in delivering innovation for the automotive, light-duty, and industrial markets, Dayco now brings state-of-the-art alternator decoupler pulley technology to the heavy-duty industry.<\/p>\n<p><strong>Features\/Benefits:<\/strong><\/p>\n<ul>\n<li>Optimal vibration isolation and improved noise, vibration, and harshness (NVH)<\/li>\n<li>Improved system dynamic behavior during engine start and stop<\/li>\n<li>Designed to reduce the dynamic belt tension and load<\/li>\n<li>Competitive market-leading technology with full system support<\/li>\n<li>Increased lifetime of accessory drive components that results in enhanced system uptime and efficiency<\/li>\n<\/ul>\n<p><strong>Value Add to Customers:<\/strong><\/p>\n<ul>\n<li>World-class global R&amp;D and testing capabilities with local manufacturing footprints<\/li>\n<li>Complete system solution provider with full belt drive (FEAD) expertise and support<\/li>\n<li>Delivering to leading heavy duty vehicle manufacturers across the globe<\/li>\n<li>Reduced total cost of ownership<\/li>\n<\/ul>\n","protected":false},"excerpt":{"rendered":"<p>Applications: Trucks, buses, agricultural machinery, and construction equipment Dayco expands its product offerings with premium alternator decoupler pulleys (ADP) to serve the world\u2019s leading alternator and heavy-duty vehicle manufacturers. Dayco\u2019s robustly engineered ADP meets stringent customer requirements and sets the industry benchmark for durability, NVH (noise, vibration, and harshness), and fuel consumption. With more than 115 years of success in delivering innovation for the automotive,&#8230;<\/p>\n","protected":false},"featured_media":129948,"template":"","meta":[],"product_cat":[469],"product_tag":[],"yoast_head":"<!-- This site is optimized with the Yoast SEO plugin v22.4 - https:\/\/yoast.com\/wordpress\/plugins\/seo\/ -->\n<title>Heavy Duty Alternator Decoupler Pulley (ADP) | Propulsion Solutions<\/title>\n<meta name=\"description\" content=\"Dayco expands its product offerings with premium alternator decoupler pulleys (ADP) to serve the world\u2019s leading alternator and heavy-duty vehicle manufacturers\" \/>\n<meta name=\"robots\" content=\"noindex, follow, max-snippet:-1, max-image-preview:large, max-video-preview:-1\" \/>\n<meta property=\"og:locale\" content=\"pl_PL\" \/>\n<meta property=\"og:type\" content=\"article\" \/>\n<meta property=\"og:title\" content=\"Heavy Duty Alternator Decoupler Pulley (ADP) | Propulsion Solutions\" \/>\n<meta property=\"og:description\" content=\"Dayco expands its product offerings with premium alternator decoupler pulleys (ADP) to serve the world\u2019s leading alternator and heavy-duty vehicle manufacturers\" \/>\n<meta property=\"og:url\" content=\"https:\/\/uncommonegg.com\/dayco\/pl\/produkt\/alternator-decoupler-pulley-adp-hd\/\" \/>\n<meta property=\"og:site_name\" content=\"Propulsion Solutions\" \/>\n<meta property=\"article:publisher\" content=\"https:\/\/www.facebook.com\/DaycoOfficial\/\" \/>\n<meta property=\"article:modified_time\" content=\"2023-06-19T07:31:08+00:00\" \/>\n<meta property=\"og:image\" content=\"https:\/\/uncommonegg.com\/dayco\/wp-content\/uploads\/2023\/06\/ADP-HD-2.jpg\" \/>\n\t<meta property=\"og:image:width\" content=\"609\" \/>\n\t<meta property=\"og:image:height\" content=\"356\" \/>\n\t<meta property=\"og:image:type\" content=\"image\/jpeg\" \/>\n<meta name=\"twitter:card\" content=\"summary_large_image\" \/>\n<meta name=\"twitter:site\" content=\"@DaycoOfficial\" \/>\n<meta name=\"twitter:label1\" content=\"Cena\" \/>\n\t<meta name=\"twitter:data1\" content=\"\" \/>\n\t<meta name=\"twitter:label2\" content=\"Dost\u0119pno\u015b\u0107\" \/>\n\t<meta name=\"twitter:data2\" content=\"Dost\u0119pny\" \/>\n<script type=\"application\/ld+json\" class=\"yoast-schema-graph\">{\"@context\":\"https:\/\/schema.org\",\"@graph\":[{\"@type\":[\"WebPage\",\"ItemPage\"],\"@id\":\"https:\/\/uncommonegg.com\/dayco\/pl\/produkt\/alternator-decoupler-pulley-adp-hd\/\",\"url\":\"https:\/\/uncommonegg.com\/dayco\/pl\/produkt\/alternator-decoupler-pulley-adp-hd\/\",\"name\":\"Heavy Duty Alternator Decoupler Pulley (ADP) | Propulsion Solutions\",\"isPartOf\":{\"@id\":\"https:\/\/uncommonegg.com\/dayco\/pl\/#website\"},\"primaryImageOfPage\":{\"@id\":\"https:\/\/uncommonegg.com\/dayco\/pl\/produkt\/alternator-decoupler-pulley-adp-hd\/#primaryimage\"},\"image\":{\"@id\":\"https:\/\/uncommonegg.com\/dayco\/pl\/produkt\/alternator-decoupler-pulley-adp-hd\/#primaryimage\"},\"thumbnailUrl\":\"https:\/\/uncommonegg.com\/dayco\/wp-content\/uploads\/2023\/06\/ADP-HD-2.jpg\",\"datePublished\":\"2023-06-08T13:21:32+00:00\",\"dateModified\":\"2023-06-19T07:31:08+00:00\",\"description\":\"Dayco expands its product offerings with premium alternator decoupler pulleys (ADP) to serve the world\u2019s leading alternator and heavy-duty vehicle manufacturers\",\"breadcrumb\":{\"@id\":\"https:\/\/uncommonegg.com\/dayco\/pl\/produkt\/alternator-decoupler-pulley-adp-hd\/#breadcrumb\"},\"inLanguage\":\"pl-PL\",\"potentialAction\":[{\"@type\":\"ReadAction\",\"target\":[\"https:\/\/uncommonegg.com\/dayco\/pl\/produkt\/alternator-decoupler-pulley-adp-hd\/\"]}]},{\"@type\":\"ImageObject\",\"inLanguage\":\"pl-PL\",\"@id\":\"https:\/\/uncommonegg.com\/dayco\/pl\/produkt\/alternator-decoupler-pulley-adp-hd\/#primaryimage\",\"url\":\"https:\/\/uncommonegg.com\/dayco\/wp-content\/uploads\/2023\/06\/ADP-HD-2.jpg\",\"contentUrl\":\"https:\/\/uncommonegg.com\/dayco\/wp-content\/uploads\/2023\/06\/ADP-HD-2.jpg\",\"width\":609,\"height\":356},{\"@type\":\"BreadcrumbList\",\"@id\":\"https:\/\/uncommonegg.com\/dayco\/pl\/produkt\/alternator-decoupler-pulley-adp-hd\/#breadcrumb\",\"itemListElement\":[{\"@type\":\"ListItem\",\"position\":1,\"name\":\"Strona g\u0142\u00f3wna\",\"item\":\"https:\/\/uncommonegg.com\/dayco\/pl\/home\/\"},{\"@type\":\"ListItem\",\"position\":2,\"name\":\"Produkty\",\"item\":\"https:\/\/uncommonegg.com\/dayco\/pl\/produkty\/\"},{\"@type\":\"ListItem\",\"position\":3,\"name\":\"Heavy Duty Alternator Decoupler Pulley (ADP)\"}]},{\"@type\":\"WebSite\",\"@id\":\"https:\/\/uncommonegg.com\/dayco\/pl\/#website\",\"url\":\"https:\/\/uncommonegg.com\/dayco\/pl\/\",\"name\":\"Propulsion Solutions\",\"description\":\"Move Forward. Always.\u2122\",\"publisher\":{\"@id\":\"https:\/\/uncommonegg.com\/dayco\/pl\/#organization\"},\"alternateName\":\"Propulsion Solutions\",\"potentialAction\":[{\"@type\":\"SearchAction\",\"target\":{\"@type\":\"EntryPoint\",\"urlTemplate\":\"https:\/\/uncommonegg.com\/dayco\/pl\/?s={search_term_string}\"},\"query-input\":\"required name=search_term_string\"}],\"inLanguage\":\"pl-PL\"},{\"@type\":\"Organization\",\"@id\":\"https:\/\/uncommonegg.com\/dayco\/pl\/#organization\",\"name\":\"Dayco Corporate\",\"alternateName\":\"Propulsion Solutions\",\"url\":\"https:\/\/uncommonegg.com\/dayco\/pl\/\",\"logo\":{\"@type\":\"ImageObject\",\"inLanguage\":\"pl-PL\",\"@id\":\"https:\/\/uncommonegg.com\/dayco\/pl\/#\/schema\/logo\/image\/\",\"url\":\"http:\/\/uncommonegg.com\/dayco\/wp-content\/uploads\/2024\/01\/PS-Logo-SEO2.jpg\",\"contentUrl\":\"http:\/\/uncommonegg.com\/dayco\/wp-content\/uploads\/2024\/01\/PS-Logo-SEO2.jpg\",\"width\":696,\"height\":696,\"caption\":\"Dayco Corporate\"},\"image\":{\"@id\":\"https:\/\/uncommonegg.com\/dayco\/pl\/#\/schema\/logo\/image\/\"},\"sameAs\":[\"https:\/\/www.facebook.com\/DaycoOfficial\/\",\"https:\/\/twitter.com\/DaycoOfficial\",\"https:\/\/www.instagram.com\/daycoofficial\/\",\"https:\/\/www.linkedin.com\/company\/daycoofficial\/\",\"https:\/\/www.youtube.com\/DaycoOfficial\",\"https:\/\/en.wikipedia.org\/wiki\/Dayco\"]}]}<\/script>\n<meta property=\"product:brand\" content=\"Ci\u0119\u017ckich Pojazd\u00f3w OE\" \/>\n<meta property=\"product:price:amount\" content=\"0.00\" \/>\n<meta property=\"product:price:currency\" content=\"EUR\" \/>\n<meta property=\"og:availability\" content=\"instock\" \/>\n<meta property=\"product:availability\" content=\"instock\" \/>\n<meta property=\"product:retailer_item_id\" content=\"ADPHD\" \/>\n<meta property=\"product:condition\" content=\"new\" \/>\n<!-- \/ Yoast SEO plugin. -->","yoast_head_json":{"title":"Heavy Duty Alternator Decoupler Pulley (ADP) | Propulsion Solutions","description":"Dayco expands its product offerings with premium alternator decoupler pulleys (ADP) to serve the world\u2019s leading alternator and heavy-duty vehicle manufacturers","robots":{"index":"noindex","follow":"follow","max-snippet":"max-snippet:-1","max-image-preview":"max-image-preview:large","max-video-preview":"max-video-preview:-1"},"og_locale":"pl_PL","og_type":"article","og_title":"Heavy Duty Alternator Decoupler Pulley (ADP) | Propulsion Solutions","og_description":"Dayco expands its product offerings with premium alternator decoupler pulleys (ADP) to serve the world\u2019s leading alternator and heavy-duty vehicle manufacturers","og_url":"https:\/\/uncommonegg.com\/dayco\/pl\/produkt\/alternator-decoupler-pulley-adp-hd\/","og_site_name":"Propulsion Solutions","article_publisher":"https:\/\/www.facebook.com\/DaycoOfficial\/","article_modified_time":"2023-06-19T07:31:08+00:00","og_image":[{"width":609,"height":356,"url":"https:\/\/uncommonegg.com\/dayco\/wp-content\/uploads\/2023\/06\/ADP-HD-2.jpg","type":"image\/jpeg"}],"twitter_card":"summary_large_image","twitter_site":"@DaycoOfficial","twitter_misc":{"Cena":"","Dost\u0119pno\u015b\u0107":"Dost\u0119pny"},"schema":{"@context":"https:\/\/schema.org","@graph":[{"@type":["WebPage","ItemPage"],"@id":"https:\/\/uncommonegg.com\/dayco\/pl\/produkt\/alternator-decoupler-pulley-adp-hd\/","url":"https:\/\/uncommonegg.com\/dayco\/pl\/produkt\/alternator-decoupler-pulley-adp-hd\/","name":"Heavy Duty Alternator Decoupler Pulley (ADP) | Propulsion Solutions","isPartOf":{"@id":"https:\/\/uncommonegg.com\/dayco\/pl\/#website"},"primaryImageOfPage":{"@id":"https:\/\/uncommonegg.com\/dayco\/pl\/produkt\/alternator-decoupler-pulley-adp-hd\/#primaryimage"},"image":{"@id":"https:\/\/uncommonegg.com\/dayco\/pl\/produkt\/alternator-decoupler-pulley-adp-hd\/#primaryimage"},"thumbnailUrl":"https:\/\/uncommonegg.com\/dayco\/wp-content\/uploads\/2023\/06\/ADP-HD-2.jpg","datePublished":"2023-06-08T13:21:32+00:00","dateModified":"2023-06-19T07:31:08+00:00","description":"Dayco expands its product offerings with premium alternator decoupler pulleys (ADP) to serve the world\u2019s leading alternator and heavy-duty vehicle manufacturers","breadcrumb":{"@id":"https:\/\/uncommonegg.com\/dayco\/pl\/produkt\/alternator-decoupler-pulley-adp-hd\/#breadcrumb"},"inLanguage":"pl-PL","potentialAction":[{"@type":"ReadAction","target":["https:\/\/uncommonegg.com\/dayco\/pl\/produkt\/alternator-decoupler-pulley-adp-hd\/"]}]},{"@type":"ImageObject","inLanguage":"pl-PL","@id":"https:\/\/uncommonegg.com\/dayco\/pl\/produkt\/alternator-decoupler-pulley-adp-hd\/#primaryimage","url":"https:\/\/uncommonegg.com\/dayco\/wp-content\/uploads\/2023\/06\/ADP-HD-2.jpg","contentUrl":"https:\/\/uncommonegg.com\/dayco\/wp-content\/uploads\/2023\/06\/ADP-HD-2.jpg","width":609,"height":356},{"@type":"BreadcrumbList","@id":"https:\/\/uncommonegg.com\/dayco\/pl\/produkt\/alternator-decoupler-pulley-adp-hd\/#breadcrumb","itemListElement":[{"@type":"ListItem","position":1,"name":"Strona g\u0142\u00f3wna","item":"https:\/\/uncommonegg.com\/dayco\/pl\/home\/"},{"@type":"ListItem","position":2,"name":"Produkty","item":"https:\/\/uncommonegg.com\/dayco\/pl\/produkty\/"},{"@type":"ListItem","position":3,"name":"Heavy Duty Alternator Decoupler Pulley (ADP)"}]},{"@type":"WebSite","@id":"https:\/\/uncommonegg.com\/dayco\/pl\/#website","url":"https:\/\/uncommonegg.com\/dayco\/pl\/","name":"Propulsion Solutions","description":"Move Forward. Always.\u2122","publisher":{"@id":"https:\/\/uncommonegg.com\/dayco\/pl\/#organization"},"alternateName":"Propulsion Solutions","potentialAction":[{"@type":"SearchAction","target":{"@type":"EntryPoint","urlTemplate":"https:\/\/uncommonegg.com\/dayco\/pl\/?s={search_term_string}"},"query-input":"required name=search_term_string"}],"inLanguage":"pl-PL"},{"@type":"Organization","@id":"https:\/\/uncommonegg.com\/dayco\/pl\/#organization","name":"Dayco Corporate","alternateName":"Propulsion Solutions","url":"https:\/\/uncommonegg.com\/dayco\/pl\/","logo":{"@type":"ImageObject","inLanguage":"pl-PL","@id":"https:\/\/uncommonegg.com\/dayco\/pl\/#\/schema\/logo\/image\/","url":"http:\/\/uncommonegg.com\/dayco\/wp-content\/uploads\/2024\/01\/PS-Logo-SEO2.jpg","contentUrl":"http:\/\/uncommonegg.com\/dayco\/wp-content\/uploads\/2024\/01\/PS-Logo-SEO2.jpg","width":696,"height":696,"caption":"Dayco Corporate"},"image":{"@id":"https:\/\/uncommonegg.com\/dayco\/pl\/#\/schema\/logo\/image\/"},"sameAs":["https:\/\/www.facebook.com\/DaycoOfficial\/","https:\/\/twitter.com\/DaycoOfficial","https:\/\/www.instagram.com\/daycoofficial\/","https:\/\/www.linkedin.com\/company\/daycoofficial\/","https:\/\/www.youtube.com\/DaycoOfficial","https:\/\/en.wikipedia.org\/wiki\/Dayco"]}]},"product_brand":"Ci\u0119\u017ckich Pojazd\u00f3w OE","product_price_amount":"0.00","product_price_currency":"EUR","og_availability":"instock","product_availability":"instock","product_retailer_item_id":"ADPHD","product_condition":"new"},"_links":{"self":[{"href":"https:\/\/uncommonegg.com\/dayco\/pl\/wp-json\/wp\/v2\/product\/129796"}],"collection":[{"href":"https:\/\/uncommonegg.com\/dayco\/pl\/wp-json\/wp\/v2\/product"}],"about":[{"href":"https:\/\/uncommonegg.com\/dayco\/pl\/wp-json\/wp\/v2\/types\/product"}],"wp:featuredmedia":[{"embeddable":true,"href":"https:\/\/uncommonegg.com\/dayco\/pl\/wp-json\/wp\/v2\/media\/129948"}],"wp:attachment":[{"href":"https:\/\/uncommonegg.com\/dayco\/pl\/wp-json\/wp\/v2\/media?parent=129796"}],"wp:term":[{"taxonomy":"product_cat","embeddable":true,"href":"https:\/\/uncommonegg.com\/dayco\/pl\/wp-json\/wp\/v2\/product_cat?post=129796"},{"taxonomy":"product_tag","embeddable":true,"href":"https:\/\/uncommonegg.com\/dayco\/pl\/wp-json\/wp\/v2\/product_tag?post=129796"}],"curies":[{"name":"wp","href":"https:\/\/api.w.org\/{rel}","templated":true}]}}