{"id":129068,"date":"2023-05-08T18:13:06","date_gmt":"2023-05-08T16:13:06","guid":{"rendered":"http:\/\/uncommonegg.com\/dayco\/product\/alternator-decoupler-pulley-adp\/"},"modified":"2023-05-09T09:45:51","modified_gmt":"2023-05-09T07:45:51","slug":"alternator-decoupler-pulley-adp","status":"publish","type":"product","link":"https:\/\/uncommonegg.com\/dayco\/pl\/produkt\/alternator-decoupler-pulley-adp\/","title":{"rendered":"Ko\u0142o Pasowe Odsprz\u0119gacza Alternatora (ADP)"},"content":{"rendered":"<p><strong>Zastosowania: <\/strong>samochody osobowe, samochody premium i wyczynowe oraz lekkie pojazdy u\u017cytkowe (hybrydowe i z silnikiem spalinowym)<\/p>\n<p>Dayco rozszerza swoj\u0105 ofert\u0119 produkt\u00f3w o ko\u0142a pasowe odsprz\u0119gacza alternatora (ADP), aby m\u00f3c obs\u0142ugiwa\u0107 wiod\u0105cych na \u015bwiecie producent\u00f3w alternator\u00f3w i samochod\u00f3w. Solidnie zaprojektowane rozwi\u0105zanie ADP marki Dayco spe\u0142nia rygorystyczne wymagania klient\u00f3w i wyznacza standardy w bran\u017cy pod wzgl\u0119dem trwa\u0142o\u015bci, wska\u017anika NVH (ha\u0142as, drgania i opory) oraz zu\u017cycia paliwa. Dzi\u0119ki ponad 115-letniej historii sukcesu w dostarczaniu innowacyjnych rozwi\u0105za\u0144 dla bran\u017cy motoryzacyjnej, zastosowa\u0144 ci\u0119\u017ckich i przemys\u0142u, Dayco mo\u017ce teraz wprowadzi\u0107 na rynek najnowocze\u015bniejsz\u0105 technologi\u0119 w zakresie ko\u0142a pasowego odsprz\u0119gacza alternatora do ma\u0142ych obci\u0105\u017ce\u0144.<\/p>\n<p><strong>Cechy\/Zalety:<\/strong><\/p>\n<ul>\n<li>Sprawdzona i przetestowana technologia wykraczaj\u0105ca poza wszelkie standardy panuj\u0105ce w bran\u017cy<\/li>\n<li>Opracowane z my\u015bl\u0105 o zmniejszaniu napr\u0119\u017cenia dynamicznego i obci\u0105\u017cenia paska<\/li>\n<li>Optymalna izolacja drga\u0144, trwa\u0142o\u015b\u0107 i poprawiony wska\u017anik NVH (ha\u0142as, drgania i opory)<\/li>\n<li>Wi\u0119ksza dynamika podczas rozruchu i wy\u0142\u0105czania silnik\u00f3w<\/li>\n<li>Zwi\u0119kszona \u017cywotno\u015b\u0107 komponent\u00f3w nap\u0119d\u00f3w osprz\u0119tu, kt\u00f3ra skutkuje d\u0142u\u017cszym czasem pracy i lepsz\u0105 efektywno\u015bci\u0105 system\u00f3w<\/li>\n<\/ul>\n<p><strong>Dodatkowa warto\u015b\u0107 dla klient\u00f3w:<\/strong><\/p>\n<ul>\n<li>\u015awiatowej klasy mo\u017cliwo\u015bci badawczo-rozwojowe i testowania oraz produkcja lokalna<\/li>\n<li>Konkurencyjna, wiod\u0105ca na rynku technologia, a tak\u017ce kompletna wiedza i wsparcie w zakresie systemu nap\u0119du pasowego (FEAD)<\/li>\n<li>Dostawy dla wiod\u0105cych producent\u00f3w alternator\u00f3w i samochod\u00f3w na ca\u0142ym \u015bwiecie<\/li>\n<li>Ni\u017cszy ca\u0142kowity koszt eksploatacji<\/li>\n<\/ul>\n","protected":false},"excerpt":{"rendered":"<p>Zastosowania: samochody osobowe, samochody premium i wyczynowe oraz lekkie pojazdy u\u017cytkowe (hybrydowe i z silnikiem spalinowym) Dayco rozszerza swoj\u0105 ofert\u0119 produkt\u00f3w o ko\u0142a pasowe odsprz\u0119gacza alternatora (ADP), aby m\u00f3c obs\u0142ugiwa\u0107 wiod\u0105cych na \u015bwiecie producent\u00f3w alternator\u00f3w i samochod\u00f3w. Solidnie zaprojektowane rozwi\u0105zanie ADP marki Dayco spe\u0142nia rygorystyczne wymagania klient\u00f3w i wyznacza standardy w bran\u017cy pod wzgl\u0119dem trwa\u0142o\u015bci, wska\u017anika NVH (ha\u0142as, drgania i opory) oraz zu\u017cycia paliwa. Dzi\u0119ki&#8230;<\/p>\n","protected":false},"featured_media":128973,"template":"","meta":[],"product_cat":[475],"product_tag":[],"yoast_head":"<!-- This site is optimized with the Yoast SEO plugin v22.4 - https:\/\/yoast.com\/wordpress\/plugins\/seo\/ -->\n<title>Ko\u0142o Pasowe Odsprz\u0119gacza Alternatora (ADP) | Propulsion Solutions<\/title>\n<meta name=\"description\" content=\"Dayco rozszerza swoj\u0105 ofert\u0119 produkt\u00f3w o ko\u0142a pasowe odsprz\u0119gacza alternatora (ADP), aby m\u00f3c obs\u0142ugiwa\u0107 wiod\u0105cych na \u015bwiecie producent\u00f3w alternator\u00f3w i samochod\u00f3w\" \/>\n<meta name=\"robots\" content=\"noindex, follow, max-snippet:-1, max-image-preview:large, max-video-preview:-1\" \/>\n<meta property=\"og:locale\" content=\"pl_PL\" \/>\n<meta property=\"og:type\" content=\"article\" \/>\n<meta property=\"og:title\" content=\"Ko\u0142o Pasowe Odsprz\u0119gacza Alternatora (ADP) | Propulsion Solutions\" \/>\n<meta property=\"og:description\" content=\"Dayco rozszerza swoj\u0105 ofert\u0119 produkt\u00f3w o ko\u0142a pasowe odsprz\u0119gacza alternatora (ADP), aby m\u00f3c obs\u0142ugiwa\u0107 wiod\u0105cych na \u015bwiecie producent\u00f3w alternator\u00f3w i samochod\u00f3w\" \/>\n<meta property=\"og:url\" content=\"https:\/\/uncommonegg.com\/dayco\/pl\/produkt\/alternator-decoupler-pulley-adp\/\" \/>\n<meta property=\"og:site_name\" content=\"Propulsion Solutions\" \/>\n<meta property=\"article:publisher\" content=\"https:\/\/www.facebook.com\/DaycoOfficial\/\" \/>\n<meta property=\"article:modified_time\" content=\"2023-05-09T07:45:51+00:00\" \/>\n<meta property=\"og:image\" content=\"https:\/\/uncommonegg.com\/dayco\/wp-content\/uploads\/2023\/05\/ADP-1.jpg\" \/>\n\t<meta property=\"og:image:width\" content=\"609\" \/>\n\t<meta property=\"og:image:height\" content=\"356\" \/>\n\t<meta property=\"og:image:type\" content=\"image\/jpeg\" \/>\n<meta name=\"twitter:card\" content=\"summary_large_image\" \/>\n<meta name=\"twitter:site\" content=\"@DaycoOfficial\" \/>\n<meta name=\"twitter:label1\" content=\"Cena\" \/>\n\t<meta name=\"twitter:data1\" content=\"\" \/>\n\t<meta name=\"twitter:label2\" content=\"Dost\u0119pno\u015b\u0107\" \/>\n\t<meta name=\"twitter:data2\" content=\"Dost\u0119pny\" \/>\n<script type=\"application\/ld+json\" class=\"yoast-schema-graph\">{\"@context\":\"https:\/\/schema.org\",\"@graph\":[{\"@type\":[\"WebPage\",\"ItemPage\"],\"@id\":\"https:\/\/uncommonegg.com\/dayco\/pl\/produkt\/alternator-decoupler-pulley-adp\/\",\"url\":\"https:\/\/uncommonegg.com\/dayco\/pl\/produkt\/alternator-decoupler-pulley-adp\/\",\"name\":\"Ko\u0142o Pasowe Odsprz\u0119gacza Alternatora (ADP) | Propulsion Solutions\",\"isPartOf\":{\"@id\":\"https:\/\/uncommonegg.com\/dayco\/pl\/#website\"},\"primaryImageOfPage\":{\"@id\":\"https:\/\/uncommonegg.com\/dayco\/pl\/produkt\/alternator-decoupler-pulley-adp\/#primaryimage\"},\"image\":{\"@id\":\"https:\/\/uncommonegg.com\/dayco\/pl\/produkt\/alternator-decoupler-pulley-adp\/#primaryimage\"},\"thumbnailUrl\":\"https:\/\/uncommonegg.com\/dayco\/wp-content\/uploads\/2023\/05\/ADP-1.jpg\",\"datePublished\":\"2023-05-08T16:13:06+00:00\",\"dateModified\":\"2023-05-09T07:45:51+00:00\",\"description\":\"Dayco rozszerza swoj\u0105 ofert\u0119 produkt\u00f3w o ko\u0142a pasowe odsprz\u0119gacza alternatora (ADP), aby m\u00f3c obs\u0142ugiwa\u0107 wiod\u0105cych na \u015bwiecie producent\u00f3w alternator\u00f3w i samochod\u00f3w\",\"breadcrumb\":{\"@id\":\"https:\/\/uncommonegg.com\/dayco\/pl\/produkt\/alternator-decoupler-pulley-adp\/#breadcrumb\"},\"inLanguage\":\"pl-PL\",\"potentialAction\":[{\"@type\":\"ReadAction\",\"target\":[\"https:\/\/uncommonegg.com\/dayco\/pl\/produkt\/alternator-decoupler-pulley-adp\/\"]}]},{\"@type\":\"ImageObject\",\"inLanguage\":\"pl-PL\",\"@id\":\"https:\/\/uncommonegg.com\/dayco\/pl\/produkt\/alternator-decoupler-pulley-adp\/#primaryimage\",\"url\":\"https:\/\/uncommonegg.com\/dayco\/wp-content\/uploads\/2023\/05\/ADP-1.jpg\",\"contentUrl\":\"https:\/\/uncommonegg.com\/dayco\/wp-content\/uploads\/2023\/05\/ADP-1.jpg\",\"width\":609,\"height\":356},{\"@type\":\"BreadcrumbList\",\"@id\":\"https:\/\/uncommonegg.com\/dayco\/pl\/produkt\/alternator-decoupler-pulley-adp\/#breadcrumb\",\"itemListElement\":[{\"@type\":\"ListItem\",\"position\":1,\"name\":\"Strona g\u0142\u00f3wna\",\"item\":\"https:\/\/uncommonegg.com\/dayco\/pl\/home\/\"},{\"@type\":\"ListItem\",\"position\":2,\"name\":\"Produkty\",\"item\":\"https:\/\/uncommonegg.com\/dayco\/pl\/produkty\/\"},{\"@type\":\"ListItem\",\"position\":3,\"name\":\"Ko\u0142o Pasowe Odsprz\u0119gacza Alternatora (ADP)\"}]},{\"@type\":\"WebSite\",\"@id\":\"https:\/\/uncommonegg.com\/dayco\/pl\/#website\",\"url\":\"https:\/\/uncommonegg.com\/dayco\/pl\/\",\"name\":\"Propulsion Solutions\",\"description\":\"Move Forward. Always.\u2122\",\"publisher\":{\"@id\":\"https:\/\/uncommonegg.com\/dayco\/pl\/#organization\"},\"alternateName\":\"Propulsion Solutions\",\"potentialAction\":[{\"@type\":\"SearchAction\",\"target\":{\"@type\":\"EntryPoint\",\"urlTemplate\":\"https:\/\/uncommonegg.com\/dayco\/pl\/?s={search_term_string}\"},\"query-input\":\"required name=search_term_string\"}],\"inLanguage\":\"pl-PL\"},{\"@type\":\"Organization\",\"@id\":\"https:\/\/uncommonegg.com\/dayco\/pl\/#organization\",\"name\":\"Dayco Corporate\",\"alternateName\":\"Propulsion Solutions\",\"url\":\"https:\/\/uncommonegg.com\/dayco\/pl\/\",\"logo\":{\"@type\":\"ImageObject\",\"inLanguage\":\"pl-PL\",\"@id\":\"https:\/\/uncommonegg.com\/dayco\/pl\/#\/schema\/logo\/image\/\",\"url\":\"http:\/\/uncommonegg.com\/dayco\/wp-content\/uploads\/2024\/01\/PS-Logo-SEO2.jpg\",\"contentUrl\":\"http:\/\/uncommonegg.com\/dayco\/wp-content\/uploads\/2024\/01\/PS-Logo-SEO2.jpg\",\"width\":696,\"height\":696,\"caption\":\"Dayco Corporate\"},\"image\":{\"@id\":\"https:\/\/uncommonegg.com\/dayco\/pl\/#\/schema\/logo\/image\/\"},\"sameAs\":[\"https:\/\/www.facebook.com\/DaycoOfficial\/\",\"https:\/\/twitter.com\/DaycoOfficial\",\"https:\/\/www.instagram.com\/daycoofficial\/\",\"https:\/\/www.linkedin.com\/company\/daycoofficial\/\",\"https:\/\/www.youtube.com\/DaycoOfficial\",\"https:\/\/en.wikipedia.org\/wiki\/Dayco\"]}]}<\/script>\n<meta property=\"product:brand\" content=\"Pojazdy Lekkie OE\" \/>\n<meta property=\"product:price:amount\" content=\"0.00\" \/>\n<meta property=\"product:price:currency\" content=\"EUR\" \/>\n<meta property=\"og:availability\" content=\"instock\" \/>\n<meta property=\"product:availability\" content=\"instock\" \/>\n<meta property=\"product:retailer_item_id\" content=\"ADP\" \/>\n<meta property=\"product:condition\" content=\"new\" \/>\n<!-- \/ Yoast SEO plugin. -->","yoast_head_json":{"title":"Ko\u0142o Pasowe Odsprz\u0119gacza Alternatora (ADP) | Propulsion Solutions","description":"Dayco rozszerza swoj\u0105 ofert\u0119 produkt\u00f3w o ko\u0142a pasowe odsprz\u0119gacza alternatora (ADP), aby m\u00f3c obs\u0142ugiwa\u0107 wiod\u0105cych na \u015bwiecie producent\u00f3w alternator\u00f3w i samochod\u00f3w","robots":{"index":"noindex","follow":"follow","max-snippet":"max-snippet:-1","max-image-preview":"max-image-preview:large","max-video-preview":"max-video-preview:-1"},"og_locale":"pl_PL","og_type":"article","og_title":"Ko\u0142o Pasowe Odsprz\u0119gacza Alternatora (ADP) | Propulsion Solutions","og_description":"Dayco rozszerza swoj\u0105 ofert\u0119 produkt\u00f3w o ko\u0142a pasowe odsprz\u0119gacza alternatora (ADP), aby m\u00f3c obs\u0142ugiwa\u0107 wiod\u0105cych na \u015bwiecie producent\u00f3w alternator\u00f3w i samochod\u00f3w","og_url":"https:\/\/uncommonegg.com\/dayco\/pl\/produkt\/alternator-decoupler-pulley-adp\/","og_site_name":"Propulsion Solutions","article_publisher":"https:\/\/www.facebook.com\/DaycoOfficial\/","article_modified_time":"2023-05-09T07:45:51+00:00","og_image":[{"width":609,"height":356,"url":"https:\/\/uncommonegg.com\/dayco\/wp-content\/uploads\/2023\/05\/ADP-1.jpg","type":"image\/jpeg"}],"twitter_card":"summary_large_image","twitter_site":"@DaycoOfficial","twitter_misc":{"Cena":"","Dost\u0119pno\u015b\u0107":"Dost\u0119pny"},"schema":{"@context":"https:\/\/schema.org","@graph":[{"@type":["WebPage","ItemPage"],"@id":"https:\/\/uncommonegg.com\/dayco\/pl\/produkt\/alternator-decoupler-pulley-adp\/","url":"https:\/\/uncommonegg.com\/dayco\/pl\/produkt\/alternator-decoupler-pulley-adp\/","name":"Ko\u0142o Pasowe Odsprz\u0119gacza Alternatora (ADP) | Propulsion Solutions","isPartOf":{"@id":"https:\/\/uncommonegg.com\/dayco\/pl\/#website"},"primaryImageOfPage":{"@id":"https:\/\/uncommonegg.com\/dayco\/pl\/produkt\/alternator-decoupler-pulley-adp\/#primaryimage"},"image":{"@id":"https:\/\/uncommonegg.com\/dayco\/pl\/produkt\/alternator-decoupler-pulley-adp\/#primaryimage"},"thumbnailUrl":"https:\/\/uncommonegg.com\/dayco\/wp-content\/uploads\/2023\/05\/ADP-1.jpg","datePublished":"2023-05-08T16:13:06+00:00","dateModified":"2023-05-09T07:45:51+00:00","description":"Dayco rozszerza swoj\u0105 ofert\u0119 produkt\u00f3w o ko\u0142a pasowe odsprz\u0119gacza alternatora (ADP), aby m\u00f3c obs\u0142ugiwa\u0107 wiod\u0105cych na \u015bwiecie producent\u00f3w alternator\u00f3w i samochod\u00f3w","breadcrumb":{"@id":"https:\/\/uncommonegg.com\/dayco\/pl\/produkt\/alternator-decoupler-pulley-adp\/#breadcrumb"},"inLanguage":"pl-PL","potentialAction":[{"@type":"ReadAction","target":["https:\/\/uncommonegg.com\/dayco\/pl\/produkt\/alternator-decoupler-pulley-adp\/"]}]},{"@type":"ImageObject","inLanguage":"pl-PL","@id":"https:\/\/uncommonegg.com\/dayco\/pl\/produkt\/alternator-decoupler-pulley-adp\/#primaryimage","url":"https:\/\/uncommonegg.com\/dayco\/wp-content\/uploads\/2023\/05\/ADP-1.jpg","contentUrl":"https:\/\/uncommonegg.com\/dayco\/wp-content\/uploads\/2023\/05\/ADP-1.jpg","width":609,"height":356},{"@type":"BreadcrumbList","@id":"https:\/\/uncommonegg.com\/dayco\/pl\/produkt\/alternator-decoupler-pulley-adp\/#breadcrumb","itemListElement":[{"@type":"ListItem","position":1,"name":"Strona g\u0142\u00f3wna","item":"https:\/\/uncommonegg.com\/dayco\/pl\/home\/"},{"@type":"ListItem","position":2,"name":"Produkty","item":"https:\/\/uncommonegg.com\/dayco\/pl\/produkty\/"},{"@type":"ListItem","position":3,"name":"Ko\u0142o Pasowe Odsprz\u0119gacza Alternatora (ADP)"}]},{"@type":"WebSite","@id":"https:\/\/uncommonegg.com\/dayco\/pl\/#website","url":"https:\/\/uncommonegg.com\/dayco\/pl\/","name":"Propulsion Solutions","description":"Move Forward. Always.\u2122","publisher":{"@id":"https:\/\/uncommonegg.com\/dayco\/pl\/#organization"},"alternateName":"Propulsion Solutions","potentialAction":[{"@type":"SearchAction","target":{"@type":"EntryPoint","urlTemplate":"https:\/\/uncommonegg.com\/dayco\/pl\/?s={search_term_string}"},"query-input":"required name=search_term_string"}],"inLanguage":"pl-PL"},{"@type":"Organization","@id":"https:\/\/uncommonegg.com\/dayco\/pl\/#organization","name":"Dayco Corporate","alternateName":"Propulsion Solutions","url":"https:\/\/uncommonegg.com\/dayco\/pl\/","logo":{"@type":"ImageObject","inLanguage":"pl-PL","@id":"https:\/\/uncommonegg.com\/dayco\/pl\/#\/schema\/logo\/image\/","url":"http:\/\/uncommonegg.com\/dayco\/wp-content\/uploads\/2024\/01\/PS-Logo-SEO2.jpg","contentUrl":"http:\/\/uncommonegg.com\/dayco\/wp-content\/uploads\/2024\/01\/PS-Logo-SEO2.jpg","width":696,"height":696,"caption":"Dayco Corporate"},"image":{"@id":"https:\/\/uncommonegg.com\/dayco\/pl\/#\/schema\/logo\/image\/"},"sameAs":["https:\/\/www.facebook.com\/DaycoOfficial\/","https:\/\/twitter.com\/DaycoOfficial","https:\/\/www.instagram.com\/daycoofficial\/","https:\/\/www.linkedin.com\/company\/daycoofficial\/","https:\/\/www.youtube.com\/DaycoOfficial","https:\/\/en.wikipedia.org\/wiki\/Dayco"]}]},"product_brand":"Pojazdy Lekkie OE","product_price_amount":"0.00","product_price_currency":"EUR","og_availability":"instock","product_availability":"instock","product_retailer_item_id":"ADP","product_condition":"new"},"_links":{"self":[{"href":"https:\/\/uncommonegg.com\/dayco\/pl\/wp-json\/wp\/v2\/product\/129068"}],"collection":[{"href":"https:\/\/uncommonegg.com\/dayco\/pl\/wp-json\/wp\/v2\/product"}],"about":[{"href":"https:\/\/uncommonegg.com\/dayco\/pl\/wp-json\/wp\/v2\/types\/product"}],"wp:featuredmedia":[{"embeddable":true,"href":"https:\/\/uncommonegg.com\/dayco\/pl\/wp-json\/wp\/v2\/media\/128973"}],"wp:attachment":[{"href":"https:\/\/uncommonegg.com\/dayco\/pl\/wp-json\/wp\/v2\/media?parent=129068"}],"wp:term":[{"taxonomy":"product_cat","embeddable":true,"href":"https:\/\/uncommonegg.com\/dayco\/pl\/wp-json\/wp\/v2\/product_cat?post=129068"},{"taxonomy":"product_tag","embeddable":true,"href":"https:\/\/uncommonegg.com\/dayco\/pl\/wp-json\/wp\/v2\/product_tag?post=129068"}],"curies":[{"name":"wp","href":"https:\/\/api.w.org\/{rel}","templated":true}]}}