{"id":114993,"date":"2022-03-17T09:34:46","date_gmt":"2022-03-17T08:34:46","guid":{"rendered":"http:\/\/uncommonegg.com\/dayco\/product\/dayco-hybrid-module-p1\/"},"modified":"2022-03-25T12:57:19","modified_gmt":"2022-03-25T11:57:19","slug":"dayco-hybrid-module-p1","status":"publish","type":"product","link":"https:\/\/uncommonegg.com\/dayco\/pl\/produkt\/dayco-hybrid-module-p1\/","title":{"rendered":"Modu\u0142 Hybrydowy Dayco &#8211; P1"},"content":{"rendered":"<p><strong>Zastosowania: <\/strong>Samochody osobowe, samochody sportowe i klasy premium, lekkie pojazdy u\u017cytkowe, \u015brednie i ci\u0119\u017ckie pojazdy u\u017cytkowe, sprz\u0119t rolniczy i sprz\u0119t budowlany<\/p>\n<p><img loading=\"lazy\" decoding=\"async\" class=\"size-full wp-image-114435 alignright\" src=\"http:\/\/uncommonegg.com\/dayco\/wp-content\/uploads\/2022\/02\/hybrid-dayco-logo-mini.jpg\" alt=\"Hybrid Dayco Logo Mini\" width=\"200\" height=\"175\" \/>Jako specjalista w zakresie integracji system\u00f3w, firma Dayco \u2013 wsp\u00f3lnie ze swoimi strategicznymi partnerami \u2013 wprowadza zmiany w bran\u017cy pojazd\u00f3w i maszyn do ma\u0142ych oraz du\u017cych obci\u0105\u017ce\u0144 dzi\u0119ki swojemu innowacyjnemu i konfigurowalnemu modu\u0142owi hybrydowemu (Dayco Hybrid Module, w skr\u00f3cie DHM), kt\u00f3ry wspiera producent\u00f3w OE w zapewnianiu wysokiej jako\u015bci zr\u00f3\u017cnicowanych technologii do ich zastosowa\u0144 typu \u0142agodna oraz pe\u0142na hybryda.<\/p>\n<p>Ten modu\u0142 hybrydowy Dayco dla architektury P1 to modu\u0142owy, zintegrowany system o wysokiej jako\u015bci do samochod\u00f3w osobowych, pojazd\u00f3w u\u017cytkowych i pojazd\u00f3w\/maszyn z segment\u00f3w pozadrogowych, kt\u00f3ry poprawia wydajno\u015b\u0107 systemu i zwi\u0119ksza czas pracy uk\u0142adu nap\u0119dowego poprzez redukcj\u0119 wska\u017anika NVH (ha\u0142as, drgania i opory). System hybrydowy P1 jest zgodny ze specyfikacjami klient\u00f3w i zapewnia oszcz\u0119dno\u015b\u0107 paliwa na poziomie nawet 15 \u2013 20%* w przypadku zastosowa\u0144 o napi\u0119ciu 48 V, dodatkowo zmniejszaj\u0105c ich \u015blad w\u0119glowy.<\/p>\n<p>Dayco rozumie potrzeby wiod\u0105cych producent\u00f3w pojazd\u00f3w i jest to jedyna marka, kt\u00f3ra w swojej ofercie posiada wysokiej jako\u015bci pakiet rozwi\u0105za\u0144 do uk\u0142ad\u00f3w nap\u0119dowych dla szerokiej gamy zastosowa\u0144, wykorzystuj\u0105c swoje \u015bwiatowej klasy, globalne mo\u017cliwo\u015bci badawczo-rozwojowe i lokaln\u0105 produkcj\u0119 oraz znacz\u0105c\u0105 obecno\u015b\u0107 w a\u017c 40 lokalizacjach i 22 krajach.<\/p>\n<p><strong>Cechy\/Zalety:<\/strong><\/p>\n<ul>\n<li>Konfigurowalny zintegrowany system o wysokiej wydajno\u015bci przeznaczony do samochod\u00f3w osobowych, pojazd\u00f3w u\u017cytkowych i pojazd\u00f3w\/maszyn z segment\u00f3w pozadrogowych<\/li>\n<li>Udoskonalona wydajno\u015b\u0107 oraz niezawodno\u015b\u0107 systemu; mo\u017cliwo\u015b\u0107 \u0142\u0105czenia z opracowywanymi wewn\u0119trznie uk\u0142adami nap\u0119dowymi<\/li>\n<li>Zoptymalizowana oszcz\u0119dno\u015b\u0107 paliwa i ni\u017cszy wska\u017anik NVH<\/li>\n<li>Wi\u0119ksza trwa\u0142o\u015b\u0107 i rozwi\u0105zanie bardziej przyjazne \u015brodowisku dzi\u0119ki ni\u017cszym emisjom CO2<\/li>\n<li>Wyd\u0142u\u017cona \u017cywotno\u015b\u0107 uk\u0142adu nap\u0119dowego i d\u0142u\u017cszy czas pracy system\u00f3w<\/li>\n<li>Ni\u017cszy ca\u0142kowity koszt eksploatacji<\/li>\n<\/ul>\n<p>&nbsp;<\/p>\n<p><strong>Dodatkowa warto\u015b\u0107 dla klient\u00f3w:<\/strong><\/p>\n<ul>\n<li>\u015awiatowej klasy mo\u017cliwo\u015bci badawczo-rozwojowe i testowania oraz produkcja lokalna<\/li>\n<li>Zr\u00f3\u017cnicowane technologie o wysokiej jako\u015bci oferowane przez integratora kompletnych system\u00f3w<\/li>\n<li>Dostawy dla wiod\u0105cych na ca\u0142ym \u015bwiecie producent\u00f3w silnik\u00f3w i pojazd\u00f3w<\/li>\n<li>Unikalne systemy hybrydowe spe\u0142niaj\u0105ce potrzeby klient\u00f3w w zakresie oszcz\u0119dno\u015bci paliwa wynosz\u0105cej od 15 do 20%* (48 V)<\/li>\n<li>Dzi\u0119ki niemu silniki o spalaniu wewn\u0119trznym wykonane w technologii downsizingu mog\u0105 spe\u0142nia\u0107 najnowsze wymagania w zakresie emisji CO2<\/li>\n<li>Zapewnia dodatkowe \u017ar\u00f3d\u0142o energii elektrycznej dla akcesori\u00f3w pojazdu.<\/li>\n<\/ul>\n","protected":false},"excerpt":{"rendered":"<p>Zastosowania: Samochody osobowe, samochody sportowe i klasy premium, lekkie pojazdy u\u017cytkowe, \u015brednie i ci\u0119\u017ckie pojazdy u\u017cytkowe, sprz\u0119t rolniczy i sprz\u0119t budowlany Jako specjalista w zakresie integracji system\u00f3w, firma Dayco \u2013 wsp\u00f3lnie ze swoimi strategicznymi partnerami \u2013 wprowadza zmiany w bran\u017cy pojazd\u00f3w i maszyn do ma\u0142ych oraz du\u017cych obci\u0105\u017ce\u0144 dzi\u0119ki swojemu innowacyjnemu i konfigurowalnemu modu\u0142owi hybrydowemu (Dayco Hybrid Module, w skr\u00f3cie DHM), kt\u00f3ry wspiera producent\u00f3w OE&#8230;<\/p>\n","protected":false},"featured_media":114780,"template":"","meta":[],"product_cat":[3522],"product_tag":[],"yoast_head":"<!-- This site is optimized with the Yoast SEO plugin v22.4 - https:\/\/yoast.com\/wordpress\/plugins\/seo\/ -->\n<title>Modu\u0142 Hybrydowy Dayco - P1 | Propulsion Solutions<\/title>\n<meta name=\"description\" content=\"Ten modu\u0142 hybrydowy Dayco dla architektury P1 to modu\u0142owy, zintegrowany system o wysokiej jako\u015bci do samochod\u00f3w osobowych\" \/>\n<meta name=\"robots\" content=\"noindex, follow, max-snippet:-1, max-image-preview:large, max-video-preview:-1\" \/>\n<meta property=\"og:locale\" content=\"pl_PL\" \/>\n<meta property=\"og:type\" content=\"article\" \/>\n<meta property=\"og:title\" content=\"Modu\u0142 Hybrydowy Dayco - P1 | Propulsion Solutions\" \/>\n<meta property=\"og:description\" content=\"Ten modu\u0142 hybrydowy Dayco dla architektury P1 to modu\u0142owy, zintegrowany system o wysokiej jako\u015bci do samochod\u00f3w osobowych\" \/>\n<meta property=\"og:url\" content=\"https:\/\/uncommonegg.com\/dayco\/pl\/produkt\/dayco-hybrid-module-p1\/\" \/>\n<meta property=\"og:site_name\" content=\"Propulsion Solutions\" \/>\n<meta property=\"article:publisher\" content=\"https:\/\/www.facebook.com\/DaycoOfficial\/\" \/>\n<meta property=\"article:modified_time\" content=\"2022-03-25T11:57:19+00:00\" \/>\n<meta property=\"og:image\" content=\"https:\/\/uncommonegg.com\/dayco\/wp-content\/uploads\/2022\/03\/Hybrid-P1-3.jpg\" \/>\n\t<meta property=\"og:image:width\" content=\"609\" \/>\n\t<meta property=\"og:image:height\" content=\"356\" \/>\n\t<meta property=\"og:image:type\" content=\"image\/jpeg\" \/>\n<meta name=\"twitter:card\" content=\"summary_large_image\" \/>\n<meta name=\"twitter:site\" content=\"@DaycoOfficial\" \/>\n<meta name=\"twitter:label1\" content=\"Cena\" \/>\n\t<meta name=\"twitter:data1\" content=\"\" \/>\n\t<meta name=\"twitter:label2\" content=\"Dost\u0119pno\u015b\u0107\" \/>\n\t<meta name=\"twitter:data2\" content=\"Dost\u0119pny\" \/>\n<script type=\"application\/ld+json\" class=\"yoast-schema-graph\">{\"@context\":\"https:\/\/schema.org\",\"@graph\":[{\"@type\":[\"WebPage\",\"ItemPage\"],\"@id\":\"https:\/\/uncommonegg.com\/dayco\/pl\/produkt\/dayco-hybrid-module-p1\/\",\"url\":\"https:\/\/uncommonegg.com\/dayco\/pl\/produkt\/dayco-hybrid-module-p1\/\",\"name\":\"Modu\u0142 Hybrydowy Dayco - P1 | Propulsion Solutions\",\"isPartOf\":{\"@id\":\"https:\/\/uncommonegg.com\/dayco\/pl\/#website\"},\"primaryImageOfPage\":{\"@id\":\"https:\/\/uncommonegg.com\/dayco\/pl\/produkt\/dayco-hybrid-module-p1\/#primaryimage\"},\"image\":{\"@id\":\"https:\/\/uncommonegg.com\/dayco\/pl\/produkt\/dayco-hybrid-module-p1\/#primaryimage\"},\"thumbnailUrl\":\"https:\/\/uncommonegg.com\/dayco\/wp-content\/uploads\/2022\/03\/Hybrid-P1-3.jpg\",\"datePublished\":\"2022-03-17T08:34:46+00:00\",\"dateModified\":\"2022-03-25T11:57:19+00:00\",\"description\":\"Ten modu\u0142 hybrydowy Dayco dla architektury P1 to modu\u0142owy, zintegrowany system o wysokiej jako\u015bci do samochod\u00f3w osobowych\",\"breadcrumb\":{\"@id\":\"https:\/\/uncommonegg.com\/dayco\/pl\/produkt\/dayco-hybrid-module-p1\/#breadcrumb\"},\"inLanguage\":\"pl-PL\",\"potentialAction\":[{\"@type\":\"ReadAction\",\"target\":[\"https:\/\/uncommonegg.com\/dayco\/pl\/produkt\/dayco-hybrid-module-p1\/\"]}]},{\"@type\":\"ImageObject\",\"inLanguage\":\"pl-PL\",\"@id\":\"https:\/\/uncommonegg.com\/dayco\/pl\/produkt\/dayco-hybrid-module-p1\/#primaryimage\",\"url\":\"https:\/\/uncommonegg.com\/dayco\/wp-content\/uploads\/2022\/03\/Hybrid-P1-3.jpg\",\"contentUrl\":\"https:\/\/uncommonegg.com\/dayco\/wp-content\/uploads\/2022\/03\/Hybrid-P1-3.jpg\",\"width\":609,\"height\":356},{\"@type\":\"BreadcrumbList\",\"@id\":\"https:\/\/uncommonegg.com\/dayco\/pl\/produkt\/dayco-hybrid-module-p1\/#breadcrumb\",\"itemListElement\":[{\"@type\":\"ListItem\",\"position\":1,\"name\":\"Strona g\u0142\u00f3wna\",\"item\":\"https:\/\/uncommonegg.com\/dayco\/pl\/home\/\"},{\"@type\":\"ListItem\",\"position\":2,\"name\":\"Produkty\",\"item\":\"https:\/\/uncommonegg.com\/dayco\/pl\/produkty\/\"},{\"@type\":\"ListItem\",\"position\":3,\"name\":\"Modu\u0142 Hybrydowy Dayco &#8211; P1\"}]},{\"@type\":\"WebSite\",\"@id\":\"https:\/\/uncommonegg.com\/dayco\/pl\/#website\",\"url\":\"https:\/\/uncommonegg.com\/dayco\/pl\/\",\"name\":\"Propulsion Solutions\",\"description\":\"Move Forward. Always.\u2122\",\"publisher\":{\"@id\":\"https:\/\/uncommonegg.com\/dayco\/pl\/#organization\"},\"alternateName\":\"Propulsion Solutions\",\"potentialAction\":[{\"@type\":\"SearchAction\",\"target\":{\"@type\":\"EntryPoint\",\"urlTemplate\":\"https:\/\/uncommonegg.com\/dayco\/pl\/?s={search_term_string}\"},\"query-input\":\"required name=search_term_string\"}],\"inLanguage\":\"pl-PL\"},{\"@type\":\"Organization\",\"@id\":\"https:\/\/uncommonegg.com\/dayco\/pl\/#organization\",\"name\":\"Dayco Corporate\",\"alternateName\":\"Propulsion Solutions\",\"url\":\"https:\/\/uncommonegg.com\/dayco\/pl\/\",\"logo\":{\"@type\":\"ImageObject\",\"inLanguage\":\"pl-PL\",\"@id\":\"https:\/\/uncommonegg.com\/dayco\/pl\/#\/schema\/logo\/image\/\",\"url\":\"http:\/\/uncommonegg.com\/dayco\/wp-content\/uploads\/2024\/01\/PS-Logo-SEO2.jpg\",\"contentUrl\":\"http:\/\/uncommonegg.com\/dayco\/wp-content\/uploads\/2024\/01\/PS-Logo-SEO2.jpg\",\"width\":696,\"height\":696,\"caption\":\"Dayco Corporate\"},\"image\":{\"@id\":\"https:\/\/uncommonegg.com\/dayco\/pl\/#\/schema\/logo\/image\/\"},\"sameAs\":[\"https:\/\/www.facebook.com\/DaycoOfficial\/\",\"https:\/\/twitter.com\/DaycoOfficial\",\"https:\/\/www.instagram.com\/daycoofficial\/\",\"https:\/\/www.linkedin.com\/company\/daycoofficial\/\",\"https:\/\/www.youtube.com\/DaycoOfficial\",\"https:\/\/en.wikipedia.org\/wiki\/Dayco\"]}]}<\/script>\n<meta property=\"product:brand\" content=\"Rozwi\u0105zanie Systemu Hybrydowego\" \/>\n<meta property=\"product:price:amount\" content=\"0.00\" \/>\n<meta property=\"product:price:currency\" content=\"EUR\" \/>\n<meta property=\"og:availability\" content=\"instock\" \/>\n<meta property=\"product:availability\" content=\"instock\" \/>\n<meta property=\"product:retailer_item_id\" content=\"DHMP1\" \/>\n<meta property=\"product:condition\" content=\"new\" \/>\n<!-- \/ Yoast SEO plugin. -->","yoast_head_json":{"title":"Modu\u0142 Hybrydowy Dayco - P1 | Propulsion Solutions","description":"Ten modu\u0142 hybrydowy Dayco dla architektury P1 to modu\u0142owy, zintegrowany system o wysokiej jako\u015bci do samochod\u00f3w osobowych","robots":{"index":"noindex","follow":"follow","max-snippet":"max-snippet:-1","max-image-preview":"max-image-preview:large","max-video-preview":"max-video-preview:-1"},"og_locale":"pl_PL","og_type":"article","og_title":"Modu\u0142 Hybrydowy Dayco - P1 | Propulsion Solutions","og_description":"Ten modu\u0142 hybrydowy Dayco dla architektury P1 to modu\u0142owy, zintegrowany system o wysokiej jako\u015bci do samochod\u00f3w osobowych","og_url":"https:\/\/uncommonegg.com\/dayco\/pl\/produkt\/dayco-hybrid-module-p1\/","og_site_name":"Propulsion Solutions","article_publisher":"https:\/\/www.facebook.com\/DaycoOfficial\/","article_modified_time":"2022-03-25T11:57:19+00:00","og_image":[{"width":609,"height":356,"url":"https:\/\/uncommonegg.com\/dayco\/wp-content\/uploads\/2022\/03\/Hybrid-P1-3.jpg","type":"image\/jpeg"}],"twitter_card":"summary_large_image","twitter_site":"@DaycoOfficial","twitter_misc":{"Cena":"","Dost\u0119pno\u015b\u0107":"Dost\u0119pny"},"schema":{"@context":"https:\/\/schema.org","@graph":[{"@type":["WebPage","ItemPage"],"@id":"https:\/\/uncommonegg.com\/dayco\/pl\/produkt\/dayco-hybrid-module-p1\/","url":"https:\/\/uncommonegg.com\/dayco\/pl\/produkt\/dayco-hybrid-module-p1\/","name":"Modu\u0142 Hybrydowy Dayco - P1 | Propulsion Solutions","isPartOf":{"@id":"https:\/\/uncommonegg.com\/dayco\/pl\/#website"},"primaryImageOfPage":{"@id":"https:\/\/uncommonegg.com\/dayco\/pl\/produkt\/dayco-hybrid-module-p1\/#primaryimage"},"image":{"@id":"https:\/\/uncommonegg.com\/dayco\/pl\/produkt\/dayco-hybrid-module-p1\/#primaryimage"},"thumbnailUrl":"https:\/\/uncommonegg.com\/dayco\/wp-content\/uploads\/2022\/03\/Hybrid-P1-3.jpg","datePublished":"2022-03-17T08:34:46+00:00","dateModified":"2022-03-25T11:57:19+00:00","description":"Ten modu\u0142 hybrydowy Dayco dla architektury P1 to modu\u0142owy, zintegrowany system o wysokiej jako\u015bci do samochod\u00f3w osobowych","breadcrumb":{"@id":"https:\/\/uncommonegg.com\/dayco\/pl\/produkt\/dayco-hybrid-module-p1\/#breadcrumb"},"inLanguage":"pl-PL","potentialAction":[{"@type":"ReadAction","target":["https:\/\/uncommonegg.com\/dayco\/pl\/produkt\/dayco-hybrid-module-p1\/"]}]},{"@type":"ImageObject","inLanguage":"pl-PL","@id":"https:\/\/uncommonegg.com\/dayco\/pl\/produkt\/dayco-hybrid-module-p1\/#primaryimage","url":"https:\/\/uncommonegg.com\/dayco\/wp-content\/uploads\/2022\/03\/Hybrid-P1-3.jpg","contentUrl":"https:\/\/uncommonegg.com\/dayco\/wp-content\/uploads\/2022\/03\/Hybrid-P1-3.jpg","width":609,"height":356},{"@type":"BreadcrumbList","@id":"https:\/\/uncommonegg.com\/dayco\/pl\/produkt\/dayco-hybrid-module-p1\/#breadcrumb","itemListElement":[{"@type":"ListItem","position":1,"name":"Strona g\u0142\u00f3wna","item":"https:\/\/uncommonegg.com\/dayco\/pl\/home\/"},{"@type":"ListItem","position":2,"name":"Produkty","item":"https:\/\/uncommonegg.com\/dayco\/pl\/produkty\/"},{"@type":"ListItem","position":3,"name":"Modu\u0142 Hybrydowy Dayco &#8211; P1"}]},{"@type":"WebSite","@id":"https:\/\/uncommonegg.com\/dayco\/pl\/#website","url":"https:\/\/uncommonegg.com\/dayco\/pl\/","name":"Propulsion Solutions","description":"Move Forward. Always.\u2122","publisher":{"@id":"https:\/\/uncommonegg.com\/dayco\/pl\/#organization"},"alternateName":"Propulsion Solutions","potentialAction":[{"@type":"SearchAction","target":{"@type":"EntryPoint","urlTemplate":"https:\/\/uncommonegg.com\/dayco\/pl\/?s={search_term_string}"},"query-input":"required name=search_term_string"}],"inLanguage":"pl-PL"},{"@type":"Organization","@id":"https:\/\/uncommonegg.com\/dayco\/pl\/#organization","name":"Dayco Corporate","alternateName":"Propulsion Solutions","url":"https:\/\/uncommonegg.com\/dayco\/pl\/","logo":{"@type":"ImageObject","inLanguage":"pl-PL","@id":"https:\/\/uncommonegg.com\/dayco\/pl\/#\/schema\/logo\/image\/","url":"http:\/\/uncommonegg.com\/dayco\/wp-content\/uploads\/2024\/01\/PS-Logo-SEO2.jpg","contentUrl":"http:\/\/uncommonegg.com\/dayco\/wp-content\/uploads\/2024\/01\/PS-Logo-SEO2.jpg","width":696,"height":696,"caption":"Dayco Corporate"},"image":{"@id":"https:\/\/uncommonegg.com\/dayco\/pl\/#\/schema\/logo\/image\/"},"sameAs":["https:\/\/www.facebook.com\/DaycoOfficial\/","https:\/\/twitter.com\/DaycoOfficial","https:\/\/www.instagram.com\/daycoofficial\/","https:\/\/www.linkedin.com\/company\/daycoofficial\/","https:\/\/www.youtube.com\/DaycoOfficial","https:\/\/en.wikipedia.org\/wiki\/Dayco"]}]},"product_brand":"Rozwi\u0105zanie Systemu Hybrydowego","product_price_amount":"0.00","product_price_currency":"EUR","og_availability":"instock","product_availability":"instock","product_retailer_item_id":"DHMP1","product_condition":"new"},"_links":{"self":[{"href":"https:\/\/uncommonegg.com\/dayco\/pl\/wp-json\/wp\/v2\/product\/114993"}],"collection":[{"href":"https:\/\/uncommonegg.com\/dayco\/pl\/wp-json\/wp\/v2\/product"}],"about":[{"href":"https:\/\/uncommonegg.com\/dayco\/pl\/wp-json\/wp\/v2\/types\/product"}],"wp:featuredmedia":[{"embeddable":true,"href":"https:\/\/uncommonegg.com\/dayco\/pl\/wp-json\/wp\/v2\/media\/114780"}],"wp:attachment":[{"href":"https:\/\/uncommonegg.com\/dayco\/pl\/wp-json\/wp\/v2\/media?parent=114993"}],"wp:term":[{"taxonomy":"product_cat","embeddable":true,"href":"https:\/\/uncommonegg.com\/dayco\/pl\/wp-json\/wp\/v2\/product_cat?post=114993"},{"taxonomy":"product_tag","embeddable":true,"href":"https:\/\/uncommonegg.com\/dayco\/pl\/wp-json\/wp\/v2\/product_tag?post=114993"}],"curies":[{"name":"wp","href":"https:\/\/api.w.org\/{rel}","templated":true}]}}