{"id":114986,"date":"2022-03-17T09:34:48","date_gmt":"2022-03-17T08:34:48","guid":{"rendered":"http:\/\/uncommonegg.com\/dayco\/product\/bsg-mild-hybrid-solution-p0\/"},"modified":"2022-03-25T12:57:18","modified_gmt":"2022-03-25T11:57:18","slug":"bsg-mild-hybrid-solution-p0","status":"publish","type":"product","link":"https:\/\/uncommonegg.com\/dayco\/pl\/produkt\/bsg-mild-hybrid-solution-p0\/","title":{"rendered":"Rozwi\u0105zanie BSG Mild Hybrydowy &#8211; P0"},"content":{"rendered":"<p><strong>Zastosowania: <\/strong>Samochody osobowe, samochody sportowe i klasy premium, lekkie pojazdy u\u017cytkowe, \u015brednie i ci\u0119\u017ckie pojazdy u\u017cytkowe, sprz\u0119t rolniczy i sprz\u0119t budowlany<\/p>\n<p><img loading=\"lazy\" decoding=\"async\" class=\"size-full wp-image-114435 alignright\" src=\"http:\/\/uncommonegg.com\/dayco\/wp-content\/uploads\/2022\/02\/hybrid-dayco-logo-mini.jpg\" alt=\"Hybrid Dayco Logo Mini\" width=\"200\" height=\"175\" \/>Firma Dayco to lider rynku, kt\u00f3ry od ponad dekady z dum\u0105 dostarcza komponenty i podsystemy do uk\u0142ad\u00f3w nap\u0119dowych typu \u0142agodna hybryda BSG, znanych r\u00f3wnie\u017c jako Architektura P0. Przez ten czas firma Dayco zyska\u0142a pozycj\u0119 lidera technologicznego i najch\u0119tniej wybieranego partnera, kt\u00f3ry dostarcza przyjazne \u015brodowisku i energooszcz\u0119dne systemy do pojazd\u00f3w hybrydowych typu P0, wspomagaj\u0105c wiod\u0105ce na \u015bwiecie marki samochod\u00f3w osobowych i lekkich pojazd\u00f3w u\u017cytkowych.<\/p>\n<p>Aby nieustannie d\u0105\u017cy\u0107 do poprawy efektywno\u015bci paliwowej, trwa\u0142o\u015bci system\u00f3w hybrydowych typu P0 i zmniejsza\u0107 \u015blad w\u0119glowy, Dayco dostarcza w pe\u0142ni zintegrowane rozwi\u0105zania do hybrydyzacji, optymalizuj\u0105c zasady sterowania wydajno\u015bci\u0105 maszyny elektrycznej i wprowadzaj\u0105c maj\u0105cy zmniejsza\u0107 emisje CO2\u00a0proces Smart System Management. Ta \u015bwiatowej klasy technologia uk\u0142ad\u00f3w nap\u0119dowych i dedykowane wsparcie techniczne plasuj\u0105 Dayco na pozycji integratora system\u00f3w, kt\u00f3ry zapewnia swoim klientom wysok\u0105 warto\u015b\u0107 i pomaga im w osi\u0105ganiu obranych cel\u00f3w dotycz\u0105cych niskiej emisji dwutlenku w\u0119gla.<\/p>\n<p>Dayco spe\u0142nia potrzeby wiod\u0105cych producent\u00f3w pojazd\u00f3w i jest to jedyna marka dysponuj\u0105ca w swojej ofercie wysokiej jako\u015bci pakietem kompletnych rozwi\u0105za\u0144 z zakresu systemu FEAD (Front End Accessory Drive) do pojazd\u00f3w hybrydowych i nap\u0119dzanych silnikiem spalinowym (ICE), z szerok\u0105 gam\u0105 odsprz\u0119gaczy, t\u0142umik\u00f3w drga\u0144, napinaczy, k\u00f3\u0142 pasowych lu\u017anych\/k\u00f3\u0142 pasowych, pask\u00f3w i system\u00f3w hybrydowych, a wszystko to oferowane jest w ramach jednego zestawu dzi\u0119ki \u015bwiatowej klasy globalnym mo\u017cliwo\u015bciom badawczo-rozwojowym oraz produkcji lokalnej.<\/p>\n<p><strong>Cechy\/Zalety:<\/strong><\/p>\n<ul>\n<li>Optymalizacja ka\u017cdego komponentu przek\u0142ada si\u0119 na wysokowydajny system BSG<\/li>\n<li>Zaawansowany i trwa\u0142y produkt o optymalnym poziomie NVH (ha\u0142as, drgania i opory)<\/li>\n<li>Udoskonalona wydajno\u015b\u0107 systemu oraz mniejszy \u015blad w\u0119glowy (CO2), a tak\u017ce nawet 12-procentowa oszcz\u0119dno\u015b\u0107 paliwa*<\/li>\n<li>Wysokiej jako\u015bci, sprawdzone rozwi\u0105zanie z zakresu systemu hybrydowego P0 o konkurencyjnym poziomie oddzia\u0142ywania i globalnej dost\u0119pno\u015bci<\/li>\n<li>Zwi\u0119kszona \u017cywotno\u015b\u0107 podzespo\u0142\u00f3w nap\u0119d\u00f3w osprz\u0119tu zapewniaj\u0105ca d\u0142u\u017cszy czas pracy system\u00f3w<\/li>\n<li>Ni\u017cszy ca\u0142kowity koszt eksploatacji<\/li>\n<\/ul>\n<p><strong>Dodatkowa warto\u015b\u0107 dla klient\u00f3w:<\/strong><\/p>\n<ul>\n<li>Dayco, jako integrator system\u00f3w i dostawca kompletnych rozwi\u0105za\u0144, mo\u017ce zapewnia\u0107 dodatkowe \u015brednie oszcz\u0119dno\u015bci CO2\u00a0i przeprowadza\u0107 pe\u0142n\u0105 analiz\u0119 pojazd\u00f3w, w\u0142\u0105cznie z optymalizacj\u0105 zasad sterowania.<\/li>\n<li>\u015awiatowej klasy mo\u017cliwo\u015bci badawczo-rozwojowe i testowania oraz produkcja lokalna<\/li>\n<li>Nowatorskie, bazuj\u0105ce na modelu podej\u015bcie do zarz\u0105dzania przep\u0142ywem energii w architekturach hybrydowych typu Px<\/li>\n<li>Dayco, wsp\u00f3lnie ze strategicznymi partnerami firmy, zarz\u0105dza kontrol\u0105 energii w pojazdach typu \u0142agodna hybryda<\/li>\n<li>Dostarczanie sprawdzonych system\u00f3w hybrydowych P0 do wiod\u0105cych na ca\u0142ym \u015bwiecie producent\u00f3w silnik\u00f3w i pojazd\u00f3w<\/li>\n<\/ul>\n","protected":false},"excerpt":{"rendered":"<p>Zastosowania: Samochody osobowe, samochody sportowe i klasy premium, lekkie pojazdy u\u017cytkowe, \u015brednie i ci\u0119\u017ckie pojazdy u\u017cytkowe, sprz\u0119t rolniczy i sprz\u0119t budowlany Firma Dayco to lider rynku, kt\u00f3ry od ponad dekady z dum\u0105 dostarcza komponenty i podsystemy do uk\u0142ad\u00f3w nap\u0119dowych typu \u0142agodna hybryda BSG, znanych r\u00f3wnie\u017c jako Architektura P0. Przez ten czas firma Dayco zyska\u0142a pozycj\u0119 lidera technologicznego i najch\u0119tniej wybieranego partnera, kt\u00f3ry dostarcza przyjazne \u015brodowisku&#8230;<\/p>\n","protected":false},"featured_media":114756,"template":"","meta":[],"product_cat":[3522],"product_tag":[],"yoast_head":"<!-- This site is optimized with the Yoast SEO plugin v22.4 - https:\/\/yoast.com\/wordpress\/plugins\/seo\/ -->\n<title>Rozwi\u0105zanie BSG Mild Hybrydowy - P0 | Propulsion Solutions<\/title>\n<meta name=\"description\" content=\"Aby nieustannie d\u0105\u017cy\u0107 do poprawy efektywno\u015bci paliwowej, trwa\u0142o\u015bci system\u00f3w hybrydowych typu P0 i zmniejsza\u0107 \u015blad w\u0119glowy, Dayco dostarcza w pe\u0142ni zintegrowane rozwi\u0105zania do hybrydyzacji\" \/>\n<meta name=\"robots\" content=\"noindex, follow, max-snippet:-1, max-image-preview:large, max-video-preview:-1\" \/>\n<meta property=\"og:locale\" content=\"pl_PL\" \/>\n<meta property=\"og:type\" content=\"article\" \/>\n<meta property=\"og:title\" content=\"Rozwi\u0105zanie BSG Mild Hybrydowy - P0 | Propulsion Solutions\" \/>\n<meta property=\"og:description\" content=\"Aby nieustannie d\u0105\u017cy\u0107 do poprawy efektywno\u015bci paliwowej, trwa\u0142o\u015bci system\u00f3w hybrydowych typu P0 i zmniejsza\u0107 \u015blad w\u0119glowy, Dayco dostarcza w pe\u0142ni zintegrowane rozwi\u0105zania do hybrydyzacji\" \/>\n<meta property=\"og:url\" content=\"https:\/\/uncommonegg.com\/dayco\/pl\/produkt\/bsg-mild-hybrid-solution-p0\/\" \/>\n<meta property=\"og:site_name\" content=\"Propulsion Solutions\" \/>\n<meta property=\"article:publisher\" content=\"https:\/\/www.facebook.com\/DaycoOfficial\/\" \/>\n<meta property=\"article:modified_time\" content=\"2022-03-25T11:57:18+00:00\" \/>\n<meta property=\"og:image\" content=\"https:\/\/uncommonegg.com\/dayco\/wp-content\/uploads\/2022\/03\/Hybrid-P0-4.jpg\" \/>\n\t<meta property=\"og:image:width\" content=\"609\" \/>\n\t<meta property=\"og:image:height\" content=\"356\" \/>\n\t<meta property=\"og:image:type\" content=\"image\/jpeg\" \/>\n<meta name=\"twitter:card\" content=\"summary_large_image\" \/>\n<meta name=\"twitter:site\" content=\"@DaycoOfficial\" \/>\n<meta name=\"twitter:label1\" content=\"Cena\" \/>\n\t<meta name=\"twitter:data1\" content=\"\" \/>\n\t<meta name=\"twitter:label2\" content=\"Dost\u0119pno\u015b\u0107\" \/>\n\t<meta name=\"twitter:data2\" content=\"Dost\u0119pny\" \/>\n<script type=\"application\/ld+json\" class=\"yoast-schema-graph\">{\"@context\":\"https:\/\/schema.org\",\"@graph\":[{\"@type\":[\"WebPage\",\"ItemPage\"],\"@id\":\"https:\/\/uncommonegg.com\/dayco\/pl\/produkt\/bsg-mild-hybrid-solution-p0\/\",\"url\":\"https:\/\/uncommonegg.com\/dayco\/pl\/produkt\/bsg-mild-hybrid-solution-p0\/\",\"name\":\"Rozwi\u0105zanie BSG Mild Hybrydowy - P0 | Propulsion Solutions\",\"isPartOf\":{\"@id\":\"https:\/\/uncommonegg.com\/dayco\/pl\/#website\"},\"primaryImageOfPage\":{\"@id\":\"https:\/\/uncommonegg.com\/dayco\/pl\/produkt\/bsg-mild-hybrid-solution-p0\/#primaryimage\"},\"image\":{\"@id\":\"https:\/\/uncommonegg.com\/dayco\/pl\/produkt\/bsg-mild-hybrid-solution-p0\/#primaryimage\"},\"thumbnailUrl\":\"https:\/\/uncommonegg.com\/dayco\/wp-content\/uploads\/2022\/03\/Hybrid-P0-4.jpg\",\"datePublished\":\"2022-03-17T08:34:48+00:00\",\"dateModified\":\"2022-03-25T11:57:18+00:00\",\"description\":\"Aby nieustannie d\u0105\u017cy\u0107 do poprawy efektywno\u015bci paliwowej, trwa\u0142o\u015bci system\u00f3w hybrydowych typu P0 i zmniejsza\u0107 \u015blad w\u0119glowy, Dayco dostarcza w pe\u0142ni zintegrowane rozwi\u0105zania do hybrydyzacji\",\"breadcrumb\":{\"@id\":\"https:\/\/uncommonegg.com\/dayco\/pl\/produkt\/bsg-mild-hybrid-solution-p0\/#breadcrumb\"},\"inLanguage\":\"pl-PL\",\"potentialAction\":[{\"@type\":\"ReadAction\",\"target\":[\"https:\/\/uncommonegg.com\/dayco\/pl\/produkt\/bsg-mild-hybrid-solution-p0\/\"]}]},{\"@type\":\"ImageObject\",\"inLanguage\":\"pl-PL\",\"@id\":\"https:\/\/uncommonegg.com\/dayco\/pl\/produkt\/bsg-mild-hybrid-solution-p0\/#primaryimage\",\"url\":\"https:\/\/uncommonegg.com\/dayco\/wp-content\/uploads\/2022\/03\/Hybrid-P0-4.jpg\",\"contentUrl\":\"https:\/\/uncommonegg.com\/dayco\/wp-content\/uploads\/2022\/03\/Hybrid-P0-4.jpg\",\"width\":609,\"height\":356},{\"@type\":\"BreadcrumbList\",\"@id\":\"https:\/\/uncommonegg.com\/dayco\/pl\/produkt\/bsg-mild-hybrid-solution-p0\/#breadcrumb\",\"itemListElement\":[{\"@type\":\"ListItem\",\"position\":1,\"name\":\"Strona g\u0142\u00f3wna\",\"item\":\"https:\/\/uncommonegg.com\/dayco\/pl\/home\/\"},{\"@type\":\"ListItem\",\"position\":2,\"name\":\"Produkty\",\"item\":\"https:\/\/uncommonegg.com\/dayco\/pl\/produkty\/\"},{\"@type\":\"ListItem\",\"position\":3,\"name\":\"Rozwi\u0105zanie BSG Mild Hybrydowy &#8211; P0\"}]},{\"@type\":\"WebSite\",\"@id\":\"https:\/\/uncommonegg.com\/dayco\/pl\/#website\",\"url\":\"https:\/\/uncommonegg.com\/dayco\/pl\/\",\"name\":\"Propulsion Solutions\",\"description\":\"Move Forward. Always.\u2122\",\"publisher\":{\"@id\":\"https:\/\/uncommonegg.com\/dayco\/pl\/#organization\"},\"alternateName\":\"Propulsion Solutions\",\"potentialAction\":[{\"@type\":\"SearchAction\",\"target\":{\"@type\":\"EntryPoint\",\"urlTemplate\":\"https:\/\/uncommonegg.com\/dayco\/pl\/?s={search_term_string}\"},\"query-input\":\"required name=search_term_string\"}],\"inLanguage\":\"pl-PL\"},{\"@type\":\"Organization\",\"@id\":\"https:\/\/uncommonegg.com\/dayco\/pl\/#organization\",\"name\":\"Dayco Corporate\",\"alternateName\":\"Propulsion Solutions\",\"url\":\"https:\/\/uncommonegg.com\/dayco\/pl\/\",\"logo\":{\"@type\":\"ImageObject\",\"inLanguage\":\"pl-PL\",\"@id\":\"https:\/\/uncommonegg.com\/dayco\/pl\/#\/schema\/logo\/image\/\",\"url\":\"http:\/\/uncommonegg.com\/dayco\/wp-content\/uploads\/2024\/01\/PS-Logo-SEO2.jpg\",\"contentUrl\":\"http:\/\/uncommonegg.com\/dayco\/wp-content\/uploads\/2024\/01\/PS-Logo-SEO2.jpg\",\"width\":696,\"height\":696,\"caption\":\"Dayco Corporate\"},\"image\":{\"@id\":\"https:\/\/uncommonegg.com\/dayco\/pl\/#\/schema\/logo\/image\/\"},\"sameAs\":[\"https:\/\/www.facebook.com\/DaycoOfficial\/\",\"https:\/\/twitter.com\/DaycoOfficial\",\"https:\/\/www.instagram.com\/daycoofficial\/\",\"https:\/\/www.linkedin.com\/company\/daycoofficial\/\",\"https:\/\/www.youtube.com\/DaycoOfficial\",\"https:\/\/en.wikipedia.org\/wiki\/Dayco\"]}]}<\/script>\n<meta property=\"product:brand\" content=\"Rozwi\u0105zanie Systemu Hybrydowego\" \/>\n<meta property=\"product:price:amount\" content=\"0.00\" \/>\n<meta property=\"product:price:currency\" content=\"EUR\" \/>\n<meta property=\"og:availability\" content=\"instock\" \/>\n<meta property=\"product:availability\" content=\"instock\" \/>\n<meta property=\"product:retailer_item_id\" content=\"BSGP0\" \/>\n<meta property=\"product:condition\" content=\"new\" \/>\n<!-- \/ Yoast SEO plugin. -->","yoast_head_json":{"title":"Rozwi\u0105zanie BSG Mild Hybrydowy - P0 | Propulsion Solutions","description":"Aby nieustannie d\u0105\u017cy\u0107 do poprawy efektywno\u015bci paliwowej, trwa\u0142o\u015bci system\u00f3w hybrydowych typu P0 i zmniejsza\u0107 \u015blad w\u0119glowy, Dayco dostarcza w pe\u0142ni zintegrowane rozwi\u0105zania do hybrydyzacji","robots":{"index":"noindex","follow":"follow","max-snippet":"max-snippet:-1","max-image-preview":"max-image-preview:large","max-video-preview":"max-video-preview:-1"},"og_locale":"pl_PL","og_type":"article","og_title":"Rozwi\u0105zanie BSG Mild Hybrydowy - P0 | Propulsion Solutions","og_description":"Aby nieustannie d\u0105\u017cy\u0107 do poprawy efektywno\u015bci paliwowej, trwa\u0142o\u015bci system\u00f3w hybrydowych typu P0 i zmniejsza\u0107 \u015blad w\u0119glowy, Dayco dostarcza w pe\u0142ni zintegrowane rozwi\u0105zania do hybrydyzacji","og_url":"https:\/\/uncommonegg.com\/dayco\/pl\/produkt\/bsg-mild-hybrid-solution-p0\/","og_site_name":"Propulsion Solutions","article_publisher":"https:\/\/www.facebook.com\/DaycoOfficial\/","article_modified_time":"2022-03-25T11:57:18+00:00","og_image":[{"width":609,"height":356,"url":"https:\/\/uncommonegg.com\/dayco\/wp-content\/uploads\/2022\/03\/Hybrid-P0-4.jpg","type":"image\/jpeg"}],"twitter_card":"summary_large_image","twitter_site":"@DaycoOfficial","twitter_misc":{"Cena":"","Dost\u0119pno\u015b\u0107":"Dost\u0119pny"},"schema":{"@context":"https:\/\/schema.org","@graph":[{"@type":["WebPage","ItemPage"],"@id":"https:\/\/uncommonegg.com\/dayco\/pl\/produkt\/bsg-mild-hybrid-solution-p0\/","url":"https:\/\/uncommonegg.com\/dayco\/pl\/produkt\/bsg-mild-hybrid-solution-p0\/","name":"Rozwi\u0105zanie BSG Mild Hybrydowy - P0 | Propulsion Solutions","isPartOf":{"@id":"https:\/\/uncommonegg.com\/dayco\/pl\/#website"},"primaryImageOfPage":{"@id":"https:\/\/uncommonegg.com\/dayco\/pl\/produkt\/bsg-mild-hybrid-solution-p0\/#primaryimage"},"image":{"@id":"https:\/\/uncommonegg.com\/dayco\/pl\/produkt\/bsg-mild-hybrid-solution-p0\/#primaryimage"},"thumbnailUrl":"https:\/\/uncommonegg.com\/dayco\/wp-content\/uploads\/2022\/03\/Hybrid-P0-4.jpg","datePublished":"2022-03-17T08:34:48+00:00","dateModified":"2022-03-25T11:57:18+00:00","description":"Aby nieustannie d\u0105\u017cy\u0107 do poprawy efektywno\u015bci paliwowej, trwa\u0142o\u015bci system\u00f3w hybrydowych typu P0 i zmniejsza\u0107 \u015blad w\u0119glowy, Dayco dostarcza w pe\u0142ni zintegrowane rozwi\u0105zania do hybrydyzacji","breadcrumb":{"@id":"https:\/\/uncommonegg.com\/dayco\/pl\/produkt\/bsg-mild-hybrid-solution-p0\/#breadcrumb"},"inLanguage":"pl-PL","potentialAction":[{"@type":"ReadAction","target":["https:\/\/uncommonegg.com\/dayco\/pl\/produkt\/bsg-mild-hybrid-solution-p0\/"]}]},{"@type":"ImageObject","inLanguage":"pl-PL","@id":"https:\/\/uncommonegg.com\/dayco\/pl\/produkt\/bsg-mild-hybrid-solution-p0\/#primaryimage","url":"https:\/\/uncommonegg.com\/dayco\/wp-content\/uploads\/2022\/03\/Hybrid-P0-4.jpg","contentUrl":"https:\/\/uncommonegg.com\/dayco\/wp-content\/uploads\/2022\/03\/Hybrid-P0-4.jpg","width":609,"height":356},{"@type":"BreadcrumbList","@id":"https:\/\/uncommonegg.com\/dayco\/pl\/produkt\/bsg-mild-hybrid-solution-p0\/#breadcrumb","itemListElement":[{"@type":"ListItem","position":1,"name":"Strona g\u0142\u00f3wna","item":"https:\/\/uncommonegg.com\/dayco\/pl\/home\/"},{"@type":"ListItem","position":2,"name":"Produkty","item":"https:\/\/uncommonegg.com\/dayco\/pl\/produkty\/"},{"@type":"ListItem","position":3,"name":"Rozwi\u0105zanie BSG Mild Hybrydowy &#8211; P0"}]},{"@type":"WebSite","@id":"https:\/\/uncommonegg.com\/dayco\/pl\/#website","url":"https:\/\/uncommonegg.com\/dayco\/pl\/","name":"Propulsion Solutions","description":"Move Forward. Always.\u2122","publisher":{"@id":"https:\/\/uncommonegg.com\/dayco\/pl\/#organization"},"alternateName":"Propulsion Solutions","potentialAction":[{"@type":"SearchAction","target":{"@type":"EntryPoint","urlTemplate":"https:\/\/uncommonegg.com\/dayco\/pl\/?s={search_term_string}"},"query-input":"required name=search_term_string"}],"inLanguage":"pl-PL"},{"@type":"Organization","@id":"https:\/\/uncommonegg.com\/dayco\/pl\/#organization","name":"Dayco Corporate","alternateName":"Propulsion Solutions","url":"https:\/\/uncommonegg.com\/dayco\/pl\/","logo":{"@type":"ImageObject","inLanguage":"pl-PL","@id":"https:\/\/uncommonegg.com\/dayco\/pl\/#\/schema\/logo\/image\/","url":"http:\/\/uncommonegg.com\/dayco\/wp-content\/uploads\/2024\/01\/PS-Logo-SEO2.jpg","contentUrl":"http:\/\/uncommonegg.com\/dayco\/wp-content\/uploads\/2024\/01\/PS-Logo-SEO2.jpg","width":696,"height":696,"caption":"Dayco Corporate"},"image":{"@id":"https:\/\/uncommonegg.com\/dayco\/pl\/#\/schema\/logo\/image\/"},"sameAs":["https:\/\/www.facebook.com\/DaycoOfficial\/","https:\/\/twitter.com\/DaycoOfficial","https:\/\/www.instagram.com\/daycoofficial\/","https:\/\/www.linkedin.com\/company\/daycoofficial\/","https:\/\/www.youtube.com\/DaycoOfficial","https:\/\/en.wikipedia.org\/wiki\/Dayco"]}]},"product_brand":"Rozwi\u0105zanie Systemu Hybrydowego","product_price_amount":"0.00","product_price_currency":"EUR","og_availability":"instock","product_availability":"instock","product_retailer_item_id":"BSGP0","product_condition":"new"},"_links":{"self":[{"href":"https:\/\/uncommonegg.com\/dayco\/pl\/wp-json\/wp\/v2\/product\/114986"}],"collection":[{"href":"https:\/\/uncommonegg.com\/dayco\/pl\/wp-json\/wp\/v2\/product"}],"about":[{"href":"https:\/\/uncommonegg.com\/dayco\/pl\/wp-json\/wp\/v2\/types\/product"}],"wp:featuredmedia":[{"embeddable":true,"href":"https:\/\/uncommonegg.com\/dayco\/pl\/wp-json\/wp\/v2\/media\/114756"}],"wp:attachment":[{"href":"https:\/\/uncommonegg.com\/dayco\/pl\/wp-json\/wp\/v2\/media?parent=114986"}],"wp:term":[{"taxonomy":"product_cat","embeddable":true,"href":"https:\/\/uncommonegg.com\/dayco\/pl\/wp-json\/wp\/v2\/product_cat?post=114986"},{"taxonomy":"product_tag","embeddable":true,"href":"https:\/\/uncommonegg.com\/dayco\/pl\/wp-json\/wp\/v2\/product_tag?post=114986"}],"curies":[{"name":"wp","href":"https:\/\/api.w.org\/{rel}","templated":true}]}}