{"id":9204,"date":"2018-05-19T14:07:36","date_gmt":"2018-05-19T12:07:36","guid":{"rendered":"http:\/\/uncommonegg.com\/dayco\/code-of-conduct\/"},"modified":"2020-05-09T16:25:43","modified_gmt":"2020-05-09T14:25:43","slug":"kodeks-postepowania","status":"publish","type":"page","link":"https:\/\/uncommonegg.com\/dayco\/pl\/kodeks-postepowania\/","title":{"rendered":"Kodeks Post\u0119powania"},"content":{"rendered":"[vc_row type=&#8221;in_container&#8221; full_screen_row_position=&#8221;middle&#8221; scene_position=&#8221;center&#8221; text_color=&#8221;dark&#8221; text_align=&#8221;left&#8221; top_padding=&#8221;3%&#8221; overlay_strength=&#8221;0.3&#8243; shape_divider_position=&#8221;bottom&#8221; bg_image_animation=&#8221;none&#8221; shape_type=&#8221;&#8221;][vc_column column_padding=&#8221;no-extra-padding&#8221; column_padding_position=&#8221;all&#8221; background_color_opacity=&#8221;1&#8243; background_hover_color_opacity=&#8221;1&#8243; column_link_target=&#8221;_self&#8221; column_shadow=&#8221;none&#8221; column_border_radius=&#8221;none&#8221; width=&#8221;1\/1&#8243; tablet_width_inherit=&#8221;default&#8221; tablet_text_alignment=&#8221;default&#8221; phone_text_alignment=&#8221;default&#8221; column_border_width=&#8221;none&#8221; column_border_style=&#8221;solid&#8221; bg_image_animation=&#8221;none&#8221;][vc_column_text]\n<p style=\"text-align: justify;\"><strong>Misj\u0105 firmy Dayco jest dostarczanie innowacyjnych rozwi\u0105za\u0144 systemowych, kt\u00f3re pozwalaj\u0105 nabywcom oryginalnego wyposa\u017cenia i cz\u0119\u015bci z rynku wt\u00f3rnego i\u015b\u0107 ci\u0105gle na prz\u00f3d. Wype\u0142niamy nasz\u0105 misj\u0119 dzi\u0119ki sile wsp\u00f3lnych warto\u015bci, takich jak zaufanie, wzajemny szacunek i odpowiedzialno\u015b\u0107.<\/strong><\/p>\n[\/vc_column_text][\/vc_column][\/vc_row][vc_row type=&#8221;in_container&#8221; full_screen_row_position=&#8221;middle&#8221; scene_position=&#8221;center&#8221; text_color=&#8221;dark&#8221; text_align=&#8221;left&#8221; top_padding=&#8221;20&#8243; overlay_strength=&#8221;0.3&#8243; shape_divider_position=&#8221;bottom&#8221; bg_image_animation=&#8221;none&#8221; shape_type=&#8221;&#8221;][vc_column column_padding=&#8221;no-extra-padding&#8221; column_padding_position=&#8221;all&#8221; background_color_opacity=&#8221;1&#8243; background_hover_color_opacity=&#8221;1&#8243; column_link_target=&#8221;_self&#8221; column_shadow=&#8221;none&#8221; column_border_radius=&#8221;none&#8221; width=&#8221;1\/2&#8243; tablet_width_inherit=&#8221;default&#8221; tablet_text_alignment=&#8221;default&#8221; phone_text_alignment=&#8221;default&#8221; column_border_width=&#8221;none&#8221; column_border_style=&#8221;solid&#8221; bg_image_animation=&#8221;none&#8221;][image_with_animation image_url=&#8221;92211&#8243; alignment=&#8221;&#8221; animation=&#8221;Fade In&#8221; border_radius=&#8221;none&#8221; box_shadow=&#8221;none&#8221; max_width=&#8221;100%&#8221;][\/vc_column][vc_column column_padding=&#8221;no-extra-padding&#8221; column_padding_position=&#8221;all&#8221; background_color_opacity=&#8221;1&#8243; background_hover_color_opacity=&#8221;1&#8243; column_link_target=&#8221;_self&#8221; column_shadow=&#8221;none&#8221; column_border_radius=&#8221;none&#8221; width=&#8221;1\/2&#8243; tablet_width_inherit=&#8221;default&#8221; tablet_text_alignment=&#8221;default&#8221; phone_text_alignment=&#8221;default&#8221; column_border_width=&#8221;none&#8221; column_border_style=&#8221;solid&#8221; bg_image_animation=&#8221;none&#8221;][vc_column_text]<strong>English:<\/strong>\u00a0<a href=\"\/dayco\/wp-content\/uploads\/coc\/Code_Of_Conduct_Dayco_English_2020.pdf\" target=\"_blank\" rel=\"noopener noreferrer\">Code of Conduct<\/a><\/p>\n<p><strong>Italian:<\/strong> <a href=\"\/dayco\/wp-content\/uploads\/coc\/Code_Of_Conduct_Dayco_Italian_2020.pdf\" target=\"_blank\" rel=\"noopener noreferrer\">Codice di Condotta<\/a><\/p>\n<p><strong>French:<\/strong> <a href=\"\/dayco\/wp-content\/uploads\/coc\/Code_Of_Conduct_Dayco_French_2020.pdf\" target=\"_blank\" rel=\"noopener noreferrer\">Code de Conduite<\/a><\/p>\n<p><strong>German:<\/strong> <a href=\"\/dayco\/wp-content\/uploads\/coc\/Code_Of_Conduct_Dayco_German_2020.pdf\" target=\"_blank\" rel=\"noopener noreferrer\">Verhaltenskodex<\/a><\/p>\n<p><strong>Spanish Europe:<\/strong> <a href=\"\/dayco\/wp-content\/uploads\/coc\/Code_Of_Conduct_Dayco_Spanish_Europe_2020.pdf\" target=\"_blank\" rel=\"noopener noreferrer\">C\u00f3digo de Conducta<\/a><\/p>\n<p><strong>Spanish Latin America:<\/strong> <a href=\"\/dayco\/wp-content\/uploads\/coc\/Code_Of_Conduct_Dayco_Spanish_LatinAmerica_2020.pdf\" target=\"_blank\" rel=\"noopener noreferrer\">C\u00f3digo de Conducta<\/a><\/p>\n<p><strong>Portuguese:<\/strong> <a href=\"\/dayco\/wp-content\/uploads\/coc\/Code_Of_Conduct_Dayco_Portuguese_2020.pdf\" target=\"_blank\" rel=\"noopener noreferrer\">C\u00f3digo de Conduta<\/a><\/p>\n<p><strong>Polish:<\/strong> <a href=\"\/dayco\/wp-content\/uploads\/coc\/Code_Of_Conduct_Dayco_Polish_2020.pdf\" target=\"_blank\" rel=\"noopener noreferrer\">Kodeks Postepowania<\/a><\/p>\n<p><strong>Chinese:<\/strong> <a href=\"\/dayco\/wp-content\/uploads\/coc\/Code_Of_Conduct_Dayco_Chinese_2020.pdf\" target=\"_blank\" rel=\"noopener noreferrer\">\u884c\u4e3a\u5b88\u5219<\/a>[\/vc_column_text][\/vc_column][\/vc_row]\n","protected":false},"excerpt":{"rendered":"<p>[vc_row type=&#8221;in_container&#8221; full_screen_row_position=&#8221;middle&#8221; scene_position=&#8221;center&#8221; text_color=&#8221;dark&#8221; text_align=&#8221;left&#8221; top_padding=&#8221;3%&#8221; overlay_strength=&#8221;0.3&#8243; shape_divider_position=&#8221;bottom&#8221; bg_image_animation=&#8221;none&#8221; shape_type=&#8221;&#8221;][vc_column column_padding=&#8221;no-extra-padding&#8221; column_padding_position=&#8221;all&#8221; background_color_opacity=&#8221;1&#8243; background_hover_color_opacity=&#8221;1&#8243; column_link_target=&#8221;_self&#8221; column_shadow=&#8221;none&#8221; column_border_radius=&#8221;none&#8221; width=&#8221;1\/1&#8243; tablet_width_inherit=&#8221;default&#8221; tablet_text_alignment=&#8221;default&#8221; phone_text_alignment=&#8221;default&#8221; column_border_width=&#8221;none&#8221; column_border_style=&#8221;solid&#8221; bg_image_animation=&#8221;none&#8221;][vc_column_text] Misj\u0105 firmy Dayco jest dostarczanie innowacyjnych rozwi\u0105za\u0144 systemowych, kt\u00f3re pozwalaj\u0105 nabywcom oryginalnego wyposa\u017cenia i cz\u0119\u015bci z rynku wt\u00f3rnego i\u015b\u0107 ci\u0105gle na prz\u00f3d. Wype\u0142niamy nasz\u0105 misj\u0119 dzi\u0119ki sile wsp\u00f3lnych warto\u015bci, takich jak zaufanie, wzajemny szacunek i odpowiedzialno\u015b\u0107. [\/vc_column_text][\/vc_column][\/vc_row][vc_row type=&#8221;in_container&#8221; full_screen_row_position=&#8221;middle&#8221; scene_position=&#8221;center&#8221;&#8230;<\/p>\n","protected":false},"author":1,"featured_media":0,"parent":0,"menu_order":0,"comment_status":"closed","ping_status":"closed","template":"template-transparent-header.php","meta":{"footnotes":""},"yoast_head":"<!-- This site is optimized with the Yoast SEO plugin v22.4 - https:\/\/yoast.com\/wordpress\/plugins\/seo\/ -->\n<title>Kodeks Post\u0119powania | Propulsion Solutions<\/title>\n<meta name=\"description\" content=\"Misj\u0105 firmy Dayco wype\u0142niamy nasz\u0105 misj\u0119 dzi\u0119ki sile wsp\u00f3lnych warto\u015bci, takich jak zaufanie, wzajemny szacunek i odpowiedzialno\u015b\u0107.\" \/>\n<meta name=\"robots\" content=\"noindex, follow, max-snippet:-1, max-image-preview:large, max-video-preview:-1\" \/>\n<meta property=\"og:locale\" content=\"pl_PL\" \/>\n<meta property=\"og:type\" content=\"article\" \/>\n<meta property=\"og:title\" content=\"Kodeks Post\u0119powania | Propulsion Solutions\" \/>\n<meta property=\"og:description\" content=\"Misj\u0105 firmy Dayco wype\u0142niamy nasz\u0105 misj\u0119 dzi\u0119ki sile wsp\u00f3lnych warto\u015bci, takich jak zaufanie, wzajemny szacunek i odpowiedzialno\u015b\u0107.\" \/>\n<meta property=\"og:url\" content=\"https:\/\/uncommonegg.com\/dayco\/pl\/kodeks-postepowania\/\" \/>\n<meta property=\"og:site_name\" content=\"Propulsion Solutions\" \/>\n<meta property=\"article:publisher\" content=\"https:\/\/www.facebook.com\/DaycoOfficial\/\" \/>\n<meta property=\"article:modified_time\" content=\"2020-05-09T14:25:43+00:00\" \/>\n<meta property=\"og:image\" content=\"https:\/\/uncommonegg.com\/dayco\/wp-content\/uploads\/2024\/01\/PS-Logo-SEO2.jpg\" \/>\n\t<meta property=\"og:image:width\" content=\"696\" \/>\n\t<meta property=\"og:image:height\" content=\"696\" \/>\n\t<meta property=\"og:image:type\" content=\"image\/jpeg\" \/>\n<meta name=\"twitter:card\" content=\"summary_large_image\" \/>\n<meta name=\"twitter:site\" content=\"@DaycoOfficial\" \/>\n<meta name=\"twitter:label1\" content=\"Szacowany czas czytania\" \/>\n\t<meta name=\"twitter:data1\" content=\"2 minuty\" \/>\n<script type=\"application\/ld+json\" class=\"yoast-schema-graph\">{\"@context\":\"https:\/\/schema.org\",\"@graph\":[{\"@type\":\"WebPage\",\"@id\":\"https:\/\/uncommonegg.com\/dayco\/pl\/kodeks-postepowania\/\",\"url\":\"https:\/\/uncommonegg.com\/dayco\/pl\/kodeks-postepowania\/\",\"name\":\"Kodeks Post\u0119powania | Propulsion Solutions\",\"isPartOf\":{\"@id\":\"https:\/\/uncommonegg.com\/dayco\/pl\/#website\"},\"datePublished\":\"2018-05-19T12:07:36+00:00\",\"dateModified\":\"2020-05-09T14:25:43+00:00\",\"description\":\"Misj\u0105 firmy Dayco wype\u0142niamy nasz\u0105 misj\u0119 dzi\u0119ki sile wsp\u00f3lnych warto\u015bci, takich jak zaufanie, wzajemny szacunek i odpowiedzialno\u015b\u0107.\",\"breadcrumb\":{\"@id\":\"https:\/\/uncommonegg.com\/dayco\/pl\/kodeks-postepowania\/#breadcrumb\"},\"inLanguage\":\"pl-PL\",\"potentialAction\":[{\"@type\":\"ReadAction\",\"target\":[\"https:\/\/uncommonegg.com\/dayco\/pl\/kodeks-postepowania\/\"]}]},{\"@type\":\"BreadcrumbList\",\"@id\":\"https:\/\/uncommonegg.com\/dayco\/pl\/kodeks-postepowania\/#breadcrumb\",\"itemListElement\":[{\"@type\":\"ListItem\",\"position\":1,\"name\":\"Strona g\u0142\u00f3wna\",\"item\":\"https:\/\/uncommonegg.com\/dayco\/pl\/home\/\"},{\"@type\":\"ListItem\",\"position\":2,\"name\":\"Kodeks Post\u0119powania\"}]},{\"@type\":\"WebSite\",\"@id\":\"https:\/\/uncommonegg.com\/dayco\/pl\/#website\",\"url\":\"https:\/\/uncommonegg.com\/dayco\/pl\/\",\"name\":\"Propulsion Solutions\",\"description\":\"Move Forward. Always.\u2122\",\"publisher\":{\"@id\":\"https:\/\/uncommonegg.com\/dayco\/pl\/#organization\"},\"alternateName\":\"Propulsion Solutions\",\"potentialAction\":[{\"@type\":\"SearchAction\",\"target\":{\"@type\":\"EntryPoint\",\"urlTemplate\":\"https:\/\/uncommonegg.com\/dayco\/pl\/?s={search_term_string}\"},\"query-input\":\"required name=search_term_string\"}],\"inLanguage\":\"pl-PL\"},{\"@type\":\"Organization\",\"@id\":\"https:\/\/uncommonegg.com\/dayco\/pl\/#organization\",\"name\":\"Dayco Corporate\",\"alternateName\":\"Propulsion Solutions\",\"url\":\"https:\/\/uncommonegg.com\/dayco\/pl\/\",\"logo\":{\"@type\":\"ImageObject\",\"inLanguage\":\"pl-PL\",\"@id\":\"https:\/\/uncommonegg.com\/dayco\/pl\/#\/schema\/logo\/image\/\",\"url\":\"http:\/\/uncommonegg.com\/dayco\/wp-content\/uploads\/2024\/01\/PS-Logo-SEO2.jpg\",\"contentUrl\":\"http:\/\/uncommonegg.com\/dayco\/wp-content\/uploads\/2024\/01\/PS-Logo-SEO2.jpg\",\"width\":696,\"height\":696,\"caption\":\"Dayco Corporate\"},\"image\":{\"@id\":\"https:\/\/uncommonegg.com\/dayco\/pl\/#\/schema\/logo\/image\/\"},\"sameAs\":[\"https:\/\/www.facebook.com\/DaycoOfficial\/\",\"https:\/\/twitter.com\/DaycoOfficial\",\"https:\/\/www.instagram.com\/daycoofficial\/\",\"https:\/\/www.linkedin.com\/company\/daycoofficial\/\",\"https:\/\/www.youtube.com\/DaycoOfficial\",\"https:\/\/en.wikipedia.org\/wiki\/Dayco\"]}]}<\/script>\n<!-- \/ Yoast SEO plugin. -->","yoast_head_json":{"title":"Kodeks Post\u0119powania | Propulsion Solutions","description":"Misj\u0105 firmy Dayco wype\u0142niamy nasz\u0105 misj\u0119 dzi\u0119ki sile wsp\u00f3lnych warto\u015bci, takich jak zaufanie, wzajemny szacunek i odpowiedzialno\u015b\u0107.","robots":{"index":"noindex","follow":"follow","max-snippet":"max-snippet:-1","max-image-preview":"max-image-preview:large","max-video-preview":"max-video-preview:-1"},"og_locale":"pl_PL","og_type":"article","og_title":"Kodeks Post\u0119powania | Propulsion Solutions","og_description":"Misj\u0105 firmy Dayco wype\u0142niamy nasz\u0105 misj\u0119 dzi\u0119ki sile wsp\u00f3lnych warto\u015bci, takich jak zaufanie, wzajemny szacunek i odpowiedzialno\u015b\u0107.","og_url":"https:\/\/uncommonegg.com\/dayco\/pl\/kodeks-postepowania\/","og_site_name":"Propulsion Solutions","article_publisher":"https:\/\/www.facebook.com\/DaycoOfficial\/","article_modified_time":"2020-05-09T14:25:43+00:00","og_image":[{"width":696,"height":696,"url":"https:\/\/uncommonegg.com\/dayco\/wp-content\/uploads\/2024\/01\/PS-Logo-SEO2.jpg","type":"image\/jpeg"}],"twitter_card":"summary_large_image","twitter_site":"@DaycoOfficial","twitter_misc":{"Szacowany czas czytania":"2 minuty"},"schema":{"@context":"https:\/\/schema.org","@graph":[{"@type":"WebPage","@id":"https:\/\/uncommonegg.com\/dayco\/pl\/kodeks-postepowania\/","url":"https:\/\/uncommonegg.com\/dayco\/pl\/kodeks-postepowania\/","name":"Kodeks Post\u0119powania | Propulsion Solutions","isPartOf":{"@id":"https:\/\/uncommonegg.com\/dayco\/pl\/#website"},"datePublished":"2018-05-19T12:07:36+00:00","dateModified":"2020-05-09T14:25:43+00:00","description":"Misj\u0105 firmy Dayco wype\u0142niamy nasz\u0105 misj\u0119 dzi\u0119ki sile wsp\u00f3lnych warto\u015bci, takich jak zaufanie, wzajemny szacunek i odpowiedzialno\u015b\u0107.","breadcrumb":{"@id":"https:\/\/uncommonegg.com\/dayco\/pl\/kodeks-postepowania\/#breadcrumb"},"inLanguage":"pl-PL","potentialAction":[{"@type":"ReadAction","target":["https:\/\/uncommonegg.com\/dayco\/pl\/kodeks-postepowania\/"]}]},{"@type":"BreadcrumbList","@id":"https:\/\/uncommonegg.com\/dayco\/pl\/kodeks-postepowania\/#breadcrumb","itemListElement":[{"@type":"ListItem","position":1,"name":"Strona g\u0142\u00f3wna","item":"https:\/\/uncommonegg.com\/dayco\/pl\/home\/"},{"@type":"ListItem","position":2,"name":"Kodeks Post\u0119powania"}]},{"@type":"WebSite","@id":"https:\/\/uncommonegg.com\/dayco\/pl\/#website","url":"https:\/\/uncommonegg.com\/dayco\/pl\/","name":"Propulsion Solutions","description":"Move Forward. Always.\u2122","publisher":{"@id":"https:\/\/uncommonegg.com\/dayco\/pl\/#organization"},"alternateName":"Propulsion Solutions","potentialAction":[{"@type":"SearchAction","target":{"@type":"EntryPoint","urlTemplate":"https:\/\/uncommonegg.com\/dayco\/pl\/?s={search_term_string}"},"query-input":"required name=search_term_string"}],"inLanguage":"pl-PL"},{"@type":"Organization","@id":"https:\/\/uncommonegg.com\/dayco\/pl\/#organization","name":"Dayco Corporate","alternateName":"Propulsion Solutions","url":"https:\/\/uncommonegg.com\/dayco\/pl\/","logo":{"@type":"ImageObject","inLanguage":"pl-PL","@id":"https:\/\/uncommonegg.com\/dayco\/pl\/#\/schema\/logo\/image\/","url":"http:\/\/uncommonegg.com\/dayco\/wp-content\/uploads\/2024\/01\/PS-Logo-SEO2.jpg","contentUrl":"http:\/\/uncommonegg.com\/dayco\/wp-content\/uploads\/2024\/01\/PS-Logo-SEO2.jpg","width":696,"height":696,"caption":"Dayco Corporate"},"image":{"@id":"https:\/\/uncommonegg.com\/dayco\/pl\/#\/schema\/logo\/image\/"},"sameAs":["https:\/\/www.facebook.com\/DaycoOfficial\/","https:\/\/twitter.com\/DaycoOfficial","https:\/\/www.instagram.com\/daycoofficial\/","https:\/\/www.linkedin.com\/company\/daycoofficial\/","https:\/\/www.youtube.com\/DaycoOfficial","https:\/\/en.wikipedia.org\/wiki\/Dayco"]}]}},"_links":{"self":[{"href":"https:\/\/uncommonegg.com\/dayco\/pl\/wp-json\/wp\/v2\/pages\/9204"}],"collection":[{"href":"https:\/\/uncommonegg.com\/dayco\/pl\/wp-json\/wp\/v2\/pages"}],"about":[{"href":"https:\/\/uncommonegg.com\/dayco\/pl\/wp-json\/wp\/v2\/types\/page"}],"author":[{"embeddable":true,"href":"https:\/\/uncommonegg.com\/dayco\/pl\/wp-json\/wp\/v2\/users\/1"}],"replies":[{"embeddable":true,"href":"https:\/\/uncommonegg.com\/dayco\/pl\/wp-json\/wp\/v2\/comments?post=9204"}],"version-history":[{"count":0,"href":"https:\/\/uncommonegg.com\/dayco\/pl\/wp-json\/wp\/v2\/pages\/9204\/revisions"}],"wp:attachment":[{"href":"https:\/\/uncommonegg.com\/dayco\/pl\/wp-json\/wp\/v2\/media?parent=9204"}],"curies":[{"name":"wp","href":"https:\/\/api.w.org\/{rel}","templated":true}]}}