{"id":7206,"date":"2018-05-18T11:58:12","date_gmt":"2018-05-18T09:58:12","guid":{"rendered":"http:\/\/uncommonegg.com\/dayco\/?post_type=product&#038;p=7206"},"modified":"2018-07-03T11:08:56","modified_gmt":"2018-07-03T09:08:56","slug":"smorzatori-rumore-trasmissione","status":"publish","type":"product","link":"https:\/\/uncommonegg.com\/dayco\/it\/prodotto\/smorzatori-rumore-trasmissione\/","title":{"rendered":"Smorzatori Rumore Trasmissione"},"content":{"rendered":"<p>Dayco ha una lunga storia di progettazione e produzione di smorzatori per trasmissioni e riconosce i severi requisiti dei clienti. Tali smorzatori sono progettati specificamente per la tipologia di vibrazione che attenuano (lineare, torsionale o mista). Innovazione e creativit\u00e0 unite a strumenti di validazione analitica ed empirica sono i fattori chiave che contraddistinguono Dayco come leader tecnico in questo settore. Il Recessed Belt Damper (RBD &#8211; smorzatore a cinghia da incasso), il Radial Internal Tube Damper (ITD &#8211; smorzatore a tubo radiale interno) e il Low Frequency Grommet Damper (LFGD &#8211; smorzatore ad anello a bassa frequenza) sono tutti esempi di come Dayco sia intelligente, originale e creativa nello sviluppo di soluzioni per i nostri clienti.<\/p>\n<p>Dayco si distingue nettamente dalla concorrenza per la sua capacit\u00e0 di progettare ammortizzatori multimodali utilizzando un unico sistema di molle compatte. Questo \u00e8 possibile grazie ad un algoritmo software proprietario che non ha eguali nel settore per la sua velocit\u00e0 e capacit\u00e0, consentendo cos\u00ec un rapido sviluppo di particolari economici dall&#8217;ottimo rapporto peso\/prestazioni. Una volta sviluppati analiticamente, gli smorzatori per trasmissioni Dayco sono sottoposti a test di prestazioni e durata per garantirne la robustezza nell&#8217;applicazione.<\/p>\n","protected":false},"excerpt":{"rendered":"<p>Dayco ha una lunga storia di progettazione e produzione di smorzatori per trasmissioni e riconosce i severi requisiti dei clienti. Tali smorzatori sono progettati specificamente per la tipologia di vibrazione che attenuano (lineare, torsionale o mista). Innovazione e creativit\u00e0 unite a strumenti di validazione analitica ed empirica sono i fattori chiave che contraddistinguono Dayco come leader tecnico in questo settore. Il Recessed Belt Damper (RBD&#8230;<\/p>\n","protected":false},"featured_media":8965,"template":"","meta":[],"product_cat":[134],"product_tag":[],"yoast_head":"<!-- This site is optimized with the Yoast SEO plugin v22.4 - https:\/\/yoast.com\/wordpress\/plugins\/seo\/ -->\n<title>Smorzatori Rumore Trasmissione | Propulsion Solutions<\/title>\n<meta name=\"robots\" content=\"noindex, follow, max-snippet:-1, max-image-preview:large, max-video-preview:-1\" \/>\n<meta property=\"og:locale\" content=\"it_IT\" \/>\n<meta property=\"og:type\" content=\"article\" \/>\n<meta property=\"og:title\" content=\"Smorzatori Rumore Trasmissione | Propulsion Solutions\" \/>\n<meta property=\"og:description\" content=\"Dayco ha una lunga storia di progettazione e produzione di smorzatori per trasmissioni e riconosce i severi requisiti dei clienti. Tali smorzatori sono progettati specificamente per la tipologia di vibrazione che attenuano (lineare, torsionale o mista). Innovazione e creativit\u00e0 unite a strumenti di validazione analitica ed empirica sono i fattori chiave che contraddistinguono Dayco come leader tecnico in questo settore. Il Recessed Belt Damper (RBD...\" \/>\n<meta property=\"og:url\" content=\"https:\/\/uncommonegg.com\/dayco\/it\/prodotto\/smorzatori-rumore-trasmissione\/\" \/>\n<meta property=\"og:site_name\" content=\"Propulsion Solutions\" \/>\n<meta property=\"article:publisher\" content=\"https:\/\/www.facebook.com\/DaycoOfficial\/\" \/>\n<meta property=\"article:modified_time\" content=\"2018-07-03T09:08:56+00:00\" \/>\n<meta property=\"og:image\" content=\"https:\/\/uncommonegg.com\/dayco\/wp-content\/uploads\/Driveline-Damp-1.jpg\" \/>\n\t<meta property=\"og:image:width\" content=\"609\" \/>\n\t<meta property=\"og:image:height\" content=\"356\" \/>\n\t<meta property=\"og:image:type\" content=\"image\/jpeg\" \/>\n<meta name=\"twitter:card\" content=\"summary_large_image\" \/>\n<meta name=\"twitter:site\" content=\"@DaycoOfficial\" \/>\n<meta name=\"twitter:label1\" content=\"Prezzo\" \/>\n\t<meta name=\"twitter:data1\" content=\"\" \/>\n\t<meta name=\"twitter:label2\" content=\"Disponibilit\u00e0\" \/>\n\t<meta name=\"twitter:data2\" content=\"In stock\" \/>\n<script type=\"application\/ld+json\" class=\"yoast-schema-graph\">{\"@context\":\"https:\/\/schema.org\",\"@graph\":[{\"@type\":[\"WebPage\",\"ItemPage\"],\"@id\":\"https:\/\/uncommonegg.com\/dayco\/it\/prodotto\/smorzatori-rumore-trasmissione\/\",\"url\":\"https:\/\/uncommonegg.com\/dayco\/it\/prodotto\/smorzatori-rumore-trasmissione\/\",\"name\":\"Smorzatori Rumore Trasmissione | Propulsion Solutions\",\"isPartOf\":{\"@id\":\"https:\/\/uncommonegg.com\/dayco\/it\/#website\"},\"primaryImageOfPage\":{\"@id\":\"https:\/\/uncommonegg.com\/dayco\/it\/prodotto\/smorzatori-rumore-trasmissione\/#primaryimage\"},\"image\":{\"@id\":\"https:\/\/uncommonegg.com\/dayco\/it\/prodotto\/smorzatori-rumore-trasmissione\/#primaryimage\"},\"thumbnailUrl\":\"https:\/\/uncommonegg.com\/dayco\/wp-content\/uploads\/Driveline-Damp-1.jpg\",\"datePublished\":\"2018-05-18T09:58:12+00:00\",\"dateModified\":\"2018-07-03T09:08:56+00:00\",\"breadcrumb\":{\"@id\":\"https:\/\/uncommonegg.com\/dayco\/it\/prodotto\/smorzatori-rumore-trasmissione\/#breadcrumb\"},\"inLanguage\":\"it-IT\",\"potentialAction\":[{\"@type\":\"ReadAction\",\"target\":[\"https:\/\/uncommonegg.com\/dayco\/it\/prodotto\/smorzatori-rumore-trasmissione\/\"]}]},{\"@type\":\"ImageObject\",\"inLanguage\":\"it-IT\",\"@id\":\"https:\/\/uncommonegg.com\/dayco\/it\/prodotto\/smorzatori-rumore-trasmissione\/#primaryimage\",\"url\":\"https:\/\/uncommonegg.com\/dayco\/wp-content\/uploads\/Driveline-Damp-1.jpg\",\"contentUrl\":\"https:\/\/uncommonegg.com\/dayco\/wp-content\/uploads\/Driveline-Damp-1.jpg\",\"width\":609,\"height\":356,\"caption\":\"Driveline Damp 1\"},{\"@type\":\"BreadcrumbList\",\"@id\":\"https:\/\/uncommonegg.com\/dayco\/it\/prodotto\/smorzatori-rumore-trasmissione\/#breadcrumb\",\"itemListElement\":[{\"@type\":\"ListItem\",\"position\":1,\"name\":\"Home\",\"item\":\"https:\/\/uncommonegg.com\/dayco\/it\/\"},{\"@type\":\"ListItem\",\"position\":2,\"name\":\"Prodotti\",\"item\":\"https:\/\/uncommonegg.com\/dayco\/it\/prodotti\/\"},{\"@type\":\"ListItem\",\"position\":3,\"name\":\"Smorzatori Rumore Trasmissione\"}]},{\"@type\":\"WebSite\",\"@id\":\"https:\/\/uncommonegg.com\/dayco\/it\/#website\",\"url\":\"https:\/\/uncommonegg.com\/dayco\/it\/\",\"name\":\"Propulsion Solutions\",\"description\":\"Move Forward. Always.\u2122\",\"publisher\":{\"@id\":\"https:\/\/uncommonegg.com\/dayco\/it\/#organization\"},\"alternateName\":\"Propulsion Solutions\",\"potentialAction\":[{\"@type\":\"SearchAction\",\"target\":{\"@type\":\"EntryPoint\",\"urlTemplate\":\"https:\/\/uncommonegg.com\/dayco\/it\/?s={search_term_string}\"},\"query-input\":\"required name=search_term_string\"}],\"inLanguage\":\"it-IT\"},{\"@type\":\"Organization\",\"@id\":\"https:\/\/uncommonegg.com\/dayco\/it\/#organization\",\"name\":\"Dayco Corporate\",\"alternateName\":\"Propulsion Solutions\",\"url\":\"https:\/\/uncommonegg.com\/dayco\/it\/\",\"logo\":{\"@type\":\"ImageObject\",\"inLanguage\":\"it-IT\",\"@id\":\"https:\/\/uncommonegg.com\/dayco\/it\/#\/schema\/logo\/image\/\",\"url\":\"http:\/\/uncommonegg.com\/dayco\/wp-content\/uploads\/2024\/01\/PS-Logo-SEO2.jpg\",\"contentUrl\":\"http:\/\/uncommonegg.com\/dayco\/wp-content\/uploads\/2024\/01\/PS-Logo-SEO2.jpg\",\"width\":696,\"height\":696,\"caption\":\"Dayco Corporate\"},\"image\":{\"@id\":\"https:\/\/uncommonegg.com\/dayco\/it\/#\/schema\/logo\/image\/\"},\"sameAs\":[\"https:\/\/www.facebook.com\/DaycoOfficial\/\",\"https:\/\/twitter.com\/DaycoOfficial\",\"https:\/\/www.instagram.com\/daycoofficial\/\",\"https:\/\/www.linkedin.com\/company\/daycoofficial\/\",\"https:\/\/www.youtube.com\/DaycoOfficial\",\"https:\/\/en.wikipedia.org\/wiki\/Dayco\"]}]}<\/script>\n<meta property=\"product:brand\" content=\"Autoveicoli OE\" \/>\n<meta property=\"product:price:amount\" content=\"0.00\" \/>\n<meta property=\"product:price:currency\" content=\"EUR\" \/>\n<meta property=\"og:availability\" content=\"instock\" \/>\n<meta property=\"product:availability\" content=\"instock\" \/>\n<meta property=\"product:retailer_item_id\" content=\"DMPLD\" \/>\n<meta property=\"product:condition\" content=\"new\" \/>\n<!-- \/ Yoast SEO plugin. -->","yoast_head_json":{"title":"Smorzatori Rumore Trasmissione | Propulsion Solutions","robots":{"index":"noindex","follow":"follow","max-snippet":"max-snippet:-1","max-image-preview":"max-image-preview:large","max-video-preview":"max-video-preview:-1"},"og_locale":"it_IT","og_type":"article","og_title":"Smorzatori Rumore Trasmissione | Propulsion Solutions","og_description":"Dayco ha una lunga storia di progettazione e produzione di smorzatori per trasmissioni e riconosce i severi requisiti dei clienti. Tali smorzatori sono progettati specificamente per la tipologia di vibrazione che attenuano (lineare, torsionale o mista). Innovazione e creativit\u00e0 unite a strumenti di validazione analitica ed empirica sono i fattori chiave che contraddistinguono Dayco come leader tecnico in questo settore. Il Recessed Belt Damper (RBD...","og_url":"https:\/\/uncommonegg.com\/dayco\/it\/prodotto\/smorzatori-rumore-trasmissione\/","og_site_name":"Propulsion Solutions","article_publisher":"https:\/\/www.facebook.com\/DaycoOfficial\/","article_modified_time":"2018-07-03T09:08:56+00:00","og_image":[{"width":609,"height":356,"url":"https:\/\/uncommonegg.com\/dayco\/wp-content\/uploads\/Driveline-Damp-1.jpg","type":"image\/jpeg"}],"twitter_card":"summary_large_image","twitter_site":"@DaycoOfficial","twitter_misc":{"Prezzo":"","Disponibilit\u00e0":"In stock"},"schema":{"@context":"https:\/\/schema.org","@graph":[{"@type":["WebPage","ItemPage"],"@id":"https:\/\/uncommonegg.com\/dayco\/it\/prodotto\/smorzatori-rumore-trasmissione\/","url":"https:\/\/uncommonegg.com\/dayco\/it\/prodotto\/smorzatori-rumore-trasmissione\/","name":"Smorzatori Rumore Trasmissione | Propulsion Solutions","isPartOf":{"@id":"https:\/\/uncommonegg.com\/dayco\/it\/#website"},"primaryImageOfPage":{"@id":"https:\/\/uncommonegg.com\/dayco\/it\/prodotto\/smorzatori-rumore-trasmissione\/#primaryimage"},"image":{"@id":"https:\/\/uncommonegg.com\/dayco\/it\/prodotto\/smorzatori-rumore-trasmissione\/#primaryimage"},"thumbnailUrl":"https:\/\/uncommonegg.com\/dayco\/wp-content\/uploads\/Driveline-Damp-1.jpg","datePublished":"2018-05-18T09:58:12+00:00","dateModified":"2018-07-03T09:08:56+00:00","breadcrumb":{"@id":"https:\/\/uncommonegg.com\/dayco\/it\/prodotto\/smorzatori-rumore-trasmissione\/#breadcrumb"},"inLanguage":"it-IT","potentialAction":[{"@type":"ReadAction","target":["https:\/\/uncommonegg.com\/dayco\/it\/prodotto\/smorzatori-rumore-trasmissione\/"]}]},{"@type":"ImageObject","inLanguage":"it-IT","@id":"https:\/\/uncommonegg.com\/dayco\/it\/prodotto\/smorzatori-rumore-trasmissione\/#primaryimage","url":"https:\/\/uncommonegg.com\/dayco\/wp-content\/uploads\/Driveline-Damp-1.jpg","contentUrl":"https:\/\/uncommonegg.com\/dayco\/wp-content\/uploads\/Driveline-Damp-1.jpg","width":609,"height":356,"caption":"Driveline Damp 1"},{"@type":"BreadcrumbList","@id":"https:\/\/uncommonegg.com\/dayco\/it\/prodotto\/smorzatori-rumore-trasmissione\/#breadcrumb","itemListElement":[{"@type":"ListItem","position":1,"name":"Home","item":"https:\/\/uncommonegg.com\/dayco\/it\/"},{"@type":"ListItem","position":2,"name":"Prodotti","item":"https:\/\/uncommonegg.com\/dayco\/it\/prodotti\/"},{"@type":"ListItem","position":3,"name":"Smorzatori Rumore Trasmissione"}]},{"@type":"WebSite","@id":"https:\/\/uncommonegg.com\/dayco\/it\/#website","url":"https:\/\/uncommonegg.com\/dayco\/it\/","name":"Propulsion Solutions","description":"Move Forward. Always.\u2122","publisher":{"@id":"https:\/\/uncommonegg.com\/dayco\/it\/#organization"},"alternateName":"Propulsion Solutions","potentialAction":[{"@type":"SearchAction","target":{"@type":"EntryPoint","urlTemplate":"https:\/\/uncommonegg.com\/dayco\/it\/?s={search_term_string}"},"query-input":"required name=search_term_string"}],"inLanguage":"it-IT"},{"@type":"Organization","@id":"https:\/\/uncommonegg.com\/dayco\/it\/#organization","name":"Dayco Corporate","alternateName":"Propulsion Solutions","url":"https:\/\/uncommonegg.com\/dayco\/it\/","logo":{"@type":"ImageObject","inLanguage":"it-IT","@id":"https:\/\/uncommonegg.com\/dayco\/it\/#\/schema\/logo\/image\/","url":"http:\/\/uncommonegg.com\/dayco\/wp-content\/uploads\/2024\/01\/PS-Logo-SEO2.jpg","contentUrl":"http:\/\/uncommonegg.com\/dayco\/wp-content\/uploads\/2024\/01\/PS-Logo-SEO2.jpg","width":696,"height":696,"caption":"Dayco Corporate"},"image":{"@id":"https:\/\/uncommonegg.com\/dayco\/it\/#\/schema\/logo\/image\/"},"sameAs":["https:\/\/www.facebook.com\/DaycoOfficial\/","https:\/\/twitter.com\/DaycoOfficial","https:\/\/www.instagram.com\/daycoofficial\/","https:\/\/www.linkedin.com\/company\/daycoofficial\/","https:\/\/www.youtube.com\/DaycoOfficial","https:\/\/en.wikipedia.org\/wiki\/Dayco"]}]},"product_brand":"Autoveicoli OE","product_price_amount":"0.00","product_price_currency":"EUR","og_availability":"instock","product_availability":"instock","product_retailer_item_id":"DMPLD","product_condition":"new"},"_links":{"self":[{"href":"https:\/\/uncommonegg.com\/dayco\/it\/wp-json\/wp\/v2\/product\/7206"}],"collection":[{"href":"https:\/\/uncommonegg.com\/dayco\/it\/wp-json\/wp\/v2\/product"}],"about":[{"href":"https:\/\/uncommonegg.com\/dayco\/it\/wp-json\/wp\/v2\/types\/product"}],"wp:featuredmedia":[{"embeddable":true,"href":"https:\/\/uncommonegg.com\/dayco\/it\/wp-json\/wp\/v2\/media\/8965"}],"wp:attachment":[{"href":"https:\/\/uncommonegg.com\/dayco\/it\/wp-json\/wp\/v2\/media?parent=7206"}],"wp:term":[{"taxonomy":"product_cat","embeddable":true,"href":"https:\/\/uncommonegg.com\/dayco\/it\/wp-json\/wp\/v2\/product_cat?post=7206"},{"taxonomy":"product_tag","embeddable":true,"href":"https:\/\/uncommonegg.com\/dayco\/it\/wp-json\/wp\/v2\/product_tag?post=7206"}],"curies":[{"name":"wp","href":"https:\/\/api.w.org\/{rel}","templated":true}]}}