{"id":7116,"date":"2018-05-18T10:52:07","date_gmt":"2018-05-18T08:52:07","guid":{"rendered":"http:\/\/uncommonegg.com\/dayco\/?post_type=product&#038;p=7116"},"modified":"2023-02-15T12:19:00","modified_gmt":"2023-02-15T11:19:00","slug":"pulegge-e-galoppini","status":"publish","type":"product","link":"https:\/\/uncommonegg.com\/dayco\/it\/prodotto\/pulegge-e-galoppini\/","title":{"rendered":"Pulegge e Galoppini"},"content":{"rendered":"<p>L&#8217;allineamento della trazione \u00e8 fondamentale. In aggiunta alle cinghie di trasmissione organi ausiliari e ai tenditori, Dayco offre un&#8217;ampia gamma di pulegge e tendicinghia in acciaio stampato e formato, plastica e metallo in polvere, con varie configurazioni di cuscinetti per adattarsi anche ai carichi pi\u00f9 elevati delle cinghie. Le pulegge folli sono disponibili per essere suddivise in staffe lavorate.<\/p>\n<p>L&#8217;utilizzo di una progettazione tridimensionale computerizzata (CAD) all&#8217;avanguardia e l&#8217;analisi degli elementi finiti garantiscono un design ottimale e la massima integrit\u00e0 strutturale sia per le pulegge in plastica che per quelle in acciaio. Le pulegge con superfici pi\u00f9 lisce e tolleranze dimensionali pi\u00f9 strette si traducono in minori vibrazioni e, di conseguenza, in una maggiore durata della cinghia. Cuscinetti lubrificati e guarnizioni ad alta temperatura assicurano prestazioni di picco, considerate l&#8217;elemento pi\u00f9 critico della vita utile di una puleggia.<\/p>\n","protected":false},"excerpt":{"rendered":"<p>L&#8217;allineamento della trazione \u00e8 fondamentale. In aggiunta alle cinghie di trasmissione organi ausiliari e ai tenditori, Dayco offre un&#8217;ampia gamma di pulegge e tendicinghia in acciaio stampato e formato, plastica e metallo in polvere, con varie configurazioni di cuscinetti per adattarsi anche ai carichi pi\u00f9 elevati delle cinghie. Le pulegge folli sono disponibili per essere suddivise in staffe lavorate. L&#8217;utilizzo di una progettazione tridimensionale computerizzata&#8230;<\/p>\n","protected":false},"featured_media":8970,"template":"","meta":[],"product_cat":[134],"product_tag":[],"yoast_head":"<!-- This site is optimized with the Yoast SEO plugin v22.4 - https:\/\/yoast.com\/wordpress\/plugins\/seo\/ -->\n<title>Pulegge e Galoppini | Propulsion Solutions<\/title>\n<meta name=\"description\" content=\"Drive alignment is critical. As a complement to its accessory drive belts and tensioners, Dayco provides a wide range of pulleys and idlers.\" \/>\n<meta name=\"robots\" content=\"noindex, follow, max-snippet:-1, max-image-preview:large, max-video-preview:-1\" \/>\n<meta property=\"og:locale\" content=\"it_IT\" \/>\n<meta property=\"og:type\" content=\"article\" \/>\n<meta property=\"og:title\" content=\"Pulegge e Galoppini | Propulsion Solutions\" \/>\n<meta property=\"og:description\" content=\"Drive alignment is critical. As a complement to its accessory drive belts and tensioners, Dayco provides a wide range of pulleys and idlers.\" \/>\n<meta property=\"og:url\" content=\"https:\/\/uncommonegg.com\/dayco\/it\/prodotto\/pulegge-e-galoppini\/\" \/>\n<meta property=\"og:site_name\" content=\"Propulsion Solutions\" \/>\n<meta property=\"article:publisher\" content=\"https:\/\/www.facebook.com\/DaycoOfficial\/\" \/>\n<meta property=\"article:modified_time\" content=\"2023-02-15T11:19:00+00:00\" \/>\n<meta property=\"og:image\" content=\"https:\/\/uncommonegg.com\/dayco\/wp-content\/uploads\/Pulleys-1.jpg\" \/>\n\t<meta property=\"og:image:width\" content=\"609\" \/>\n\t<meta property=\"og:image:height\" content=\"356\" \/>\n\t<meta property=\"og:image:type\" content=\"image\/jpeg\" \/>\n<meta name=\"twitter:card\" content=\"summary_large_image\" \/>\n<meta name=\"twitter:site\" content=\"@DaycoOfficial\" \/>\n<meta name=\"twitter:label1\" content=\"Prezzo\" \/>\n\t<meta name=\"twitter:data1\" content=\"\" \/>\n\t<meta name=\"twitter:label2\" content=\"Disponibilit\u00e0\" \/>\n\t<meta name=\"twitter:data2\" content=\"In stock\" \/>\n<script type=\"application\/ld+json\" class=\"yoast-schema-graph\">{\"@context\":\"https:\/\/schema.org\",\"@graph\":[{\"@type\":[\"WebPage\",\"ItemPage\"],\"@id\":\"https:\/\/uncommonegg.com\/dayco\/it\/prodotto\/pulegge-e-galoppini\/\",\"url\":\"https:\/\/uncommonegg.com\/dayco\/it\/prodotto\/pulegge-e-galoppini\/\",\"name\":\"Pulegge e Galoppini | Propulsion Solutions\",\"isPartOf\":{\"@id\":\"https:\/\/uncommonegg.com\/dayco\/it\/#website\"},\"primaryImageOfPage\":{\"@id\":\"https:\/\/uncommonegg.com\/dayco\/it\/prodotto\/pulegge-e-galoppini\/#primaryimage\"},\"image\":{\"@id\":\"https:\/\/uncommonegg.com\/dayco\/it\/prodotto\/pulegge-e-galoppini\/#primaryimage\"},\"thumbnailUrl\":\"https:\/\/uncommonegg.com\/dayco\/wp-content\/uploads\/Pulleys-1.jpg\",\"datePublished\":\"2018-05-18T08:52:07+00:00\",\"dateModified\":\"2023-02-15T11:19:00+00:00\",\"description\":\"Drive alignment is critical. As a complement to its accessory drive belts and tensioners, Dayco provides a wide range of pulleys and idlers.\",\"breadcrumb\":{\"@id\":\"https:\/\/uncommonegg.com\/dayco\/it\/prodotto\/pulegge-e-galoppini\/#breadcrumb\"},\"inLanguage\":\"it-IT\",\"potentialAction\":[{\"@type\":\"ReadAction\",\"target\":[\"https:\/\/uncommonegg.com\/dayco\/it\/prodotto\/pulegge-e-galoppini\/\"]}]},{\"@type\":\"ImageObject\",\"inLanguage\":\"it-IT\",\"@id\":\"https:\/\/uncommonegg.com\/dayco\/it\/prodotto\/pulegge-e-galoppini\/#primaryimage\",\"url\":\"https:\/\/uncommonegg.com\/dayco\/wp-content\/uploads\/Pulleys-1.jpg\",\"contentUrl\":\"https:\/\/uncommonegg.com\/dayco\/wp-content\/uploads\/Pulleys-1.jpg\",\"width\":609,\"height\":356,\"caption\":\"Pulleys 1\"},{\"@type\":\"BreadcrumbList\",\"@id\":\"https:\/\/uncommonegg.com\/dayco\/it\/prodotto\/pulegge-e-galoppini\/#breadcrumb\",\"itemListElement\":[{\"@type\":\"ListItem\",\"position\":1,\"name\":\"Home\",\"item\":\"https:\/\/uncommonegg.com\/dayco\/it\/\"},{\"@type\":\"ListItem\",\"position\":2,\"name\":\"Prodotti\",\"item\":\"https:\/\/uncommonegg.com\/dayco\/it\/prodotti\/\"},{\"@type\":\"ListItem\",\"position\":3,\"name\":\"Pulegge e Galoppini\"}]},{\"@type\":\"WebSite\",\"@id\":\"https:\/\/uncommonegg.com\/dayco\/it\/#website\",\"url\":\"https:\/\/uncommonegg.com\/dayco\/it\/\",\"name\":\"Propulsion Solutions\",\"description\":\"Move Forward. Always.\u2122\",\"publisher\":{\"@id\":\"https:\/\/uncommonegg.com\/dayco\/it\/#organization\"},\"alternateName\":\"Propulsion Solutions\",\"potentialAction\":[{\"@type\":\"SearchAction\",\"target\":{\"@type\":\"EntryPoint\",\"urlTemplate\":\"https:\/\/uncommonegg.com\/dayco\/it\/?s={search_term_string}\"},\"query-input\":\"required name=search_term_string\"}],\"inLanguage\":\"it-IT\"},{\"@type\":\"Organization\",\"@id\":\"https:\/\/uncommonegg.com\/dayco\/it\/#organization\",\"name\":\"Dayco Corporate\",\"alternateName\":\"Propulsion Solutions\",\"url\":\"https:\/\/uncommonegg.com\/dayco\/it\/\",\"logo\":{\"@type\":\"ImageObject\",\"inLanguage\":\"it-IT\",\"@id\":\"https:\/\/uncommonegg.com\/dayco\/it\/#\/schema\/logo\/image\/\",\"url\":\"http:\/\/uncommonegg.com\/dayco\/wp-content\/uploads\/2024\/01\/PS-Logo-SEO2.jpg\",\"contentUrl\":\"http:\/\/uncommonegg.com\/dayco\/wp-content\/uploads\/2024\/01\/PS-Logo-SEO2.jpg\",\"width\":696,\"height\":696,\"caption\":\"Dayco Corporate\"},\"image\":{\"@id\":\"https:\/\/uncommonegg.com\/dayco\/it\/#\/schema\/logo\/image\/\"},\"sameAs\":[\"https:\/\/www.facebook.com\/DaycoOfficial\/\",\"https:\/\/twitter.com\/DaycoOfficial\",\"https:\/\/www.instagram.com\/daycoofficial\/\",\"https:\/\/www.linkedin.com\/company\/daycoofficial\/\",\"https:\/\/www.youtube.com\/DaycoOfficial\",\"https:\/\/en.wikipedia.org\/wiki\/Dayco\"]}]}<\/script>\n<meta property=\"product:brand\" content=\"Autoveicoli OE\" \/>\n<meta property=\"product:price:amount\" content=\"0.00\" \/>\n<meta property=\"product:price:currency\" content=\"EUR\" \/>\n<meta property=\"og:availability\" content=\"instock\" \/>\n<meta property=\"product:availability\" content=\"instock\" \/>\n<meta property=\"product:retailer_item_id\" content=\"PULLD\" \/>\n<meta property=\"product:condition\" content=\"new\" \/>\n<!-- \/ Yoast SEO plugin. -->","yoast_head_json":{"title":"Pulegge e Galoppini | Propulsion Solutions","description":"Drive alignment is critical. As a complement to its accessory drive belts and tensioners, Dayco provides a wide range of pulleys and idlers.","robots":{"index":"noindex","follow":"follow","max-snippet":"max-snippet:-1","max-image-preview":"max-image-preview:large","max-video-preview":"max-video-preview:-1"},"og_locale":"it_IT","og_type":"article","og_title":"Pulegge e Galoppini | Propulsion Solutions","og_description":"Drive alignment is critical. As a complement to its accessory drive belts and tensioners, Dayco provides a wide range of pulleys and idlers.","og_url":"https:\/\/uncommonegg.com\/dayco\/it\/prodotto\/pulegge-e-galoppini\/","og_site_name":"Propulsion Solutions","article_publisher":"https:\/\/www.facebook.com\/DaycoOfficial\/","article_modified_time":"2023-02-15T11:19:00+00:00","og_image":[{"width":609,"height":356,"url":"https:\/\/uncommonegg.com\/dayco\/wp-content\/uploads\/Pulleys-1.jpg","type":"image\/jpeg"}],"twitter_card":"summary_large_image","twitter_site":"@DaycoOfficial","twitter_misc":{"Prezzo":"","Disponibilit\u00e0":"In stock"},"schema":{"@context":"https:\/\/schema.org","@graph":[{"@type":["WebPage","ItemPage"],"@id":"https:\/\/uncommonegg.com\/dayco\/it\/prodotto\/pulegge-e-galoppini\/","url":"https:\/\/uncommonegg.com\/dayco\/it\/prodotto\/pulegge-e-galoppini\/","name":"Pulegge e Galoppini | Propulsion Solutions","isPartOf":{"@id":"https:\/\/uncommonegg.com\/dayco\/it\/#website"},"primaryImageOfPage":{"@id":"https:\/\/uncommonegg.com\/dayco\/it\/prodotto\/pulegge-e-galoppini\/#primaryimage"},"image":{"@id":"https:\/\/uncommonegg.com\/dayco\/it\/prodotto\/pulegge-e-galoppini\/#primaryimage"},"thumbnailUrl":"https:\/\/uncommonegg.com\/dayco\/wp-content\/uploads\/Pulleys-1.jpg","datePublished":"2018-05-18T08:52:07+00:00","dateModified":"2023-02-15T11:19:00+00:00","description":"Drive alignment is critical. As a complement to its accessory drive belts and tensioners, Dayco provides a wide range of pulleys and idlers.","breadcrumb":{"@id":"https:\/\/uncommonegg.com\/dayco\/it\/prodotto\/pulegge-e-galoppini\/#breadcrumb"},"inLanguage":"it-IT","potentialAction":[{"@type":"ReadAction","target":["https:\/\/uncommonegg.com\/dayco\/it\/prodotto\/pulegge-e-galoppini\/"]}]},{"@type":"ImageObject","inLanguage":"it-IT","@id":"https:\/\/uncommonegg.com\/dayco\/it\/prodotto\/pulegge-e-galoppini\/#primaryimage","url":"https:\/\/uncommonegg.com\/dayco\/wp-content\/uploads\/Pulleys-1.jpg","contentUrl":"https:\/\/uncommonegg.com\/dayco\/wp-content\/uploads\/Pulleys-1.jpg","width":609,"height":356,"caption":"Pulleys 1"},{"@type":"BreadcrumbList","@id":"https:\/\/uncommonegg.com\/dayco\/it\/prodotto\/pulegge-e-galoppini\/#breadcrumb","itemListElement":[{"@type":"ListItem","position":1,"name":"Home","item":"https:\/\/uncommonegg.com\/dayco\/it\/"},{"@type":"ListItem","position":2,"name":"Prodotti","item":"https:\/\/uncommonegg.com\/dayco\/it\/prodotti\/"},{"@type":"ListItem","position":3,"name":"Pulegge e Galoppini"}]},{"@type":"WebSite","@id":"https:\/\/uncommonegg.com\/dayco\/it\/#website","url":"https:\/\/uncommonegg.com\/dayco\/it\/","name":"Propulsion Solutions","description":"Move Forward. Always.\u2122","publisher":{"@id":"https:\/\/uncommonegg.com\/dayco\/it\/#organization"},"alternateName":"Propulsion Solutions","potentialAction":[{"@type":"SearchAction","target":{"@type":"EntryPoint","urlTemplate":"https:\/\/uncommonegg.com\/dayco\/it\/?s={search_term_string}"},"query-input":"required name=search_term_string"}],"inLanguage":"it-IT"},{"@type":"Organization","@id":"https:\/\/uncommonegg.com\/dayco\/it\/#organization","name":"Dayco Corporate","alternateName":"Propulsion Solutions","url":"https:\/\/uncommonegg.com\/dayco\/it\/","logo":{"@type":"ImageObject","inLanguage":"it-IT","@id":"https:\/\/uncommonegg.com\/dayco\/it\/#\/schema\/logo\/image\/","url":"http:\/\/uncommonegg.com\/dayco\/wp-content\/uploads\/2024\/01\/PS-Logo-SEO2.jpg","contentUrl":"http:\/\/uncommonegg.com\/dayco\/wp-content\/uploads\/2024\/01\/PS-Logo-SEO2.jpg","width":696,"height":696,"caption":"Dayco Corporate"},"image":{"@id":"https:\/\/uncommonegg.com\/dayco\/it\/#\/schema\/logo\/image\/"},"sameAs":["https:\/\/www.facebook.com\/DaycoOfficial\/","https:\/\/twitter.com\/DaycoOfficial","https:\/\/www.instagram.com\/daycoofficial\/","https:\/\/www.linkedin.com\/company\/daycoofficial\/","https:\/\/www.youtube.com\/DaycoOfficial","https:\/\/en.wikipedia.org\/wiki\/Dayco"]}]},"product_brand":"Autoveicoli OE","product_price_amount":"0.00","product_price_currency":"EUR","og_availability":"instock","product_availability":"instock","product_retailer_item_id":"PULLD","product_condition":"new"},"_links":{"self":[{"href":"https:\/\/uncommonegg.com\/dayco\/it\/wp-json\/wp\/v2\/product\/7116"}],"collection":[{"href":"https:\/\/uncommonegg.com\/dayco\/it\/wp-json\/wp\/v2\/product"}],"about":[{"href":"https:\/\/uncommonegg.com\/dayco\/it\/wp-json\/wp\/v2\/types\/product"}],"wp:featuredmedia":[{"embeddable":true,"href":"https:\/\/uncommonegg.com\/dayco\/it\/wp-json\/wp\/v2\/media\/8970"}],"wp:attachment":[{"href":"https:\/\/uncommonegg.com\/dayco\/it\/wp-json\/wp\/v2\/media?parent=7116"}],"wp:term":[{"taxonomy":"product_cat","embeddable":true,"href":"https:\/\/uncommonegg.com\/dayco\/it\/wp-json\/wp\/v2\/product_cat?post=7116"},{"taxonomy":"product_tag","embeddable":true,"href":"https:\/\/uncommonegg.com\/dayco\/it\/wp-json\/wp\/v2\/product_tag?post=7116"}],"curies":[{"name":"wp","href":"https:\/\/api.w.org\/{rel}","templated":true}]}}