{"id":32531,"date":"2018-05-15T23:07:58","date_gmt":"2018-05-15T21:07:58","guid":{"rendered":"http:\/\/uncommonegg.com\/dayco\/product\/galets-tendeurs-de-courroie-auxiliaire-hd\/"},"modified":"2022-10-13T10:19:23","modified_gmt":"2022-10-13T08:19:23","slug":"galets-tendeurs-de-courroie-auxiliaire-hd","status":"publish","type":"product","link":"https:\/\/uncommonegg.com\/dayco\/fr\/produit\/galets-tendeurs-de-courroie-auxiliaire-hd\/","title":{"rendered":"Galets Tendeurs de Courroie Auxiliaire Poids Lourds"},"content":{"rendered":"<p><strong>Applications: <\/strong>Camions, autobus, mat\u00e9riel de construction, engins agricoles<\/p>\n<p>Dayco offre une gamme de premier ordre de galets tendeurs automatiques sp\u00e9cialement con\u00e7us et mis au point pour les conditions rigoureuses de fonctionnement de l\u2019industrie lourde. Les galets tendeurs de haute qualit\u00e9 Dayco sont homologu\u00e9s pour de nombreuses applications de v\u00e9hicules industriels et commerciaux offrant un haut niveau de s\u00e9curit\u00e9 et fiabilit\u00e9 aux fabricants d\u2019\u00e9quipements d\u2019origine les plus importants du monde pour une vaste gamme de commandes d\u2019entra\u00eenement auxiliaires frontales. Ces galets tendeurs fonctionnent en combinaison avec les courroies, les amortisseurs, les d\u00e9coupleurs et d\u2019autres composants Dayco comme un syst\u00e8me unique et peuvent \u00eatre personnalis\u00e9s selon les exigences d\u2019application.<\/p>\n<p><strong>Caract\u00e9ristiques\/avantages :<\/strong><\/p>\n<ul>\n<li>Galets tendeurs automatiques qui assurent de hautes performances durables dans le temps dans des conditions de fonctionnement extr\u00eames<\/li>\n<li>Homologu\u00e9s pour de nombreuses applications industrielles et commerciales pour commandes d\u2019entra\u00eenement frontales<\/li>\n<li>S\u00fbrs et fiables, ils se caract\u00e9risent par une durabilit\u00e9 excellente<\/li>\n<li>Les vibrations et les frottements r\u00e9duits assurent une efficacit\u00e9 optimale<\/li>\n<li>Solution de galets tendeurs de courroie comp\u00e9titive et tr\u00e8s efficace pour commandes d\u2019entra\u00eenement auxiliaires<\/li>\n<\/ul>\n<p><strong>Valeur ajout\u00e9e pour les consommateurs :<\/strong><\/p>\n<ul>\n<li>Capacit\u00e9s globales de recherche et d\u00e9veloppement et d\u2019essai de calibre mondial avec des empreintes de production locales dans tous les sites importants pour faciliter la distribution dans le monde entier.<\/li>\n<li>Fournisseur des fabricants de v\u00e9hicules lourds les plus importants du monde<\/li>\n<li>Solutions de mobilit\u00e9 du futur durables qui assurent des exp\u00e9riences utilisateur transparentes<\/li>\n<li>Galets tendeurs fiables et \u00e9cologiques assurant la r\u00e9duction des bruits, des vibrations et des secousses<\/li>\n<li>Co\u00fbt total de possession r\u00e9duit<\/li>\n<\/ul>\n","protected":false},"excerpt":{"rendered":"<p>Applications: Camions, autobus, mat\u00e9riel de construction, engins agricoles Dayco offre une gamme de premier ordre de galets tendeurs automatiques sp\u00e9cialement con\u00e7us et mis au point pour les conditions rigoureuses de fonctionnement de l\u2019industrie lourde. Les galets tendeurs de haute qualit\u00e9 Dayco sont homologu\u00e9s pour de nombreuses applications de v\u00e9hicules industriels et commerciaux offrant un haut niveau de s\u00e9curit\u00e9 et fiabilit\u00e9 aux fabricants d\u2019\u00e9quipements d\u2019origine les&#8230;<\/p>\n","protected":false},"featured_media":33962,"template":"","meta":[],"product_cat":[352],"product_tag":[],"yoast_head":"<!-- This site is optimized with the Yoast SEO plugin v22.4 - https:\/\/yoast.com\/wordpress\/plugins\/seo\/ -->\n<title>Galets Tendeurs de Courroie Auxiliaire Poids Lourds | Propulsion Solutions<\/title>\n<meta name=\"robots\" content=\"noindex, follow, max-snippet:-1, max-image-preview:large, max-video-preview:-1\" \/>\n<meta property=\"og:locale\" content=\"fr_FR\" \/>\n<meta property=\"og:type\" content=\"article\" \/>\n<meta property=\"og:title\" content=\"Galets Tendeurs de Courroie Auxiliaire Poids Lourds | Propulsion Solutions\" \/>\n<meta property=\"og:description\" content=\"Applications: Camions, autobus, mat\u00e9riel de construction, engins agricoles Dayco offre une gamme de premier ordre de galets tendeurs automatiques sp\u00e9cialement con\u00e7us et mis au point pour les conditions rigoureuses de fonctionnement de l\u2019industrie lourde. Les galets tendeurs de haute qualit\u00e9 Dayco sont homologu\u00e9s pour de nombreuses applications de v\u00e9hicules industriels et commerciaux offrant un haut niveau de s\u00e9curit\u00e9 et fiabilit\u00e9 aux fabricants d\u2019\u00e9quipements d\u2019origine les...\" \/>\n<meta property=\"og:url\" content=\"https:\/\/uncommonegg.com\/dayco\/fr\/produit\/galets-tendeurs-de-courroie-auxiliaire-hd\/\" \/>\n<meta property=\"og:site_name\" content=\"Propulsion Solutions\" \/>\n<meta property=\"article:publisher\" content=\"https:\/\/www.facebook.com\/DaycoOfficial\/\" \/>\n<meta property=\"article:modified_time\" content=\"2022-10-13T08:19:23+00:00\" \/>\n<meta property=\"og:image\" content=\"https:\/\/uncommonegg.com\/dayco\/wp-content\/uploads\/Accessory-Drive-Tens-HD-1.jpg\" \/>\n\t<meta property=\"og:image:width\" content=\"609\" \/>\n\t<meta property=\"og:image:height\" content=\"356\" \/>\n\t<meta property=\"og:image:type\" content=\"image\/jpeg\" \/>\n<meta name=\"twitter:card\" content=\"summary_large_image\" \/>\n<meta name=\"twitter:site\" content=\"@DaycoOfficial\" \/>\n<meta name=\"twitter:label1\" content=\"Prix\" \/>\n\t<meta name=\"twitter:data1\" content=\"\" \/>\n\t<meta name=\"twitter:label2\" content=\"Disponibilit\u00e9\" \/>\n\t<meta name=\"twitter:data2\" content=\"En stock\" \/>\n<script type=\"application\/ld+json\" class=\"yoast-schema-graph\">{\"@context\":\"https:\/\/schema.org\",\"@graph\":[{\"@type\":[\"WebPage\",\"ItemPage\"],\"@id\":\"https:\/\/uncommonegg.com\/dayco\/fr\/produit\/galets-tendeurs-de-courroie-auxiliaire-hd\/\",\"url\":\"https:\/\/uncommonegg.com\/dayco\/fr\/produit\/galets-tendeurs-de-courroie-auxiliaire-hd\/\",\"name\":\"Galets Tendeurs de Courroie Auxiliaire Poids Lourds | Propulsion Solutions\",\"isPartOf\":{\"@id\":\"https:\/\/uncommonegg.com\/dayco\/fr\/#website\"},\"primaryImageOfPage\":{\"@id\":\"https:\/\/uncommonegg.com\/dayco\/fr\/produit\/galets-tendeurs-de-courroie-auxiliaire-hd\/#primaryimage\"},\"image\":{\"@id\":\"https:\/\/uncommonegg.com\/dayco\/fr\/produit\/galets-tendeurs-de-courroie-auxiliaire-hd\/#primaryimage\"},\"thumbnailUrl\":\"https:\/\/uncommonegg.com\/dayco\/wp-content\/uploads\/Accessory-Drive-Tens-HD-1.jpg\",\"datePublished\":\"2018-05-15T21:07:58+00:00\",\"dateModified\":\"2022-10-13T08:19:23+00:00\",\"breadcrumb\":{\"@id\":\"https:\/\/uncommonegg.com\/dayco\/fr\/produit\/galets-tendeurs-de-courroie-auxiliaire-hd\/#breadcrumb\"},\"inLanguage\":\"fr-FR\",\"potentialAction\":[{\"@type\":\"ReadAction\",\"target\":[\"https:\/\/uncommonegg.com\/dayco\/fr\/produit\/galets-tendeurs-de-courroie-auxiliaire-hd\/\"]}]},{\"@type\":\"ImageObject\",\"inLanguage\":\"fr-FR\",\"@id\":\"https:\/\/uncommonegg.com\/dayco\/fr\/produit\/galets-tendeurs-de-courroie-auxiliaire-hd\/#primaryimage\",\"url\":\"https:\/\/uncommonegg.com\/dayco\/wp-content\/uploads\/Accessory-Drive-Tens-HD-1.jpg\",\"contentUrl\":\"https:\/\/uncommonegg.com\/dayco\/wp-content\/uploads\/Accessory-Drive-Tens-HD-1.jpg\",\"width\":609,\"height\":356,\"caption\":\"Accessory Drive Tens Hd 1\"},{\"@type\":\"BreadcrumbList\",\"@id\":\"https:\/\/uncommonegg.com\/dayco\/fr\/produit\/galets-tendeurs-de-courroie-auxiliaire-hd\/#breadcrumb\",\"itemListElement\":[{\"@type\":\"ListItem\",\"position\":1,\"name\":\"Accueil\",\"item\":\"https:\/\/uncommonegg.com\/dayco\/fr\/home\/\"},{\"@type\":\"ListItem\",\"position\":2,\"name\":\"Produits\",\"item\":\"https:\/\/uncommonegg.com\/dayco\/fr\/produits\/\"},{\"@type\":\"ListItem\",\"position\":3,\"name\":\"Galets Tendeurs de Courroie Auxiliaire Poids Lourds\"}]},{\"@type\":\"WebSite\",\"@id\":\"https:\/\/uncommonegg.com\/dayco\/fr\/#website\",\"url\":\"https:\/\/uncommonegg.com\/dayco\/fr\/\",\"name\":\"Propulsion Solutions\",\"description\":\"Move Forward. Always.\u2122\",\"publisher\":{\"@id\":\"https:\/\/uncommonegg.com\/dayco\/fr\/#organization\"},\"alternateName\":\"Propulsion Solutions\",\"potentialAction\":[{\"@type\":\"SearchAction\",\"target\":{\"@type\":\"EntryPoint\",\"urlTemplate\":\"https:\/\/uncommonegg.com\/dayco\/fr\/?s={search_term_string}\"},\"query-input\":\"required name=search_term_string\"}],\"inLanguage\":\"fr-FR\"},{\"@type\":\"Organization\",\"@id\":\"https:\/\/uncommonegg.com\/dayco\/fr\/#organization\",\"name\":\"Dayco Corporate\",\"alternateName\":\"Propulsion Solutions\",\"url\":\"https:\/\/uncommonegg.com\/dayco\/fr\/\",\"logo\":{\"@type\":\"ImageObject\",\"inLanguage\":\"fr-FR\",\"@id\":\"https:\/\/uncommonegg.com\/dayco\/fr\/#\/schema\/logo\/image\/\",\"url\":\"http:\/\/uncommonegg.com\/dayco\/wp-content\/uploads\/2024\/01\/PS-Logo-SEO2.jpg\",\"contentUrl\":\"http:\/\/uncommonegg.com\/dayco\/wp-content\/uploads\/2024\/01\/PS-Logo-SEO2.jpg\",\"width\":696,\"height\":696,\"caption\":\"Dayco Corporate\"},\"image\":{\"@id\":\"https:\/\/uncommonegg.com\/dayco\/fr\/#\/schema\/logo\/image\/\"},\"sameAs\":[\"https:\/\/www.facebook.com\/DaycoOfficial\/\",\"https:\/\/twitter.com\/DaycoOfficial\",\"https:\/\/www.instagram.com\/daycoofficial\/\",\"https:\/\/www.linkedin.com\/company\/daycoofficial\/\",\"https:\/\/www.youtube.com\/DaycoOfficial\",\"https:\/\/en.wikipedia.org\/wiki\/Dayco\"]}]}<\/script>\n<meta property=\"product:brand\" content=\"Poids Lourds OE\" \/>\n<meta property=\"product:price:amount\" content=\"0.00\" \/>\n<meta property=\"product:price:currency\" content=\"EUR\" \/>\n<meta property=\"og:availability\" content=\"instock\" \/>\n<meta property=\"product:availability\" content=\"instock\" \/>\n<meta property=\"product:retailer_item_id\" content=\"APVHD\" \/>\n<meta property=\"product:condition\" content=\"new\" \/>\n<!-- \/ Yoast SEO plugin. -->","yoast_head_json":{"title":"Galets Tendeurs de Courroie Auxiliaire Poids Lourds | Propulsion Solutions","robots":{"index":"noindex","follow":"follow","max-snippet":"max-snippet:-1","max-image-preview":"max-image-preview:large","max-video-preview":"max-video-preview:-1"},"og_locale":"fr_FR","og_type":"article","og_title":"Galets Tendeurs de Courroie Auxiliaire Poids Lourds | Propulsion Solutions","og_description":"Applications: Camions, autobus, mat\u00e9riel de construction, engins agricoles Dayco offre une gamme de premier ordre de galets tendeurs automatiques sp\u00e9cialement con\u00e7us et mis au point pour les conditions rigoureuses de fonctionnement de l\u2019industrie lourde. Les galets tendeurs de haute qualit\u00e9 Dayco sont homologu\u00e9s pour de nombreuses applications de v\u00e9hicules industriels et commerciaux offrant un haut niveau de s\u00e9curit\u00e9 et fiabilit\u00e9 aux fabricants d\u2019\u00e9quipements d\u2019origine les...","og_url":"https:\/\/uncommonegg.com\/dayco\/fr\/produit\/galets-tendeurs-de-courroie-auxiliaire-hd\/","og_site_name":"Propulsion Solutions","article_publisher":"https:\/\/www.facebook.com\/DaycoOfficial\/","article_modified_time":"2022-10-13T08:19:23+00:00","og_image":[{"width":609,"height":356,"url":"https:\/\/uncommonegg.com\/dayco\/wp-content\/uploads\/Accessory-Drive-Tens-HD-1.jpg","type":"image\/jpeg"}],"twitter_card":"summary_large_image","twitter_site":"@DaycoOfficial","twitter_misc":{"Prix":"","Disponibilit\u00e9":"En stock"},"schema":{"@context":"https:\/\/schema.org","@graph":[{"@type":["WebPage","ItemPage"],"@id":"https:\/\/uncommonegg.com\/dayco\/fr\/produit\/galets-tendeurs-de-courroie-auxiliaire-hd\/","url":"https:\/\/uncommonegg.com\/dayco\/fr\/produit\/galets-tendeurs-de-courroie-auxiliaire-hd\/","name":"Galets Tendeurs de Courroie Auxiliaire Poids Lourds | Propulsion Solutions","isPartOf":{"@id":"https:\/\/uncommonegg.com\/dayco\/fr\/#website"},"primaryImageOfPage":{"@id":"https:\/\/uncommonegg.com\/dayco\/fr\/produit\/galets-tendeurs-de-courroie-auxiliaire-hd\/#primaryimage"},"image":{"@id":"https:\/\/uncommonegg.com\/dayco\/fr\/produit\/galets-tendeurs-de-courroie-auxiliaire-hd\/#primaryimage"},"thumbnailUrl":"https:\/\/uncommonegg.com\/dayco\/wp-content\/uploads\/Accessory-Drive-Tens-HD-1.jpg","datePublished":"2018-05-15T21:07:58+00:00","dateModified":"2022-10-13T08:19:23+00:00","breadcrumb":{"@id":"https:\/\/uncommonegg.com\/dayco\/fr\/produit\/galets-tendeurs-de-courroie-auxiliaire-hd\/#breadcrumb"},"inLanguage":"fr-FR","potentialAction":[{"@type":"ReadAction","target":["https:\/\/uncommonegg.com\/dayco\/fr\/produit\/galets-tendeurs-de-courroie-auxiliaire-hd\/"]}]},{"@type":"ImageObject","inLanguage":"fr-FR","@id":"https:\/\/uncommonegg.com\/dayco\/fr\/produit\/galets-tendeurs-de-courroie-auxiliaire-hd\/#primaryimage","url":"https:\/\/uncommonegg.com\/dayco\/wp-content\/uploads\/Accessory-Drive-Tens-HD-1.jpg","contentUrl":"https:\/\/uncommonegg.com\/dayco\/wp-content\/uploads\/Accessory-Drive-Tens-HD-1.jpg","width":609,"height":356,"caption":"Accessory Drive Tens Hd 1"},{"@type":"BreadcrumbList","@id":"https:\/\/uncommonegg.com\/dayco\/fr\/produit\/galets-tendeurs-de-courroie-auxiliaire-hd\/#breadcrumb","itemListElement":[{"@type":"ListItem","position":1,"name":"Accueil","item":"https:\/\/uncommonegg.com\/dayco\/fr\/home\/"},{"@type":"ListItem","position":2,"name":"Produits","item":"https:\/\/uncommonegg.com\/dayco\/fr\/produits\/"},{"@type":"ListItem","position":3,"name":"Galets Tendeurs de Courroie Auxiliaire Poids Lourds"}]},{"@type":"WebSite","@id":"https:\/\/uncommonegg.com\/dayco\/fr\/#website","url":"https:\/\/uncommonegg.com\/dayco\/fr\/","name":"Propulsion Solutions","description":"Move Forward. Always.\u2122","publisher":{"@id":"https:\/\/uncommonegg.com\/dayco\/fr\/#organization"},"alternateName":"Propulsion Solutions","potentialAction":[{"@type":"SearchAction","target":{"@type":"EntryPoint","urlTemplate":"https:\/\/uncommonegg.com\/dayco\/fr\/?s={search_term_string}"},"query-input":"required name=search_term_string"}],"inLanguage":"fr-FR"},{"@type":"Organization","@id":"https:\/\/uncommonegg.com\/dayco\/fr\/#organization","name":"Dayco Corporate","alternateName":"Propulsion Solutions","url":"https:\/\/uncommonegg.com\/dayco\/fr\/","logo":{"@type":"ImageObject","inLanguage":"fr-FR","@id":"https:\/\/uncommonegg.com\/dayco\/fr\/#\/schema\/logo\/image\/","url":"http:\/\/uncommonegg.com\/dayco\/wp-content\/uploads\/2024\/01\/PS-Logo-SEO2.jpg","contentUrl":"http:\/\/uncommonegg.com\/dayco\/wp-content\/uploads\/2024\/01\/PS-Logo-SEO2.jpg","width":696,"height":696,"caption":"Dayco Corporate"},"image":{"@id":"https:\/\/uncommonegg.com\/dayco\/fr\/#\/schema\/logo\/image\/"},"sameAs":["https:\/\/www.facebook.com\/DaycoOfficial\/","https:\/\/twitter.com\/DaycoOfficial","https:\/\/www.instagram.com\/daycoofficial\/","https:\/\/www.linkedin.com\/company\/daycoofficial\/","https:\/\/www.youtube.com\/DaycoOfficial","https:\/\/en.wikipedia.org\/wiki\/Dayco"]}]},"product_brand":"Poids Lourds OE","product_price_amount":"0.00","product_price_currency":"EUR","og_availability":"instock","product_availability":"instock","product_retailer_item_id":"APVHD","product_condition":"new"},"_links":{"self":[{"href":"https:\/\/uncommonegg.com\/dayco\/fr\/wp-json\/wp\/v2\/product\/32531"}],"collection":[{"href":"https:\/\/uncommonegg.com\/dayco\/fr\/wp-json\/wp\/v2\/product"}],"about":[{"href":"https:\/\/uncommonegg.com\/dayco\/fr\/wp-json\/wp\/v2\/types\/product"}],"wp:featuredmedia":[{"embeddable":true,"href":"https:\/\/uncommonegg.com\/dayco\/fr\/wp-json\/wp\/v2\/media\/33962"}],"wp:attachment":[{"href":"https:\/\/uncommonegg.com\/dayco\/fr\/wp-json\/wp\/v2\/media?parent=32531"}],"wp:term":[{"taxonomy":"product_cat","embeddable":true,"href":"https:\/\/uncommonegg.com\/dayco\/fr\/wp-json\/wp\/v2\/product_cat?post=32531"},{"taxonomy":"product_tag","embeddable":true,"href":"https:\/\/uncommonegg.com\/dayco\/fr\/wp-json\/wp\/v2\/product_tag?post=32531"}],"curies":[{"name":"wp","href":"https:\/\/api.w.org\/{rel}","templated":true}]}}