{"id":32528,"date":"2018-05-17T22:57:37","date_gmt":"2018-05-17T20:57:37","guid":{"rendered":"http:\/\/uncommonegg.com\/dayco\/product\/systeme-generateur-de-vide\/"},"modified":"2018-07-03T23:00:13","modified_gmt":"2018-07-03T21:00:13","slug":"systeme-generateur-de-vide","status":"publish","type":"product","link":"https:\/\/uncommonegg.com\/dayco\/fr\/produit\/systeme-generateur-de-vide\/","title":{"rendered":"Syst\u00e8me G\u00e9n\u00e9rateur de Vide"},"content":{"rendered":"<p>Dans le but d\u2019augmenter l\u2019efficacit\u00e9 \u00e9nerg\u00e9tique, l\u2019un des derniers produits mis au point par Dayco est un syst\u00e8me g\u00e9n\u00e9rateur de vide. L\u2019assemblage d\u2019un syst\u00e8me g\u00e9n\u00e9rateur de vide mis au point pour des syst\u00e8mes qui ont besoin du vide tels que l\u2019assistance au freinage par d\u00e9pression, la purge de la vapeur des circuits de carburant et la ventilation des carters remplace les pompes \u00e0 vide m\u00e9caniques et \u00e9lectriques co\u00fbteuses, et consommant beaucoup de carburant que l\u2019on trouve actuellement sur beaucoup de moteurs.<\/p>\n<p>Le syst\u00e8me g\u00e9n\u00e9rateur de vide Dayco comprend \u00e9galement une gamme de composants de moteur autonomes tels que des aspirateurs, des \u00e9jecteurs, des vannes de r\u00e9gulation de d\u00e9bit, des clapets de retenue et des silencieux, tous construits pour augmenter la tenue au vide et l\u2019efficacit\u00e9 tout en r\u00e9duisant le poids du moteur. Ces technologies radicalement diff\u00e9rentes ont des implications directes en terme d\u2019avantages pour le conducteur. Par exemple, notre groupe d\u2019assistance au freinage par d\u00e9pression a pour r\u00e9sultat une force de freinage plus basse et r\u00e9guli\u00e8re. Le conducteur ne fera pas l\u2019exp\u00e9rience d\u2019une p\u00e9dale de frein dure comme quand il freine \u00e0 maintes reprises pendant une man\u0153uvre de stationnement, mais conna\u00eetra une sensation g\u00e9n\u00e9rale meilleure.<\/p>\n","protected":false},"excerpt":{"rendered":"<p>Dans le but d\u2019augmenter l\u2019efficacit\u00e9 \u00e9nerg\u00e9tique, l\u2019un des derniers produits mis au point par Dayco est un syst\u00e8me g\u00e9n\u00e9rateur de vide. L\u2019assemblage d\u2019un syst\u00e8me g\u00e9n\u00e9rateur de vide mis au point pour des syst\u00e8mes qui ont besoin du vide tels que l\u2019assistance au freinage par d\u00e9pression, la purge de la vapeur des circuits de carburant et la ventilation des carters remplace les pompes \u00e0 vide m\u00e9caniques&#8230;<\/p>\n","protected":false},"featured_media":32530,"template":"","meta":[],"product_cat":[347],"product_tag":[],"yoast_head":"<!-- This site is optimized with the Yoast SEO plugin v22.4 - https:\/\/yoast.com\/wordpress\/plugins\/seo\/ -->\n<title>Syst\u00e8me G\u00e9n\u00e9rateur de Vide | Propulsion Solutions<\/title>\n<meta name=\"description\" content=\"With focus on increasing fuel efficiency, one of Dayco\u2019s newest products is our Vacuum Generation System, engineered for systems requiring vacuum.\" \/>\n<meta name=\"robots\" content=\"noindex, follow, max-snippet:-1, max-image-preview:large, max-video-preview:-1\" \/>\n<meta property=\"og:locale\" content=\"fr_FR\" \/>\n<meta property=\"og:type\" content=\"article\" \/>\n<meta property=\"og:title\" content=\"Syst\u00e8me G\u00e9n\u00e9rateur de Vide | Propulsion Solutions\" \/>\n<meta property=\"og:description\" content=\"With focus on increasing fuel efficiency, one of Dayco\u2019s newest products is our Vacuum Generation System, engineered for systems requiring vacuum.\" \/>\n<meta property=\"og:url\" content=\"https:\/\/uncommonegg.com\/dayco\/fr\/produit\/systeme-generateur-de-vide\/\" \/>\n<meta property=\"og:site_name\" content=\"Propulsion Solutions\" \/>\n<meta property=\"article:publisher\" content=\"https:\/\/www.facebook.com\/DaycoOfficial\/\" \/>\n<meta property=\"article:modified_time\" content=\"2018-07-03T21:00:13+00:00\" \/>\n<meta property=\"og:image\" content=\"https:\/\/uncommonegg.com\/dayco\/wp-content\/uploads\/VGS-1.png\" \/>\n\t<meta property=\"og:image:width\" content=\"609\" \/>\n\t<meta property=\"og:image:height\" content=\"356\" \/>\n\t<meta property=\"og:image:type\" content=\"image\/png\" \/>\n<meta name=\"twitter:card\" content=\"summary_large_image\" \/>\n<meta name=\"twitter:site\" content=\"@DaycoOfficial\" \/>\n<meta name=\"twitter:label1\" content=\"Prix\" \/>\n\t<meta name=\"twitter:data1\" content=\"\" \/>\n\t<meta name=\"twitter:label2\" content=\"Disponibilit\u00e9\" \/>\n\t<meta name=\"twitter:data2\" content=\"En stock\" \/>\n<script type=\"application\/ld+json\" class=\"yoast-schema-graph\">{\"@context\":\"https:\/\/schema.org\",\"@graph\":[{\"@type\":[\"WebPage\",\"ItemPage\"],\"@id\":\"https:\/\/uncommonegg.com\/dayco\/fr\/produit\/systeme-generateur-de-vide\/\",\"url\":\"https:\/\/uncommonegg.com\/dayco\/fr\/produit\/systeme-generateur-de-vide\/\",\"name\":\"Syst\u00e8me G\u00e9n\u00e9rateur de Vide | Propulsion Solutions\",\"isPartOf\":{\"@id\":\"https:\/\/uncommonegg.com\/dayco\/fr\/#website\"},\"primaryImageOfPage\":{\"@id\":\"https:\/\/uncommonegg.com\/dayco\/fr\/produit\/systeme-generateur-de-vide\/#primaryimage\"},\"image\":{\"@id\":\"https:\/\/uncommonegg.com\/dayco\/fr\/produit\/systeme-generateur-de-vide\/#primaryimage\"},\"thumbnailUrl\":\"https:\/\/uncommonegg.com\/dayco\/wp-content\/uploads\/VGS-1.png\",\"datePublished\":\"2018-05-17T20:57:37+00:00\",\"dateModified\":\"2018-07-03T21:00:13+00:00\",\"description\":\"With focus on increasing fuel efficiency, one of Dayco\u2019s newest products is our Vacuum Generation System, engineered for systems requiring vacuum.\",\"breadcrumb\":{\"@id\":\"https:\/\/uncommonegg.com\/dayco\/fr\/produit\/systeme-generateur-de-vide\/#breadcrumb\"},\"inLanguage\":\"fr-FR\",\"potentialAction\":[{\"@type\":\"ReadAction\",\"target\":[\"https:\/\/uncommonegg.com\/dayco\/fr\/produit\/systeme-generateur-de-vide\/\"]}]},{\"@type\":\"ImageObject\",\"inLanguage\":\"fr-FR\",\"@id\":\"https:\/\/uncommonegg.com\/dayco\/fr\/produit\/systeme-generateur-de-vide\/#primaryimage\",\"url\":\"https:\/\/uncommonegg.com\/dayco\/wp-content\/uploads\/VGS-1.png\",\"contentUrl\":\"https:\/\/uncommonegg.com\/dayco\/wp-content\/uploads\/VGS-1.png\",\"width\":609,\"height\":356,\"caption\":\"Vgs 1\"},{\"@type\":\"BreadcrumbList\",\"@id\":\"https:\/\/uncommonegg.com\/dayco\/fr\/produit\/systeme-generateur-de-vide\/#breadcrumb\",\"itemListElement\":[{\"@type\":\"ListItem\",\"position\":1,\"name\":\"Accueil\",\"item\":\"https:\/\/uncommonegg.com\/dayco\/fr\/home\/\"},{\"@type\":\"ListItem\",\"position\":2,\"name\":\"Produits\",\"item\":\"https:\/\/uncommonegg.com\/dayco\/fr\/produits\/\"},{\"@type\":\"ListItem\",\"position\":3,\"name\":\"Syst\u00e8me G\u00e9n\u00e9rateur de Vide\"}]},{\"@type\":\"WebSite\",\"@id\":\"https:\/\/uncommonegg.com\/dayco\/fr\/#website\",\"url\":\"https:\/\/uncommonegg.com\/dayco\/fr\/\",\"name\":\"Propulsion Solutions\",\"description\":\"Move Forward. Always.\u2122\",\"publisher\":{\"@id\":\"https:\/\/uncommonegg.com\/dayco\/fr\/#organization\"},\"alternateName\":\"Propulsion Solutions\",\"potentialAction\":[{\"@type\":\"SearchAction\",\"target\":{\"@type\":\"EntryPoint\",\"urlTemplate\":\"https:\/\/uncommonegg.com\/dayco\/fr\/?s={search_term_string}\"},\"query-input\":\"required name=search_term_string\"}],\"inLanguage\":\"fr-FR\"},{\"@type\":\"Organization\",\"@id\":\"https:\/\/uncommonegg.com\/dayco\/fr\/#organization\",\"name\":\"Dayco Corporate\",\"alternateName\":\"Propulsion Solutions\",\"url\":\"https:\/\/uncommonegg.com\/dayco\/fr\/\",\"logo\":{\"@type\":\"ImageObject\",\"inLanguage\":\"fr-FR\",\"@id\":\"https:\/\/uncommonegg.com\/dayco\/fr\/#\/schema\/logo\/image\/\",\"url\":\"http:\/\/uncommonegg.com\/dayco\/wp-content\/uploads\/2024\/01\/PS-Logo-SEO2.jpg\",\"contentUrl\":\"http:\/\/uncommonegg.com\/dayco\/wp-content\/uploads\/2024\/01\/PS-Logo-SEO2.jpg\",\"width\":696,\"height\":696,\"caption\":\"Dayco Corporate\"},\"image\":{\"@id\":\"https:\/\/uncommonegg.com\/dayco\/fr\/#\/schema\/logo\/image\/\"},\"sameAs\":[\"https:\/\/www.facebook.com\/DaycoOfficial\/\",\"https:\/\/twitter.com\/DaycoOfficial\",\"https:\/\/www.instagram.com\/daycoofficial\/\",\"https:\/\/www.linkedin.com\/company\/daycoofficial\/\",\"https:\/\/www.youtube.com\/DaycoOfficial\",\"https:\/\/en.wikipedia.org\/wiki\/Dayco\"]}]}<\/script>\n<meta property=\"product:brand\" content=\"V\u00e9hicules L\u00e9gers OE\" \/>\n<meta property=\"product:price:amount\" content=\"0.00\" \/>\n<meta property=\"product:price:currency\" content=\"EUR\" \/>\n<meta property=\"og:availability\" content=\"instock\" \/>\n<meta property=\"product:availability\" content=\"instock\" \/>\n<meta property=\"product:condition\" content=\"new\" \/>\n<!-- \/ Yoast SEO plugin. -->","yoast_head_json":{"title":"Syst\u00e8me G\u00e9n\u00e9rateur de Vide | Propulsion Solutions","description":"With focus on increasing fuel efficiency, one of Dayco\u2019s newest products is our Vacuum Generation System, engineered for systems requiring vacuum.","robots":{"index":"noindex","follow":"follow","max-snippet":"max-snippet:-1","max-image-preview":"max-image-preview:large","max-video-preview":"max-video-preview:-1"},"og_locale":"fr_FR","og_type":"article","og_title":"Syst\u00e8me G\u00e9n\u00e9rateur de Vide | Propulsion Solutions","og_description":"With focus on increasing fuel efficiency, one of Dayco\u2019s newest products is our Vacuum Generation System, engineered for systems requiring vacuum.","og_url":"https:\/\/uncommonegg.com\/dayco\/fr\/produit\/systeme-generateur-de-vide\/","og_site_name":"Propulsion Solutions","article_publisher":"https:\/\/www.facebook.com\/DaycoOfficial\/","article_modified_time":"2018-07-03T21:00:13+00:00","og_image":[{"width":609,"height":356,"url":"https:\/\/uncommonegg.com\/dayco\/wp-content\/uploads\/VGS-1.png","type":"image\/png"}],"twitter_card":"summary_large_image","twitter_site":"@DaycoOfficial","twitter_misc":{"Prix":"","Disponibilit\u00e9":"En stock"},"schema":{"@context":"https:\/\/schema.org","@graph":[{"@type":["WebPage","ItemPage"],"@id":"https:\/\/uncommonegg.com\/dayco\/fr\/produit\/systeme-generateur-de-vide\/","url":"https:\/\/uncommonegg.com\/dayco\/fr\/produit\/systeme-generateur-de-vide\/","name":"Syst\u00e8me G\u00e9n\u00e9rateur de Vide | Propulsion Solutions","isPartOf":{"@id":"https:\/\/uncommonegg.com\/dayco\/fr\/#website"},"primaryImageOfPage":{"@id":"https:\/\/uncommonegg.com\/dayco\/fr\/produit\/systeme-generateur-de-vide\/#primaryimage"},"image":{"@id":"https:\/\/uncommonegg.com\/dayco\/fr\/produit\/systeme-generateur-de-vide\/#primaryimage"},"thumbnailUrl":"https:\/\/uncommonegg.com\/dayco\/wp-content\/uploads\/VGS-1.png","datePublished":"2018-05-17T20:57:37+00:00","dateModified":"2018-07-03T21:00:13+00:00","description":"With focus on increasing fuel efficiency, one of Dayco\u2019s newest products is our Vacuum Generation System, engineered for systems requiring vacuum.","breadcrumb":{"@id":"https:\/\/uncommonegg.com\/dayco\/fr\/produit\/systeme-generateur-de-vide\/#breadcrumb"},"inLanguage":"fr-FR","potentialAction":[{"@type":"ReadAction","target":["https:\/\/uncommonegg.com\/dayco\/fr\/produit\/systeme-generateur-de-vide\/"]}]},{"@type":"ImageObject","inLanguage":"fr-FR","@id":"https:\/\/uncommonegg.com\/dayco\/fr\/produit\/systeme-generateur-de-vide\/#primaryimage","url":"https:\/\/uncommonegg.com\/dayco\/wp-content\/uploads\/VGS-1.png","contentUrl":"https:\/\/uncommonegg.com\/dayco\/wp-content\/uploads\/VGS-1.png","width":609,"height":356,"caption":"Vgs 1"},{"@type":"BreadcrumbList","@id":"https:\/\/uncommonegg.com\/dayco\/fr\/produit\/systeme-generateur-de-vide\/#breadcrumb","itemListElement":[{"@type":"ListItem","position":1,"name":"Accueil","item":"https:\/\/uncommonegg.com\/dayco\/fr\/home\/"},{"@type":"ListItem","position":2,"name":"Produits","item":"https:\/\/uncommonegg.com\/dayco\/fr\/produits\/"},{"@type":"ListItem","position":3,"name":"Syst\u00e8me G\u00e9n\u00e9rateur de Vide"}]},{"@type":"WebSite","@id":"https:\/\/uncommonegg.com\/dayco\/fr\/#website","url":"https:\/\/uncommonegg.com\/dayco\/fr\/","name":"Propulsion Solutions","description":"Move Forward. Always.\u2122","publisher":{"@id":"https:\/\/uncommonegg.com\/dayco\/fr\/#organization"},"alternateName":"Propulsion Solutions","potentialAction":[{"@type":"SearchAction","target":{"@type":"EntryPoint","urlTemplate":"https:\/\/uncommonegg.com\/dayco\/fr\/?s={search_term_string}"},"query-input":"required name=search_term_string"}],"inLanguage":"fr-FR"},{"@type":"Organization","@id":"https:\/\/uncommonegg.com\/dayco\/fr\/#organization","name":"Dayco Corporate","alternateName":"Propulsion Solutions","url":"https:\/\/uncommonegg.com\/dayco\/fr\/","logo":{"@type":"ImageObject","inLanguage":"fr-FR","@id":"https:\/\/uncommonegg.com\/dayco\/fr\/#\/schema\/logo\/image\/","url":"http:\/\/uncommonegg.com\/dayco\/wp-content\/uploads\/2024\/01\/PS-Logo-SEO2.jpg","contentUrl":"http:\/\/uncommonegg.com\/dayco\/wp-content\/uploads\/2024\/01\/PS-Logo-SEO2.jpg","width":696,"height":696,"caption":"Dayco Corporate"},"image":{"@id":"https:\/\/uncommonegg.com\/dayco\/fr\/#\/schema\/logo\/image\/"},"sameAs":["https:\/\/www.facebook.com\/DaycoOfficial\/","https:\/\/twitter.com\/DaycoOfficial","https:\/\/www.instagram.com\/daycoofficial\/","https:\/\/www.linkedin.com\/company\/daycoofficial\/","https:\/\/www.youtube.com\/DaycoOfficial","https:\/\/en.wikipedia.org\/wiki\/Dayco"]}]},"product_brand":"V\u00e9hicules L\u00e9gers OE","product_price_amount":"0.00","product_price_currency":"EUR","og_availability":"instock","product_availability":"instock","product_condition":"new"},"_links":{"self":[{"href":"https:\/\/uncommonegg.com\/dayco\/fr\/wp-json\/wp\/v2\/product\/32528"}],"collection":[{"href":"https:\/\/uncommonegg.com\/dayco\/fr\/wp-json\/wp\/v2\/product"}],"about":[{"href":"https:\/\/uncommonegg.com\/dayco\/fr\/wp-json\/wp\/v2\/types\/product"}],"wp:featuredmedia":[{"embeddable":true,"href":"https:\/\/uncommonegg.com\/dayco\/fr\/wp-json\/wp\/v2\/media\/32530"}],"wp:attachment":[{"href":"https:\/\/uncommonegg.com\/dayco\/fr\/wp-json\/wp\/v2\/media?parent=32528"}],"wp:term":[{"taxonomy":"product_cat","embeddable":true,"href":"https:\/\/uncommonegg.com\/dayco\/fr\/wp-json\/wp\/v2\/product_cat?post=32528"},{"taxonomy":"product_tag","embeddable":true,"href":"https:\/\/uncommonegg.com\/dayco\/fr\/wp-json\/wp\/v2\/product_tag?post=32528"}],"curies":[{"name":"wp","href":"https:\/\/api.w.org\/{rel}","templated":true}]}}