{"id":31985,"date":"2018-05-18T10:43:50","date_gmt":"2018-05-18T08:43:50","guid":{"rendered":"http:\/\/uncommonegg.com\/dayco\/product\/galets-tendeurs-de-courroie-auxiliaire\/"},"modified":"2019-10-20T12:59:55","modified_gmt":"2019-10-20T10:59:55","slug":"galets-tendeurs-de-courroie-auxiliaire","status":"publish","type":"product","link":"https:\/\/uncommonegg.com\/dayco\/fr\/produit\/galets-tendeurs-de-courroie-auxiliaire\/","title":{"rendered":"Galets Tendeurs de Courroie Auxiliaire"},"content":{"rendered":"<p>Dayco offre une gamme compl\u00e8te de galets tendeurs hautement efficaces et durables qui r\u00e9pondent aux exigences de performance des applications demand\u00e9es. Ces galets tendeurs de courroie associ\u00e9s \u00e0 nos courroies, amortisseurs, d\u00e9coupleurs et autres composants fonctionnent dans un syst\u00e8me harmonieux global d\u00e9di\u00e9 \u00e0 la r\u00e9duction des secousses et pertes par frottement pour assurer une efficacit\u00e9 optimale.<\/p>\n<p>Les galets tendeurs Dayco sont fabriqu\u00e9s avec le mod\u00e8le original de ressort en fil plat et con\u00e7us pour \u00e9largir leur champ d\u2019application et r\u00e9duire les variations de tension. Cette conception innovante r\u00e9duit les risques de d\u00e9faillance pr\u00e9matur\u00e9e de la courroie auxiliaire due \u00e0 une tension excessive et r\u00e9duit l\u2019impact sonore, le risque de glissement et le faible niveau de performance d\u00fb \u00e0 un d\u00e9faut de tension entra\u00eenant le rel\u00e2chement de la courroie et un d\u00e9but d\u2019usure. Dayco fabrique \u00e9galement une large gamme de galets tendeurs \u00e0 ressort en fil rond suivant les exigences de chaque application.<\/p>\n","protected":false},"excerpt":{"rendered":"<p>Dayco offre une gamme compl\u00e8te de galets tendeurs hautement efficaces et durables qui r\u00e9pondent aux exigences de performance des applications demand\u00e9es. Ces galets tendeurs de courroie associ\u00e9s \u00e0 nos courroies, amortisseurs, d\u00e9coupleurs et autres composants fonctionnent dans un syst\u00e8me harmonieux global d\u00e9di\u00e9 \u00e0 la r\u00e9duction des secousses et pertes par frottement pour assurer une efficacit\u00e9 optimale. Les galets tendeurs Dayco sont fabriqu\u00e9s avec le mod\u00e8le&#8230;<\/p>\n","protected":false},"featured_media":33140,"template":"","meta":[],"product_cat":[347],"product_tag":[],"yoast_head":"<!-- This site is optimized with the Yoast SEO plugin v22.4 - https:\/\/yoast.com\/wordpress\/plugins\/seo\/ -->\n<title>Galets Tendeurs de Courroie Auxiliaire | Propulsion Solutions<\/title>\n<meta name=\"robots\" content=\"noindex, follow, max-snippet:-1, max-image-preview:large, max-video-preview:-1\" \/>\n<meta property=\"og:locale\" content=\"fr_FR\" \/>\n<meta property=\"og:type\" content=\"article\" \/>\n<meta property=\"og:title\" content=\"Galets Tendeurs de Courroie Auxiliaire | Propulsion Solutions\" \/>\n<meta property=\"og:description\" content=\"Dayco offre une gamme compl\u00e8te de galets tendeurs hautement efficaces et durables qui r\u00e9pondent aux exigences de performance des applications demand\u00e9es. Ces galets tendeurs de courroie associ\u00e9s \u00e0 nos courroies, amortisseurs, d\u00e9coupleurs et autres composants fonctionnent dans un syst\u00e8me harmonieux global d\u00e9di\u00e9 \u00e0 la r\u00e9duction des secousses et pertes par frottement pour assurer une efficacit\u00e9 optimale. Les galets tendeurs Dayco sont fabriqu\u00e9s avec le mod\u00e8le...\" \/>\n<meta property=\"og:url\" content=\"https:\/\/uncommonegg.com\/dayco\/fr\/produit\/galets-tendeurs-de-courroie-auxiliaire\/\" \/>\n<meta property=\"og:site_name\" content=\"Propulsion Solutions\" \/>\n<meta property=\"article:publisher\" content=\"https:\/\/www.facebook.com\/DaycoOfficial\/\" \/>\n<meta property=\"article:modified_time\" content=\"2019-10-20T10:59:55+00:00\" \/>\n<meta property=\"og:image\" content=\"https:\/\/uncommonegg.com\/dayco\/wp-content\/uploads\/Accessory-Drive-Tens-1.jpg\" \/>\n\t<meta property=\"og:image:width\" content=\"609\" \/>\n\t<meta property=\"og:image:height\" content=\"356\" \/>\n\t<meta property=\"og:image:type\" content=\"image\/jpeg\" \/>\n<meta name=\"twitter:card\" content=\"summary_large_image\" \/>\n<meta name=\"twitter:site\" content=\"@DaycoOfficial\" \/>\n<meta name=\"twitter:label1\" content=\"Prix\" \/>\n\t<meta name=\"twitter:data1\" content=\"\" \/>\n\t<meta name=\"twitter:label2\" content=\"Disponibilit\u00e9\" \/>\n\t<meta name=\"twitter:data2\" content=\"En stock\" \/>\n<script type=\"application\/ld+json\" class=\"yoast-schema-graph\">{\"@context\":\"https:\/\/schema.org\",\"@graph\":[{\"@type\":[\"WebPage\",\"ItemPage\"],\"@id\":\"https:\/\/uncommonegg.com\/dayco\/fr\/produit\/galets-tendeurs-de-courroie-auxiliaire\/\",\"url\":\"https:\/\/uncommonegg.com\/dayco\/fr\/produit\/galets-tendeurs-de-courroie-auxiliaire\/\",\"name\":\"Galets Tendeurs de Courroie Auxiliaire | Propulsion Solutions\",\"isPartOf\":{\"@id\":\"https:\/\/uncommonegg.com\/dayco\/fr\/#website\"},\"primaryImageOfPage\":{\"@id\":\"https:\/\/uncommonegg.com\/dayco\/fr\/produit\/galets-tendeurs-de-courroie-auxiliaire\/#primaryimage\"},\"image\":{\"@id\":\"https:\/\/uncommonegg.com\/dayco\/fr\/produit\/galets-tendeurs-de-courroie-auxiliaire\/#primaryimage\"},\"thumbnailUrl\":\"https:\/\/uncommonegg.com\/dayco\/wp-content\/uploads\/Accessory-Drive-Tens-1.jpg\",\"datePublished\":\"2018-05-18T08:43:50+00:00\",\"dateModified\":\"2019-10-20T10:59:55+00:00\",\"breadcrumb\":{\"@id\":\"https:\/\/uncommonegg.com\/dayco\/fr\/produit\/galets-tendeurs-de-courroie-auxiliaire\/#breadcrumb\"},\"inLanguage\":\"fr-FR\",\"potentialAction\":[{\"@type\":\"ReadAction\",\"target\":[\"https:\/\/uncommonegg.com\/dayco\/fr\/produit\/galets-tendeurs-de-courroie-auxiliaire\/\"]}]},{\"@type\":\"ImageObject\",\"inLanguage\":\"fr-FR\",\"@id\":\"https:\/\/uncommonegg.com\/dayco\/fr\/produit\/galets-tendeurs-de-courroie-auxiliaire\/#primaryimage\",\"url\":\"https:\/\/uncommonegg.com\/dayco\/wp-content\/uploads\/Accessory-Drive-Tens-1.jpg\",\"contentUrl\":\"https:\/\/uncommonegg.com\/dayco\/wp-content\/uploads\/Accessory-Drive-Tens-1.jpg\",\"width\":609,\"height\":356,\"caption\":\"Accessory Drive Tens 1\"},{\"@type\":\"BreadcrumbList\",\"@id\":\"https:\/\/uncommonegg.com\/dayco\/fr\/produit\/galets-tendeurs-de-courroie-auxiliaire\/#breadcrumb\",\"itemListElement\":[{\"@type\":\"ListItem\",\"position\":1,\"name\":\"Accueil\",\"item\":\"https:\/\/uncommonegg.com\/dayco\/fr\/home\/\"},{\"@type\":\"ListItem\",\"position\":2,\"name\":\"Produits\",\"item\":\"https:\/\/uncommonegg.com\/dayco\/fr\/produits\/\"},{\"@type\":\"ListItem\",\"position\":3,\"name\":\"Galets Tendeurs de Courroie Auxiliaire\"}]},{\"@type\":\"WebSite\",\"@id\":\"https:\/\/uncommonegg.com\/dayco\/fr\/#website\",\"url\":\"https:\/\/uncommonegg.com\/dayco\/fr\/\",\"name\":\"Propulsion Solutions\",\"description\":\"Move Forward. Always.\u2122\",\"publisher\":{\"@id\":\"https:\/\/uncommonegg.com\/dayco\/fr\/#organization\"},\"alternateName\":\"Propulsion Solutions\",\"potentialAction\":[{\"@type\":\"SearchAction\",\"target\":{\"@type\":\"EntryPoint\",\"urlTemplate\":\"https:\/\/uncommonegg.com\/dayco\/fr\/?s={search_term_string}\"},\"query-input\":\"required name=search_term_string\"}],\"inLanguage\":\"fr-FR\"},{\"@type\":\"Organization\",\"@id\":\"https:\/\/uncommonegg.com\/dayco\/fr\/#organization\",\"name\":\"Dayco Corporate\",\"alternateName\":\"Propulsion Solutions\",\"url\":\"https:\/\/uncommonegg.com\/dayco\/fr\/\",\"logo\":{\"@type\":\"ImageObject\",\"inLanguage\":\"fr-FR\",\"@id\":\"https:\/\/uncommonegg.com\/dayco\/fr\/#\/schema\/logo\/image\/\",\"url\":\"http:\/\/uncommonegg.com\/dayco\/wp-content\/uploads\/2024\/01\/PS-Logo-SEO2.jpg\",\"contentUrl\":\"http:\/\/uncommonegg.com\/dayco\/wp-content\/uploads\/2024\/01\/PS-Logo-SEO2.jpg\",\"width\":696,\"height\":696,\"caption\":\"Dayco Corporate\"},\"image\":{\"@id\":\"https:\/\/uncommonegg.com\/dayco\/fr\/#\/schema\/logo\/image\/\"},\"sameAs\":[\"https:\/\/www.facebook.com\/DaycoOfficial\/\",\"https:\/\/twitter.com\/DaycoOfficial\",\"https:\/\/www.instagram.com\/daycoofficial\/\",\"https:\/\/www.linkedin.com\/company\/daycoofficial\/\",\"https:\/\/www.youtube.com\/DaycoOfficial\",\"https:\/\/en.wikipedia.org\/wiki\/Dayco\"]}]}<\/script>\n<meta property=\"product:brand\" content=\"V\u00e9hicules L\u00e9gers OE\" \/>\n<meta property=\"product:price:amount\" content=\"0.00\" \/>\n<meta property=\"product:price:currency\" content=\"EUR\" \/>\n<meta property=\"og:availability\" content=\"instock\" \/>\n<meta property=\"product:availability\" content=\"instock\" \/>\n<meta property=\"product:retailer_item_id\" content=\"APVLD\" \/>\n<meta property=\"product:condition\" content=\"new\" \/>\n<!-- \/ Yoast SEO plugin. -->","yoast_head_json":{"title":"Galets Tendeurs de Courroie Auxiliaire | Propulsion Solutions","robots":{"index":"noindex","follow":"follow","max-snippet":"max-snippet:-1","max-image-preview":"max-image-preview:large","max-video-preview":"max-video-preview:-1"},"og_locale":"fr_FR","og_type":"article","og_title":"Galets Tendeurs de Courroie Auxiliaire | Propulsion Solutions","og_description":"Dayco offre une gamme compl\u00e8te de galets tendeurs hautement efficaces et durables qui r\u00e9pondent aux exigences de performance des applications demand\u00e9es. Ces galets tendeurs de courroie associ\u00e9s \u00e0 nos courroies, amortisseurs, d\u00e9coupleurs et autres composants fonctionnent dans un syst\u00e8me harmonieux global d\u00e9di\u00e9 \u00e0 la r\u00e9duction des secousses et pertes par frottement pour assurer une efficacit\u00e9 optimale. Les galets tendeurs Dayco sont fabriqu\u00e9s avec le mod\u00e8le...","og_url":"https:\/\/uncommonegg.com\/dayco\/fr\/produit\/galets-tendeurs-de-courroie-auxiliaire\/","og_site_name":"Propulsion Solutions","article_publisher":"https:\/\/www.facebook.com\/DaycoOfficial\/","article_modified_time":"2019-10-20T10:59:55+00:00","og_image":[{"width":609,"height":356,"url":"https:\/\/uncommonegg.com\/dayco\/wp-content\/uploads\/Accessory-Drive-Tens-1.jpg","type":"image\/jpeg"}],"twitter_card":"summary_large_image","twitter_site":"@DaycoOfficial","twitter_misc":{"Prix":"","Disponibilit\u00e9":"En stock"},"schema":{"@context":"https:\/\/schema.org","@graph":[{"@type":["WebPage","ItemPage"],"@id":"https:\/\/uncommonegg.com\/dayco\/fr\/produit\/galets-tendeurs-de-courroie-auxiliaire\/","url":"https:\/\/uncommonegg.com\/dayco\/fr\/produit\/galets-tendeurs-de-courroie-auxiliaire\/","name":"Galets Tendeurs de Courroie Auxiliaire | Propulsion Solutions","isPartOf":{"@id":"https:\/\/uncommonegg.com\/dayco\/fr\/#website"},"primaryImageOfPage":{"@id":"https:\/\/uncommonegg.com\/dayco\/fr\/produit\/galets-tendeurs-de-courroie-auxiliaire\/#primaryimage"},"image":{"@id":"https:\/\/uncommonegg.com\/dayco\/fr\/produit\/galets-tendeurs-de-courroie-auxiliaire\/#primaryimage"},"thumbnailUrl":"https:\/\/uncommonegg.com\/dayco\/wp-content\/uploads\/Accessory-Drive-Tens-1.jpg","datePublished":"2018-05-18T08:43:50+00:00","dateModified":"2019-10-20T10:59:55+00:00","breadcrumb":{"@id":"https:\/\/uncommonegg.com\/dayco\/fr\/produit\/galets-tendeurs-de-courroie-auxiliaire\/#breadcrumb"},"inLanguage":"fr-FR","potentialAction":[{"@type":"ReadAction","target":["https:\/\/uncommonegg.com\/dayco\/fr\/produit\/galets-tendeurs-de-courroie-auxiliaire\/"]}]},{"@type":"ImageObject","inLanguage":"fr-FR","@id":"https:\/\/uncommonegg.com\/dayco\/fr\/produit\/galets-tendeurs-de-courroie-auxiliaire\/#primaryimage","url":"https:\/\/uncommonegg.com\/dayco\/wp-content\/uploads\/Accessory-Drive-Tens-1.jpg","contentUrl":"https:\/\/uncommonegg.com\/dayco\/wp-content\/uploads\/Accessory-Drive-Tens-1.jpg","width":609,"height":356,"caption":"Accessory Drive Tens 1"},{"@type":"BreadcrumbList","@id":"https:\/\/uncommonegg.com\/dayco\/fr\/produit\/galets-tendeurs-de-courroie-auxiliaire\/#breadcrumb","itemListElement":[{"@type":"ListItem","position":1,"name":"Accueil","item":"https:\/\/uncommonegg.com\/dayco\/fr\/home\/"},{"@type":"ListItem","position":2,"name":"Produits","item":"https:\/\/uncommonegg.com\/dayco\/fr\/produits\/"},{"@type":"ListItem","position":3,"name":"Galets Tendeurs de Courroie Auxiliaire"}]},{"@type":"WebSite","@id":"https:\/\/uncommonegg.com\/dayco\/fr\/#website","url":"https:\/\/uncommonegg.com\/dayco\/fr\/","name":"Propulsion Solutions","description":"Move Forward. Always.\u2122","publisher":{"@id":"https:\/\/uncommonegg.com\/dayco\/fr\/#organization"},"alternateName":"Propulsion Solutions","potentialAction":[{"@type":"SearchAction","target":{"@type":"EntryPoint","urlTemplate":"https:\/\/uncommonegg.com\/dayco\/fr\/?s={search_term_string}"},"query-input":"required name=search_term_string"}],"inLanguage":"fr-FR"},{"@type":"Organization","@id":"https:\/\/uncommonegg.com\/dayco\/fr\/#organization","name":"Dayco Corporate","alternateName":"Propulsion Solutions","url":"https:\/\/uncommonegg.com\/dayco\/fr\/","logo":{"@type":"ImageObject","inLanguage":"fr-FR","@id":"https:\/\/uncommonegg.com\/dayco\/fr\/#\/schema\/logo\/image\/","url":"http:\/\/uncommonegg.com\/dayco\/wp-content\/uploads\/2024\/01\/PS-Logo-SEO2.jpg","contentUrl":"http:\/\/uncommonegg.com\/dayco\/wp-content\/uploads\/2024\/01\/PS-Logo-SEO2.jpg","width":696,"height":696,"caption":"Dayco Corporate"},"image":{"@id":"https:\/\/uncommonegg.com\/dayco\/fr\/#\/schema\/logo\/image\/"},"sameAs":["https:\/\/www.facebook.com\/DaycoOfficial\/","https:\/\/twitter.com\/DaycoOfficial","https:\/\/www.instagram.com\/daycoofficial\/","https:\/\/www.linkedin.com\/company\/daycoofficial\/","https:\/\/www.youtube.com\/DaycoOfficial","https:\/\/en.wikipedia.org\/wiki\/Dayco"]}]},"product_brand":"V\u00e9hicules L\u00e9gers OE","product_price_amount":"0.00","product_price_currency":"EUR","og_availability":"instock","product_availability":"instock","product_retailer_item_id":"APVLD","product_condition":"new"},"_links":{"self":[{"href":"https:\/\/uncommonegg.com\/dayco\/fr\/wp-json\/wp\/v2\/product\/31985"}],"collection":[{"href":"https:\/\/uncommonegg.com\/dayco\/fr\/wp-json\/wp\/v2\/product"}],"about":[{"href":"https:\/\/uncommonegg.com\/dayco\/fr\/wp-json\/wp\/v2\/types\/product"}],"wp:featuredmedia":[{"embeddable":true,"href":"https:\/\/uncommonegg.com\/dayco\/fr\/wp-json\/wp\/v2\/media\/33140"}],"wp:attachment":[{"href":"https:\/\/uncommonegg.com\/dayco\/fr\/wp-json\/wp\/v2\/media?parent=31985"}],"wp:term":[{"taxonomy":"product_cat","embeddable":true,"href":"https:\/\/uncommonegg.com\/dayco\/fr\/wp-json\/wp\/v2\/product_cat?post=31985"},{"taxonomy":"product_tag","embeddable":true,"href":"https:\/\/uncommonegg.com\/dayco\/fr\/wp-json\/wp\/v2\/product_tag?post=31985"}],"curies":[{"name":"wp","href":"https:\/\/api.w.org\/{rel}","templated":true}]}}