{"id":30645,"date":"2018-05-18T11:51:46","date_gmt":"2018-05-18T09:51:46","guid":{"rendered":"http:\/\/uncommonegg.com\/dayco\/product\/amortisseurs-de-vilebrequin\/"},"modified":"2019-10-20T13:27:33","modified_gmt":"2019-10-20T11:27:33","slug":"amortisseurs-de-vilebrequin","status":"publish","type":"product","link":"https:\/\/uncommonegg.com\/dayco\/fr\/produit\/amortisseurs-de-vilebrequin\/","title":{"rendered":"Amortisseurs de Vilebrequin"},"content":{"rendered":"<p>Dayco compte une longue exp\u00e9rience d\u2019innovation, de conception et de fabrication d\u2019amortisseurs de vilebrequin pour des applications automobiles et de transmission. Sp\u00e9cialement con\u00e7us pour r\u00e9duire le bruit, les vibrations et la rudesse du moteur, notre technologie d\u2019amortissement offre une efficacit\u00e9 maximale du syst\u00e8me de stabilisation, minimise les variations de tension de la courroie, am\u00e9liore la dur\u00e9e de vie des composants et syst\u00e8mes, tout en r\u00e9duisant la consommation de carburant. Dayco utilise un logiciel propri\u00e9taire en association avec des progiciels commerciaux de pointe pour optimiser et tester ces produits virtuellement avant la cr\u00e9ation de prototypes.<\/p>\n<p>Dayco poss\u00e8de plusieurs centres techniques dans le monde o\u00f9 des prototypes sont cr\u00e9\u00e9s et test\u00e9s selon les exigences des \u00e9quipementiers automobiles. L\u2019innovation dans le domaine des amortisseurs de vibration a ouvert la voie \u00e0 la naissance de Dayco en tant que leader technologique de ce secteur. L\u2019amortisseur de vibration \u00e0 double action (\u00ab\u00a0Dual Action Tuned Absorber\u00a0\u00bb ou \u00ab\u00a0DATA\u00a0\u00bb), l\u2019amortisseur de courroie de distribution encastr\u00e9 (\u00ab\u00a0Recessed Belt Damper\u00a0\u00bb ou \u00ab\u00a0RBD\u00a0\u00bb) et le profil \u00e0 double arc asym\u00e9trique (\u00ab\u00a0Asymmetric Dual Arc Profile\u00a0\u00bb ou \u00ab\u00a0RADA\u00a0\u00bb) sont quelques-unes des technologies Dayco de pointe, d\u00e9velopp\u00e9es pour de nouvelles applications.<\/p>\n","protected":false},"excerpt":{"rendered":"<p>Dayco compte une longue exp\u00e9rience d\u2019innovation, de conception et de fabrication d\u2019amortisseurs de vilebrequin pour des applications automobiles et de transmission. Sp\u00e9cialement con\u00e7us pour r\u00e9duire le bruit, les vibrations et la rudesse du moteur, notre technologie d\u2019amortissement offre une efficacit\u00e9 maximale du syst\u00e8me de stabilisation, minimise les variations de tension de la courroie, am\u00e9liore la dur\u00e9e de vie des composants et syst\u00e8mes, tout en r\u00e9duisant&#8230;<\/p>\n","protected":false},"featured_media":17430,"template":"","meta":[],"product_cat":[347],"product_tag":[],"yoast_head":"<!-- This site is optimized with the Yoast SEO plugin v22.4 - https:\/\/yoast.com\/wordpress\/plugins\/seo\/ -->\n<title>Amortisseurs de Vilebrequin | Propulsion Solutions<\/title>\n<meta name=\"robots\" content=\"noindex, follow, max-snippet:-1, max-image-preview:large, max-video-preview:-1\" \/>\n<meta property=\"og:locale\" content=\"fr_FR\" \/>\n<meta property=\"og:type\" content=\"article\" \/>\n<meta property=\"og:title\" content=\"Amortisseurs de Vilebrequin | Propulsion Solutions\" \/>\n<meta property=\"og:description\" content=\"Dayco compte une longue exp\u00e9rience d\u2019innovation, de conception et de fabrication d\u2019amortisseurs de vilebrequin pour des applications automobiles et de transmission. Sp\u00e9cialement con\u00e7us pour r\u00e9duire le bruit, les vibrations et la rudesse du moteur, notre technologie d\u2019amortissement offre une efficacit\u00e9 maximale du syst\u00e8me de stabilisation, minimise les variations de tension de la courroie, am\u00e9liore la dur\u00e9e de vie des composants et syst\u00e8mes, tout en r\u00e9duisant...\" \/>\n<meta property=\"og:url\" content=\"https:\/\/uncommonegg.com\/dayco\/fr\/produit\/amortisseurs-de-vilebrequin\/\" \/>\n<meta property=\"og:site_name\" content=\"Propulsion Solutions\" \/>\n<meta property=\"article:publisher\" content=\"https:\/\/www.facebook.com\/DaycoOfficial\/\" \/>\n<meta property=\"article:modified_time\" content=\"2019-10-20T11:27:33+00:00\" \/>\n<meta property=\"og:image\" content=\"https:\/\/uncommonegg.com\/dayco\/wp-content\/uploads\/Crankshaft-Damp-1.jpg\" \/>\n\t<meta property=\"og:image:width\" content=\"609\" \/>\n\t<meta property=\"og:image:height\" content=\"356\" \/>\n\t<meta property=\"og:image:type\" content=\"image\/jpeg\" \/>\n<meta name=\"twitter:card\" content=\"summary_large_image\" \/>\n<meta name=\"twitter:site\" content=\"@DaycoOfficial\" \/>\n<meta name=\"twitter:label1\" content=\"Prix\" \/>\n\t<meta name=\"twitter:data1\" content=\"\" \/>\n\t<meta name=\"twitter:label2\" content=\"Disponibilit\u00e9\" \/>\n\t<meta name=\"twitter:data2\" content=\"En stock\" \/>\n<script type=\"application\/ld+json\" class=\"yoast-schema-graph\">{\"@context\":\"https:\/\/schema.org\",\"@graph\":[{\"@type\":[\"WebPage\",\"ItemPage\"],\"@id\":\"https:\/\/uncommonegg.com\/dayco\/fr\/produit\/amortisseurs-de-vilebrequin\/\",\"url\":\"https:\/\/uncommonegg.com\/dayco\/fr\/produit\/amortisseurs-de-vilebrequin\/\",\"name\":\"Amortisseurs de Vilebrequin | Propulsion Solutions\",\"isPartOf\":{\"@id\":\"https:\/\/uncommonegg.com\/dayco\/fr\/#website\"},\"primaryImageOfPage\":{\"@id\":\"https:\/\/uncommonegg.com\/dayco\/fr\/produit\/amortisseurs-de-vilebrequin\/#primaryimage\"},\"image\":{\"@id\":\"https:\/\/uncommonegg.com\/dayco\/fr\/produit\/amortisseurs-de-vilebrequin\/#primaryimage\"},\"thumbnailUrl\":\"https:\/\/uncommonegg.com\/dayco\/wp-content\/uploads\/Crankshaft-Damp-1.jpg\",\"datePublished\":\"2018-05-18T09:51:46+00:00\",\"dateModified\":\"2019-10-20T11:27:33+00:00\",\"breadcrumb\":{\"@id\":\"https:\/\/uncommonegg.com\/dayco\/fr\/produit\/amortisseurs-de-vilebrequin\/#breadcrumb\"},\"inLanguage\":\"fr-FR\",\"potentialAction\":[{\"@type\":\"ReadAction\",\"target\":[\"https:\/\/uncommonegg.com\/dayco\/fr\/produit\/amortisseurs-de-vilebrequin\/\"]}]},{\"@type\":\"ImageObject\",\"inLanguage\":\"fr-FR\",\"@id\":\"https:\/\/uncommonegg.com\/dayco\/fr\/produit\/amortisseurs-de-vilebrequin\/#primaryimage\",\"url\":\"https:\/\/uncommonegg.com\/dayco\/wp-content\/uploads\/Crankshaft-Damp-1.jpg\",\"contentUrl\":\"https:\/\/uncommonegg.com\/dayco\/wp-content\/uploads\/Crankshaft-Damp-1.jpg\",\"width\":609,\"height\":356,\"caption\":\"Crankshaft Damp 1\"},{\"@type\":\"BreadcrumbList\",\"@id\":\"https:\/\/uncommonegg.com\/dayco\/fr\/produit\/amortisseurs-de-vilebrequin\/#breadcrumb\",\"itemListElement\":[{\"@type\":\"ListItem\",\"position\":1,\"name\":\"Accueil\",\"item\":\"https:\/\/uncommonegg.com\/dayco\/fr\/home\/\"},{\"@type\":\"ListItem\",\"position\":2,\"name\":\"Produits\",\"item\":\"https:\/\/uncommonegg.com\/dayco\/fr\/produits\/\"},{\"@type\":\"ListItem\",\"position\":3,\"name\":\"Amortisseurs de Vilebrequin\"}]},{\"@type\":\"WebSite\",\"@id\":\"https:\/\/uncommonegg.com\/dayco\/fr\/#website\",\"url\":\"https:\/\/uncommonegg.com\/dayco\/fr\/\",\"name\":\"Propulsion Solutions\",\"description\":\"Move Forward. Always.\u2122\",\"publisher\":{\"@id\":\"https:\/\/uncommonegg.com\/dayco\/fr\/#organization\"},\"alternateName\":\"Propulsion Solutions\",\"potentialAction\":[{\"@type\":\"SearchAction\",\"target\":{\"@type\":\"EntryPoint\",\"urlTemplate\":\"https:\/\/uncommonegg.com\/dayco\/fr\/?s={search_term_string}\"},\"query-input\":\"required name=search_term_string\"}],\"inLanguage\":\"fr-FR\"},{\"@type\":\"Organization\",\"@id\":\"https:\/\/uncommonegg.com\/dayco\/fr\/#organization\",\"name\":\"Dayco Corporate\",\"alternateName\":\"Propulsion Solutions\",\"url\":\"https:\/\/uncommonegg.com\/dayco\/fr\/\",\"logo\":{\"@type\":\"ImageObject\",\"inLanguage\":\"fr-FR\",\"@id\":\"https:\/\/uncommonegg.com\/dayco\/fr\/#\/schema\/logo\/image\/\",\"url\":\"http:\/\/uncommonegg.com\/dayco\/wp-content\/uploads\/2024\/01\/PS-Logo-SEO2.jpg\",\"contentUrl\":\"http:\/\/uncommonegg.com\/dayco\/wp-content\/uploads\/2024\/01\/PS-Logo-SEO2.jpg\",\"width\":696,\"height\":696,\"caption\":\"Dayco Corporate\"},\"image\":{\"@id\":\"https:\/\/uncommonegg.com\/dayco\/fr\/#\/schema\/logo\/image\/\"},\"sameAs\":[\"https:\/\/www.facebook.com\/DaycoOfficial\/\",\"https:\/\/twitter.com\/DaycoOfficial\",\"https:\/\/www.instagram.com\/daycoofficial\/\",\"https:\/\/www.linkedin.com\/company\/daycoofficial\/\",\"https:\/\/www.youtube.com\/DaycoOfficial\",\"https:\/\/en.wikipedia.org\/wiki\/Dayco\"]}]}<\/script>\n<meta property=\"product:brand\" content=\"V\u00e9hicules L\u00e9gers OE\" \/>\n<meta property=\"product:price:amount\" content=\"0.00\" \/>\n<meta property=\"product:price:currency\" content=\"EUR\" \/>\n<meta property=\"og:availability\" content=\"instock\" \/>\n<meta property=\"product:availability\" content=\"instock\" \/>\n<meta property=\"product:retailer_item_id\" content=\"CDMPLD\" \/>\n<meta property=\"product:condition\" content=\"new\" \/>\n<!-- \/ Yoast SEO plugin. -->","yoast_head_json":{"title":"Amortisseurs de Vilebrequin | Propulsion Solutions","robots":{"index":"noindex","follow":"follow","max-snippet":"max-snippet:-1","max-image-preview":"max-image-preview:large","max-video-preview":"max-video-preview:-1"},"og_locale":"fr_FR","og_type":"article","og_title":"Amortisseurs de Vilebrequin | Propulsion Solutions","og_description":"Dayco compte une longue exp\u00e9rience d\u2019innovation, de conception et de fabrication d\u2019amortisseurs de vilebrequin pour des applications automobiles et de transmission. Sp\u00e9cialement con\u00e7us pour r\u00e9duire le bruit, les vibrations et la rudesse du moteur, notre technologie d\u2019amortissement offre une efficacit\u00e9 maximale du syst\u00e8me de stabilisation, minimise les variations de tension de la courroie, am\u00e9liore la dur\u00e9e de vie des composants et syst\u00e8mes, tout en r\u00e9duisant...","og_url":"https:\/\/uncommonegg.com\/dayco\/fr\/produit\/amortisseurs-de-vilebrequin\/","og_site_name":"Propulsion Solutions","article_publisher":"https:\/\/www.facebook.com\/DaycoOfficial\/","article_modified_time":"2019-10-20T11:27:33+00:00","og_image":[{"width":609,"height":356,"url":"https:\/\/uncommonegg.com\/dayco\/wp-content\/uploads\/Crankshaft-Damp-1.jpg","type":"image\/jpeg"}],"twitter_card":"summary_large_image","twitter_site":"@DaycoOfficial","twitter_misc":{"Prix":"","Disponibilit\u00e9":"En stock"},"schema":{"@context":"https:\/\/schema.org","@graph":[{"@type":["WebPage","ItemPage"],"@id":"https:\/\/uncommonegg.com\/dayco\/fr\/produit\/amortisseurs-de-vilebrequin\/","url":"https:\/\/uncommonegg.com\/dayco\/fr\/produit\/amortisseurs-de-vilebrequin\/","name":"Amortisseurs de Vilebrequin | Propulsion Solutions","isPartOf":{"@id":"https:\/\/uncommonegg.com\/dayco\/fr\/#website"},"primaryImageOfPage":{"@id":"https:\/\/uncommonegg.com\/dayco\/fr\/produit\/amortisseurs-de-vilebrequin\/#primaryimage"},"image":{"@id":"https:\/\/uncommonegg.com\/dayco\/fr\/produit\/amortisseurs-de-vilebrequin\/#primaryimage"},"thumbnailUrl":"https:\/\/uncommonegg.com\/dayco\/wp-content\/uploads\/Crankshaft-Damp-1.jpg","datePublished":"2018-05-18T09:51:46+00:00","dateModified":"2019-10-20T11:27:33+00:00","breadcrumb":{"@id":"https:\/\/uncommonegg.com\/dayco\/fr\/produit\/amortisseurs-de-vilebrequin\/#breadcrumb"},"inLanguage":"fr-FR","potentialAction":[{"@type":"ReadAction","target":["https:\/\/uncommonegg.com\/dayco\/fr\/produit\/amortisseurs-de-vilebrequin\/"]}]},{"@type":"ImageObject","inLanguage":"fr-FR","@id":"https:\/\/uncommonegg.com\/dayco\/fr\/produit\/amortisseurs-de-vilebrequin\/#primaryimage","url":"https:\/\/uncommonegg.com\/dayco\/wp-content\/uploads\/Crankshaft-Damp-1.jpg","contentUrl":"https:\/\/uncommonegg.com\/dayco\/wp-content\/uploads\/Crankshaft-Damp-1.jpg","width":609,"height":356,"caption":"Crankshaft Damp 1"},{"@type":"BreadcrumbList","@id":"https:\/\/uncommonegg.com\/dayco\/fr\/produit\/amortisseurs-de-vilebrequin\/#breadcrumb","itemListElement":[{"@type":"ListItem","position":1,"name":"Accueil","item":"https:\/\/uncommonegg.com\/dayco\/fr\/home\/"},{"@type":"ListItem","position":2,"name":"Produits","item":"https:\/\/uncommonegg.com\/dayco\/fr\/produits\/"},{"@type":"ListItem","position":3,"name":"Amortisseurs de Vilebrequin"}]},{"@type":"WebSite","@id":"https:\/\/uncommonegg.com\/dayco\/fr\/#website","url":"https:\/\/uncommonegg.com\/dayco\/fr\/","name":"Propulsion Solutions","description":"Move Forward. Always.\u2122","publisher":{"@id":"https:\/\/uncommonegg.com\/dayco\/fr\/#organization"},"alternateName":"Propulsion Solutions","potentialAction":[{"@type":"SearchAction","target":{"@type":"EntryPoint","urlTemplate":"https:\/\/uncommonegg.com\/dayco\/fr\/?s={search_term_string}"},"query-input":"required name=search_term_string"}],"inLanguage":"fr-FR"},{"@type":"Organization","@id":"https:\/\/uncommonegg.com\/dayco\/fr\/#organization","name":"Dayco Corporate","alternateName":"Propulsion Solutions","url":"https:\/\/uncommonegg.com\/dayco\/fr\/","logo":{"@type":"ImageObject","inLanguage":"fr-FR","@id":"https:\/\/uncommonegg.com\/dayco\/fr\/#\/schema\/logo\/image\/","url":"http:\/\/uncommonegg.com\/dayco\/wp-content\/uploads\/2024\/01\/PS-Logo-SEO2.jpg","contentUrl":"http:\/\/uncommonegg.com\/dayco\/wp-content\/uploads\/2024\/01\/PS-Logo-SEO2.jpg","width":696,"height":696,"caption":"Dayco Corporate"},"image":{"@id":"https:\/\/uncommonegg.com\/dayco\/fr\/#\/schema\/logo\/image\/"},"sameAs":["https:\/\/www.facebook.com\/DaycoOfficial\/","https:\/\/twitter.com\/DaycoOfficial","https:\/\/www.instagram.com\/daycoofficial\/","https:\/\/www.linkedin.com\/company\/daycoofficial\/","https:\/\/www.youtube.com\/DaycoOfficial","https:\/\/en.wikipedia.org\/wiki\/Dayco"]}]},"product_brand":"V\u00e9hicules L\u00e9gers OE","product_price_amount":"0.00","product_price_currency":"EUR","og_availability":"instock","product_availability":"instock","product_retailer_item_id":"CDMPLD","product_condition":"new"},"_links":{"self":[{"href":"https:\/\/uncommonegg.com\/dayco\/fr\/wp-json\/wp\/v2\/product\/30645"}],"collection":[{"href":"https:\/\/uncommonegg.com\/dayco\/fr\/wp-json\/wp\/v2\/product"}],"about":[{"href":"https:\/\/uncommonegg.com\/dayco\/fr\/wp-json\/wp\/v2\/types\/product"}],"wp:featuredmedia":[{"embeddable":true,"href":"https:\/\/uncommonegg.com\/dayco\/fr\/wp-json\/wp\/v2\/media\/17430"}],"wp:attachment":[{"href":"https:\/\/uncommonegg.com\/dayco\/fr\/wp-json\/wp\/v2\/media?parent=30645"}],"wp:term":[{"taxonomy":"product_cat","embeddable":true,"href":"https:\/\/uncommonegg.com\/dayco\/fr\/wp-json\/wp\/v2\/product_cat?post=30645"},{"taxonomy":"product_tag","embeddable":true,"href":"https:\/\/uncommonegg.com\/dayco\/fr\/wp-json\/wp\/v2\/product_tag?post=30645"}],"curies":[{"name":"wp","href":"https:\/\/api.w.org\/{rel}","templated":true}]}}