{"id":28141,"date":"2018-05-18T11:58:12","date_gmt":"2018-05-18T09:58:12","guid":{"rendered":"http:\/\/uncommonegg.com\/dayco\/product\/amortisseurs-de-transmission\/"},"modified":"2018-07-03T22:53:58","modified_gmt":"2018-07-03T20:53:58","slug":"amortisseurs-de-transmission","status":"publish","type":"product","link":"https:\/\/uncommonegg.com\/dayco\/fr\/produit\/amortisseurs-de-transmission\/","title":{"rendered":"Amortisseurs de Transmission"},"content":{"rendered":"<p>Dayco a une longue exp\u00e9rience de conception et de fabrication d\u2019amortisseurs de transmission et respecte \u00e0 la lettre les exigences sp\u00e9cifiques de transmission de chaque client. Chaque amortisseur est sp\u00e9cialement con\u00e7u pour le type de vibration qu\u2019il doit att\u00e9nuer (lin\u00e9aire, de torsion ou mixte). L\u2019innovation et la cr\u00e9ativit\u00e9 associ\u00e9es \u00e0 des instruments de v\u00e9rification empirique et analytique sont les \u00e9l\u00e9ments qui distinguent Dayco en tant que leader technique de ce secteur. L\u2019amortisseur de courroie de distribution encastr\u00e9 (RBD), l\u2019amortisseur de tube radial interne (Radial ITD) et l\u2019amortisseur \u00e0 anneau des basses fr\u00e9quences (LFGD) sont tous des exemples de l\u2019ing\u00e9niosit\u00e9 de Dayco, de son originalit\u00e9 et inventivit\u00e9 et de comment la soci\u00e9t\u00e9 d\u00e9veloppe des solutions pour ses clients.<\/p>\n<p>Dayco se distingue nettement de ses concurrents pour sa capacit\u00e9 \u00e0 concevoir une multiplicit\u00e9 de types d\u2019amortisseur en utilisant un seul syst\u00e8me masse-ressort. Cela est rendu possible gr\u00e2ce \u00e0 l\u2019utilisation d\u2019un algorithme logiciel propri\u00e9taire in\u00e9gal\u00e9 dans l\u2019industrie pour sa vitesse et sa capacit\u00e9, permettant le d\u00e9veloppement rapide de pi\u00e8ces dont le poids et le co\u00fbt sont optimis\u00e9s. Une fois que Dayco a termin\u00e9 la conception analytique de ses amortisseurs de transmission, leurs performances et dur\u00e9e de vie sont test\u00e9es pour garantir leur solidit\u00e9 en vue de telle application.<\/p>\n","protected":false},"excerpt":{"rendered":"<p>Dayco a une longue exp\u00e9rience de conception et de fabrication d\u2019amortisseurs de transmission et respecte \u00e0 la lettre les exigences sp\u00e9cifiques de transmission de chaque client. Chaque amortisseur est sp\u00e9cialement con\u00e7u pour le type de vibration qu\u2019il doit att\u00e9nuer (lin\u00e9aire, de torsion ou mixte). L\u2019innovation et la cr\u00e9ativit\u00e9 associ\u00e9es \u00e0 des instruments de v\u00e9rification empirique et analytique sont les \u00e9l\u00e9ments qui distinguent Dayco en tant&#8230;<\/p>\n","protected":false},"featured_media":28417,"template":"","meta":[],"product_cat":[347],"product_tag":[],"yoast_head":"<!-- This site is optimized with the Yoast SEO plugin v22.4 - https:\/\/yoast.com\/wordpress\/plugins\/seo\/ -->\n<title>Amortisseurs de Transmission | Propulsion Solutions<\/title>\n<meta name=\"robots\" content=\"noindex, follow, max-snippet:-1, max-image-preview:large, max-video-preview:-1\" \/>\n<meta property=\"og:locale\" content=\"fr_FR\" \/>\n<meta property=\"og:type\" content=\"article\" \/>\n<meta property=\"og:title\" content=\"Amortisseurs de Transmission | Propulsion Solutions\" \/>\n<meta property=\"og:description\" content=\"Dayco a une longue exp\u00e9rience de conception et de fabrication d\u2019amortisseurs de transmission et respecte \u00e0 la lettre les exigences sp\u00e9cifiques de transmission de chaque client. Chaque amortisseur est sp\u00e9cialement con\u00e7u pour le type de vibration qu\u2019il doit att\u00e9nuer (lin\u00e9aire, de torsion ou mixte). L\u2019innovation et la cr\u00e9ativit\u00e9 associ\u00e9es \u00e0 des instruments de v\u00e9rification empirique et analytique sont les \u00e9l\u00e9ments qui distinguent Dayco en tant...\" \/>\n<meta property=\"og:url\" content=\"https:\/\/uncommonegg.com\/dayco\/fr\/produit\/amortisseurs-de-transmission\/\" \/>\n<meta property=\"og:site_name\" content=\"Propulsion Solutions\" \/>\n<meta property=\"article:publisher\" content=\"https:\/\/www.facebook.com\/DaycoOfficial\/\" \/>\n<meta property=\"article:modified_time\" content=\"2018-07-03T20:53:58+00:00\" \/>\n<meta property=\"og:image\" content=\"https:\/\/uncommonegg.com\/dayco\/wp-content\/uploads\/Driveline-Damp-1.jpg\" \/>\n\t<meta property=\"og:image:width\" content=\"609\" \/>\n\t<meta property=\"og:image:height\" content=\"356\" \/>\n\t<meta property=\"og:image:type\" content=\"image\/jpeg\" \/>\n<meta name=\"twitter:card\" content=\"summary_large_image\" \/>\n<meta name=\"twitter:site\" content=\"@DaycoOfficial\" \/>\n<meta name=\"twitter:label1\" content=\"Prix\" \/>\n\t<meta name=\"twitter:data1\" content=\"\" \/>\n\t<meta name=\"twitter:label2\" content=\"Disponibilit\u00e9\" \/>\n\t<meta name=\"twitter:data2\" content=\"En stock\" \/>\n<script type=\"application\/ld+json\" class=\"yoast-schema-graph\">{\"@context\":\"https:\/\/schema.org\",\"@graph\":[{\"@type\":[\"WebPage\",\"ItemPage\"],\"@id\":\"https:\/\/uncommonegg.com\/dayco\/fr\/produit\/amortisseurs-de-transmission\/\",\"url\":\"https:\/\/uncommonegg.com\/dayco\/fr\/produit\/amortisseurs-de-transmission\/\",\"name\":\"Amortisseurs de Transmission | Propulsion Solutions\",\"isPartOf\":{\"@id\":\"https:\/\/uncommonegg.com\/dayco\/fr\/#website\"},\"primaryImageOfPage\":{\"@id\":\"https:\/\/uncommonegg.com\/dayco\/fr\/produit\/amortisseurs-de-transmission\/#primaryimage\"},\"image\":{\"@id\":\"https:\/\/uncommonegg.com\/dayco\/fr\/produit\/amortisseurs-de-transmission\/#primaryimage\"},\"thumbnailUrl\":\"https:\/\/uncommonegg.com\/dayco\/wp-content\/uploads\/Driveline-Damp-1.jpg\",\"datePublished\":\"2018-05-18T09:58:12+00:00\",\"dateModified\":\"2018-07-03T20:53:58+00:00\",\"breadcrumb\":{\"@id\":\"https:\/\/uncommonegg.com\/dayco\/fr\/produit\/amortisseurs-de-transmission\/#breadcrumb\"},\"inLanguage\":\"fr-FR\",\"potentialAction\":[{\"@type\":\"ReadAction\",\"target\":[\"https:\/\/uncommonegg.com\/dayco\/fr\/produit\/amortisseurs-de-transmission\/\"]}]},{\"@type\":\"ImageObject\",\"inLanguage\":\"fr-FR\",\"@id\":\"https:\/\/uncommonegg.com\/dayco\/fr\/produit\/amortisseurs-de-transmission\/#primaryimage\",\"url\":\"https:\/\/uncommonegg.com\/dayco\/wp-content\/uploads\/Driveline-Damp-1.jpg\",\"contentUrl\":\"https:\/\/uncommonegg.com\/dayco\/wp-content\/uploads\/Driveline-Damp-1.jpg\",\"width\":609,\"height\":356,\"caption\":\"Driveline Damp 1\"},{\"@type\":\"BreadcrumbList\",\"@id\":\"https:\/\/uncommonegg.com\/dayco\/fr\/produit\/amortisseurs-de-transmission\/#breadcrumb\",\"itemListElement\":[{\"@type\":\"ListItem\",\"position\":1,\"name\":\"Accueil\",\"item\":\"https:\/\/uncommonegg.com\/dayco\/fr\/home\/\"},{\"@type\":\"ListItem\",\"position\":2,\"name\":\"Produits\",\"item\":\"https:\/\/uncommonegg.com\/dayco\/fr\/produits\/\"},{\"@type\":\"ListItem\",\"position\":3,\"name\":\"Amortisseurs de Transmission\"}]},{\"@type\":\"WebSite\",\"@id\":\"https:\/\/uncommonegg.com\/dayco\/fr\/#website\",\"url\":\"https:\/\/uncommonegg.com\/dayco\/fr\/\",\"name\":\"Propulsion Solutions\",\"description\":\"Move Forward. Always.\u2122\",\"publisher\":{\"@id\":\"https:\/\/uncommonegg.com\/dayco\/fr\/#organization\"},\"alternateName\":\"Propulsion Solutions\",\"potentialAction\":[{\"@type\":\"SearchAction\",\"target\":{\"@type\":\"EntryPoint\",\"urlTemplate\":\"https:\/\/uncommonegg.com\/dayco\/fr\/?s={search_term_string}\"},\"query-input\":\"required name=search_term_string\"}],\"inLanguage\":\"fr-FR\"},{\"@type\":\"Organization\",\"@id\":\"https:\/\/uncommonegg.com\/dayco\/fr\/#organization\",\"name\":\"Dayco Corporate\",\"alternateName\":\"Propulsion Solutions\",\"url\":\"https:\/\/uncommonegg.com\/dayco\/fr\/\",\"logo\":{\"@type\":\"ImageObject\",\"inLanguage\":\"fr-FR\",\"@id\":\"https:\/\/uncommonegg.com\/dayco\/fr\/#\/schema\/logo\/image\/\",\"url\":\"http:\/\/uncommonegg.com\/dayco\/wp-content\/uploads\/2024\/01\/PS-Logo-SEO2.jpg\",\"contentUrl\":\"http:\/\/uncommonegg.com\/dayco\/wp-content\/uploads\/2024\/01\/PS-Logo-SEO2.jpg\",\"width\":696,\"height\":696,\"caption\":\"Dayco Corporate\"},\"image\":{\"@id\":\"https:\/\/uncommonegg.com\/dayco\/fr\/#\/schema\/logo\/image\/\"},\"sameAs\":[\"https:\/\/www.facebook.com\/DaycoOfficial\/\",\"https:\/\/twitter.com\/DaycoOfficial\",\"https:\/\/www.instagram.com\/daycoofficial\/\",\"https:\/\/www.linkedin.com\/company\/daycoofficial\/\",\"https:\/\/www.youtube.com\/DaycoOfficial\",\"https:\/\/en.wikipedia.org\/wiki\/Dayco\"]}]}<\/script>\n<meta property=\"product:brand\" content=\"V\u00e9hicules L\u00e9gers OE\" \/>\n<meta property=\"product:price:amount\" content=\"0.00\" \/>\n<meta property=\"product:price:currency\" content=\"EUR\" \/>\n<meta property=\"og:availability\" content=\"instock\" \/>\n<meta property=\"product:availability\" content=\"instock\" \/>\n<meta property=\"product:retailer_item_id\" content=\"DMPLD\" \/>\n<meta property=\"product:condition\" content=\"new\" \/>\n<!-- \/ Yoast SEO plugin. -->","yoast_head_json":{"title":"Amortisseurs de Transmission | Propulsion Solutions","robots":{"index":"noindex","follow":"follow","max-snippet":"max-snippet:-1","max-image-preview":"max-image-preview:large","max-video-preview":"max-video-preview:-1"},"og_locale":"fr_FR","og_type":"article","og_title":"Amortisseurs de Transmission | Propulsion Solutions","og_description":"Dayco a une longue exp\u00e9rience de conception et de fabrication d\u2019amortisseurs de transmission et respecte \u00e0 la lettre les exigences sp\u00e9cifiques de transmission de chaque client. Chaque amortisseur est sp\u00e9cialement con\u00e7u pour le type de vibration qu\u2019il doit att\u00e9nuer (lin\u00e9aire, de torsion ou mixte). L\u2019innovation et la cr\u00e9ativit\u00e9 associ\u00e9es \u00e0 des instruments de v\u00e9rification empirique et analytique sont les \u00e9l\u00e9ments qui distinguent Dayco en tant...","og_url":"https:\/\/uncommonegg.com\/dayco\/fr\/produit\/amortisseurs-de-transmission\/","og_site_name":"Propulsion Solutions","article_publisher":"https:\/\/www.facebook.com\/DaycoOfficial\/","article_modified_time":"2018-07-03T20:53:58+00:00","og_image":[{"width":609,"height":356,"url":"https:\/\/uncommonegg.com\/dayco\/wp-content\/uploads\/Driveline-Damp-1.jpg","type":"image\/jpeg"}],"twitter_card":"summary_large_image","twitter_site":"@DaycoOfficial","twitter_misc":{"Prix":"","Disponibilit\u00e9":"En stock"},"schema":{"@context":"https:\/\/schema.org","@graph":[{"@type":["WebPage","ItemPage"],"@id":"https:\/\/uncommonegg.com\/dayco\/fr\/produit\/amortisseurs-de-transmission\/","url":"https:\/\/uncommonegg.com\/dayco\/fr\/produit\/amortisseurs-de-transmission\/","name":"Amortisseurs de Transmission | Propulsion Solutions","isPartOf":{"@id":"https:\/\/uncommonegg.com\/dayco\/fr\/#website"},"primaryImageOfPage":{"@id":"https:\/\/uncommonegg.com\/dayco\/fr\/produit\/amortisseurs-de-transmission\/#primaryimage"},"image":{"@id":"https:\/\/uncommonegg.com\/dayco\/fr\/produit\/amortisseurs-de-transmission\/#primaryimage"},"thumbnailUrl":"https:\/\/uncommonegg.com\/dayco\/wp-content\/uploads\/Driveline-Damp-1.jpg","datePublished":"2018-05-18T09:58:12+00:00","dateModified":"2018-07-03T20:53:58+00:00","breadcrumb":{"@id":"https:\/\/uncommonegg.com\/dayco\/fr\/produit\/amortisseurs-de-transmission\/#breadcrumb"},"inLanguage":"fr-FR","potentialAction":[{"@type":"ReadAction","target":["https:\/\/uncommonegg.com\/dayco\/fr\/produit\/amortisseurs-de-transmission\/"]}]},{"@type":"ImageObject","inLanguage":"fr-FR","@id":"https:\/\/uncommonegg.com\/dayco\/fr\/produit\/amortisseurs-de-transmission\/#primaryimage","url":"https:\/\/uncommonegg.com\/dayco\/wp-content\/uploads\/Driveline-Damp-1.jpg","contentUrl":"https:\/\/uncommonegg.com\/dayco\/wp-content\/uploads\/Driveline-Damp-1.jpg","width":609,"height":356,"caption":"Driveline Damp 1"},{"@type":"BreadcrumbList","@id":"https:\/\/uncommonegg.com\/dayco\/fr\/produit\/amortisseurs-de-transmission\/#breadcrumb","itemListElement":[{"@type":"ListItem","position":1,"name":"Accueil","item":"https:\/\/uncommonegg.com\/dayco\/fr\/home\/"},{"@type":"ListItem","position":2,"name":"Produits","item":"https:\/\/uncommonegg.com\/dayco\/fr\/produits\/"},{"@type":"ListItem","position":3,"name":"Amortisseurs de Transmission"}]},{"@type":"WebSite","@id":"https:\/\/uncommonegg.com\/dayco\/fr\/#website","url":"https:\/\/uncommonegg.com\/dayco\/fr\/","name":"Propulsion Solutions","description":"Move Forward. Always.\u2122","publisher":{"@id":"https:\/\/uncommonegg.com\/dayco\/fr\/#organization"},"alternateName":"Propulsion Solutions","potentialAction":[{"@type":"SearchAction","target":{"@type":"EntryPoint","urlTemplate":"https:\/\/uncommonegg.com\/dayco\/fr\/?s={search_term_string}"},"query-input":"required name=search_term_string"}],"inLanguage":"fr-FR"},{"@type":"Organization","@id":"https:\/\/uncommonegg.com\/dayco\/fr\/#organization","name":"Dayco Corporate","alternateName":"Propulsion Solutions","url":"https:\/\/uncommonegg.com\/dayco\/fr\/","logo":{"@type":"ImageObject","inLanguage":"fr-FR","@id":"https:\/\/uncommonegg.com\/dayco\/fr\/#\/schema\/logo\/image\/","url":"http:\/\/uncommonegg.com\/dayco\/wp-content\/uploads\/2024\/01\/PS-Logo-SEO2.jpg","contentUrl":"http:\/\/uncommonegg.com\/dayco\/wp-content\/uploads\/2024\/01\/PS-Logo-SEO2.jpg","width":696,"height":696,"caption":"Dayco Corporate"},"image":{"@id":"https:\/\/uncommonegg.com\/dayco\/fr\/#\/schema\/logo\/image\/"},"sameAs":["https:\/\/www.facebook.com\/DaycoOfficial\/","https:\/\/twitter.com\/DaycoOfficial","https:\/\/www.instagram.com\/daycoofficial\/","https:\/\/www.linkedin.com\/company\/daycoofficial\/","https:\/\/www.youtube.com\/DaycoOfficial","https:\/\/en.wikipedia.org\/wiki\/Dayco"]}]},"product_brand":"V\u00e9hicules L\u00e9gers OE","product_price_amount":"0.00","product_price_currency":"EUR","og_availability":"instock","product_availability":"instock","product_retailer_item_id":"DMPLD","product_condition":"new"},"_links":{"self":[{"href":"https:\/\/uncommonegg.com\/dayco\/fr\/wp-json\/wp\/v2\/product\/28141"}],"collection":[{"href":"https:\/\/uncommonegg.com\/dayco\/fr\/wp-json\/wp\/v2\/product"}],"about":[{"href":"https:\/\/uncommonegg.com\/dayco\/fr\/wp-json\/wp\/v2\/types\/product"}],"wp:featuredmedia":[{"embeddable":true,"href":"https:\/\/uncommonegg.com\/dayco\/fr\/wp-json\/wp\/v2\/media\/28417"}],"wp:attachment":[{"href":"https:\/\/uncommonegg.com\/dayco\/fr\/wp-json\/wp\/v2\/media?parent=28141"}],"wp:term":[{"taxonomy":"product_cat","embeddable":true,"href":"https:\/\/uncommonegg.com\/dayco\/fr\/wp-json\/wp\/v2\/product_cat?post=28141"},{"taxonomy":"product_tag","embeddable":true,"href":"https:\/\/uncommonegg.com\/dayco\/fr\/wp-json\/wp\/v2\/product_tag?post=28141"}],"curies":[{"name":"wp","href":"https:\/\/api.w.org\/{rel}","templated":true}]}}