{"id":21336,"date":"2018-05-19T12:45:18","date_gmt":"2018-05-19T10:45:18","guid":{"rendered":"http:\/\/uncommonegg.com\/dayco\/product\/decoupleurs-hd\/"},"modified":"2021-09-11T13:41:16","modified_gmt":"2021-09-11T11:41:16","slug":"decoupleurs-hd","status":"publish","type":"product","link":"https:\/\/uncommonegg.com\/dayco\/fr\/produit\/decoupleurs-hd\/","title":{"rendered":"D\u00e9coupleurs Poids Lourds"},"content":{"rendered":"<p>Dayco s\u2019applique \u00e0 l\u2019\u00e9limination des vibrations de moteur et \u00e0 la r\u00e9duction de leur impact sonore en fabriquant des d\u00e9coupleurs de vilebrequin qui sont int\u00e9gr\u00e9s dans la conception de nombreux nouveaux moteurs \u00e0 hautes performances. Notre syst\u00e8me de fabrication inclut une large gamme de proc\u00e9d\u00e9s \u00e0 base d\u2019\u00e9lastom\u00e8res vulcanis\u00e9s et moul\u00e9s par injection, ainsi que des embrayages et isolants \u00e0 ressort amorti durables et de pointe. Notre mod\u00e8le de d\u00e9coupleur de vilebrequin le plus r\u00e9cent et le plus innovant offre de nombreuses fonctions en un seul dispositif et est r\u00e9glable selon l\u2019application. Con\u00e7u pour int\u00e9grer un amortisseur classique de r\u00e9duction de la torsion de vilebrequin due aux impulsions d\u2019amor\u00e7age du moteur, le syst\u00e8me d\u2019amortissement, de d\u00e9couplage et de d\u00e9placement (DDOS) inclut \u00e9galement un isolant \u00e0 ressort d\u2019entra\u00eenement auxiliaire pour une transmission sans heurts adapt\u00e9e aux courroies de transmission stop &amp; start. Un embrayage \u00e0 roue libre dans le d\u00e9coupleur pr\u00e9voit \u00e9galement un patinage contr\u00f4l\u00e9 de l\u2019embrayage pendant les vibrations de torsion transitoires telles que les d\u00e9c\u00e9l\u00e9rations ou les rat\u00e9s.<\/p>\n<p>Toutes ces caract\u00e9ristiques fonctionnent ensemble dans un seul produit pour maximiser la stabilit\u00e9 du syst\u00e8me, en \u00e9liminant les bruits d\u00e9sagr\u00e9ables, en minimisant la variation de tension de la courroie, en am\u00e9liorant la dur\u00e9e de vie des composants et du syst\u00e8me et en r\u00e9duisant la consommation de carburant.<\/p>\n","protected":false},"excerpt":{"rendered":"<p>Dayco s\u2019applique \u00e0 l\u2019\u00e9limination des vibrations de moteur et \u00e0 la r\u00e9duction de leur impact sonore en fabriquant des d\u00e9coupleurs de vilebrequin qui sont int\u00e9gr\u00e9s dans la conception de nombreux nouveaux moteurs \u00e0 hautes performances. Notre syst\u00e8me de fabrication inclut une large gamme de proc\u00e9d\u00e9s \u00e0 base d\u2019\u00e9lastom\u00e8res vulcanis\u00e9s et moul\u00e9s par injection, ainsi que des embrayages et isolants \u00e0 ressort amorti durables et de&#8230;<\/p>\n","protected":false},"featured_media":87942,"template":"","meta":[],"product_cat":[352],"product_tag":[],"yoast_head":"<!-- This site is optimized with the Yoast SEO plugin v22.4 - https:\/\/yoast.com\/wordpress\/plugins\/seo\/ -->\n<title>D\u00e9coupleurs Poids Lourds | Propulsion Solutions<\/title>\n<meta name=\"robots\" content=\"noindex, follow, max-snippet:-1, max-image-preview:large, max-video-preview:-1\" \/>\n<meta property=\"og:locale\" content=\"fr_FR\" \/>\n<meta property=\"og:type\" content=\"article\" \/>\n<meta property=\"og:title\" content=\"D\u00e9coupleurs Poids Lourds | Propulsion Solutions\" \/>\n<meta property=\"og:description\" content=\"Dayco s\u2019applique \u00e0 l\u2019\u00e9limination des vibrations de moteur et \u00e0 la r\u00e9duction de leur impact sonore en fabriquant des d\u00e9coupleurs de vilebrequin qui sont int\u00e9gr\u00e9s dans la conception de nombreux nouveaux moteurs \u00e0 hautes performances. Notre syst\u00e8me de fabrication inclut une large gamme de proc\u00e9d\u00e9s \u00e0 base d\u2019\u00e9lastom\u00e8res vulcanis\u00e9s et moul\u00e9s par injection, ainsi que des embrayages et isolants \u00e0 ressort amorti durables et de...\" \/>\n<meta property=\"og:url\" content=\"https:\/\/uncommonegg.com\/dayco\/fr\/produit\/decoupleurs-hd\/\" \/>\n<meta property=\"og:site_name\" content=\"Propulsion Solutions\" \/>\n<meta property=\"article:publisher\" content=\"https:\/\/www.facebook.com\/DaycoOfficial\/\" \/>\n<meta property=\"article:modified_time\" content=\"2021-09-11T11:41:16+00:00\" \/>\n<meta property=\"og:image\" content=\"https:\/\/uncommonegg.com\/dayco\/wp-content\/uploads\/Decouplers-HD-2.jpg\" \/>\n\t<meta property=\"og:image:width\" content=\"609\" \/>\n\t<meta property=\"og:image:height\" content=\"356\" \/>\n\t<meta property=\"og:image:type\" content=\"image\/jpeg\" \/>\n<meta name=\"twitter:card\" content=\"summary_large_image\" \/>\n<meta name=\"twitter:site\" content=\"@DaycoOfficial\" \/>\n<meta name=\"twitter:label1\" content=\"Prix\" \/>\n\t<meta name=\"twitter:data1\" content=\"\" \/>\n\t<meta name=\"twitter:label2\" content=\"Disponibilit\u00e9\" \/>\n\t<meta name=\"twitter:data2\" content=\"En stock\" \/>\n<script type=\"application\/ld+json\" class=\"yoast-schema-graph\">{\"@context\":\"https:\/\/schema.org\",\"@graph\":[{\"@type\":[\"WebPage\",\"ItemPage\"],\"@id\":\"https:\/\/uncommonegg.com\/dayco\/fr\/produit\/decoupleurs-hd\/\",\"url\":\"https:\/\/uncommonegg.com\/dayco\/fr\/produit\/decoupleurs-hd\/\",\"name\":\"D\u00e9coupleurs Poids Lourds | Propulsion Solutions\",\"isPartOf\":{\"@id\":\"https:\/\/uncommonegg.com\/dayco\/fr\/#website\"},\"primaryImageOfPage\":{\"@id\":\"https:\/\/uncommonegg.com\/dayco\/fr\/produit\/decoupleurs-hd\/#primaryimage\"},\"image\":{\"@id\":\"https:\/\/uncommonegg.com\/dayco\/fr\/produit\/decoupleurs-hd\/#primaryimage\"},\"thumbnailUrl\":\"https:\/\/uncommonegg.com\/dayco\/wp-content\/uploads\/Decouplers-HD-2.jpg\",\"datePublished\":\"2018-05-19T10:45:18+00:00\",\"dateModified\":\"2021-09-11T11:41:16+00:00\",\"breadcrumb\":{\"@id\":\"https:\/\/uncommonegg.com\/dayco\/fr\/produit\/decoupleurs-hd\/#breadcrumb\"},\"inLanguage\":\"fr-FR\",\"potentialAction\":[{\"@type\":\"ReadAction\",\"target\":[\"https:\/\/uncommonegg.com\/dayco\/fr\/produit\/decoupleurs-hd\/\"]}]},{\"@type\":\"ImageObject\",\"inLanguage\":\"fr-FR\",\"@id\":\"https:\/\/uncommonegg.com\/dayco\/fr\/produit\/decoupleurs-hd\/#primaryimage\",\"url\":\"https:\/\/uncommonegg.com\/dayco\/wp-content\/uploads\/Decouplers-HD-2.jpg\",\"contentUrl\":\"https:\/\/uncommonegg.com\/dayco\/wp-content\/uploads\/Decouplers-HD-2.jpg\",\"width\":609,\"height\":356},{\"@type\":\"BreadcrumbList\",\"@id\":\"https:\/\/uncommonegg.com\/dayco\/fr\/produit\/decoupleurs-hd\/#breadcrumb\",\"itemListElement\":[{\"@type\":\"ListItem\",\"position\":1,\"name\":\"Accueil\",\"item\":\"https:\/\/uncommonegg.com\/dayco\/fr\/home\/\"},{\"@type\":\"ListItem\",\"position\":2,\"name\":\"Produits\",\"item\":\"https:\/\/uncommonegg.com\/dayco\/fr\/produits\/\"},{\"@type\":\"ListItem\",\"position\":3,\"name\":\"D\u00e9coupleurs Poids Lourds\"}]},{\"@type\":\"WebSite\",\"@id\":\"https:\/\/uncommonegg.com\/dayco\/fr\/#website\",\"url\":\"https:\/\/uncommonegg.com\/dayco\/fr\/\",\"name\":\"Propulsion Solutions\",\"description\":\"Move Forward. Always.\u2122\",\"publisher\":{\"@id\":\"https:\/\/uncommonegg.com\/dayco\/fr\/#organization\"},\"alternateName\":\"Propulsion Solutions\",\"potentialAction\":[{\"@type\":\"SearchAction\",\"target\":{\"@type\":\"EntryPoint\",\"urlTemplate\":\"https:\/\/uncommonegg.com\/dayco\/fr\/?s={search_term_string}\"},\"query-input\":\"required name=search_term_string\"}],\"inLanguage\":\"fr-FR\"},{\"@type\":\"Organization\",\"@id\":\"https:\/\/uncommonegg.com\/dayco\/fr\/#organization\",\"name\":\"Dayco Corporate\",\"alternateName\":\"Propulsion Solutions\",\"url\":\"https:\/\/uncommonegg.com\/dayco\/fr\/\",\"logo\":{\"@type\":\"ImageObject\",\"inLanguage\":\"fr-FR\",\"@id\":\"https:\/\/uncommonegg.com\/dayco\/fr\/#\/schema\/logo\/image\/\",\"url\":\"http:\/\/uncommonegg.com\/dayco\/wp-content\/uploads\/2024\/01\/PS-Logo-SEO2.jpg\",\"contentUrl\":\"http:\/\/uncommonegg.com\/dayco\/wp-content\/uploads\/2024\/01\/PS-Logo-SEO2.jpg\",\"width\":696,\"height\":696,\"caption\":\"Dayco Corporate\"},\"image\":{\"@id\":\"https:\/\/uncommonegg.com\/dayco\/fr\/#\/schema\/logo\/image\/\"},\"sameAs\":[\"https:\/\/www.facebook.com\/DaycoOfficial\/\",\"https:\/\/twitter.com\/DaycoOfficial\",\"https:\/\/www.instagram.com\/daycoofficial\/\",\"https:\/\/www.linkedin.com\/company\/daycoofficial\/\",\"https:\/\/www.youtube.com\/DaycoOfficial\",\"https:\/\/en.wikipedia.org\/wiki\/Dayco\"]}]}<\/script>\n<meta property=\"product:brand\" content=\"Poids Lourds OE\" \/>\n<meta property=\"product:price:amount\" content=\"0.00\" \/>\n<meta property=\"product:price:currency\" content=\"EUR\" \/>\n<meta property=\"og:availability\" content=\"instock\" \/>\n<meta property=\"product:availability\" content=\"instock\" \/>\n<meta property=\"product:retailer_item_id\" content=\"DECHD\" \/>\n<meta property=\"product:condition\" content=\"new\" \/>\n<!-- \/ Yoast SEO plugin. -->","yoast_head_json":{"title":"D\u00e9coupleurs Poids Lourds | Propulsion Solutions","robots":{"index":"noindex","follow":"follow","max-snippet":"max-snippet:-1","max-image-preview":"max-image-preview:large","max-video-preview":"max-video-preview:-1"},"og_locale":"fr_FR","og_type":"article","og_title":"D\u00e9coupleurs Poids Lourds | Propulsion Solutions","og_description":"Dayco s\u2019applique \u00e0 l\u2019\u00e9limination des vibrations de moteur et \u00e0 la r\u00e9duction de leur impact sonore en fabriquant des d\u00e9coupleurs de vilebrequin qui sont int\u00e9gr\u00e9s dans la conception de nombreux nouveaux moteurs \u00e0 hautes performances. Notre syst\u00e8me de fabrication inclut une large gamme de proc\u00e9d\u00e9s \u00e0 base d\u2019\u00e9lastom\u00e8res vulcanis\u00e9s et moul\u00e9s par injection, ainsi que des embrayages et isolants \u00e0 ressort amorti durables et de...","og_url":"https:\/\/uncommonegg.com\/dayco\/fr\/produit\/decoupleurs-hd\/","og_site_name":"Propulsion Solutions","article_publisher":"https:\/\/www.facebook.com\/DaycoOfficial\/","article_modified_time":"2021-09-11T11:41:16+00:00","og_image":[{"width":609,"height":356,"url":"https:\/\/uncommonegg.com\/dayco\/wp-content\/uploads\/Decouplers-HD-2.jpg","type":"image\/jpeg"}],"twitter_card":"summary_large_image","twitter_site":"@DaycoOfficial","twitter_misc":{"Prix":"","Disponibilit\u00e9":"En stock"},"schema":{"@context":"https:\/\/schema.org","@graph":[{"@type":["WebPage","ItemPage"],"@id":"https:\/\/uncommonegg.com\/dayco\/fr\/produit\/decoupleurs-hd\/","url":"https:\/\/uncommonegg.com\/dayco\/fr\/produit\/decoupleurs-hd\/","name":"D\u00e9coupleurs Poids Lourds | Propulsion Solutions","isPartOf":{"@id":"https:\/\/uncommonegg.com\/dayco\/fr\/#website"},"primaryImageOfPage":{"@id":"https:\/\/uncommonegg.com\/dayco\/fr\/produit\/decoupleurs-hd\/#primaryimage"},"image":{"@id":"https:\/\/uncommonegg.com\/dayco\/fr\/produit\/decoupleurs-hd\/#primaryimage"},"thumbnailUrl":"https:\/\/uncommonegg.com\/dayco\/wp-content\/uploads\/Decouplers-HD-2.jpg","datePublished":"2018-05-19T10:45:18+00:00","dateModified":"2021-09-11T11:41:16+00:00","breadcrumb":{"@id":"https:\/\/uncommonegg.com\/dayco\/fr\/produit\/decoupleurs-hd\/#breadcrumb"},"inLanguage":"fr-FR","potentialAction":[{"@type":"ReadAction","target":["https:\/\/uncommonegg.com\/dayco\/fr\/produit\/decoupleurs-hd\/"]}]},{"@type":"ImageObject","inLanguage":"fr-FR","@id":"https:\/\/uncommonegg.com\/dayco\/fr\/produit\/decoupleurs-hd\/#primaryimage","url":"https:\/\/uncommonegg.com\/dayco\/wp-content\/uploads\/Decouplers-HD-2.jpg","contentUrl":"https:\/\/uncommonegg.com\/dayco\/wp-content\/uploads\/Decouplers-HD-2.jpg","width":609,"height":356},{"@type":"BreadcrumbList","@id":"https:\/\/uncommonegg.com\/dayco\/fr\/produit\/decoupleurs-hd\/#breadcrumb","itemListElement":[{"@type":"ListItem","position":1,"name":"Accueil","item":"https:\/\/uncommonegg.com\/dayco\/fr\/home\/"},{"@type":"ListItem","position":2,"name":"Produits","item":"https:\/\/uncommonegg.com\/dayco\/fr\/produits\/"},{"@type":"ListItem","position":3,"name":"D\u00e9coupleurs Poids Lourds"}]},{"@type":"WebSite","@id":"https:\/\/uncommonegg.com\/dayco\/fr\/#website","url":"https:\/\/uncommonegg.com\/dayco\/fr\/","name":"Propulsion Solutions","description":"Move Forward. Always.\u2122","publisher":{"@id":"https:\/\/uncommonegg.com\/dayco\/fr\/#organization"},"alternateName":"Propulsion Solutions","potentialAction":[{"@type":"SearchAction","target":{"@type":"EntryPoint","urlTemplate":"https:\/\/uncommonegg.com\/dayco\/fr\/?s={search_term_string}"},"query-input":"required name=search_term_string"}],"inLanguage":"fr-FR"},{"@type":"Organization","@id":"https:\/\/uncommonegg.com\/dayco\/fr\/#organization","name":"Dayco Corporate","alternateName":"Propulsion Solutions","url":"https:\/\/uncommonegg.com\/dayco\/fr\/","logo":{"@type":"ImageObject","inLanguage":"fr-FR","@id":"https:\/\/uncommonegg.com\/dayco\/fr\/#\/schema\/logo\/image\/","url":"http:\/\/uncommonegg.com\/dayco\/wp-content\/uploads\/2024\/01\/PS-Logo-SEO2.jpg","contentUrl":"http:\/\/uncommonegg.com\/dayco\/wp-content\/uploads\/2024\/01\/PS-Logo-SEO2.jpg","width":696,"height":696,"caption":"Dayco Corporate"},"image":{"@id":"https:\/\/uncommonegg.com\/dayco\/fr\/#\/schema\/logo\/image\/"},"sameAs":["https:\/\/www.facebook.com\/DaycoOfficial\/","https:\/\/twitter.com\/DaycoOfficial","https:\/\/www.instagram.com\/daycoofficial\/","https:\/\/www.linkedin.com\/company\/daycoofficial\/","https:\/\/www.youtube.com\/DaycoOfficial","https:\/\/en.wikipedia.org\/wiki\/Dayco"]}]},"product_brand":"Poids Lourds OE","product_price_amount":"0.00","product_price_currency":"EUR","og_availability":"instock","product_availability":"instock","product_retailer_item_id":"DECHD","product_condition":"new"},"_links":{"self":[{"href":"https:\/\/uncommonegg.com\/dayco\/fr\/wp-json\/wp\/v2\/product\/21336"}],"collection":[{"href":"https:\/\/uncommonegg.com\/dayco\/fr\/wp-json\/wp\/v2\/product"}],"about":[{"href":"https:\/\/uncommonegg.com\/dayco\/fr\/wp-json\/wp\/v2\/types\/product"}],"wp:featuredmedia":[{"embeddable":true,"href":"https:\/\/uncommonegg.com\/dayco\/fr\/wp-json\/wp\/v2\/media\/87942"}],"wp:attachment":[{"href":"https:\/\/uncommonegg.com\/dayco\/fr\/wp-json\/wp\/v2\/media?parent=21336"}],"wp:term":[{"taxonomy":"product_cat","embeddable":true,"href":"https:\/\/uncommonegg.com\/dayco\/fr\/wp-json\/wp\/v2\/product_cat?post=21336"},{"taxonomy":"product_tag","embeddable":true,"href":"https:\/\/uncommonegg.com\/dayco\/fr\/wp-json\/wp\/v2\/product_tag?post=21336"}],"curies":[{"name":"wp","href":"https:\/\/api.w.org\/{rel}","templated":true}]}}