{"id":129065,"date":"2023-05-08T18:13:06","date_gmt":"2023-05-08T16:13:06","guid":{"rendered":"http:\/\/uncommonegg.com\/dayco\/product\/alternator-decoupler-pulley-adp\/"},"modified":"2023-05-09T09:37:27","modified_gmt":"2023-05-09T07:37:27","slug":"alternator-decoupler-pulley-adp","status":"publish","type":"product","link":"https:\/\/uncommonegg.com\/dayco\/fr\/produit\/alternator-decoupler-pulley-adp\/","title":{"rendered":"Poulie de D\u00e9couplage d\u2019Alternateur (ADP)"},"content":{"rendered":"<p><strong>Applications: <\/strong>Voitures de tourisme, haut de gamme et performantes et v\u00e9hicules commerciaux l\u00e9gers (v\u00e9hicules \u00e0 combustion interne et hybrides)<\/p>\n<p>Dayco \u00e9largit sa gamme de produits avec des poulies de d\u00e9couplage d&rsquo;alternateur (ADP) de qualit\u00e9 sup\u00e9rieure pour r\u00e9pondre aux besoins des plus grands constructeurs automobiles et fabricants d&rsquo;alternateurs mondiaux. Les ADP Dayco, de conception robuste, r\u00e9pondent aux exigences rigoureuses des clients et constituent la r\u00e9f\u00e9rence du march\u00e9 en mati\u00e8re de durabilit\u00e9, de bruit, de vibrations et de secousses (BVS) et de consommation de carburant. Fort de plus de 115 ans d\u2019exp\u00e9rience r\u00e9ussie en mati\u00e8re de solutions innovantes destin\u00e9es aux march\u00e9s de l&rsquo;automobile, des poids lourds et de l&rsquo;industrie, Dayco met d\u00e9sormais la technologie de pointe des poulies de d\u00e9couplage d&rsquo;alternateur au service du march\u00e9 des v\u00e9hicules l\u00e9gers.<\/p>\n<p><strong>Caract\u00e9ristiques\/Avantages :<\/strong><\/p>\n<ul>\n<li>Une technologie \u00e9prouv\u00e9e et test\u00e9e d\u00e9passant toutes les r\u00e9f\u00e9rences du secteur<\/li>\n<li>Con\u00e7ue pour r\u00e9duire la tension et la charge dynamique exerc\u00e9es sur la courroie<\/li>\n<li>Isolation optimale des vibrations, durabilit\u00e9 et am\u00e9lioration du bruit, des vibrations et des secousses (BVS)<\/li>\n<li>Comportement dynamique am\u00e9lior\u00e9 des moteurs \u00ab\u00a0Start &amp; Stop\u00a0\u00bb<\/li>\n<li>Dur\u00e9e de vie accrue des composants de la transmission accessoire pour une plus grande dur\u00e9e de fonctionnement du syst\u00e8me et une efficacit\u00e9 optimale<\/li>\n<\/ul>\n<p><strong>Valeur ajout\u00e9e pour les consommateurs\u00a0:<\/strong><\/p>\n<ul>\n<li>Comp\u00e9tences R&amp;D et de test \u00e0 l\u2019\u00e9chelle mondiale avec des implantations industrielles locales<\/li>\n<li>Une technologie leader du march\u00e9 avec une expertise et une assistance in\u00e9gal\u00e9es en mati\u00e8re de syst\u00e8mes de transmission par courroie (FEAD)<\/li>\n<li>Fournisseur des plus grands constructeurs automobiles et fabricants d&rsquo;alternateurs du monde.<\/li>\n<li>Co\u00fbt total de possession r\u00e9duit<\/li>\n<\/ul>\n","protected":false},"excerpt":{"rendered":"<p>Applications: Voitures de tourisme, haut de gamme et performantes et v\u00e9hicules commerciaux l\u00e9gers (v\u00e9hicules \u00e0 combustion interne et hybrides) Dayco \u00e9largit sa gamme de produits avec des poulies de d\u00e9couplage d&rsquo;alternateur (ADP) de qualit\u00e9 sup\u00e9rieure pour r\u00e9pondre aux besoins des plus grands constructeurs automobiles et fabricants d&rsquo;alternateurs mondiaux. Les ADP Dayco, de conception robuste, r\u00e9pondent aux exigences rigoureuses des clients et constituent la r\u00e9f\u00e9rence du&#8230;<\/p>\n","protected":false},"featured_media":128970,"template":"","meta":[],"product_cat":[347],"product_tag":[],"yoast_head":"<!-- This site is optimized with the Yoast SEO plugin v22.4 - https:\/\/yoast.com\/wordpress\/plugins\/seo\/ -->\n<title>Poulie de D\u00e9couplage d\u2019Alternateur (ADP) | Propulsion Solutions<\/title>\n<meta name=\"description\" content=\"Dayco \u00e9largit sa gamme de produits avec des poulies de d\u00e9couplage d&#039;alternateur (ADP) de qualit\u00e9 sup\u00e9rieure pour r\u00e9pondre aux besoins des plus grands constructeurs automobiles et fabricants d&#039;alternateurs mondiaux\" \/>\n<meta name=\"robots\" content=\"noindex, follow, max-snippet:-1, max-image-preview:large, max-video-preview:-1\" \/>\n<meta property=\"og:locale\" content=\"fr_FR\" \/>\n<meta property=\"og:type\" content=\"article\" \/>\n<meta property=\"og:title\" content=\"Poulie de D\u00e9couplage d\u2019Alternateur (ADP) | Propulsion Solutions\" \/>\n<meta property=\"og:description\" content=\"Dayco \u00e9largit sa gamme de produits avec des poulies de d\u00e9couplage d&#039;alternateur (ADP) de qualit\u00e9 sup\u00e9rieure pour r\u00e9pondre aux besoins des plus grands constructeurs automobiles et fabricants d&#039;alternateurs mondiaux\" \/>\n<meta property=\"og:url\" content=\"https:\/\/uncommonegg.com\/dayco\/fr\/produit\/alternator-decoupler-pulley-adp\/\" \/>\n<meta property=\"og:site_name\" content=\"Propulsion Solutions\" \/>\n<meta property=\"article:publisher\" content=\"https:\/\/www.facebook.com\/DaycoOfficial\/\" \/>\n<meta property=\"article:modified_time\" content=\"2023-05-09T07:37:27+00:00\" \/>\n<meta property=\"og:image\" content=\"https:\/\/uncommonegg.com\/dayco\/wp-content\/uploads\/2023\/05\/ADP-1.jpg\" \/>\n\t<meta property=\"og:image:width\" content=\"609\" \/>\n\t<meta property=\"og:image:height\" content=\"356\" \/>\n\t<meta property=\"og:image:type\" content=\"image\/jpeg\" \/>\n<meta name=\"twitter:card\" content=\"summary_large_image\" \/>\n<meta name=\"twitter:site\" content=\"@DaycoOfficial\" \/>\n<meta name=\"twitter:label1\" content=\"Prix\" \/>\n\t<meta name=\"twitter:data1\" content=\"\" \/>\n\t<meta name=\"twitter:label2\" content=\"Disponibilit\u00e9\" \/>\n\t<meta name=\"twitter:data2\" content=\"En stock\" \/>\n<script type=\"application\/ld+json\" class=\"yoast-schema-graph\">{\"@context\":\"https:\/\/schema.org\",\"@graph\":[{\"@type\":[\"WebPage\",\"ItemPage\"],\"@id\":\"https:\/\/uncommonegg.com\/dayco\/fr\/produit\/alternator-decoupler-pulley-adp\/\",\"url\":\"https:\/\/uncommonegg.com\/dayco\/fr\/produit\/alternator-decoupler-pulley-adp\/\",\"name\":\"Poulie de D\u00e9couplage d\u2019Alternateur (ADP) | Propulsion Solutions\",\"isPartOf\":{\"@id\":\"https:\/\/uncommonegg.com\/dayco\/fr\/#website\"},\"primaryImageOfPage\":{\"@id\":\"https:\/\/uncommonegg.com\/dayco\/fr\/produit\/alternator-decoupler-pulley-adp\/#primaryimage\"},\"image\":{\"@id\":\"https:\/\/uncommonegg.com\/dayco\/fr\/produit\/alternator-decoupler-pulley-adp\/#primaryimage\"},\"thumbnailUrl\":\"https:\/\/uncommonegg.com\/dayco\/wp-content\/uploads\/2023\/05\/ADP-1.jpg\",\"datePublished\":\"2023-05-08T16:13:06+00:00\",\"dateModified\":\"2023-05-09T07:37:27+00:00\",\"description\":\"Dayco \u00e9largit sa gamme de produits avec des poulies de d\u00e9couplage d'alternateur (ADP) de qualit\u00e9 sup\u00e9rieure pour r\u00e9pondre aux besoins des plus grands constructeurs automobiles et fabricants d'alternateurs mondiaux\",\"breadcrumb\":{\"@id\":\"https:\/\/uncommonegg.com\/dayco\/fr\/produit\/alternator-decoupler-pulley-adp\/#breadcrumb\"},\"inLanguage\":\"fr-FR\",\"potentialAction\":[{\"@type\":\"ReadAction\",\"target\":[\"https:\/\/uncommonegg.com\/dayco\/fr\/produit\/alternator-decoupler-pulley-adp\/\"]}]},{\"@type\":\"ImageObject\",\"inLanguage\":\"fr-FR\",\"@id\":\"https:\/\/uncommonegg.com\/dayco\/fr\/produit\/alternator-decoupler-pulley-adp\/#primaryimage\",\"url\":\"https:\/\/uncommonegg.com\/dayco\/wp-content\/uploads\/2023\/05\/ADP-1.jpg\",\"contentUrl\":\"https:\/\/uncommonegg.com\/dayco\/wp-content\/uploads\/2023\/05\/ADP-1.jpg\",\"width\":609,\"height\":356},{\"@type\":\"BreadcrumbList\",\"@id\":\"https:\/\/uncommonegg.com\/dayco\/fr\/produit\/alternator-decoupler-pulley-adp\/#breadcrumb\",\"itemListElement\":[{\"@type\":\"ListItem\",\"position\":1,\"name\":\"Accueil\",\"item\":\"https:\/\/uncommonegg.com\/dayco\/fr\/home\/\"},{\"@type\":\"ListItem\",\"position\":2,\"name\":\"Produits\",\"item\":\"https:\/\/uncommonegg.com\/dayco\/fr\/produits\/\"},{\"@type\":\"ListItem\",\"position\":3,\"name\":\"Poulie de D\u00e9couplage d\u2019Alternateur (ADP)\"}]},{\"@type\":\"WebSite\",\"@id\":\"https:\/\/uncommonegg.com\/dayco\/fr\/#website\",\"url\":\"https:\/\/uncommonegg.com\/dayco\/fr\/\",\"name\":\"Propulsion Solutions\",\"description\":\"Move Forward. Always.\u2122\",\"publisher\":{\"@id\":\"https:\/\/uncommonegg.com\/dayco\/fr\/#organization\"},\"alternateName\":\"Propulsion Solutions\",\"potentialAction\":[{\"@type\":\"SearchAction\",\"target\":{\"@type\":\"EntryPoint\",\"urlTemplate\":\"https:\/\/uncommonegg.com\/dayco\/fr\/?s={search_term_string}\"},\"query-input\":\"required name=search_term_string\"}],\"inLanguage\":\"fr-FR\"},{\"@type\":\"Organization\",\"@id\":\"https:\/\/uncommonegg.com\/dayco\/fr\/#organization\",\"name\":\"Dayco Corporate\",\"alternateName\":\"Propulsion Solutions\",\"url\":\"https:\/\/uncommonegg.com\/dayco\/fr\/\",\"logo\":{\"@type\":\"ImageObject\",\"inLanguage\":\"fr-FR\",\"@id\":\"https:\/\/uncommonegg.com\/dayco\/fr\/#\/schema\/logo\/image\/\",\"url\":\"http:\/\/uncommonegg.com\/dayco\/wp-content\/uploads\/2024\/01\/PS-Logo-SEO2.jpg\",\"contentUrl\":\"http:\/\/uncommonegg.com\/dayco\/wp-content\/uploads\/2024\/01\/PS-Logo-SEO2.jpg\",\"width\":696,\"height\":696,\"caption\":\"Dayco Corporate\"},\"image\":{\"@id\":\"https:\/\/uncommonegg.com\/dayco\/fr\/#\/schema\/logo\/image\/\"},\"sameAs\":[\"https:\/\/www.facebook.com\/DaycoOfficial\/\",\"https:\/\/twitter.com\/DaycoOfficial\",\"https:\/\/www.instagram.com\/daycoofficial\/\",\"https:\/\/www.linkedin.com\/company\/daycoofficial\/\",\"https:\/\/www.youtube.com\/DaycoOfficial\",\"https:\/\/en.wikipedia.org\/wiki\/Dayco\"]}]}<\/script>\n<meta property=\"product:brand\" content=\"V\u00e9hicules L\u00e9gers OE\" \/>\n<meta property=\"product:price:amount\" content=\"0.00\" \/>\n<meta property=\"product:price:currency\" content=\"EUR\" \/>\n<meta property=\"og:availability\" content=\"instock\" \/>\n<meta property=\"product:availability\" content=\"instock\" \/>\n<meta property=\"product:retailer_item_id\" content=\"ADP\" \/>\n<meta property=\"product:condition\" content=\"new\" \/>\n<!-- \/ Yoast SEO plugin. -->","yoast_head_json":{"title":"Poulie de D\u00e9couplage d\u2019Alternateur (ADP) | Propulsion Solutions","description":"Dayco \u00e9largit sa gamme de produits avec des poulies de d\u00e9couplage d'alternateur (ADP) de qualit\u00e9 sup\u00e9rieure pour r\u00e9pondre aux besoins des plus grands constructeurs automobiles et fabricants d'alternateurs mondiaux","robots":{"index":"noindex","follow":"follow","max-snippet":"max-snippet:-1","max-image-preview":"max-image-preview:large","max-video-preview":"max-video-preview:-1"},"og_locale":"fr_FR","og_type":"article","og_title":"Poulie de D\u00e9couplage d\u2019Alternateur (ADP) | Propulsion Solutions","og_description":"Dayco \u00e9largit sa gamme de produits avec des poulies de d\u00e9couplage d'alternateur (ADP) de qualit\u00e9 sup\u00e9rieure pour r\u00e9pondre aux besoins des plus grands constructeurs automobiles et fabricants d'alternateurs mondiaux","og_url":"https:\/\/uncommonegg.com\/dayco\/fr\/produit\/alternator-decoupler-pulley-adp\/","og_site_name":"Propulsion Solutions","article_publisher":"https:\/\/www.facebook.com\/DaycoOfficial\/","article_modified_time":"2023-05-09T07:37:27+00:00","og_image":[{"width":609,"height":356,"url":"https:\/\/uncommonegg.com\/dayco\/wp-content\/uploads\/2023\/05\/ADP-1.jpg","type":"image\/jpeg"}],"twitter_card":"summary_large_image","twitter_site":"@DaycoOfficial","twitter_misc":{"Prix":"","Disponibilit\u00e9":"En stock"},"schema":{"@context":"https:\/\/schema.org","@graph":[{"@type":["WebPage","ItemPage"],"@id":"https:\/\/uncommonegg.com\/dayco\/fr\/produit\/alternator-decoupler-pulley-adp\/","url":"https:\/\/uncommonegg.com\/dayco\/fr\/produit\/alternator-decoupler-pulley-adp\/","name":"Poulie de D\u00e9couplage d\u2019Alternateur (ADP) | Propulsion Solutions","isPartOf":{"@id":"https:\/\/uncommonegg.com\/dayco\/fr\/#website"},"primaryImageOfPage":{"@id":"https:\/\/uncommonegg.com\/dayco\/fr\/produit\/alternator-decoupler-pulley-adp\/#primaryimage"},"image":{"@id":"https:\/\/uncommonegg.com\/dayco\/fr\/produit\/alternator-decoupler-pulley-adp\/#primaryimage"},"thumbnailUrl":"https:\/\/uncommonegg.com\/dayco\/wp-content\/uploads\/2023\/05\/ADP-1.jpg","datePublished":"2023-05-08T16:13:06+00:00","dateModified":"2023-05-09T07:37:27+00:00","description":"Dayco \u00e9largit sa gamme de produits avec des poulies de d\u00e9couplage d'alternateur (ADP) de qualit\u00e9 sup\u00e9rieure pour r\u00e9pondre aux besoins des plus grands constructeurs automobiles et fabricants d'alternateurs mondiaux","breadcrumb":{"@id":"https:\/\/uncommonegg.com\/dayco\/fr\/produit\/alternator-decoupler-pulley-adp\/#breadcrumb"},"inLanguage":"fr-FR","potentialAction":[{"@type":"ReadAction","target":["https:\/\/uncommonegg.com\/dayco\/fr\/produit\/alternator-decoupler-pulley-adp\/"]}]},{"@type":"ImageObject","inLanguage":"fr-FR","@id":"https:\/\/uncommonegg.com\/dayco\/fr\/produit\/alternator-decoupler-pulley-adp\/#primaryimage","url":"https:\/\/uncommonegg.com\/dayco\/wp-content\/uploads\/2023\/05\/ADP-1.jpg","contentUrl":"https:\/\/uncommonegg.com\/dayco\/wp-content\/uploads\/2023\/05\/ADP-1.jpg","width":609,"height":356},{"@type":"BreadcrumbList","@id":"https:\/\/uncommonegg.com\/dayco\/fr\/produit\/alternator-decoupler-pulley-adp\/#breadcrumb","itemListElement":[{"@type":"ListItem","position":1,"name":"Accueil","item":"https:\/\/uncommonegg.com\/dayco\/fr\/home\/"},{"@type":"ListItem","position":2,"name":"Produits","item":"https:\/\/uncommonegg.com\/dayco\/fr\/produits\/"},{"@type":"ListItem","position":3,"name":"Poulie de D\u00e9couplage d\u2019Alternateur (ADP)"}]},{"@type":"WebSite","@id":"https:\/\/uncommonegg.com\/dayco\/fr\/#website","url":"https:\/\/uncommonegg.com\/dayco\/fr\/","name":"Propulsion Solutions","description":"Move Forward. Always.\u2122","publisher":{"@id":"https:\/\/uncommonegg.com\/dayco\/fr\/#organization"},"alternateName":"Propulsion Solutions","potentialAction":[{"@type":"SearchAction","target":{"@type":"EntryPoint","urlTemplate":"https:\/\/uncommonegg.com\/dayco\/fr\/?s={search_term_string}"},"query-input":"required name=search_term_string"}],"inLanguage":"fr-FR"},{"@type":"Organization","@id":"https:\/\/uncommonegg.com\/dayco\/fr\/#organization","name":"Dayco Corporate","alternateName":"Propulsion Solutions","url":"https:\/\/uncommonegg.com\/dayco\/fr\/","logo":{"@type":"ImageObject","inLanguage":"fr-FR","@id":"https:\/\/uncommonegg.com\/dayco\/fr\/#\/schema\/logo\/image\/","url":"http:\/\/uncommonegg.com\/dayco\/wp-content\/uploads\/2024\/01\/PS-Logo-SEO2.jpg","contentUrl":"http:\/\/uncommonegg.com\/dayco\/wp-content\/uploads\/2024\/01\/PS-Logo-SEO2.jpg","width":696,"height":696,"caption":"Dayco Corporate"},"image":{"@id":"https:\/\/uncommonegg.com\/dayco\/fr\/#\/schema\/logo\/image\/"},"sameAs":["https:\/\/www.facebook.com\/DaycoOfficial\/","https:\/\/twitter.com\/DaycoOfficial","https:\/\/www.instagram.com\/daycoofficial\/","https:\/\/www.linkedin.com\/company\/daycoofficial\/","https:\/\/www.youtube.com\/DaycoOfficial","https:\/\/en.wikipedia.org\/wiki\/Dayco"]}]},"product_brand":"V\u00e9hicules L\u00e9gers OE","product_price_amount":"0.00","product_price_currency":"EUR","og_availability":"instock","product_availability":"instock","product_retailer_item_id":"ADP","product_condition":"new"},"_links":{"self":[{"href":"https:\/\/uncommonegg.com\/dayco\/fr\/wp-json\/wp\/v2\/product\/129065"}],"collection":[{"href":"https:\/\/uncommonegg.com\/dayco\/fr\/wp-json\/wp\/v2\/product"}],"about":[{"href":"https:\/\/uncommonegg.com\/dayco\/fr\/wp-json\/wp\/v2\/types\/product"}],"wp:featuredmedia":[{"embeddable":true,"href":"https:\/\/uncommonegg.com\/dayco\/fr\/wp-json\/wp\/v2\/media\/128970"}],"wp:attachment":[{"href":"https:\/\/uncommonegg.com\/dayco\/fr\/wp-json\/wp\/v2\/media?parent=129065"}],"wp:term":[{"taxonomy":"product_cat","embeddable":true,"href":"https:\/\/uncommonegg.com\/dayco\/fr\/wp-json\/wp\/v2\/product_cat?post=129065"},{"taxonomy":"product_tag","embeddable":true,"href":"https:\/\/uncommonegg.com\/dayco\/fr\/wp-json\/wp\/v2\/product_tag?post=129065"}],"curies":[{"name":"wp","href":"https:\/\/api.w.org\/{rel}","templated":true}]}}