{"id":114997,"date":"2022-03-17T09:34:44","date_gmt":"2022-03-17T08:34:44","guid":{"rendered":"http:\/\/uncommonegg.com\/dayco\/product\/dayco-hybrid-module-p2\/"},"modified":"2022-03-25T12:55:10","modified_gmt":"2022-03-25T11:55:10","slug":"dayco-hybrid-module-p2","status":"publish","type":"product","link":"https:\/\/uncommonegg.com\/dayco\/fr\/produit\/dayco-hybrid-module-p2\/","title":{"rendered":"Dayco Hybrid Module &#8211; P2"},"content":{"rendered":"<p><strong>Applications: <\/strong>Voitures de tourisme, hautes performances et haut de gamme, v\u00e9hicules commerciaux l\u00e9gers, v\u00e9hicules commerciaux moyens et lourds, engins agricoles et mat\u00e9riel de construction<\/p>\n<p><img loading=\"lazy\" decoding=\"async\" class=\"size-full wp-image-114432 alignright\" src=\"http:\/\/uncommonegg.com\/dayco\/wp-content\/uploads\/2022\/02\/hybrid-dayco-logo-mini.jpg\" alt=\"Hybrid Dayco Logo Mini\" width=\"200\" height=\"175\" \/>En tant que sp\u00e9cialiste d\u2019int\u00e9gration de syst\u00e8mes, Dayco, en collaboration avec ses partenaires strat\u00e9giques, est en train de transformer l\u2019industrie des v\u00e9hicules l\u00e9gers et lourds gr\u00e2ce \u00e0 son module innovant et \u00e0 la pointe de la technologie Dayco Hybrid Module (DHM Dayco), dans le but d\u2019offrir aux \u00e9quipementiers automobiles une diff\u00e9renciation technologique haut de gamme pour leurs applications mild et full hybrid.<\/p>\n<p>Le module hybride Dayco pour l\u2019architecture hybride P2 am\u00e9liore les performances et la fiabilit\u00e9 du syst\u00e8me en r\u00e9duisant les vibrations du moteur et le bruit. Le module DHM r\u00e9pond aux sp\u00e9cifications des consommateurs et offre des \u00e9conomies de carburant jusqu\u2019\u00e0 15 \u00e0 20 %*, pour les applications 48 V, et sup\u00e9rieures \u00e0 70 %*, pour les v\u00e9hicules 800 V-Haute tension, en r\u00e9duisant ult\u00e9rieurement l\u2019empreinte \u00e9cologique.<\/p>\n<p>Dayco comprend les exigences des constructeurs de v\u00e9hicules les plus importants et est la seule marque qui offre un paquet haut de gamme de solutions de syst\u00e8mes de propulsion pour une vaste gamme d\u2019applications en s\u2019appuyant sur ses comp\u00e9tences en R&amp;D \u00e0 l\u2019\u00e9chelle mondiale et des implantations industrielles locales et avec une forte pr\u00e9sence dans plus de 40 sites et 22 pays.<\/p>\n<p><strong>Caract\u00e9ristiques\/avantages :<\/strong><\/p>\n<ul>\n<li>Syst\u00e8me int\u00e9gr\u00e9 adaptable hautes performances pour voitures de tourisme, v\u00e9hicules commerciaux, hors route et segments industriels.<\/li>\n<li>Performances et fiabilit\u00e9 am\u00e9lior\u00e9es<\/li>\n<li>Possibilit\u00e9 d\u2019association \u00e0 des transmissions d\u00e9velopp\u00e9es en interne<\/li>\n<li>Optimisation des consommations de carburant et r\u00e9duction du bruit, des vibrations et des secousses<\/li>\n<li>Dur\u00e9e accrue, durabilit\u00e9 et r\u00e9duction des \u00e9missions de CO2<\/li>\n<li>Dur\u00e9e de vie accrue de la transmission et fonctionnement am\u00e9lior\u00e9 du syst\u00e8me<\/li>\n<\/ul>\n<p><strong>Valeur ajout\u00e9e pour les consommateurs :<\/strong><\/p>\n<ul>\n<li>Comp\u00e9tences R&amp;D et de test \u00e0 l\u2019\u00e9chelle mondiale avec des implantations industrielles locales<\/li>\n<li>Diff\u00e9renciation technologique haut de gamme en tant qu\u2019int\u00e9grateur de syst\u00e8mes complets<\/li>\n<li>Fournisseur des constructeurs de moteurs et v\u00e9hicules les plus importants dans le monde entier<\/li>\n<li>Syst\u00e8mes hybrides uniques r\u00e9pondant aux sp\u00e9cifiques des consommateurs en termes d\u2019\u00e9conomie de carburant de 15 \u00e0 20%*(48V) et +70 %* (800 V-Haute tension)<\/li>\n<li>Assistance apr\u00e8s-vente d\u00e9di\u00e9e par les sp\u00e9cialistes Dayco dans chaque secteur<\/li>\n<li>Co\u00fbt total de possession r\u00e9duit<\/li>\n<\/ul>\n","protected":false},"excerpt":{"rendered":"<p>Applications: Voitures de tourisme, hautes performances et haut de gamme, v\u00e9hicules commerciaux l\u00e9gers, v\u00e9hicules commerciaux moyens et lourds, engins agricoles et mat\u00e9riel de construction En tant que sp\u00e9cialiste d\u2019int\u00e9gration de syst\u00e8mes, Dayco, en collaboration avec ses partenaires strat\u00e9giques, est en train de transformer l\u2019industrie des v\u00e9hicules l\u00e9gers et lourds gr\u00e2ce \u00e0 son module innovant et \u00e0 la pointe de la technologie Dayco Hybrid Module (DHM&#8230;<\/p>\n","protected":false},"featured_media":114809,"template":"","meta":[],"product_cat":[3517],"product_tag":[],"yoast_head":"<!-- This site is optimized with the Yoast SEO plugin v22.4 - https:\/\/yoast.com\/wordpress\/plugins\/seo\/ -->\n<title>Dayco Hybrid Module - P2 | Propulsion Solutions<\/title>\n<meta name=\"description\" content=\"Le module hybride Dayco pour l\u2019architecture hybride P2 am\u00e9liore les performances et la fiabilit\u00e9 du syst\u00e8me en r\u00e9duisant les vibrations du moteur et le bruit\" \/>\n<meta name=\"robots\" content=\"noindex, follow, max-snippet:-1, max-image-preview:large, max-video-preview:-1\" \/>\n<meta property=\"og:locale\" content=\"fr_FR\" \/>\n<meta property=\"og:type\" content=\"article\" \/>\n<meta property=\"og:title\" content=\"Dayco Hybrid Module - P2 | Propulsion Solutions\" \/>\n<meta property=\"og:description\" content=\"Le module hybride Dayco pour l\u2019architecture hybride P2 am\u00e9liore les performances et la fiabilit\u00e9 du syst\u00e8me en r\u00e9duisant les vibrations du moteur et le bruit\" \/>\n<meta property=\"og:url\" content=\"https:\/\/uncommonegg.com\/dayco\/fr\/produit\/dayco-hybrid-module-p2\/\" \/>\n<meta property=\"og:site_name\" content=\"Propulsion Solutions\" \/>\n<meta property=\"article:publisher\" content=\"https:\/\/www.facebook.com\/DaycoOfficial\/\" \/>\n<meta property=\"article:modified_time\" content=\"2022-03-25T11:55:10+00:00\" \/>\n<meta property=\"og:image\" content=\"https:\/\/uncommonegg.com\/dayco\/wp-content\/uploads\/2022\/03\/Hybrid-P2-3.jpg\" \/>\n\t<meta property=\"og:image:width\" content=\"609\" \/>\n\t<meta property=\"og:image:height\" content=\"356\" \/>\n\t<meta property=\"og:image:type\" content=\"image\/jpeg\" \/>\n<meta name=\"twitter:card\" content=\"summary_large_image\" \/>\n<meta name=\"twitter:site\" content=\"@DaycoOfficial\" \/>\n<meta name=\"twitter:label1\" content=\"Prix\" \/>\n\t<meta name=\"twitter:data1\" content=\"\" \/>\n\t<meta name=\"twitter:label2\" content=\"Disponibilit\u00e9\" \/>\n\t<meta name=\"twitter:data2\" content=\"En stock\" \/>\n<script type=\"application\/ld+json\" class=\"yoast-schema-graph\">{\"@context\":\"https:\/\/schema.org\",\"@graph\":[{\"@type\":[\"WebPage\",\"ItemPage\"],\"@id\":\"https:\/\/uncommonegg.com\/dayco\/fr\/produit\/dayco-hybrid-module-p2\/\",\"url\":\"https:\/\/uncommonegg.com\/dayco\/fr\/produit\/dayco-hybrid-module-p2\/\",\"name\":\"Dayco Hybrid Module - P2 | Propulsion Solutions\",\"isPartOf\":{\"@id\":\"https:\/\/uncommonegg.com\/dayco\/fr\/#website\"},\"primaryImageOfPage\":{\"@id\":\"https:\/\/uncommonegg.com\/dayco\/fr\/produit\/dayco-hybrid-module-p2\/#primaryimage\"},\"image\":{\"@id\":\"https:\/\/uncommonegg.com\/dayco\/fr\/produit\/dayco-hybrid-module-p2\/#primaryimage\"},\"thumbnailUrl\":\"https:\/\/uncommonegg.com\/dayco\/wp-content\/uploads\/2022\/03\/Hybrid-P2-3.jpg\",\"datePublished\":\"2022-03-17T08:34:44+00:00\",\"dateModified\":\"2022-03-25T11:55:10+00:00\",\"description\":\"Le module hybride Dayco pour l\u2019architecture hybride P2 am\u00e9liore les performances et la fiabilit\u00e9 du syst\u00e8me en r\u00e9duisant les vibrations du moteur et le bruit\",\"breadcrumb\":{\"@id\":\"https:\/\/uncommonegg.com\/dayco\/fr\/produit\/dayco-hybrid-module-p2\/#breadcrumb\"},\"inLanguage\":\"fr-FR\",\"potentialAction\":[{\"@type\":\"ReadAction\",\"target\":[\"https:\/\/uncommonegg.com\/dayco\/fr\/produit\/dayco-hybrid-module-p2\/\"]}]},{\"@type\":\"ImageObject\",\"inLanguage\":\"fr-FR\",\"@id\":\"https:\/\/uncommonegg.com\/dayco\/fr\/produit\/dayco-hybrid-module-p2\/#primaryimage\",\"url\":\"https:\/\/uncommonegg.com\/dayco\/wp-content\/uploads\/2022\/03\/Hybrid-P2-3.jpg\",\"contentUrl\":\"https:\/\/uncommonegg.com\/dayco\/wp-content\/uploads\/2022\/03\/Hybrid-P2-3.jpg\",\"width\":609,\"height\":356},{\"@type\":\"BreadcrumbList\",\"@id\":\"https:\/\/uncommonegg.com\/dayco\/fr\/produit\/dayco-hybrid-module-p2\/#breadcrumb\",\"itemListElement\":[{\"@type\":\"ListItem\",\"position\":1,\"name\":\"Accueil\",\"item\":\"https:\/\/uncommonegg.com\/dayco\/fr\/home\/\"},{\"@type\":\"ListItem\",\"position\":2,\"name\":\"Produits\",\"item\":\"https:\/\/uncommonegg.com\/dayco\/fr\/produits\/\"},{\"@type\":\"ListItem\",\"position\":3,\"name\":\"Dayco Hybrid Module &#8211; P2\"}]},{\"@type\":\"WebSite\",\"@id\":\"https:\/\/uncommonegg.com\/dayco\/fr\/#website\",\"url\":\"https:\/\/uncommonegg.com\/dayco\/fr\/\",\"name\":\"Propulsion Solutions\",\"description\":\"Move Forward. Always.\u2122\",\"publisher\":{\"@id\":\"https:\/\/uncommonegg.com\/dayco\/fr\/#organization\"},\"alternateName\":\"Propulsion Solutions\",\"potentialAction\":[{\"@type\":\"SearchAction\",\"target\":{\"@type\":\"EntryPoint\",\"urlTemplate\":\"https:\/\/uncommonegg.com\/dayco\/fr\/?s={search_term_string}\"},\"query-input\":\"required name=search_term_string\"}],\"inLanguage\":\"fr-FR\"},{\"@type\":\"Organization\",\"@id\":\"https:\/\/uncommonegg.com\/dayco\/fr\/#organization\",\"name\":\"Dayco Corporate\",\"alternateName\":\"Propulsion Solutions\",\"url\":\"https:\/\/uncommonegg.com\/dayco\/fr\/\",\"logo\":{\"@type\":\"ImageObject\",\"inLanguage\":\"fr-FR\",\"@id\":\"https:\/\/uncommonegg.com\/dayco\/fr\/#\/schema\/logo\/image\/\",\"url\":\"http:\/\/uncommonegg.com\/dayco\/wp-content\/uploads\/2024\/01\/PS-Logo-SEO2.jpg\",\"contentUrl\":\"http:\/\/uncommonegg.com\/dayco\/wp-content\/uploads\/2024\/01\/PS-Logo-SEO2.jpg\",\"width\":696,\"height\":696,\"caption\":\"Dayco Corporate\"},\"image\":{\"@id\":\"https:\/\/uncommonegg.com\/dayco\/fr\/#\/schema\/logo\/image\/\"},\"sameAs\":[\"https:\/\/www.facebook.com\/DaycoOfficial\/\",\"https:\/\/twitter.com\/DaycoOfficial\",\"https:\/\/www.instagram.com\/daycoofficial\/\",\"https:\/\/www.linkedin.com\/company\/daycoofficial\/\",\"https:\/\/www.youtube.com\/DaycoOfficial\",\"https:\/\/en.wikipedia.org\/wiki\/Dayco\"]}]}<\/script>\n<meta property=\"product:brand\" content=\"Solution Syst\u00e8me Hybride\" \/>\n<meta property=\"product:price:amount\" content=\"0.00\" \/>\n<meta property=\"product:price:currency\" content=\"EUR\" \/>\n<meta property=\"og:availability\" content=\"instock\" \/>\n<meta property=\"product:availability\" content=\"instock\" \/>\n<meta property=\"product:retailer_item_id\" content=\"DHMP2\" \/>\n<meta property=\"product:condition\" content=\"new\" \/>\n<!-- \/ Yoast SEO plugin. -->","yoast_head_json":{"title":"Dayco Hybrid Module - P2 | Propulsion Solutions","description":"Le module hybride Dayco pour l\u2019architecture hybride P2 am\u00e9liore les performances et la fiabilit\u00e9 du syst\u00e8me en r\u00e9duisant les vibrations du moteur et le bruit","robots":{"index":"noindex","follow":"follow","max-snippet":"max-snippet:-1","max-image-preview":"max-image-preview:large","max-video-preview":"max-video-preview:-1"},"og_locale":"fr_FR","og_type":"article","og_title":"Dayco Hybrid Module - P2 | Propulsion Solutions","og_description":"Le module hybride Dayco pour l\u2019architecture hybride P2 am\u00e9liore les performances et la fiabilit\u00e9 du syst\u00e8me en r\u00e9duisant les vibrations du moteur et le bruit","og_url":"https:\/\/uncommonegg.com\/dayco\/fr\/produit\/dayco-hybrid-module-p2\/","og_site_name":"Propulsion Solutions","article_publisher":"https:\/\/www.facebook.com\/DaycoOfficial\/","article_modified_time":"2022-03-25T11:55:10+00:00","og_image":[{"width":609,"height":356,"url":"https:\/\/uncommonegg.com\/dayco\/wp-content\/uploads\/2022\/03\/Hybrid-P2-3.jpg","type":"image\/jpeg"}],"twitter_card":"summary_large_image","twitter_site":"@DaycoOfficial","twitter_misc":{"Prix":"","Disponibilit\u00e9":"En stock"},"schema":{"@context":"https:\/\/schema.org","@graph":[{"@type":["WebPage","ItemPage"],"@id":"https:\/\/uncommonegg.com\/dayco\/fr\/produit\/dayco-hybrid-module-p2\/","url":"https:\/\/uncommonegg.com\/dayco\/fr\/produit\/dayco-hybrid-module-p2\/","name":"Dayco Hybrid Module - P2 | Propulsion Solutions","isPartOf":{"@id":"https:\/\/uncommonegg.com\/dayco\/fr\/#website"},"primaryImageOfPage":{"@id":"https:\/\/uncommonegg.com\/dayco\/fr\/produit\/dayco-hybrid-module-p2\/#primaryimage"},"image":{"@id":"https:\/\/uncommonegg.com\/dayco\/fr\/produit\/dayco-hybrid-module-p2\/#primaryimage"},"thumbnailUrl":"https:\/\/uncommonegg.com\/dayco\/wp-content\/uploads\/2022\/03\/Hybrid-P2-3.jpg","datePublished":"2022-03-17T08:34:44+00:00","dateModified":"2022-03-25T11:55:10+00:00","description":"Le module hybride Dayco pour l\u2019architecture hybride P2 am\u00e9liore les performances et la fiabilit\u00e9 du syst\u00e8me en r\u00e9duisant les vibrations du moteur et le bruit","breadcrumb":{"@id":"https:\/\/uncommonegg.com\/dayco\/fr\/produit\/dayco-hybrid-module-p2\/#breadcrumb"},"inLanguage":"fr-FR","potentialAction":[{"@type":"ReadAction","target":["https:\/\/uncommonegg.com\/dayco\/fr\/produit\/dayco-hybrid-module-p2\/"]}]},{"@type":"ImageObject","inLanguage":"fr-FR","@id":"https:\/\/uncommonegg.com\/dayco\/fr\/produit\/dayco-hybrid-module-p2\/#primaryimage","url":"https:\/\/uncommonegg.com\/dayco\/wp-content\/uploads\/2022\/03\/Hybrid-P2-3.jpg","contentUrl":"https:\/\/uncommonegg.com\/dayco\/wp-content\/uploads\/2022\/03\/Hybrid-P2-3.jpg","width":609,"height":356},{"@type":"BreadcrumbList","@id":"https:\/\/uncommonegg.com\/dayco\/fr\/produit\/dayco-hybrid-module-p2\/#breadcrumb","itemListElement":[{"@type":"ListItem","position":1,"name":"Accueil","item":"https:\/\/uncommonegg.com\/dayco\/fr\/home\/"},{"@type":"ListItem","position":2,"name":"Produits","item":"https:\/\/uncommonegg.com\/dayco\/fr\/produits\/"},{"@type":"ListItem","position":3,"name":"Dayco Hybrid Module &#8211; P2"}]},{"@type":"WebSite","@id":"https:\/\/uncommonegg.com\/dayco\/fr\/#website","url":"https:\/\/uncommonegg.com\/dayco\/fr\/","name":"Propulsion Solutions","description":"Move Forward. Always.\u2122","publisher":{"@id":"https:\/\/uncommonegg.com\/dayco\/fr\/#organization"},"alternateName":"Propulsion Solutions","potentialAction":[{"@type":"SearchAction","target":{"@type":"EntryPoint","urlTemplate":"https:\/\/uncommonegg.com\/dayco\/fr\/?s={search_term_string}"},"query-input":"required name=search_term_string"}],"inLanguage":"fr-FR"},{"@type":"Organization","@id":"https:\/\/uncommonegg.com\/dayco\/fr\/#organization","name":"Dayco Corporate","alternateName":"Propulsion Solutions","url":"https:\/\/uncommonegg.com\/dayco\/fr\/","logo":{"@type":"ImageObject","inLanguage":"fr-FR","@id":"https:\/\/uncommonegg.com\/dayco\/fr\/#\/schema\/logo\/image\/","url":"http:\/\/uncommonegg.com\/dayco\/wp-content\/uploads\/2024\/01\/PS-Logo-SEO2.jpg","contentUrl":"http:\/\/uncommonegg.com\/dayco\/wp-content\/uploads\/2024\/01\/PS-Logo-SEO2.jpg","width":696,"height":696,"caption":"Dayco Corporate"},"image":{"@id":"https:\/\/uncommonegg.com\/dayco\/fr\/#\/schema\/logo\/image\/"},"sameAs":["https:\/\/www.facebook.com\/DaycoOfficial\/","https:\/\/twitter.com\/DaycoOfficial","https:\/\/www.instagram.com\/daycoofficial\/","https:\/\/www.linkedin.com\/company\/daycoofficial\/","https:\/\/www.youtube.com\/DaycoOfficial","https:\/\/en.wikipedia.org\/wiki\/Dayco"]}]},"product_brand":"Solution Syst\u00e8me Hybride","product_price_amount":"0.00","product_price_currency":"EUR","og_availability":"instock","product_availability":"instock","product_retailer_item_id":"DHMP2","product_condition":"new"},"_links":{"self":[{"href":"https:\/\/uncommonegg.com\/dayco\/fr\/wp-json\/wp\/v2\/product\/114997"}],"collection":[{"href":"https:\/\/uncommonegg.com\/dayco\/fr\/wp-json\/wp\/v2\/product"}],"about":[{"href":"https:\/\/uncommonegg.com\/dayco\/fr\/wp-json\/wp\/v2\/types\/product"}],"wp:featuredmedia":[{"embeddable":true,"href":"https:\/\/uncommonegg.com\/dayco\/fr\/wp-json\/wp\/v2\/media\/114809"}],"wp:attachment":[{"href":"https:\/\/uncommonegg.com\/dayco\/fr\/wp-json\/wp\/v2\/media?parent=114997"}],"wp:term":[{"taxonomy":"product_cat","embeddable":true,"href":"https:\/\/uncommonegg.com\/dayco\/fr\/wp-json\/wp\/v2\/product_cat?post=114997"},{"taxonomy":"product_tag","embeddable":true,"href":"https:\/\/uncommonegg.com\/dayco\/fr\/wp-json\/wp\/v2\/product_tag?post=114997"}],"curies":[{"name":"wp","href":"https:\/\/api.w.org\/{rel}","templated":true}]}}