{"id":114983,"date":"2022-03-17T09:34:48","date_gmt":"2022-03-17T08:34:48","guid":{"rendered":"http:\/\/uncommonegg.com\/dayco\/product\/bsg-mild-hybrid-solution-p0\/"},"modified":"2022-03-25T12:54:48","modified_gmt":"2022-03-25T11:54:48","slug":"bsg-mild-hybrid-solution-p0","status":"publish","type":"product","link":"https:\/\/uncommonegg.com\/dayco\/fr\/produit\/bsg-mild-hybrid-solution-p0\/","title":{"rendered":"BSG Mild Hybrid Solution &#8211; P0"},"content":{"rendered":"<p><strong>Applications: <\/strong>Voitures de tourisme, hautes performances et haut de gamme, v\u00e9hicules commerciaux l\u00e9gers, v\u00e9hicules commerciaux moyens et lourds, engins agricoles et mat\u00e9riel de construction<\/p>\n<p><img loading=\"lazy\" decoding=\"async\" class=\"size-full wp-image-114432 alignright\" src=\"http:\/\/uncommonegg.com\/dayco\/wp-content\/uploads\/2022\/02\/hybrid-dayco-logo-mini.jpg\" alt=\"Hybrid Dayco Logo Mini\" width=\"200\" height=\"175\" \/>Dayco est un leader de march\u00e9 qui fournit des composants et des sous-syst\u00e8mes pour groupes motopropulseurs BSG Mild Hybrid, \u00e9galement connus comme Architecture P0, depuis plus de 10 ans. Pendant cette p\u00e9riode, Dayco s\u2019est impos\u00e9e en tant que leader technologique et partenaire privil\u00e9gi\u00e9 en mesure d\u2019offrir des syst\u00e8mes \u00e9cologiques et \u00e9conomiques pour v\u00e9hicules hybrides P0 qui alimentent des voitures de tourisme haut de gamme et des v\u00e9hicules commerciaux l\u00e9gers dans le monde entier.<\/p>\n<p>Pour am\u00e9liorer constamment l\u2019\u00e9conomie de carburant, la durabilit\u00e9 des syst\u00e8mes hybrides P0 et la r\u00e9duction de l\u2019empreinte \u00e9cologique, Dayco fournit des solutions compl\u00e8tement int\u00e9gr\u00e9es pour l&rsquo;hybridation, l\u2019optimisation de la logique de contr\u00f4le des performances des voitures \u00e9lectriques, ainsi que pour la r\u00e9alisation d\u2019une gestion smart de syst\u00e8me qui r\u00e9duit les \u00e9missions de CO2. Cette technologie de propulsion de pointe et l\u2019assistance apr\u00e8s-vente d\u00e9di\u00e9e font de Dayco un int\u00e9grateur de syst\u00e8mes qui offre une valeur ajout\u00e9e \u00e0 ses clients et les aide \u00e0 r\u00e9aliser leurs objectifs de faibles \u00e9missions de carbone.<\/p>\n<p>Dayco r\u00e9pond aux exigences des constructeurs de v\u00e9hicules les plus importants et est la seule marque qui offre un paquet de solutions compl\u00e8tes haut de gamme de transmission accessoire en face avant (FEAD) pour les v\u00e9hicules hybrides et \u00e0 moteur \u00e0 combustion interne (ICE), avec une vaste gamme de d\u00e9coupleurs, amortisseurs, tendeurs, galets tendeurs\/poulies, courroies et syst\u00e8mes hybrides \u00e0 un seul et m\u00eame endroit et des comp\u00e9tences en R&amp;D \u00e0 l\u2019\u00e9chelle mondiale et des implantations industrielles locales.<\/p>\n<p><strong>Caract\u00e9ristiques\/avantages:<\/strong><\/p>\n<ul>\n<li>Optimisation des r\u00e9sultats dans un syst\u00e8me BSG tr\u00e8s efficace<\/li>\n<li>Produit de pointe et durable qui permet de r\u00e9duire le bruit, les vibrations et les secousses<\/li>\n<li>Performance accrue du syst\u00e8me et r\u00e9duction de l\u2019empreinte \u00e9cologique (CO2) avec des \u00e9conomies de carburant jusqu\u2019\u00e0 12 %*<\/li>\n<li>Solution de syst\u00e8me hybride P0 haut de gamme et \u00e9prouv\u00e9e avec une empreinte concurrentielle et un approvisionnement mondial<\/li>\n<li>Dur\u00e9e de vie accrue des composants de la transmission accessoire qui se traduisent dans une plus grande dur\u00e9e de fonctionnement du syst\u00e8me<\/li>\n<li>Co\u00fbt total de possession r\u00e9duit<\/li>\n<\/ul>\n<p><strong>Valeur ajout\u00e9e pour les consommateurs:<\/strong><\/p>\n<ul>\n<li>Dayco en tant que fournisseur de solutions int\u00e9gr\u00e9es et compl\u00e8tes permet des \u00e9conomies ult\u00e9rieures moyennes de CO2\u00a0et fait une analyse compl\u00e8te des v\u00e9hicules comprenant l\u2019optimisation de la logique de contr\u00f4le<\/li>\n<li>Comp\u00e9tences R&amp;D et de test \u00e0 l\u2019\u00e9chelle mondiale avec des implantations industrielles locales<\/li>\n<li>Approche bas\u00e9e sur un nouveau mod\u00e8le de gestion du flux d\u2019\u00e9nergie dans les architectures hybrides Px<\/li>\n<li>Dayco, en collaboration avec ses partenaires strat\u00e9giques, g\u00e8re le contr\u00f4le de l\u2019\u00e9nergie des v\u00e9hicules mild hybrid<\/li>\n<li>Fournisseur de syst\u00e8mes hybrides P0 \u00e9prouv\u00e9s des constructeurs de moteurs et v\u00e9hicules les plus importants dans le monde entier<\/li>\n<\/ul>\n","protected":false},"excerpt":{"rendered":"<p>Applications: Voitures de tourisme, hautes performances et haut de gamme, v\u00e9hicules commerciaux l\u00e9gers, v\u00e9hicules commerciaux moyens et lourds, engins agricoles et mat\u00e9riel de construction Dayco est un leader de march\u00e9 qui fournit des composants et des sous-syst\u00e8mes pour groupes motopropulseurs BSG Mild Hybrid, \u00e9galement connus comme Architecture P0, depuis plus de 10 ans. Pendant cette p\u00e9riode, Dayco s\u2019est impos\u00e9e en tant que leader technologique et&#8230;<\/p>\n","protected":false},"featured_media":114753,"template":"","meta":[],"product_cat":[3517],"product_tag":[],"yoast_head":"<!-- This site is optimized with the Yoast SEO plugin v22.4 - https:\/\/yoast.com\/wordpress\/plugins\/seo\/ -->\n<title>BSG Mild Hybrid Solution - P0 | Propulsion Solutions<\/title>\n<meta name=\"description\" content=\"Dayco est un leader de march\u00e9 qui fournit des composants et des sous-syst\u00e8mes pour groupes motopropulseurs BSG Mild Hybrid, \u00e9galement connus comme Architecture P0\" \/>\n<meta name=\"robots\" content=\"noindex, follow, max-snippet:-1, max-image-preview:large, max-video-preview:-1\" \/>\n<meta property=\"og:locale\" content=\"fr_FR\" \/>\n<meta property=\"og:type\" content=\"article\" \/>\n<meta property=\"og:title\" content=\"BSG Mild Hybrid Solution - P0 | Propulsion Solutions\" \/>\n<meta property=\"og:description\" content=\"Dayco est un leader de march\u00e9 qui fournit des composants et des sous-syst\u00e8mes pour groupes motopropulseurs BSG Mild Hybrid, \u00e9galement connus comme Architecture P0\" \/>\n<meta property=\"og:url\" content=\"https:\/\/uncommonegg.com\/dayco\/fr\/produit\/bsg-mild-hybrid-solution-p0\/\" \/>\n<meta property=\"og:site_name\" content=\"Propulsion Solutions\" \/>\n<meta property=\"article:publisher\" content=\"https:\/\/www.facebook.com\/DaycoOfficial\/\" \/>\n<meta property=\"article:modified_time\" content=\"2022-03-25T11:54:48+00:00\" \/>\n<meta property=\"og:image\" content=\"https:\/\/uncommonegg.com\/dayco\/wp-content\/uploads\/2022\/03\/Hybrid-P0-4.jpg\" \/>\n\t<meta property=\"og:image:width\" content=\"609\" \/>\n\t<meta property=\"og:image:height\" content=\"356\" \/>\n\t<meta property=\"og:image:type\" content=\"image\/jpeg\" \/>\n<meta name=\"twitter:card\" content=\"summary_large_image\" \/>\n<meta name=\"twitter:site\" content=\"@DaycoOfficial\" \/>\n<meta name=\"twitter:label1\" content=\"Prix\" \/>\n\t<meta name=\"twitter:data1\" content=\"\" \/>\n\t<meta name=\"twitter:label2\" content=\"Disponibilit\u00e9\" \/>\n\t<meta name=\"twitter:data2\" content=\"En stock\" \/>\n<script type=\"application\/ld+json\" class=\"yoast-schema-graph\">{\"@context\":\"https:\/\/schema.org\",\"@graph\":[{\"@type\":[\"WebPage\",\"ItemPage\"],\"@id\":\"https:\/\/uncommonegg.com\/dayco\/fr\/produit\/bsg-mild-hybrid-solution-p0\/\",\"url\":\"https:\/\/uncommonegg.com\/dayco\/fr\/produit\/bsg-mild-hybrid-solution-p0\/\",\"name\":\"BSG Mild Hybrid Solution - P0 | Propulsion Solutions\",\"isPartOf\":{\"@id\":\"https:\/\/uncommonegg.com\/dayco\/fr\/#website\"},\"primaryImageOfPage\":{\"@id\":\"https:\/\/uncommonegg.com\/dayco\/fr\/produit\/bsg-mild-hybrid-solution-p0\/#primaryimage\"},\"image\":{\"@id\":\"https:\/\/uncommonegg.com\/dayco\/fr\/produit\/bsg-mild-hybrid-solution-p0\/#primaryimage\"},\"thumbnailUrl\":\"https:\/\/uncommonegg.com\/dayco\/wp-content\/uploads\/2022\/03\/Hybrid-P0-4.jpg\",\"datePublished\":\"2022-03-17T08:34:48+00:00\",\"dateModified\":\"2022-03-25T11:54:48+00:00\",\"description\":\"Dayco est un leader de march\u00e9 qui fournit des composants et des sous-syst\u00e8mes pour groupes motopropulseurs BSG Mild Hybrid, \u00e9galement connus comme Architecture P0\",\"breadcrumb\":{\"@id\":\"https:\/\/uncommonegg.com\/dayco\/fr\/produit\/bsg-mild-hybrid-solution-p0\/#breadcrumb\"},\"inLanguage\":\"fr-FR\",\"potentialAction\":[{\"@type\":\"ReadAction\",\"target\":[\"https:\/\/uncommonegg.com\/dayco\/fr\/produit\/bsg-mild-hybrid-solution-p0\/\"]}]},{\"@type\":\"ImageObject\",\"inLanguage\":\"fr-FR\",\"@id\":\"https:\/\/uncommonegg.com\/dayco\/fr\/produit\/bsg-mild-hybrid-solution-p0\/#primaryimage\",\"url\":\"https:\/\/uncommonegg.com\/dayco\/wp-content\/uploads\/2022\/03\/Hybrid-P0-4.jpg\",\"contentUrl\":\"https:\/\/uncommonegg.com\/dayco\/wp-content\/uploads\/2022\/03\/Hybrid-P0-4.jpg\",\"width\":609,\"height\":356},{\"@type\":\"BreadcrumbList\",\"@id\":\"https:\/\/uncommonegg.com\/dayco\/fr\/produit\/bsg-mild-hybrid-solution-p0\/#breadcrumb\",\"itemListElement\":[{\"@type\":\"ListItem\",\"position\":1,\"name\":\"Accueil\",\"item\":\"https:\/\/uncommonegg.com\/dayco\/fr\/home\/\"},{\"@type\":\"ListItem\",\"position\":2,\"name\":\"Produits\",\"item\":\"https:\/\/uncommonegg.com\/dayco\/fr\/produits\/\"},{\"@type\":\"ListItem\",\"position\":3,\"name\":\"BSG Mild Hybrid Solution &#8211; P0\"}]},{\"@type\":\"WebSite\",\"@id\":\"https:\/\/uncommonegg.com\/dayco\/fr\/#website\",\"url\":\"https:\/\/uncommonegg.com\/dayco\/fr\/\",\"name\":\"Propulsion Solutions\",\"description\":\"Move Forward. Always.\u2122\",\"publisher\":{\"@id\":\"https:\/\/uncommonegg.com\/dayco\/fr\/#organization\"},\"alternateName\":\"Propulsion Solutions\",\"potentialAction\":[{\"@type\":\"SearchAction\",\"target\":{\"@type\":\"EntryPoint\",\"urlTemplate\":\"https:\/\/uncommonegg.com\/dayco\/fr\/?s={search_term_string}\"},\"query-input\":\"required name=search_term_string\"}],\"inLanguage\":\"fr-FR\"},{\"@type\":\"Organization\",\"@id\":\"https:\/\/uncommonegg.com\/dayco\/fr\/#organization\",\"name\":\"Dayco Corporate\",\"alternateName\":\"Propulsion Solutions\",\"url\":\"https:\/\/uncommonegg.com\/dayco\/fr\/\",\"logo\":{\"@type\":\"ImageObject\",\"inLanguage\":\"fr-FR\",\"@id\":\"https:\/\/uncommonegg.com\/dayco\/fr\/#\/schema\/logo\/image\/\",\"url\":\"http:\/\/uncommonegg.com\/dayco\/wp-content\/uploads\/2024\/01\/PS-Logo-SEO2.jpg\",\"contentUrl\":\"http:\/\/uncommonegg.com\/dayco\/wp-content\/uploads\/2024\/01\/PS-Logo-SEO2.jpg\",\"width\":696,\"height\":696,\"caption\":\"Dayco Corporate\"},\"image\":{\"@id\":\"https:\/\/uncommonegg.com\/dayco\/fr\/#\/schema\/logo\/image\/\"},\"sameAs\":[\"https:\/\/www.facebook.com\/DaycoOfficial\/\",\"https:\/\/twitter.com\/DaycoOfficial\",\"https:\/\/www.instagram.com\/daycoofficial\/\",\"https:\/\/www.linkedin.com\/company\/daycoofficial\/\",\"https:\/\/www.youtube.com\/DaycoOfficial\",\"https:\/\/en.wikipedia.org\/wiki\/Dayco\"]}]}<\/script>\n<meta property=\"product:brand\" content=\"Solution Syst\u00e8me Hybride\" \/>\n<meta property=\"product:price:amount\" content=\"0.00\" \/>\n<meta property=\"product:price:currency\" content=\"EUR\" \/>\n<meta property=\"og:availability\" content=\"instock\" \/>\n<meta property=\"product:availability\" content=\"instock\" \/>\n<meta property=\"product:retailer_item_id\" content=\"BSGP0\" \/>\n<meta property=\"product:condition\" content=\"new\" \/>\n<!-- \/ Yoast SEO plugin. -->","yoast_head_json":{"title":"BSG Mild Hybrid Solution - P0 | Propulsion Solutions","description":"Dayco est un leader de march\u00e9 qui fournit des composants et des sous-syst\u00e8mes pour groupes motopropulseurs BSG Mild Hybrid, \u00e9galement connus comme Architecture P0","robots":{"index":"noindex","follow":"follow","max-snippet":"max-snippet:-1","max-image-preview":"max-image-preview:large","max-video-preview":"max-video-preview:-1"},"og_locale":"fr_FR","og_type":"article","og_title":"BSG Mild Hybrid Solution - P0 | Propulsion Solutions","og_description":"Dayco est un leader de march\u00e9 qui fournit des composants et des sous-syst\u00e8mes pour groupes motopropulseurs BSG Mild Hybrid, \u00e9galement connus comme Architecture P0","og_url":"https:\/\/uncommonegg.com\/dayco\/fr\/produit\/bsg-mild-hybrid-solution-p0\/","og_site_name":"Propulsion Solutions","article_publisher":"https:\/\/www.facebook.com\/DaycoOfficial\/","article_modified_time":"2022-03-25T11:54:48+00:00","og_image":[{"width":609,"height":356,"url":"https:\/\/uncommonegg.com\/dayco\/wp-content\/uploads\/2022\/03\/Hybrid-P0-4.jpg","type":"image\/jpeg"}],"twitter_card":"summary_large_image","twitter_site":"@DaycoOfficial","twitter_misc":{"Prix":"","Disponibilit\u00e9":"En stock"},"schema":{"@context":"https:\/\/schema.org","@graph":[{"@type":["WebPage","ItemPage"],"@id":"https:\/\/uncommonegg.com\/dayco\/fr\/produit\/bsg-mild-hybrid-solution-p0\/","url":"https:\/\/uncommonegg.com\/dayco\/fr\/produit\/bsg-mild-hybrid-solution-p0\/","name":"BSG Mild Hybrid Solution - P0 | Propulsion Solutions","isPartOf":{"@id":"https:\/\/uncommonegg.com\/dayco\/fr\/#website"},"primaryImageOfPage":{"@id":"https:\/\/uncommonegg.com\/dayco\/fr\/produit\/bsg-mild-hybrid-solution-p0\/#primaryimage"},"image":{"@id":"https:\/\/uncommonegg.com\/dayco\/fr\/produit\/bsg-mild-hybrid-solution-p0\/#primaryimage"},"thumbnailUrl":"https:\/\/uncommonegg.com\/dayco\/wp-content\/uploads\/2022\/03\/Hybrid-P0-4.jpg","datePublished":"2022-03-17T08:34:48+00:00","dateModified":"2022-03-25T11:54:48+00:00","description":"Dayco est un leader de march\u00e9 qui fournit des composants et des sous-syst\u00e8mes pour groupes motopropulseurs BSG Mild Hybrid, \u00e9galement connus comme Architecture P0","breadcrumb":{"@id":"https:\/\/uncommonegg.com\/dayco\/fr\/produit\/bsg-mild-hybrid-solution-p0\/#breadcrumb"},"inLanguage":"fr-FR","potentialAction":[{"@type":"ReadAction","target":["https:\/\/uncommonegg.com\/dayco\/fr\/produit\/bsg-mild-hybrid-solution-p0\/"]}]},{"@type":"ImageObject","inLanguage":"fr-FR","@id":"https:\/\/uncommonegg.com\/dayco\/fr\/produit\/bsg-mild-hybrid-solution-p0\/#primaryimage","url":"https:\/\/uncommonegg.com\/dayco\/wp-content\/uploads\/2022\/03\/Hybrid-P0-4.jpg","contentUrl":"https:\/\/uncommonegg.com\/dayco\/wp-content\/uploads\/2022\/03\/Hybrid-P0-4.jpg","width":609,"height":356},{"@type":"BreadcrumbList","@id":"https:\/\/uncommonegg.com\/dayco\/fr\/produit\/bsg-mild-hybrid-solution-p0\/#breadcrumb","itemListElement":[{"@type":"ListItem","position":1,"name":"Accueil","item":"https:\/\/uncommonegg.com\/dayco\/fr\/home\/"},{"@type":"ListItem","position":2,"name":"Produits","item":"https:\/\/uncommonegg.com\/dayco\/fr\/produits\/"},{"@type":"ListItem","position":3,"name":"BSG Mild Hybrid Solution &#8211; P0"}]},{"@type":"WebSite","@id":"https:\/\/uncommonegg.com\/dayco\/fr\/#website","url":"https:\/\/uncommonegg.com\/dayco\/fr\/","name":"Propulsion Solutions","description":"Move Forward. Always.\u2122","publisher":{"@id":"https:\/\/uncommonegg.com\/dayco\/fr\/#organization"},"alternateName":"Propulsion Solutions","potentialAction":[{"@type":"SearchAction","target":{"@type":"EntryPoint","urlTemplate":"https:\/\/uncommonegg.com\/dayco\/fr\/?s={search_term_string}"},"query-input":"required name=search_term_string"}],"inLanguage":"fr-FR"},{"@type":"Organization","@id":"https:\/\/uncommonegg.com\/dayco\/fr\/#organization","name":"Dayco Corporate","alternateName":"Propulsion Solutions","url":"https:\/\/uncommonegg.com\/dayco\/fr\/","logo":{"@type":"ImageObject","inLanguage":"fr-FR","@id":"https:\/\/uncommonegg.com\/dayco\/fr\/#\/schema\/logo\/image\/","url":"http:\/\/uncommonegg.com\/dayco\/wp-content\/uploads\/2024\/01\/PS-Logo-SEO2.jpg","contentUrl":"http:\/\/uncommonegg.com\/dayco\/wp-content\/uploads\/2024\/01\/PS-Logo-SEO2.jpg","width":696,"height":696,"caption":"Dayco Corporate"},"image":{"@id":"https:\/\/uncommonegg.com\/dayco\/fr\/#\/schema\/logo\/image\/"},"sameAs":["https:\/\/www.facebook.com\/DaycoOfficial\/","https:\/\/twitter.com\/DaycoOfficial","https:\/\/www.instagram.com\/daycoofficial\/","https:\/\/www.linkedin.com\/company\/daycoofficial\/","https:\/\/www.youtube.com\/DaycoOfficial","https:\/\/en.wikipedia.org\/wiki\/Dayco"]}]},"product_brand":"Solution Syst\u00e8me Hybride","product_price_amount":"0.00","product_price_currency":"EUR","og_availability":"instock","product_availability":"instock","product_retailer_item_id":"BSGP0","product_condition":"new"},"_links":{"self":[{"href":"https:\/\/uncommonegg.com\/dayco\/fr\/wp-json\/wp\/v2\/product\/114983"}],"collection":[{"href":"https:\/\/uncommonegg.com\/dayco\/fr\/wp-json\/wp\/v2\/product"}],"about":[{"href":"https:\/\/uncommonegg.com\/dayco\/fr\/wp-json\/wp\/v2\/types\/product"}],"wp:featuredmedia":[{"embeddable":true,"href":"https:\/\/uncommonegg.com\/dayco\/fr\/wp-json\/wp\/v2\/media\/114753"}],"wp:attachment":[{"href":"https:\/\/uncommonegg.com\/dayco\/fr\/wp-json\/wp\/v2\/media?parent=114983"}],"wp:term":[{"taxonomy":"product_cat","embeddable":true,"href":"https:\/\/uncommonegg.com\/dayco\/fr\/wp-json\/wp\/v2\/product_cat?post=114983"},{"taxonomy":"product_tag","embeddable":true,"href":"https:\/\/uncommonegg.com\/dayco\/fr\/wp-json\/wp\/v2\/product_tag?post=114983"}],"curies":[{"name":"wp","href":"https:\/\/api.w.org\/{rel}","templated":true}]}}