{"id":9317,"date":"2018-05-24T20:44:19","date_gmt":"2018-05-24T18:44:19","guid":{"rendered":"http:\/\/uncommonegg.com\/dayco\/open-positions\/"},"modified":"2022-08-11T00:04:43","modified_gmt":"2022-08-10T22:04:43","slug":"offres-demploi","status":"publish","type":"page","link":"https:\/\/uncommonegg.com\/dayco\/fr\/offres-demploi\/","title":{"rendered":"Offres d\u2019Emploi"},"content":{"rendered":"[vc_row type=\u00a0\u00bbin_container\u00a0\u00bb full_screen_row_position=\u00a0\u00bbmiddle\u00a0\u00bb scene_position=\u00a0\u00bbcenter\u00a0\u00bb text_color=\u00a0\u00bbdark\u00a0\u00bb text_align=\u00a0\u00bbleft\u00a0\u00bb top_padding=\u00a0\u00bb40&Prime; overlay_strength=\u00a0\u00bb0.3&Prime; shape_divider_position=\u00a0\u00bbbottom\u00a0\u00bb bg_image_animation=\u00a0\u00bbnone\u00a0\u00bb shape_type=\u00a0\u00bb\u00a0\u00bb][vc_column column_padding=\u00a0\u00bbno-extra-padding\u00a0\u00bb column_padding_position=\u00a0\u00bball\u00a0\u00bb background_color_opacity=\u00a0\u00bb1&Prime; background_hover_color_opacity=\u00a0\u00bb1&Prime; column_link_target=\u00a0\u00bb_self\u00a0\u00bb column_shadow=\u00a0\u00bbnone\u00a0\u00bb column_border_radius=\u00a0\u00bbnone\u00a0\u00bb width=\u00a0\u00bb1\/1&Prime; tablet_width_inherit=\u00a0\u00bbdefault\u00a0\u00bb tablet_text_alignment=\u00a0\u00bbdefault\u00a0\u00bb phone_text_alignment=\u00a0\u00bbdefault\u00a0\u00bb column_border_width=\u00a0\u00bbnone\u00a0\u00bb column_border_style=\u00a0\u00bbsolid\u00a0\u00bb bg_image_animation=\u00a0\u00bbnone\u00a0\u00bb][vc_column_text]La mission de Dayco est d&rsquo;am\u00e9liorer la fa\u00e7on dont le monde se d\u00e9place, chaque jour. Cette importante mission demande des personnes talentueuses et passionn\u00e9es, qui souhaitent s\u2019impliquer et faire partie d\u2019un tout, au-del\u00e0 des produits et syst\u00e8mes que nous concevons et produisons. Continuons d\u2019am\u00e9liorer la fa\u00e7on dont le monde se d\u00e9place.[\/vc_column_text][\/vc_column][\/vc_row][vc_row type=\u00a0\u00bbin_container\u00a0\u00bb full_screen_row_position=\u00a0\u00bbmiddle\u00a0\u00bb scene_position=\u00a0\u00bbcenter\u00a0\u00bb text_color=\u00a0\u00bbdark\u00a0\u00bb text_align=\u00a0\u00bbleft\u00a0\u00bb bottom_padding=\u00a0\u00bb30&Prime; overlay_strength=\u00a0\u00bb0.3&Prime; shape_divider_position=\u00a0\u00bbbottom\u00a0\u00bb bg_image_animation=\u00a0\u00bbnone\u00a0\u00bb shape_type=\u00a0\u00bb\u00a0\u00bb][vc_column column_padding=\u00a0\u00bbno-extra-padding\u00a0\u00bb column_padding_position=\u00a0\u00bball\u00a0\u00bb background_color_opacity=\u00a0\u00bb1&Prime; background_hover_color_opacity=\u00a0\u00bb1&Prime; column_link_target=\u00a0\u00bb_self\u00a0\u00bb column_shadow=\u00a0\u00bbnone\u00a0\u00bb column_border_radius=\u00a0\u00bbnone\u00a0\u00bb width=\u00a0\u00bb1\/1&Prime; tablet_width_inherit=\u00a0\u00bbdefault\u00a0\u00bb tablet_text_alignment=\u00a0\u00bbdefault\u00a0\u00bb phone_text_alignment=\u00a0\u00bbdefault\u00a0\u00bb column_border_width=\u00a0\u00bbnone\u00a0\u00bb column_border_style=\u00a0\u00bbsolid\u00a0\u00bb bg_image_animation=\u00a0\u00bbnone\u00a0\u00bb][vc_raw_html]W2pvYnBvc3Rd[\/vc_raw_html][\/vc_column][\/vc_row]\n","protected":false},"excerpt":{"rendered":"<p>[vc_row type=\u00a0\u00bbin_container\u00a0\u00bb full_screen_row_position=\u00a0\u00bbmiddle\u00a0\u00bb scene_position=\u00a0\u00bbcenter\u00a0\u00bb text_color=\u00a0\u00bbdark\u00a0\u00bb text_align=\u00a0\u00bbleft\u00a0\u00bb top_padding=\u00a0\u00bb40&Prime; overlay_strength=\u00a0\u00bb0.3&Prime; shape_divider_position=\u00a0\u00bbbottom\u00a0\u00bb bg_image_animation=\u00a0\u00bbnone\u00a0\u00bb shape_type=\u00a0\u00bb\u00a0\u00bb][vc_column column_padding=\u00a0\u00bbno-extra-padding\u00a0\u00bb column_padding_position=\u00a0\u00bball\u00a0\u00bb background_color_opacity=\u00a0\u00bb1&Prime; background_hover_color_opacity=\u00a0\u00bb1&Prime; column_link_target=\u00a0\u00bb_self\u00a0\u00bb column_shadow=\u00a0\u00bbnone\u00a0\u00bb column_border_radius=\u00a0\u00bbnone\u00a0\u00bb width=\u00a0\u00bb1\/1&Prime; tablet_width_inherit=\u00a0\u00bbdefault\u00a0\u00bb tablet_text_alignment=\u00a0\u00bbdefault\u00a0\u00bb phone_text_alignment=\u00a0\u00bbdefault\u00a0\u00bb column_border_width=\u00a0\u00bbnone\u00a0\u00bb column_border_style=\u00a0\u00bbsolid\u00a0\u00bb bg_image_animation=\u00a0\u00bbnone\u00a0\u00bb][vc_column_text]La mission de Dayco est d&rsquo;am\u00e9liorer la fa\u00e7on dont le monde se d\u00e9place, chaque jour. Cette importante mission demande des personnes talentueuses et passionn\u00e9es, qui souhaitent s\u2019impliquer et faire partie d\u2019un tout, au-del\u00e0 des produits et syst\u00e8mes que nous concevons et&#8230;<\/p>\n","protected":false},"author":1,"featured_media":120293,"parent":0,"menu_order":0,"comment_status":"closed","ping_status":"closed","template":"template-transparent-header.php","meta":{"footnotes":""},"yoast_head":"<!-- This site is optimized with the Yoast SEO plugin v22.4 - https:\/\/yoast.com\/wordpress\/plugins\/seo\/ -->\n<title>Offres d\u2019Emploi | Propulsion Solutions<\/title>\n<meta name=\"description\" content=\"Offres d\u2019emploi: nous recherchons des talents dynamiques, des personnes brillantes, un \u00e9tat d\u2019esprit mondial, pour rassembler les d\u00e9fis de l\u2019entreprise.\" \/>\n<meta name=\"robots\" content=\"noindex, follow, max-snippet:-1, max-image-preview:large, max-video-preview:-1\" \/>\n<meta property=\"og:locale\" content=\"fr_FR\" \/>\n<meta property=\"og:type\" content=\"article\" \/>\n<meta property=\"og:title\" content=\"Offres d\u2019Emploi | Propulsion Solutions\" \/>\n<meta property=\"og:description\" content=\"Nous recherchons des talents dynamiques, des personnes brillantes, un \u00e9tat d\u2019esprit mondial, pour rassembler les d\u00e9fis de l\u2019entreprise.\" \/>\n<meta property=\"og:url\" content=\"https:\/\/uncommonegg.com\/dayco\/fr\/offres-demploi\/\" \/>\n<meta property=\"og:site_name\" content=\"Propulsion Solutions\" \/>\n<meta property=\"article:publisher\" content=\"https:\/\/www.facebook.com\/DaycoOfficial\/\" \/>\n<meta property=\"article:modified_time\" content=\"2022-08-10T22:04:43+00:00\" \/>\n<meta property=\"og:image\" content=\"https:\/\/uncommonegg.com\/dayco\/wp-content\/uploads\/2022\/08\/dayco-job-openings-large-2022.jpg\" \/>\n\t<meta property=\"og:image:width\" content=\"1000\" \/>\n\t<meta property=\"og:image:height\" content=\"555\" \/>\n\t<meta property=\"og:image:type\" content=\"image\/jpeg\" \/>\n<meta name=\"twitter:card\" content=\"summary_large_image\" \/>\n<meta name=\"twitter:description\" content=\"Nous recherchons des talents dynamiques, des personnes brillantes, un \u00e9tat d\u2019esprit mondial, pour rassembler les d\u00e9fis de l\u2019entreprise.\" \/>\n<meta name=\"twitter:image\" content=\"https:\/\/uncommonegg.com\/dayco\/wp-content\/uploads\/2022\/08\/dayco-job-openings-large-2022.jpg\" \/>\n<meta name=\"twitter:site\" content=\"@DaycoOfficial\" \/>\n<meta name=\"twitter:label1\" content=\"Dur\u00e9e de lecture estim\u00e9e\" \/>\n\t<meta name=\"twitter:data1\" content=\"1 minute\" \/>\n<script type=\"application\/ld+json\" class=\"yoast-schema-graph\">{\"@context\":\"https:\/\/schema.org\",\"@graph\":[{\"@type\":\"WebPage\",\"@id\":\"https:\/\/uncommonegg.com\/dayco\/fr\/offres-demploi\/\",\"url\":\"https:\/\/uncommonegg.com\/dayco\/fr\/offres-demploi\/\",\"name\":\"Offres d\u2019Emploi | Propulsion Solutions\",\"isPartOf\":{\"@id\":\"https:\/\/uncommonegg.com\/dayco\/fr\/#website\"},\"primaryImageOfPage\":{\"@id\":\"https:\/\/uncommonegg.com\/dayco\/fr\/offres-demploi\/#primaryimage\"},\"image\":{\"@id\":\"https:\/\/uncommonegg.com\/dayco\/fr\/offres-demploi\/#primaryimage\"},\"thumbnailUrl\":\"https:\/\/uncommonegg.com\/dayco\/wp-content\/uploads\/2022\/08\/dayco-job-openings-large-2022.jpg\",\"datePublished\":\"2018-05-24T18:44:19+00:00\",\"dateModified\":\"2022-08-10T22:04:43+00:00\",\"description\":\"Offres d\u2019emploi: nous recherchons des talents dynamiques, des personnes brillantes, un \u00e9tat d\u2019esprit mondial, pour rassembler les d\u00e9fis de l\u2019entreprise.\",\"breadcrumb\":{\"@id\":\"https:\/\/uncommonegg.com\/dayco\/fr\/offres-demploi\/#breadcrumb\"},\"inLanguage\":\"fr-FR\",\"potentialAction\":[{\"@type\":\"ReadAction\",\"target\":[\"https:\/\/uncommonegg.com\/dayco\/fr\/offres-demploi\/\"]}]},{\"@type\":\"ImageObject\",\"inLanguage\":\"fr-FR\",\"@id\":\"https:\/\/uncommonegg.com\/dayco\/fr\/offres-demploi\/#primaryimage\",\"url\":\"https:\/\/uncommonegg.com\/dayco\/wp-content\/uploads\/2022\/08\/dayco-job-openings-large-2022.jpg\",\"contentUrl\":\"https:\/\/uncommonegg.com\/dayco\/wp-content\/uploads\/2022\/08\/dayco-job-openings-large-2022.jpg\",\"width\":1000,\"height\":555,\"caption\":\"Dayco Job Openings\"},{\"@type\":\"BreadcrumbList\",\"@id\":\"https:\/\/uncommonegg.com\/dayco\/fr\/offres-demploi\/#breadcrumb\",\"itemListElement\":[{\"@type\":\"ListItem\",\"position\":1,\"name\":\"Accueil\",\"item\":\"https:\/\/uncommonegg.com\/dayco\/fr\/home\/\"},{\"@type\":\"ListItem\",\"position\":2,\"name\":\"Offres d\u2019Emploi\"}]},{\"@type\":\"WebSite\",\"@id\":\"https:\/\/uncommonegg.com\/dayco\/fr\/#website\",\"url\":\"https:\/\/uncommonegg.com\/dayco\/fr\/\",\"name\":\"Propulsion Solutions\",\"description\":\"Move Forward. Always.\u2122\",\"publisher\":{\"@id\":\"https:\/\/uncommonegg.com\/dayco\/fr\/#organization\"},\"alternateName\":\"Propulsion Solutions\",\"potentialAction\":[{\"@type\":\"SearchAction\",\"target\":{\"@type\":\"EntryPoint\",\"urlTemplate\":\"https:\/\/uncommonegg.com\/dayco\/fr\/?s={search_term_string}\"},\"query-input\":\"required name=search_term_string\"}],\"inLanguage\":\"fr-FR\"},{\"@type\":\"Organization\",\"@id\":\"https:\/\/uncommonegg.com\/dayco\/fr\/#organization\",\"name\":\"Dayco Corporate\",\"alternateName\":\"Propulsion Solutions\",\"url\":\"https:\/\/uncommonegg.com\/dayco\/fr\/\",\"logo\":{\"@type\":\"ImageObject\",\"inLanguage\":\"fr-FR\",\"@id\":\"https:\/\/uncommonegg.com\/dayco\/fr\/#\/schema\/logo\/image\/\",\"url\":\"http:\/\/uncommonegg.com\/dayco\/wp-content\/uploads\/2024\/01\/PS-Logo-SEO2.jpg\",\"contentUrl\":\"http:\/\/uncommonegg.com\/dayco\/wp-content\/uploads\/2024\/01\/PS-Logo-SEO2.jpg\",\"width\":696,\"height\":696,\"caption\":\"Dayco Corporate\"},\"image\":{\"@id\":\"https:\/\/uncommonegg.com\/dayco\/fr\/#\/schema\/logo\/image\/\"},\"sameAs\":[\"https:\/\/www.facebook.com\/DaycoOfficial\/\",\"https:\/\/twitter.com\/DaycoOfficial\",\"https:\/\/www.instagram.com\/daycoofficial\/\",\"https:\/\/www.linkedin.com\/company\/daycoofficial\/\",\"https:\/\/www.youtube.com\/DaycoOfficial\",\"https:\/\/en.wikipedia.org\/wiki\/Dayco\"]}]}<\/script>\n<!-- \/ Yoast SEO plugin. -->","yoast_head_json":{"title":"Offres d\u2019Emploi | Propulsion Solutions","description":"Offres d\u2019emploi: nous recherchons des talents dynamiques, des personnes brillantes, un \u00e9tat d\u2019esprit mondial, pour rassembler les d\u00e9fis de l\u2019entreprise.","robots":{"index":"noindex","follow":"follow","max-snippet":"max-snippet:-1","max-image-preview":"max-image-preview:large","max-video-preview":"max-video-preview:-1"},"og_locale":"fr_FR","og_type":"article","og_title":"Offres d\u2019Emploi | Propulsion Solutions","og_description":"Nous recherchons des talents dynamiques, des personnes brillantes, un \u00e9tat d\u2019esprit mondial, pour rassembler les d\u00e9fis de l\u2019entreprise.","og_url":"https:\/\/uncommonegg.com\/dayco\/fr\/offres-demploi\/","og_site_name":"Propulsion Solutions","article_publisher":"https:\/\/www.facebook.com\/DaycoOfficial\/","article_modified_time":"2022-08-10T22:04:43+00:00","og_image":[{"width":1000,"height":555,"url":"https:\/\/uncommonegg.com\/dayco\/wp-content\/uploads\/2022\/08\/dayco-job-openings-large-2022.jpg","type":"image\/jpeg"}],"twitter_card":"summary_large_image","twitter_description":"Nous recherchons des talents dynamiques, des personnes brillantes, un \u00e9tat d\u2019esprit mondial, pour rassembler les d\u00e9fis de l\u2019entreprise.","twitter_image":"https:\/\/uncommonegg.com\/dayco\/wp-content\/uploads\/2022\/08\/dayco-job-openings-large-2022.jpg","twitter_site":"@DaycoOfficial","twitter_misc":{"Dur\u00e9e de lecture estim\u00e9e":"1 minute"},"schema":{"@context":"https:\/\/schema.org","@graph":[{"@type":"WebPage","@id":"https:\/\/uncommonegg.com\/dayco\/fr\/offres-demploi\/","url":"https:\/\/uncommonegg.com\/dayco\/fr\/offres-demploi\/","name":"Offres d\u2019Emploi | Propulsion Solutions","isPartOf":{"@id":"https:\/\/uncommonegg.com\/dayco\/fr\/#website"},"primaryImageOfPage":{"@id":"https:\/\/uncommonegg.com\/dayco\/fr\/offres-demploi\/#primaryimage"},"image":{"@id":"https:\/\/uncommonegg.com\/dayco\/fr\/offres-demploi\/#primaryimage"},"thumbnailUrl":"https:\/\/uncommonegg.com\/dayco\/wp-content\/uploads\/2022\/08\/dayco-job-openings-large-2022.jpg","datePublished":"2018-05-24T18:44:19+00:00","dateModified":"2022-08-10T22:04:43+00:00","description":"Offres d\u2019emploi: nous recherchons des talents dynamiques, des personnes brillantes, un \u00e9tat d\u2019esprit mondial, pour rassembler les d\u00e9fis de l\u2019entreprise.","breadcrumb":{"@id":"https:\/\/uncommonegg.com\/dayco\/fr\/offres-demploi\/#breadcrumb"},"inLanguage":"fr-FR","potentialAction":[{"@type":"ReadAction","target":["https:\/\/uncommonegg.com\/dayco\/fr\/offres-demploi\/"]}]},{"@type":"ImageObject","inLanguage":"fr-FR","@id":"https:\/\/uncommonegg.com\/dayco\/fr\/offres-demploi\/#primaryimage","url":"https:\/\/uncommonegg.com\/dayco\/wp-content\/uploads\/2022\/08\/dayco-job-openings-large-2022.jpg","contentUrl":"https:\/\/uncommonegg.com\/dayco\/wp-content\/uploads\/2022\/08\/dayco-job-openings-large-2022.jpg","width":1000,"height":555,"caption":"Dayco Job Openings"},{"@type":"BreadcrumbList","@id":"https:\/\/uncommonegg.com\/dayco\/fr\/offres-demploi\/#breadcrumb","itemListElement":[{"@type":"ListItem","position":1,"name":"Accueil","item":"https:\/\/uncommonegg.com\/dayco\/fr\/home\/"},{"@type":"ListItem","position":2,"name":"Offres d\u2019Emploi"}]},{"@type":"WebSite","@id":"https:\/\/uncommonegg.com\/dayco\/fr\/#website","url":"https:\/\/uncommonegg.com\/dayco\/fr\/","name":"Propulsion Solutions","description":"Move Forward. Always.\u2122","publisher":{"@id":"https:\/\/uncommonegg.com\/dayco\/fr\/#organization"},"alternateName":"Propulsion Solutions","potentialAction":[{"@type":"SearchAction","target":{"@type":"EntryPoint","urlTemplate":"https:\/\/uncommonegg.com\/dayco\/fr\/?s={search_term_string}"},"query-input":"required name=search_term_string"}],"inLanguage":"fr-FR"},{"@type":"Organization","@id":"https:\/\/uncommonegg.com\/dayco\/fr\/#organization","name":"Dayco Corporate","alternateName":"Propulsion Solutions","url":"https:\/\/uncommonegg.com\/dayco\/fr\/","logo":{"@type":"ImageObject","inLanguage":"fr-FR","@id":"https:\/\/uncommonegg.com\/dayco\/fr\/#\/schema\/logo\/image\/","url":"http:\/\/uncommonegg.com\/dayco\/wp-content\/uploads\/2024\/01\/PS-Logo-SEO2.jpg","contentUrl":"http:\/\/uncommonegg.com\/dayco\/wp-content\/uploads\/2024\/01\/PS-Logo-SEO2.jpg","width":696,"height":696,"caption":"Dayco Corporate"},"image":{"@id":"https:\/\/uncommonegg.com\/dayco\/fr\/#\/schema\/logo\/image\/"},"sameAs":["https:\/\/www.facebook.com\/DaycoOfficial\/","https:\/\/twitter.com\/DaycoOfficial","https:\/\/www.instagram.com\/daycoofficial\/","https:\/\/www.linkedin.com\/company\/daycoofficial\/","https:\/\/www.youtube.com\/DaycoOfficial","https:\/\/en.wikipedia.org\/wiki\/Dayco"]}]}},"_links":{"self":[{"href":"https:\/\/uncommonegg.com\/dayco\/fr\/wp-json\/wp\/v2\/pages\/9317"}],"collection":[{"href":"https:\/\/uncommonegg.com\/dayco\/fr\/wp-json\/wp\/v2\/pages"}],"about":[{"href":"https:\/\/uncommonegg.com\/dayco\/fr\/wp-json\/wp\/v2\/types\/page"}],"author":[{"embeddable":true,"href":"https:\/\/uncommonegg.com\/dayco\/fr\/wp-json\/wp\/v2\/users\/1"}],"replies":[{"embeddable":true,"href":"https:\/\/uncommonegg.com\/dayco\/fr\/wp-json\/wp\/v2\/comments?post=9317"}],"version-history":[{"count":0,"href":"https:\/\/uncommonegg.com\/dayco\/fr\/wp-json\/wp\/v2\/pages\/9317\/revisions"}],"wp:featuredmedia":[{"embeddable":true,"href":"https:\/\/uncommonegg.com\/dayco\/fr\/wp-json\/wp\/v2\/media\/120293"}],"wp:attachment":[{"href":"https:\/\/uncommonegg.com\/dayco\/fr\/wp-json\/wp\/v2\/media?parent=9317"}],"curies":[{"name":"wp","href":"https:\/\/api.w.org\/{rel}","templated":true}]}}