{"id":62768,"date":"2018-05-15T23:07:58","date_gmt":"2018-05-15T21:07:58","guid":{"rendered":"http:\/\/uncommonegg.com\/dayco\/product\/tensores-de-transmision-para-organos-auxiliares-hd\/"},"modified":"2022-10-13T10:23:06","modified_gmt":"2022-10-13T08:23:06","slug":"tensores-de-transmision-para-elementos-auxiliares-hd","status":"publish","type":"product","link":"https:\/\/uncommonegg.com\/dayco\/es\/producto\/tensores-de-transmision-para-elementos-auxiliares-hd\/","title":{"rendered":"Tensores de Transmisi\u00f3n para Elementos Auxiliares Veh\u00edculos Pesados"},"content":{"rendered":"<p><strong>Aplicaciones: <\/strong>Camiones, autobuses, equipos de construcci\u00f3n, maquinaria agr\u00edcola<\/p>\n<p>Dayco ofrece una completa gama de tensores autom\u00e1ticos dise\u00f1ados y desarrollados espec\u00edficamente para las exigencias m\u00e1s extremas de la industria pesada. Los tensores premium de Dayco est\u00e1n validados en numerosas aplicaciones de veh\u00edculos industriales y comerciales, lo que brinda un alto nivel de seguridad y confianza a los principales fabricantes de equipos originales del mundo para una variedad de configuraciones del sistema de transmisi\u00f3n auxiliar. Estos tensores funcionan con las correas, los amortiguadores, los desacopladores y otros componentes de Dayco como un solo sistema y se pueden personalizar seg\u00fan los requisitos de la aplicaci\u00f3n.<\/p>\n<p><strong>Caracter\u00edsticas\/Ventajas:<\/strong><\/p>\n<ul>\n<li>Tensores autom\u00e1ticos que brindan un alto rendimiento duradero del veh\u00edculo en condiciones de funcionamiento extremas<\/li>\n<li>Validado en varias aplicaciones de veh\u00edculos industriales y comerciales para configuraciones del sistema de transmisi\u00f3n<\/li>\n<li>Seguro y fiable con la mejor durabilidad de su clase<\/li>\n<li>Las p\u00e9rdidas reducidas por vibraci\u00f3n y fricci\u00f3n garantizan una eficiencia excelente<\/li>\n<li>Soluci\u00f3n de tensores de correa competitivos y altamente eficientes para la transmisi\u00f3n auxiliar<\/li>\n<\/ul>\n<p><strong>Valor a\u00f1adido para el cliente:<\/strong><\/p>\n<ul>\n<li>Capacidad para realizar pruebas e I+D a nivel internacional con una huella productiva local en todas las ubicaciones importantes para suministrar en todo el mundo.<\/li>\n<li>Entrega a los principales fabricantes de veh\u00edculos pesados del mundo<\/li>\n<li>Soluciones sostenibles de movilidad futura que brindan experiencias de usuario perfectas.<\/li>\n<li>Tensores de correa fiables y ecol\u00f3gicos con ruido, vibraci\u00f3n y asperezas minimizados<\/li>\n<li>Reducci\u00f3n del coste total de adquisici\u00f3n<\/li>\n<\/ul>\n","protected":false},"excerpt":{"rendered":"<p>Aplicaciones: Camiones, autobuses, equipos de construcci\u00f3n, maquinaria agr\u00edcola Dayco ofrece una completa gama de tensores autom\u00e1ticos dise\u00f1ados y desarrollados espec\u00edficamente para las exigencias m\u00e1s extremas de la industria pesada. Los tensores premium de Dayco est\u00e1n validados en numerosas aplicaciones de veh\u00edculos industriales y comerciales, lo que brinda un alto nivel de seguridad y confianza a los principales fabricantes de equipos originales del mundo para una&#8230;<\/p>\n","protected":false},"featured_media":54462,"template":"","meta":[],"product_cat":[350],"product_tag":[],"yoast_head":"<!-- This site is optimized with the Yoast SEO plugin v22.4 - https:\/\/yoast.com\/wordpress\/plugins\/seo\/ -->\n<title>Tensores de Transmisi\u00f3n para Elementos Auxiliares Veh\u00edculos Pesados | Propulsion Solutions<\/title>\n<meta name=\"robots\" content=\"noindex, follow, max-snippet:-1, max-image-preview:large, max-video-preview:-1\" \/>\n<meta property=\"og:locale\" content=\"es_ES\" \/>\n<meta property=\"og:type\" content=\"article\" \/>\n<meta property=\"og:title\" content=\"Tensores de Transmisi\u00f3n para Elementos Auxiliares Veh\u00edculos Pesados | Propulsion Solutions\" \/>\n<meta property=\"og:description\" content=\"Aplicaciones: Camiones, autobuses, equipos de construcci\u00f3n, maquinaria agr\u00edcola Dayco ofrece una completa gama de tensores autom\u00e1ticos dise\u00f1ados y desarrollados espec\u00edficamente para las exigencias m\u00e1s extremas de la industria pesada. Los tensores premium de Dayco est\u00e1n validados en numerosas aplicaciones de veh\u00edculos industriales y comerciales, lo que brinda un alto nivel de seguridad y confianza a los principales fabricantes de equipos originales del mundo para una...\" \/>\n<meta property=\"og:url\" content=\"https:\/\/uncommonegg.com\/dayco\/es\/producto\/tensores-de-transmision-para-elementos-auxiliares-hd\/\" \/>\n<meta property=\"og:site_name\" content=\"Propulsion Solutions\" \/>\n<meta property=\"article:publisher\" content=\"https:\/\/www.facebook.com\/DaycoOfficial\/\" \/>\n<meta property=\"article:modified_time\" content=\"2022-10-13T08:23:06+00:00\" \/>\n<meta property=\"og:image\" content=\"https:\/\/uncommonegg.com\/dayco\/wp-content\/uploads\/Accessory-Drive-Tens-HD-1.jpg\" \/>\n\t<meta property=\"og:image:width\" content=\"609\" \/>\n\t<meta property=\"og:image:height\" content=\"356\" \/>\n\t<meta property=\"og:image:type\" content=\"image\/jpeg\" \/>\n<meta name=\"twitter:card\" content=\"summary_large_image\" \/>\n<meta name=\"twitter:site\" content=\"@DaycoOfficial\" \/>\n<meta name=\"twitter:label1\" content=\"Precio\" \/>\n\t<meta name=\"twitter:data1\" content=\"\" \/>\n\t<meta name=\"twitter:label2\" content=\"Disponibilidad\" \/>\n\t<meta name=\"twitter:data2\" content=\"Disponible\" \/>\n<script type=\"application\/ld+json\" class=\"yoast-schema-graph\">{\"@context\":\"https:\/\/schema.org\",\"@graph\":[{\"@type\":[\"WebPage\",\"ItemPage\"],\"@id\":\"https:\/\/uncommonegg.com\/dayco\/es\/producto\/tensores-de-transmision-para-elementos-auxiliares-hd\/\",\"url\":\"https:\/\/uncommonegg.com\/dayco\/es\/producto\/tensores-de-transmision-para-elementos-auxiliares-hd\/\",\"name\":\"Tensores de Transmisi\u00f3n para Elementos Auxiliares Veh\u00edculos Pesados | Propulsion Solutions\",\"isPartOf\":{\"@id\":\"https:\/\/uncommonegg.com\/dayco\/es\/#website\"},\"primaryImageOfPage\":{\"@id\":\"https:\/\/uncommonegg.com\/dayco\/es\/producto\/tensores-de-transmision-para-elementos-auxiliares-hd\/#primaryimage\"},\"image\":{\"@id\":\"https:\/\/uncommonegg.com\/dayco\/es\/producto\/tensores-de-transmision-para-elementos-auxiliares-hd\/#primaryimage\"},\"thumbnailUrl\":\"https:\/\/uncommonegg.com\/dayco\/wp-content\/uploads\/Accessory-Drive-Tens-HD-1.jpg\",\"datePublished\":\"2018-05-15T21:07:58+00:00\",\"dateModified\":\"2022-10-13T08:23:06+00:00\",\"breadcrumb\":{\"@id\":\"https:\/\/uncommonegg.com\/dayco\/es\/producto\/tensores-de-transmision-para-elementos-auxiliares-hd\/#breadcrumb\"},\"inLanguage\":\"es\",\"potentialAction\":[{\"@type\":\"ReadAction\",\"target\":[\"https:\/\/uncommonegg.com\/dayco\/es\/producto\/tensores-de-transmision-para-elementos-auxiliares-hd\/\"]}]},{\"@type\":\"ImageObject\",\"inLanguage\":\"es\",\"@id\":\"https:\/\/uncommonegg.com\/dayco\/es\/producto\/tensores-de-transmision-para-elementos-auxiliares-hd\/#primaryimage\",\"url\":\"https:\/\/uncommonegg.com\/dayco\/wp-content\/uploads\/Accessory-Drive-Tens-HD-1.jpg\",\"contentUrl\":\"https:\/\/uncommonegg.com\/dayco\/wp-content\/uploads\/Accessory-Drive-Tens-HD-1.jpg\",\"width\":609,\"height\":356,\"caption\":\"Accessory Drive Tens Hd 1\"},{\"@type\":\"BreadcrumbList\",\"@id\":\"https:\/\/uncommonegg.com\/dayco\/es\/producto\/tensores-de-transmision-para-elementos-auxiliares-hd\/#breadcrumb\",\"itemListElement\":[{\"@type\":\"ListItem\",\"position\":1,\"name\":\"Inicio\",\"item\":\"https:\/\/uncommonegg.com\/dayco\/es\/home\/\"},{\"@type\":\"ListItem\",\"position\":2,\"name\":\"Productos\",\"item\":\"https:\/\/uncommonegg.com\/dayco\/es\/productos\/\"},{\"@type\":\"ListItem\",\"position\":3,\"name\":\"Tensores de Transmisi\u00f3n para Elementos Auxiliares Veh\u00edculos Pesados\"}]},{\"@type\":\"WebSite\",\"@id\":\"https:\/\/uncommonegg.com\/dayco\/es\/#website\",\"url\":\"https:\/\/uncommonegg.com\/dayco\/es\/\",\"name\":\"Propulsion Solutions\",\"description\":\"Move Forward. Always.\u2122\",\"publisher\":{\"@id\":\"https:\/\/uncommonegg.com\/dayco\/es\/#organization\"},\"alternateName\":\"Propulsion Solutions\",\"potentialAction\":[{\"@type\":\"SearchAction\",\"target\":{\"@type\":\"EntryPoint\",\"urlTemplate\":\"https:\/\/uncommonegg.com\/dayco\/es\/?s={search_term_string}\"},\"query-input\":\"required name=search_term_string\"}],\"inLanguage\":\"es\"},{\"@type\":\"Organization\",\"@id\":\"https:\/\/uncommonegg.com\/dayco\/es\/#organization\",\"name\":\"Dayco Corporate\",\"alternateName\":\"Propulsion Solutions\",\"url\":\"https:\/\/uncommonegg.com\/dayco\/es\/\",\"logo\":{\"@type\":\"ImageObject\",\"inLanguage\":\"es\",\"@id\":\"https:\/\/uncommonegg.com\/dayco\/es\/#\/schema\/logo\/image\/\",\"url\":\"http:\/\/uncommonegg.com\/dayco\/wp-content\/uploads\/2024\/01\/PS-Logo-SEO2.jpg\",\"contentUrl\":\"http:\/\/uncommonegg.com\/dayco\/wp-content\/uploads\/2024\/01\/PS-Logo-SEO2.jpg\",\"width\":696,\"height\":696,\"caption\":\"Dayco Corporate\"},\"image\":{\"@id\":\"https:\/\/uncommonegg.com\/dayco\/es\/#\/schema\/logo\/image\/\"},\"sameAs\":[\"https:\/\/www.facebook.com\/DaycoOfficial\/\",\"https:\/\/twitter.com\/DaycoOfficial\",\"https:\/\/www.instagram.com\/daycoofficial\/\",\"https:\/\/www.linkedin.com\/company\/daycoofficial\/\",\"https:\/\/www.youtube.com\/DaycoOfficial\",\"https:\/\/en.wikipedia.org\/wiki\/Dayco\"]}]}<\/script>\n<meta property=\"product:brand\" content=\"Veh\u00edculos Pesados OE\" \/>\n<meta property=\"product:price:amount\" content=\"0.00\" \/>\n<meta property=\"product:price:currency\" content=\"EUR\" \/>\n<meta property=\"og:availability\" content=\"instock\" \/>\n<meta property=\"product:availability\" content=\"instock\" \/>\n<meta property=\"product:retailer_item_id\" content=\"APVHD\" \/>\n<meta property=\"product:condition\" content=\"new\" \/>\n<!-- \/ Yoast SEO plugin. -->","yoast_head_json":{"title":"Tensores de Transmisi\u00f3n para Elementos Auxiliares Veh\u00edculos Pesados | Propulsion Solutions","robots":{"index":"noindex","follow":"follow","max-snippet":"max-snippet:-1","max-image-preview":"max-image-preview:large","max-video-preview":"max-video-preview:-1"},"og_locale":"es_ES","og_type":"article","og_title":"Tensores de Transmisi\u00f3n para Elementos Auxiliares Veh\u00edculos Pesados | Propulsion Solutions","og_description":"Aplicaciones: Camiones, autobuses, equipos de construcci\u00f3n, maquinaria agr\u00edcola Dayco ofrece una completa gama de tensores autom\u00e1ticos dise\u00f1ados y desarrollados espec\u00edficamente para las exigencias m\u00e1s extremas de la industria pesada. Los tensores premium de Dayco est\u00e1n validados en numerosas aplicaciones de veh\u00edculos industriales y comerciales, lo que brinda un alto nivel de seguridad y confianza a los principales fabricantes de equipos originales del mundo para una...","og_url":"https:\/\/uncommonegg.com\/dayco\/es\/producto\/tensores-de-transmision-para-elementos-auxiliares-hd\/","og_site_name":"Propulsion Solutions","article_publisher":"https:\/\/www.facebook.com\/DaycoOfficial\/","article_modified_time":"2022-10-13T08:23:06+00:00","og_image":[{"width":609,"height":356,"url":"https:\/\/uncommonegg.com\/dayco\/wp-content\/uploads\/Accessory-Drive-Tens-HD-1.jpg","type":"image\/jpeg"}],"twitter_card":"summary_large_image","twitter_site":"@DaycoOfficial","twitter_misc":{"Precio":"","Disponibilidad":"Disponible"},"schema":{"@context":"https:\/\/schema.org","@graph":[{"@type":["WebPage","ItemPage"],"@id":"https:\/\/uncommonegg.com\/dayco\/es\/producto\/tensores-de-transmision-para-elementos-auxiliares-hd\/","url":"https:\/\/uncommonegg.com\/dayco\/es\/producto\/tensores-de-transmision-para-elementos-auxiliares-hd\/","name":"Tensores de Transmisi\u00f3n para Elementos Auxiliares Veh\u00edculos Pesados | Propulsion Solutions","isPartOf":{"@id":"https:\/\/uncommonegg.com\/dayco\/es\/#website"},"primaryImageOfPage":{"@id":"https:\/\/uncommonegg.com\/dayco\/es\/producto\/tensores-de-transmision-para-elementos-auxiliares-hd\/#primaryimage"},"image":{"@id":"https:\/\/uncommonegg.com\/dayco\/es\/producto\/tensores-de-transmision-para-elementos-auxiliares-hd\/#primaryimage"},"thumbnailUrl":"https:\/\/uncommonegg.com\/dayco\/wp-content\/uploads\/Accessory-Drive-Tens-HD-1.jpg","datePublished":"2018-05-15T21:07:58+00:00","dateModified":"2022-10-13T08:23:06+00:00","breadcrumb":{"@id":"https:\/\/uncommonegg.com\/dayco\/es\/producto\/tensores-de-transmision-para-elementos-auxiliares-hd\/#breadcrumb"},"inLanguage":"es","potentialAction":[{"@type":"ReadAction","target":["https:\/\/uncommonegg.com\/dayco\/es\/producto\/tensores-de-transmision-para-elementos-auxiliares-hd\/"]}]},{"@type":"ImageObject","inLanguage":"es","@id":"https:\/\/uncommonegg.com\/dayco\/es\/producto\/tensores-de-transmision-para-elementos-auxiliares-hd\/#primaryimage","url":"https:\/\/uncommonegg.com\/dayco\/wp-content\/uploads\/Accessory-Drive-Tens-HD-1.jpg","contentUrl":"https:\/\/uncommonegg.com\/dayco\/wp-content\/uploads\/Accessory-Drive-Tens-HD-1.jpg","width":609,"height":356,"caption":"Accessory Drive Tens Hd 1"},{"@type":"BreadcrumbList","@id":"https:\/\/uncommonegg.com\/dayco\/es\/producto\/tensores-de-transmision-para-elementos-auxiliares-hd\/#breadcrumb","itemListElement":[{"@type":"ListItem","position":1,"name":"Inicio","item":"https:\/\/uncommonegg.com\/dayco\/es\/home\/"},{"@type":"ListItem","position":2,"name":"Productos","item":"https:\/\/uncommonegg.com\/dayco\/es\/productos\/"},{"@type":"ListItem","position":3,"name":"Tensores de Transmisi\u00f3n para Elementos Auxiliares Veh\u00edculos Pesados"}]},{"@type":"WebSite","@id":"https:\/\/uncommonegg.com\/dayco\/es\/#website","url":"https:\/\/uncommonegg.com\/dayco\/es\/","name":"Propulsion Solutions","description":"Move Forward. Always.\u2122","publisher":{"@id":"https:\/\/uncommonegg.com\/dayco\/es\/#organization"},"alternateName":"Propulsion Solutions","potentialAction":[{"@type":"SearchAction","target":{"@type":"EntryPoint","urlTemplate":"https:\/\/uncommonegg.com\/dayco\/es\/?s={search_term_string}"},"query-input":"required name=search_term_string"}],"inLanguage":"es"},{"@type":"Organization","@id":"https:\/\/uncommonegg.com\/dayco\/es\/#organization","name":"Dayco Corporate","alternateName":"Propulsion Solutions","url":"https:\/\/uncommonegg.com\/dayco\/es\/","logo":{"@type":"ImageObject","inLanguage":"es","@id":"https:\/\/uncommonegg.com\/dayco\/es\/#\/schema\/logo\/image\/","url":"http:\/\/uncommonegg.com\/dayco\/wp-content\/uploads\/2024\/01\/PS-Logo-SEO2.jpg","contentUrl":"http:\/\/uncommonegg.com\/dayco\/wp-content\/uploads\/2024\/01\/PS-Logo-SEO2.jpg","width":696,"height":696,"caption":"Dayco Corporate"},"image":{"@id":"https:\/\/uncommonegg.com\/dayco\/es\/#\/schema\/logo\/image\/"},"sameAs":["https:\/\/www.facebook.com\/DaycoOfficial\/","https:\/\/twitter.com\/DaycoOfficial","https:\/\/www.instagram.com\/daycoofficial\/","https:\/\/www.linkedin.com\/company\/daycoofficial\/","https:\/\/www.youtube.com\/DaycoOfficial","https:\/\/en.wikipedia.org\/wiki\/Dayco"]}]},"product_brand":"Veh\u00edculos Pesados OE","product_price_amount":"0.00","product_price_currency":"EUR","og_availability":"instock","product_availability":"instock","product_retailer_item_id":"APVHD","product_condition":"new"},"_links":{"self":[{"href":"https:\/\/uncommonegg.com\/dayco\/es\/wp-json\/wp\/v2\/product\/62768"}],"collection":[{"href":"https:\/\/uncommonegg.com\/dayco\/es\/wp-json\/wp\/v2\/product"}],"about":[{"href":"https:\/\/uncommonegg.com\/dayco\/es\/wp-json\/wp\/v2\/types\/product"}],"wp:featuredmedia":[{"embeddable":true,"href":"https:\/\/uncommonegg.com\/dayco\/es\/wp-json\/wp\/v2\/media\/54462"}],"wp:attachment":[{"href":"https:\/\/uncommonegg.com\/dayco\/es\/wp-json\/wp\/v2\/media?parent=62768"}],"wp:term":[{"taxonomy":"product_cat","embeddable":true,"href":"https:\/\/uncommonegg.com\/dayco\/es\/wp-json\/wp\/v2\/product_cat?post=62768"},{"taxonomy":"product_tag","embeddable":true,"href":"https:\/\/uncommonegg.com\/dayco\/es\/wp-json\/wp\/v2\/product_tag?post=62768"}],"curies":[{"name":"wp","href":"https:\/\/api.w.org\/{rel}","templated":true}]}}