{"id":62767,"date":"2018-05-17T22:57:37","date_gmt":"2018-05-17T20:57:37","guid":{"rendered":"http:\/\/uncommonegg.com\/dayco\/product\/sistema-de-generacion-de-vacio\/"},"modified":"2018-05-17T22:57:37","modified_gmt":"2018-05-17T20:57:37","slug":"sistema-de-generacion-de-vacio","status":"publish","type":"product","link":"https:\/\/uncommonegg.com\/dayco\/es\/producto\/sistema-de-generacion-de-vacio\/","title":{"rendered":"Sistema de Generaci\u00f3n de Vac\u00edo"},"content":{"rendered":"<p>Uno de los nuevos productos de Dayco, dirigido a mejorar la eficiencia en el consumo de combustible, es nuestro sistema de generaci\u00f3n de vac\u00edo. El sistema de generaci\u00f3n de vac\u00edo, dise\u00f1ado para sistemas que requieren vac\u00edo (como los de frenado asistido, purgado de vapores de combustible y ventilaci\u00f3n del cig\u00fce\u00f1al) es una alternativa a las bombas de vac\u00edo, tanto el\u00e9ctricas como mec\u00e1nicas, que se encuentran en muchos motores de hoy en d\u00eda y que, adem\u00e1s de resultar pesadas y costosas, tambi\u00e9n consumen combustible.<\/p>\n<p>El sistema de generaci\u00f3n de vac\u00edo de Dayco tambi\u00e9n incluye componentes de motor independientes, como aspiradores, eyectores, v\u00e1lvulas de control de caudal, v\u00e1lvulas de regulaci\u00f3n y atenuadores de ruidos, todos ellos dise\u00f1ados para mejorar la capacidad y eficiencia de vac\u00edo y, al mismo tiempo, reducir el peso del motor. Estas revolucionarias tecnolog\u00edas generan ventajas que el conductor percibe directamente. Por ejemplo, nuestro conjunto de vac\u00edo para ayuda al frenado permite aplicar m\u00e1s fuerza sobre el pedal, de manera m\u00e1s constante y con menos esfuerzo. El conductor no sentir\u00e1 duro el pedal al pisarlo varias veces seguidas (por ejemplo, durante maniobras de aparcamiento), lo cual redundar\u00e1 en su comodidad al conducir.<\/p>\n","protected":false},"excerpt":{"rendered":"<p>Uno de los nuevos productos de Dayco, dirigido a mejorar la eficiencia en el consumo de combustible, es nuestro sistema de generaci\u00f3n de vac\u00edo. El sistema de generaci\u00f3n de vac\u00edo, dise\u00f1ado para sistemas que requieren vac\u00edo (como los de frenado asistido, purgado de vapores de combustible y ventilaci\u00f3n del cig\u00fce\u00f1al) es una alternativa a las bombas de vac\u00edo, tanto el\u00e9ctricas como mec\u00e1nicas, que se encuentran&#8230;<\/p>\n","protected":false},"featured_media":54459,"template":"","meta":[],"product_cat":[348],"product_tag":[],"yoast_head":"<!-- This site is optimized with the Yoast SEO plugin v22.4 - https:\/\/yoast.com\/wordpress\/plugins\/seo\/ -->\n<title>Sistema de Generaci\u00f3n de Vac\u00edo | Propulsion Solutions<\/title>\n<meta name=\"description\" content=\"With focus on increasing fuel efficiency, one of Dayco\u2019s newest products is our Vacuum Generation System, engineered for systems requiring vacuum.\" \/>\n<meta name=\"robots\" content=\"noindex, follow, max-snippet:-1, max-image-preview:large, max-video-preview:-1\" \/>\n<meta property=\"og:locale\" content=\"es_ES\" \/>\n<meta property=\"og:type\" content=\"article\" \/>\n<meta property=\"og:title\" content=\"Sistema de Generaci\u00f3n de Vac\u00edo | Propulsion Solutions\" \/>\n<meta property=\"og:description\" content=\"With focus on increasing fuel efficiency, one of Dayco\u2019s newest products is our Vacuum Generation System, engineered for systems requiring vacuum.\" \/>\n<meta property=\"og:url\" content=\"https:\/\/uncommonegg.com\/dayco\/es\/producto\/sistema-de-generacion-de-vacio\/\" \/>\n<meta property=\"og:site_name\" content=\"Propulsion Solutions\" \/>\n<meta property=\"article:publisher\" content=\"https:\/\/www.facebook.com\/DaycoOfficial\/\" \/>\n<meta property=\"og:image\" content=\"https:\/\/uncommonegg.com\/dayco\/wp-content\/uploads\/VGS-1.png\" \/>\n\t<meta property=\"og:image:width\" content=\"609\" \/>\n\t<meta property=\"og:image:height\" content=\"356\" \/>\n\t<meta property=\"og:image:type\" content=\"image\/png\" \/>\n<meta name=\"twitter:card\" content=\"summary_large_image\" \/>\n<meta name=\"twitter:site\" content=\"@DaycoOfficial\" \/>\n<meta name=\"twitter:label1\" content=\"Precio\" \/>\n\t<meta name=\"twitter:data1\" content=\"\" \/>\n\t<meta name=\"twitter:label2\" content=\"Disponibilidad\" \/>\n\t<meta name=\"twitter:data2\" content=\"Disponible\" \/>\n<script type=\"application\/ld+json\" class=\"yoast-schema-graph\">{\"@context\":\"https:\/\/schema.org\",\"@graph\":[{\"@type\":[\"WebPage\",\"ItemPage\"],\"@id\":\"https:\/\/uncommonegg.com\/dayco\/es\/producto\/sistema-de-generacion-de-vacio\/\",\"url\":\"https:\/\/uncommonegg.com\/dayco\/es\/producto\/sistema-de-generacion-de-vacio\/\",\"name\":\"Sistema de Generaci\u00f3n de Vac\u00edo | Propulsion Solutions\",\"isPartOf\":{\"@id\":\"https:\/\/uncommonegg.com\/dayco\/es\/#website\"},\"primaryImageOfPage\":{\"@id\":\"https:\/\/uncommonegg.com\/dayco\/es\/producto\/sistema-de-generacion-de-vacio\/#primaryimage\"},\"image\":{\"@id\":\"https:\/\/uncommonegg.com\/dayco\/es\/producto\/sistema-de-generacion-de-vacio\/#primaryimage\"},\"thumbnailUrl\":\"https:\/\/uncommonegg.com\/dayco\/wp-content\/uploads\/VGS-1.png\",\"datePublished\":\"2018-05-17T20:57:37+00:00\",\"dateModified\":\"2018-05-17T20:57:37+00:00\",\"description\":\"With focus on increasing fuel efficiency, one of Dayco\u2019s newest products is our Vacuum Generation System, engineered for systems requiring vacuum.\",\"breadcrumb\":{\"@id\":\"https:\/\/uncommonegg.com\/dayco\/es\/producto\/sistema-de-generacion-de-vacio\/#breadcrumb\"},\"inLanguage\":\"es\",\"potentialAction\":[{\"@type\":\"ReadAction\",\"target\":[\"https:\/\/uncommonegg.com\/dayco\/es\/producto\/sistema-de-generacion-de-vacio\/\"]}]},{\"@type\":\"ImageObject\",\"inLanguage\":\"es\",\"@id\":\"https:\/\/uncommonegg.com\/dayco\/es\/producto\/sistema-de-generacion-de-vacio\/#primaryimage\",\"url\":\"https:\/\/uncommonegg.com\/dayco\/wp-content\/uploads\/VGS-1.png\",\"contentUrl\":\"https:\/\/uncommonegg.com\/dayco\/wp-content\/uploads\/VGS-1.png\",\"width\":609,\"height\":356,\"caption\":\"Vgs 1\"},{\"@type\":\"BreadcrumbList\",\"@id\":\"https:\/\/uncommonegg.com\/dayco\/es\/producto\/sistema-de-generacion-de-vacio\/#breadcrumb\",\"itemListElement\":[{\"@type\":\"ListItem\",\"position\":1,\"name\":\"Inicio\",\"item\":\"https:\/\/uncommonegg.com\/dayco\/es\/home\/\"},{\"@type\":\"ListItem\",\"position\":2,\"name\":\"Productos\",\"item\":\"https:\/\/uncommonegg.com\/dayco\/es\/productos\/\"},{\"@type\":\"ListItem\",\"position\":3,\"name\":\"Sistema de Generaci\u00f3n de Vac\u00edo\"}]},{\"@type\":\"WebSite\",\"@id\":\"https:\/\/uncommonegg.com\/dayco\/es\/#website\",\"url\":\"https:\/\/uncommonegg.com\/dayco\/es\/\",\"name\":\"Propulsion Solutions\",\"description\":\"Move Forward. Always.\u2122\",\"publisher\":{\"@id\":\"https:\/\/uncommonegg.com\/dayco\/es\/#organization\"},\"alternateName\":\"Propulsion Solutions\",\"potentialAction\":[{\"@type\":\"SearchAction\",\"target\":{\"@type\":\"EntryPoint\",\"urlTemplate\":\"https:\/\/uncommonegg.com\/dayco\/es\/?s={search_term_string}\"},\"query-input\":\"required name=search_term_string\"}],\"inLanguage\":\"es\"},{\"@type\":\"Organization\",\"@id\":\"https:\/\/uncommonegg.com\/dayco\/es\/#organization\",\"name\":\"Dayco Corporate\",\"alternateName\":\"Propulsion Solutions\",\"url\":\"https:\/\/uncommonegg.com\/dayco\/es\/\",\"logo\":{\"@type\":\"ImageObject\",\"inLanguage\":\"es\",\"@id\":\"https:\/\/uncommonegg.com\/dayco\/es\/#\/schema\/logo\/image\/\",\"url\":\"http:\/\/uncommonegg.com\/dayco\/wp-content\/uploads\/2024\/01\/PS-Logo-SEO2.jpg\",\"contentUrl\":\"http:\/\/uncommonegg.com\/dayco\/wp-content\/uploads\/2024\/01\/PS-Logo-SEO2.jpg\",\"width\":696,\"height\":696,\"caption\":\"Dayco Corporate\"},\"image\":{\"@id\":\"https:\/\/uncommonegg.com\/dayco\/es\/#\/schema\/logo\/image\/\"},\"sameAs\":[\"https:\/\/www.facebook.com\/DaycoOfficial\/\",\"https:\/\/twitter.com\/DaycoOfficial\",\"https:\/\/www.instagram.com\/daycoofficial\/\",\"https:\/\/www.linkedin.com\/company\/daycoofficial\/\",\"https:\/\/www.youtube.com\/DaycoOfficial\",\"https:\/\/en.wikipedia.org\/wiki\/Dayco\"]}]}<\/script>\n<meta property=\"product:brand\" content=\"Veh\u00edculos Ligeros OE\" \/>\n<meta property=\"product:price:amount\" content=\"0.00\" \/>\n<meta property=\"product:price:currency\" content=\"EUR\" \/>\n<meta property=\"og:availability\" content=\"instock\" \/>\n<meta property=\"product:availability\" content=\"instock\" \/>\n<meta property=\"product:condition\" content=\"new\" \/>\n<!-- \/ Yoast SEO plugin. -->","yoast_head_json":{"title":"Sistema de Generaci\u00f3n de Vac\u00edo | Propulsion Solutions","description":"With focus on increasing fuel efficiency, one of Dayco\u2019s newest products is our Vacuum Generation System, engineered for systems requiring vacuum.","robots":{"index":"noindex","follow":"follow","max-snippet":"max-snippet:-1","max-image-preview":"max-image-preview:large","max-video-preview":"max-video-preview:-1"},"og_locale":"es_ES","og_type":"article","og_title":"Sistema de Generaci\u00f3n de Vac\u00edo | Propulsion Solutions","og_description":"With focus on increasing fuel efficiency, one of Dayco\u2019s newest products is our Vacuum Generation System, engineered for systems requiring vacuum.","og_url":"https:\/\/uncommonegg.com\/dayco\/es\/producto\/sistema-de-generacion-de-vacio\/","og_site_name":"Propulsion Solutions","article_publisher":"https:\/\/www.facebook.com\/DaycoOfficial\/","og_image":[{"width":609,"height":356,"url":"https:\/\/uncommonegg.com\/dayco\/wp-content\/uploads\/VGS-1.png","type":"image\/png"}],"twitter_card":"summary_large_image","twitter_site":"@DaycoOfficial","twitter_misc":{"Precio":"","Disponibilidad":"Disponible"},"schema":{"@context":"https:\/\/schema.org","@graph":[{"@type":["WebPage","ItemPage"],"@id":"https:\/\/uncommonegg.com\/dayco\/es\/producto\/sistema-de-generacion-de-vacio\/","url":"https:\/\/uncommonegg.com\/dayco\/es\/producto\/sistema-de-generacion-de-vacio\/","name":"Sistema de Generaci\u00f3n de Vac\u00edo | Propulsion Solutions","isPartOf":{"@id":"https:\/\/uncommonegg.com\/dayco\/es\/#website"},"primaryImageOfPage":{"@id":"https:\/\/uncommonegg.com\/dayco\/es\/producto\/sistema-de-generacion-de-vacio\/#primaryimage"},"image":{"@id":"https:\/\/uncommonegg.com\/dayco\/es\/producto\/sistema-de-generacion-de-vacio\/#primaryimage"},"thumbnailUrl":"https:\/\/uncommonegg.com\/dayco\/wp-content\/uploads\/VGS-1.png","datePublished":"2018-05-17T20:57:37+00:00","dateModified":"2018-05-17T20:57:37+00:00","description":"With focus on increasing fuel efficiency, one of Dayco\u2019s newest products is our Vacuum Generation System, engineered for systems requiring vacuum.","breadcrumb":{"@id":"https:\/\/uncommonegg.com\/dayco\/es\/producto\/sistema-de-generacion-de-vacio\/#breadcrumb"},"inLanguage":"es","potentialAction":[{"@type":"ReadAction","target":["https:\/\/uncommonegg.com\/dayco\/es\/producto\/sistema-de-generacion-de-vacio\/"]}]},{"@type":"ImageObject","inLanguage":"es","@id":"https:\/\/uncommonegg.com\/dayco\/es\/producto\/sistema-de-generacion-de-vacio\/#primaryimage","url":"https:\/\/uncommonegg.com\/dayco\/wp-content\/uploads\/VGS-1.png","contentUrl":"https:\/\/uncommonegg.com\/dayco\/wp-content\/uploads\/VGS-1.png","width":609,"height":356,"caption":"Vgs 1"},{"@type":"BreadcrumbList","@id":"https:\/\/uncommonegg.com\/dayco\/es\/producto\/sistema-de-generacion-de-vacio\/#breadcrumb","itemListElement":[{"@type":"ListItem","position":1,"name":"Inicio","item":"https:\/\/uncommonegg.com\/dayco\/es\/home\/"},{"@type":"ListItem","position":2,"name":"Productos","item":"https:\/\/uncommonegg.com\/dayco\/es\/productos\/"},{"@type":"ListItem","position":3,"name":"Sistema de Generaci\u00f3n de Vac\u00edo"}]},{"@type":"WebSite","@id":"https:\/\/uncommonegg.com\/dayco\/es\/#website","url":"https:\/\/uncommonegg.com\/dayco\/es\/","name":"Propulsion Solutions","description":"Move Forward. Always.\u2122","publisher":{"@id":"https:\/\/uncommonegg.com\/dayco\/es\/#organization"},"alternateName":"Propulsion Solutions","potentialAction":[{"@type":"SearchAction","target":{"@type":"EntryPoint","urlTemplate":"https:\/\/uncommonegg.com\/dayco\/es\/?s={search_term_string}"},"query-input":"required name=search_term_string"}],"inLanguage":"es"},{"@type":"Organization","@id":"https:\/\/uncommonegg.com\/dayco\/es\/#organization","name":"Dayco Corporate","alternateName":"Propulsion Solutions","url":"https:\/\/uncommonegg.com\/dayco\/es\/","logo":{"@type":"ImageObject","inLanguage":"es","@id":"https:\/\/uncommonegg.com\/dayco\/es\/#\/schema\/logo\/image\/","url":"http:\/\/uncommonegg.com\/dayco\/wp-content\/uploads\/2024\/01\/PS-Logo-SEO2.jpg","contentUrl":"http:\/\/uncommonegg.com\/dayco\/wp-content\/uploads\/2024\/01\/PS-Logo-SEO2.jpg","width":696,"height":696,"caption":"Dayco Corporate"},"image":{"@id":"https:\/\/uncommonegg.com\/dayco\/es\/#\/schema\/logo\/image\/"},"sameAs":["https:\/\/www.facebook.com\/DaycoOfficial\/","https:\/\/twitter.com\/DaycoOfficial","https:\/\/www.instagram.com\/daycoofficial\/","https:\/\/www.linkedin.com\/company\/daycoofficial\/","https:\/\/www.youtube.com\/DaycoOfficial","https:\/\/en.wikipedia.org\/wiki\/Dayco"]}]},"product_brand":"Veh\u00edculos Ligeros OE","product_price_amount":"0.00","product_price_currency":"EUR","og_availability":"instock","product_availability":"instock","product_condition":"new"},"_links":{"self":[{"href":"https:\/\/uncommonegg.com\/dayco\/es\/wp-json\/wp\/v2\/product\/62767"}],"collection":[{"href":"https:\/\/uncommonegg.com\/dayco\/es\/wp-json\/wp\/v2\/product"}],"about":[{"href":"https:\/\/uncommonegg.com\/dayco\/es\/wp-json\/wp\/v2\/types\/product"}],"wp:featuredmedia":[{"embeddable":true,"href":"https:\/\/uncommonegg.com\/dayco\/es\/wp-json\/wp\/v2\/media\/54459"}],"wp:attachment":[{"href":"https:\/\/uncommonegg.com\/dayco\/es\/wp-json\/wp\/v2\/media?parent=62767"}],"wp:term":[{"taxonomy":"product_cat","embeddable":true,"href":"https:\/\/uncommonegg.com\/dayco\/es\/wp-json\/wp\/v2\/product_cat?post=62767"},{"taxonomy":"product_tag","embeddable":true,"href":"https:\/\/uncommonegg.com\/dayco\/es\/wp-json\/wp\/v2\/product_tag?post=62767"}],"curies":[{"name":"wp","href":"https:\/\/api.w.org\/{rel}","templated":true}]}}