{"id":62374,"date":"2018-05-18T10:43:50","date_gmt":"2018-05-18T08:43:50","guid":{"rendered":"http:\/\/uncommonegg.com\/dayco\/product\/tensores-de-transmision-para-organos-auxiliares\/"},"modified":"2019-10-20T13:00:13","modified_gmt":"2019-10-20T11:00:13","slug":"tensores-de-transmision-para-elementos-auxiliares","status":"publish","type":"product","link":"https:\/\/uncommonegg.com\/dayco\/es\/producto\/tensores-de-transmision-para-elementos-auxiliares\/","title":{"rendered":"Tensores de Transmisi\u00f3n para Elementos Auxiliares"},"content":{"rendered":"<p>Dayco cuenta con una completa gama de tensores altamente resistentes y eficientes para adaptarse a las exigencias de rendimiento de cada aplicaci\u00f3n. Dichos tensores, en combinaci\u00f3n con nuestras correas, amortiguadores, poleas desacopladoras y otros componentes, act\u00faan de manera coordinada a nivel del sistema para reducir las p\u00e9rdidas por vibraci\u00f3n y fricci\u00f3n y as\u00ed garantizar un \u00f3ptimo grado de eficiencia.<\/p>\n<p>Los tensores Dayco presentan el original resorte de alambre plano, que permite aumentar el rango de funcionamiento y reducir la variaci\u00f3n de la tensi\u00f3n. Este innovador dise\u00f1o reduce igualmente el riesgo de fallo prematuro de los rodamientos debido a una tensi\u00f3n elevada, as\u00ed como el riesgo de ruido provocado por la correa, de deslizamiento y de rendimiento ineficiente provocado por un bajo grado de tensi\u00f3n a medida que la correa se desgasta y pierde elasticidad. Dayco fabrica tambi\u00e9n una amplia variedad de tensores de resorte circular para diferentes aplicaciones y niveles de exigencia.<\/p>\n","protected":false},"excerpt":{"rendered":"<p>Dayco cuenta con una completa gama de tensores altamente resistentes y eficientes para adaptarse a las exigencias de rendimiento de cada aplicaci\u00f3n. Dichos tensores, en combinaci\u00f3n con nuestras correas, amortiguadores, poleas desacopladoras y otros componentes, act\u00faan de manera coordinada a nivel del sistema para reducir las p\u00e9rdidas por vibraci\u00f3n y fricci\u00f3n y as\u00ed garantizar un \u00f3ptimo grado de eficiencia. Los tensores Dayco presentan el original&#8230;<\/p>\n","protected":false},"featured_media":54057,"template":"","meta":[],"product_cat":[348],"product_tag":[],"yoast_head":"<!-- This site is optimized with the Yoast SEO plugin v22.4 - https:\/\/yoast.com\/wordpress\/plugins\/seo\/ -->\n<title>Tensores de Transmisi\u00f3n para Elementos Auxiliares | Propulsion Solutions<\/title>\n<meta name=\"robots\" content=\"noindex, follow, max-snippet:-1, max-image-preview:large, max-video-preview:-1\" \/>\n<meta property=\"og:locale\" content=\"es_ES\" \/>\n<meta property=\"og:type\" content=\"article\" \/>\n<meta property=\"og:title\" content=\"Tensores de Transmisi\u00f3n para Elementos Auxiliares | Propulsion Solutions\" \/>\n<meta property=\"og:description\" content=\"Dayco cuenta con una completa gama de tensores altamente resistentes y eficientes para adaptarse a las exigencias de rendimiento de cada aplicaci\u00f3n. Dichos tensores, en combinaci\u00f3n con nuestras correas, amortiguadores, poleas desacopladoras y otros componentes, act\u00faan de manera coordinada a nivel del sistema para reducir las p\u00e9rdidas por vibraci\u00f3n y fricci\u00f3n y as\u00ed garantizar un \u00f3ptimo grado de eficiencia. Los tensores Dayco presentan el original...\" \/>\n<meta property=\"og:url\" content=\"https:\/\/uncommonegg.com\/dayco\/es\/producto\/tensores-de-transmision-para-elementos-auxiliares\/\" \/>\n<meta property=\"og:site_name\" content=\"Propulsion Solutions\" \/>\n<meta property=\"article:publisher\" content=\"https:\/\/www.facebook.com\/DaycoOfficial\/\" \/>\n<meta property=\"article:modified_time\" content=\"2019-10-20T11:00:13+00:00\" \/>\n<meta property=\"og:image\" content=\"https:\/\/uncommonegg.com\/dayco\/wp-content\/uploads\/Accessory-Drive-Tens-1.jpg\" \/>\n\t<meta property=\"og:image:width\" content=\"609\" \/>\n\t<meta property=\"og:image:height\" content=\"356\" \/>\n\t<meta property=\"og:image:type\" content=\"image\/jpeg\" \/>\n<meta name=\"twitter:card\" content=\"summary_large_image\" \/>\n<meta name=\"twitter:site\" content=\"@DaycoOfficial\" \/>\n<meta name=\"twitter:label1\" content=\"Precio\" \/>\n\t<meta name=\"twitter:data1\" content=\"\" \/>\n\t<meta name=\"twitter:label2\" content=\"Disponibilidad\" \/>\n\t<meta name=\"twitter:data2\" content=\"Disponible\" \/>\n<script type=\"application\/ld+json\" class=\"yoast-schema-graph\">{\"@context\":\"https:\/\/schema.org\",\"@graph\":[{\"@type\":[\"WebPage\",\"ItemPage\"],\"@id\":\"https:\/\/uncommonegg.com\/dayco\/es\/producto\/tensores-de-transmision-para-elementos-auxiliares\/\",\"url\":\"https:\/\/uncommonegg.com\/dayco\/es\/producto\/tensores-de-transmision-para-elementos-auxiliares\/\",\"name\":\"Tensores de Transmisi\u00f3n para Elementos Auxiliares | Propulsion Solutions\",\"isPartOf\":{\"@id\":\"https:\/\/uncommonegg.com\/dayco\/es\/#website\"},\"primaryImageOfPage\":{\"@id\":\"https:\/\/uncommonegg.com\/dayco\/es\/producto\/tensores-de-transmision-para-elementos-auxiliares\/#primaryimage\"},\"image\":{\"@id\":\"https:\/\/uncommonegg.com\/dayco\/es\/producto\/tensores-de-transmision-para-elementos-auxiliares\/#primaryimage\"},\"thumbnailUrl\":\"https:\/\/uncommonegg.com\/dayco\/wp-content\/uploads\/Accessory-Drive-Tens-1.jpg\",\"datePublished\":\"2018-05-18T08:43:50+00:00\",\"dateModified\":\"2019-10-20T11:00:13+00:00\",\"breadcrumb\":{\"@id\":\"https:\/\/uncommonegg.com\/dayco\/es\/producto\/tensores-de-transmision-para-elementos-auxiliares\/#breadcrumb\"},\"inLanguage\":\"es\",\"potentialAction\":[{\"@type\":\"ReadAction\",\"target\":[\"https:\/\/uncommonegg.com\/dayco\/es\/producto\/tensores-de-transmision-para-elementos-auxiliares\/\"]}]},{\"@type\":\"ImageObject\",\"inLanguage\":\"es\",\"@id\":\"https:\/\/uncommonegg.com\/dayco\/es\/producto\/tensores-de-transmision-para-elementos-auxiliares\/#primaryimage\",\"url\":\"https:\/\/uncommonegg.com\/dayco\/wp-content\/uploads\/Accessory-Drive-Tens-1.jpg\",\"contentUrl\":\"https:\/\/uncommonegg.com\/dayco\/wp-content\/uploads\/Accessory-Drive-Tens-1.jpg\",\"width\":609,\"height\":356,\"caption\":\"Accessory Drive Tens 1\"},{\"@type\":\"BreadcrumbList\",\"@id\":\"https:\/\/uncommonegg.com\/dayco\/es\/producto\/tensores-de-transmision-para-elementos-auxiliares\/#breadcrumb\",\"itemListElement\":[{\"@type\":\"ListItem\",\"position\":1,\"name\":\"Inicio\",\"item\":\"https:\/\/uncommonegg.com\/dayco\/es\/home\/\"},{\"@type\":\"ListItem\",\"position\":2,\"name\":\"Productos\",\"item\":\"https:\/\/uncommonegg.com\/dayco\/es\/productos\/\"},{\"@type\":\"ListItem\",\"position\":3,\"name\":\"Tensores de Transmisi\u00f3n para Elementos Auxiliares\"}]},{\"@type\":\"WebSite\",\"@id\":\"https:\/\/uncommonegg.com\/dayco\/es\/#website\",\"url\":\"https:\/\/uncommonegg.com\/dayco\/es\/\",\"name\":\"Propulsion Solutions\",\"description\":\"Move Forward. Always.\u2122\",\"publisher\":{\"@id\":\"https:\/\/uncommonegg.com\/dayco\/es\/#organization\"},\"alternateName\":\"Propulsion Solutions\",\"potentialAction\":[{\"@type\":\"SearchAction\",\"target\":{\"@type\":\"EntryPoint\",\"urlTemplate\":\"https:\/\/uncommonegg.com\/dayco\/es\/?s={search_term_string}\"},\"query-input\":\"required name=search_term_string\"}],\"inLanguage\":\"es\"},{\"@type\":\"Organization\",\"@id\":\"https:\/\/uncommonegg.com\/dayco\/es\/#organization\",\"name\":\"Dayco Corporate\",\"alternateName\":\"Propulsion Solutions\",\"url\":\"https:\/\/uncommonegg.com\/dayco\/es\/\",\"logo\":{\"@type\":\"ImageObject\",\"inLanguage\":\"es\",\"@id\":\"https:\/\/uncommonegg.com\/dayco\/es\/#\/schema\/logo\/image\/\",\"url\":\"http:\/\/uncommonegg.com\/dayco\/wp-content\/uploads\/2024\/01\/PS-Logo-SEO2.jpg\",\"contentUrl\":\"http:\/\/uncommonegg.com\/dayco\/wp-content\/uploads\/2024\/01\/PS-Logo-SEO2.jpg\",\"width\":696,\"height\":696,\"caption\":\"Dayco Corporate\"},\"image\":{\"@id\":\"https:\/\/uncommonegg.com\/dayco\/es\/#\/schema\/logo\/image\/\"},\"sameAs\":[\"https:\/\/www.facebook.com\/DaycoOfficial\/\",\"https:\/\/twitter.com\/DaycoOfficial\",\"https:\/\/www.instagram.com\/daycoofficial\/\",\"https:\/\/www.linkedin.com\/company\/daycoofficial\/\",\"https:\/\/www.youtube.com\/DaycoOfficial\",\"https:\/\/en.wikipedia.org\/wiki\/Dayco\"]}]}<\/script>\n<meta property=\"product:brand\" content=\"Veh\u00edculos Ligeros OE\" \/>\n<meta property=\"product:price:amount\" content=\"0.00\" \/>\n<meta property=\"product:price:currency\" content=\"EUR\" \/>\n<meta property=\"og:availability\" content=\"instock\" \/>\n<meta property=\"product:availability\" content=\"instock\" \/>\n<meta property=\"product:retailer_item_id\" content=\"APVLD\" \/>\n<meta property=\"product:condition\" content=\"new\" \/>\n<!-- \/ Yoast SEO plugin. -->","yoast_head_json":{"title":"Tensores de Transmisi\u00f3n para Elementos Auxiliares | Propulsion Solutions","robots":{"index":"noindex","follow":"follow","max-snippet":"max-snippet:-1","max-image-preview":"max-image-preview:large","max-video-preview":"max-video-preview:-1"},"og_locale":"es_ES","og_type":"article","og_title":"Tensores de Transmisi\u00f3n para Elementos Auxiliares | Propulsion Solutions","og_description":"Dayco cuenta con una completa gama de tensores altamente resistentes y eficientes para adaptarse a las exigencias de rendimiento de cada aplicaci\u00f3n. Dichos tensores, en combinaci\u00f3n con nuestras correas, amortiguadores, poleas desacopladoras y otros componentes, act\u00faan de manera coordinada a nivel del sistema para reducir las p\u00e9rdidas por vibraci\u00f3n y fricci\u00f3n y as\u00ed garantizar un \u00f3ptimo grado de eficiencia. Los tensores Dayco presentan el original...","og_url":"https:\/\/uncommonegg.com\/dayco\/es\/producto\/tensores-de-transmision-para-elementos-auxiliares\/","og_site_name":"Propulsion Solutions","article_publisher":"https:\/\/www.facebook.com\/DaycoOfficial\/","article_modified_time":"2019-10-20T11:00:13+00:00","og_image":[{"width":609,"height":356,"url":"https:\/\/uncommonegg.com\/dayco\/wp-content\/uploads\/Accessory-Drive-Tens-1.jpg","type":"image\/jpeg"}],"twitter_card":"summary_large_image","twitter_site":"@DaycoOfficial","twitter_misc":{"Precio":"","Disponibilidad":"Disponible"},"schema":{"@context":"https:\/\/schema.org","@graph":[{"@type":["WebPage","ItemPage"],"@id":"https:\/\/uncommonegg.com\/dayco\/es\/producto\/tensores-de-transmision-para-elementos-auxiliares\/","url":"https:\/\/uncommonegg.com\/dayco\/es\/producto\/tensores-de-transmision-para-elementos-auxiliares\/","name":"Tensores de Transmisi\u00f3n para Elementos Auxiliares | Propulsion Solutions","isPartOf":{"@id":"https:\/\/uncommonegg.com\/dayco\/es\/#website"},"primaryImageOfPage":{"@id":"https:\/\/uncommonegg.com\/dayco\/es\/producto\/tensores-de-transmision-para-elementos-auxiliares\/#primaryimage"},"image":{"@id":"https:\/\/uncommonegg.com\/dayco\/es\/producto\/tensores-de-transmision-para-elementos-auxiliares\/#primaryimage"},"thumbnailUrl":"https:\/\/uncommonegg.com\/dayco\/wp-content\/uploads\/Accessory-Drive-Tens-1.jpg","datePublished":"2018-05-18T08:43:50+00:00","dateModified":"2019-10-20T11:00:13+00:00","breadcrumb":{"@id":"https:\/\/uncommonegg.com\/dayco\/es\/producto\/tensores-de-transmision-para-elementos-auxiliares\/#breadcrumb"},"inLanguage":"es","potentialAction":[{"@type":"ReadAction","target":["https:\/\/uncommonegg.com\/dayco\/es\/producto\/tensores-de-transmision-para-elementos-auxiliares\/"]}]},{"@type":"ImageObject","inLanguage":"es","@id":"https:\/\/uncommonegg.com\/dayco\/es\/producto\/tensores-de-transmision-para-elementos-auxiliares\/#primaryimage","url":"https:\/\/uncommonegg.com\/dayco\/wp-content\/uploads\/Accessory-Drive-Tens-1.jpg","contentUrl":"https:\/\/uncommonegg.com\/dayco\/wp-content\/uploads\/Accessory-Drive-Tens-1.jpg","width":609,"height":356,"caption":"Accessory Drive Tens 1"},{"@type":"BreadcrumbList","@id":"https:\/\/uncommonegg.com\/dayco\/es\/producto\/tensores-de-transmision-para-elementos-auxiliares\/#breadcrumb","itemListElement":[{"@type":"ListItem","position":1,"name":"Inicio","item":"https:\/\/uncommonegg.com\/dayco\/es\/home\/"},{"@type":"ListItem","position":2,"name":"Productos","item":"https:\/\/uncommonegg.com\/dayco\/es\/productos\/"},{"@type":"ListItem","position":3,"name":"Tensores de Transmisi\u00f3n para Elementos Auxiliares"}]},{"@type":"WebSite","@id":"https:\/\/uncommonegg.com\/dayco\/es\/#website","url":"https:\/\/uncommonegg.com\/dayco\/es\/","name":"Propulsion Solutions","description":"Move Forward. Always.\u2122","publisher":{"@id":"https:\/\/uncommonegg.com\/dayco\/es\/#organization"},"alternateName":"Propulsion Solutions","potentialAction":[{"@type":"SearchAction","target":{"@type":"EntryPoint","urlTemplate":"https:\/\/uncommonegg.com\/dayco\/es\/?s={search_term_string}"},"query-input":"required name=search_term_string"}],"inLanguage":"es"},{"@type":"Organization","@id":"https:\/\/uncommonegg.com\/dayco\/es\/#organization","name":"Dayco Corporate","alternateName":"Propulsion Solutions","url":"https:\/\/uncommonegg.com\/dayco\/es\/","logo":{"@type":"ImageObject","inLanguage":"es","@id":"https:\/\/uncommonegg.com\/dayco\/es\/#\/schema\/logo\/image\/","url":"http:\/\/uncommonegg.com\/dayco\/wp-content\/uploads\/2024\/01\/PS-Logo-SEO2.jpg","contentUrl":"http:\/\/uncommonegg.com\/dayco\/wp-content\/uploads\/2024\/01\/PS-Logo-SEO2.jpg","width":696,"height":696,"caption":"Dayco Corporate"},"image":{"@id":"https:\/\/uncommonegg.com\/dayco\/es\/#\/schema\/logo\/image\/"},"sameAs":["https:\/\/www.facebook.com\/DaycoOfficial\/","https:\/\/twitter.com\/DaycoOfficial","https:\/\/www.instagram.com\/daycoofficial\/","https:\/\/www.linkedin.com\/company\/daycoofficial\/","https:\/\/www.youtube.com\/DaycoOfficial","https:\/\/en.wikipedia.org\/wiki\/Dayco"]}]},"product_brand":"Veh\u00edculos Ligeros OE","product_price_amount":"0.00","product_price_currency":"EUR","og_availability":"instock","product_availability":"instock","product_retailer_item_id":"APVLD","product_condition":"new"},"_links":{"self":[{"href":"https:\/\/uncommonegg.com\/dayco\/es\/wp-json\/wp\/v2\/product\/62374"}],"collection":[{"href":"https:\/\/uncommonegg.com\/dayco\/es\/wp-json\/wp\/v2\/product"}],"about":[{"href":"https:\/\/uncommonegg.com\/dayco\/es\/wp-json\/wp\/v2\/types\/product"}],"wp:featuredmedia":[{"embeddable":true,"href":"https:\/\/uncommonegg.com\/dayco\/es\/wp-json\/wp\/v2\/media\/54057"}],"wp:attachment":[{"href":"https:\/\/uncommonegg.com\/dayco\/es\/wp-json\/wp\/v2\/media?parent=62374"}],"wp:term":[{"taxonomy":"product_cat","embeddable":true,"href":"https:\/\/uncommonegg.com\/dayco\/es\/wp-json\/wp\/v2\/product_cat?post=62374"},{"taxonomy":"product_tag","embeddable":true,"href":"https:\/\/uncommonegg.com\/dayco\/es\/wp-json\/wp\/v2\/product_tag?post=62374"}],"curies":[{"name":"wp","href":"https:\/\/api.w.org\/{rel}","templated":true}]}}