{"id":61969,"date":"2018-05-18T11:27:26","date_gmt":"2018-05-18T09:27:26","guid":{"rendered":"http:\/\/uncommonegg.com\/dayco\/product\/tensores-de-la-correa-de-distribucion\/"},"modified":"2019-10-20T13:28:05","modified_gmt":"2019-10-20T11:28:05","slug":"tensores-de-la-correa-de-distribucion","status":"publish","type":"product","link":"https:\/\/uncommonegg.com\/dayco\/es\/producto\/tensores-de-la-correa-de-distribucion\/","title":{"rendered":"Tensores de la Correa de Distribuci\u00f3n"},"content":{"rendered":"<p>Dayco ofrece una completa gama de tensores mec\u00e1nicos de la correa de distribuci\u00f3n de doble y simple leva. El dise\u00f1o de dichos tensores est\u00e1 optimizado para cada aplicaci\u00f3n concreta y tiene en cuenta el comportamiento espec\u00edfico de la transmisi\u00f3n a fin de garantizar un funcionamiento fluido durante toda la vida \u00fatil del producto.<\/p>\n","protected":false},"excerpt":{"rendered":"<p>Dayco ofrece una completa gama de tensores mec\u00e1nicos de la correa de distribuci\u00f3n de doble y simple leva. El dise\u00f1o de dichos tensores est\u00e1 optimizado para cada aplicaci\u00f3n concreta y tiene en cuenta el comportamiento espec\u00edfico de la transmisi\u00f3n a fin de garantizar un funcionamiento fluido durante toda la vida \u00fatil del producto.<\/p>\n","protected":false},"featured_media":53640,"template":"","meta":[],"product_cat":[348],"product_tag":[],"yoast_head":"<!-- This site is optimized with the Yoast SEO plugin v22.4 - https:\/\/yoast.com\/wordpress\/plugins\/seo\/ -->\n<title>Tensores de la Correa de Distribuci\u00f3n | Propulsion Solutions<\/title>\n<meta name=\"description\" content=\"Dayco offers a complete line of single-and double-eccentric mechanical timing belt tensioners. These tensioners are optimized for each application.\" \/>\n<meta name=\"robots\" content=\"noindex, follow, max-snippet:-1, max-image-preview:large, max-video-preview:-1\" \/>\n<meta property=\"og:locale\" content=\"es_ES\" \/>\n<meta property=\"og:type\" content=\"article\" \/>\n<meta property=\"og:title\" content=\"Tensores de la Correa de Distribuci\u00f3n | Propulsion Solutions\" \/>\n<meta property=\"og:description\" content=\"Dayco offers a complete line of single-and double-eccentric mechanical timing belt tensioners. These tensioners are optimized for each application.\" \/>\n<meta property=\"og:url\" content=\"https:\/\/uncommonegg.com\/dayco\/es\/producto\/tensores-de-la-correa-de-distribucion\/\" \/>\n<meta property=\"og:site_name\" content=\"Propulsion Solutions\" \/>\n<meta property=\"article:publisher\" content=\"https:\/\/www.facebook.com\/DaycoOfficial\/\" \/>\n<meta property=\"article:modified_time\" content=\"2019-10-20T11:28:05+00:00\" \/>\n<meta property=\"og:image\" content=\"https:\/\/uncommonegg.com\/dayco\/wp-content\/uploads\/Timing-Tens-1.jpg\" \/>\n\t<meta property=\"og:image:width\" content=\"609\" \/>\n\t<meta property=\"og:image:height\" content=\"356\" \/>\n\t<meta property=\"og:image:type\" content=\"image\/jpeg\" \/>\n<meta name=\"twitter:card\" content=\"summary_large_image\" \/>\n<meta name=\"twitter:site\" content=\"@DaycoOfficial\" \/>\n<meta name=\"twitter:label1\" content=\"Precio\" \/>\n\t<meta name=\"twitter:data1\" content=\"\" \/>\n\t<meta name=\"twitter:label2\" content=\"Disponibilidad\" \/>\n\t<meta name=\"twitter:data2\" content=\"Disponible\" \/>\n<script type=\"application\/ld+json\" class=\"yoast-schema-graph\">{\"@context\":\"https:\/\/schema.org\",\"@graph\":[{\"@type\":[\"WebPage\",\"ItemPage\"],\"@id\":\"https:\/\/uncommonegg.com\/dayco\/es\/producto\/tensores-de-la-correa-de-distribucion\/\",\"url\":\"https:\/\/uncommonegg.com\/dayco\/es\/producto\/tensores-de-la-correa-de-distribucion\/\",\"name\":\"Tensores de la Correa de Distribuci\u00f3n | Propulsion Solutions\",\"isPartOf\":{\"@id\":\"https:\/\/uncommonegg.com\/dayco\/es\/#website\"},\"primaryImageOfPage\":{\"@id\":\"https:\/\/uncommonegg.com\/dayco\/es\/producto\/tensores-de-la-correa-de-distribucion\/#primaryimage\"},\"image\":{\"@id\":\"https:\/\/uncommonegg.com\/dayco\/es\/producto\/tensores-de-la-correa-de-distribucion\/#primaryimage\"},\"thumbnailUrl\":\"https:\/\/uncommonegg.com\/dayco\/wp-content\/uploads\/Timing-Tens-1.jpg\",\"datePublished\":\"2018-05-18T09:27:26+00:00\",\"dateModified\":\"2019-10-20T11:28:05+00:00\",\"description\":\"Dayco offers a complete line of single-and double-eccentric mechanical timing belt tensioners. These tensioners are optimized for each application.\",\"breadcrumb\":{\"@id\":\"https:\/\/uncommonegg.com\/dayco\/es\/producto\/tensores-de-la-correa-de-distribucion\/#breadcrumb\"},\"inLanguage\":\"es\",\"potentialAction\":[{\"@type\":\"ReadAction\",\"target\":[\"https:\/\/uncommonegg.com\/dayco\/es\/producto\/tensores-de-la-correa-de-distribucion\/\"]}]},{\"@type\":\"ImageObject\",\"inLanguage\":\"es\",\"@id\":\"https:\/\/uncommonegg.com\/dayco\/es\/producto\/tensores-de-la-correa-de-distribucion\/#primaryimage\",\"url\":\"https:\/\/uncommonegg.com\/dayco\/wp-content\/uploads\/Timing-Tens-1.jpg\",\"contentUrl\":\"https:\/\/uncommonegg.com\/dayco\/wp-content\/uploads\/Timing-Tens-1.jpg\",\"width\":609,\"height\":356,\"caption\":\"Timing Tens 1\"},{\"@type\":\"BreadcrumbList\",\"@id\":\"https:\/\/uncommonegg.com\/dayco\/es\/producto\/tensores-de-la-correa-de-distribucion\/#breadcrumb\",\"itemListElement\":[{\"@type\":\"ListItem\",\"position\":1,\"name\":\"Inicio\",\"item\":\"https:\/\/uncommonegg.com\/dayco\/es\/home\/\"},{\"@type\":\"ListItem\",\"position\":2,\"name\":\"Productos\",\"item\":\"https:\/\/uncommonegg.com\/dayco\/es\/productos\/\"},{\"@type\":\"ListItem\",\"position\":3,\"name\":\"Tensores de la Correa de Distribuci\u00f3n\"}]},{\"@type\":\"WebSite\",\"@id\":\"https:\/\/uncommonegg.com\/dayco\/es\/#website\",\"url\":\"https:\/\/uncommonegg.com\/dayco\/es\/\",\"name\":\"Propulsion Solutions\",\"description\":\"Move Forward. Always.\u2122\",\"publisher\":{\"@id\":\"https:\/\/uncommonegg.com\/dayco\/es\/#organization\"},\"alternateName\":\"Propulsion Solutions\",\"potentialAction\":[{\"@type\":\"SearchAction\",\"target\":{\"@type\":\"EntryPoint\",\"urlTemplate\":\"https:\/\/uncommonegg.com\/dayco\/es\/?s={search_term_string}\"},\"query-input\":\"required name=search_term_string\"}],\"inLanguage\":\"es\"},{\"@type\":\"Organization\",\"@id\":\"https:\/\/uncommonegg.com\/dayco\/es\/#organization\",\"name\":\"Dayco Corporate\",\"alternateName\":\"Propulsion Solutions\",\"url\":\"https:\/\/uncommonegg.com\/dayco\/es\/\",\"logo\":{\"@type\":\"ImageObject\",\"inLanguage\":\"es\",\"@id\":\"https:\/\/uncommonegg.com\/dayco\/es\/#\/schema\/logo\/image\/\",\"url\":\"http:\/\/uncommonegg.com\/dayco\/wp-content\/uploads\/2024\/01\/PS-Logo-SEO2.jpg\",\"contentUrl\":\"http:\/\/uncommonegg.com\/dayco\/wp-content\/uploads\/2024\/01\/PS-Logo-SEO2.jpg\",\"width\":696,\"height\":696,\"caption\":\"Dayco Corporate\"},\"image\":{\"@id\":\"https:\/\/uncommonegg.com\/dayco\/es\/#\/schema\/logo\/image\/\"},\"sameAs\":[\"https:\/\/www.facebook.com\/DaycoOfficial\/\",\"https:\/\/twitter.com\/DaycoOfficial\",\"https:\/\/www.instagram.com\/daycoofficial\/\",\"https:\/\/www.linkedin.com\/company\/daycoofficial\/\",\"https:\/\/www.youtube.com\/DaycoOfficial\",\"https:\/\/en.wikipedia.org\/wiki\/Dayco\"]}]}<\/script>\n<meta property=\"product:brand\" content=\"Veh\u00edculos Ligeros OE\" \/>\n<meta property=\"product:price:amount\" content=\"0.00\" \/>\n<meta property=\"product:price:currency\" content=\"EUR\" \/>\n<meta property=\"og:availability\" content=\"instock\" \/>\n<meta property=\"product:availability\" content=\"instock\" \/>\n<meta property=\"product:retailer_item_id\" content=\"ATBLD\" \/>\n<meta property=\"product:condition\" content=\"new\" \/>\n<!-- \/ Yoast SEO plugin. -->","yoast_head_json":{"title":"Tensores de la Correa de Distribuci\u00f3n | Propulsion Solutions","description":"Dayco offers a complete line of single-and double-eccentric mechanical timing belt tensioners. These tensioners are optimized for each application.","robots":{"index":"noindex","follow":"follow","max-snippet":"max-snippet:-1","max-image-preview":"max-image-preview:large","max-video-preview":"max-video-preview:-1"},"og_locale":"es_ES","og_type":"article","og_title":"Tensores de la Correa de Distribuci\u00f3n | Propulsion Solutions","og_description":"Dayco offers a complete line of single-and double-eccentric mechanical timing belt tensioners. These tensioners are optimized for each application.","og_url":"https:\/\/uncommonegg.com\/dayco\/es\/producto\/tensores-de-la-correa-de-distribucion\/","og_site_name":"Propulsion Solutions","article_publisher":"https:\/\/www.facebook.com\/DaycoOfficial\/","article_modified_time":"2019-10-20T11:28:05+00:00","og_image":[{"width":609,"height":356,"url":"https:\/\/uncommonegg.com\/dayco\/wp-content\/uploads\/Timing-Tens-1.jpg","type":"image\/jpeg"}],"twitter_card":"summary_large_image","twitter_site":"@DaycoOfficial","twitter_misc":{"Precio":"","Disponibilidad":"Disponible"},"schema":{"@context":"https:\/\/schema.org","@graph":[{"@type":["WebPage","ItemPage"],"@id":"https:\/\/uncommonegg.com\/dayco\/es\/producto\/tensores-de-la-correa-de-distribucion\/","url":"https:\/\/uncommonegg.com\/dayco\/es\/producto\/tensores-de-la-correa-de-distribucion\/","name":"Tensores de la Correa de Distribuci\u00f3n | Propulsion Solutions","isPartOf":{"@id":"https:\/\/uncommonegg.com\/dayco\/es\/#website"},"primaryImageOfPage":{"@id":"https:\/\/uncommonegg.com\/dayco\/es\/producto\/tensores-de-la-correa-de-distribucion\/#primaryimage"},"image":{"@id":"https:\/\/uncommonegg.com\/dayco\/es\/producto\/tensores-de-la-correa-de-distribucion\/#primaryimage"},"thumbnailUrl":"https:\/\/uncommonegg.com\/dayco\/wp-content\/uploads\/Timing-Tens-1.jpg","datePublished":"2018-05-18T09:27:26+00:00","dateModified":"2019-10-20T11:28:05+00:00","description":"Dayco offers a complete line of single-and double-eccentric mechanical timing belt tensioners. These tensioners are optimized for each application.","breadcrumb":{"@id":"https:\/\/uncommonegg.com\/dayco\/es\/producto\/tensores-de-la-correa-de-distribucion\/#breadcrumb"},"inLanguage":"es","potentialAction":[{"@type":"ReadAction","target":["https:\/\/uncommonegg.com\/dayco\/es\/producto\/tensores-de-la-correa-de-distribucion\/"]}]},{"@type":"ImageObject","inLanguage":"es","@id":"https:\/\/uncommonegg.com\/dayco\/es\/producto\/tensores-de-la-correa-de-distribucion\/#primaryimage","url":"https:\/\/uncommonegg.com\/dayco\/wp-content\/uploads\/Timing-Tens-1.jpg","contentUrl":"https:\/\/uncommonegg.com\/dayco\/wp-content\/uploads\/Timing-Tens-1.jpg","width":609,"height":356,"caption":"Timing Tens 1"},{"@type":"BreadcrumbList","@id":"https:\/\/uncommonegg.com\/dayco\/es\/producto\/tensores-de-la-correa-de-distribucion\/#breadcrumb","itemListElement":[{"@type":"ListItem","position":1,"name":"Inicio","item":"https:\/\/uncommonegg.com\/dayco\/es\/home\/"},{"@type":"ListItem","position":2,"name":"Productos","item":"https:\/\/uncommonegg.com\/dayco\/es\/productos\/"},{"@type":"ListItem","position":3,"name":"Tensores de la Correa de Distribuci\u00f3n"}]},{"@type":"WebSite","@id":"https:\/\/uncommonegg.com\/dayco\/es\/#website","url":"https:\/\/uncommonegg.com\/dayco\/es\/","name":"Propulsion Solutions","description":"Move Forward. Always.\u2122","publisher":{"@id":"https:\/\/uncommonegg.com\/dayco\/es\/#organization"},"alternateName":"Propulsion Solutions","potentialAction":[{"@type":"SearchAction","target":{"@type":"EntryPoint","urlTemplate":"https:\/\/uncommonegg.com\/dayco\/es\/?s={search_term_string}"},"query-input":"required name=search_term_string"}],"inLanguage":"es"},{"@type":"Organization","@id":"https:\/\/uncommonegg.com\/dayco\/es\/#organization","name":"Dayco Corporate","alternateName":"Propulsion Solutions","url":"https:\/\/uncommonegg.com\/dayco\/es\/","logo":{"@type":"ImageObject","inLanguage":"es","@id":"https:\/\/uncommonegg.com\/dayco\/es\/#\/schema\/logo\/image\/","url":"http:\/\/uncommonegg.com\/dayco\/wp-content\/uploads\/2024\/01\/PS-Logo-SEO2.jpg","contentUrl":"http:\/\/uncommonegg.com\/dayco\/wp-content\/uploads\/2024\/01\/PS-Logo-SEO2.jpg","width":696,"height":696,"caption":"Dayco Corporate"},"image":{"@id":"https:\/\/uncommonegg.com\/dayco\/es\/#\/schema\/logo\/image\/"},"sameAs":["https:\/\/www.facebook.com\/DaycoOfficial\/","https:\/\/twitter.com\/DaycoOfficial","https:\/\/www.instagram.com\/daycoofficial\/","https:\/\/www.linkedin.com\/company\/daycoofficial\/","https:\/\/www.youtube.com\/DaycoOfficial","https:\/\/en.wikipedia.org\/wiki\/Dayco"]}]},"product_brand":"Veh\u00edculos Ligeros OE","product_price_amount":"0.00","product_price_currency":"EUR","og_availability":"instock","product_availability":"instock","product_retailer_item_id":"ATBLD","product_condition":"new"},"_links":{"self":[{"href":"https:\/\/uncommonegg.com\/dayco\/es\/wp-json\/wp\/v2\/product\/61969"}],"collection":[{"href":"https:\/\/uncommonegg.com\/dayco\/es\/wp-json\/wp\/v2\/product"}],"about":[{"href":"https:\/\/uncommonegg.com\/dayco\/es\/wp-json\/wp\/v2\/types\/product"}],"wp:featuredmedia":[{"embeddable":true,"href":"https:\/\/uncommonegg.com\/dayco\/es\/wp-json\/wp\/v2\/media\/53640"}],"wp:attachment":[{"href":"https:\/\/uncommonegg.com\/dayco\/es\/wp-json\/wp\/v2\/media?parent=61969"}],"wp:term":[{"taxonomy":"product_cat","embeddable":true,"href":"https:\/\/uncommonegg.com\/dayco\/es\/wp-json\/wp\/v2\/product_cat?post=61969"},{"taxonomy":"product_tag","embeddable":true,"href":"https:\/\/uncommonegg.com\/dayco\/es\/wp-json\/wp\/v2\/product_tag?post=61969"}],"curies":[{"name":"wp","href":"https:\/\/api.w.org\/{rel}","templated":true}]}}