{"id":61752,"date":"2018-05-18T11:51:46","date_gmt":"2018-05-18T09:51:46","guid":{"rendered":"http:\/\/uncommonegg.com\/dayco\/product\/amortiguadores-de-ciguenal\/"},"modified":"2018-05-18T11:51:46","modified_gmt":"2018-05-18T09:51:46","slug":"amortiguadores-de-ciguenal","status":"publish","type":"product","link":"https:\/\/uncommonegg.com\/dayco\/es\/producto\/amortiguadores-de-ciguenal\/","title":{"rendered":"Amortiguadores de Cig\u00fce\u00f1al"},"content":{"rendered":"<p>Dayco tiene un largo historial en materia de innovaci\u00f3n, dise\u00f1o y fabricaci\u00f3n de amortiguadores para sistemas de transmisi\u00f3n en autom\u00f3viles. Nuestra tecnolog\u00eda de amortiguaci\u00f3n, dise\u00f1ada para reducir el ruido, la vibraci\u00f3n y la rigidez, permite optimizar la estabilidad del sistema, minimizar la variaci\u00f3n de tensi\u00f3n en las correas, prolongar la vida \u00fatil del sistema y de sus componentes y aumentar la eficiencia en el uso del combustible. Dayco emplea software propio y tambi\u00e9n herramientas de software comercial de \u00faltima generaci\u00f3n para optimizar y validar estos productos a la hora de crear pr\u00e1cticamente todos sus prototipos.<\/p>\n<p>Dayco tiene repartidos por todo el mundo diferentes centros t\u00e9cnicos en los que se crean y someten a pruebas los prototipos de acuerdo con las exigencias de los OEM de la industria del autom\u00f3vil. La innovaci\u00f3n en tecnolog\u00eda de amortiguaci\u00f3n ha ayudado a que Dayco se haya convertido en un l\u00edder de este campo. El amortiguador sintonizado de doble acci\u00f3n (DATA Dual Action Tuned Absorber), el amortiguador de correa encastrado (RBD &#8211; Recessed Belt Damper) y el perfil de arco doble radialmente asim\u00e9trico (RADA &#8211; Radially Asymmetric Dual Arc Profile) son algunas de las tecnolog\u00edas l\u00edderes del sector que Dayco ofrece para nuevas aplicaciones.<\/p>\n","protected":false},"excerpt":{"rendered":"<p>Dayco tiene un largo historial en materia de innovaci\u00f3n, dise\u00f1o y fabricaci\u00f3n de amortiguadores para sistemas de transmisi\u00f3n en autom\u00f3viles. Nuestra tecnolog\u00eda de amortiguaci\u00f3n, dise\u00f1ada para reducir el ruido, la vibraci\u00f3n y la rigidez, permite optimizar la estabilidad del sistema, minimizar la variaci\u00f3n de tensi\u00f3n en las correas, prolongar la vida \u00fatil del sistema y de sus componentes y aumentar la eficiencia en el uso&#8230;<\/p>\n","protected":false},"featured_media":17433,"template":"","meta":[],"product_cat":[348],"product_tag":[],"yoast_head":"<!-- This site is optimized with the Yoast SEO plugin v22.4 - https:\/\/yoast.com\/wordpress\/plugins\/seo\/ -->\n<title>Amortiguadores de Cig\u00fce\u00f1al | Propulsion Solutions<\/title>\n<meta name=\"robots\" content=\"noindex, follow, max-snippet:-1, max-image-preview:large, max-video-preview:-1\" \/>\n<meta property=\"og:locale\" content=\"es_ES\" \/>\n<meta property=\"og:type\" content=\"article\" \/>\n<meta property=\"og:title\" content=\"Amortiguadores de Cig\u00fce\u00f1al | Propulsion Solutions\" \/>\n<meta property=\"og:description\" content=\"Dayco tiene un largo historial en materia de innovaci\u00f3n, dise\u00f1o y fabricaci\u00f3n de amortiguadores para sistemas de transmisi\u00f3n en autom\u00f3viles. Nuestra tecnolog\u00eda de amortiguaci\u00f3n, dise\u00f1ada para reducir el ruido, la vibraci\u00f3n y la rigidez, permite optimizar la estabilidad del sistema, minimizar la variaci\u00f3n de tensi\u00f3n en las correas, prolongar la vida \u00fatil del sistema y de sus componentes y aumentar la eficiencia en el uso...\" \/>\n<meta property=\"og:url\" content=\"https:\/\/uncommonegg.com\/dayco\/es\/producto\/amortiguadores-de-ciguenal\/\" \/>\n<meta property=\"og:site_name\" content=\"Propulsion Solutions\" \/>\n<meta property=\"article:publisher\" content=\"https:\/\/www.facebook.com\/DaycoOfficial\/\" \/>\n<meta property=\"og:image\" content=\"https:\/\/uncommonegg.com\/dayco\/wp-content\/uploads\/Crankshaft-Damp-1.jpg\" \/>\n\t<meta property=\"og:image:width\" content=\"609\" \/>\n\t<meta property=\"og:image:height\" content=\"356\" \/>\n\t<meta property=\"og:image:type\" content=\"image\/jpeg\" \/>\n<meta name=\"twitter:card\" content=\"summary_large_image\" \/>\n<meta name=\"twitter:site\" content=\"@DaycoOfficial\" \/>\n<meta name=\"twitter:label1\" content=\"Precio\" \/>\n\t<meta name=\"twitter:data1\" content=\"\" \/>\n\t<meta name=\"twitter:label2\" content=\"Disponibilidad\" \/>\n\t<meta name=\"twitter:data2\" content=\"Disponible\" \/>\n<script type=\"application\/ld+json\" class=\"yoast-schema-graph\">{\"@context\":\"https:\/\/schema.org\",\"@graph\":[{\"@type\":[\"WebPage\",\"ItemPage\"],\"@id\":\"https:\/\/uncommonegg.com\/dayco\/es\/producto\/amortiguadores-de-ciguenal\/\",\"url\":\"https:\/\/uncommonegg.com\/dayco\/es\/producto\/amortiguadores-de-ciguenal\/\",\"name\":\"Amortiguadores de Cig\u00fce\u00f1al | Propulsion Solutions\",\"isPartOf\":{\"@id\":\"https:\/\/uncommonegg.com\/dayco\/es\/#website\"},\"primaryImageOfPage\":{\"@id\":\"https:\/\/uncommonegg.com\/dayco\/es\/producto\/amortiguadores-de-ciguenal\/#primaryimage\"},\"image\":{\"@id\":\"https:\/\/uncommonegg.com\/dayco\/es\/producto\/amortiguadores-de-ciguenal\/#primaryimage\"},\"thumbnailUrl\":\"https:\/\/uncommonegg.com\/dayco\/wp-content\/uploads\/Crankshaft-Damp-1.jpg\",\"datePublished\":\"2018-05-18T09:51:46+00:00\",\"dateModified\":\"2018-05-18T09:51:46+00:00\",\"breadcrumb\":{\"@id\":\"https:\/\/uncommonegg.com\/dayco\/es\/producto\/amortiguadores-de-ciguenal\/#breadcrumb\"},\"inLanguage\":\"es\",\"potentialAction\":[{\"@type\":\"ReadAction\",\"target\":[\"https:\/\/uncommonegg.com\/dayco\/es\/producto\/amortiguadores-de-ciguenal\/\"]}]},{\"@type\":\"ImageObject\",\"inLanguage\":\"es\",\"@id\":\"https:\/\/uncommonegg.com\/dayco\/es\/producto\/amortiguadores-de-ciguenal\/#primaryimage\",\"url\":\"https:\/\/uncommonegg.com\/dayco\/wp-content\/uploads\/Crankshaft-Damp-1.jpg\",\"contentUrl\":\"https:\/\/uncommonegg.com\/dayco\/wp-content\/uploads\/Crankshaft-Damp-1.jpg\",\"width\":609,\"height\":356,\"caption\":\"Crankshaft Damp 1\"},{\"@type\":\"BreadcrumbList\",\"@id\":\"https:\/\/uncommonegg.com\/dayco\/es\/producto\/amortiguadores-de-ciguenal\/#breadcrumb\",\"itemListElement\":[{\"@type\":\"ListItem\",\"position\":1,\"name\":\"Inicio\",\"item\":\"https:\/\/uncommonegg.com\/dayco\/es\/home\/\"},{\"@type\":\"ListItem\",\"position\":2,\"name\":\"Productos\",\"item\":\"https:\/\/uncommonegg.com\/dayco\/es\/productos\/\"},{\"@type\":\"ListItem\",\"position\":3,\"name\":\"Amortiguadores de Cig\u00fce\u00f1al\"}]},{\"@type\":\"WebSite\",\"@id\":\"https:\/\/uncommonegg.com\/dayco\/es\/#website\",\"url\":\"https:\/\/uncommonegg.com\/dayco\/es\/\",\"name\":\"Propulsion Solutions\",\"description\":\"Move Forward. Always.\u2122\",\"publisher\":{\"@id\":\"https:\/\/uncommonegg.com\/dayco\/es\/#organization\"},\"alternateName\":\"Propulsion Solutions\",\"potentialAction\":[{\"@type\":\"SearchAction\",\"target\":{\"@type\":\"EntryPoint\",\"urlTemplate\":\"https:\/\/uncommonegg.com\/dayco\/es\/?s={search_term_string}\"},\"query-input\":\"required name=search_term_string\"}],\"inLanguage\":\"es\"},{\"@type\":\"Organization\",\"@id\":\"https:\/\/uncommonegg.com\/dayco\/es\/#organization\",\"name\":\"Dayco Corporate\",\"alternateName\":\"Propulsion Solutions\",\"url\":\"https:\/\/uncommonegg.com\/dayco\/es\/\",\"logo\":{\"@type\":\"ImageObject\",\"inLanguage\":\"es\",\"@id\":\"https:\/\/uncommonegg.com\/dayco\/es\/#\/schema\/logo\/image\/\",\"url\":\"http:\/\/uncommonegg.com\/dayco\/wp-content\/uploads\/2024\/01\/PS-Logo-SEO2.jpg\",\"contentUrl\":\"http:\/\/uncommonegg.com\/dayco\/wp-content\/uploads\/2024\/01\/PS-Logo-SEO2.jpg\",\"width\":696,\"height\":696,\"caption\":\"Dayco Corporate\"},\"image\":{\"@id\":\"https:\/\/uncommonegg.com\/dayco\/es\/#\/schema\/logo\/image\/\"},\"sameAs\":[\"https:\/\/www.facebook.com\/DaycoOfficial\/\",\"https:\/\/twitter.com\/DaycoOfficial\",\"https:\/\/www.instagram.com\/daycoofficial\/\",\"https:\/\/www.linkedin.com\/company\/daycoofficial\/\",\"https:\/\/www.youtube.com\/DaycoOfficial\",\"https:\/\/en.wikipedia.org\/wiki\/Dayco\"]}]}<\/script>\n<meta property=\"product:brand\" content=\"Veh\u00edculos Ligeros OE\" \/>\n<meta property=\"product:price:amount\" content=\"0.00\" \/>\n<meta property=\"product:price:currency\" content=\"EUR\" \/>\n<meta property=\"og:availability\" content=\"instock\" \/>\n<meta property=\"product:availability\" content=\"instock\" \/>\n<meta property=\"product:retailer_item_id\" content=\"CDMPLD\" \/>\n<meta property=\"product:condition\" content=\"new\" \/>\n<!-- \/ Yoast SEO plugin. -->","yoast_head_json":{"title":"Amortiguadores de Cig\u00fce\u00f1al | Propulsion Solutions","robots":{"index":"noindex","follow":"follow","max-snippet":"max-snippet:-1","max-image-preview":"max-image-preview:large","max-video-preview":"max-video-preview:-1"},"og_locale":"es_ES","og_type":"article","og_title":"Amortiguadores de Cig\u00fce\u00f1al | Propulsion Solutions","og_description":"Dayco tiene un largo historial en materia de innovaci\u00f3n, dise\u00f1o y fabricaci\u00f3n de amortiguadores para sistemas de transmisi\u00f3n en autom\u00f3viles. Nuestra tecnolog\u00eda de amortiguaci\u00f3n, dise\u00f1ada para reducir el ruido, la vibraci\u00f3n y la rigidez, permite optimizar la estabilidad del sistema, minimizar la variaci\u00f3n de tensi\u00f3n en las correas, prolongar la vida \u00fatil del sistema y de sus componentes y aumentar la eficiencia en el uso...","og_url":"https:\/\/uncommonegg.com\/dayco\/es\/producto\/amortiguadores-de-ciguenal\/","og_site_name":"Propulsion Solutions","article_publisher":"https:\/\/www.facebook.com\/DaycoOfficial\/","og_image":[{"width":609,"height":356,"url":"https:\/\/uncommonegg.com\/dayco\/wp-content\/uploads\/Crankshaft-Damp-1.jpg","type":"image\/jpeg"}],"twitter_card":"summary_large_image","twitter_site":"@DaycoOfficial","twitter_misc":{"Precio":"","Disponibilidad":"Disponible"},"schema":{"@context":"https:\/\/schema.org","@graph":[{"@type":["WebPage","ItemPage"],"@id":"https:\/\/uncommonegg.com\/dayco\/es\/producto\/amortiguadores-de-ciguenal\/","url":"https:\/\/uncommonegg.com\/dayco\/es\/producto\/amortiguadores-de-ciguenal\/","name":"Amortiguadores de Cig\u00fce\u00f1al | Propulsion Solutions","isPartOf":{"@id":"https:\/\/uncommonegg.com\/dayco\/es\/#website"},"primaryImageOfPage":{"@id":"https:\/\/uncommonegg.com\/dayco\/es\/producto\/amortiguadores-de-ciguenal\/#primaryimage"},"image":{"@id":"https:\/\/uncommonegg.com\/dayco\/es\/producto\/amortiguadores-de-ciguenal\/#primaryimage"},"thumbnailUrl":"https:\/\/uncommonegg.com\/dayco\/wp-content\/uploads\/Crankshaft-Damp-1.jpg","datePublished":"2018-05-18T09:51:46+00:00","dateModified":"2018-05-18T09:51:46+00:00","breadcrumb":{"@id":"https:\/\/uncommonegg.com\/dayco\/es\/producto\/amortiguadores-de-ciguenal\/#breadcrumb"},"inLanguage":"es","potentialAction":[{"@type":"ReadAction","target":["https:\/\/uncommonegg.com\/dayco\/es\/producto\/amortiguadores-de-ciguenal\/"]}]},{"@type":"ImageObject","inLanguage":"es","@id":"https:\/\/uncommonegg.com\/dayco\/es\/producto\/amortiguadores-de-ciguenal\/#primaryimage","url":"https:\/\/uncommonegg.com\/dayco\/wp-content\/uploads\/Crankshaft-Damp-1.jpg","contentUrl":"https:\/\/uncommonegg.com\/dayco\/wp-content\/uploads\/Crankshaft-Damp-1.jpg","width":609,"height":356,"caption":"Crankshaft Damp 1"},{"@type":"BreadcrumbList","@id":"https:\/\/uncommonegg.com\/dayco\/es\/producto\/amortiguadores-de-ciguenal\/#breadcrumb","itemListElement":[{"@type":"ListItem","position":1,"name":"Inicio","item":"https:\/\/uncommonegg.com\/dayco\/es\/home\/"},{"@type":"ListItem","position":2,"name":"Productos","item":"https:\/\/uncommonegg.com\/dayco\/es\/productos\/"},{"@type":"ListItem","position":3,"name":"Amortiguadores de Cig\u00fce\u00f1al"}]},{"@type":"WebSite","@id":"https:\/\/uncommonegg.com\/dayco\/es\/#website","url":"https:\/\/uncommonegg.com\/dayco\/es\/","name":"Propulsion Solutions","description":"Move Forward. Always.\u2122","publisher":{"@id":"https:\/\/uncommonegg.com\/dayco\/es\/#organization"},"alternateName":"Propulsion Solutions","potentialAction":[{"@type":"SearchAction","target":{"@type":"EntryPoint","urlTemplate":"https:\/\/uncommonegg.com\/dayco\/es\/?s={search_term_string}"},"query-input":"required name=search_term_string"}],"inLanguage":"es"},{"@type":"Organization","@id":"https:\/\/uncommonegg.com\/dayco\/es\/#organization","name":"Dayco Corporate","alternateName":"Propulsion Solutions","url":"https:\/\/uncommonegg.com\/dayco\/es\/","logo":{"@type":"ImageObject","inLanguage":"es","@id":"https:\/\/uncommonegg.com\/dayco\/es\/#\/schema\/logo\/image\/","url":"http:\/\/uncommonegg.com\/dayco\/wp-content\/uploads\/2024\/01\/PS-Logo-SEO2.jpg","contentUrl":"http:\/\/uncommonegg.com\/dayco\/wp-content\/uploads\/2024\/01\/PS-Logo-SEO2.jpg","width":696,"height":696,"caption":"Dayco Corporate"},"image":{"@id":"https:\/\/uncommonegg.com\/dayco\/es\/#\/schema\/logo\/image\/"},"sameAs":["https:\/\/www.facebook.com\/DaycoOfficial\/","https:\/\/twitter.com\/DaycoOfficial","https:\/\/www.instagram.com\/daycoofficial\/","https:\/\/www.linkedin.com\/company\/daycoofficial\/","https:\/\/www.youtube.com\/DaycoOfficial","https:\/\/en.wikipedia.org\/wiki\/Dayco"]}]},"product_brand":"Veh\u00edculos Ligeros OE","product_price_amount":"0.00","product_price_currency":"EUR","og_availability":"instock","product_availability":"instock","product_retailer_item_id":"CDMPLD","product_condition":"new"},"_links":{"self":[{"href":"https:\/\/uncommonegg.com\/dayco\/es\/wp-json\/wp\/v2\/product\/61752"}],"collection":[{"href":"https:\/\/uncommonegg.com\/dayco\/es\/wp-json\/wp\/v2\/product"}],"about":[{"href":"https:\/\/uncommonegg.com\/dayco\/es\/wp-json\/wp\/v2\/types\/product"}],"wp:featuredmedia":[{"embeddable":true,"href":"https:\/\/uncommonegg.com\/dayco\/es\/wp-json\/wp\/v2\/media\/17433"}],"wp:attachment":[{"href":"https:\/\/uncommonegg.com\/dayco\/es\/wp-json\/wp\/v2\/media?parent=61752"}],"wp:term":[{"taxonomy":"product_cat","embeddable":true,"href":"https:\/\/uncommonegg.com\/dayco\/es\/wp-json\/wp\/v2\/product_cat?post=61752"},{"taxonomy":"product_tag","embeddable":true,"href":"https:\/\/uncommonegg.com\/dayco\/es\/wp-json\/wp\/v2\/product_tag?post=61752"}],"curies":[{"name":"wp","href":"https:\/\/api.w.org\/{rel}","templated":true}]}}