{"id":60776,"date":"2018-05-18T12:13:18","date_gmt":"2018-05-18T10:13:18","guid":{"rendered":"http:\/\/uncommonegg.com\/dayco\/product\/poleas-desacopladoras\/"},"modified":"2021-11-29T15:58:25","modified_gmt":"2021-11-29T14:58:25","slug":"poleas-desacopladoras","status":"publish","type":"product","link":"https:\/\/uncommonegg.com\/dayco\/es\/producto\/poleas-desacopladoras\/","title":{"rendered":"Poleas Desacopladoras"},"content":{"rendered":"<p>Para reducir las vibraciones y el ruido del motor, Dayco fabrica poleas desacopladoras que se integran en el dise\u00f1o de muchos motores nuevos de alto rendimiento. Nuestras amplias capacidades de fabricaci\u00f3n incluyen una completa gama de elast\u00f3meros moldeados por inyecci\u00f3n y vulcanizados, adem\u00e1s de embragues y aisladores de muelle amortiguador avanzados y duraderos. Nuestra m\u00e1s reciente e innovadora polea desacopladora ofrece varias funciones en un \u00fanico producto y se ajusta espec\u00edficamente a la aplicaci\u00f3n. El sistema de amortiguaci\u00f3n, desacoplado y rueda libre (DDOS &#8211; damping, decoupling, overrunning system) , incluye, adem\u00e1s, un aislador tradicional de muelle para hacer que la transmisi\u00f3n funcione de manera m\u00e1s fluida, y es apto para correas en sistemas de transmisi\u00f3n \u00abstart-stop\u00bb. Un elemento de rueda libre en la polea desacopladora tambi\u00e9n permite limitar el resbalamiento del embrague en situaciones alto esfuerzo de torsi\u00f3n transitoria, como al desacelerar o cuando hay un fallo de encendido.<\/p>\n<p>Todas estas caracter\u00edsticas juntas dan lugar a un \u00fanico producto que optimiza la estabilidad del sistema, elimina cualquier ruido molesto, minimiza las variaciones de tensi\u00f3n de la correa, mejora la vida \u00fatil del sistema y sus componentes y aumenta la eficiencia en el consumo de combustible.<\/p>\n","protected":false},"excerpt":{"rendered":"<p>Para reducir las vibraciones y el ruido del motor, Dayco fabrica poleas desacopladoras que se integran en el dise\u00f1o de muchos motores nuevos de alto rendimiento. Nuestras amplias capacidades de fabricaci\u00f3n incluyen una completa gama de elast\u00f3meros moldeados por inyecci\u00f3n y vulcanizados, adem\u00e1s de embragues y aisladores de muelle amortiguador avanzados y duraderos. Nuestra m\u00e1s reciente e innovadora polea desacopladora ofrece varias funciones en un&#8230;<\/p>\n","protected":false},"featured_media":87939,"template":"","meta":[],"product_cat":[348],"product_tag":[],"yoast_head":"<!-- This site is optimized with the Yoast SEO plugin v22.4 - https:\/\/yoast.com\/wordpress\/plugins\/seo\/ -->\n<title>Poleas Desacopladoras | Propulsion Solutions<\/title>\n<meta name=\"description\" content=\"With a focus to eliminate engine vibration, optimize noise, and improve fuel economy, Dayco is successfully delivering hybrid systems and components for over a decade now and its high-performance industry-leading decoupler product line is a revolution to the premium and performance light vehicles.\" \/>\n<meta name=\"robots\" content=\"noindex, follow, max-snippet:-1, max-image-preview:large, max-video-preview:-1\" \/>\n<meta property=\"og:locale\" content=\"es_ES\" \/>\n<meta property=\"og:type\" content=\"article\" \/>\n<meta property=\"og:title\" content=\"Poleas Desacopladoras | Propulsion Solutions\" \/>\n<meta property=\"og:description\" content=\"With a focus to eliminate engine vibration, optimize noise, and improve fuel economy, Dayco is successfully delivering hybrid systems and components for over a decade now and its high-performance industry-leading decoupler product line is a revolution to the premium and performance light vehicles.\" \/>\n<meta property=\"og:url\" content=\"https:\/\/uncommonegg.com\/dayco\/es\/producto\/poleas-desacopladoras\/\" \/>\n<meta property=\"og:site_name\" content=\"Propulsion Solutions\" \/>\n<meta property=\"article:publisher\" content=\"https:\/\/www.facebook.com\/DaycoOfficial\/\" \/>\n<meta property=\"article:modified_time\" content=\"2021-11-29T14:58:25+00:00\" \/>\n<meta property=\"og:image\" content=\"https:\/\/uncommonegg.com\/dayco\/wp-content\/uploads\/Decouplers-HD-1.jpg\" \/>\n\t<meta property=\"og:image:width\" content=\"609\" \/>\n\t<meta property=\"og:image:height\" content=\"356\" \/>\n\t<meta property=\"og:image:type\" content=\"image\/jpeg\" \/>\n<meta name=\"twitter:card\" content=\"summary_large_image\" \/>\n<meta name=\"twitter:site\" content=\"@DaycoOfficial\" \/>\n<meta name=\"twitter:label1\" content=\"Precio\" \/>\n\t<meta name=\"twitter:data1\" content=\"\" \/>\n\t<meta name=\"twitter:label2\" content=\"Disponibilidad\" \/>\n\t<meta name=\"twitter:data2\" content=\"Disponible\" \/>\n<script type=\"application\/ld+json\" class=\"yoast-schema-graph\">{\"@context\":\"https:\/\/schema.org\",\"@graph\":[{\"@type\":[\"WebPage\",\"ItemPage\"],\"@id\":\"https:\/\/uncommonegg.com\/dayco\/es\/producto\/poleas-desacopladoras\/\",\"url\":\"https:\/\/uncommonegg.com\/dayco\/es\/producto\/poleas-desacopladoras\/\",\"name\":\"Poleas Desacopladoras | Propulsion Solutions\",\"isPartOf\":{\"@id\":\"https:\/\/uncommonegg.com\/dayco\/es\/#website\"},\"primaryImageOfPage\":{\"@id\":\"https:\/\/uncommonegg.com\/dayco\/es\/producto\/poleas-desacopladoras\/#primaryimage\"},\"image\":{\"@id\":\"https:\/\/uncommonegg.com\/dayco\/es\/producto\/poleas-desacopladoras\/#primaryimage\"},\"thumbnailUrl\":\"https:\/\/uncommonegg.com\/dayco\/wp-content\/uploads\/Decouplers-HD-1.jpg\",\"datePublished\":\"2018-05-18T10:13:18+00:00\",\"dateModified\":\"2021-11-29T14:58:25+00:00\",\"description\":\"With a focus to eliminate engine vibration, optimize noise, and improve fuel economy, Dayco is successfully delivering hybrid systems and components for over a decade now and its high-performance industry-leading decoupler product line is a revolution to the premium and performance light vehicles.\",\"breadcrumb\":{\"@id\":\"https:\/\/uncommonegg.com\/dayco\/es\/producto\/poleas-desacopladoras\/#breadcrumb\"},\"inLanguage\":\"es\",\"potentialAction\":[{\"@type\":\"ReadAction\",\"target\":[\"https:\/\/uncommonegg.com\/dayco\/es\/producto\/poleas-desacopladoras\/\"]}]},{\"@type\":\"ImageObject\",\"inLanguage\":\"es\",\"@id\":\"https:\/\/uncommonegg.com\/dayco\/es\/producto\/poleas-desacopladoras\/#primaryimage\",\"url\":\"https:\/\/uncommonegg.com\/dayco\/wp-content\/uploads\/Decouplers-HD-1.jpg\",\"contentUrl\":\"https:\/\/uncommonegg.com\/dayco\/wp-content\/uploads\/Decouplers-HD-1.jpg\",\"width\":609,\"height\":356},{\"@type\":\"BreadcrumbList\",\"@id\":\"https:\/\/uncommonegg.com\/dayco\/es\/producto\/poleas-desacopladoras\/#breadcrumb\",\"itemListElement\":[{\"@type\":\"ListItem\",\"position\":1,\"name\":\"Inicio\",\"item\":\"https:\/\/uncommonegg.com\/dayco\/es\/home\/\"},{\"@type\":\"ListItem\",\"position\":2,\"name\":\"Productos\",\"item\":\"https:\/\/uncommonegg.com\/dayco\/es\/productos\/\"},{\"@type\":\"ListItem\",\"position\":3,\"name\":\"Poleas Desacopladoras\"}]},{\"@type\":\"WebSite\",\"@id\":\"https:\/\/uncommonegg.com\/dayco\/es\/#website\",\"url\":\"https:\/\/uncommonegg.com\/dayco\/es\/\",\"name\":\"Propulsion Solutions\",\"description\":\"Move Forward. Always.\u2122\",\"publisher\":{\"@id\":\"https:\/\/uncommonegg.com\/dayco\/es\/#organization\"},\"alternateName\":\"Propulsion Solutions\",\"potentialAction\":[{\"@type\":\"SearchAction\",\"target\":{\"@type\":\"EntryPoint\",\"urlTemplate\":\"https:\/\/uncommonegg.com\/dayco\/es\/?s={search_term_string}\"},\"query-input\":\"required name=search_term_string\"}],\"inLanguage\":\"es\"},{\"@type\":\"Organization\",\"@id\":\"https:\/\/uncommonegg.com\/dayco\/es\/#organization\",\"name\":\"Dayco Corporate\",\"alternateName\":\"Propulsion Solutions\",\"url\":\"https:\/\/uncommonegg.com\/dayco\/es\/\",\"logo\":{\"@type\":\"ImageObject\",\"inLanguage\":\"es\",\"@id\":\"https:\/\/uncommonegg.com\/dayco\/es\/#\/schema\/logo\/image\/\",\"url\":\"http:\/\/uncommonegg.com\/dayco\/wp-content\/uploads\/2024\/01\/PS-Logo-SEO2.jpg\",\"contentUrl\":\"http:\/\/uncommonegg.com\/dayco\/wp-content\/uploads\/2024\/01\/PS-Logo-SEO2.jpg\",\"width\":696,\"height\":696,\"caption\":\"Dayco Corporate\"},\"image\":{\"@id\":\"https:\/\/uncommonegg.com\/dayco\/es\/#\/schema\/logo\/image\/\"},\"sameAs\":[\"https:\/\/www.facebook.com\/DaycoOfficial\/\",\"https:\/\/twitter.com\/DaycoOfficial\",\"https:\/\/www.instagram.com\/daycoofficial\/\",\"https:\/\/www.linkedin.com\/company\/daycoofficial\/\",\"https:\/\/www.youtube.com\/DaycoOfficial\",\"https:\/\/en.wikipedia.org\/wiki\/Dayco\"]}]}<\/script>\n<meta property=\"product:brand\" content=\"Veh\u00edculos Ligeros OE\" \/>\n<meta property=\"product:price:amount\" content=\"0.00\" \/>\n<meta property=\"product:price:currency\" content=\"EUR\" \/>\n<meta property=\"og:availability\" content=\"instock\" \/>\n<meta property=\"product:availability\" content=\"instock\" \/>\n<meta property=\"product:retailer_item_id\" content=\"DECLD\" \/>\n<meta property=\"product:condition\" content=\"new\" \/>\n<!-- \/ Yoast SEO plugin. -->","yoast_head_json":{"title":"Poleas Desacopladoras | Propulsion Solutions","description":"With a focus to eliminate engine vibration, optimize noise, and improve fuel economy, Dayco is successfully delivering hybrid systems and components for over a decade now and its high-performance industry-leading decoupler product line is a revolution to the premium and performance light vehicles.","robots":{"index":"noindex","follow":"follow","max-snippet":"max-snippet:-1","max-image-preview":"max-image-preview:large","max-video-preview":"max-video-preview:-1"},"og_locale":"es_ES","og_type":"article","og_title":"Poleas Desacopladoras | Propulsion Solutions","og_description":"With a focus to eliminate engine vibration, optimize noise, and improve fuel economy, Dayco is successfully delivering hybrid systems and components for over a decade now and its high-performance industry-leading decoupler product line is a revolution to the premium and performance light vehicles.","og_url":"https:\/\/uncommonegg.com\/dayco\/es\/producto\/poleas-desacopladoras\/","og_site_name":"Propulsion Solutions","article_publisher":"https:\/\/www.facebook.com\/DaycoOfficial\/","article_modified_time":"2021-11-29T14:58:25+00:00","og_image":[{"width":609,"height":356,"url":"https:\/\/uncommonegg.com\/dayco\/wp-content\/uploads\/Decouplers-HD-1.jpg","type":"image\/jpeg"}],"twitter_card":"summary_large_image","twitter_site":"@DaycoOfficial","twitter_misc":{"Precio":"","Disponibilidad":"Disponible"},"schema":{"@context":"https:\/\/schema.org","@graph":[{"@type":["WebPage","ItemPage"],"@id":"https:\/\/uncommonegg.com\/dayco\/es\/producto\/poleas-desacopladoras\/","url":"https:\/\/uncommonegg.com\/dayco\/es\/producto\/poleas-desacopladoras\/","name":"Poleas Desacopladoras | Propulsion Solutions","isPartOf":{"@id":"https:\/\/uncommonegg.com\/dayco\/es\/#website"},"primaryImageOfPage":{"@id":"https:\/\/uncommonegg.com\/dayco\/es\/producto\/poleas-desacopladoras\/#primaryimage"},"image":{"@id":"https:\/\/uncommonegg.com\/dayco\/es\/producto\/poleas-desacopladoras\/#primaryimage"},"thumbnailUrl":"https:\/\/uncommonegg.com\/dayco\/wp-content\/uploads\/Decouplers-HD-1.jpg","datePublished":"2018-05-18T10:13:18+00:00","dateModified":"2021-11-29T14:58:25+00:00","description":"With a focus to eliminate engine vibration, optimize noise, and improve fuel economy, Dayco is successfully delivering hybrid systems and components for over a decade now and its high-performance industry-leading decoupler product line is a revolution to the premium and performance light vehicles.","breadcrumb":{"@id":"https:\/\/uncommonegg.com\/dayco\/es\/producto\/poleas-desacopladoras\/#breadcrumb"},"inLanguage":"es","potentialAction":[{"@type":"ReadAction","target":["https:\/\/uncommonegg.com\/dayco\/es\/producto\/poleas-desacopladoras\/"]}]},{"@type":"ImageObject","inLanguage":"es","@id":"https:\/\/uncommonegg.com\/dayco\/es\/producto\/poleas-desacopladoras\/#primaryimage","url":"https:\/\/uncommonegg.com\/dayco\/wp-content\/uploads\/Decouplers-HD-1.jpg","contentUrl":"https:\/\/uncommonegg.com\/dayco\/wp-content\/uploads\/Decouplers-HD-1.jpg","width":609,"height":356},{"@type":"BreadcrumbList","@id":"https:\/\/uncommonegg.com\/dayco\/es\/producto\/poleas-desacopladoras\/#breadcrumb","itemListElement":[{"@type":"ListItem","position":1,"name":"Inicio","item":"https:\/\/uncommonegg.com\/dayco\/es\/home\/"},{"@type":"ListItem","position":2,"name":"Productos","item":"https:\/\/uncommonegg.com\/dayco\/es\/productos\/"},{"@type":"ListItem","position":3,"name":"Poleas Desacopladoras"}]},{"@type":"WebSite","@id":"https:\/\/uncommonegg.com\/dayco\/es\/#website","url":"https:\/\/uncommonegg.com\/dayco\/es\/","name":"Propulsion Solutions","description":"Move Forward. Always.\u2122","publisher":{"@id":"https:\/\/uncommonegg.com\/dayco\/es\/#organization"},"alternateName":"Propulsion Solutions","potentialAction":[{"@type":"SearchAction","target":{"@type":"EntryPoint","urlTemplate":"https:\/\/uncommonegg.com\/dayco\/es\/?s={search_term_string}"},"query-input":"required name=search_term_string"}],"inLanguage":"es"},{"@type":"Organization","@id":"https:\/\/uncommonegg.com\/dayco\/es\/#organization","name":"Dayco Corporate","alternateName":"Propulsion Solutions","url":"https:\/\/uncommonegg.com\/dayco\/es\/","logo":{"@type":"ImageObject","inLanguage":"es","@id":"https:\/\/uncommonegg.com\/dayco\/es\/#\/schema\/logo\/image\/","url":"http:\/\/uncommonegg.com\/dayco\/wp-content\/uploads\/2024\/01\/PS-Logo-SEO2.jpg","contentUrl":"http:\/\/uncommonegg.com\/dayco\/wp-content\/uploads\/2024\/01\/PS-Logo-SEO2.jpg","width":696,"height":696,"caption":"Dayco Corporate"},"image":{"@id":"https:\/\/uncommonegg.com\/dayco\/es\/#\/schema\/logo\/image\/"},"sameAs":["https:\/\/www.facebook.com\/DaycoOfficial\/","https:\/\/twitter.com\/DaycoOfficial","https:\/\/www.instagram.com\/daycoofficial\/","https:\/\/www.linkedin.com\/company\/daycoofficial\/","https:\/\/www.youtube.com\/DaycoOfficial","https:\/\/en.wikipedia.org\/wiki\/Dayco"]}]},"product_brand":"Veh\u00edculos Ligeros OE","product_price_amount":"0.00","product_price_currency":"EUR","og_availability":"instock","product_availability":"instock","product_retailer_item_id":"DECLD","product_condition":"new"},"_links":{"self":[{"href":"https:\/\/uncommonegg.com\/dayco\/es\/wp-json\/wp\/v2\/product\/60776"}],"collection":[{"href":"https:\/\/uncommonegg.com\/dayco\/es\/wp-json\/wp\/v2\/product"}],"about":[{"href":"https:\/\/uncommonegg.com\/dayco\/es\/wp-json\/wp\/v2\/types\/product"}],"wp:featuredmedia":[{"embeddable":true,"href":"https:\/\/uncommonegg.com\/dayco\/es\/wp-json\/wp\/v2\/media\/87939"}],"wp:attachment":[{"href":"https:\/\/uncommonegg.com\/dayco\/es\/wp-json\/wp\/v2\/media?parent=60776"}],"wp:term":[{"taxonomy":"product_cat","embeddable":true,"href":"https:\/\/uncommonegg.com\/dayco\/es\/wp-json\/wp\/v2\/product_cat?post=60776"},{"taxonomy":"product_tag","embeddable":true,"href":"https:\/\/uncommonegg.com\/dayco\/es\/wp-json\/wp\/v2\/product_tag?post=60776"}],"curies":[{"name":"wp","href":"https:\/\/api.w.org\/{rel}","templated":true}]}}