{"id":129070,"date":"2023-05-08T18:13:06","date_gmt":"2023-05-08T16:13:06","guid":{"rendered":"http:\/\/uncommonegg.com\/dayco\/product\/alternator-decoupler-pulley-adp\/"},"modified":"2023-05-09T09:51:19","modified_gmt":"2023-05-09T07:51:19","slug":"alternator-decoupler-pulley-adp","status":"publish","type":"product","link":"https:\/\/uncommonegg.com\/dayco\/es\/producto\/alternator-decoupler-pulley-adp\/","title":{"rendered":"Polea Desacopladora del Alternador Dayco (ADP)"},"content":{"rendered":"<p><strong>Aplicaciones: <\/strong>Turismos, coches de lujo y de alto rendimiento, veh\u00edculos comerciales ligeros (h\u00edbridos e ICE)<\/p>\n<p>Dayco ampl\u00eda su oferta de productos con poleas desacopladoras del alternador (ADP) premium para servir a los principales fabricantes de alternadores y autom\u00f3viles del mundo. La ADP dise\u00f1ada por Dayco cumple con los estrictos requisitos de los clientes y establece el punto de referencia de la industria en cuanto a durabilidad, NVH (ruido, vibraci\u00f3n y dureza) y consumo de combustible. Con m\u00e1s de 115 a\u00f1os brindando con \u00e9xito productos innovadores al mercado de la automoci\u00f3n, de veh\u00edculos pesados e industrial, Dayco ofrece ahora tecnolog\u00eda de poleas desacopladoras del alternador de \u00faltima generaci\u00f3n para la industria de veh\u00edculos ligeros.<\/p>\n<p><strong>Caracter\u00edsticas\/Ventajas:<\/strong><\/p>\n<ul>\n<li>Tecnolog\u00eda probada y testeada que supera todos los est\u00e1ndares de la industria<\/li>\n<li>Dise\u00f1ada para reducir la tensi\u00f3n y la carga din\u00e1micas de la correa<\/li>\n<li>Aislamiento de vibraciones, ruido, vibraci\u00f3n y dureza (NVH) mejorado y duradero<\/li>\n<li>Mejora del comportamiento din\u00e1mico en el sistema start\/stop del motor<\/li>\n<li>Mayor duraci\u00f3n de los componentes de la transmisi\u00f3n auxiliar, lo que se traduce en un mayor tiempo de actividad y eficiencia del sistema<\/li>\n<\/ul>\n<p><strong>Valor a\u00f1adido para el cliente:<\/strong><\/p>\n<ul>\n<li>Capacidad para realizar pruebas e I+D a nivel internacional con una huella productiva local<\/li>\n<li>Tecnolog\u00eda competitiva l\u00edder en el mercado con experiencia y soporte para el sistema de transmisi\u00f3n por correa (FEAD)<\/li>\n<li>Suministramos a los mayores fabricantes de autom\u00f3viles y alternadores en todo el mundo<\/li>\n<li>Reducci\u00f3n del coste total de adquisici\u00f3n<\/li>\n<\/ul>\n","protected":false},"excerpt":{"rendered":"<p>Aplicaciones: Turismos, coches de lujo y de alto rendimiento, veh\u00edculos comerciales ligeros (h\u00edbridos e ICE) Dayco ampl\u00eda su oferta de productos con poleas desacopladoras del alternador (ADP) premium para servir a los principales fabricantes de alternadores y autom\u00f3viles del mundo. La ADP dise\u00f1ada por Dayco cumple con los estrictos requisitos de los clientes y establece el punto de referencia de la industria en cuanto a&#8230;<\/p>\n","protected":false},"featured_media":128975,"template":"","meta":[],"product_cat":[348],"product_tag":[],"yoast_head":"<!-- This site is optimized with the Yoast SEO plugin v22.4 - https:\/\/yoast.com\/wordpress\/plugins\/seo\/ -->\n<title>Polea Desacopladora del Alternador Dayco (ADP) | Propulsion Solutions<\/title>\n<meta name=\"description\" content=\"Dayco ampl\u00eda su oferta de productos con poleas desacopladoras del alternador (ADP) premium para servir a los principales fabricantes de alternadores y autom\u00f3viles del mundo\" \/>\n<meta name=\"robots\" content=\"noindex, follow, max-snippet:-1, max-image-preview:large, max-video-preview:-1\" \/>\n<meta property=\"og:locale\" content=\"es_ES\" \/>\n<meta property=\"og:type\" content=\"article\" \/>\n<meta property=\"og:title\" content=\"Polea Desacopladora del Alternador Dayco (ADP) | Propulsion Solutions\" \/>\n<meta property=\"og:description\" content=\"Dayco ampl\u00eda su oferta de productos con poleas desacopladoras del alternador (ADP) premium para servir a los principales fabricantes de alternadores y autom\u00f3viles del mundo\" \/>\n<meta property=\"og:url\" content=\"https:\/\/uncommonegg.com\/dayco\/es\/producto\/alternator-decoupler-pulley-adp\/\" \/>\n<meta property=\"og:site_name\" content=\"Propulsion Solutions\" \/>\n<meta property=\"article:publisher\" content=\"https:\/\/www.facebook.com\/DaycoOfficial\/\" \/>\n<meta property=\"article:modified_time\" content=\"2023-05-09T07:51:19+00:00\" \/>\n<meta property=\"og:image\" content=\"https:\/\/uncommonegg.com\/dayco\/wp-content\/uploads\/2023\/05\/ADP-1.jpg\" \/>\n\t<meta property=\"og:image:width\" content=\"609\" \/>\n\t<meta property=\"og:image:height\" content=\"356\" \/>\n\t<meta property=\"og:image:type\" content=\"image\/jpeg\" \/>\n<meta name=\"twitter:card\" content=\"summary_large_image\" \/>\n<meta name=\"twitter:site\" content=\"@DaycoOfficial\" \/>\n<meta name=\"twitter:label1\" content=\"Precio\" \/>\n\t<meta name=\"twitter:data1\" content=\"\" \/>\n\t<meta name=\"twitter:label2\" content=\"Disponibilidad\" \/>\n\t<meta name=\"twitter:data2\" content=\"Disponible\" \/>\n<script type=\"application\/ld+json\" class=\"yoast-schema-graph\">{\"@context\":\"https:\/\/schema.org\",\"@graph\":[{\"@type\":[\"WebPage\",\"ItemPage\"],\"@id\":\"https:\/\/uncommonegg.com\/dayco\/es\/producto\/alternator-decoupler-pulley-adp\/\",\"url\":\"https:\/\/uncommonegg.com\/dayco\/es\/producto\/alternator-decoupler-pulley-adp\/\",\"name\":\"Polea Desacopladora del Alternador Dayco (ADP) | Propulsion Solutions\",\"isPartOf\":{\"@id\":\"https:\/\/uncommonegg.com\/dayco\/es\/#website\"},\"primaryImageOfPage\":{\"@id\":\"https:\/\/uncommonegg.com\/dayco\/es\/producto\/alternator-decoupler-pulley-adp\/#primaryimage\"},\"image\":{\"@id\":\"https:\/\/uncommonegg.com\/dayco\/es\/producto\/alternator-decoupler-pulley-adp\/#primaryimage\"},\"thumbnailUrl\":\"https:\/\/uncommonegg.com\/dayco\/wp-content\/uploads\/2023\/05\/ADP-1.jpg\",\"datePublished\":\"2023-05-08T16:13:06+00:00\",\"dateModified\":\"2023-05-09T07:51:19+00:00\",\"description\":\"Dayco ampl\u00eda su oferta de productos con poleas desacopladoras del alternador (ADP) premium para servir a los principales fabricantes de alternadores y autom\u00f3viles del mundo\",\"breadcrumb\":{\"@id\":\"https:\/\/uncommonegg.com\/dayco\/es\/producto\/alternator-decoupler-pulley-adp\/#breadcrumb\"},\"inLanguage\":\"es\",\"potentialAction\":[{\"@type\":\"ReadAction\",\"target\":[\"https:\/\/uncommonegg.com\/dayco\/es\/producto\/alternator-decoupler-pulley-adp\/\"]}]},{\"@type\":\"ImageObject\",\"inLanguage\":\"es\",\"@id\":\"https:\/\/uncommonegg.com\/dayco\/es\/producto\/alternator-decoupler-pulley-adp\/#primaryimage\",\"url\":\"https:\/\/uncommonegg.com\/dayco\/wp-content\/uploads\/2023\/05\/ADP-1.jpg\",\"contentUrl\":\"https:\/\/uncommonegg.com\/dayco\/wp-content\/uploads\/2023\/05\/ADP-1.jpg\",\"width\":609,\"height\":356},{\"@type\":\"BreadcrumbList\",\"@id\":\"https:\/\/uncommonegg.com\/dayco\/es\/producto\/alternator-decoupler-pulley-adp\/#breadcrumb\",\"itemListElement\":[{\"@type\":\"ListItem\",\"position\":1,\"name\":\"Inicio\",\"item\":\"https:\/\/uncommonegg.com\/dayco\/es\/home\/\"},{\"@type\":\"ListItem\",\"position\":2,\"name\":\"Productos\",\"item\":\"https:\/\/uncommonegg.com\/dayco\/es\/productos\/\"},{\"@type\":\"ListItem\",\"position\":3,\"name\":\"Polea Desacopladora del Alternador Dayco (ADP)\"}]},{\"@type\":\"WebSite\",\"@id\":\"https:\/\/uncommonegg.com\/dayco\/es\/#website\",\"url\":\"https:\/\/uncommonegg.com\/dayco\/es\/\",\"name\":\"Propulsion Solutions\",\"description\":\"Move Forward. Always.\u2122\",\"publisher\":{\"@id\":\"https:\/\/uncommonegg.com\/dayco\/es\/#organization\"},\"alternateName\":\"Propulsion Solutions\",\"potentialAction\":[{\"@type\":\"SearchAction\",\"target\":{\"@type\":\"EntryPoint\",\"urlTemplate\":\"https:\/\/uncommonegg.com\/dayco\/es\/?s={search_term_string}\"},\"query-input\":\"required name=search_term_string\"}],\"inLanguage\":\"es\"},{\"@type\":\"Organization\",\"@id\":\"https:\/\/uncommonegg.com\/dayco\/es\/#organization\",\"name\":\"Dayco Corporate\",\"alternateName\":\"Propulsion Solutions\",\"url\":\"https:\/\/uncommonegg.com\/dayco\/es\/\",\"logo\":{\"@type\":\"ImageObject\",\"inLanguage\":\"es\",\"@id\":\"https:\/\/uncommonegg.com\/dayco\/es\/#\/schema\/logo\/image\/\",\"url\":\"http:\/\/uncommonegg.com\/dayco\/wp-content\/uploads\/2024\/01\/PS-Logo-SEO2.jpg\",\"contentUrl\":\"http:\/\/uncommonegg.com\/dayco\/wp-content\/uploads\/2024\/01\/PS-Logo-SEO2.jpg\",\"width\":696,\"height\":696,\"caption\":\"Dayco Corporate\"},\"image\":{\"@id\":\"https:\/\/uncommonegg.com\/dayco\/es\/#\/schema\/logo\/image\/\"},\"sameAs\":[\"https:\/\/www.facebook.com\/DaycoOfficial\/\",\"https:\/\/twitter.com\/DaycoOfficial\",\"https:\/\/www.instagram.com\/daycoofficial\/\",\"https:\/\/www.linkedin.com\/company\/daycoofficial\/\",\"https:\/\/www.youtube.com\/DaycoOfficial\",\"https:\/\/en.wikipedia.org\/wiki\/Dayco\"]}]}<\/script>\n<meta property=\"product:brand\" content=\"Veh\u00edculos Ligeros OE\" \/>\n<meta property=\"product:price:amount\" content=\"0.00\" \/>\n<meta property=\"product:price:currency\" content=\"EUR\" \/>\n<meta property=\"og:availability\" content=\"instock\" \/>\n<meta property=\"product:availability\" content=\"instock\" \/>\n<meta property=\"product:retailer_item_id\" content=\"ADP\" \/>\n<meta property=\"product:condition\" content=\"new\" \/>\n<!-- \/ Yoast SEO plugin. -->","yoast_head_json":{"title":"Polea Desacopladora del Alternador Dayco (ADP) | Propulsion Solutions","description":"Dayco ampl\u00eda su oferta de productos con poleas desacopladoras del alternador (ADP) premium para servir a los principales fabricantes de alternadores y autom\u00f3viles del mundo","robots":{"index":"noindex","follow":"follow","max-snippet":"max-snippet:-1","max-image-preview":"max-image-preview:large","max-video-preview":"max-video-preview:-1"},"og_locale":"es_ES","og_type":"article","og_title":"Polea Desacopladora del Alternador Dayco (ADP) | Propulsion Solutions","og_description":"Dayco ampl\u00eda su oferta de productos con poleas desacopladoras del alternador (ADP) premium para servir a los principales fabricantes de alternadores y autom\u00f3viles del mundo","og_url":"https:\/\/uncommonegg.com\/dayco\/es\/producto\/alternator-decoupler-pulley-adp\/","og_site_name":"Propulsion Solutions","article_publisher":"https:\/\/www.facebook.com\/DaycoOfficial\/","article_modified_time":"2023-05-09T07:51:19+00:00","og_image":[{"width":609,"height":356,"url":"https:\/\/uncommonegg.com\/dayco\/wp-content\/uploads\/2023\/05\/ADP-1.jpg","type":"image\/jpeg"}],"twitter_card":"summary_large_image","twitter_site":"@DaycoOfficial","twitter_misc":{"Precio":"","Disponibilidad":"Disponible"},"schema":{"@context":"https:\/\/schema.org","@graph":[{"@type":["WebPage","ItemPage"],"@id":"https:\/\/uncommonegg.com\/dayco\/es\/producto\/alternator-decoupler-pulley-adp\/","url":"https:\/\/uncommonegg.com\/dayco\/es\/producto\/alternator-decoupler-pulley-adp\/","name":"Polea Desacopladora del Alternador Dayco (ADP) | Propulsion Solutions","isPartOf":{"@id":"https:\/\/uncommonegg.com\/dayco\/es\/#website"},"primaryImageOfPage":{"@id":"https:\/\/uncommonegg.com\/dayco\/es\/producto\/alternator-decoupler-pulley-adp\/#primaryimage"},"image":{"@id":"https:\/\/uncommonegg.com\/dayco\/es\/producto\/alternator-decoupler-pulley-adp\/#primaryimage"},"thumbnailUrl":"https:\/\/uncommonegg.com\/dayco\/wp-content\/uploads\/2023\/05\/ADP-1.jpg","datePublished":"2023-05-08T16:13:06+00:00","dateModified":"2023-05-09T07:51:19+00:00","description":"Dayco ampl\u00eda su oferta de productos con poleas desacopladoras del alternador (ADP) premium para servir a los principales fabricantes de alternadores y autom\u00f3viles del mundo","breadcrumb":{"@id":"https:\/\/uncommonegg.com\/dayco\/es\/producto\/alternator-decoupler-pulley-adp\/#breadcrumb"},"inLanguage":"es","potentialAction":[{"@type":"ReadAction","target":["https:\/\/uncommonegg.com\/dayco\/es\/producto\/alternator-decoupler-pulley-adp\/"]}]},{"@type":"ImageObject","inLanguage":"es","@id":"https:\/\/uncommonegg.com\/dayco\/es\/producto\/alternator-decoupler-pulley-adp\/#primaryimage","url":"https:\/\/uncommonegg.com\/dayco\/wp-content\/uploads\/2023\/05\/ADP-1.jpg","contentUrl":"https:\/\/uncommonegg.com\/dayco\/wp-content\/uploads\/2023\/05\/ADP-1.jpg","width":609,"height":356},{"@type":"BreadcrumbList","@id":"https:\/\/uncommonegg.com\/dayco\/es\/producto\/alternator-decoupler-pulley-adp\/#breadcrumb","itemListElement":[{"@type":"ListItem","position":1,"name":"Inicio","item":"https:\/\/uncommonegg.com\/dayco\/es\/home\/"},{"@type":"ListItem","position":2,"name":"Productos","item":"https:\/\/uncommonegg.com\/dayco\/es\/productos\/"},{"@type":"ListItem","position":3,"name":"Polea Desacopladora del Alternador Dayco (ADP)"}]},{"@type":"WebSite","@id":"https:\/\/uncommonegg.com\/dayco\/es\/#website","url":"https:\/\/uncommonegg.com\/dayco\/es\/","name":"Propulsion Solutions","description":"Move Forward. Always.\u2122","publisher":{"@id":"https:\/\/uncommonegg.com\/dayco\/es\/#organization"},"alternateName":"Propulsion Solutions","potentialAction":[{"@type":"SearchAction","target":{"@type":"EntryPoint","urlTemplate":"https:\/\/uncommonegg.com\/dayco\/es\/?s={search_term_string}"},"query-input":"required name=search_term_string"}],"inLanguage":"es"},{"@type":"Organization","@id":"https:\/\/uncommonegg.com\/dayco\/es\/#organization","name":"Dayco Corporate","alternateName":"Propulsion Solutions","url":"https:\/\/uncommonegg.com\/dayco\/es\/","logo":{"@type":"ImageObject","inLanguage":"es","@id":"https:\/\/uncommonegg.com\/dayco\/es\/#\/schema\/logo\/image\/","url":"http:\/\/uncommonegg.com\/dayco\/wp-content\/uploads\/2024\/01\/PS-Logo-SEO2.jpg","contentUrl":"http:\/\/uncommonegg.com\/dayco\/wp-content\/uploads\/2024\/01\/PS-Logo-SEO2.jpg","width":696,"height":696,"caption":"Dayco Corporate"},"image":{"@id":"https:\/\/uncommonegg.com\/dayco\/es\/#\/schema\/logo\/image\/"},"sameAs":["https:\/\/www.facebook.com\/DaycoOfficial\/","https:\/\/twitter.com\/DaycoOfficial","https:\/\/www.instagram.com\/daycoofficial\/","https:\/\/www.linkedin.com\/company\/daycoofficial\/","https:\/\/www.youtube.com\/DaycoOfficial","https:\/\/en.wikipedia.org\/wiki\/Dayco"]}]},"product_brand":"Veh\u00edculos Ligeros OE","product_price_amount":"0.00","product_price_currency":"EUR","og_availability":"instock","product_availability":"instock","product_retailer_item_id":"ADP","product_condition":"new"},"_links":{"self":[{"href":"https:\/\/uncommonegg.com\/dayco\/es\/wp-json\/wp\/v2\/product\/129070"}],"collection":[{"href":"https:\/\/uncommonegg.com\/dayco\/es\/wp-json\/wp\/v2\/product"}],"about":[{"href":"https:\/\/uncommonegg.com\/dayco\/es\/wp-json\/wp\/v2\/types\/product"}],"wp:featuredmedia":[{"embeddable":true,"href":"https:\/\/uncommonegg.com\/dayco\/es\/wp-json\/wp\/v2\/media\/128975"}],"wp:attachment":[{"href":"https:\/\/uncommonegg.com\/dayco\/es\/wp-json\/wp\/v2\/media?parent=129070"}],"wp:term":[{"taxonomy":"product_cat","embeddable":true,"href":"https:\/\/uncommonegg.com\/dayco\/es\/wp-json\/wp\/v2\/product_cat?post=129070"},{"taxonomy":"product_tag","embeddable":true,"href":"https:\/\/uncommonegg.com\/dayco\/es\/wp-json\/wp\/v2\/product_tag?post=129070"}],"curies":[{"name":"wp","href":"https:\/\/api.w.org\/{rel}","templated":true}]}}