{"id":9111,"date":"2018-05-21T19:06:57","date_gmt":"2018-05-21T17:06:57","guid":{"rendered":"http:\/\/uncommonegg.com\/dayco\/privacy-and-cookie-policy\/"},"modified":"2022-05-09T09:10:31","modified_gmt":"2022-05-09T07:10:31","slug":"privacy-cookie","status":"publish","type":"page","link":"https:\/\/uncommonegg.com\/dayco\/es\/privacy-cookie\/","title":{"rendered":"Privacy and Cookie Policy"},"content":{"rendered":"[vc_row type=\u00bbin_container\u00bb full_screen_row_position=\u00bbmiddle\u00bb column_margin=\u00bbdefault\u00bb column_direction=\u00bbdefault\u00bb column_direction_tablet=\u00bbdefault\u00bb column_direction_phone=\u00bbdefault\u00bb scene_position=\u00bbcenter\u00bb top_padding=\u00bb30&#8243; bottom_padding=\u00bb30&#8243; text_color=\u00bbdark\u00bb text_align=\u00bbleft\u00bb row_border_radius=\u00bbnone\u00bb row_border_radius_applies=\u00bbbg\u00bb overflow=\u00bbvisible\u00bb overlay_strength=\u00bb0.3&#8243; gradient_direction=\u00bbleft_to_right\u00bb shape_divider_position=\u00bbbottom\u00bb bg_image_animation=\u00bbnone\u00bb shape_type=\u00bb\u00bb][vc_column column_padding=\u00bbno-extra-padding\u00bb column_padding_tablet=\u00bbinherit\u00bb column_padding_phone=\u00bbinherit\u00bb column_padding_position=\u00bball\u00bb column_element_spacing=\u00bbdefault\u00bb background_color_opacity=\u00bb1&#8243; background_hover_color_opacity=\u00bb1&#8243; column_shadow=\u00bbnone\u00bb column_border_radius=\u00bbnone\u00bb column_link_target=\u00bb_self\u00bb column_position=\u00bbdefault\u00bb gradient_direction=\u00bbleft_to_right\u00bb overlay_strength=\u00bb0.3&#8243; width=\u00bb1\/1&#8243; tablet_width_inherit=\u00bbdefault\u00bb tablet_text_alignment=\u00bbdefault\u00bb phone_text_alignment=\u00bbdefault\u00bb animation_type=\u00bbdefault\u00bb bg_image_animation=\u00bbnone\u00bb border_type=\u00bbsimple\u00bb column_border_width=\u00bbnone\u00bb column_border_style=\u00bbsolid\u00bb][vc_column_text css_animation=\u00bbfadeIn\u00bb]\n<h1 style=\"text-align: center;\">Pol\u00edtica de Confidencialidad y Cookies<\/h1>\n[\/vc_column_text][divider line_type=\u00bbNo Line\u00bb custom_height=\u00bb30&#8243;][vc_column_text]\n<div style=\"text-align: justify !important;\">\n<p>Dayco, LLC (\u00abDayco\u00bb) respeta la privacidad de los visitantes de nuestra web. Ofrecemos esta explicaci\u00f3n acerca de nuestras pr\u00e1cticas de informaci\u00f3n en l\u00ednea, nuestra \u00abprivacidad y pol\u00edtica de cookies,\u00bb para demostrar nuestro compromiso a proteger su privacidad.<\/p>\n<p>El sitio web DAYCO utiliza cookies y tecnolog\u00edas similares para garantizar el correcto funcionamiento de los procedimientos y mejorar la experiencia de uso de las aplicaciones en l\u00ednea. Este documento proporciona informaci\u00f3n detallada sobre el uso de cookies y tecnolog\u00edas similares, la forma en que son utilizadas por DAYCO y c\u00f3mo gestionarlas.<\/p>\n<h3>Definiciones<\/h3>\n<p>Las cookies son peque\u00f1os fragmentos de texto (letras o n\u00fameros) que permiten al servidor web guardar en el cliente (en el\u00a0<em>navegador<\/em>) informaci\u00f3n que se va a reutilizar durante la misma visita al sitio (cookies de sesi\u00f3n) o en posteriores visitas, incluso despu\u00e9s de d\u00edas (cookies persistentes). El navegador guarda las cookies, en funci\u00f3n de las preferencias del usuario, en el dispositivo espec\u00edfico utilizado (ordenador, tableta o smartphone).<\/p>\n<p>Las tecnolog\u00edas similares, tales como, por ejemplo, balizas web, GIF transparentes y todas las formas de almacenamiento local introducidas con HTML5, se pueden utilizar para recopilar informaci\u00f3n sobre el comportamiento del usuario y la utilizaci\u00f3n de los servicios.<\/p>\n<p>M\u00e1s adelante, en este documento, se har\u00e1 referencia a las cookies y a todas las tecnolog\u00edas similares utilizando simplemente el t\u00e9rmino \u00abcookie\u00bb.<\/p>\n<h3><strong>Tipos de cookies<\/strong><\/h3>\n<p>En funci\u00f3n de las caracter\u00edsticas y el uso de las cookies, se pueden distinguir varias categor\u00edas:<\/p>\n<ul>\n<li><strong>Cookies estrictamente necesarias<\/strong>. Se trata de cookies esenciales para el buen funcionamiento del sitio DAYCO y se utilizan para gestionar el inicio de sesi\u00f3n y el acceso a funciones reservadas del sitio. La duraci\u00f3n de las cookies se limita estrictamente a la sesi\u00f3n de trabajo (se borran al cerrar el navegador).<\/li>\n<li><strong>Cookies de an\u00e1lisis y rendimiento<\/strong>. Son cookies que se utilizan para recopilar y analizar el tr\u00e1fico y uso del sitio de forma an\u00f3nima. Estas cookies permiten, por ejemplo, detectar si el mismo usuario vuelve a conectarse en diferentes momentos sin identificar al usuario. Tambi\u00e9n permiten controlar el sistema y mejorar su rendimiento y facilidad de uso. La desactivaci\u00f3n de estas cookies puede realizarse sin ninguna p\u00e9rdida de funcionalidad.<\/li>\n<li><strong>Cookies de perfil<\/strong>. Se trata de cookies permanentes utilizadas para identificar (de forma an\u00f3nima o no) las preferencias del usuario y mejorar su experiencia de navegaci\u00f3n.\u00a0<strong>El sitio DAYCO no utiliza cookies de este tipo.<\/strong><\/li>\n<\/ul>\n<h3>Cookies de terceras partes<\/h3>\n<p>Al visitar un sitio web se pueden recibir cookies tanto desde el sitio visitado (\u00abpropietarios\u00bb) como de sitios gestionados por otras organizaciones (\u00abterceras partes\u00bb). Un ejemplo significativo es la presencia de los \u00abplugin sociales\u00bb de Facebook, Twitter, Google+ y LinkedIn. Se trata de partes de la p\u00e1gina visitada generadas directamente por dichos sitios e integradas en la p\u00e1gina del sitio de alojamiento. El uso m\u00e1s com\u00fan de los\u00a0<em>plugin sociales<\/em>\u00a0tiene como objetivo el intercambio de contenidos en las redes sociales.<\/p>\n<p>La presencia de estos\u00a0<em>plugin<\/em>\u00a0implica la transmisi\u00f3n de cookies desde y hacia todos los sitios gestionados por terceras partes. La gesti\u00f3n de la informaci\u00f3n recopilada por \u00abterceras partes\u00bb se regir\u00e1 por los correspondientes avisos legales que se ruega consultar. Para garantizar una mayor transparencia y comodidad, se muestran a continuaci\u00f3n las direcciones web de diferentes avisos legales y maneras de gestionar las cookies.<\/p>\n<ul>\n<li>Aviso legal de Facebook:\u00a0<a href=\"https:\/\/www.facebook.com\/help\/cookies\/\" target=\"_blank\" rel=\"noopener\">https:\/\/www.facebook.com\/help\/cookies\/<\/a><\/li>\n<li>Facebook (configuraci\u00f3n): acceda a su propia cuenta. Secci\u00f3n de confidencialidad.<\/li>\n<li>Avisos legales de Twitter:\u00a0<a href=\"https:\/\/support.twitter.com\/articles\/20170514\" target=\"_blank\" rel=\"noopener\">https:\/\/support.twitter.com\/articles\/20170514<\/a><\/li>\n<li>Twitter (configuraci\u00f3n):\u00a0<a href=\"https:\/\/twitter.com\/settings\/security\" target=\"_blank\" rel=\"noopener\">https:\/\/twitter.com\/settings\/security<\/a><\/li>\n<li>Aviso legal de Linkedin:\u00a0<a href=\"https:\/\/www.linkedin.com\/legal\/cookie-policy\" target=\"_blank\" rel=\"noopener\">https:\/\/www.linkedin.com\/legal\/cookie-policy<\/a><\/li>\n<li>Linkedin (configuraci\u00f3n):\u00a0<a href=\"https:\/\/www.linkedin.com\/settings\/\" target=\"_blank\" rel=\"noopener\">https:\/\/www.linkedin.com\/settings\/<\/a><\/li>\n<li>Aviso legal de Google+:\u00a0<a href=\"http:\/\/www.google.es\/intl\/es\/policies\/technologies\/cookies\/\" target=\"_blank\" rel=\"noopener\">http:\/\/www.google.es\/intl\/es\/policies\/technologies\/cookies\/<\/a><\/li>\n<li>Google+ (configuraci\u00f3n):\u00a0<a href=\"http:\/\/www.google.es\/intl\/es\/policies\/technologies\/managing\/\" target=\"_blank\" rel=\"noopener\">http:\/\/www.google.es\/intl\/es\/policies\/technologies\/managing\/<\/a><\/li>\n<\/ul>\n<h3>Google Analytics<\/h3>\n<p>El sitio DAYCO tambi\u00e9n incluye ciertos componentes transmitidos por Google Analytics, un servicio de an\u00e1lisis de tr\u00e1fico web prestado por Google, Inc. (\u00abGoogle\u00bb). Una vez m\u00e1s se trata de cookies de terceras partes recopiladas y gestionadas de forma an\u00f3nima para vigilar y mejorar el rendimiento del sitio de alojamiento (cookies de rendimiento).<\/p>\n<p>Google Analytics utiliza \u00abcookies\u00bb para recoger y analizar de forma an\u00f3nima (incluyendo la direcci\u00f3n IP del usuario) la informaci\u00f3n sobre el comportamiento de uso del sitio web DAYCO . Esta informaci\u00f3n es recopilada por Google Analytics, que la procesa con el fin de preparar informes para DAYCO . Este sitio no utiliza (y no permite que terceros utilicen) la herramienta de an\u00e1lisis de Google para rastrear o recopilar informaci\u00f3n personal de identificaci\u00f3n. Google no asocia la direcci\u00f3n IP con ning\u00fan otro dato del que disponga Google, ni busca vincular una direcci\u00f3n IP con la identidad de un usuario. Google tambi\u00e9n puede comunicar esta informaci\u00f3n a terceros, cuando est\u00e9 obligado por ley o cuando dichos terceros traten esta informaci\u00f3n por cuenta de Google.<\/p>\n<p>Para m\u00e1s informaci\u00f3n, consulte el siguiente enlace:<\/p>\n<p><a href=\"https:\/\/www.google.es\/intl\/es\/policies\/privacy\/partners\/\" target=\"_blank\" rel=\"noopener\">https:\/\/www.google.es\/intl\/es\/policies\/privacy\/partners\/<\/a><\/p>\n<p>El usuario puede desactivar selectivamente el uso de Google Analytics instalando en su navegador el componente de inhabilitaci\u00f3n\u00a0<em>opt-out<\/em>\u00a0proporcionado por Google. Para desactivar Google Analytics, consulte el siguiente enlace:<\/p>\n<p><a href=\"https:\/\/tools.google.com\/dlpage\/gaoptout\" target=\"_blank\" rel=\"noopener\">https:\/\/tools.google.com\/dlpage\/gaoptout<\/a><\/p>\n<h3>Duraci\u00f3n de las cookies<\/h3>\n<p>Algunas cookies (cookies de sesi\u00f3n) permanecen activas solo hasta que se cierra el navegador o se ejecuta el comando de\u00a0<em>logout<\/em>. Otras cookies \u00absobreviven\u00bb al cierre del navegador y tambi\u00e9n est\u00e1n disponibles en posteriores visitas del usuario.<\/p>\n<p>Estas cookies se conocen como persistentes y su duraci\u00f3n la establece el servidor en el momento de su creaci\u00f3n. En algunos casos se establece una caducidad, mientras que en otros casos la duraci\u00f3n es ilimitada.<\/p>\n<p>DAYCO\u00a0<strong>no utiliza cookies persistentes<\/strong>.<\/p>\n<h3>Gesti\u00f3n de las cookies<\/h3>\n<p>El usuario puede decidir si aceptar o no las cookies utilizando la configuraci\u00f3n de su navegador.<\/p>\n<p><strong>Atenci\u00f3n<\/strong>: la desactivaci\u00f3n total o parcial de las cookies t\u00e9cnicas puede comprometer el uso de las funciones del sitio reservadas a los usuarios registrados.<\/p>\n<p>Por el contrario, los contenidos p\u00fablicos est\u00e1n disponibles incluso desactivando totalmente las cookies.<\/p>\n<p>La desactivaci\u00f3n de las cookies de \u00abterceras partes\u00bb no perjudica en modo alguno la navegaci\u00f3n.<\/p>\n<p>La configuraci\u00f3n se puede definir de manera espec\u00edfica para diferentes sitios y aplicaciones web. Adem\u00e1s, los mejores navegadores permiten definir configuraciones diferentes para las cookies de \u00abpropietarios\u00bb y las de \u00abterceras partes\u00bb.<\/p>\n<p>Por ejemplo, mediante el men\u00fa\u00a0<em>Herramientas-&gt; Opciones -&gt; Privacidad<\/em>\u00a0de Firefox es posible acceder a un panel de control donde se puede especificar si aceptar o no los diferentes tipos de cookies y proceder a su eliminaci\u00f3n.<\/p>\n<p>Chrome:\u00a0<a href=\"https:\/\/support.google.com\/chrome\/answer\/95647?hl=es\" target=\"_blank\" rel=\"noopener\">https:\/\/support.google.com\/chrome\/answer\/95647?hl=es<\/a><\/p>\n<p>Firefox:\u00a0<a href=\"https:\/\/support.mozilla.org\/es\/kb\/cookies-informacion-que-los-sitios-web-guardan-en-\" target=\"_blank\" rel=\"noopener\">https:\/\/support.mozilla.org\/es\/kb\/cookies-informacion-que-los-sitios-web-guardan-en-<\/a><\/p>\n<p>Internet Explorer:\u00a0<a href=\"https:\/\/support.microsoft.com\/es-es\/kb\/278835\" target=\"_blank\" rel=\"noopener\">https:\/\/support.microsoft.com\/es-es\/kb\/278835<\/a><\/p>\n<p>Opera:\u00a0<a href=\"http:\/\/help.opera.com\/Windows\/10.00\/en\/cookies.html\" target=\"_blank\" rel=\"noopener\">http:\/\/help.opera.com\/Windows\/10.00\/en\/cookies.html<\/a><\/p>\n<p>Safari:\u00a0<a href=\"https:\/\/support.apple.com\/es-es\/HT201265\" target=\"_blank\" rel=\"noopener\">https:\/\/support.apple.com\/es-es\/HT201265<\/a><\/p>\n<h3>Pol\u00edtica de privacidad, t\u00e9rminos y condiciones de la App Dayco<\/h3>\n<p><a href=\"https:\/\/www.daycoaftermarket.com\/es\/dayco-app-privacy-policy\/\" target=\"_blank\" rel=\"noopener\">Pol\u00edtica de privacidad de la aplicaci\u00f3n Dayco Catalog con t\u00e9rminos y condiciones<\/a><\/p>\n<h3>Newsletter y Campa\u00f1a de Marketing<\/h3>\n<p>Usamos Mailchimp como nuestra plataforma de marketing y trataremos tu informaci\u00f3n con respeto.<\/p>\n<p><a href=\"https:\/\/mailchimp.com\/legal\/terms\" target=\"_blank\" rel=\"noopener\">Obtenga m\u00e1s informaci\u00f3n sobre las pr\u00e1cticas de privacidad de Mailchimp aqu\u00ed.<\/a><\/p>\n<\/div>\n<h3>Am\u00e9rica del Sur<\/h3>\n<p><a href=\"http:\/\/uncommonegg.com\/dayco\/wp-content\/downloads\/PDA_220_AP_Gestao_da_Informacao_e_Politicas_TI_Revisao_0.pdf\" target=\"_blank\" rel=\"noopener\">Gesti\u00f3n de la Informaci\u00f3n y Pol\u00edticas TI<\/a>[\/vc_column_text][\/vc_column][\/vc_row]\n","protected":false},"excerpt":{"rendered":"<p>[vc_row type=\u00bbin_container\u00bb full_screen_row_position=\u00bbmiddle\u00bb column_margin=\u00bbdefault\u00bb column_direction=\u00bbdefault\u00bb column_direction_tablet=\u00bbdefault\u00bb column_direction_phone=\u00bbdefault\u00bb scene_position=\u00bbcenter\u00bb top_padding=\u00bb30&#8243; bottom_padding=\u00bb30&#8243; text_color=\u00bbdark\u00bb text_align=\u00bbleft\u00bb row_border_radius=\u00bbnone\u00bb row_border_radius_applies=\u00bbbg\u00bb overflow=\u00bbvisible\u00bb overlay_strength=\u00bb0.3&#8243; gradient_direction=\u00bbleft_to_right\u00bb shape_divider_position=\u00bbbottom\u00bb bg_image_animation=\u00bbnone\u00bb shape_type=\u00bb\u00bb][vc_column column_padding=\u00bbno-extra-padding\u00bb column_padding_tablet=\u00bbinherit\u00bb column_padding_phone=\u00bbinherit\u00bb column_padding_position=\u00bball\u00bb column_element_spacing=\u00bbdefault\u00bb background_color_opacity=\u00bb1&#8243; background_hover_color_opacity=\u00bb1&#8243; column_shadow=\u00bbnone\u00bb column_border_radius=\u00bbnone\u00bb column_link_target=\u00bb_self\u00bb column_position=\u00bbdefault\u00bb gradient_direction=\u00bbleft_to_right\u00bb overlay_strength=\u00bb0.3&#8243; width=\u00bb1\/1&#8243; tablet_width_inherit=\u00bbdefault\u00bb tablet_text_alignment=\u00bbdefault\u00bb phone_text_alignment=\u00bbdefault\u00bb animation_type=\u00bbdefault\u00bb bg_image_animation=\u00bbnone\u00bb border_type=\u00bbsimple\u00bb column_border_width=\u00bbnone\u00bb column_border_style=\u00bbsolid\u00bb][vc_column_text css_animation=\u00bbfadeIn\u00bb] Pol\u00edtica de Confidencialidad y Cookies [\/vc_column_text][divider line_type=\u00bbNo Line\u00bb custom_height=\u00bb30&#8243;][vc_column_text] Dayco, LLC (\u00abDayco\u00bb) respeta la privacidad de los visitantes de nuestra web. Ofrecemos&#8230;<\/p>\n","protected":false},"author":1,"featured_media":0,"parent":0,"menu_order":0,"comment_status":"closed","ping_status":"closed","template":"template-transparent-header.php","meta":{"footnotes":""},"yoast_head":"<!-- This site is optimized with the Yoast SEO plugin v22.4 - https:\/\/yoast.com\/wordpress\/plugins\/seo\/ -->\n<title>Privacy and Cookie Policy | Propulsion Solutions<\/title>\n<meta name=\"robots\" content=\"noindex, follow, max-snippet:-1, max-image-preview:large, max-video-preview:-1\" \/>\n<meta property=\"og:locale\" content=\"es_ES\" \/>\n<meta property=\"og:type\" content=\"article\" \/>\n<meta property=\"og:title\" content=\"Privacy and Cookie Policy | Propulsion Solutions\" \/>\n<meta property=\"og:description\" content=\"[vc_row type=\u00bbin_container\u00bb full_screen_row_position=\u00bbmiddle\u00bb column_margin=\u00bbdefault\u00bb column_direction=\u00bbdefault\u00bb column_direction_tablet=\u00bbdefault\u00bb column_direction_phone=\u00bbdefault\u00bb scene_position=\u00bbcenter\u00bb top_padding=\u00bb30&#8243; bottom_padding=\u00bb30&#8243; text_color=\u00bbdark\u00bb text_align=\u00bbleft\u00bb row_border_radius=\u00bbnone\u00bb row_border_radius_applies=\u00bbbg\u00bb overflow=\u00bbvisible\u00bb overlay_strength=\u00bb0.3&#8243; gradient_direction=\u00bbleft_to_right\u00bb shape_divider_position=\u00bbbottom\u00bb bg_image_animation=\u00bbnone\u00bb shape_type=\u00bb\u00bb][vc_column column_padding=\u00bbno-extra-padding\u00bb column_padding_tablet=\u00bbinherit\u00bb column_padding_phone=\u00bbinherit\u00bb column_padding_position=\u00bball\u00bb column_element_spacing=\u00bbdefault\u00bb background_color_opacity=\u00bb1&#8243; background_hover_color_opacity=\u00bb1&#8243; column_shadow=\u00bbnone\u00bb column_border_radius=\u00bbnone\u00bb column_link_target=\u00bb_self\u00bb column_position=\u00bbdefault\u00bb gradient_direction=\u00bbleft_to_right\u00bb overlay_strength=\u00bb0.3&#8243; width=\u00bb1\/1&#8243; tablet_width_inherit=\u00bbdefault\u00bb tablet_text_alignment=\u00bbdefault\u00bb phone_text_alignment=\u00bbdefault\u00bb animation_type=\u00bbdefault\u00bb bg_image_animation=\u00bbnone\u00bb border_type=\u00bbsimple\u00bb column_border_width=\u00bbnone\u00bb column_border_style=\u00bbsolid\u00bb][vc_column_text css_animation=\u00bbfadeIn\u00bb] Pol\u00edtica de Confidencialidad y Cookies [\/vc_column_text][divider line_type=\u00bbNo Line\u00bb custom_height=\u00bb30&#8243;][vc_column_text] Dayco, LLC (\u00abDayco\u00bb) respeta la privacidad de los visitantes de nuestra web. Ofrecemos...\" \/>\n<meta property=\"og:url\" content=\"https:\/\/uncommonegg.com\/dayco\/es\/privacy-cookie\/\" \/>\n<meta property=\"og:site_name\" content=\"Propulsion Solutions\" \/>\n<meta property=\"article:publisher\" content=\"https:\/\/www.facebook.com\/DaycoOfficial\/\" \/>\n<meta property=\"article:modified_time\" content=\"2022-05-09T07:10:31+00:00\" \/>\n<meta property=\"og:image\" content=\"https:\/\/uncommonegg.com\/dayco\/wp-content\/uploads\/2024\/01\/PS-Logo-SEO2.jpg\" \/>\n\t<meta property=\"og:image:width\" content=\"696\" \/>\n\t<meta property=\"og:image:height\" content=\"696\" \/>\n\t<meta property=\"og:image:type\" content=\"image\/jpeg\" \/>\n<meta name=\"twitter:card\" content=\"summary_large_image\" \/>\n<meta name=\"twitter:site\" content=\"@DaycoOfficial\" \/>\n<meta name=\"twitter:label1\" content=\"Tiempo de lectura\" \/>\n\t<meta name=\"twitter:data1\" content=\"5 minutos\" \/>\n<script type=\"application\/ld+json\" class=\"yoast-schema-graph\">{\"@context\":\"https:\/\/schema.org\",\"@graph\":[{\"@type\":\"WebPage\",\"@id\":\"https:\/\/uncommonegg.com\/dayco\/es\/privacy-cookie\/\",\"url\":\"https:\/\/uncommonegg.com\/dayco\/es\/privacy-cookie\/\",\"name\":\"Privacy and Cookie Policy | Propulsion Solutions\",\"isPartOf\":{\"@id\":\"https:\/\/uncommonegg.com\/dayco\/es\/#website\"},\"datePublished\":\"2018-05-21T17:06:57+00:00\",\"dateModified\":\"2022-05-09T07:10:31+00:00\",\"breadcrumb\":{\"@id\":\"https:\/\/uncommonegg.com\/dayco\/es\/privacy-cookie\/#breadcrumb\"},\"inLanguage\":\"es\",\"potentialAction\":[{\"@type\":\"ReadAction\",\"target\":[\"https:\/\/uncommonegg.com\/dayco\/es\/privacy-cookie\/\"]}]},{\"@type\":\"BreadcrumbList\",\"@id\":\"https:\/\/uncommonegg.com\/dayco\/es\/privacy-cookie\/#breadcrumb\",\"itemListElement\":[{\"@type\":\"ListItem\",\"position\":1,\"name\":\"Inicio\",\"item\":\"https:\/\/uncommonegg.com\/dayco\/es\/home\/\"},{\"@type\":\"ListItem\",\"position\":2,\"name\":\"Privacy and Cookie Policy\"}]},{\"@type\":\"WebSite\",\"@id\":\"https:\/\/uncommonegg.com\/dayco\/es\/#website\",\"url\":\"https:\/\/uncommonegg.com\/dayco\/es\/\",\"name\":\"Propulsion Solutions\",\"description\":\"Move Forward. Always.\u2122\",\"publisher\":{\"@id\":\"https:\/\/uncommonegg.com\/dayco\/es\/#organization\"},\"alternateName\":\"Propulsion Solutions\",\"potentialAction\":[{\"@type\":\"SearchAction\",\"target\":{\"@type\":\"EntryPoint\",\"urlTemplate\":\"https:\/\/uncommonegg.com\/dayco\/es\/?s={search_term_string}\"},\"query-input\":\"required name=search_term_string\"}],\"inLanguage\":\"es\"},{\"@type\":\"Organization\",\"@id\":\"https:\/\/uncommonegg.com\/dayco\/es\/#organization\",\"name\":\"Dayco Corporate\",\"alternateName\":\"Propulsion Solutions\",\"url\":\"https:\/\/uncommonegg.com\/dayco\/es\/\",\"logo\":{\"@type\":\"ImageObject\",\"inLanguage\":\"es\",\"@id\":\"https:\/\/uncommonegg.com\/dayco\/es\/#\/schema\/logo\/image\/\",\"url\":\"http:\/\/uncommonegg.com\/dayco\/wp-content\/uploads\/2024\/01\/PS-Logo-SEO2.jpg\",\"contentUrl\":\"http:\/\/uncommonegg.com\/dayco\/wp-content\/uploads\/2024\/01\/PS-Logo-SEO2.jpg\",\"width\":696,\"height\":696,\"caption\":\"Dayco Corporate\"},\"image\":{\"@id\":\"https:\/\/uncommonegg.com\/dayco\/es\/#\/schema\/logo\/image\/\"},\"sameAs\":[\"https:\/\/www.facebook.com\/DaycoOfficial\/\",\"https:\/\/twitter.com\/DaycoOfficial\",\"https:\/\/www.instagram.com\/daycoofficial\/\",\"https:\/\/www.linkedin.com\/company\/daycoofficial\/\",\"https:\/\/www.youtube.com\/DaycoOfficial\",\"https:\/\/en.wikipedia.org\/wiki\/Dayco\"]}]}<\/script>\n<!-- \/ Yoast SEO plugin. -->","yoast_head_json":{"title":"Privacy and Cookie Policy | Propulsion Solutions","robots":{"index":"noindex","follow":"follow","max-snippet":"max-snippet:-1","max-image-preview":"max-image-preview:large","max-video-preview":"max-video-preview:-1"},"og_locale":"es_ES","og_type":"article","og_title":"Privacy and Cookie Policy | Propulsion Solutions","og_description":"[vc_row type=\u00bbin_container\u00bb full_screen_row_position=\u00bbmiddle\u00bb column_margin=\u00bbdefault\u00bb column_direction=\u00bbdefault\u00bb column_direction_tablet=\u00bbdefault\u00bb column_direction_phone=\u00bbdefault\u00bb scene_position=\u00bbcenter\u00bb top_padding=\u00bb30&#8243; bottom_padding=\u00bb30&#8243; text_color=\u00bbdark\u00bb text_align=\u00bbleft\u00bb row_border_radius=\u00bbnone\u00bb row_border_radius_applies=\u00bbbg\u00bb overflow=\u00bbvisible\u00bb overlay_strength=\u00bb0.3&#8243; gradient_direction=\u00bbleft_to_right\u00bb shape_divider_position=\u00bbbottom\u00bb bg_image_animation=\u00bbnone\u00bb shape_type=\u00bb\u00bb][vc_column column_padding=\u00bbno-extra-padding\u00bb column_padding_tablet=\u00bbinherit\u00bb column_padding_phone=\u00bbinherit\u00bb column_padding_position=\u00bball\u00bb column_element_spacing=\u00bbdefault\u00bb background_color_opacity=\u00bb1&#8243; background_hover_color_opacity=\u00bb1&#8243; column_shadow=\u00bbnone\u00bb column_border_radius=\u00bbnone\u00bb column_link_target=\u00bb_self\u00bb column_position=\u00bbdefault\u00bb gradient_direction=\u00bbleft_to_right\u00bb overlay_strength=\u00bb0.3&#8243; width=\u00bb1\/1&#8243; tablet_width_inherit=\u00bbdefault\u00bb tablet_text_alignment=\u00bbdefault\u00bb phone_text_alignment=\u00bbdefault\u00bb animation_type=\u00bbdefault\u00bb bg_image_animation=\u00bbnone\u00bb border_type=\u00bbsimple\u00bb column_border_width=\u00bbnone\u00bb column_border_style=\u00bbsolid\u00bb][vc_column_text css_animation=\u00bbfadeIn\u00bb] Pol\u00edtica de Confidencialidad y Cookies [\/vc_column_text][divider line_type=\u00bbNo Line\u00bb custom_height=\u00bb30&#8243;][vc_column_text] Dayco, LLC (\u00abDayco\u00bb) respeta la privacidad de los visitantes de nuestra web. Ofrecemos...","og_url":"https:\/\/uncommonegg.com\/dayco\/es\/privacy-cookie\/","og_site_name":"Propulsion Solutions","article_publisher":"https:\/\/www.facebook.com\/DaycoOfficial\/","article_modified_time":"2022-05-09T07:10:31+00:00","og_image":[{"width":696,"height":696,"url":"https:\/\/uncommonegg.com\/dayco\/wp-content\/uploads\/2024\/01\/PS-Logo-SEO2.jpg","type":"image\/jpeg"}],"twitter_card":"summary_large_image","twitter_site":"@DaycoOfficial","twitter_misc":{"Tiempo de lectura":"5 minutos"},"schema":{"@context":"https:\/\/schema.org","@graph":[{"@type":"WebPage","@id":"https:\/\/uncommonegg.com\/dayco\/es\/privacy-cookie\/","url":"https:\/\/uncommonegg.com\/dayco\/es\/privacy-cookie\/","name":"Privacy and Cookie Policy | Propulsion Solutions","isPartOf":{"@id":"https:\/\/uncommonegg.com\/dayco\/es\/#website"},"datePublished":"2018-05-21T17:06:57+00:00","dateModified":"2022-05-09T07:10:31+00:00","breadcrumb":{"@id":"https:\/\/uncommonegg.com\/dayco\/es\/privacy-cookie\/#breadcrumb"},"inLanguage":"es","potentialAction":[{"@type":"ReadAction","target":["https:\/\/uncommonegg.com\/dayco\/es\/privacy-cookie\/"]}]},{"@type":"BreadcrumbList","@id":"https:\/\/uncommonegg.com\/dayco\/es\/privacy-cookie\/#breadcrumb","itemListElement":[{"@type":"ListItem","position":1,"name":"Inicio","item":"https:\/\/uncommonegg.com\/dayco\/es\/home\/"},{"@type":"ListItem","position":2,"name":"Privacy and Cookie Policy"}]},{"@type":"WebSite","@id":"https:\/\/uncommonegg.com\/dayco\/es\/#website","url":"https:\/\/uncommonegg.com\/dayco\/es\/","name":"Propulsion Solutions","description":"Move Forward. Always.\u2122","publisher":{"@id":"https:\/\/uncommonegg.com\/dayco\/es\/#organization"},"alternateName":"Propulsion Solutions","potentialAction":[{"@type":"SearchAction","target":{"@type":"EntryPoint","urlTemplate":"https:\/\/uncommonegg.com\/dayco\/es\/?s={search_term_string}"},"query-input":"required name=search_term_string"}],"inLanguage":"es"},{"@type":"Organization","@id":"https:\/\/uncommonegg.com\/dayco\/es\/#organization","name":"Dayco Corporate","alternateName":"Propulsion Solutions","url":"https:\/\/uncommonegg.com\/dayco\/es\/","logo":{"@type":"ImageObject","inLanguage":"es","@id":"https:\/\/uncommonegg.com\/dayco\/es\/#\/schema\/logo\/image\/","url":"http:\/\/uncommonegg.com\/dayco\/wp-content\/uploads\/2024\/01\/PS-Logo-SEO2.jpg","contentUrl":"http:\/\/uncommonegg.com\/dayco\/wp-content\/uploads\/2024\/01\/PS-Logo-SEO2.jpg","width":696,"height":696,"caption":"Dayco Corporate"},"image":{"@id":"https:\/\/uncommonegg.com\/dayco\/es\/#\/schema\/logo\/image\/"},"sameAs":["https:\/\/www.facebook.com\/DaycoOfficial\/","https:\/\/twitter.com\/DaycoOfficial","https:\/\/www.instagram.com\/daycoofficial\/","https:\/\/www.linkedin.com\/company\/daycoofficial\/","https:\/\/www.youtube.com\/DaycoOfficial","https:\/\/en.wikipedia.org\/wiki\/Dayco"]}]}},"_links":{"self":[{"href":"https:\/\/uncommonegg.com\/dayco\/es\/wp-json\/wp\/v2\/pages\/9111"}],"collection":[{"href":"https:\/\/uncommonegg.com\/dayco\/es\/wp-json\/wp\/v2\/pages"}],"about":[{"href":"https:\/\/uncommonegg.com\/dayco\/es\/wp-json\/wp\/v2\/types\/page"}],"author":[{"embeddable":true,"href":"https:\/\/uncommonegg.com\/dayco\/es\/wp-json\/wp\/v2\/users\/1"}],"replies":[{"embeddable":true,"href":"https:\/\/uncommonegg.com\/dayco\/es\/wp-json\/wp\/v2\/comments?post=9111"}],"version-history":[{"count":0,"href":"https:\/\/uncommonegg.com\/dayco\/es\/wp-json\/wp\/v2\/pages\/9111\/revisions"}],"wp:attachment":[{"href":"https:\/\/uncommonegg.com\/dayco\/es\/wp-json\/wp\/v2\/media?parent=9111"}],"curies":[{"name":"wp","href":"https:\/\/api.w.org\/{rel}","templated":true}]}}