{"id":46764,"date":"2018-05-15T23:07:58","date_gmt":"2018-05-15T21:07:58","guid":{"rendered":"http:\/\/uncommonegg.com\/dayco\/product\/zusatzantriebsriemenspanner-hd\/"},"modified":"2022-10-13T10:20:14","modified_gmt":"2022-10-13T08:20:14","slug":"zusatzantriebsriemenspanner-hd","status":"publish","type":"product","link":"https:\/\/uncommonegg.com\/dayco\/de\/produkt\/zusatzantriebsriemenspanner-hd\/","title":{"rendered":"Zusatzantriebsriemenspanner Lastkraftwagen"},"content":{"rendered":"<p><strong>Anwendungen: <\/strong>Lkws, Busse, Bau- und Landwirtschaftsmaschinen<\/p>\n<p>Dayco bietet ein erstklassiges Sortiment an automatischen Riemenspannern, die speziell f\u00fcr die anspruchsvollen Bedingungen in der Schwerindustrie entwickelt wurden. Die Premium-Riemenspannern von Dayco haben sich in zahlreichen Industrie- und Nutzfahrzeuganwendungen bew\u00e4hrt und bieten den weltweit f\u00fchrenden Erstausr\u00fcstern ein hohes Ma\u00df an Sicherheit und Zuverl\u00e4ssigkeit f\u00fcr eine Vielzahl von Nebenantriebsorganen im Frontbereich. Diese Riemenspanner arbeiten in Kombination mit den Dayco-Riemen, D\u00e4mpfern, Entkopplern und anderen Komponenten als System und sind je nach Anwendungsanforderungen anpassbar.<\/p>\n<p><strong>Merkmale\/Vorteile:<\/strong><\/p>\n<ul>\n<li>Automatische Riemenspanner, die unter extremen Betriebsbedingungen eine dauerhaft hohe Fahrzeugleistung erbringen<\/li>\n<li>Validiert in verschiedenen Industrie- und Nutzfahrzeuganwendungen f\u00fcr Front-End-Antriebssysteme<\/li>\n<li>Sicher und zuverl\u00e4ssig mit klassenbester Haltbarkeit<\/li>\n<li>Geringere Vibrationen und Reibungsverluste sorgen f\u00fcr optimale Effizienz<\/li>\n<li>Wettbewerbsf\u00e4hige und hocheffiziente Riemenspanner-L\u00f6sung f\u00fcr Nebenantriebe<\/li>\n<\/ul>\n<p><strong>Zus\u00e4tzlicher Nutzen f\u00fcr die Kunden:<\/strong><\/p>\n<ul>\n<li>Erstklassige globale F&amp;E- und Testkapazit\u00e4ten mit lokalen Produktionsstandorten an allen wichtigen Standorten, um weltweit die Lieferung zu unterst\u00fctzen.<\/li>\n<li>Belieferung der weltweit f\u00fchrenden Hersteller von Schwerlastfahrzeugen<\/li>\n<li>Nachhaltige L\u00f6sungen f\u00fcr die Mobilit\u00e4t der Zukunft, die ein nahtloses Nutzererlebnis bieten<\/li>\n<li>Zuverl\u00e4ssige und umweltfreundliche Riemenspanner mit minimaler Ger\u00e4uschentwicklung, Vibration und H\u00e4rte<\/li>\n<li>Geringere Gesamtbetriebskosten<\/li>\n<\/ul>\n","protected":false},"excerpt":{"rendered":"<p>Anwendungen: Lkws, Busse, Bau- und Landwirtschaftsmaschinen Dayco bietet ein erstklassiges Sortiment an automatischen Riemenspannern, die speziell f\u00fcr die anspruchsvollen Bedingungen in der Schwerindustrie entwickelt wurden. Die Premium-Riemenspannern von Dayco haben sich in zahlreichen Industrie- und Nutzfahrzeuganwendungen bew\u00e4hrt und bieten den weltweit f\u00fchrenden Erstausr\u00fcstern ein hohes Ma\u00df an Sicherheit und Zuverl\u00e4ssigkeit f\u00fcr eine Vielzahl von Nebenantriebsorganen im Frontbereich. Diese Riemenspanner arbeiten in Kombination mit den Dayco-Riemen,&#8230;<\/p>\n","protected":false},"featured_media":47710,"template":"","meta":[],"product_cat":[351],"product_tag":[],"yoast_head":"<!-- This site is optimized with the Yoast SEO plugin v22.4 - https:\/\/yoast.com\/wordpress\/plugins\/seo\/ -->\n<title>Zusatzantriebsriemenspanner Lastkraftwagen | Propulsion Solutions<\/title>\n<meta name=\"robots\" content=\"noindex, follow, max-snippet:-1, max-image-preview:large, max-video-preview:-1\" \/>\n<meta property=\"og:locale\" content=\"de_DE\" \/>\n<meta property=\"og:type\" content=\"article\" \/>\n<meta property=\"og:title\" content=\"Zusatzantriebsriemenspanner Lastkraftwagen | Propulsion Solutions\" \/>\n<meta property=\"og:description\" content=\"Anwendungen: Lkws, Busse, Bau- und Landwirtschaftsmaschinen Dayco bietet ein erstklassiges Sortiment an automatischen Riemenspannern, die speziell f\u00fcr die anspruchsvollen Bedingungen in der Schwerindustrie entwickelt wurden. Die Premium-Riemenspannern von Dayco haben sich in zahlreichen Industrie- und Nutzfahrzeuganwendungen bew\u00e4hrt und bieten den weltweit f\u00fchrenden Erstausr\u00fcstern ein hohes Ma\u00df an Sicherheit und Zuverl\u00e4ssigkeit f\u00fcr eine Vielzahl von Nebenantriebsorganen im Frontbereich. Diese Riemenspanner arbeiten in Kombination mit den Dayco-Riemen,...\" \/>\n<meta property=\"og:url\" content=\"https:\/\/uncommonegg.com\/dayco\/de\/produkt\/zusatzantriebsriemenspanner-hd\/\" \/>\n<meta property=\"og:site_name\" content=\"Propulsion Solutions\" \/>\n<meta property=\"article:publisher\" content=\"https:\/\/www.facebook.com\/DaycoOfficial\/\" \/>\n<meta property=\"article:modified_time\" content=\"2022-10-13T08:20:14+00:00\" \/>\n<meta property=\"og:image\" content=\"https:\/\/uncommonegg.com\/dayco\/wp-content\/uploads\/Accessory-Drive-Tens-HD-1.jpg\" \/>\n\t<meta property=\"og:image:width\" content=\"609\" \/>\n\t<meta property=\"og:image:height\" content=\"356\" \/>\n\t<meta property=\"og:image:type\" content=\"image\/jpeg\" \/>\n<meta name=\"twitter:card\" content=\"summary_large_image\" \/>\n<meta name=\"twitter:site\" content=\"@DaycoOfficial\" \/>\n<meta name=\"twitter:label1\" content=\"Preis\" \/>\n\t<meta name=\"twitter:data1\" content=\"\" \/>\n\t<meta name=\"twitter:label2\" content=\"Verf\u00fcgbarkeit\" \/>\n\t<meta name=\"twitter:data2\" content=\"Auf Lager\" \/>\n<script type=\"application\/ld+json\" class=\"yoast-schema-graph\">{\"@context\":\"https:\/\/schema.org\",\"@graph\":[{\"@type\":[\"WebPage\",\"ItemPage\"],\"@id\":\"https:\/\/uncommonegg.com\/dayco\/de\/produkt\/zusatzantriebsriemenspanner-hd\/\",\"url\":\"https:\/\/uncommonegg.com\/dayco\/de\/produkt\/zusatzantriebsriemenspanner-hd\/\",\"name\":\"Zusatzantriebsriemenspanner Lastkraftwagen | Propulsion Solutions\",\"isPartOf\":{\"@id\":\"https:\/\/uncommonegg.com\/dayco\/de\/#website\"},\"primaryImageOfPage\":{\"@id\":\"https:\/\/uncommonegg.com\/dayco\/de\/produkt\/zusatzantriebsriemenspanner-hd\/#primaryimage\"},\"image\":{\"@id\":\"https:\/\/uncommonegg.com\/dayco\/de\/produkt\/zusatzantriebsriemenspanner-hd\/#primaryimage\"},\"thumbnailUrl\":\"https:\/\/uncommonegg.com\/dayco\/wp-content\/uploads\/Accessory-Drive-Tens-HD-1.jpg\",\"datePublished\":\"2018-05-15T21:07:58+00:00\",\"dateModified\":\"2022-10-13T08:20:14+00:00\",\"breadcrumb\":{\"@id\":\"https:\/\/uncommonegg.com\/dayco\/de\/produkt\/zusatzantriebsriemenspanner-hd\/#breadcrumb\"},\"inLanguage\":\"de\",\"potentialAction\":[{\"@type\":\"ReadAction\",\"target\":[\"https:\/\/uncommonegg.com\/dayco\/de\/produkt\/zusatzantriebsriemenspanner-hd\/\"]}]},{\"@type\":\"ImageObject\",\"inLanguage\":\"de\",\"@id\":\"https:\/\/uncommonegg.com\/dayco\/de\/produkt\/zusatzantriebsriemenspanner-hd\/#primaryimage\",\"url\":\"https:\/\/uncommonegg.com\/dayco\/wp-content\/uploads\/Accessory-Drive-Tens-HD-1.jpg\",\"contentUrl\":\"https:\/\/uncommonegg.com\/dayco\/wp-content\/uploads\/Accessory-Drive-Tens-HD-1.jpg\",\"width\":609,\"height\":356,\"caption\":\"Accessory Drive Tens Hd 1\"},{\"@type\":\"BreadcrumbList\",\"@id\":\"https:\/\/uncommonegg.com\/dayco\/de\/produkt\/zusatzantriebsriemenspanner-hd\/#breadcrumb\",\"itemListElement\":[{\"@type\":\"ListItem\",\"position\":1,\"name\":\"Startseite\",\"item\":\"https:\/\/uncommonegg.com\/dayco\/de\/home\/\"},{\"@type\":\"ListItem\",\"position\":2,\"name\":\"Produkte\",\"item\":\"https:\/\/uncommonegg.com\/dayco\/de\/produkte\/\"},{\"@type\":\"ListItem\",\"position\":3,\"name\":\"Zusatzantriebsriemenspanner Lastkraftwagen\"}]},{\"@type\":\"WebSite\",\"@id\":\"https:\/\/uncommonegg.com\/dayco\/de\/#website\",\"url\":\"https:\/\/uncommonegg.com\/dayco\/de\/\",\"name\":\"Propulsion Solutions\",\"description\":\"Move Forward. Always.\u2122\",\"publisher\":{\"@id\":\"https:\/\/uncommonegg.com\/dayco\/de\/#organization\"},\"alternateName\":\"Propulsion Solutions\",\"potentialAction\":[{\"@type\":\"SearchAction\",\"target\":{\"@type\":\"EntryPoint\",\"urlTemplate\":\"https:\/\/uncommonegg.com\/dayco\/de\/?s={search_term_string}\"},\"query-input\":\"required name=search_term_string\"}],\"inLanguage\":\"de\"},{\"@type\":\"Organization\",\"@id\":\"https:\/\/uncommonegg.com\/dayco\/de\/#organization\",\"name\":\"Dayco Corporate\",\"alternateName\":\"Propulsion Solutions\",\"url\":\"https:\/\/uncommonegg.com\/dayco\/de\/\",\"logo\":{\"@type\":\"ImageObject\",\"inLanguage\":\"de\",\"@id\":\"https:\/\/uncommonegg.com\/dayco\/de\/#\/schema\/logo\/image\/\",\"url\":\"http:\/\/uncommonegg.com\/dayco\/wp-content\/uploads\/2024\/01\/PS-Logo-SEO2.jpg\",\"contentUrl\":\"http:\/\/uncommonegg.com\/dayco\/wp-content\/uploads\/2024\/01\/PS-Logo-SEO2.jpg\",\"width\":696,\"height\":696,\"caption\":\"Dayco Corporate\"},\"image\":{\"@id\":\"https:\/\/uncommonegg.com\/dayco\/de\/#\/schema\/logo\/image\/\"},\"sameAs\":[\"https:\/\/www.facebook.com\/DaycoOfficial\/\",\"https:\/\/twitter.com\/DaycoOfficial\",\"https:\/\/www.instagram.com\/daycoofficial\/\",\"https:\/\/www.linkedin.com\/company\/daycoofficial\/\",\"https:\/\/www.youtube.com\/DaycoOfficial\",\"https:\/\/en.wikipedia.org\/wiki\/Dayco\"]}]}<\/script>\n<meta property=\"product:brand\" content=\"Schwere Nutzfahrzeuge OE\" \/>\n<meta property=\"product:price:amount\" content=\"0.00\" \/>\n<meta property=\"product:price:currency\" content=\"EUR\" \/>\n<meta property=\"og:availability\" content=\"instock\" \/>\n<meta property=\"product:availability\" content=\"instock\" \/>\n<meta property=\"product:retailer_item_id\" content=\"APVHD\" \/>\n<meta property=\"product:condition\" content=\"new\" \/>\n<!-- \/ Yoast SEO plugin. -->","yoast_head_json":{"title":"Zusatzantriebsriemenspanner Lastkraftwagen | Propulsion Solutions","robots":{"index":"noindex","follow":"follow","max-snippet":"max-snippet:-1","max-image-preview":"max-image-preview:large","max-video-preview":"max-video-preview:-1"},"og_locale":"de_DE","og_type":"article","og_title":"Zusatzantriebsriemenspanner Lastkraftwagen | Propulsion Solutions","og_description":"Anwendungen: Lkws, Busse, Bau- und Landwirtschaftsmaschinen Dayco bietet ein erstklassiges Sortiment an automatischen Riemenspannern, die speziell f\u00fcr die anspruchsvollen Bedingungen in der Schwerindustrie entwickelt wurden. Die Premium-Riemenspannern von Dayco haben sich in zahlreichen Industrie- und Nutzfahrzeuganwendungen bew\u00e4hrt und bieten den weltweit f\u00fchrenden Erstausr\u00fcstern ein hohes Ma\u00df an Sicherheit und Zuverl\u00e4ssigkeit f\u00fcr eine Vielzahl von Nebenantriebsorganen im Frontbereich. Diese Riemenspanner arbeiten in Kombination mit den Dayco-Riemen,...","og_url":"https:\/\/uncommonegg.com\/dayco\/de\/produkt\/zusatzantriebsriemenspanner-hd\/","og_site_name":"Propulsion Solutions","article_publisher":"https:\/\/www.facebook.com\/DaycoOfficial\/","article_modified_time":"2022-10-13T08:20:14+00:00","og_image":[{"width":609,"height":356,"url":"https:\/\/uncommonegg.com\/dayco\/wp-content\/uploads\/Accessory-Drive-Tens-HD-1.jpg","type":"image\/jpeg"}],"twitter_card":"summary_large_image","twitter_site":"@DaycoOfficial","twitter_misc":{"Preis":"","Verf\u00fcgbarkeit":"Auf Lager"},"schema":{"@context":"https:\/\/schema.org","@graph":[{"@type":["WebPage","ItemPage"],"@id":"https:\/\/uncommonegg.com\/dayco\/de\/produkt\/zusatzantriebsriemenspanner-hd\/","url":"https:\/\/uncommonegg.com\/dayco\/de\/produkt\/zusatzantriebsriemenspanner-hd\/","name":"Zusatzantriebsriemenspanner Lastkraftwagen | Propulsion Solutions","isPartOf":{"@id":"https:\/\/uncommonegg.com\/dayco\/de\/#website"},"primaryImageOfPage":{"@id":"https:\/\/uncommonegg.com\/dayco\/de\/produkt\/zusatzantriebsriemenspanner-hd\/#primaryimage"},"image":{"@id":"https:\/\/uncommonegg.com\/dayco\/de\/produkt\/zusatzantriebsriemenspanner-hd\/#primaryimage"},"thumbnailUrl":"https:\/\/uncommonegg.com\/dayco\/wp-content\/uploads\/Accessory-Drive-Tens-HD-1.jpg","datePublished":"2018-05-15T21:07:58+00:00","dateModified":"2022-10-13T08:20:14+00:00","breadcrumb":{"@id":"https:\/\/uncommonegg.com\/dayco\/de\/produkt\/zusatzantriebsriemenspanner-hd\/#breadcrumb"},"inLanguage":"de","potentialAction":[{"@type":"ReadAction","target":["https:\/\/uncommonegg.com\/dayco\/de\/produkt\/zusatzantriebsriemenspanner-hd\/"]}]},{"@type":"ImageObject","inLanguage":"de","@id":"https:\/\/uncommonegg.com\/dayco\/de\/produkt\/zusatzantriebsriemenspanner-hd\/#primaryimage","url":"https:\/\/uncommonegg.com\/dayco\/wp-content\/uploads\/Accessory-Drive-Tens-HD-1.jpg","contentUrl":"https:\/\/uncommonegg.com\/dayco\/wp-content\/uploads\/Accessory-Drive-Tens-HD-1.jpg","width":609,"height":356,"caption":"Accessory Drive Tens Hd 1"},{"@type":"BreadcrumbList","@id":"https:\/\/uncommonegg.com\/dayco\/de\/produkt\/zusatzantriebsriemenspanner-hd\/#breadcrumb","itemListElement":[{"@type":"ListItem","position":1,"name":"Startseite","item":"https:\/\/uncommonegg.com\/dayco\/de\/home\/"},{"@type":"ListItem","position":2,"name":"Produkte","item":"https:\/\/uncommonegg.com\/dayco\/de\/produkte\/"},{"@type":"ListItem","position":3,"name":"Zusatzantriebsriemenspanner Lastkraftwagen"}]},{"@type":"WebSite","@id":"https:\/\/uncommonegg.com\/dayco\/de\/#website","url":"https:\/\/uncommonegg.com\/dayco\/de\/","name":"Propulsion Solutions","description":"Move Forward. Always.\u2122","publisher":{"@id":"https:\/\/uncommonegg.com\/dayco\/de\/#organization"},"alternateName":"Propulsion Solutions","potentialAction":[{"@type":"SearchAction","target":{"@type":"EntryPoint","urlTemplate":"https:\/\/uncommonegg.com\/dayco\/de\/?s={search_term_string}"},"query-input":"required name=search_term_string"}],"inLanguage":"de"},{"@type":"Organization","@id":"https:\/\/uncommonegg.com\/dayco\/de\/#organization","name":"Dayco Corporate","alternateName":"Propulsion Solutions","url":"https:\/\/uncommonegg.com\/dayco\/de\/","logo":{"@type":"ImageObject","inLanguage":"de","@id":"https:\/\/uncommonegg.com\/dayco\/de\/#\/schema\/logo\/image\/","url":"http:\/\/uncommonegg.com\/dayco\/wp-content\/uploads\/2024\/01\/PS-Logo-SEO2.jpg","contentUrl":"http:\/\/uncommonegg.com\/dayco\/wp-content\/uploads\/2024\/01\/PS-Logo-SEO2.jpg","width":696,"height":696,"caption":"Dayco Corporate"},"image":{"@id":"https:\/\/uncommonegg.com\/dayco\/de\/#\/schema\/logo\/image\/"},"sameAs":["https:\/\/www.facebook.com\/DaycoOfficial\/","https:\/\/twitter.com\/DaycoOfficial","https:\/\/www.instagram.com\/daycoofficial\/","https:\/\/www.linkedin.com\/company\/daycoofficial\/","https:\/\/www.youtube.com\/DaycoOfficial","https:\/\/en.wikipedia.org\/wiki\/Dayco"]}]},"product_brand":"Schwere Nutzfahrzeuge OE","product_price_amount":"0.00","product_price_currency":"EUR","og_availability":"instock","product_availability":"instock","product_retailer_item_id":"APVHD","product_condition":"new"},"_links":{"self":[{"href":"https:\/\/uncommonegg.com\/dayco\/de\/wp-json\/wp\/v2\/product\/46764"}],"collection":[{"href":"https:\/\/uncommonegg.com\/dayco\/de\/wp-json\/wp\/v2\/product"}],"about":[{"href":"https:\/\/uncommonegg.com\/dayco\/de\/wp-json\/wp\/v2\/types\/product"}],"wp:featuredmedia":[{"embeddable":true,"href":"https:\/\/uncommonegg.com\/dayco\/de\/wp-json\/wp\/v2\/media\/47710"}],"wp:attachment":[{"href":"https:\/\/uncommonegg.com\/dayco\/de\/wp-json\/wp\/v2\/media?parent=46764"}],"wp:term":[{"taxonomy":"product_cat","embeddable":true,"href":"https:\/\/uncommonegg.com\/dayco\/de\/wp-json\/wp\/v2\/product_cat?post=46764"},{"taxonomy":"product_tag","embeddable":true,"href":"https:\/\/uncommonegg.com\/dayco\/de\/wp-json\/wp\/v2\/product_tag?post=46764"}],"curies":[{"name":"wp","href":"https:\/\/api.w.org\/{rel}","templated":true}]}}