{"id":46761,"date":"2018-05-17T22:57:37","date_gmt":"2018-05-17T20:57:37","guid":{"rendered":"http:\/\/uncommonegg.com\/dayco\/product\/vakuumerzeugungssystem\/"},"modified":"2018-05-17T22:57:37","modified_gmt":"2018-05-17T20:57:37","slug":"vakuumerzeugungssystem","status":"publish","type":"product","link":"https:\/\/uncommonegg.com\/dayco\/de\/produkt\/vakuumerzeugungssystem\/","title":{"rendered":"Vakuumerzeugungssystem"},"content":{"rendered":"<p>Eines der neuesten Dayco Produkte ist unser Vakuumerzeugungssystem mit Schwerpunkt auf wirtschaftlicheren Kraftstoffverbrauch. Das Vakuumerzeugungsaggregat wurde f\u00fcr Systeme wie Vakuum-Bremsassistent, Ausblasen von Kraftstoffd\u00e4mpfen und Kurbelgeh\u00e4useentl\u00fcftung entwickelt, die ein Vakuum ben\u00f6tigen. Es ersetzt kostenintensive, schwere und viel Kraftstoff verbrauchende elektrische und mechanische Vakuumpumpen, die an vielen Motoren von heute verbaut sind.<\/p>\n<p>Das Dayco Vakuumerzeugungssystem umfasst auch eine Reihe eigenst\u00e4ndiger Motorkomponenten wie Absauganlagen, Auswerfer, Stromventile, R\u00fcckschlagventile und Ger\u00e4uschd\u00e4mpfungsglieder, die s\u00e4mtlich Vakuumleistung und Wirkungsgrad bei gleichzeitiger Motorgewichtsreduzierung erh\u00f6hen. Diese bahnbrechenden Technologien f\u00fchren auch zu direkten Vorteilen f\u00fcr den Fahrer. So f\u00fchrt zum Beispiel unser Vakuum-Bremsassistentmodul zu einer geringeren und konsistenteren Krafteinwirkung auf das Bremspedal. Der Fahrer nimmt das Pedaltreten bei mehreren Bremsvorg\u00e4ngen nicht als hart wahr, wie sich das bei Einparkman\u00f6vern anf\u00fchlt, wodurch sich insgesamt ein besseres Fahrgef\u00fchl ergibt.<\/p>\n","protected":false},"excerpt":{"rendered":"<p>Eines der neuesten Dayco Produkte ist unser Vakuumerzeugungssystem mit Schwerpunkt auf wirtschaftlicheren Kraftstoffverbrauch. Das Vakuumerzeugungsaggregat wurde f\u00fcr Systeme wie Vakuum-Bremsassistent, Ausblasen von Kraftstoffd\u00e4mpfen und Kurbelgeh\u00e4useentl\u00fcftung entwickelt, die ein Vakuum ben\u00f6tigen. Es ersetzt kostenintensive, schwere und viel Kraftstoff verbrauchende elektrische und mechanische Vakuumpumpen, die an vielen Motoren von heute verbaut sind. Das Dayco Vakuumerzeugungssystem umfasst auch eine Reihe eigenst\u00e4ndiger Motorkomponenten wie Absauganlagen, Auswerfer, Stromventile, R\u00fcckschlagventile und&#8230;<\/p>\n","protected":false},"featured_media":46763,"template":"","meta":[],"product_cat":[349],"product_tag":[],"yoast_head":"<!-- This site is optimized with the Yoast SEO plugin v22.4 - https:\/\/yoast.com\/wordpress\/plugins\/seo\/ -->\n<title>Vakuumerzeugungssystem | Propulsion Solutions<\/title>\n<meta name=\"description\" content=\"With focus on increasing fuel efficiency, one of Dayco\u2019s newest products is our Vacuum Generation System, engineered for systems requiring vacuum.\" \/>\n<meta name=\"robots\" content=\"noindex, follow, max-snippet:-1, max-image-preview:large, max-video-preview:-1\" \/>\n<meta property=\"og:locale\" content=\"de_DE\" \/>\n<meta property=\"og:type\" content=\"article\" \/>\n<meta property=\"og:title\" content=\"Vakuumerzeugungssystem | Propulsion Solutions\" \/>\n<meta property=\"og:description\" content=\"With focus on increasing fuel efficiency, one of Dayco\u2019s newest products is our Vacuum Generation System, engineered for systems requiring vacuum.\" \/>\n<meta property=\"og:url\" content=\"https:\/\/uncommonegg.com\/dayco\/de\/produkt\/vakuumerzeugungssystem\/\" \/>\n<meta property=\"og:site_name\" content=\"Propulsion Solutions\" \/>\n<meta property=\"article:publisher\" content=\"https:\/\/www.facebook.com\/DaycoOfficial\/\" \/>\n<meta property=\"og:image\" content=\"https:\/\/uncommonegg.com\/dayco\/wp-content\/uploads\/VGS-1.png\" \/>\n\t<meta property=\"og:image:width\" content=\"609\" \/>\n\t<meta property=\"og:image:height\" content=\"356\" \/>\n\t<meta property=\"og:image:type\" content=\"image\/png\" \/>\n<meta name=\"twitter:card\" content=\"summary_large_image\" \/>\n<meta name=\"twitter:site\" content=\"@DaycoOfficial\" \/>\n<meta name=\"twitter:label1\" content=\"Preis\" \/>\n\t<meta name=\"twitter:data1\" content=\"\" \/>\n\t<meta name=\"twitter:label2\" content=\"Verf\u00fcgbarkeit\" \/>\n\t<meta name=\"twitter:data2\" content=\"Auf Lager\" \/>\n<script type=\"application\/ld+json\" class=\"yoast-schema-graph\">{\"@context\":\"https:\/\/schema.org\",\"@graph\":[{\"@type\":[\"WebPage\",\"ItemPage\"],\"@id\":\"https:\/\/uncommonegg.com\/dayco\/de\/produkt\/vakuumerzeugungssystem\/\",\"url\":\"https:\/\/uncommonegg.com\/dayco\/de\/produkt\/vakuumerzeugungssystem\/\",\"name\":\"Vakuumerzeugungssystem | Propulsion Solutions\",\"isPartOf\":{\"@id\":\"https:\/\/uncommonegg.com\/dayco\/de\/#website\"},\"primaryImageOfPage\":{\"@id\":\"https:\/\/uncommonegg.com\/dayco\/de\/produkt\/vakuumerzeugungssystem\/#primaryimage\"},\"image\":{\"@id\":\"https:\/\/uncommonegg.com\/dayco\/de\/produkt\/vakuumerzeugungssystem\/#primaryimage\"},\"thumbnailUrl\":\"https:\/\/uncommonegg.com\/dayco\/wp-content\/uploads\/VGS-1.png\",\"datePublished\":\"2018-05-17T20:57:37+00:00\",\"dateModified\":\"2018-05-17T20:57:37+00:00\",\"description\":\"With focus on increasing fuel efficiency, one of Dayco\u2019s newest products is our Vacuum Generation System, engineered for systems requiring vacuum.\",\"breadcrumb\":{\"@id\":\"https:\/\/uncommonegg.com\/dayco\/de\/produkt\/vakuumerzeugungssystem\/#breadcrumb\"},\"inLanguage\":\"de\",\"potentialAction\":[{\"@type\":\"ReadAction\",\"target\":[\"https:\/\/uncommonegg.com\/dayco\/de\/produkt\/vakuumerzeugungssystem\/\"]}]},{\"@type\":\"ImageObject\",\"inLanguage\":\"de\",\"@id\":\"https:\/\/uncommonegg.com\/dayco\/de\/produkt\/vakuumerzeugungssystem\/#primaryimage\",\"url\":\"https:\/\/uncommonegg.com\/dayco\/wp-content\/uploads\/VGS-1.png\",\"contentUrl\":\"https:\/\/uncommonegg.com\/dayco\/wp-content\/uploads\/VGS-1.png\",\"width\":609,\"height\":356,\"caption\":\"Vgs 1\"},{\"@type\":\"BreadcrumbList\",\"@id\":\"https:\/\/uncommonegg.com\/dayco\/de\/produkt\/vakuumerzeugungssystem\/#breadcrumb\",\"itemListElement\":[{\"@type\":\"ListItem\",\"position\":1,\"name\":\"Startseite\",\"item\":\"https:\/\/uncommonegg.com\/dayco\/de\/home\/\"},{\"@type\":\"ListItem\",\"position\":2,\"name\":\"Produkte\",\"item\":\"https:\/\/uncommonegg.com\/dayco\/de\/produkte\/\"},{\"@type\":\"ListItem\",\"position\":3,\"name\":\"Vakuumerzeugungssystem\"}]},{\"@type\":\"WebSite\",\"@id\":\"https:\/\/uncommonegg.com\/dayco\/de\/#website\",\"url\":\"https:\/\/uncommonegg.com\/dayco\/de\/\",\"name\":\"Propulsion Solutions\",\"description\":\"Move Forward. Always.\u2122\",\"publisher\":{\"@id\":\"https:\/\/uncommonegg.com\/dayco\/de\/#organization\"},\"alternateName\":\"Propulsion Solutions\",\"potentialAction\":[{\"@type\":\"SearchAction\",\"target\":{\"@type\":\"EntryPoint\",\"urlTemplate\":\"https:\/\/uncommonegg.com\/dayco\/de\/?s={search_term_string}\"},\"query-input\":\"required name=search_term_string\"}],\"inLanguage\":\"de\"},{\"@type\":\"Organization\",\"@id\":\"https:\/\/uncommonegg.com\/dayco\/de\/#organization\",\"name\":\"Dayco Corporate\",\"alternateName\":\"Propulsion Solutions\",\"url\":\"https:\/\/uncommonegg.com\/dayco\/de\/\",\"logo\":{\"@type\":\"ImageObject\",\"inLanguage\":\"de\",\"@id\":\"https:\/\/uncommonegg.com\/dayco\/de\/#\/schema\/logo\/image\/\",\"url\":\"http:\/\/uncommonegg.com\/dayco\/wp-content\/uploads\/2024\/01\/PS-Logo-SEO2.jpg\",\"contentUrl\":\"http:\/\/uncommonegg.com\/dayco\/wp-content\/uploads\/2024\/01\/PS-Logo-SEO2.jpg\",\"width\":696,\"height\":696,\"caption\":\"Dayco Corporate\"},\"image\":{\"@id\":\"https:\/\/uncommonegg.com\/dayco\/de\/#\/schema\/logo\/image\/\"},\"sameAs\":[\"https:\/\/www.facebook.com\/DaycoOfficial\/\",\"https:\/\/twitter.com\/DaycoOfficial\",\"https:\/\/www.instagram.com\/daycoofficial\/\",\"https:\/\/www.linkedin.com\/company\/daycoofficial\/\",\"https:\/\/www.youtube.com\/DaycoOfficial\",\"https:\/\/en.wikipedia.org\/wiki\/Dayco\"]}]}<\/script>\n<meta property=\"product:brand\" content=\"Personenkraftwagen OE\" \/>\n<meta property=\"product:price:amount\" content=\"0.00\" \/>\n<meta property=\"product:price:currency\" content=\"EUR\" \/>\n<meta property=\"og:availability\" content=\"instock\" \/>\n<meta property=\"product:availability\" content=\"instock\" \/>\n<meta property=\"product:condition\" content=\"new\" \/>\n<!-- \/ Yoast SEO plugin. -->","yoast_head_json":{"title":"Vakuumerzeugungssystem | Propulsion Solutions","description":"With focus on increasing fuel efficiency, one of Dayco\u2019s newest products is our Vacuum Generation System, engineered for systems requiring vacuum.","robots":{"index":"noindex","follow":"follow","max-snippet":"max-snippet:-1","max-image-preview":"max-image-preview:large","max-video-preview":"max-video-preview:-1"},"og_locale":"de_DE","og_type":"article","og_title":"Vakuumerzeugungssystem | Propulsion Solutions","og_description":"With focus on increasing fuel efficiency, one of Dayco\u2019s newest products is our Vacuum Generation System, engineered for systems requiring vacuum.","og_url":"https:\/\/uncommonegg.com\/dayco\/de\/produkt\/vakuumerzeugungssystem\/","og_site_name":"Propulsion Solutions","article_publisher":"https:\/\/www.facebook.com\/DaycoOfficial\/","og_image":[{"width":609,"height":356,"url":"https:\/\/uncommonegg.com\/dayco\/wp-content\/uploads\/VGS-1.png","type":"image\/png"}],"twitter_card":"summary_large_image","twitter_site":"@DaycoOfficial","twitter_misc":{"Preis":"","Verf\u00fcgbarkeit":"Auf Lager"},"schema":{"@context":"https:\/\/schema.org","@graph":[{"@type":["WebPage","ItemPage"],"@id":"https:\/\/uncommonegg.com\/dayco\/de\/produkt\/vakuumerzeugungssystem\/","url":"https:\/\/uncommonegg.com\/dayco\/de\/produkt\/vakuumerzeugungssystem\/","name":"Vakuumerzeugungssystem | Propulsion Solutions","isPartOf":{"@id":"https:\/\/uncommonegg.com\/dayco\/de\/#website"},"primaryImageOfPage":{"@id":"https:\/\/uncommonegg.com\/dayco\/de\/produkt\/vakuumerzeugungssystem\/#primaryimage"},"image":{"@id":"https:\/\/uncommonegg.com\/dayco\/de\/produkt\/vakuumerzeugungssystem\/#primaryimage"},"thumbnailUrl":"https:\/\/uncommonegg.com\/dayco\/wp-content\/uploads\/VGS-1.png","datePublished":"2018-05-17T20:57:37+00:00","dateModified":"2018-05-17T20:57:37+00:00","description":"With focus on increasing fuel efficiency, one of Dayco\u2019s newest products is our Vacuum Generation System, engineered for systems requiring vacuum.","breadcrumb":{"@id":"https:\/\/uncommonegg.com\/dayco\/de\/produkt\/vakuumerzeugungssystem\/#breadcrumb"},"inLanguage":"de","potentialAction":[{"@type":"ReadAction","target":["https:\/\/uncommonegg.com\/dayco\/de\/produkt\/vakuumerzeugungssystem\/"]}]},{"@type":"ImageObject","inLanguage":"de","@id":"https:\/\/uncommonegg.com\/dayco\/de\/produkt\/vakuumerzeugungssystem\/#primaryimage","url":"https:\/\/uncommonegg.com\/dayco\/wp-content\/uploads\/VGS-1.png","contentUrl":"https:\/\/uncommonegg.com\/dayco\/wp-content\/uploads\/VGS-1.png","width":609,"height":356,"caption":"Vgs 1"},{"@type":"BreadcrumbList","@id":"https:\/\/uncommonegg.com\/dayco\/de\/produkt\/vakuumerzeugungssystem\/#breadcrumb","itemListElement":[{"@type":"ListItem","position":1,"name":"Startseite","item":"https:\/\/uncommonegg.com\/dayco\/de\/home\/"},{"@type":"ListItem","position":2,"name":"Produkte","item":"https:\/\/uncommonegg.com\/dayco\/de\/produkte\/"},{"@type":"ListItem","position":3,"name":"Vakuumerzeugungssystem"}]},{"@type":"WebSite","@id":"https:\/\/uncommonegg.com\/dayco\/de\/#website","url":"https:\/\/uncommonegg.com\/dayco\/de\/","name":"Propulsion Solutions","description":"Move Forward. Always.\u2122","publisher":{"@id":"https:\/\/uncommonegg.com\/dayco\/de\/#organization"},"alternateName":"Propulsion Solutions","potentialAction":[{"@type":"SearchAction","target":{"@type":"EntryPoint","urlTemplate":"https:\/\/uncommonegg.com\/dayco\/de\/?s={search_term_string}"},"query-input":"required name=search_term_string"}],"inLanguage":"de"},{"@type":"Organization","@id":"https:\/\/uncommonegg.com\/dayco\/de\/#organization","name":"Dayco Corporate","alternateName":"Propulsion Solutions","url":"https:\/\/uncommonegg.com\/dayco\/de\/","logo":{"@type":"ImageObject","inLanguage":"de","@id":"https:\/\/uncommonegg.com\/dayco\/de\/#\/schema\/logo\/image\/","url":"http:\/\/uncommonegg.com\/dayco\/wp-content\/uploads\/2024\/01\/PS-Logo-SEO2.jpg","contentUrl":"http:\/\/uncommonegg.com\/dayco\/wp-content\/uploads\/2024\/01\/PS-Logo-SEO2.jpg","width":696,"height":696,"caption":"Dayco Corporate"},"image":{"@id":"https:\/\/uncommonegg.com\/dayco\/de\/#\/schema\/logo\/image\/"},"sameAs":["https:\/\/www.facebook.com\/DaycoOfficial\/","https:\/\/twitter.com\/DaycoOfficial","https:\/\/www.instagram.com\/daycoofficial\/","https:\/\/www.linkedin.com\/company\/daycoofficial\/","https:\/\/www.youtube.com\/DaycoOfficial","https:\/\/en.wikipedia.org\/wiki\/Dayco"]}]},"product_brand":"Personenkraftwagen OE","product_price_amount":"0.00","product_price_currency":"EUR","og_availability":"instock","product_availability":"instock","product_condition":"new"},"_links":{"self":[{"href":"https:\/\/uncommonegg.com\/dayco\/de\/wp-json\/wp\/v2\/product\/46761"}],"collection":[{"href":"https:\/\/uncommonegg.com\/dayco\/de\/wp-json\/wp\/v2\/product"}],"about":[{"href":"https:\/\/uncommonegg.com\/dayco\/de\/wp-json\/wp\/v2\/types\/product"}],"wp:featuredmedia":[{"embeddable":true,"href":"https:\/\/uncommonegg.com\/dayco\/de\/wp-json\/wp\/v2\/media\/46763"}],"wp:attachment":[{"href":"https:\/\/uncommonegg.com\/dayco\/de\/wp-json\/wp\/v2\/media?parent=46761"}],"wp:term":[{"taxonomy":"product_cat","embeddable":true,"href":"https:\/\/uncommonegg.com\/dayco\/de\/wp-json\/wp\/v2\/product_cat?post=46761"},{"taxonomy":"product_tag","embeddable":true,"href":"https:\/\/uncommonegg.com\/dayco\/de\/wp-json\/wp\/v2\/product_tag?post=46761"}],"curies":[{"name":"wp","href":"https:\/\/api.w.org\/{rel}","templated":true}]}}