{"id":44991,"date":"2018-05-18T10:43:50","date_gmt":"2018-05-18T08:43:50","guid":{"rendered":"http:\/\/uncommonegg.com\/dayco\/product\/zusatzantriebsriemenspanner\/"},"modified":"2019-10-20T12:59:59","modified_gmt":"2019-10-20T10:59:59","slug":"zusatzantriebsriemenspanner","status":"publish","type":"product","link":"https:\/\/uncommonegg.com\/dayco\/de\/produkt\/zusatzantriebsriemenspanner\/","title":{"rendered":"Zusatzantriebsriemenspanner"},"content":{"rendered":"<p>Dayco bietet eine Komplettpalette an hochgradig langlebigen robust und \u00e4u\u00dferst effizienten Spannern f\u00fcr die jeweils ben\u00f6tigten Anwendungsanforderungen an. Diese Riemenspanner reduzieren zusammen mit unseren Riemen, Sto\u00dfd\u00e4mpfern, Entkupplern und anderen Komponenten auf Systemebene Vibrationen und Reibungsverluste und sorgen so f\u00fcr einen optimalen Wirkungsgrad.<\/p>\n<p>Dayco Spanner verf\u00fcgen \u00fcber die urspr\u00fcngliche Konstruktion mit Flachdrahtfeder, die einen breiteren Betriebsbereich und weniger Spannungsschwankungen gew\u00e4hrleistet. Diese innovative Konstruktion reduziert die Gefahr eines vorzeitigen Zusatzriemenlagerausfalls wegen zu hoher Spannung und verringert das Risiko f\u00fcr Ger\u00e4uschentwicklung durch den Riemen, Schlupf und mangelhafter Zusatzantriebsleistung durch zu niedrige Spannung mit zunehmender Riemendehnung und Verschlei\u00df. Dayco fertigt auch eine Vielzahl an Rundfederspannern je nach Anwendungsanforderung.<\/p>\n","protected":false},"excerpt":{"rendered":"<p>Dayco bietet eine Komplettpalette an hochgradig langlebigen robust und \u00e4u\u00dferst effizienten Spannern f\u00fcr die jeweils ben\u00f6tigten Anwendungsanforderungen an. Diese Riemenspanner reduzieren zusammen mit unseren Riemen, Sto\u00dfd\u00e4mpfern, Entkupplern und anderen Komponenten auf Systemebene Vibrationen und Reibungsverluste und sorgen so f\u00fcr einen optimalen Wirkungsgrad. Dayco Spanner verf\u00fcgen \u00fcber die urspr\u00fcngliche Konstruktion mit Flachdrahtfeder, die einen breiteren Betriebsbereich und weniger Spannungsschwankungen gew\u00e4hrleistet. Diese innovative Konstruktion reduziert die Gefahr&#8230;<\/p>\n","protected":false},"featured_media":67642,"template":"","meta":[],"product_cat":[349],"product_tag":[],"yoast_head":"<!-- This site is optimized with the Yoast SEO plugin v22.4 - https:\/\/yoast.com\/wordpress\/plugins\/seo\/ -->\n<title>Zusatzantriebsriemenspanner | Propulsion Solutions<\/title>\n<meta name=\"robots\" content=\"noindex, follow, max-snippet:-1, max-image-preview:large, max-video-preview:-1\" \/>\n<meta property=\"og:locale\" content=\"de_DE\" \/>\n<meta property=\"og:type\" content=\"article\" \/>\n<meta property=\"og:title\" content=\"Zusatzantriebsriemenspanner | Propulsion Solutions\" \/>\n<meta property=\"og:description\" content=\"Dayco bietet eine Komplettpalette an hochgradig langlebigen robust und \u00e4u\u00dferst effizienten Spannern f\u00fcr die jeweils ben\u00f6tigten Anwendungsanforderungen an. Diese Riemenspanner reduzieren zusammen mit unseren Riemen, Sto\u00dfd\u00e4mpfern, Entkupplern und anderen Komponenten auf Systemebene Vibrationen und Reibungsverluste und sorgen so f\u00fcr einen optimalen Wirkungsgrad. Dayco Spanner verf\u00fcgen \u00fcber die urspr\u00fcngliche Konstruktion mit Flachdrahtfeder, die einen breiteren Betriebsbereich und weniger Spannungsschwankungen gew\u00e4hrleistet. Diese innovative Konstruktion reduziert die Gefahr...\" \/>\n<meta property=\"og:url\" content=\"https:\/\/uncommonegg.com\/dayco\/de\/produkt\/zusatzantriebsriemenspanner\/\" \/>\n<meta property=\"og:site_name\" content=\"Propulsion Solutions\" \/>\n<meta property=\"article:publisher\" content=\"https:\/\/www.facebook.com\/DaycoOfficial\/\" \/>\n<meta property=\"article:modified_time\" content=\"2019-10-20T10:59:59+00:00\" \/>\n<meta property=\"og:image\" content=\"https:\/\/uncommonegg.com\/dayco\/wp-content\/uploads\/Accessory-Drive-Tens-1.jpg\" \/>\n\t<meta property=\"og:image:width\" content=\"609\" \/>\n\t<meta property=\"og:image:height\" content=\"356\" \/>\n\t<meta property=\"og:image:type\" content=\"image\/jpeg\" \/>\n<meta name=\"twitter:card\" content=\"summary_large_image\" \/>\n<meta name=\"twitter:site\" content=\"@DaycoOfficial\" \/>\n<meta name=\"twitter:label1\" content=\"Preis\" \/>\n\t<meta name=\"twitter:data1\" content=\"\" \/>\n\t<meta name=\"twitter:label2\" content=\"Verf\u00fcgbarkeit\" \/>\n\t<meta name=\"twitter:data2\" content=\"Auf Lager\" \/>\n<script type=\"application\/ld+json\" class=\"yoast-schema-graph\">{\"@context\":\"https:\/\/schema.org\",\"@graph\":[{\"@type\":[\"WebPage\",\"ItemPage\"],\"@id\":\"https:\/\/uncommonegg.com\/dayco\/de\/produkt\/zusatzantriebsriemenspanner\/\",\"url\":\"https:\/\/uncommonegg.com\/dayco\/de\/produkt\/zusatzantriebsriemenspanner\/\",\"name\":\"Zusatzantriebsriemenspanner | Propulsion Solutions\",\"isPartOf\":{\"@id\":\"https:\/\/uncommonegg.com\/dayco\/de\/#website\"},\"primaryImageOfPage\":{\"@id\":\"https:\/\/uncommonegg.com\/dayco\/de\/produkt\/zusatzantriebsriemenspanner\/#primaryimage\"},\"image\":{\"@id\":\"https:\/\/uncommonegg.com\/dayco\/de\/produkt\/zusatzantriebsriemenspanner\/#primaryimage\"},\"thumbnailUrl\":\"https:\/\/uncommonegg.com\/dayco\/wp-content\/uploads\/Accessory-Drive-Tens-1.jpg\",\"datePublished\":\"2018-05-18T08:43:50+00:00\",\"dateModified\":\"2019-10-20T10:59:59+00:00\",\"breadcrumb\":{\"@id\":\"https:\/\/uncommonegg.com\/dayco\/de\/produkt\/zusatzantriebsriemenspanner\/#breadcrumb\"},\"inLanguage\":\"de\",\"potentialAction\":[{\"@type\":\"ReadAction\",\"target\":[\"https:\/\/uncommonegg.com\/dayco\/de\/produkt\/zusatzantriebsriemenspanner\/\"]}]},{\"@type\":\"ImageObject\",\"inLanguage\":\"de\",\"@id\":\"https:\/\/uncommonegg.com\/dayco\/de\/produkt\/zusatzantriebsriemenspanner\/#primaryimage\",\"url\":\"https:\/\/uncommonegg.com\/dayco\/wp-content\/uploads\/Accessory-Drive-Tens-1.jpg\",\"contentUrl\":\"https:\/\/uncommonegg.com\/dayco\/wp-content\/uploads\/Accessory-Drive-Tens-1.jpg\",\"width\":609,\"height\":356,\"caption\":\"Accessory Drive Tens 1\"},{\"@type\":\"BreadcrumbList\",\"@id\":\"https:\/\/uncommonegg.com\/dayco\/de\/produkt\/zusatzantriebsriemenspanner\/#breadcrumb\",\"itemListElement\":[{\"@type\":\"ListItem\",\"position\":1,\"name\":\"Startseite\",\"item\":\"https:\/\/uncommonegg.com\/dayco\/de\/home\/\"},{\"@type\":\"ListItem\",\"position\":2,\"name\":\"Produkte\",\"item\":\"https:\/\/uncommonegg.com\/dayco\/de\/produkte\/\"},{\"@type\":\"ListItem\",\"position\":3,\"name\":\"Zusatzantriebsriemenspanner\"}]},{\"@type\":\"WebSite\",\"@id\":\"https:\/\/uncommonegg.com\/dayco\/de\/#website\",\"url\":\"https:\/\/uncommonegg.com\/dayco\/de\/\",\"name\":\"Propulsion Solutions\",\"description\":\"Move Forward. Always.\u2122\",\"publisher\":{\"@id\":\"https:\/\/uncommonegg.com\/dayco\/de\/#organization\"},\"alternateName\":\"Propulsion Solutions\",\"potentialAction\":[{\"@type\":\"SearchAction\",\"target\":{\"@type\":\"EntryPoint\",\"urlTemplate\":\"https:\/\/uncommonegg.com\/dayco\/de\/?s={search_term_string}\"},\"query-input\":\"required name=search_term_string\"}],\"inLanguage\":\"de\"},{\"@type\":\"Organization\",\"@id\":\"https:\/\/uncommonegg.com\/dayco\/de\/#organization\",\"name\":\"Dayco Corporate\",\"alternateName\":\"Propulsion Solutions\",\"url\":\"https:\/\/uncommonegg.com\/dayco\/de\/\",\"logo\":{\"@type\":\"ImageObject\",\"inLanguage\":\"de\",\"@id\":\"https:\/\/uncommonegg.com\/dayco\/de\/#\/schema\/logo\/image\/\",\"url\":\"http:\/\/uncommonegg.com\/dayco\/wp-content\/uploads\/2024\/01\/PS-Logo-SEO2.jpg\",\"contentUrl\":\"http:\/\/uncommonegg.com\/dayco\/wp-content\/uploads\/2024\/01\/PS-Logo-SEO2.jpg\",\"width\":696,\"height\":696,\"caption\":\"Dayco Corporate\"},\"image\":{\"@id\":\"https:\/\/uncommonegg.com\/dayco\/de\/#\/schema\/logo\/image\/\"},\"sameAs\":[\"https:\/\/www.facebook.com\/DaycoOfficial\/\",\"https:\/\/twitter.com\/DaycoOfficial\",\"https:\/\/www.instagram.com\/daycoofficial\/\",\"https:\/\/www.linkedin.com\/company\/daycoofficial\/\",\"https:\/\/www.youtube.com\/DaycoOfficial\",\"https:\/\/en.wikipedia.org\/wiki\/Dayco\"]}]}<\/script>\n<meta property=\"product:brand\" content=\"Personenkraftwagen OE\" \/>\n<meta property=\"product:price:amount\" content=\"0.00\" \/>\n<meta property=\"product:price:currency\" content=\"EUR\" \/>\n<meta property=\"og:availability\" content=\"instock\" \/>\n<meta property=\"product:availability\" content=\"instock\" \/>\n<meta property=\"product:retailer_item_id\" content=\"APVLD\" \/>\n<meta property=\"product:condition\" content=\"new\" \/>\n<!-- \/ Yoast SEO plugin. -->","yoast_head_json":{"title":"Zusatzantriebsriemenspanner | Propulsion Solutions","robots":{"index":"noindex","follow":"follow","max-snippet":"max-snippet:-1","max-image-preview":"max-image-preview:large","max-video-preview":"max-video-preview:-1"},"og_locale":"de_DE","og_type":"article","og_title":"Zusatzantriebsriemenspanner | Propulsion Solutions","og_description":"Dayco bietet eine Komplettpalette an hochgradig langlebigen robust und \u00e4u\u00dferst effizienten Spannern f\u00fcr die jeweils ben\u00f6tigten Anwendungsanforderungen an. Diese Riemenspanner reduzieren zusammen mit unseren Riemen, Sto\u00dfd\u00e4mpfern, Entkupplern und anderen Komponenten auf Systemebene Vibrationen und Reibungsverluste und sorgen so f\u00fcr einen optimalen Wirkungsgrad. Dayco Spanner verf\u00fcgen \u00fcber die urspr\u00fcngliche Konstruktion mit Flachdrahtfeder, die einen breiteren Betriebsbereich und weniger Spannungsschwankungen gew\u00e4hrleistet. Diese innovative Konstruktion reduziert die Gefahr...","og_url":"https:\/\/uncommonegg.com\/dayco\/de\/produkt\/zusatzantriebsriemenspanner\/","og_site_name":"Propulsion Solutions","article_publisher":"https:\/\/www.facebook.com\/DaycoOfficial\/","article_modified_time":"2019-10-20T10:59:59+00:00","og_image":[{"width":609,"height":356,"url":"https:\/\/uncommonegg.com\/dayco\/wp-content\/uploads\/Accessory-Drive-Tens-1.jpg","type":"image\/jpeg"}],"twitter_card":"summary_large_image","twitter_site":"@DaycoOfficial","twitter_misc":{"Preis":"","Verf\u00fcgbarkeit":"Auf Lager"},"schema":{"@context":"https:\/\/schema.org","@graph":[{"@type":["WebPage","ItemPage"],"@id":"https:\/\/uncommonegg.com\/dayco\/de\/produkt\/zusatzantriebsriemenspanner\/","url":"https:\/\/uncommonegg.com\/dayco\/de\/produkt\/zusatzantriebsriemenspanner\/","name":"Zusatzantriebsriemenspanner | Propulsion Solutions","isPartOf":{"@id":"https:\/\/uncommonegg.com\/dayco\/de\/#website"},"primaryImageOfPage":{"@id":"https:\/\/uncommonegg.com\/dayco\/de\/produkt\/zusatzantriebsriemenspanner\/#primaryimage"},"image":{"@id":"https:\/\/uncommonegg.com\/dayco\/de\/produkt\/zusatzantriebsriemenspanner\/#primaryimage"},"thumbnailUrl":"https:\/\/uncommonegg.com\/dayco\/wp-content\/uploads\/Accessory-Drive-Tens-1.jpg","datePublished":"2018-05-18T08:43:50+00:00","dateModified":"2019-10-20T10:59:59+00:00","breadcrumb":{"@id":"https:\/\/uncommonegg.com\/dayco\/de\/produkt\/zusatzantriebsriemenspanner\/#breadcrumb"},"inLanguage":"de","potentialAction":[{"@type":"ReadAction","target":["https:\/\/uncommonegg.com\/dayco\/de\/produkt\/zusatzantriebsriemenspanner\/"]}]},{"@type":"ImageObject","inLanguage":"de","@id":"https:\/\/uncommonegg.com\/dayco\/de\/produkt\/zusatzantriebsriemenspanner\/#primaryimage","url":"https:\/\/uncommonegg.com\/dayco\/wp-content\/uploads\/Accessory-Drive-Tens-1.jpg","contentUrl":"https:\/\/uncommonegg.com\/dayco\/wp-content\/uploads\/Accessory-Drive-Tens-1.jpg","width":609,"height":356,"caption":"Accessory Drive Tens 1"},{"@type":"BreadcrumbList","@id":"https:\/\/uncommonegg.com\/dayco\/de\/produkt\/zusatzantriebsriemenspanner\/#breadcrumb","itemListElement":[{"@type":"ListItem","position":1,"name":"Startseite","item":"https:\/\/uncommonegg.com\/dayco\/de\/home\/"},{"@type":"ListItem","position":2,"name":"Produkte","item":"https:\/\/uncommonegg.com\/dayco\/de\/produkte\/"},{"@type":"ListItem","position":3,"name":"Zusatzantriebsriemenspanner"}]},{"@type":"WebSite","@id":"https:\/\/uncommonegg.com\/dayco\/de\/#website","url":"https:\/\/uncommonegg.com\/dayco\/de\/","name":"Propulsion Solutions","description":"Move Forward. Always.\u2122","publisher":{"@id":"https:\/\/uncommonegg.com\/dayco\/de\/#organization"},"alternateName":"Propulsion Solutions","potentialAction":[{"@type":"SearchAction","target":{"@type":"EntryPoint","urlTemplate":"https:\/\/uncommonegg.com\/dayco\/de\/?s={search_term_string}"},"query-input":"required name=search_term_string"}],"inLanguage":"de"},{"@type":"Organization","@id":"https:\/\/uncommonegg.com\/dayco\/de\/#organization","name":"Dayco Corporate","alternateName":"Propulsion Solutions","url":"https:\/\/uncommonegg.com\/dayco\/de\/","logo":{"@type":"ImageObject","inLanguage":"de","@id":"https:\/\/uncommonegg.com\/dayco\/de\/#\/schema\/logo\/image\/","url":"http:\/\/uncommonegg.com\/dayco\/wp-content\/uploads\/2024\/01\/PS-Logo-SEO2.jpg","contentUrl":"http:\/\/uncommonegg.com\/dayco\/wp-content\/uploads\/2024\/01\/PS-Logo-SEO2.jpg","width":696,"height":696,"caption":"Dayco Corporate"},"image":{"@id":"https:\/\/uncommonegg.com\/dayco\/de\/#\/schema\/logo\/image\/"},"sameAs":["https:\/\/www.facebook.com\/DaycoOfficial\/","https:\/\/twitter.com\/DaycoOfficial","https:\/\/www.instagram.com\/daycoofficial\/","https:\/\/www.linkedin.com\/company\/daycoofficial\/","https:\/\/www.youtube.com\/DaycoOfficial","https:\/\/en.wikipedia.org\/wiki\/Dayco"]}]},"product_brand":"Personenkraftwagen OE","product_price_amount":"0.00","product_price_currency":"EUR","og_availability":"instock","product_availability":"instock","product_retailer_item_id":"APVLD","product_condition":"new"},"_links":{"self":[{"href":"https:\/\/uncommonegg.com\/dayco\/de\/wp-json\/wp\/v2\/product\/44991"}],"collection":[{"href":"https:\/\/uncommonegg.com\/dayco\/de\/wp-json\/wp\/v2\/product"}],"about":[{"href":"https:\/\/uncommonegg.com\/dayco\/de\/wp-json\/wp\/v2\/types\/product"}],"wp:featuredmedia":[{"embeddable":true,"href":"https:\/\/uncommonegg.com\/dayco\/de\/wp-json\/wp\/v2\/media\/67642"}],"wp:attachment":[{"href":"https:\/\/uncommonegg.com\/dayco\/de\/wp-json\/wp\/v2\/media?parent=44991"}],"wp:term":[{"taxonomy":"product_cat","embeddable":true,"href":"https:\/\/uncommonegg.com\/dayco\/de\/wp-json\/wp\/v2\/product_cat?post=44991"},{"taxonomy":"product_tag","embeddable":true,"href":"https:\/\/uncommonegg.com\/dayco\/de\/wp-json\/wp\/v2\/product_tag?post=44991"}],"curies":[{"name":"wp","href":"https:\/\/api.w.org\/{rel}","templated":true}]}}