{"id":44988,"date":"2018-05-18T10:52:07","date_gmt":"2018-05-18T08:52:07","guid":{"rendered":"http:\/\/uncommonegg.com\/dayco\/product\/riemenscheiben-und-umlenkrollen\/"},"modified":"2018-07-03T23:28:15","modified_gmt":"2018-07-03T21:28:15","slug":"riemenscheiben-und-umlenkrollen","status":"publish","type":"product","link":"https:\/\/uncommonegg.com\/dayco\/de\/produkt\/riemenscheiben-und-umlenkrollen\/","title":{"rendered":"Riemenscheiben und Umlenkrollen"},"content":{"rendered":"<p>Die ordnungsgem\u00e4\u00dfe Justierung eines Antriebs ist entscheidend. Als Erg\u00e4nzung zu Zusatzantriebsriemen und -spannern bietet Dayco eine breite Palette an Riemenscheiben und Umlenkrollen aus Stanz- und Formstahl, Kunststoff und gesintertem Metall an. Diese sind zum Erf\u00fcllen auch der h\u00f6chsten Riemenbelastungsanforderungen in verschiedenen Lagerkonfigurationen erh\u00e4ltlich. Umlenkrollen sind vormontierte in Halterungen lieferbar.<\/p>\n<p>Die Nutzung hochmoderner dreidimensionaler computergest\u00fctzter Konstruktion (CAD) und der Finite-Elemente-Methode garantiert f\u00fcr Kunststoff- und Stahlriemenscheiben optimale Konstruktion sowie maximale strukturelle Integrit\u00e4t. Riemenscheiben mit glatteren Fl\u00e4chen und engeren Toleranzbereichen schlagen sich in weniger Vibrationen und somit l\u00e4ngerer Riemenlebensdauer nieder. Geschmierte Lagern und hochgradig temperaturbest\u00e4ndige Dichtungen gew\u00e4hrleisten maximale Leistung, der wichtigste Aspekt einer Riemenscheibe.<\/p>\n","protected":false},"excerpt":{"rendered":"<p>Die ordnungsgem\u00e4\u00dfe Justierung eines Antriebs ist entscheidend. Als Erg\u00e4nzung zu Zusatzantriebsriemen und -spannern bietet Dayco eine breite Palette an Riemenscheiben und Umlenkrollen aus Stanz- und Formstahl, Kunststoff und gesintertem Metall an. Diese sind zum Erf\u00fcllen auch der h\u00f6chsten Riemenbelastungsanforderungen in verschiedenen Lagerkonfigurationen erh\u00e4ltlich. Umlenkrollen sind vormontierte in Halterungen lieferbar. Die Nutzung hochmoderner dreidimensionaler computergest\u00fctzter Konstruktion (CAD) und der Finite-Elemente-Methode garantiert f\u00fcr Kunststoff- und Stahlriemenscheiben optimale&#8230;<\/p>\n","protected":false},"featured_media":44990,"template":"","meta":[],"product_cat":[349],"product_tag":[],"yoast_head":"<!-- This site is optimized with the Yoast SEO plugin v22.4 - https:\/\/yoast.com\/wordpress\/plugins\/seo\/ -->\n<title>Riemenscheiben und Umlenkrollen | Propulsion Solutions<\/title>\n<meta name=\"description\" content=\"Drive alignment is critical. As a complement to its accessory drive belts and tensioners, Dayco provides a wide range of pulleys and idlers.\" \/>\n<meta name=\"robots\" content=\"noindex, follow, max-snippet:-1, max-image-preview:large, max-video-preview:-1\" \/>\n<meta property=\"og:locale\" content=\"de_DE\" \/>\n<meta property=\"og:type\" content=\"article\" \/>\n<meta property=\"og:title\" content=\"Riemenscheiben und Umlenkrollen | Propulsion Solutions\" \/>\n<meta property=\"og:description\" content=\"Drive alignment is critical. As a complement to its accessory drive belts and tensioners, Dayco provides a wide range of pulleys and idlers.\" \/>\n<meta property=\"og:url\" content=\"https:\/\/uncommonegg.com\/dayco\/de\/produkt\/riemenscheiben-und-umlenkrollen\/\" \/>\n<meta property=\"og:site_name\" content=\"Propulsion Solutions\" \/>\n<meta property=\"article:publisher\" content=\"https:\/\/www.facebook.com\/DaycoOfficial\/\" \/>\n<meta property=\"article:modified_time\" content=\"2018-07-03T21:28:15+00:00\" \/>\n<meta property=\"og:image\" content=\"https:\/\/uncommonegg.com\/dayco\/wp-content\/uploads\/Pulleys-1.jpg\" \/>\n\t<meta property=\"og:image:width\" content=\"609\" \/>\n\t<meta property=\"og:image:height\" content=\"356\" \/>\n\t<meta property=\"og:image:type\" content=\"image\/jpeg\" \/>\n<meta name=\"twitter:card\" content=\"summary_large_image\" \/>\n<meta name=\"twitter:site\" content=\"@DaycoOfficial\" \/>\n<meta name=\"twitter:label1\" content=\"Preis\" \/>\n\t<meta name=\"twitter:data1\" content=\"\" \/>\n\t<meta name=\"twitter:label2\" content=\"Verf\u00fcgbarkeit\" \/>\n\t<meta name=\"twitter:data2\" content=\"Auf Lager\" \/>\n<script type=\"application\/ld+json\" class=\"yoast-schema-graph\">{\"@context\":\"https:\/\/schema.org\",\"@graph\":[{\"@type\":[\"WebPage\",\"ItemPage\"],\"@id\":\"https:\/\/uncommonegg.com\/dayco\/de\/produkt\/riemenscheiben-und-umlenkrollen\/\",\"url\":\"https:\/\/uncommonegg.com\/dayco\/de\/produkt\/riemenscheiben-und-umlenkrollen\/\",\"name\":\"Riemenscheiben und Umlenkrollen | Propulsion Solutions\",\"isPartOf\":{\"@id\":\"https:\/\/uncommonegg.com\/dayco\/de\/#website\"},\"primaryImageOfPage\":{\"@id\":\"https:\/\/uncommonegg.com\/dayco\/de\/produkt\/riemenscheiben-und-umlenkrollen\/#primaryimage\"},\"image\":{\"@id\":\"https:\/\/uncommonegg.com\/dayco\/de\/produkt\/riemenscheiben-und-umlenkrollen\/#primaryimage\"},\"thumbnailUrl\":\"https:\/\/uncommonegg.com\/dayco\/wp-content\/uploads\/Pulleys-1.jpg\",\"datePublished\":\"2018-05-18T08:52:07+00:00\",\"dateModified\":\"2018-07-03T21:28:15+00:00\",\"description\":\"Drive alignment is critical. As a complement to its accessory drive belts and tensioners, Dayco provides a wide range of pulleys and idlers.\",\"breadcrumb\":{\"@id\":\"https:\/\/uncommonegg.com\/dayco\/de\/produkt\/riemenscheiben-und-umlenkrollen\/#breadcrumb\"},\"inLanguage\":\"de\",\"potentialAction\":[{\"@type\":\"ReadAction\",\"target\":[\"https:\/\/uncommonegg.com\/dayco\/de\/produkt\/riemenscheiben-und-umlenkrollen\/\"]}]},{\"@type\":\"ImageObject\",\"inLanguage\":\"de\",\"@id\":\"https:\/\/uncommonegg.com\/dayco\/de\/produkt\/riemenscheiben-und-umlenkrollen\/#primaryimage\",\"url\":\"https:\/\/uncommonegg.com\/dayco\/wp-content\/uploads\/Pulleys-1.jpg\",\"contentUrl\":\"https:\/\/uncommonegg.com\/dayco\/wp-content\/uploads\/Pulleys-1.jpg\",\"width\":609,\"height\":356,\"caption\":\"Pulleys 1\"},{\"@type\":\"BreadcrumbList\",\"@id\":\"https:\/\/uncommonegg.com\/dayco\/de\/produkt\/riemenscheiben-und-umlenkrollen\/#breadcrumb\",\"itemListElement\":[{\"@type\":\"ListItem\",\"position\":1,\"name\":\"Startseite\",\"item\":\"https:\/\/uncommonegg.com\/dayco\/de\/home\/\"},{\"@type\":\"ListItem\",\"position\":2,\"name\":\"Produkte\",\"item\":\"https:\/\/uncommonegg.com\/dayco\/de\/produkte\/\"},{\"@type\":\"ListItem\",\"position\":3,\"name\":\"Riemenscheiben und Umlenkrollen\"}]},{\"@type\":\"WebSite\",\"@id\":\"https:\/\/uncommonegg.com\/dayco\/de\/#website\",\"url\":\"https:\/\/uncommonegg.com\/dayco\/de\/\",\"name\":\"Propulsion Solutions\",\"description\":\"Move Forward. Always.\u2122\",\"publisher\":{\"@id\":\"https:\/\/uncommonegg.com\/dayco\/de\/#organization\"},\"alternateName\":\"Propulsion Solutions\",\"potentialAction\":[{\"@type\":\"SearchAction\",\"target\":{\"@type\":\"EntryPoint\",\"urlTemplate\":\"https:\/\/uncommonegg.com\/dayco\/de\/?s={search_term_string}\"},\"query-input\":\"required name=search_term_string\"}],\"inLanguage\":\"de\"},{\"@type\":\"Organization\",\"@id\":\"https:\/\/uncommonegg.com\/dayco\/de\/#organization\",\"name\":\"Dayco Corporate\",\"alternateName\":\"Propulsion Solutions\",\"url\":\"https:\/\/uncommonegg.com\/dayco\/de\/\",\"logo\":{\"@type\":\"ImageObject\",\"inLanguage\":\"de\",\"@id\":\"https:\/\/uncommonegg.com\/dayco\/de\/#\/schema\/logo\/image\/\",\"url\":\"http:\/\/uncommonegg.com\/dayco\/wp-content\/uploads\/2024\/01\/PS-Logo-SEO2.jpg\",\"contentUrl\":\"http:\/\/uncommonegg.com\/dayco\/wp-content\/uploads\/2024\/01\/PS-Logo-SEO2.jpg\",\"width\":696,\"height\":696,\"caption\":\"Dayco Corporate\"},\"image\":{\"@id\":\"https:\/\/uncommonegg.com\/dayco\/de\/#\/schema\/logo\/image\/\"},\"sameAs\":[\"https:\/\/www.facebook.com\/DaycoOfficial\/\",\"https:\/\/twitter.com\/DaycoOfficial\",\"https:\/\/www.instagram.com\/daycoofficial\/\",\"https:\/\/www.linkedin.com\/company\/daycoofficial\/\",\"https:\/\/www.youtube.com\/DaycoOfficial\",\"https:\/\/en.wikipedia.org\/wiki\/Dayco\"]}]}<\/script>\n<meta property=\"product:brand\" content=\"Personenkraftwagen OE\" \/>\n<meta property=\"product:price:amount\" content=\"0.00\" \/>\n<meta property=\"product:price:currency\" content=\"EUR\" \/>\n<meta property=\"og:availability\" content=\"instock\" \/>\n<meta property=\"product:availability\" content=\"instock\" \/>\n<meta property=\"product:retailer_item_id\" content=\"PULLD\" \/>\n<meta property=\"product:condition\" content=\"new\" \/>\n<!-- \/ Yoast SEO plugin. -->","yoast_head_json":{"title":"Riemenscheiben und Umlenkrollen | Propulsion Solutions","description":"Drive alignment is critical. As a complement to its accessory drive belts and tensioners, Dayco provides a wide range of pulleys and idlers.","robots":{"index":"noindex","follow":"follow","max-snippet":"max-snippet:-1","max-image-preview":"max-image-preview:large","max-video-preview":"max-video-preview:-1"},"og_locale":"de_DE","og_type":"article","og_title":"Riemenscheiben und Umlenkrollen | Propulsion Solutions","og_description":"Drive alignment is critical. As a complement to its accessory drive belts and tensioners, Dayco provides a wide range of pulleys and idlers.","og_url":"https:\/\/uncommonegg.com\/dayco\/de\/produkt\/riemenscheiben-und-umlenkrollen\/","og_site_name":"Propulsion Solutions","article_publisher":"https:\/\/www.facebook.com\/DaycoOfficial\/","article_modified_time":"2018-07-03T21:28:15+00:00","og_image":[{"width":609,"height":356,"url":"https:\/\/uncommonegg.com\/dayco\/wp-content\/uploads\/Pulleys-1.jpg","type":"image\/jpeg"}],"twitter_card":"summary_large_image","twitter_site":"@DaycoOfficial","twitter_misc":{"Preis":"","Verf\u00fcgbarkeit":"Auf Lager"},"schema":{"@context":"https:\/\/schema.org","@graph":[{"@type":["WebPage","ItemPage"],"@id":"https:\/\/uncommonegg.com\/dayco\/de\/produkt\/riemenscheiben-und-umlenkrollen\/","url":"https:\/\/uncommonegg.com\/dayco\/de\/produkt\/riemenscheiben-und-umlenkrollen\/","name":"Riemenscheiben und Umlenkrollen | Propulsion Solutions","isPartOf":{"@id":"https:\/\/uncommonegg.com\/dayco\/de\/#website"},"primaryImageOfPage":{"@id":"https:\/\/uncommonegg.com\/dayco\/de\/produkt\/riemenscheiben-und-umlenkrollen\/#primaryimage"},"image":{"@id":"https:\/\/uncommonegg.com\/dayco\/de\/produkt\/riemenscheiben-und-umlenkrollen\/#primaryimage"},"thumbnailUrl":"https:\/\/uncommonegg.com\/dayco\/wp-content\/uploads\/Pulleys-1.jpg","datePublished":"2018-05-18T08:52:07+00:00","dateModified":"2018-07-03T21:28:15+00:00","description":"Drive alignment is critical. As a complement to its accessory drive belts and tensioners, Dayco provides a wide range of pulleys and idlers.","breadcrumb":{"@id":"https:\/\/uncommonegg.com\/dayco\/de\/produkt\/riemenscheiben-und-umlenkrollen\/#breadcrumb"},"inLanguage":"de","potentialAction":[{"@type":"ReadAction","target":["https:\/\/uncommonegg.com\/dayco\/de\/produkt\/riemenscheiben-und-umlenkrollen\/"]}]},{"@type":"ImageObject","inLanguage":"de","@id":"https:\/\/uncommonegg.com\/dayco\/de\/produkt\/riemenscheiben-und-umlenkrollen\/#primaryimage","url":"https:\/\/uncommonegg.com\/dayco\/wp-content\/uploads\/Pulleys-1.jpg","contentUrl":"https:\/\/uncommonegg.com\/dayco\/wp-content\/uploads\/Pulleys-1.jpg","width":609,"height":356,"caption":"Pulleys 1"},{"@type":"BreadcrumbList","@id":"https:\/\/uncommonegg.com\/dayco\/de\/produkt\/riemenscheiben-und-umlenkrollen\/#breadcrumb","itemListElement":[{"@type":"ListItem","position":1,"name":"Startseite","item":"https:\/\/uncommonegg.com\/dayco\/de\/home\/"},{"@type":"ListItem","position":2,"name":"Produkte","item":"https:\/\/uncommonegg.com\/dayco\/de\/produkte\/"},{"@type":"ListItem","position":3,"name":"Riemenscheiben und Umlenkrollen"}]},{"@type":"WebSite","@id":"https:\/\/uncommonegg.com\/dayco\/de\/#website","url":"https:\/\/uncommonegg.com\/dayco\/de\/","name":"Propulsion Solutions","description":"Move Forward. Always.\u2122","publisher":{"@id":"https:\/\/uncommonegg.com\/dayco\/de\/#organization"},"alternateName":"Propulsion Solutions","potentialAction":[{"@type":"SearchAction","target":{"@type":"EntryPoint","urlTemplate":"https:\/\/uncommonegg.com\/dayco\/de\/?s={search_term_string}"},"query-input":"required name=search_term_string"}],"inLanguage":"de"},{"@type":"Organization","@id":"https:\/\/uncommonegg.com\/dayco\/de\/#organization","name":"Dayco Corporate","alternateName":"Propulsion Solutions","url":"https:\/\/uncommonegg.com\/dayco\/de\/","logo":{"@type":"ImageObject","inLanguage":"de","@id":"https:\/\/uncommonegg.com\/dayco\/de\/#\/schema\/logo\/image\/","url":"http:\/\/uncommonegg.com\/dayco\/wp-content\/uploads\/2024\/01\/PS-Logo-SEO2.jpg","contentUrl":"http:\/\/uncommonegg.com\/dayco\/wp-content\/uploads\/2024\/01\/PS-Logo-SEO2.jpg","width":696,"height":696,"caption":"Dayco Corporate"},"image":{"@id":"https:\/\/uncommonegg.com\/dayco\/de\/#\/schema\/logo\/image\/"},"sameAs":["https:\/\/www.facebook.com\/DaycoOfficial\/","https:\/\/twitter.com\/DaycoOfficial","https:\/\/www.instagram.com\/daycoofficial\/","https:\/\/www.linkedin.com\/company\/daycoofficial\/","https:\/\/www.youtube.com\/DaycoOfficial","https:\/\/en.wikipedia.org\/wiki\/Dayco"]}]},"product_brand":"Personenkraftwagen OE","product_price_amount":"0.00","product_price_currency":"EUR","og_availability":"instock","product_availability":"instock","product_retailer_item_id":"PULLD","product_condition":"new"},"_links":{"self":[{"href":"https:\/\/uncommonegg.com\/dayco\/de\/wp-json\/wp\/v2\/product\/44988"}],"collection":[{"href":"https:\/\/uncommonegg.com\/dayco\/de\/wp-json\/wp\/v2\/product"}],"about":[{"href":"https:\/\/uncommonegg.com\/dayco\/de\/wp-json\/wp\/v2\/types\/product"}],"wp:featuredmedia":[{"embeddable":true,"href":"https:\/\/uncommonegg.com\/dayco\/de\/wp-json\/wp\/v2\/media\/44990"}],"wp:attachment":[{"href":"https:\/\/uncommonegg.com\/dayco\/de\/wp-json\/wp\/v2\/media?parent=44988"}],"wp:term":[{"taxonomy":"product_cat","embeddable":true,"href":"https:\/\/uncommonegg.com\/dayco\/de\/wp-json\/wp\/v2\/product_cat?post=44988"},{"taxonomy":"product_tag","embeddable":true,"href":"https:\/\/uncommonegg.com\/dayco\/de\/wp-json\/wp\/v2\/product_tag?post=44988"}],"curies":[{"name":"wp","href":"https:\/\/api.w.org\/{rel}","templated":true}]}}