{"id":43923,"date":"2018-05-18T11:51:46","date_gmt":"2018-05-18T09:51:46","guid":{"rendered":"http:\/\/uncommonegg.com\/dayco\/product\/kurbelwellendampfer\/"},"modified":"2019-10-20T13:27:36","modified_gmt":"2019-10-20T11:27:36","slug":"kurbelwellendampfer","status":"publish","type":"product","link":"https:\/\/uncommonegg.com\/dayco\/de\/produkt\/kurbelwellendampfer\/","title":{"rendered":"Kurbelwellend\u00e4mpfer"},"content":{"rendered":"<p>Dayco hat eine lange Geschichte der Innovation, Konstruktion und Fertigung von Schwingungsd\u00e4mpfern f\u00fcr Kfz-Anwendungen und Antriebsstr\u00e4nge. Zur Reduzierung von Ger\u00e4usch, Vibration und Rauhigkeit (NVH) maximiert unsere D\u00e4mpfertechnologie die Systemstabilit\u00e4t, minimiert Schwankungen der Riemenspannung, verbessert die System- und Komponenten-Lebensdauer und steigert die Kraftstoffeinsparung. Dayco nutzt propriet\u00e4re Software in Zusammenarbeit mit den neuesten handels\u00fcblichen Softwarepaketen zum Optimieren und Validieren dieser Produkte praktisch vor der Prototyperstellung.<\/p>\n<p>Dayco betreibt weltweit mehrere Technischen Zentren, in denen Prototypen nach Bedarf von Kfz-Erstausr\u00fcstern erstellt und getestet werden. Innovation in der Schwingungsd\u00e4mpfung war der Vorreiter f\u00fcr die technologische Marktf\u00fchrerschaft von Dayco in diesem Bereich. Der Dual Action Tuned Absorber (DATA), Recessed Belt Damper (RBD) und das Radially Asymmetric Dual Arc Profile (RADA) sind nur einige der branchenweit f\u00fchrenden Dayco Technologien, die in der Praxis in neuen Anwendungen umgesetzt werden.<\/p>\n","protected":false},"excerpt":{"rendered":"<p>Dayco hat eine lange Geschichte der Innovation, Konstruktion und Fertigung von Schwingungsd\u00e4mpfern f\u00fcr Kfz-Anwendungen und Antriebsstr\u00e4nge. Zur Reduzierung von Ger\u00e4usch, Vibration und Rauhigkeit (NVH) maximiert unsere D\u00e4mpfertechnologie die Systemstabilit\u00e4t, minimiert Schwankungen der Riemenspannung, verbessert die System- und Komponenten-Lebensdauer und steigert die Kraftstoffeinsparung. Dayco nutzt propriet\u00e4re Software in Zusammenarbeit mit den neuesten handels\u00fcblichen Softwarepaketen zum Optimieren und Validieren dieser Produkte praktisch vor der Prototyperstellung. Dayco betreibt&#8230;<\/p>\n","protected":false},"featured_media":17431,"template":"","meta":[],"product_cat":[349],"product_tag":[],"yoast_head":"<!-- This site is optimized with the Yoast SEO plugin v22.4 - https:\/\/yoast.com\/wordpress\/plugins\/seo\/ -->\n<title>Kurbelwellend\u00e4mpfer | Propulsion Solutions<\/title>\n<meta name=\"robots\" content=\"noindex, follow, max-snippet:-1, max-image-preview:large, max-video-preview:-1\" \/>\n<meta property=\"og:locale\" content=\"de_DE\" \/>\n<meta property=\"og:type\" content=\"article\" \/>\n<meta property=\"og:title\" content=\"Kurbelwellend\u00e4mpfer | Propulsion Solutions\" \/>\n<meta property=\"og:description\" content=\"Dayco hat eine lange Geschichte der Innovation, Konstruktion und Fertigung von Schwingungsd\u00e4mpfern f\u00fcr Kfz-Anwendungen und Antriebsstr\u00e4nge. Zur Reduzierung von Ger\u00e4usch, Vibration und Rauhigkeit (NVH) maximiert unsere D\u00e4mpfertechnologie die Systemstabilit\u00e4t, minimiert Schwankungen der Riemenspannung, verbessert die System- und Komponenten-Lebensdauer und steigert die Kraftstoffeinsparung. Dayco nutzt propriet\u00e4re Software in Zusammenarbeit mit den neuesten handels\u00fcblichen Softwarepaketen zum Optimieren und Validieren dieser Produkte praktisch vor der Prototyperstellung. Dayco betreibt...\" \/>\n<meta property=\"og:url\" content=\"https:\/\/uncommonegg.com\/dayco\/de\/produkt\/kurbelwellendampfer\/\" \/>\n<meta property=\"og:site_name\" content=\"Propulsion Solutions\" \/>\n<meta property=\"article:publisher\" content=\"https:\/\/www.facebook.com\/DaycoOfficial\/\" \/>\n<meta property=\"article:modified_time\" content=\"2019-10-20T11:27:36+00:00\" \/>\n<meta property=\"og:image\" content=\"https:\/\/uncommonegg.com\/dayco\/wp-content\/uploads\/Crankshaft-Damp-1.jpg\" \/>\n\t<meta property=\"og:image:width\" content=\"609\" \/>\n\t<meta property=\"og:image:height\" content=\"356\" \/>\n\t<meta property=\"og:image:type\" content=\"image\/jpeg\" \/>\n<meta name=\"twitter:card\" content=\"summary_large_image\" \/>\n<meta name=\"twitter:site\" content=\"@DaycoOfficial\" \/>\n<meta name=\"twitter:label1\" content=\"Preis\" \/>\n\t<meta name=\"twitter:data1\" content=\"\" \/>\n\t<meta name=\"twitter:label2\" content=\"Verf\u00fcgbarkeit\" \/>\n\t<meta name=\"twitter:data2\" content=\"Auf Lager\" \/>\n<script type=\"application\/ld+json\" class=\"yoast-schema-graph\">{\"@context\":\"https:\/\/schema.org\",\"@graph\":[{\"@type\":[\"WebPage\",\"ItemPage\"],\"@id\":\"https:\/\/uncommonegg.com\/dayco\/de\/produkt\/kurbelwellendampfer\/\",\"url\":\"https:\/\/uncommonegg.com\/dayco\/de\/produkt\/kurbelwellendampfer\/\",\"name\":\"Kurbelwellend\u00e4mpfer | Propulsion Solutions\",\"isPartOf\":{\"@id\":\"https:\/\/uncommonegg.com\/dayco\/de\/#website\"},\"primaryImageOfPage\":{\"@id\":\"https:\/\/uncommonegg.com\/dayco\/de\/produkt\/kurbelwellendampfer\/#primaryimage\"},\"image\":{\"@id\":\"https:\/\/uncommonegg.com\/dayco\/de\/produkt\/kurbelwellendampfer\/#primaryimage\"},\"thumbnailUrl\":\"https:\/\/uncommonegg.com\/dayco\/wp-content\/uploads\/Crankshaft-Damp-1.jpg\",\"datePublished\":\"2018-05-18T09:51:46+00:00\",\"dateModified\":\"2019-10-20T11:27:36+00:00\",\"breadcrumb\":{\"@id\":\"https:\/\/uncommonegg.com\/dayco\/de\/produkt\/kurbelwellendampfer\/#breadcrumb\"},\"inLanguage\":\"de\",\"potentialAction\":[{\"@type\":\"ReadAction\",\"target\":[\"https:\/\/uncommonegg.com\/dayco\/de\/produkt\/kurbelwellendampfer\/\"]}]},{\"@type\":\"ImageObject\",\"inLanguage\":\"de\",\"@id\":\"https:\/\/uncommonegg.com\/dayco\/de\/produkt\/kurbelwellendampfer\/#primaryimage\",\"url\":\"https:\/\/uncommonegg.com\/dayco\/wp-content\/uploads\/Crankshaft-Damp-1.jpg\",\"contentUrl\":\"https:\/\/uncommonegg.com\/dayco\/wp-content\/uploads\/Crankshaft-Damp-1.jpg\",\"width\":609,\"height\":356,\"caption\":\"Crankshaft Damp 1\"},{\"@type\":\"BreadcrumbList\",\"@id\":\"https:\/\/uncommonegg.com\/dayco\/de\/produkt\/kurbelwellendampfer\/#breadcrumb\",\"itemListElement\":[{\"@type\":\"ListItem\",\"position\":1,\"name\":\"Startseite\",\"item\":\"https:\/\/uncommonegg.com\/dayco\/de\/home\/\"},{\"@type\":\"ListItem\",\"position\":2,\"name\":\"Produkte\",\"item\":\"https:\/\/uncommonegg.com\/dayco\/de\/produkte\/\"},{\"@type\":\"ListItem\",\"position\":3,\"name\":\"Kurbelwellend\u00e4mpfer\"}]},{\"@type\":\"WebSite\",\"@id\":\"https:\/\/uncommonegg.com\/dayco\/de\/#website\",\"url\":\"https:\/\/uncommonegg.com\/dayco\/de\/\",\"name\":\"Propulsion Solutions\",\"description\":\"Move Forward. Always.\u2122\",\"publisher\":{\"@id\":\"https:\/\/uncommonegg.com\/dayco\/de\/#organization\"},\"alternateName\":\"Propulsion Solutions\",\"potentialAction\":[{\"@type\":\"SearchAction\",\"target\":{\"@type\":\"EntryPoint\",\"urlTemplate\":\"https:\/\/uncommonegg.com\/dayco\/de\/?s={search_term_string}\"},\"query-input\":\"required name=search_term_string\"}],\"inLanguage\":\"de\"},{\"@type\":\"Organization\",\"@id\":\"https:\/\/uncommonegg.com\/dayco\/de\/#organization\",\"name\":\"Dayco Corporate\",\"alternateName\":\"Propulsion Solutions\",\"url\":\"https:\/\/uncommonegg.com\/dayco\/de\/\",\"logo\":{\"@type\":\"ImageObject\",\"inLanguage\":\"de\",\"@id\":\"https:\/\/uncommonegg.com\/dayco\/de\/#\/schema\/logo\/image\/\",\"url\":\"http:\/\/uncommonegg.com\/dayco\/wp-content\/uploads\/2024\/01\/PS-Logo-SEO2.jpg\",\"contentUrl\":\"http:\/\/uncommonegg.com\/dayco\/wp-content\/uploads\/2024\/01\/PS-Logo-SEO2.jpg\",\"width\":696,\"height\":696,\"caption\":\"Dayco Corporate\"},\"image\":{\"@id\":\"https:\/\/uncommonegg.com\/dayco\/de\/#\/schema\/logo\/image\/\"},\"sameAs\":[\"https:\/\/www.facebook.com\/DaycoOfficial\/\",\"https:\/\/twitter.com\/DaycoOfficial\",\"https:\/\/www.instagram.com\/daycoofficial\/\",\"https:\/\/www.linkedin.com\/company\/daycoofficial\/\",\"https:\/\/www.youtube.com\/DaycoOfficial\",\"https:\/\/en.wikipedia.org\/wiki\/Dayco\"]}]}<\/script>\n<meta property=\"product:brand\" content=\"Personenkraftwagen OE\" \/>\n<meta property=\"product:price:amount\" content=\"0.00\" \/>\n<meta property=\"product:price:currency\" content=\"EUR\" \/>\n<meta property=\"og:availability\" content=\"instock\" \/>\n<meta property=\"product:availability\" content=\"instock\" \/>\n<meta property=\"product:retailer_item_id\" content=\"CDMPLD\" \/>\n<meta property=\"product:condition\" content=\"new\" \/>\n<!-- \/ Yoast SEO plugin. -->","yoast_head_json":{"title":"Kurbelwellend\u00e4mpfer | Propulsion Solutions","robots":{"index":"noindex","follow":"follow","max-snippet":"max-snippet:-1","max-image-preview":"max-image-preview:large","max-video-preview":"max-video-preview:-1"},"og_locale":"de_DE","og_type":"article","og_title":"Kurbelwellend\u00e4mpfer | Propulsion Solutions","og_description":"Dayco hat eine lange Geschichte der Innovation, Konstruktion und Fertigung von Schwingungsd\u00e4mpfern f\u00fcr Kfz-Anwendungen und Antriebsstr\u00e4nge. Zur Reduzierung von Ger\u00e4usch, Vibration und Rauhigkeit (NVH) maximiert unsere D\u00e4mpfertechnologie die Systemstabilit\u00e4t, minimiert Schwankungen der Riemenspannung, verbessert die System- und Komponenten-Lebensdauer und steigert die Kraftstoffeinsparung. Dayco nutzt propriet\u00e4re Software in Zusammenarbeit mit den neuesten handels\u00fcblichen Softwarepaketen zum Optimieren und Validieren dieser Produkte praktisch vor der Prototyperstellung. Dayco betreibt...","og_url":"https:\/\/uncommonegg.com\/dayco\/de\/produkt\/kurbelwellendampfer\/","og_site_name":"Propulsion Solutions","article_publisher":"https:\/\/www.facebook.com\/DaycoOfficial\/","article_modified_time":"2019-10-20T11:27:36+00:00","og_image":[{"width":609,"height":356,"url":"https:\/\/uncommonegg.com\/dayco\/wp-content\/uploads\/Crankshaft-Damp-1.jpg","type":"image\/jpeg"}],"twitter_card":"summary_large_image","twitter_site":"@DaycoOfficial","twitter_misc":{"Preis":"","Verf\u00fcgbarkeit":"Auf Lager"},"schema":{"@context":"https:\/\/schema.org","@graph":[{"@type":["WebPage","ItemPage"],"@id":"https:\/\/uncommonegg.com\/dayco\/de\/produkt\/kurbelwellendampfer\/","url":"https:\/\/uncommonegg.com\/dayco\/de\/produkt\/kurbelwellendampfer\/","name":"Kurbelwellend\u00e4mpfer | Propulsion Solutions","isPartOf":{"@id":"https:\/\/uncommonegg.com\/dayco\/de\/#website"},"primaryImageOfPage":{"@id":"https:\/\/uncommonegg.com\/dayco\/de\/produkt\/kurbelwellendampfer\/#primaryimage"},"image":{"@id":"https:\/\/uncommonegg.com\/dayco\/de\/produkt\/kurbelwellendampfer\/#primaryimage"},"thumbnailUrl":"https:\/\/uncommonegg.com\/dayco\/wp-content\/uploads\/Crankshaft-Damp-1.jpg","datePublished":"2018-05-18T09:51:46+00:00","dateModified":"2019-10-20T11:27:36+00:00","breadcrumb":{"@id":"https:\/\/uncommonegg.com\/dayco\/de\/produkt\/kurbelwellendampfer\/#breadcrumb"},"inLanguage":"de","potentialAction":[{"@type":"ReadAction","target":["https:\/\/uncommonegg.com\/dayco\/de\/produkt\/kurbelwellendampfer\/"]}]},{"@type":"ImageObject","inLanguage":"de","@id":"https:\/\/uncommonegg.com\/dayco\/de\/produkt\/kurbelwellendampfer\/#primaryimage","url":"https:\/\/uncommonegg.com\/dayco\/wp-content\/uploads\/Crankshaft-Damp-1.jpg","contentUrl":"https:\/\/uncommonegg.com\/dayco\/wp-content\/uploads\/Crankshaft-Damp-1.jpg","width":609,"height":356,"caption":"Crankshaft Damp 1"},{"@type":"BreadcrumbList","@id":"https:\/\/uncommonegg.com\/dayco\/de\/produkt\/kurbelwellendampfer\/#breadcrumb","itemListElement":[{"@type":"ListItem","position":1,"name":"Startseite","item":"https:\/\/uncommonegg.com\/dayco\/de\/home\/"},{"@type":"ListItem","position":2,"name":"Produkte","item":"https:\/\/uncommonegg.com\/dayco\/de\/produkte\/"},{"@type":"ListItem","position":3,"name":"Kurbelwellend\u00e4mpfer"}]},{"@type":"WebSite","@id":"https:\/\/uncommonegg.com\/dayco\/de\/#website","url":"https:\/\/uncommonegg.com\/dayco\/de\/","name":"Propulsion Solutions","description":"Move Forward. Always.\u2122","publisher":{"@id":"https:\/\/uncommonegg.com\/dayco\/de\/#organization"},"alternateName":"Propulsion Solutions","potentialAction":[{"@type":"SearchAction","target":{"@type":"EntryPoint","urlTemplate":"https:\/\/uncommonegg.com\/dayco\/de\/?s={search_term_string}"},"query-input":"required name=search_term_string"}],"inLanguage":"de"},{"@type":"Organization","@id":"https:\/\/uncommonegg.com\/dayco\/de\/#organization","name":"Dayco Corporate","alternateName":"Propulsion Solutions","url":"https:\/\/uncommonegg.com\/dayco\/de\/","logo":{"@type":"ImageObject","inLanguage":"de","@id":"https:\/\/uncommonegg.com\/dayco\/de\/#\/schema\/logo\/image\/","url":"http:\/\/uncommonegg.com\/dayco\/wp-content\/uploads\/2024\/01\/PS-Logo-SEO2.jpg","contentUrl":"http:\/\/uncommonegg.com\/dayco\/wp-content\/uploads\/2024\/01\/PS-Logo-SEO2.jpg","width":696,"height":696,"caption":"Dayco Corporate"},"image":{"@id":"https:\/\/uncommonegg.com\/dayco\/de\/#\/schema\/logo\/image\/"},"sameAs":["https:\/\/www.facebook.com\/DaycoOfficial\/","https:\/\/twitter.com\/DaycoOfficial","https:\/\/www.instagram.com\/daycoofficial\/","https:\/\/www.linkedin.com\/company\/daycoofficial\/","https:\/\/www.youtube.com\/DaycoOfficial","https:\/\/en.wikipedia.org\/wiki\/Dayco"]}]},"product_brand":"Personenkraftwagen OE","product_price_amount":"0.00","product_price_currency":"EUR","og_availability":"instock","product_availability":"instock","product_retailer_item_id":"CDMPLD","product_condition":"new"},"_links":{"self":[{"href":"https:\/\/uncommonegg.com\/dayco\/de\/wp-json\/wp\/v2\/product\/43923"}],"collection":[{"href":"https:\/\/uncommonegg.com\/dayco\/de\/wp-json\/wp\/v2\/product"}],"about":[{"href":"https:\/\/uncommonegg.com\/dayco\/de\/wp-json\/wp\/v2\/types\/product"}],"wp:featuredmedia":[{"embeddable":true,"href":"https:\/\/uncommonegg.com\/dayco\/de\/wp-json\/wp\/v2\/media\/17431"}],"wp:attachment":[{"href":"https:\/\/uncommonegg.com\/dayco\/de\/wp-json\/wp\/v2\/media?parent=43923"}],"wp:term":[{"taxonomy":"product_cat","embeddable":true,"href":"https:\/\/uncommonegg.com\/dayco\/de\/wp-json\/wp\/v2\/product_cat?post=43923"},{"taxonomy":"product_tag","embeddable":true,"href":"https:\/\/uncommonegg.com\/dayco\/de\/wp-json\/wp\/v2\/product_tag?post=43923"}],"curies":[{"name":"wp","href":"https:\/\/api.w.org\/{rel}","templated":true}]}}