{"id":40657,"date":"2018-05-18T11:58:12","date_gmt":"2018-05-18T09:58:12","guid":{"rendered":"http:\/\/uncommonegg.com\/dayco\/product\/antriebsstrang-dampfer\/"},"modified":"2018-07-03T23:22:33","modified_gmt":"2018-07-03T21:22:33","slug":"antriebsstrang-dampfer","status":"publish","type":"product","link":"https:\/\/uncommonegg.com\/dayco\/de\/produkt\/antriebsstrang-dampfer\/","title":{"rendered":"Antriebsstrang D\u00e4mpfer"},"content":{"rendered":"<p>Dayco hat langj\u00e4hrige Erfahrung in der Entwicklung und Herstellung von Antriebsstrang-D\u00e4mpfern und akzeptiert die strengen Anforderungen von Antriebsstrang-Kunden. Solche D\u00e4mpfer wurden speziell f\u00fcr den Vibrationsmodus konzipiert, den sie d\u00e4mpfen sollen (linear, Torsion oder gemischt). Innovation und Kreativit\u00e4t und Nutzung analytischer und empirischer Validierungstools sind die Schl\u00fcsselfaktoren, die Dayco als technischen Marktf\u00fchrer in diesem Bereich auszeichnen. Recessed Belt Damper (RBD), Radial Internal Tube Damper (Radial ITD) und Low Frequency Grommet Damper (LFGD) sind s\u00e4mtlich Beispiele daf\u00fcr, wie clever, originell und einfallsreich Dayco beim Entwickeln von L\u00f6sungen f\u00fcr unsere Kunden ist.<\/p>\n<p>Dayco hebt sich in seiner F\u00e4higkeit zum Entwickeln von Multimodus-D\u00e4mpfern mit einem Einzelmassefedersystem klar von der Konkurrenz ab. M\u00f6glich wird dies durch einen wegen seiner Geschwindigkeit und Leistungsf\u00e4higkeit in der Branche einzigartigen propriet\u00e4ren Software-Algorithmus, der die schnelle Entwicklung kosten- und gewichtseffektiver Teile erm\u00f6glicht. Nach der analytischen Konzeption werden Dayco Antriebsstrang-D\u00e4mpfer Leistungs- und Widerstandsf\u00e4higkeitstests unterzogen, damit ihre Robustheit in der Anwendungspraxis sichergestellt ist.<\/p>\n","protected":false},"excerpt":{"rendered":"<p>Dayco hat langj\u00e4hrige Erfahrung in der Entwicklung und Herstellung von Antriebsstrang-D\u00e4mpfern und akzeptiert die strengen Anforderungen von Antriebsstrang-Kunden. Solche D\u00e4mpfer wurden speziell f\u00fcr den Vibrationsmodus konzipiert, den sie d\u00e4mpfen sollen (linear, Torsion oder gemischt). Innovation und Kreativit\u00e4t und Nutzung analytischer und empirischer Validierungstools sind die Schl\u00fcsselfaktoren, die Dayco als technischen Marktf\u00fchrer in diesem Bereich auszeichnen. Recessed Belt Damper (RBD), Radial Internal Tube Damper (Radial ITD)&#8230;<\/p>\n","protected":false},"featured_media":40917,"template":"","meta":[],"product_cat":[349],"product_tag":[],"yoast_head":"<!-- This site is optimized with the Yoast SEO plugin v22.4 - https:\/\/yoast.com\/wordpress\/plugins\/seo\/ -->\n<title>Antriebsstrang D\u00e4mpfer | Propulsion Solutions<\/title>\n<meta name=\"robots\" content=\"noindex, follow, max-snippet:-1, max-image-preview:large, max-video-preview:-1\" \/>\n<meta property=\"og:locale\" content=\"de_DE\" \/>\n<meta property=\"og:type\" content=\"article\" \/>\n<meta property=\"og:title\" content=\"Antriebsstrang D\u00e4mpfer | Propulsion Solutions\" \/>\n<meta property=\"og:description\" content=\"Dayco hat langj\u00e4hrige Erfahrung in der Entwicklung und Herstellung von Antriebsstrang-D\u00e4mpfern und akzeptiert die strengen Anforderungen von Antriebsstrang-Kunden. Solche D\u00e4mpfer wurden speziell f\u00fcr den Vibrationsmodus konzipiert, den sie d\u00e4mpfen sollen (linear, Torsion oder gemischt). Innovation und Kreativit\u00e4t und Nutzung analytischer und empirischer Validierungstools sind die Schl\u00fcsselfaktoren, die Dayco als technischen Marktf\u00fchrer in diesem Bereich auszeichnen. Recessed Belt Damper (RBD), Radial Internal Tube Damper (Radial ITD)...\" \/>\n<meta property=\"og:url\" content=\"https:\/\/uncommonegg.com\/dayco\/de\/produkt\/antriebsstrang-dampfer\/\" \/>\n<meta property=\"og:site_name\" content=\"Propulsion Solutions\" \/>\n<meta property=\"article:publisher\" content=\"https:\/\/www.facebook.com\/DaycoOfficial\/\" \/>\n<meta property=\"article:modified_time\" content=\"2018-07-03T21:22:33+00:00\" \/>\n<meta property=\"og:image\" content=\"https:\/\/uncommonegg.com\/dayco\/wp-content\/uploads\/Driveline-Damp-1.jpg\" \/>\n\t<meta property=\"og:image:width\" content=\"609\" \/>\n\t<meta property=\"og:image:height\" content=\"356\" \/>\n\t<meta property=\"og:image:type\" content=\"image\/jpeg\" \/>\n<meta name=\"twitter:card\" content=\"summary_large_image\" \/>\n<meta name=\"twitter:site\" content=\"@DaycoOfficial\" \/>\n<meta name=\"twitter:label1\" content=\"Preis\" \/>\n\t<meta name=\"twitter:data1\" content=\"\" \/>\n\t<meta name=\"twitter:label2\" content=\"Verf\u00fcgbarkeit\" \/>\n\t<meta name=\"twitter:data2\" content=\"Auf Lager\" \/>\n<script type=\"application\/ld+json\" class=\"yoast-schema-graph\">{\"@context\":\"https:\/\/schema.org\",\"@graph\":[{\"@type\":[\"WebPage\",\"ItemPage\"],\"@id\":\"https:\/\/uncommonegg.com\/dayco\/de\/produkt\/antriebsstrang-dampfer\/\",\"url\":\"https:\/\/uncommonegg.com\/dayco\/de\/produkt\/antriebsstrang-dampfer\/\",\"name\":\"Antriebsstrang D\u00e4mpfer | Propulsion Solutions\",\"isPartOf\":{\"@id\":\"https:\/\/uncommonegg.com\/dayco\/de\/#website\"},\"primaryImageOfPage\":{\"@id\":\"https:\/\/uncommonegg.com\/dayco\/de\/produkt\/antriebsstrang-dampfer\/#primaryimage\"},\"image\":{\"@id\":\"https:\/\/uncommonegg.com\/dayco\/de\/produkt\/antriebsstrang-dampfer\/#primaryimage\"},\"thumbnailUrl\":\"https:\/\/uncommonegg.com\/dayco\/wp-content\/uploads\/Driveline-Damp-1.jpg\",\"datePublished\":\"2018-05-18T09:58:12+00:00\",\"dateModified\":\"2018-07-03T21:22:33+00:00\",\"breadcrumb\":{\"@id\":\"https:\/\/uncommonegg.com\/dayco\/de\/produkt\/antriebsstrang-dampfer\/#breadcrumb\"},\"inLanguage\":\"de\",\"potentialAction\":[{\"@type\":\"ReadAction\",\"target\":[\"https:\/\/uncommonegg.com\/dayco\/de\/produkt\/antriebsstrang-dampfer\/\"]}]},{\"@type\":\"ImageObject\",\"inLanguage\":\"de\",\"@id\":\"https:\/\/uncommonegg.com\/dayco\/de\/produkt\/antriebsstrang-dampfer\/#primaryimage\",\"url\":\"https:\/\/uncommonegg.com\/dayco\/wp-content\/uploads\/Driveline-Damp-1.jpg\",\"contentUrl\":\"https:\/\/uncommonegg.com\/dayco\/wp-content\/uploads\/Driveline-Damp-1.jpg\",\"width\":609,\"height\":356,\"caption\":\"Driveline Damp 1\"},{\"@type\":\"BreadcrumbList\",\"@id\":\"https:\/\/uncommonegg.com\/dayco\/de\/produkt\/antriebsstrang-dampfer\/#breadcrumb\",\"itemListElement\":[{\"@type\":\"ListItem\",\"position\":1,\"name\":\"Startseite\",\"item\":\"https:\/\/uncommonegg.com\/dayco\/de\/home\/\"},{\"@type\":\"ListItem\",\"position\":2,\"name\":\"Produkte\",\"item\":\"https:\/\/uncommonegg.com\/dayco\/de\/produkte\/\"},{\"@type\":\"ListItem\",\"position\":3,\"name\":\"Antriebsstrang D\u00e4mpfer\"}]},{\"@type\":\"WebSite\",\"@id\":\"https:\/\/uncommonegg.com\/dayco\/de\/#website\",\"url\":\"https:\/\/uncommonegg.com\/dayco\/de\/\",\"name\":\"Propulsion Solutions\",\"description\":\"Move Forward. Always.\u2122\",\"publisher\":{\"@id\":\"https:\/\/uncommonegg.com\/dayco\/de\/#organization\"},\"alternateName\":\"Propulsion Solutions\",\"potentialAction\":[{\"@type\":\"SearchAction\",\"target\":{\"@type\":\"EntryPoint\",\"urlTemplate\":\"https:\/\/uncommonegg.com\/dayco\/de\/?s={search_term_string}\"},\"query-input\":\"required name=search_term_string\"}],\"inLanguage\":\"de\"},{\"@type\":\"Organization\",\"@id\":\"https:\/\/uncommonegg.com\/dayco\/de\/#organization\",\"name\":\"Dayco Corporate\",\"alternateName\":\"Propulsion Solutions\",\"url\":\"https:\/\/uncommonegg.com\/dayco\/de\/\",\"logo\":{\"@type\":\"ImageObject\",\"inLanguage\":\"de\",\"@id\":\"https:\/\/uncommonegg.com\/dayco\/de\/#\/schema\/logo\/image\/\",\"url\":\"http:\/\/uncommonegg.com\/dayco\/wp-content\/uploads\/2024\/01\/PS-Logo-SEO2.jpg\",\"contentUrl\":\"http:\/\/uncommonegg.com\/dayco\/wp-content\/uploads\/2024\/01\/PS-Logo-SEO2.jpg\",\"width\":696,\"height\":696,\"caption\":\"Dayco Corporate\"},\"image\":{\"@id\":\"https:\/\/uncommonegg.com\/dayco\/de\/#\/schema\/logo\/image\/\"},\"sameAs\":[\"https:\/\/www.facebook.com\/DaycoOfficial\/\",\"https:\/\/twitter.com\/DaycoOfficial\",\"https:\/\/www.instagram.com\/daycoofficial\/\",\"https:\/\/www.linkedin.com\/company\/daycoofficial\/\",\"https:\/\/www.youtube.com\/DaycoOfficial\",\"https:\/\/en.wikipedia.org\/wiki\/Dayco\"]}]}<\/script>\n<meta property=\"product:brand\" content=\"Personenkraftwagen OE\" \/>\n<meta property=\"product:price:amount\" content=\"0.00\" \/>\n<meta property=\"product:price:currency\" content=\"EUR\" \/>\n<meta property=\"og:availability\" content=\"instock\" \/>\n<meta property=\"product:availability\" content=\"instock\" \/>\n<meta property=\"product:retailer_item_id\" content=\"DMPLD\" \/>\n<meta property=\"product:condition\" content=\"new\" \/>\n<!-- \/ Yoast SEO plugin. -->","yoast_head_json":{"title":"Antriebsstrang D\u00e4mpfer | Propulsion Solutions","robots":{"index":"noindex","follow":"follow","max-snippet":"max-snippet:-1","max-image-preview":"max-image-preview:large","max-video-preview":"max-video-preview:-1"},"og_locale":"de_DE","og_type":"article","og_title":"Antriebsstrang D\u00e4mpfer | Propulsion Solutions","og_description":"Dayco hat langj\u00e4hrige Erfahrung in der Entwicklung und Herstellung von Antriebsstrang-D\u00e4mpfern und akzeptiert die strengen Anforderungen von Antriebsstrang-Kunden. Solche D\u00e4mpfer wurden speziell f\u00fcr den Vibrationsmodus konzipiert, den sie d\u00e4mpfen sollen (linear, Torsion oder gemischt). Innovation und Kreativit\u00e4t und Nutzung analytischer und empirischer Validierungstools sind die Schl\u00fcsselfaktoren, die Dayco als technischen Marktf\u00fchrer in diesem Bereich auszeichnen. Recessed Belt Damper (RBD), Radial Internal Tube Damper (Radial ITD)...","og_url":"https:\/\/uncommonegg.com\/dayco\/de\/produkt\/antriebsstrang-dampfer\/","og_site_name":"Propulsion Solutions","article_publisher":"https:\/\/www.facebook.com\/DaycoOfficial\/","article_modified_time":"2018-07-03T21:22:33+00:00","og_image":[{"width":609,"height":356,"url":"https:\/\/uncommonegg.com\/dayco\/wp-content\/uploads\/Driveline-Damp-1.jpg","type":"image\/jpeg"}],"twitter_card":"summary_large_image","twitter_site":"@DaycoOfficial","twitter_misc":{"Preis":"","Verf\u00fcgbarkeit":"Auf Lager"},"schema":{"@context":"https:\/\/schema.org","@graph":[{"@type":["WebPage","ItemPage"],"@id":"https:\/\/uncommonegg.com\/dayco\/de\/produkt\/antriebsstrang-dampfer\/","url":"https:\/\/uncommonegg.com\/dayco\/de\/produkt\/antriebsstrang-dampfer\/","name":"Antriebsstrang D\u00e4mpfer | Propulsion Solutions","isPartOf":{"@id":"https:\/\/uncommonegg.com\/dayco\/de\/#website"},"primaryImageOfPage":{"@id":"https:\/\/uncommonegg.com\/dayco\/de\/produkt\/antriebsstrang-dampfer\/#primaryimage"},"image":{"@id":"https:\/\/uncommonegg.com\/dayco\/de\/produkt\/antriebsstrang-dampfer\/#primaryimage"},"thumbnailUrl":"https:\/\/uncommonegg.com\/dayco\/wp-content\/uploads\/Driveline-Damp-1.jpg","datePublished":"2018-05-18T09:58:12+00:00","dateModified":"2018-07-03T21:22:33+00:00","breadcrumb":{"@id":"https:\/\/uncommonegg.com\/dayco\/de\/produkt\/antriebsstrang-dampfer\/#breadcrumb"},"inLanguage":"de","potentialAction":[{"@type":"ReadAction","target":["https:\/\/uncommonegg.com\/dayco\/de\/produkt\/antriebsstrang-dampfer\/"]}]},{"@type":"ImageObject","inLanguage":"de","@id":"https:\/\/uncommonegg.com\/dayco\/de\/produkt\/antriebsstrang-dampfer\/#primaryimage","url":"https:\/\/uncommonegg.com\/dayco\/wp-content\/uploads\/Driveline-Damp-1.jpg","contentUrl":"https:\/\/uncommonegg.com\/dayco\/wp-content\/uploads\/Driveline-Damp-1.jpg","width":609,"height":356,"caption":"Driveline Damp 1"},{"@type":"BreadcrumbList","@id":"https:\/\/uncommonegg.com\/dayco\/de\/produkt\/antriebsstrang-dampfer\/#breadcrumb","itemListElement":[{"@type":"ListItem","position":1,"name":"Startseite","item":"https:\/\/uncommonegg.com\/dayco\/de\/home\/"},{"@type":"ListItem","position":2,"name":"Produkte","item":"https:\/\/uncommonegg.com\/dayco\/de\/produkte\/"},{"@type":"ListItem","position":3,"name":"Antriebsstrang D\u00e4mpfer"}]},{"@type":"WebSite","@id":"https:\/\/uncommonegg.com\/dayco\/de\/#website","url":"https:\/\/uncommonegg.com\/dayco\/de\/","name":"Propulsion Solutions","description":"Move Forward. Always.\u2122","publisher":{"@id":"https:\/\/uncommonegg.com\/dayco\/de\/#organization"},"alternateName":"Propulsion Solutions","potentialAction":[{"@type":"SearchAction","target":{"@type":"EntryPoint","urlTemplate":"https:\/\/uncommonegg.com\/dayco\/de\/?s={search_term_string}"},"query-input":"required name=search_term_string"}],"inLanguage":"de"},{"@type":"Organization","@id":"https:\/\/uncommonegg.com\/dayco\/de\/#organization","name":"Dayco Corporate","alternateName":"Propulsion Solutions","url":"https:\/\/uncommonegg.com\/dayco\/de\/","logo":{"@type":"ImageObject","inLanguage":"de","@id":"https:\/\/uncommonegg.com\/dayco\/de\/#\/schema\/logo\/image\/","url":"http:\/\/uncommonegg.com\/dayco\/wp-content\/uploads\/2024\/01\/PS-Logo-SEO2.jpg","contentUrl":"http:\/\/uncommonegg.com\/dayco\/wp-content\/uploads\/2024\/01\/PS-Logo-SEO2.jpg","width":696,"height":696,"caption":"Dayco Corporate"},"image":{"@id":"https:\/\/uncommonegg.com\/dayco\/de\/#\/schema\/logo\/image\/"},"sameAs":["https:\/\/www.facebook.com\/DaycoOfficial\/","https:\/\/twitter.com\/DaycoOfficial","https:\/\/www.instagram.com\/daycoofficial\/","https:\/\/www.linkedin.com\/company\/daycoofficial\/","https:\/\/www.youtube.com\/DaycoOfficial","https:\/\/en.wikipedia.org\/wiki\/Dayco"]}]},"product_brand":"Personenkraftwagen OE","product_price_amount":"0.00","product_price_currency":"EUR","og_availability":"instock","product_availability":"instock","product_retailer_item_id":"DMPLD","product_condition":"new"},"_links":{"self":[{"href":"https:\/\/uncommonegg.com\/dayco\/de\/wp-json\/wp\/v2\/product\/40657"}],"collection":[{"href":"https:\/\/uncommonegg.com\/dayco\/de\/wp-json\/wp\/v2\/product"}],"about":[{"href":"https:\/\/uncommonegg.com\/dayco\/de\/wp-json\/wp\/v2\/types\/product"}],"wp:featuredmedia":[{"embeddable":true,"href":"https:\/\/uncommonegg.com\/dayco\/de\/wp-json\/wp\/v2\/media\/40917"}],"wp:attachment":[{"href":"https:\/\/uncommonegg.com\/dayco\/de\/wp-json\/wp\/v2\/media?parent=40657"}],"wp:term":[{"taxonomy":"product_cat","embeddable":true,"href":"https:\/\/uncommonegg.com\/dayco\/de\/wp-json\/wp\/v2\/product_cat?post=40657"},{"taxonomy":"product_tag","embeddable":true,"href":"https:\/\/uncommonegg.com\/dayco\/de\/wp-json\/wp\/v2\/product_tag?post=40657"}],"curies":[{"name":"wp","href":"https:\/\/api.w.org\/{rel}","templated":true}]}}