{"id":34693,"date":"2018-05-19T12:36:33","date_gmt":"2018-05-19T10:36:33","guid":{"rendered":"http:\/\/uncommonegg.com\/dayco\/product\/riemenscheiben-und-umlenkrollen-hd\/"},"modified":"2021-12-14T12:51:30","modified_gmt":"2021-12-14T11:51:30","slug":"riemenscheiben-und-umlenkrollen-hd","status":"publish","type":"product","link":"https:\/\/uncommonegg.com\/dayco\/de\/produkt\/riemenscheiben-und-umlenkrollen-hd\/","title":{"rendered":"Riemenscheiben und Umlenkrollen Lastkraftwagen"},"content":{"rendered":"<p>Die Ausrichtung des Laufwerks ist entscheidend. Als Erg\u00e4nzung zu seinen Antriebsriemen und Spannern f\u00fcr Nebenaggregate bietet Dayco eine breite Palette von Riemenscheiben und Umlenkrollen aus gestanztem und geformtem Stahl, Kunststoff und Pulvermetall mit verschiedenen Lagerkonfigurationen an, um selbst den h\u00f6chsten Riemenbelastungen gerecht zu werden. Die Umlenkrollen sind erh\u00e4ltlich, um an konstruierten Halterungen vormontiert zu werden.<\/p>\n<p>Der Einsatz modernster dreidimensionaler computergest\u00fctzter Konstruktion (CAD) und Finite-Elemente-Analyse garantiert die optimale Konstruktion und maximale strukturelle Integrit\u00e4t sowohl f\u00fcr Kunststoff- als auch f\u00fcr Stahlscheiben. Riemenscheiben mit glatteren Oberfl\u00e4chen und engeren Ma\u00dftoleranzen f\u00fchren zu weniger Vibrationen und damit zu einer l\u00e4ngeren Lebensdauer des Riemens. Geschmierte Lager und Hochtemperaturdichtungen gew\u00e4hrleisten Spitzenleistung, die das wichtigste Element der Lebensdauer einer Riemenscheibe ist.<\/p>\n","protected":false},"excerpt":{"rendered":"<p>Die Ausrichtung des Laufwerks ist entscheidend. Als Erg\u00e4nzung zu seinen Antriebsriemen und Spannern f\u00fcr Nebenaggregate bietet Dayco eine breite Palette von Riemenscheiben und Umlenkrollen aus gestanztem und geformtem Stahl, Kunststoff und Pulvermetall mit verschiedenen Lagerkonfigurationen an, um selbst den h\u00f6chsten Riemenbelastungen gerecht zu werden. Die Umlenkrollen sind erh\u00e4ltlich, um an konstruierten Halterungen vormontiert zu werden. Der Einsatz modernster dreidimensionaler computergest\u00fctzter Konstruktion (CAD) und Finite-Elemente-Analyse garantiert&#8230;<\/p>\n","protected":false},"featured_media":36192,"template":"","meta":[],"product_cat":[351],"product_tag":[],"yoast_head":"<!-- This site is optimized with the Yoast SEO plugin v22.4 - https:\/\/yoast.com\/wordpress\/plugins\/seo\/ -->\n<title>Riemenscheiben und Umlenkrollen Lastkraftwagen | Propulsion Solutions<\/title>\n<meta name=\"robots\" content=\"noindex, follow, max-snippet:-1, max-image-preview:large, max-video-preview:-1\" \/>\n<meta property=\"og:locale\" content=\"de_DE\" \/>\n<meta property=\"og:type\" content=\"article\" \/>\n<meta property=\"og:title\" content=\"Riemenscheiben und Umlenkrollen Lastkraftwagen | Propulsion Solutions\" \/>\n<meta property=\"og:description\" content=\"Die Ausrichtung des Laufwerks ist entscheidend. Als Erg\u00e4nzung zu seinen Antriebsriemen und Spannern f\u00fcr Nebenaggregate bietet Dayco eine breite Palette von Riemenscheiben und Umlenkrollen aus gestanztem und geformtem Stahl, Kunststoff und Pulvermetall mit verschiedenen Lagerkonfigurationen an, um selbst den h\u00f6chsten Riemenbelastungen gerecht zu werden. Die Umlenkrollen sind erh\u00e4ltlich, um an konstruierten Halterungen vormontiert zu werden. Der Einsatz modernster dreidimensionaler computergest\u00fctzter Konstruktion (CAD) und Finite-Elemente-Analyse garantiert...\" \/>\n<meta property=\"og:url\" content=\"https:\/\/uncommonegg.com\/dayco\/de\/produkt\/riemenscheiben-und-umlenkrollen-hd\/\" \/>\n<meta property=\"og:site_name\" content=\"Propulsion Solutions\" \/>\n<meta property=\"article:publisher\" content=\"https:\/\/www.facebook.com\/DaycoOfficial\/\" \/>\n<meta property=\"article:modified_time\" content=\"2021-12-14T11:51:30+00:00\" \/>\n<meta property=\"og:image\" content=\"https:\/\/uncommonegg.com\/dayco\/wp-content\/uploads\/Pulleys-HD-1.jpg\" \/>\n\t<meta property=\"og:image:width\" content=\"609\" \/>\n\t<meta property=\"og:image:height\" content=\"356\" \/>\n\t<meta property=\"og:image:type\" content=\"image\/jpeg\" \/>\n<meta name=\"twitter:card\" content=\"summary_large_image\" \/>\n<meta name=\"twitter:site\" content=\"@DaycoOfficial\" \/>\n<meta name=\"twitter:label1\" content=\"Preis\" \/>\n\t<meta name=\"twitter:data1\" content=\"\" \/>\n\t<meta name=\"twitter:label2\" content=\"Verf\u00fcgbarkeit\" \/>\n\t<meta name=\"twitter:data2\" content=\"Auf Lager\" \/>\n<script type=\"application\/ld+json\" class=\"yoast-schema-graph\">{\"@context\":\"https:\/\/schema.org\",\"@graph\":[{\"@type\":[\"WebPage\",\"ItemPage\"],\"@id\":\"https:\/\/uncommonegg.com\/dayco\/de\/produkt\/riemenscheiben-und-umlenkrollen-hd\/\",\"url\":\"https:\/\/uncommonegg.com\/dayco\/de\/produkt\/riemenscheiben-und-umlenkrollen-hd\/\",\"name\":\"Riemenscheiben und Umlenkrollen Lastkraftwagen | Propulsion Solutions\",\"isPartOf\":{\"@id\":\"https:\/\/uncommonegg.com\/dayco\/de\/#website\"},\"primaryImageOfPage\":{\"@id\":\"https:\/\/uncommonegg.com\/dayco\/de\/produkt\/riemenscheiben-und-umlenkrollen-hd\/#primaryimage\"},\"image\":{\"@id\":\"https:\/\/uncommonegg.com\/dayco\/de\/produkt\/riemenscheiben-und-umlenkrollen-hd\/#primaryimage\"},\"thumbnailUrl\":\"https:\/\/uncommonegg.com\/dayco\/wp-content\/uploads\/Pulleys-HD-1.jpg\",\"datePublished\":\"2018-05-19T10:36:33+00:00\",\"dateModified\":\"2021-12-14T11:51:30+00:00\",\"breadcrumb\":{\"@id\":\"https:\/\/uncommonegg.com\/dayco\/de\/produkt\/riemenscheiben-und-umlenkrollen-hd\/#breadcrumb\"},\"inLanguage\":\"de\",\"potentialAction\":[{\"@type\":\"ReadAction\",\"target\":[\"https:\/\/uncommonegg.com\/dayco\/de\/produkt\/riemenscheiben-und-umlenkrollen-hd\/\"]}]},{\"@type\":\"ImageObject\",\"inLanguage\":\"de\",\"@id\":\"https:\/\/uncommonegg.com\/dayco\/de\/produkt\/riemenscheiben-und-umlenkrollen-hd\/#primaryimage\",\"url\":\"https:\/\/uncommonegg.com\/dayco\/wp-content\/uploads\/Pulleys-HD-1.jpg\",\"contentUrl\":\"https:\/\/uncommonegg.com\/dayco\/wp-content\/uploads\/Pulleys-HD-1.jpg\",\"width\":609,\"height\":356,\"caption\":\"Pulleys Hd 1\"},{\"@type\":\"BreadcrumbList\",\"@id\":\"https:\/\/uncommonegg.com\/dayco\/de\/produkt\/riemenscheiben-und-umlenkrollen-hd\/#breadcrumb\",\"itemListElement\":[{\"@type\":\"ListItem\",\"position\":1,\"name\":\"Startseite\",\"item\":\"https:\/\/uncommonegg.com\/dayco\/de\/home\/\"},{\"@type\":\"ListItem\",\"position\":2,\"name\":\"Produkte\",\"item\":\"https:\/\/uncommonegg.com\/dayco\/de\/produkte\/\"},{\"@type\":\"ListItem\",\"position\":3,\"name\":\"Riemenscheiben und Umlenkrollen Lastkraftwagen\"}]},{\"@type\":\"WebSite\",\"@id\":\"https:\/\/uncommonegg.com\/dayco\/de\/#website\",\"url\":\"https:\/\/uncommonegg.com\/dayco\/de\/\",\"name\":\"Propulsion Solutions\",\"description\":\"Move Forward. Always.\u2122\",\"publisher\":{\"@id\":\"https:\/\/uncommonegg.com\/dayco\/de\/#organization\"},\"alternateName\":\"Propulsion Solutions\",\"potentialAction\":[{\"@type\":\"SearchAction\",\"target\":{\"@type\":\"EntryPoint\",\"urlTemplate\":\"https:\/\/uncommonegg.com\/dayco\/de\/?s={search_term_string}\"},\"query-input\":\"required name=search_term_string\"}],\"inLanguage\":\"de\"},{\"@type\":\"Organization\",\"@id\":\"https:\/\/uncommonegg.com\/dayco\/de\/#organization\",\"name\":\"Dayco Corporate\",\"alternateName\":\"Propulsion Solutions\",\"url\":\"https:\/\/uncommonegg.com\/dayco\/de\/\",\"logo\":{\"@type\":\"ImageObject\",\"inLanguage\":\"de\",\"@id\":\"https:\/\/uncommonegg.com\/dayco\/de\/#\/schema\/logo\/image\/\",\"url\":\"http:\/\/uncommonegg.com\/dayco\/wp-content\/uploads\/2024\/01\/PS-Logo-SEO2.jpg\",\"contentUrl\":\"http:\/\/uncommonegg.com\/dayco\/wp-content\/uploads\/2024\/01\/PS-Logo-SEO2.jpg\",\"width\":696,\"height\":696,\"caption\":\"Dayco Corporate\"},\"image\":{\"@id\":\"https:\/\/uncommonegg.com\/dayco\/de\/#\/schema\/logo\/image\/\"},\"sameAs\":[\"https:\/\/www.facebook.com\/DaycoOfficial\/\",\"https:\/\/twitter.com\/DaycoOfficial\",\"https:\/\/www.instagram.com\/daycoofficial\/\",\"https:\/\/www.linkedin.com\/company\/daycoofficial\/\",\"https:\/\/www.youtube.com\/DaycoOfficial\",\"https:\/\/en.wikipedia.org\/wiki\/Dayco\"]}]}<\/script>\n<meta property=\"product:brand\" content=\"Schwere Nutzfahrzeuge OE\" \/>\n<meta property=\"product:price:amount\" content=\"0.00\" \/>\n<meta property=\"product:price:currency\" content=\"EUR\" \/>\n<meta property=\"og:availability\" content=\"instock\" \/>\n<meta property=\"product:availability\" content=\"instock\" \/>\n<meta property=\"product:retailer_item_id\" content=\"PULHD\" \/>\n<meta property=\"product:condition\" content=\"new\" \/>\n<!-- \/ Yoast SEO plugin. -->","yoast_head_json":{"title":"Riemenscheiben und Umlenkrollen Lastkraftwagen | Propulsion Solutions","robots":{"index":"noindex","follow":"follow","max-snippet":"max-snippet:-1","max-image-preview":"max-image-preview:large","max-video-preview":"max-video-preview:-1"},"og_locale":"de_DE","og_type":"article","og_title":"Riemenscheiben und Umlenkrollen Lastkraftwagen | Propulsion Solutions","og_description":"Die Ausrichtung des Laufwerks ist entscheidend. Als Erg\u00e4nzung zu seinen Antriebsriemen und Spannern f\u00fcr Nebenaggregate bietet Dayco eine breite Palette von Riemenscheiben und Umlenkrollen aus gestanztem und geformtem Stahl, Kunststoff und Pulvermetall mit verschiedenen Lagerkonfigurationen an, um selbst den h\u00f6chsten Riemenbelastungen gerecht zu werden. Die Umlenkrollen sind erh\u00e4ltlich, um an konstruierten Halterungen vormontiert zu werden. Der Einsatz modernster dreidimensionaler computergest\u00fctzter Konstruktion (CAD) und Finite-Elemente-Analyse garantiert...","og_url":"https:\/\/uncommonegg.com\/dayco\/de\/produkt\/riemenscheiben-und-umlenkrollen-hd\/","og_site_name":"Propulsion Solutions","article_publisher":"https:\/\/www.facebook.com\/DaycoOfficial\/","article_modified_time":"2021-12-14T11:51:30+00:00","og_image":[{"width":609,"height":356,"url":"https:\/\/uncommonegg.com\/dayco\/wp-content\/uploads\/Pulleys-HD-1.jpg","type":"image\/jpeg"}],"twitter_card":"summary_large_image","twitter_site":"@DaycoOfficial","twitter_misc":{"Preis":"","Verf\u00fcgbarkeit":"Auf Lager"},"schema":{"@context":"https:\/\/schema.org","@graph":[{"@type":["WebPage","ItemPage"],"@id":"https:\/\/uncommonegg.com\/dayco\/de\/produkt\/riemenscheiben-und-umlenkrollen-hd\/","url":"https:\/\/uncommonegg.com\/dayco\/de\/produkt\/riemenscheiben-und-umlenkrollen-hd\/","name":"Riemenscheiben und Umlenkrollen Lastkraftwagen | Propulsion Solutions","isPartOf":{"@id":"https:\/\/uncommonegg.com\/dayco\/de\/#website"},"primaryImageOfPage":{"@id":"https:\/\/uncommonegg.com\/dayco\/de\/produkt\/riemenscheiben-und-umlenkrollen-hd\/#primaryimage"},"image":{"@id":"https:\/\/uncommonegg.com\/dayco\/de\/produkt\/riemenscheiben-und-umlenkrollen-hd\/#primaryimage"},"thumbnailUrl":"https:\/\/uncommonegg.com\/dayco\/wp-content\/uploads\/Pulleys-HD-1.jpg","datePublished":"2018-05-19T10:36:33+00:00","dateModified":"2021-12-14T11:51:30+00:00","breadcrumb":{"@id":"https:\/\/uncommonegg.com\/dayco\/de\/produkt\/riemenscheiben-und-umlenkrollen-hd\/#breadcrumb"},"inLanguage":"de","potentialAction":[{"@type":"ReadAction","target":["https:\/\/uncommonegg.com\/dayco\/de\/produkt\/riemenscheiben-und-umlenkrollen-hd\/"]}]},{"@type":"ImageObject","inLanguage":"de","@id":"https:\/\/uncommonegg.com\/dayco\/de\/produkt\/riemenscheiben-und-umlenkrollen-hd\/#primaryimage","url":"https:\/\/uncommonegg.com\/dayco\/wp-content\/uploads\/Pulleys-HD-1.jpg","contentUrl":"https:\/\/uncommonegg.com\/dayco\/wp-content\/uploads\/Pulleys-HD-1.jpg","width":609,"height":356,"caption":"Pulleys Hd 1"},{"@type":"BreadcrumbList","@id":"https:\/\/uncommonegg.com\/dayco\/de\/produkt\/riemenscheiben-und-umlenkrollen-hd\/#breadcrumb","itemListElement":[{"@type":"ListItem","position":1,"name":"Startseite","item":"https:\/\/uncommonegg.com\/dayco\/de\/home\/"},{"@type":"ListItem","position":2,"name":"Produkte","item":"https:\/\/uncommonegg.com\/dayco\/de\/produkte\/"},{"@type":"ListItem","position":3,"name":"Riemenscheiben und Umlenkrollen Lastkraftwagen"}]},{"@type":"WebSite","@id":"https:\/\/uncommonegg.com\/dayco\/de\/#website","url":"https:\/\/uncommonegg.com\/dayco\/de\/","name":"Propulsion Solutions","description":"Move Forward. Always.\u2122","publisher":{"@id":"https:\/\/uncommonegg.com\/dayco\/de\/#organization"},"alternateName":"Propulsion Solutions","potentialAction":[{"@type":"SearchAction","target":{"@type":"EntryPoint","urlTemplate":"https:\/\/uncommonegg.com\/dayco\/de\/?s={search_term_string}"},"query-input":"required name=search_term_string"}],"inLanguage":"de"},{"@type":"Organization","@id":"https:\/\/uncommonegg.com\/dayco\/de\/#organization","name":"Dayco Corporate","alternateName":"Propulsion Solutions","url":"https:\/\/uncommonegg.com\/dayco\/de\/","logo":{"@type":"ImageObject","inLanguage":"de","@id":"https:\/\/uncommonegg.com\/dayco\/de\/#\/schema\/logo\/image\/","url":"http:\/\/uncommonegg.com\/dayco\/wp-content\/uploads\/2024\/01\/PS-Logo-SEO2.jpg","contentUrl":"http:\/\/uncommonegg.com\/dayco\/wp-content\/uploads\/2024\/01\/PS-Logo-SEO2.jpg","width":696,"height":696,"caption":"Dayco Corporate"},"image":{"@id":"https:\/\/uncommonegg.com\/dayco\/de\/#\/schema\/logo\/image\/"},"sameAs":["https:\/\/www.facebook.com\/DaycoOfficial\/","https:\/\/twitter.com\/DaycoOfficial","https:\/\/www.instagram.com\/daycoofficial\/","https:\/\/www.linkedin.com\/company\/daycoofficial\/","https:\/\/www.youtube.com\/DaycoOfficial","https:\/\/en.wikipedia.org\/wiki\/Dayco"]}]},"product_brand":"Schwere Nutzfahrzeuge OE","product_price_amount":"0.00","product_price_currency":"EUR","og_availability":"instock","product_availability":"instock","product_retailer_item_id":"PULHD","product_condition":"new"},"_links":{"self":[{"href":"https:\/\/uncommonegg.com\/dayco\/de\/wp-json\/wp\/v2\/product\/34693"}],"collection":[{"href":"https:\/\/uncommonegg.com\/dayco\/de\/wp-json\/wp\/v2\/product"}],"about":[{"href":"https:\/\/uncommonegg.com\/dayco\/de\/wp-json\/wp\/v2\/types\/product"}],"wp:featuredmedia":[{"embeddable":true,"href":"https:\/\/uncommonegg.com\/dayco\/de\/wp-json\/wp\/v2\/media\/36192"}],"wp:attachment":[{"href":"https:\/\/uncommonegg.com\/dayco\/de\/wp-json\/wp\/v2\/media?parent=34693"}],"wp:term":[{"taxonomy":"product_cat","embeddable":true,"href":"https:\/\/uncommonegg.com\/dayco\/de\/wp-json\/wp\/v2\/product_cat?post=34693"},{"taxonomy":"product_tag","embeddable":true,"href":"https:\/\/uncommonegg.com\/dayco\/de\/wp-json\/wp\/v2\/product_tag?post=34693"}],"curies":[{"name":"wp","href":"https:\/\/api.w.org\/{rel}","templated":true}]}}