{"id":34690,"date":"2018-05-19T12:45:18","date_gmt":"2018-05-19T10:45:18","guid":{"rendered":"http:\/\/uncommonegg.com\/dayco\/product\/entkuppler\/"},"modified":"2021-09-11T13:41:27","modified_gmt":"2021-09-11T11:41:27","slug":"entkuppler-hd","status":"publish","type":"product","link":"https:\/\/uncommonegg.com\/dayco\/de\/produkt\/entkuppler-hd\/","title":{"rendered":"Entkuppler Lastkraftwagen"},"content":{"rendered":"<p>Mit dem Schwerpunkt auf der Beseitigung von Motorvibrationen und Ger\u00e4uschreduzierung produziert Dayco Kurbelwellenentkuppler , die in die Konstruktion vieler neuer, leistungsstarker Motoren einflie\u00dfen. Unsere Fertigungsbandbreite umfasst eine vollst\u00e4ndige Palette spritzgegossener und vulkanisierter Elastomerverfahren sowie moderne und langlebige ged\u00e4mpfte Federisolatoren und Kupplungen. Unser j\u00fcngster innovativer Kurbelwellenentkuppler bietet mehrere Funktionen in einer einzigen Komponente und ist speziell auf die Anwendung abgestimmt. Das mit einem herk\u00f6mmlichen D\u00e4mpfer arbeitende D\u00e4mpfung-, Entkupplungs und Nachlaufsystem DDOS (Damping, Decoupling, Overrunning System) enth\u00e4lt auch einen Federisolator f\u00fcr den Zusatzantrieb, der eine reibungslose Kraft\u00fcbertragung gew\u00e4hrleistet und sich f\u00fcr den Einsatz in Start-Stopp-Antrieben mit Riemen eignet Eine Freilaufkupplung im Entkuppler erlaubt auch einen begrenzten Kupplungsschlupf w\u00e4hrend harscher Torsions\u00fcberg\u00e4nge wie Abbremsen oder Fehlz\u00fcndungen.<\/p>\n<p>Alle diese Funktionen arbeiten in einer einzigen Komponente zur Maximierung der Systemstabilit\u00e4t, Beseitigung unerw\u00fcnschter Ger\u00e4usche, Minimierung von Riemenspannungsschwankungen, Verbesserung der System- und Komponentenlebensdauer und Optimierung des Kraftstoffverbrauchs zusammen.<\/p>\n","protected":false},"excerpt":{"rendered":"<p>Mit dem Schwerpunkt auf der Beseitigung von Motorvibrationen und Ger\u00e4uschreduzierung produziert Dayco Kurbelwellenentkuppler , die in die Konstruktion vieler neuer, leistungsstarker Motoren einflie\u00dfen. Unsere Fertigungsbandbreite umfasst eine vollst\u00e4ndige Palette spritzgegossener und vulkanisierter Elastomerverfahren sowie moderne und langlebige ged\u00e4mpfte Federisolatoren und Kupplungen. Unser j\u00fcngster innovativer Kurbelwellenentkuppler bietet mehrere Funktionen in einer einzigen Komponente und ist speziell auf die Anwendung abgestimmt. Das mit einem herk\u00f6mmlichen D\u00e4mpfer arbeitende&#8230;<\/p>\n","protected":false},"featured_media":87943,"template":"","meta":[],"product_cat":[351],"product_tag":[],"yoast_head":"<!-- This site is optimized with the Yoast SEO plugin v22.4 - https:\/\/yoast.com\/wordpress\/plugins\/seo\/ -->\n<title>Entkuppler Lastkraftwagen | Propulsion Solutions<\/title>\n<meta name=\"robots\" content=\"noindex, follow, max-snippet:-1, max-image-preview:large, max-video-preview:-1\" \/>\n<meta property=\"og:locale\" content=\"de_DE\" \/>\n<meta property=\"og:type\" content=\"article\" \/>\n<meta property=\"og:title\" content=\"Entkuppler Lastkraftwagen | Propulsion Solutions\" \/>\n<meta property=\"og:description\" content=\"Mit dem Schwerpunkt auf der Beseitigung von Motorvibrationen und Ger\u00e4uschreduzierung produziert Dayco Kurbelwellenentkuppler , die in die Konstruktion vieler neuer, leistungsstarker Motoren einflie\u00dfen. Unsere Fertigungsbandbreite umfasst eine vollst\u00e4ndige Palette spritzgegossener und vulkanisierter Elastomerverfahren sowie moderne und langlebige ged\u00e4mpfte Federisolatoren und Kupplungen. Unser j\u00fcngster innovativer Kurbelwellenentkuppler bietet mehrere Funktionen in einer einzigen Komponente und ist speziell auf die Anwendung abgestimmt. Das mit einem herk\u00f6mmlichen D\u00e4mpfer arbeitende...\" \/>\n<meta property=\"og:url\" content=\"https:\/\/uncommonegg.com\/dayco\/de\/produkt\/entkuppler-hd\/\" \/>\n<meta property=\"og:site_name\" content=\"Propulsion Solutions\" \/>\n<meta property=\"article:publisher\" content=\"https:\/\/www.facebook.com\/DaycoOfficial\/\" \/>\n<meta property=\"article:modified_time\" content=\"2021-09-11T11:41:27+00:00\" \/>\n<meta property=\"og:image\" content=\"https:\/\/uncommonegg.com\/dayco\/wp-content\/uploads\/Decouplers-HD-2.jpg\" \/>\n\t<meta property=\"og:image:width\" content=\"609\" \/>\n\t<meta property=\"og:image:height\" content=\"356\" \/>\n\t<meta property=\"og:image:type\" content=\"image\/jpeg\" \/>\n<meta name=\"twitter:card\" content=\"summary_large_image\" \/>\n<meta name=\"twitter:site\" content=\"@DaycoOfficial\" \/>\n<meta name=\"twitter:label1\" content=\"Preis\" \/>\n\t<meta name=\"twitter:data1\" content=\"\" \/>\n\t<meta name=\"twitter:label2\" content=\"Verf\u00fcgbarkeit\" \/>\n\t<meta name=\"twitter:data2\" content=\"Auf Lager\" \/>\n<script type=\"application\/ld+json\" class=\"yoast-schema-graph\">{\"@context\":\"https:\/\/schema.org\",\"@graph\":[{\"@type\":[\"WebPage\",\"ItemPage\"],\"@id\":\"https:\/\/uncommonegg.com\/dayco\/de\/produkt\/entkuppler-hd\/\",\"url\":\"https:\/\/uncommonegg.com\/dayco\/de\/produkt\/entkuppler-hd\/\",\"name\":\"Entkuppler Lastkraftwagen | Propulsion Solutions\",\"isPartOf\":{\"@id\":\"https:\/\/uncommonegg.com\/dayco\/de\/#website\"},\"primaryImageOfPage\":{\"@id\":\"https:\/\/uncommonegg.com\/dayco\/de\/produkt\/entkuppler-hd\/#primaryimage\"},\"image\":{\"@id\":\"https:\/\/uncommonegg.com\/dayco\/de\/produkt\/entkuppler-hd\/#primaryimage\"},\"thumbnailUrl\":\"https:\/\/uncommonegg.com\/dayco\/wp-content\/uploads\/Decouplers-HD-2.jpg\",\"datePublished\":\"2018-05-19T10:45:18+00:00\",\"dateModified\":\"2021-09-11T11:41:27+00:00\",\"breadcrumb\":{\"@id\":\"https:\/\/uncommonegg.com\/dayco\/de\/produkt\/entkuppler-hd\/#breadcrumb\"},\"inLanguage\":\"de\",\"potentialAction\":[{\"@type\":\"ReadAction\",\"target\":[\"https:\/\/uncommonegg.com\/dayco\/de\/produkt\/entkuppler-hd\/\"]}]},{\"@type\":\"ImageObject\",\"inLanguage\":\"de\",\"@id\":\"https:\/\/uncommonegg.com\/dayco\/de\/produkt\/entkuppler-hd\/#primaryimage\",\"url\":\"https:\/\/uncommonegg.com\/dayco\/wp-content\/uploads\/Decouplers-HD-2.jpg\",\"contentUrl\":\"https:\/\/uncommonegg.com\/dayco\/wp-content\/uploads\/Decouplers-HD-2.jpg\",\"width\":609,\"height\":356},{\"@type\":\"BreadcrumbList\",\"@id\":\"https:\/\/uncommonegg.com\/dayco\/de\/produkt\/entkuppler-hd\/#breadcrumb\",\"itemListElement\":[{\"@type\":\"ListItem\",\"position\":1,\"name\":\"Startseite\",\"item\":\"https:\/\/uncommonegg.com\/dayco\/de\/home\/\"},{\"@type\":\"ListItem\",\"position\":2,\"name\":\"Produkte\",\"item\":\"https:\/\/uncommonegg.com\/dayco\/de\/produkte\/\"},{\"@type\":\"ListItem\",\"position\":3,\"name\":\"Entkuppler Lastkraftwagen\"}]},{\"@type\":\"WebSite\",\"@id\":\"https:\/\/uncommonegg.com\/dayco\/de\/#website\",\"url\":\"https:\/\/uncommonegg.com\/dayco\/de\/\",\"name\":\"Propulsion Solutions\",\"description\":\"Move Forward. Always.\u2122\",\"publisher\":{\"@id\":\"https:\/\/uncommonegg.com\/dayco\/de\/#organization\"},\"alternateName\":\"Propulsion Solutions\",\"potentialAction\":[{\"@type\":\"SearchAction\",\"target\":{\"@type\":\"EntryPoint\",\"urlTemplate\":\"https:\/\/uncommonegg.com\/dayco\/de\/?s={search_term_string}\"},\"query-input\":\"required name=search_term_string\"}],\"inLanguage\":\"de\"},{\"@type\":\"Organization\",\"@id\":\"https:\/\/uncommonegg.com\/dayco\/de\/#organization\",\"name\":\"Dayco Corporate\",\"alternateName\":\"Propulsion Solutions\",\"url\":\"https:\/\/uncommonegg.com\/dayco\/de\/\",\"logo\":{\"@type\":\"ImageObject\",\"inLanguage\":\"de\",\"@id\":\"https:\/\/uncommonegg.com\/dayco\/de\/#\/schema\/logo\/image\/\",\"url\":\"http:\/\/uncommonegg.com\/dayco\/wp-content\/uploads\/2024\/01\/PS-Logo-SEO2.jpg\",\"contentUrl\":\"http:\/\/uncommonegg.com\/dayco\/wp-content\/uploads\/2024\/01\/PS-Logo-SEO2.jpg\",\"width\":696,\"height\":696,\"caption\":\"Dayco Corporate\"},\"image\":{\"@id\":\"https:\/\/uncommonegg.com\/dayco\/de\/#\/schema\/logo\/image\/\"},\"sameAs\":[\"https:\/\/www.facebook.com\/DaycoOfficial\/\",\"https:\/\/twitter.com\/DaycoOfficial\",\"https:\/\/www.instagram.com\/daycoofficial\/\",\"https:\/\/www.linkedin.com\/company\/daycoofficial\/\",\"https:\/\/www.youtube.com\/DaycoOfficial\",\"https:\/\/en.wikipedia.org\/wiki\/Dayco\"]}]}<\/script>\n<meta property=\"product:brand\" content=\"Schwere Nutzfahrzeuge OE\" \/>\n<meta property=\"product:price:amount\" content=\"0.00\" \/>\n<meta property=\"product:price:currency\" content=\"EUR\" \/>\n<meta property=\"og:availability\" content=\"instock\" \/>\n<meta property=\"product:availability\" content=\"instock\" \/>\n<meta property=\"product:retailer_item_id\" content=\"DECHD\" \/>\n<meta property=\"product:condition\" content=\"new\" \/>\n<!-- \/ Yoast SEO plugin. -->","yoast_head_json":{"title":"Entkuppler Lastkraftwagen | Propulsion Solutions","robots":{"index":"noindex","follow":"follow","max-snippet":"max-snippet:-1","max-image-preview":"max-image-preview:large","max-video-preview":"max-video-preview:-1"},"og_locale":"de_DE","og_type":"article","og_title":"Entkuppler Lastkraftwagen | Propulsion Solutions","og_description":"Mit dem Schwerpunkt auf der Beseitigung von Motorvibrationen und Ger\u00e4uschreduzierung produziert Dayco Kurbelwellenentkuppler , die in die Konstruktion vieler neuer, leistungsstarker Motoren einflie\u00dfen. Unsere Fertigungsbandbreite umfasst eine vollst\u00e4ndige Palette spritzgegossener und vulkanisierter Elastomerverfahren sowie moderne und langlebige ged\u00e4mpfte Federisolatoren und Kupplungen. Unser j\u00fcngster innovativer Kurbelwellenentkuppler bietet mehrere Funktionen in einer einzigen Komponente und ist speziell auf die Anwendung abgestimmt. Das mit einem herk\u00f6mmlichen D\u00e4mpfer arbeitende...","og_url":"https:\/\/uncommonegg.com\/dayco\/de\/produkt\/entkuppler-hd\/","og_site_name":"Propulsion Solutions","article_publisher":"https:\/\/www.facebook.com\/DaycoOfficial\/","article_modified_time":"2021-09-11T11:41:27+00:00","og_image":[{"width":609,"height":356,"url":"https:\/\/uncommonegg.com\/dayco\/wp-content\/uploads\/Decouplers-HD-2.jpg","type":"image\/jpeg"}],"twitter_card":"summary_large_image","twitter_site":"@DaycoOfficial","twitter_misc":{"Preis":"","Verf\u00fcgbarkeit":"Auf Lager"},"schema":{"@context":"https:\/\/schema.org","@graph":[{"@type":["WebPage","ItemPage"],"@id":"https:\/\/uncommonegg.com\/dayco\/de\/produkt\/entkuppler-hd\/","url":"https:\/\/uncommonegg.com\/dayco\/de\/produkt\/entkuppler-hd\/","name":"Entkuppler Lastkraftwagen | Propulsion Solutions","isPartOf":{"@id":"https:\/\/uncommonegg.com\/dayco\/de\/#website"},"primaryImageOfPage":{"@id":"https:\/\/uncommonegg.com\/dayco\/de\/produkt\/entkuppler-hd\/#primaryimage"},"image":{"@id":"https:\/\/uncommonegg.com\/dayco\/de\/produkt\/entkuppler-hd\/#primaryimage"},"thumbnailUrl":"https:\/\/uncommonegg.com\/dayco\/wp-content\/uploads\/Decouplers-HD-2.jpg","datePublished":"2018-05-19T10:45:18+00:00","dateModified":"2021-09-11T11:41:27+00:00","breadcrumb":{"@id":"https:\/\/uncommonegg.com\/dayco\/de\/produkt\/entkuppler-hd\/#breadcrumb"},"inLanguage":"de","potentialAction":[{"@type":"ReadAction","target":["https:\/\/uncommonegg.com\/dayco\/de\/produkt\/entkuppler-hd\/"]}]},{"@type":"ImageObject","inLanguage":"de","@id":"https:\/\/uncommonegg.com\/dayco\/de\/produkt\/entkuppler-hd\/#primaryimage","url":"https:\/\/uncommonegg.com\/dayco\/wp-content\/uploads\/Decouplers-HD-2.jpg","contentUrl":"https:\/\/uncommonegg.com\/dayco\/wp-content\/uploads\/Decouplers-HD-2.jpg","width":609,"height":356},{"@type":"BreadcrumbList","@id":"https:\/\/uncommonegg.com\/dayco\/de\/produkt\/entkuppler-hd\/#breadcrumb","itemListElement":[{"@type":"ListItem","position":1,"name":"Startseite","item":"https:\/\/uncommonegg.com\/dayco\/de\/home\/"},{"@type":"ListItem","position":2,"name":"Produkte","item":"https:\/\/uncommonegg.com\/dayco\/de\/produkte\/"},{"@type":"ListItem","position":3,"name":"Entkuppler Lastkraftwagen"}]},{"@type":"WebSite","@id":"https:\/\/uncommonegg.com\/dayco\/de\/#website","url":"https:\/\/uncommonegg.com\/dayco\/de\/","name":"Propulsion Solutions","description":"Move Forward. Always.\u2122","publisher":{"@id":"https:\/\/uncommonegg.com\/dayco\/de\/#organization"},"alternateName":"Propulsion Solutions","potentialAction":[{"@type":"SearchAction","target":{"@type":"EntryPoint","urlTemplate":"https:\/\/uncommonegg.com\/dayco\/de\/?s={search_term_string}"},"query-input":"required name=search_term_string"}],"inLanguage":"de"},{"@type":"Organization","@id":"https:\/\/uncommonegg.com\/dayco\/de\/#organization","name":"Dayco Corporate","alternateName":"Propulsion Solutions","url":"https:\/\/uncommonegg.com\/dayco\/de\/","logo":{"@type":"ImageObject","inLanguage":"de","@id":"https:\/\/uncommonegg.com\/dayco\/de\/#\/schema\/logo\/image\/","url":"http:\/\/uncommonegg.com\/dayco\/wp-content\/uploads\/2024\/01\/PS-Logo-SEO2.jpg","contentUrl":"http:\/\/uncommonegg.com\/dayco\/wp-content\/uploads\/2024\/01\/PS-Logo-SEO2.jpg","width":696,"height":696,"caption":"Dayco Corporate"},"image":{"@id":"https:\/\/uncommonegg.com\/dayco\/de\/#\/schema\/logo\/image\/"},"sameAs":["https:\/\/www.facebook.com\/DaycoOfficial\/","https:\/\/twitter.com\/DaycoOfficial","https:\/\/www.instagram.com\/daycoofficial\/","https:\/\/www.linkedin.com\/company\/daycoofficial\/","https:\/\/www.youtube.com\/DaycoOfficial","https:\/\/en.wikipedia.org\/wiki\/Dayco"]}]},"product_brand":"Schwere Nutzfahrzeuge OE","product_price_amount":"0.00","product_price_currency":"EUR","og_availability":"instock","product_availability":"instock","product_retailer_item_id":"DECHD","product_condition":"new"},"_links":{"self":[{"href":"https:\/\/uncommonegg.com\/dayco\/de\/wp-json\/wp\/v2\/product\/34690"}],"collection":[{"href":"https:\/\/uncommonegg.com\/dayco\/de\/wp-json\/wp\/v2\/product"}],"about":[{"href":"https:\/\/uncommonegg.com\/dayco\/de\/wp-json\/wp\/v2\/types\/product"}],"wp:featuredmedia":[{"embeddable":true,"href":"https:\/\/uncommonegg.com\/dayco\/de\/wp-json\/wp\/v2\/media\/87943"}],"wp:attachment":[{"href":"https:\/\/uncommonegg.com\/dayco\/de\/wp-json\/wp\/v2\/media?parent=34690"}],"wp:term":[{"taxonomy":"product_cat","embeddable":true,"href":"https:\/\/uncommonegg.com\/dayco\/de\/wp-json\/wp\/v2\/product_cat?post=34690"},{"taxonomy":"product_tag","embeddable":true,"href":"https:\/\/uncommonegg.com\/dayco\/de\/wp-json\/wp\/v2\/product_tag?post=34690"}],"curies":[{"name":"wp","href":"https:\/\/api.w.org\/{rel}","templated":true}]}}