{"id":129066,"date":"2023-05-08T18:13:06","date_gmt":"2023-05-08T16:13:06","guid":{"rendered":"http:\/\/uncommonegg.com\/dayco\/product\/alternator-decoupler-pulley-adp\/"},"modified":"2023-05-09T09:39:04","modified_gmt":"2023-05-09T07:39:04","slug":"alternator-decoupler-pulley-adp","status":"publish","type":"product","link":"https:\/\/uncommonegg.com\/dayco\/de\/produkt\/alternator-decoupler-pulley-adp\/","title":{"rendered":"Generator-Entkoppler-Riemenscheibe (ADP)"},"content":{"rendered":"<p><strong>Anwendungen: <\/strong>Pkw, Premium- und Performance-Pkw und leichte Nutzfahrzeuge (Hybrid- und ICE-Fahrzeuge)<\/p>\n<p>Dayco erweitert sein Produktangebot um hochwertige Generator-Entkoppler-Riemenscheiben (ADP) f\u00fcr die weltweit f\u00fchrenden Generatoren- und Automobilhersteller. Die robust konstruierte ADP von Dayco erf\u00fcllt strenge Kundenanforderungen und setzt den Branchenma\u00dfstab f\u00fcr Haltbarkeit, NVH (Noise, Vibration, and Harshness) und Kraftstoffverbrauch. Mit mehr als 115 Jahren erfolgreicher Bereitstellung von Innovationen f\u00fcr die Automobil-, Schwerlast- und Industriem\u00e4rkte bringt Dayco jetzt hochmoderne Technologie bei Generator-Entkoppler-Riemenscheiben-f\u00fcr leichte Nutzfahrzeuge.<\/p>\n<p><strong>Merkmale\/Vorteile:<\/strong><\/p>\n<ul>\n<li>Bew\u00e4hrte und getestete Technologie, die alle Branchen-Benchmarks \u00fcbertrifft<\/li>\n<li>Entwickelt, um die dynamische Riemenspannung und -belastung zu verringern<\/li>\n<li>Optimale Vibrationsisolierung, langlebig und verbesserte Ger\u00e4usch-, Vibrations- und H\u00e4rtefestigkeit (NVH)<\/li>\n<li>Verbesserung des dynamischen Verhaltens bei Motorstart und -stopp<\/li>\n<li>Erh\u00f6hte Lebensdauer der Zusatzantriebskomponenten und dadurch bessere Systembetriebszeit und -effizienz<\/li>\n<\/ul>\n<p><strong>Zus\u00e4tzlicher Nutzen f\u00fcr die Kunden:<\/strong><\/p>\n<ul>\n<li>Globale F&amp;E- und Testkapazit\u00e4ten von Weltrang mit lokaler Produktionspr\u00e4senz<\/li>\n<li>Wettbewerbsf\u00e4hige, marktf\u00fchrende Technologie mit umfassendem Know-how und Support f\u00fcr Riemenantriebssysteme (FEAD).<\/li>\n<li>Wir beliefern f\u00fchrende Lichtmaschinen- und Automobilhersteller in aller Welt<\/li>\n<li>Geringere Gesamtbetriebskosten<\/li>\n<\/ul>\n","protected":false},"excerpt":{"rendered":"<p>Anwendungen: Pkw, Premium- und Performance-Pkw und leichte Nutzfahrzeuge (Hybrid- und ICE-Fahrzeuge) Dayco erweitert sein Produktangebot um hochwertige Generator-Entkoppler-Riemenscheiben (ADP) f\u00fcr die weltweit f\u00fchrenden Generatoren- und Automobilhersteller. Die robust konstruierte ADP von Dayco erf\u00fcllt strenge Kundenanforderungen und setzt den Branchenma\u00dfstab f\u00fcr Haltbarkeit, NVH (Noise, Vibration, and Harshness) und Kraftstoffverbrauch. Mit mehr als 115 Jahren erfolgreicher Bereitstellung von Innovationen f\u00fcr die Automobil-, Schwerlast- und Industriem\u00e4rkte bringt Dayco&#8230;<\/p>\n","protected":false},"featured_media":128971,"template":"","meta":[],"product_cat":[349],"product_tag":[],"yoast_head":"<!-- This site is optimized with the Yoast SEO plugin v22.4 - https:\/\/yoast.com\/wordpress\/plugins\/seo\/ -->\n<title>Generator-Entkoppler-Riemenscheibe (ADP) | Propulsion Solutions<\/title>\n<meta name=\"description\" content=\"Dayco expands its product offerings with premium alternator decoupler pulleys (ADP) to serve the world\u2019s leading alternator and car manufacturers.\" \/>\n<meta name=\"robots\" content=\"noindex, follow, max-snippet:-1, max-image-preview:large, max-video-preview:-1\" \/>\n<meta property=\"og:locale\" content=\"de_DE\" \/>\n<meta property=\"og:type\" content=\"article\" \/>\n<meta property=\"og:title\" content=\"Generator-Entkoppler-Riemenscheibe (ADP) | Propulsion Solutions\" \/>\n<meta property=\"og:description\" content=\"Dayco expands its product offerings with premium alternator decoupler pulleys (ADP) to serve the world\u2019s leading alternator and car manufacturers.\" \/>\n<meta property=\"og:url\" content=\"https:\/\/uncommonegg.com\/dayco\/de\/produkt\/alternator-decoupler-pulley-adp\/\" \/>\n<meta property=\"og:site_name\" content=\"Propulsion Solutions\" \/>\n<meta property=\"article:publisher\" content=\"https:\/\/www.facebook.com\/DaycoOfficial\/\" \/>\n<meta property=\"article:modified_time\" content=\"2023-05-09T07:39:04+00:00\" \/>\n<meta property=\"og:image\" content=\"https:\/\/uncommonegg.com\/dayco\/wp-content\/uploads\/2023\/05\/ADP-1.jpg\" \/>\n\t<meta property=\"og:image:width\" content=\"609\" \/>\n\t<meta property=\"og:image:height\" content=\"356\" \/>\n\t<meta property=\"og:image:type\" content=\"image\/jpeg\" \/>\n<meta name=\"twitter:card\" content=\"summary_large_image\" \/>\n<meta name=\"twitter:site\" content=\"@DaycoOfficial\" \/>\n<meta name=\"twitter:label1\" content=\"Preis\" \/>\n\t<meta name=\"twitter:data1\" content=\"\" \/>\n\t<meta name=\"twitter:label2\" content=\"Verf\u00fcgbarkeit\" \/>\n\t<meta name=\"twitter:data2\" content=\"Auf Lager\" \/>\n<script type=\"application\/ld+json\" class=\"yoast-schema-graph\">{\"@context\":\"https:\/\/schema.org\",\"@graph\":[{\"@type\":[\"WebPage\",\"ItemPage\"],\"@id\":\"https:\/\/uncommonegg.com\/dayco\/de\/produkt\/alternator-decoupler-pulley-adp\/\",\"url\":\"https:\/\/uncommonegg.com\/dayco\/de\/produkt\/alternator-decoupler-pulley-adp\/\",\"name\":\"Generator-Entkoppler-Riemenscheibe (ADP) | Propulsion Solutions\",\"isPartOf\":{\"@id\":\"https:\/\/uncommonegg.com\/dayco\/de\/#website\"},\"primaryImageOfPage\":{\"@id\":\"https:\/\/uncommonegg.com\/dayco\/de\/produkt\/alternator-decoupler-pulley-adp\/#primaryimage\"},\"image\":{\"@id\":\"https:\/\/uncommonegg.com\/dayco\/de\/produkt\/alternator-decoupler-pulley-adp\/#primaryimage\"},\"thumbnailUrl\":\"https:\/\/uncommonegg.com\/dayco\/wp-content\/uploads\/2023\/05\/ADP-1.jpg\",\"datePublished\":\"2023-05-08T16:13:06+00:00\",\"dateModified\":\"2023-05-09T07:39:04+00:00\",\"description\":\"Dayco expands its product offerings with premium alternator decoupler pulleys (ADP) to serve the world\u2019s leading alternator and car manufacturers.\",\"breadcrumb\":{\"@id\":\"https:\/\/uncommonegg.com\/dayco\/de\/produkt\/alternator-decoupler-pulley-adp\/#breadcrumb\"},\"inLanguage\":\"de\",\"potentialAction\":[{\"@type\":\"ReadAction\",\"target\":[\"https:\/\/uncommonegg.com\/dayco\/de\/produkt\/alternator-decoupler-pulley-adp\/\"]}]},{\"@type\":\"ImageObject\",\"inLanguage\":\"de\",\"@id\":\"https:\/\/uncommonegg.com\/dayco\/de\/produkt\/alternator-decoupler-pulley-adp\/#primaryimage\",\"url\":\"https:\/\/uncommonegg.com\/dayco\/wp-content\/uploads\/2023\/05\/ADP-1.jpg\",\"contentUrl\":\"https:\/\/uncommonegg.com\/dayco\/wp-content\/uploads\/2023\/05\/ADP-1.jpg\",\"width\":609,\"height\":356},{\"@type\":\"BreadcrumbList\",\"@id\":\"https:\/\/uncommonegg.com\/dayco\/de\/produkt\/alternator-decoupler-pulley-adp\/#breadcrumb\",\"itemListElement\":[{\"@type\":\"ListItem\",\"position\":1,\"name\":\"Startseite\",\"item\":\"https:\/\/uncommonegg.com\/dayco\/de\/home\/\"},{\"@type\":\"ListItem\",\"position\":2,\"name\":\"Produkte\",\"item\":\"https:\/\/uncommonegg.com\/dayco\/de\/produkte\/\"},{\"@type\":\"ListItem\",\"position\":3,\"name\":\"Generator-Entkoppler-Riemenscheibe (ADP)\"}]},{\"@type\":\"WebSite\",\"@id\":\"https:\/\/uncommonegg.com\/dayco\/de\/#website\",\"url\":\"https:\/\/uncommonegg.com\/dayco\/de\/\",\"name\":\"Propulsion Solutions\",\"description\":\"Move Forward. Always.\u2122\",\"publisher\":{\"@id\":\"https:\/\/uncommonegg.com\/dayco\/de\/#organization\"},\"alternateName\":\"Propulsion Solutions\",\"potentialAction\":[{\"@type\":\"SearchAction\",\"target\":{\"@type\":\"EntryPoint\",\"urlTemplate\":\"https:\/\/uncommonegg.com\/dayco\/de\/?s={search_term_string}\"},\"query-input\":\"required name=search_term_string\"}],\"inLanguage\":\"de\"},{\"@type\":\"Organization\",\"@id\":\"https:\/\/uncommonegg.com\/dayco\/de\/#organization\",\"name\":\"Dayco Corporate\",\"alternateName\":\"Propulsion Solutions\",\"url\":\"https:\/\/uncommonegg.com\/dayco\/de\/\",\"logo\":{\"@type\":\"ImageObject\",\"inLanguage\":\"de\",\"@id\":\"https:\/\/uncommonegg.com\/dayco\/de\/#\/schema\/logo\/image\/\",\"url\":\"http:\/\/uncommonegg.com\/dayco\/wp-content\/uploads\/2024\/01\/PS-Logo-SEO2.jpg\",\"contentUrl\":\"http:\/\/uncommonegg.com\/dayco\/wp-content\/uploads\/2024\/01\/PS-Logo-SEO2.jpg\",\"width\":696,\"height\":696,\"caption\":\"Dayco Corporate\"},\"image\":{\"@id\":\"https:\/\/uncommonegg.com\/dayco\/de\/#\/schema\/logo\/image\/\"},\"sameAs\":[\"https:\/\/www.facebook.com\/DaycoOfficial\/\",\"https:\/\/twitter.com\/DaycoOfficial\",\"https:\/\/www.instagram.com\/daycoofficial\/\",\"https:\/\/www.linkedin.com\/company\/daycoofficial\/\",\"https:\/\/www.youtube.com\/DaycoOfficial\",\"https:\/\/en.wikipedia.org\/wiki\/Dayco\"]}]}<\/script>\n<meta property=\"product:brand\" content=\"Personenkraftwagen OE\" \/>\n<meta property=\"product:price:amount\" content=\"0.00\" \/>\n<meta property=\"product:price:currency\" content=\"EUR\" \/>\n<meta property=\"og:availability\" content=\"instock\" \/>\n<meta property=\"product:availability\" content=\"instock\" \/>\n<meta property=\"product:retailer_item_id\" content=\"ADP\" \/>\n<meta property=\"product:condition\" content=\"new\" \/>\n<!-- \/ Yoast SEO plugin. -->","yoast_head_json":{"title":"Generator-Entkoppler-Riemenscheibe (ADP) | Propulsion Solutions","description":"Dayco expands its product offerings with premium alternator decoupler pulleys (ADP) to serve the world\u2019s leading alternator and car manufacturers.","robots":{"index":"noindex","follow":"follow","max-snippet":"max-snippet:-1","max-image-preview":"max-image-preview:large","max-video-preview":"max-video-preview:-1"},"og_locale":"de_DE","og_type":"article","og_title":"Generator-Entkoppler-Riemenscheibe (ADP) | Propulsion Solutions","og_description":"Dayco expands its product offerings with premium alternator decoupler pulleys (ADP) to serve the world\u2019s leading alternator and car manufacturers.","og_url":"https:\/\/uncommonegg.com\/dayco\/de\/produkt\/alternator-decoupler-pulley-adp\/","og_site_name":"Propulsion Solutions","article_publisher":"https:\/\/www.facebook.com\/DaycoOfficial\/","article_modified_time":"2023-05-09T07:39:04+00:00","og_image":[{"width":609,"height":356,"url":"https:\/\/uncommonegg.com\/dayco\/wp-content\/uploads\/2023\/05\/ADP-1.jpg","type":"image\/jpeg"}],"twitter_card":"summary_large_image","twitter_site":"@DaycoOfficial","twitter_misc":{"Preis":"","Verf\u00fcgbarkeit":"Auf Lager"},"schema":{"@context":"https:\/\/schema.org","@graph":[{"@type":["WebPage","ItemPage"],"@id":"https:\/\/uncommonegg.com\/dayco\/de\/produkt\/alternator-decoupler-pulley-adp\/","url":"https:\/\/uncommonegg.com\/dayco\/de\/produkt\/alternator-decoupler-pulley-adp\/","name":"Generator-Entkoppler-Riemenscheibe (ADP) | Propulsion Solutions","isPartOf":{"@id":"https:\/\/uncommonegg.com\/dayco\/de\/#website"},"primaryImageOfPage":{"@id":"https:\/\/uncommonegg.com\/dayco\/de\/produkt\/alternator-decoupler-pulley-adp\/#primaryimage"},"image":{"@id":"https:\/\/uncommonegg.com\/dayco\/de\/produkt\/alternator-decoupler-pulley-adp\/#primaryimage"},"thumbnailUrl":"https:\/\/uncommonegg.com\/dayco\/wp-content\/uploads\/2023\/05\/ADP-1.jpg","datePublished":"2023-05-08T16:13:06+00:00","dateModified":"2023-05-09T07:39:04+00:00","description":"Dayco expands its product offerings with premium alternator decoupler pulleys (ADP) to serve the world\u2019s leading alternator and car manufacturers.","breadcrumb":{"@id":"https:\/\/uncommonegg.com\/dayco\/de\/produkt\/alternator-decoupler-pulley-adp\/#breadcrumb"},"inLanguage":"de","potentialAction":[{"@type":"ReadAction","target":["https:\/\/uncommonegg.com\/dayco\/de\/produkt\/alternator-decoupler-pulley-adp\/"]}]},{"@type":"ImageObject","inLanguage":"de","@id":"https:\/\/uncommonegg.com\/dayco\/de\/produkt\/alternator-decoupler-pulley-adp\/#primaryimage","url":"https:\/\/uncommonegg.com\/dayco\/wp-content\/uploads\/2023\/05\/ADP-1.jpg","contentUrl":"https:\/\/uncommonegg.com\/dayco\/wp-content\/uploads\/2023\/05\/ADP-1.jpg","width":609,"height":356},{"@type":"BreadcrumbList","@id":"https:\/\/uncommonegg.com\/dayco\/de\/produkt\/alternator-decoupler-pulley-adp\/#breadcrumb","itemListElement":[{"@type":"ListItem","position":1,"name":"Startseite","item":"https:\/\/uncommonegg.com\/dayco\/de\/home\/"},{"@type":"ListItem","position":2,"name":"Produkte","item":"https:\/\/uncommonegg.com\/dayco\/de\/produkte\/"},{"@type":"ListItem","position":3,"name":"Generator-Entkoppler-Riemenscheibe (ADP)"}]},{"@type":"WebSite","@id":"https:\/\/uncommonegg.com\/dayco\/de\/#website","url":"https:\/\/uncommonegg.com\/dayco\/de\/","name":"Propulsion Solutions","description":"Move Forward. Always.\u2122","publisher":{"@id":"https:\/\/uncommonegg.com\/dayco\/de\/#organization"},"alternateName":"Propulsion Solutions","potentialAction":[{"@type":"SearchAction","target":{"@type":"EntryPoint","urlTemplate":"https:\/\/uncommonegg.com\/dayco\/de\/?s={search_term_string}"},"query-input":"required name=search_term_string"}],"inLanguage":"de"},{"@type":"Organization","@id":"https:\/\/uncommonegg.com\/dayco\/de\/#organization","name":"Dayco Corporate","alternateName":"Propulsion Solutions","url":"https:\/\/uncommonegg.com\/dayco\/de\/","logo":{"@type":"ImageObject","inLanguage":"de","@id":"https:\/\/uncommonegg.com\/dayco\/de\/#\/schema\/logo\/image\/","url":"http:\/\/uncommonegg.com\/dayco\/wp-content\/uploads\/2024\/01\/PS-Logo-SEO2.jpg","contentUrl":"http:\/\/uncommonegg.com\/dayco\/wp-content\/uploads\/2024\/01\/PS-Logo-SEO2.jpg","width":696,"height":696,"caption":"Dayco Corporate"},"image":{"@id":"https:\/\/uncommonegg.com\/dayco\/de\/#\/schema\/logo\/image\/"},"sameAs":["https:\/\/www.facebook.com\/DaycoOfficial\/","https:\/\/twitter.com\/DaycoOfficial","https:\/\/www.instagram.com\/daycoofficial\/","https:\/\/www.linkedin.com\/company\/daycoofficial\/","https:\/\/www.youtube.com\/DaycoOfficial","https:\/\/en.wikipedia.org\/wiki\/Dayco"]}]},"product_brand":"Personenkraftwagen OE","product_price_amount":"0.00","product_price_currency":"EUR","og_availability":"instock","product_availability":"instock","product_retailer_item_id":"ADP","product_condition":"new"},"_links":{"self":[{"href":"https:\/\/uncommonegg.com\/dayco\/de\/wp-json\/wp\/v2\/product\/129066"}],"collection":[{"href":"https:\/\/uncommonegg.com\/dayco\/de\/wp-json\/wp\/v2\/product"}],"about":[{"href":"https:\/\/uncommonegg.com\/dayco\/de\/wp-json\/wp\/v2\/types\/product"}],"wp:featuredmedia":[{"embeddable":true,"href":"https:\/\/uncommonegg.com\/dayco\/de\/wp-json\/wp\/v2\/media\/128971"}],"wp:attachment":[{"href":"https:\/\/uncommonegg.com\/dayco\/de\/wp-json\/wp\/v2\/media?parent=129066"}],"wp:term":[{"taxonomy":"product_cat","embeddable":true,"href":"https:\/\/uncommonegg.com\/dayco\/de\/wp-json\/wp\/v2\/product_cat?post=129066"},{"taxonomy":"product_tag","embeddable":true,"href":"https:\/\/uncommonegg.com\/dayco\/de\/wp-json\/wp\/v2\/product_tag?post=129066"}],"curies":[{"name":"wp","href":"https:\/\/api.w.org\/{rel}","templated":true}]}}