{"id":114998,"date":"2022-03-17T09:34:44","date_gmt":"2022-03-17T08:34:44","guid":{"rendered":"http:\/\/uncommonegg.com\/dayco\/product\/dayco-hybrid-module-p2\/"},"modified":"2022-03-25T12:43:49","modified_gmt":"2022-03-25T11:43:49","slug":"dayco-hybrid-module-p2","status":"publish","type":"product","link":"https:\/\/uncommonegg.com\/dayco\/de\/produkt\/dayco-hybrid-module-p2\/","title":{"rendered":"Dayco Hybrid Modul &#8211; P2"},"content":{"rendered":"<p><strong>Anwendungen: <\/strong>Personenkraftwagen, Hochleistungs- und Premiumfahrzeuge, leichte Nutzfahrzeuge, mittlere und schwere Nutzfahrzeuge, Bau- und Landwirtschaftsmaschinen<\/p>\n<p><img loading=\"lazy\" decoding=\"async\" class=\"size-full wp-image-114433 alignright\" src=\"http:\/\/uncommonegg.com\/dayco\/wp-content\/uploads\/2022\/02\/hybrid-dayco-logo-mini.jpg\" alt=\"Hybrid Dayco Logo Mini\" width=\"200\" height=\"175\" \/>Als Systemintegrationsspezialist beliefert Dayco zusammen mit seinen strategischen Partnern die Leicht- und Schwerlastindustrie mit seinem innovativen und fortschrittlichen Dayco Hybrid Modul (DHM Dayco), das die OEMs dabei unterst\u00fctzt, eine hochwertige technologische Differenzierung f\u00fcr ihre Mild- und Vollhybridanwendungen anzubieten.<\/p>\n<p>Das Dayco Hybrid Modul f\u00fcr die P2-Hybridarchitektur verbessert die Leistung und Zuverl\u00e4ssigkeit des Systems, indem es die Motorschwingungen reduziert und die Ger\u00e4uschentwicklung optimiert. Das DHM erf\u00fcllt die Kundenspezifikationen und erm\u00f6glicht Kraftstoffeinsparungen von bis zu 15-20 %* bei 48-Volt-Anwendungen und von mehr als 70 %* bei 800-Volt-Hochspannungsfahrzeugen, was deren CO2-Fu\u00dfabdruck weiter verbessert.<\/p>\n<p>Dayco kennt die Bed\u00fcrfnisse f\u00fchrender Fahrzeughersteller und ist die einzige Marke, die ein erstklassiges Paket von Antriebssysteml\u00f6sungen f\u00fcr eine breite Palette von Anwendungen anbietet. Dabei nutzt Dayco erstklassige globale F&amp;E-Kapazit\u00e4ten und lokale Produktionsstandorte mit einer starken Pr\u00e4senz an 40 Standorten in 22 L\u00e4ndern.<\/p>\n<p><strong>Merkmale\/Vorteile:<\/strong><\/p>\n<ul>\n<li>Anpassungsf\u00e4higes integriertes Hochleistungssystem f\u00fcr die Segmente Pkw, Nutzfahrzeuge, Gel\u00e4ndewagen und Industriefahrzeuge<\/li>\n<li>Verbesserte Systemleistung und -zuverl\u00e4ssigkeit<\/li>\n<li>Mit Getrieben der Eigenproduktion kombinierbar<\/li>\n<li>Optimale Kraftstoffeinsparung, Schwingungsisolierung und verbessertes NVH<\/li>\n<li>Erh\u00f6hte Lebensdauer und Nachhaltigkeit dank geringeren CO2-Emissionen<\/li>\n<li>Erh\u00f6hte Lebensdauer der Getriebe und somit verbesserte Systembetriebszeit<\/li>\n<\/ul>\n<p><strong>Zus\u00e4tzlicher Nutzen f\u00fcr die Kunden:<\/strong><\/p>\n<ul>\n<li>Globale F&amp;E- und Testkapazit\u00e4ten von Weltrang mit lokaler Produktionspr\u00e4senz<\/li>\n<li>Hochwertige Technologiedifferenzierung als kompletter Systemintegrator<\/li>\n<li>Belieferung der f\u00fchrenden Motoren- und Lkw-Hersteller in aller Welt<\/li>\n<li>Einzigartige Hybridsysteme, die die Kundenspezifikationen f\u00fcr Kraftstoffeinsparungen von 15-20%* (48V) und +70%* (800V-Hochspannung) erf\u00fcllen<\/li>\n<li>Engagierter technischer Support durch Dayco-Spezialisten in jedem Bereich<\/li>\n<li>Geringere Gesamtbetriebskosten<\/li>\n<\/ul>\n","protected":false},"excerpt":{"rendered":"<p>Anwendungen: Personenkraftwagen, Hochleistungs- und Premiumfahrzeuge, leichte Nutzfahrzeuge, mittlere und schwere Nutzfahrzeuge, Bau- und Landwirtschaftsmaschinen Als Systemintegrationsspezialist beliefert Dayco zusammen mit seinen strategischen Partnern die Leicht- und Schwerlastindustrie mit seinem innovativen und fortschrittlichen Dayco Hybrid Modul (DHM Dayco), das die OEMs dabei unterst\u00fctzt, eine hochwertige technologische Differenzierung f\u00fcr ihre Mild- und Vollhybridanwendungen anzubieten. Das Dayco Hybrid Modul f\u00fcr die P2-Hybridarchitektur verbessert die Leistung und Zuverl\u00e4ssigkeit des&#8230;<\/p>\n","protected":false},"featured_media":114810,"template":"","meta":[],"product_cat":[3518],"product_tag":[],"yoast_head":"<!-- This site is optimized with the Yoast SEO plugin v22.4 - https:\/\/yoast.com\/wordpress\/plugins\/seo\/ -->\n<title>Dayco Hybrid Modul - P2 | Propulsion Solutions<\/title>\n<meta name=\"description\" content=\"Das Dayco Hybrid Modul f\u00fcr die P2-Hybridarchitektur verbessert die Leistung und Zuverl\u00e4ssigkeit des Systems, indem es die Motorschwingungen reduziert und die Ger\u00e4uschentwicklung optimiert\" \/>\n<meta name=\"robots\" content=\"noindex, follow, max-snippet:-1, max-image-preview:large, max-video-preview:-1\" \/>\n<meta property=\"og:locale\" content=\"de_DE\" \/>\n<meta property=\"og:type\" content=\"article\" \/>\n<meta property=\"og:title\" content=\"Dayco Hybrid Modul - P2 | Propulsion Solutions\" \/>\n<meta property=\"og:description\" content=\"Das Dayco Hybrid Modul f\u00fcr die P2-Hybridarchitektur verbessert die Leistung und Zuverl\u00e4ssigkeit des Systems, indem es die Motorschwingungen reduziert und die Ger\u00e4uschentwicklung optimiert\" \/>\n<meta property=\"og:url\" content=\"https:\/\/uncommonegg.com\/dayco\/de\/produkt\/dayco-hybrid-module-p2\/\" \/>\n<meta property=\"og:site_name\" content=\"Propulsion Solutions\" \/>\n<meta property=\"article:publisher\" content=\"https:\/\/www.facebook.com\/DaycoOfficial\/\" \/>\n<meta property=\"article:modified_time\" content=\"2022-03-25T11:43:49+00:00\" \/>\n<meta property=\"og:image\" content=\"https:\/\/uncommonegg.com\/dayco\/wp-content\/uploads\/2022\/03\/Hybrid-P2-3.jpg\" \/>\n\t<meta property=\"og:image:width\" content=\"609\" \/>\n\t<meta property=\"og:image:height\" content=\"356\" \/>\n\t<meta property=\"og:image:type\" content=\"image\/jpeg\" \/>\n<meta name=\"twitter:card\" content=\"summary_large_image\" \/>\n<meta name=\"twitter:site\" content=\"@DaycoOfficial\" \/>\n<meta name=\"twitter:label1\" content=\"Preis\" \/>\n\t<meta name=\"twitter:data1\" content=\"\" \/>\n\t<meta name=\"twitter:label2\" content=\"Verf\u00fcgbarkeit\" \/>\n\t<meta name=\"twitter:data2\" content=\"Auf Lager\" \/>\n<script type=\"application\/ld+json\" class=\"yoast-schema-graph\">{\"@context\":\"https:\/\/schema.org\",\"@graph\":[{\"@type\":[\"WebPage\",\"ItemPage\"],\"@id\":\"https:\/\/uncommonegg.com\/dayco\/de\/produkt\/dayco-hybrid-module-p2\/\",\"url\":\"https:\/\/uncommonegg.com\/dayco\/de\/produkt\/dayco-hybrid-module-p2\/\",\"name\":\"Dayco Hybrid Modul - P2 | Propulsion Solutions\",\"isPartOf\":{\"@id\":\"https:\/\/uncommonegg.com\/dayco\/de\/#website\"},\"primaryImageOfPage\":{\"@id\":\"https:\/\/uncommonegg.com\/dayco\/de\/produkt\/dayco-hybrid-module-p2\/#primaryimage\"},\"image\":{\"@id\":\"https:\/\/uncommonegg.com\/dayco\/de\/produkt\/dayco-hybrid-module-p2\/#primaryimage\"},\"thumbnailUrl\":\"https:\/\/uncommonegg.com\/dayco\/wp-content\/uploads\/2022\/03\/Hybrid-P2-3.jpg\",\"datePublished\":\"2022-03-17T08:34:44+00:00\",\"dateModified\":\"2022-03-25T11:43:49+00:00\",\"description\":\"Das Dayco Hybrid Modul f\u00fcr die P2-Hybridarchitektur verbessert die Leistung und Zuverl\u00e4ssigkeit des Systems, indem es die Motorschwingungen reduziert und die Ger\u00e4uschentwicklung optimiert\",\"breadcrumb\":{\"@id\":\"https:\/\/uncommonegg.com\/dayco\/de\/produkt\/dayco-hybrid-module-p2\/#breadcrumb\"},\"inLanguage\":\"de\",\"potentialAction\":[{\"@type\":\"ReadAction\",\"target\":[\"https:\/\/uncommonegg.com\/dayco\/de\/produkt\/dayco-hybrid-module-p2\/\"]}]},{\"@type\":\"ImageObject\",\"inLanguage\":\"de\",\"@id\":\"https:\/\/uncommonegg.com\/dayco\/de\/produkt\/dayco-hybrid-module-p2\/#primaryimage\",\"url\":\"https:\/\/uncommonegg.com\/dayco\/wp-content\/uploads\/2022\/03\/Hybrid-P2-3.jpg\",\"contentUrl\":\"https:\/\/uncommonegg.com\/dayco\/wp-content\/uploads\/2022\/03\/Hybrid-P2-3.jpg\",\"width\":609,\"height\":356},{\"@type\":\"BreadcrumbList\",\"@id\":\"https:\/\/uncommonegg.com\/dayco\/de\/produkt\/dayco-hybrid-module-p2\/#breadcrumb\",\"itemListElement\":[{\"@type\":\"ListItem\",\"position\":1,\"name\":\"Startseite\",\"item\":\"https:\/\/uncommonegg.com\/dayco\/de\/home\/\"},{\"@type\":\"ListItem\",\"position\":2,\"name\":\"Produkte\",\"item\":\"https:\/\/uncommonegg.com\/dayco\/de\/produkte\/\"},{\"@type\":\"ListItem\",\"position\":3,\"name\":\"Dayco Hybrid Modul &#8211; P2\"}]},{\"@type\":\"WebSite\",\"@id\":\"https:\/\/uncommonegg.com\/dayco\/de\/#website\",\"url\":\"https:\/\/uncommonegg.com\/dayco\/de\/\",\"name\":\"Propulsion Solutions\",\"description\":\"Move Forward. Always.\u2122\",\"publisher\":{\"@id\":\"https:\/\/uncommonegg.com\/dayco\/de\/#organization\"},\"alternateName\":\"Propulsion Solutions\",\"potentialAction\":[{\"@type\":\"SearchAction\",\"target\":{\"@type\":\"EntryPoint\",\"urlTemplate\":\"https:\/\/uncommonegg.com\/dayco\/de\/?s={search_term_string}\"},\"query-input\":\"required name=search_term_string\"}],\"inLanguage\":\"de\"},{\"@type\":\"Organization\",\"@id\":\"https:\/\/uncommonegg.com\/dayco\/de\/#organization\",\"name\":\"Dayco Corporate\",\"alternateName\":\"Propulsion Solutions\",\"url\":\"https:\/\/uncommonegg.com\/dayco\/de\/\",\"logo\":{\"@type\":\"ImageObject\",\"inLanguage\":\"de\",\"@id\":\"https:\/\/uncommonegg.com\/dayco\/de\/#\/schema\/logo\/image\/\",\"url\":\"http:\/\/uncommonegg.com\/dayco\/wp-content\/uploads\/2024\/01\/PS-Logo-SEO2.jpg\",\"contentUrl\":\"http:\/\/uncommonegg.com\/dayco\/wp-content\/uploads\/2024\/01\/PS-Logo-SEO2.jpg\",\"width\":696,\"height\":696,\"caption\":\"Dayco Corporate\"},\"image\":{\"@id\":\"https:\/\/uncommonegg.com\/dayco\/de\/#\/schema\/logo\/image\/\"},\"sameAs\":[\"https:\/\/www.facebook.com\/DaycoOfficial\/\",\"https:\/\/twitter.com\/DaycoOfficial\",\"https:\/\/www.instagram.com\/daycoofficial\/\",\"https:\/\/www.linkedin.com\/company\/daycoofficial\/\",\"https:\/\/www.youtube.com\/DaycoOfficial\",\"https:\/\/en.wikipedia.org\/wiki\/Dayco\"]}]}<\/script>\n<meta property=\"product:brand\" content=\"Hybrid Systeml\u00f6sung\" \/>\n<meta property=\"product:price:amount\" content=\"0.00\" \/>\n<meta property=\"product:price:currency\" content=\"EUR\" \/>\n<meta property=\"og:availability\" content=\"instock\" \/>\n<meta property=\"product:availability\" content=\"instock\" \/>\n<meta property=\"product:retailer_item_id\" content=\"DHMP2\" \/>\n<meta property=\"product:condition\" content=\"new\" \/>\n<!-- \/ Yoast SEO plugin. -->","yoast_head_json":{"title":"Dayco Hybrid Modul - P2 | Propulsion Solutions","description":"Das Dayco Hybrid Modul f\u00fcr die P2-Hybridarchitektur verbessert die Leistung und Zuverl\u00e4ssigkeit des Systems, indem es die Motorschwingungen reduziert und die Ger\u00e4uschentwicklung optimiert","robots":{"index":"noindex","follow":"follow","max-snippet":"max-snippet:-1","max-image-preview":"max-image-preview:large","max-video-preview":"max-video-preview:-1"},"og_locale":"de_DE","og_type":"article","og_title":"Dayco Hybrid Modul - P2 | Propulsion Solutions","og_description":"Das Dayco Hybrid Modul f\u00fcr die P2-Hybridarchitektur verbessert die Leistung und Zuverl\u00e4ssigkeit des Systems, indem es die Motorschwingungen reduziert und die Ger\u00e4uschentwicklung optimiert","og_url":"https:\/\/uncommonegg.com\/dayco\/de\/produkt\/dayco-hybrid-module-p2\/","og_site_name":"Propulsion Solutions","article_publisher":"https:\/\/www.facebook.com\/DaycoOfficial\/","article_modified_time":"2022-03-25T11:43:49+00:00","og_image":[{"width":609,"height":356,"url":"https:\/\/uncommonegg.com\/dayco\/wp-content\/uploads\/2022\/03\/Hybrid-P2-3.jpg","type":"image\/jpeg"}],"twitter_card":"summary_large_image","twitter_site":"@DaycoOfficial","twitter_misc":{"Preis":"","Verf\u00fcgbarkeit":"Auf Lager"},"schema":{"@context":"https:\/\/schema.org","@graph":[{"@type":["WebPage","ItemPage"],"@id":"https:\/\/uncommonegg.com\/dayco\/de\/produkt\/dayco-hybrid-module-p2\/","url":"https:\/\/uncommonegg.com\/dayco\/de\/produkt\/dayco-hybrid-module-p2\/","name":"Dayco Hybrid Modul - P2 | Propulsion Solutions","isPartOf":{"@id":"https:\/\/uncommonegg.com\/dayco\/de\/#website"},"primaryImageOfPage":{"@id":"https:\/\/uncommonegg.com\/dayco\/de\/produkt\/dayco-hybrid-module-p2\/#primaryimage"},"image":{"@id":"https:\/\/uncommonegg.com\/dayco\/de\/produkt\/dayco-hybrid-module-p2\/#primaryimage"},"thumbnailUrl":"https:\/\/uncommonegg.com\/dayco\/wp-content\/uploads\/2022\/03\/Hybrid-P2-3.jpg","datePublished":"2022-03-17T08:34:44+00:00","dateModified":"2022-03-25T11:43:49+00:00","description":"Das Dayco Hybrid Modul f\u00fcr die P2-Hybridarchitektur verbessert die Leistung und Zuverl\u00e4ssigkeit des Systems, indem es die Motorschwingungen reduziert und die Ger\u00e4uschentwicklung optimiert","breadcrumb":{"@id":"https:\/\/uncommonegg.com\/dayco\/de\/produkt\/dayco-hybrid-module-p2\/#breadcrumb"},"inLanguage":"de","potentialAction":[{"@type":"ReadAction","target":["https:\/\/uncommonegg.com\/dayco\/de\/produkt\/dayco-hybrid-module-p2\/"]}]},{"@type":"ImageObject","inLanguage":"de","@id":"https:\/\/uncommonegg.com\/dayco\/de\/produkt\/dayco-hybrid-module-p2\/#primaryimage","url":"https:\/\/uncommonegg.com\/dayco\/wp-content\/uploads\/2022\/03\/Hybrid-P2-3.jpg","contentUrl":"https:\/\/uncommonegg.com\/dayco\/wp-content\/uploads\/2022\/03\/Hybrid-P2-3.jpg","width":609,"height":356},{"@type":"BreadcrumbList","@id":"https:\/\/uncommonegg.com\/dayco\/de\/produkt\/dayco-hybrid-module-p2\/#breadcrumb","itemListElement":[{"@type":"ListItem","position":1,"name":"Startseite","item":"https:\/\/uncommonegg.com\/dayco\/de\/home\/"},{"@type":"ListItem","position":2,"name":"Produkte","item":"https:\/\/uncommonegg.com\/dayco\/de\/produkte\/"},{"@type":"ListItem","position":3,"name":"Dayco Hybrid Modul &#8211; P2"}]},{"@type":"WebSite","@id":"https:\/\/uncommonegg.com\/dayco\/de\/#website","url":"https:\/\/uncommonegg.com\/dayco\/de\/","name":"Propulsion Solutions","description":"Move Forward. Always.\u2122","publisher":{"@id":"https:\/\/uncommonegg.com\/dayco\/de\/#organization"},"alternateName":"Propulsion Solutions","potentialAction":[{"@type":"SearchAction","target":{"@type":"EntryPoint","urlTemplate":"https:\/\/uncommonegg.com\/dayco\/de\/?s={search_term_string}"},"query-input":"required name=search_term_string"}],"inLanguage":"de"},{"@type":"Organization","@id":"https:\/\/uncommonegg.com\/dayco\/de\/#organization","name":"Dayco Corporate","alternateName":"Propulsion Solutions","url":"https:\/\/uncommonegg.com\/dayco\/de\/","logo":{"@type":"ImageObject","inLanguage":"de","@id":"https:\/\/uncommonegg.com\/dayco\/de\/#\/schema\/logo\/image\/","url":"http:\/\/uncommonegg.com\/dayco\/wp-content\/uploads\/2024\/01\/PS-Logo-SEO2.jpg","contentUrl":"http:\/\/uncommonegg.com\/dayco\/wp-content\/uploads\/2024\/01\/PS-Logo-SEO2.jpg","width":696,"height":696,"caption":"Dayco Corporate"},"image":{"@id":"https:\/\/uncommonegg.com\/dayco\/de\/#\/schema\/logo\/image\/"},"sameAs":["https:\/\/www.facebook.com\/DaycoOfficial\/","https:\/\/twitter.com\/DaycoOfficial","https:\/\/www.instagram.com\/daycoofficial\/","https:\/\/www.linkedin.com\/company\/daycoofficial\/","https:\/\/www.youtube.com\/DaycoOfficial","https:\/\/en.wikipedia.org\/wiki\/Dayco"]}]},"product_brand":"Hybrid Systeml\u00f6sung","product_price_amount":"0.00","product_price_currency":"EUR","og_availability":"instock","product_availability":"instock","product_retailer_item_id":"DHMP2","product_condition":"new"},"_links":{"self":[{"href":"https:\/\/uncommonegg.com\/dayco\/de\/wp-json\/wp\/v2\/product\/114998"}],"collection":[{"href":"https:\/\/uncommonegg.com\/dayco\/de\/wp-json\/wp\/v2\/product"}],"about":[{"href":"https:\/\/uncommonegg.com\/dayco\/de\/wp-json\/wp\/v2\/types\/product"}],"wp:featuredmedia":[{"embeddable":true,"href":"https:\/\/uncommonegg.com\/dayco\/de\/wp-json\/wp\/v2\/media\/114810"}],"wp:attachment":[{"href":"https:\/\/uncommonegg.com\/dayco\/de\/wp-json\/wp\/v2\/media?parent=114998"}],"wp:term":[{"taxonomy":"product_cat","embeddable":true,"href":"https:\/\/uncommonegg.com\/dayco\/de\/wp-json\/wp\/v2\/product_cat?post=114998"},{"taxonomy":"product_tag","embeddable":true,"href":"https:\/\/uncommonegg.com\/dayco\/de\/wp-json\/wp\/v2\/product_tag?post=114998"}],"curies":[{"name":"wp","href":"https:\/\/api.w.org\/{rel}","templated":true}]}}