{"id":114984,"date":"2022-03-17T09:34:48","date_gmt":"2022-03-17T08:34:48","guid":{"rendered":"http:\/\/uncommonegg.com\/dayco\/product\/bsg-mild-hybrid-solution-p0\/"},"modified":"2022-03-25T12:43:29","modified_gmt":"2022-03-25T11:43:29","slug":"bsg-mild-hybrid-solution-p0","status":"publish","type":"product","link":"https:\/\/uncommonegg.com\/dayco\/de\/produkt\/bsg-mild-hybrid-solution-p0\/","title":{"rendered":"BSG Mild Hybrid L\u00f6sung &#8211; P0"},"content":{"rendered":"<p><strong>Anwendungen: <\/strong>Personenkraftwagen, Hochleistungs- und Premiumfahrzeuge, leichte Nutzfahrzeuge, mittlere und schwere Nutzfahrzeuge, Bau- und Landwirtschaftsmaschinen<\/p>\n<p><img loading=\"lazy\" decoding=\"async\" class=\"size-full wp-image-114433 alignright\" src=\"http:\/\/uncommonegg.com\/dayco\/wp-content\/uploads\/2022\/02\/hybrid-dayco-logo-mini.jpg\" alt=\"Hybrid Dayco Logo Mini\" width=\"200\" height=\"175\" \/>Dayco ist ein Marktf\u00fchrer, der seit mehr als einem Jahrzehnt Komponenten und Subsysteme f\u00fcr BSG Mild Hybrid Powertrains, auch bekannt als P0-Architektur, liefert. In dieser Zeit hat sich Dayco als Technologief\u00fchrer und bevorzugter Partner positioniert, der umweltfreundliche und energiesparende Systeme f\u00fcr P0-Hybridfahrzeuge anbietet, die weltweit f\u00fchrende Pkw- und leichte Nutzfahrzeugmarken antreiben.<\/p>\n<p>Zur kontinuierlichen Verbesserung der Kraftstoffeinsparung, der Langlebigkeit von P0-Hybridsystemen und der Verringerung des CO2-Fu\u00dfabdrucks liefert Dayco vollst\u00e4ndig integrierte L\u00f6sungen f\u00fcr die Hybridisierung, optimiert die Steuerungslogik der elektrischen Maschinenleistung und verfolgt ein intelligentes Systemmanagement, das die CO2-Emissionen reduziert. Diese erstklassige Antriebstechnologie und der engagierte technische Support positionieren Dayco als Systemintegrator, der seinen Kunden einen hohen Mehrwert bietet und ihnen hilft, ihre Ziele in Bezug auf niedrige Kohlenstoffemissionen zu erreichen.<\/p>\n<p>Dayco erf\u00fcllt die Anforderungen f\u00fchrender Fahrzeughersteller und ist die einzige Marke, die ein Premium-Paket kompletter FEAD-Systeml\u00f6sungen (Front End Accessory Drive) anbietet f\u00fcr Fahrzeuge mit Hybrid- und Verbrennungsmotoren (Internal Combustion Engine) mit einer breiten Palette von Entkopplern, D\u00e4mpfern, Spannern, Umlenkrollen, Riemen und Hybridsysteme, mit erstklassigen globalen F&amp;E-Kapazit\u00e4ten und geringen lokalen Emissionsfu\u00dfabdr\u00fccken.<\/p>\n<p><strong>Merkmale\/Vorteile:<\/strong><\/p>\n<ul>\n<li>Optimierung der einzelnen Komponenten f\u00fcr ein hocheffizientes BSG-System<\/li>\n<li>Optimale Schwingungsisolierung und verbessertes NVH (Noise, Vibration and Harshness = Ger\u00e4usche, Vibrationen und Robustheit)<\/li>\n<li>Verbesserte Systemleistung und reduzierter CO2-Fu\u00dfabdruck mit Kraftstoffeinsparungen von bis zu 12 %*<\/li>\n<li>Hochwertige und bew\u00e4hrte P0-Hybridsysteml\u00f6sung mit wettbewerbsf\u00e4higem Fu\u00dfabdruck und globaler Beschaffung<\/li>\n<li>Erh\u00f6hte Lebensdauer der Zusatzantriebskomponenten, was zu einer verbesserten Systembetriebszeit f\u00fchrt<\/li>\n<li>Geringere Gesamtbetriebskosten<\/li>\n<\/ul>\n<p><strong>Zus\u00e4tzlicher Nutzen f\u00fcr die Kunden:<\/strong><\/p>\n<ul>\n<li>Als Systemintegrator und Anbieter von Komplettl\u00f6sungen, erm\u00f6glicht Dayco zus\u00e4tzliche durchschnittliche CO2-Einsparungen und f\u00fchrt eine vollst\u00e4ndige Fahrzeuganalyse mit Optimierung der Steuerlogik durch<\/li>\n<li>Globale F&amp;E- und Testkapazit\u00e4ten von Weltrang mit lokaler Produktionspr\u00e4senz<\/li>\n<li>Neuartiger modellbasierter Ansatz f\u00fcr das Energieflussmanagement in Px-Hybridarchitekturen<\/li>\n<li>Dayco verwaltet zusammen mit seinen strategischen Partnern die Energiekontrolle von Mild-Hybrid-Fahrzeugen<\/li>\n<li>Lieferung von bew\u00e4hrten P0-Hybridsystemen an f\u00fchrende Motoren- und Fahrzeughersteller in aller Welt<\/li>\n<\/ul>\n","protected":false},"excerpt":{"rendered":"<p>Anwendungen: Personenkraftwagen, Hochleistungs- und Premiumfahrzeuge, leichte Nutzfahrzeuge, mittlere und schwere Nutzfahrzeuge, Bau- und Landwirtschaftsmaschinen Dayco ist ein Marktf\u00fchrer, der seit mehr als einem Jahrzehnt Komponenten und Subsysteme f\u00fcr BSG Mild Hybrid Powertrains, auch bekannt als P0-Architektur, liefert. In dieser Zeit hat sich Dayco als Technologief\u00fchrer und bevorzugter Partner positioniert, der umweltfreundliche und energiesparende Systeme f\u00fcr P0-Hybridfahrzeuge anbietet, die weltweit f\u00fchrende Pkw- und leichte Nutzfahrzeugmarken antreiben&#8230;.<\/p>\n","protected":false},"featured_media":114754,"template":"","meta":[],"product_cat":[3518],"product_tag":[],"yoast_head":"<!-- This site is optimized with the Yoast SEO plugin v22.4 - https:\/\/yoast.com\/wordpress\/plugins\/seo\/ -->\n<title>BSG Mild Hybrid L\u00f6sung - P0 | Propulsion Solutions<\/title>\n<meta name=\"description\" content=\"Dayco ist ein Marktf\u00fchrer, der seit mehr als einem Jahrzehnt Komponenten und Subsysteme f\u00fcr BSG Mild Hybrid Powertrains, auch bekannt als P0-Architektur, liefert\" \/>\n<meta name=\"robots\" content=\"noindex, follow, max-snippet:-1, max-image-preview:large, max-video-preview:-1\" \/>\n<meta property=\"og:locale\" content=\"de_DE\" \/>\n<meta property=\"og:type\" content=\"article\" \/>\n<meta property=\"og:title\" content=\"BSG Mild Hybrid L\u00f6sung - P0 | Propulsion Solutions\" \/>\n<meta property=\"og:description\" content=\"Dayco ist ein Marktf\u00fchrer, der seit mehr als einem Jahrzehnt Komponenten und Subsysteme f\u00fcr BSG Mild Hybrid Powertrains, auch bekannt als P0-Architektur, liefert\" \/>\n<meta property=\"og:url\" content=\"https:\/\/uncommonegg.com\/dayco\/de\/produkt\/bsg-mild-hybrid-solution-p0\/\" \/>\n<meta property=\"og:site_name\" content=\"Propulsion Solutions\" \/>\n<meta property=\"article:publisher\" content=\"https:\/\/www.facebook.com\/DaycoOfficial\/\" \/>\n<meta property=\"article:modified_time\" content=\"2022-03-25T11:43:29+00:00\" \/>\n<meta property=\"og:image\" content=\"https:\/\/uncommonegg.com\/dayco\/wp-content\/uploads\/2022\/03\/Hybrid-P0-4.jpg\" \/>\n\t<meta property=\"og:image:width\" content=\"609\" \/>\n\t<meta property=\"og:image:height\" content=\"356\" \/>\n\t<meta property=\"og:image:type\" content=\"image\/jpeg\" \/>\n<meta name=\"twitter:card\" content=\"summary_large_image\" \/>\n<meta name=\"twitter:site\" content=\"@DaycoOfficial\" \/>\n<meta name=\"twitter:label1\" content=\"Preis\" \/>\n\t<meta name=\"twitter:data1\" content=\"\" \/>\n\t<meta name=\"twitter:label2\" content=\"Verf\u00fcgbarkeit\" \/>\n\t<meta name=\"twitter:data2\" content=\"Auf Lager\" \/>\n<script type=\"application\/ld+json\" class=\"yoast-schema-graph\">{\"@context\":\"https:\/\/schema.org\",\"@graph\":[{\"@type\":[\"WebPage\",\"ItemPage\"],\"@id\":\"https:\/\/uncommonegg.com\/dayco\/de\/produkt\/bsg-mild-hybrid-solution-p0\/\",\"url\":\"https:\/\/uncommonegg.com\/dayco\/de\/produkt\/bsg-mild-hybrid-solution-p0\/\",\"name\":\"BSG Mild Hybrid L\u00f6sung - P0 | Propulsion Solutions\",\"isPartOf\":{\"@id\":\"https:\/\/uncommonegg.com\/dayco\/de\/#website\"},\"primaryImageOfPage\":{\"@id\":\"https:\/\/uncommonegg.com\/dayco\/de\/produkt\/bsg-mild-hybrid-solution-p0\/#primaryimage\"},\"image\":{\"@id\":\"https:\/\/uncommonegg.com\/dayco\/de\/produkt\/bsg-mild-hybrid-solution-p0\/#primaryimage\"},\"thumbnailUrl\":\"https:\/\/uncommonegg.com\/dayco\/wp-content\/uploads\/2022\/03\/Hybrid-P0-4.jpg\",\"datePublished\":\"2022-03-17T08:34:48+00:00\",\"dateModified\":\"2022-03-25T11:43:29+00:00\",\"description\":\"Dayco ist ein Marktf\u00fchrer, der seit mehr als einem Jahrzehnt Komponenten und Subsysteme f\u00fcr BSG Mild Hybrid Powertrains, auch bekannt als P0-Architektur, liefert\",\"breadcrumb\":{\"@id\":\"https:\/\/uncommonegg.com\/dayco\/de\/produkt\/bsg-mild-hybrid-solution-p0\/#breadcrumb\"},\"inLanguage\":\"de\",\"potentialAction\":[{\"@type\":\"ReadAction\",\"target\":[\"https:\/\/uncommonegg.com\/dayco\/de\/produkt\/bsg-mild-hybrid-solution-p0\/\"]}]},{\"@type\":\"ImageObject\",\"inLanguage\":\"de\",\"@id\":\"https:\/\/uncommonegg.com\/dayco\/de\/produkt\/bsg-mild-hybrid-solution-p0\/#primaryimage\",\"url\":\"https:\/\/uncommonegg.com\/dayco\/wp-content\/uploads\/2022\/03\/Hybrid-P0-4.jpg\",\"contentUrl\":\"https:\/\/uncommonegg.com\/dayco\/wp-content\/uploads\/2022\/03\/Hybrid-P0-4.jpg\",\"width\":609,\"height\":356},{\"@type\":\"BreadcrumbList\",\"@id\":\"https:\/\/uncommonegg.com\/dayco\/de\/produkt\/bsg-mild-hybrid-solution-p0\/#breadcrumb\",\"itemListElement\":[{\"@type\":\"ListItem\",\"position\":1,\"name\":\"Startseite\",\"item\":\"https:\/\/uncommonegg.com\/dayco\/de\/home\/\"},{\"@type\":\"ListItem\",\"position\":2,\"name\":\"Produkte\",\"item\":\"https:\/\/uncommonegg.com\/dayco\/de\/produkte\/\"},{\"@type\":\"ListItem\",\"position\":3,\"name\":\"BSG Mild Hybrid L\u00f6sung &#8211; P0\"}]},{\"@type\":\"WebSite\",\"@id\":\"https:\/\/uncommonegg.com\/dayco\/de\/#website\",\"url\":\"https:\/\/uncommonegg.com\/dayco\/de\/\",\"name\":\"Propulsion Solutions\",\"description\":\"Move Forward. Always.\u2122\",\"publisher\":{\"@id\":\"https:\/\/uncommonegg.com\/dayco\/de\/#organization\"},\"alternateName\":\"Propulsion Solutions\",\"potentialAction\":[{\"@type\":\"SearchAction\",\"target\":{\"@type\":\"EntryPoint\",\"urlTemplate\":\"https:\/\/uncommonegg.com\/dayco\/de\/?s={search_term_string}\"},\"query-input\":\"required name=search_term_string\"}],\"inLanguage\":\"de\"},{\"@type\":\"Organization\",\"@id\":\"https:\/\/uncommonegg.com\/dayco\/de\/#organization\",\"name\":\"Dayco Corporate\",\"alternateName\":\"Propulsion Solutions\",\"url\":\"https:\/\/uncommonegg.com\/dayco\/de\/\",\"logo\":{\"@type\":\"ImageObject\",\"inLanguage\":\"de\",\"@id\":\"https:\/\/uncommonegg.com\/dayco\/de\/#\/schema\/logo\/image\/\",\"url\":\"http:\/\/uncommonegg.com\/dayco\/wp-content\/uploads\/2024\/01\/PS-Logo-SEO2.jpg\",\"contentUrl\":\"http:\/\/uncommonegg.com\/dayco\/wp-content\/uploads\/2024\/01\/PS-Logo-SEO2.jpg\",\"width\":696,\"height\":696,\"caption\":\"Dayco Corporate\"},\"image\":{\"@id\":\"https:\/\/uncommonegg.com\/dayco\/de\/#\/schema\/logo\/image\/\"},\"sameAs\":[\"https:\/\/www.facebook.com\/DaycoOfficial\/\",\"https:\/\/twitter.com\/DaycoOfficial\",\"https:\/\/www.instagram.com\/daycoofficial\/\",\"https:\/\/www.linkedin.com\/company\/daycoofficial\/\",\"https:\/\/www.youtube.com\/DaycoOfficial\",\"https:\/\/en.wikipedia.org\/wiki\/Dayco\"]}]}<\/script>\n<meta property=\"product:brand\" content=\"Hybrid Systeml\u00f6sung\" \/>\n<meta property=\"product:price:amount\" content=\"0.00\" \/>\n<meta property=\"product:price:currency\" content=\"EUR\" \/>\n<meta property=\"og:availability\" content=\"instock\" \/>\n<meta property=\"product:availability\" content=\"instock\" \/>\n<meta property=\"product:retailer_item_id\" content=\"BSGP0\" \/>\n<meta property=\"product:condition\" content=\"new\" \/>\n<!-- \/ Yoast SEO plugin. -->","yoast_head_json":{"title":"BSG Mild Hybrid L\u00f6sung - P0 | Propulsion Solutions","description":"Dayco ist ein Marktf\u00fchrer, der seit mehr als einem Jahrzehnt Komponenten und Subsysteme f\u00fcr BSG Mild Hybrid Powertrains, auch bekannt als P0-Architektur, liefert","robots":{"index":"noindex","follow":"follow","max-snippet":"max-snippet:-1","max-image-preview":"max-image-preview:large","max-video-preview":"max-video-preview:-1"},"og_locale":"de_DE","og_type":"article","og_title":"BSG Mild Hybrid L\u00f6sung - P0 | Propulsion Solutions","og_description":"Dayco ist ein Marktf\u00fchrer, der seit mehr als einem Jahrzehnt Komponenten und Subsysteme f\u00fcr BSG Mild Hybrid Powertrains, auch bekannt als P0-Architektur, liefert","og_url":"https:\/\/uncommonegg.com\/dayco\/de\/produkt\/bsg-mild-hybrid-solution-p0\/","og_site_name":"Propulsion Solutions","article_publisher":"https:\/\/www.facebook.com\/DaycoOfficial\/","article_modified_time":"2022-03-25T11:43:29+00:00","og_image":[{"width":609,"height":356,"url":"https:\/\/uncommonegg.com\/dayco\/wp-content\/uploads\/2022\/03\/Hybrid-P0-4.jpg","type":"image\/jpeg"}],"twitter_card":"summary_large_image","twitter_site":"@DaycoOfficial","twitter_misc":{"Preis":"","Verf\u00fcgbarkeit":"Auf Lager"},"schema":{"@context":"https:\/\/schema.org","@graph":[{"@type":["WebPage","ItemPage"],"@id":"https:\/\/uncommonegg.com\/dayco\/de\/produkt\/bsg-mild-hybrid-solution-p0\/","url":"https:\/\/uncommonegg.com\/dayco\/de\/produkt\/bsg-mild-hybrid-solution-p0\/","name":"BSG Mild Hybrid L\u00f6sung - P0 | Propulsion Solutions","isPartOf":{"@id":"https:\/\/uncommonegg.com\/dayco\/de\/#website"},"primaryImageOfPage":{"@id":"https:\/\/uncommonegg.com\/dayco\/de\/produkt\/bsg-mild-hybrid-solution-p0\/#primaryimage"},"image":{"@id":"https:\/\/uncommonegg.com\/dayco\/de\/produkt\/bsg-mild-hybrid-solution-p0\/#primaryimage"},"thumbnailUrl":"https:\/\/uncommonegg.com\/dayco\/wp-content\/uploads\/2022\/03\/Hybrid-P0-4.jpg","datePublished":"2022-03-17T08:34:48+00:00","dateModified":"2022-03-25T11:43:29+00:00","description":"Dayco ist ein Marktf\u00fchrer, der seit mehr als einem Jahrzehnt Komponenten und Subsysteme f\u00fcr BSG Mild Hybrid Powertrains, auch bekannt als P0-Architektur, liefert","breadcrumb":{"@id":"https:\/\/uncommonegg.com\/dayco\/de\/produkt\/bsg-mild-hybrid-solution-p0\/#breadcrumb"},"inLanguage":"de","potentialAction":[{"@type":"ReadAction","target":["https:\/\/uncommonegg.com\/dayco\/de\/produkt\/bsg-mild-hybrid-solution-p0\/"]}]},{"@type":"ImageObject","inLanguage":"de","@id":"https:\/\/uncommonegg.com\/dayco\/de\/produkt\/bsg-mild-hybrid-solution-p0\/#primaryimage","url":"https:\/\/uncommonegg.com\/dayco\/wp-content\/uploads\/2022\/03\/Hybrid-P0-4.jpg","contentUrl":"https:\/\/uncommonegg.com\/dayco\/wp-content\/uploads\/2022\/03\/Hybrid-P0-4.jpg","width":609,"height":356},{"@type":"BreadcrumbList","@id":"https:\/\/uncommonegg.com\/dayco\/de\/produkt\/bsg-mild-hybrid-solution-p0\/#breadcrumb","itemListElement":[{"@type":"ListItem","position":1,"name":"Startseite","item":"https:\/\/uncommonegg.com\/dayco\/de\/home\/"},{"@type":"ListItem","position":2,"name":"Produkte","item":"https:\/\/uncommonegg.com\/dayco\/de\/produkte\/"},{"@type":"ListItem","position":3,"name":"BSG Mild Hybrid L\u00f6sung &#8211; P0"}]},{"@type":"WebSite","@id":"https:\/\/uncommonegg.com\/dayco\/de\/#website","url":"https:\/\/uncommonegg.com\/dayco\/de\/","name":"Propulsion Solutions","description":"Move Forward. Always.\u2122","publisher":{"@id":"https:\/\/uncommonegg.com\/dayco\/de\/#organization"},"alternateName":"Propulsion Solutions","potentialAction":[{"@type":"SearchAction","target":{"@type":"EntryPoint","urlTemplate":"https:\/\/uncommonegg.com\/dayco\/de\/?s={search_term_string}"},"query-input":"required name=search_term_string"}],"inLanguage":"de"},{"@type":"Organization","@id":"https:\/\/uncommonegg.com\/dayco\/de\/#organization","name":"Dayco Corporate","alternateName":"Propulsion Solutions","url":"https:\/\/uncommonegg.com\/dayco\/de\/","logo":{"@type":"ImageObject","inLanguage":"de","@id":"https:\/\/uncommonegg.com\/dayco\/de\/#\/schema\/logo\/image\/","url":"http:\/\/uncommonegg.com\/dayco\/wp-content\/uploads\/2024\/01\/PS-Logo-SEO2.jpg","contentUrl":"http:\/\/uncommonegg.com\/dayco\/wp-content\/uploads\/2024\/01\/PS-Logo-SEO2.jpg","width":696,"height":696,"caption":"Dayco Corporate"},"image":{"@id":"https:\/\/uncommonegg.com\/dayco\/de\/#\/schema\/logo\/image\/"},"sameAs":["https:\/\/www.facebook.com\/DaycoOfficial\/","https:\/\/twitter.com\/DaycoOfficial","https:\/\/www.instagram.com\/daycoofficial\/","https:\/\/www.linkedin.com\/company\/daycoofficial\/","https:\/\/www.youtube.com\/DaycoOfficial","https:\/\/en.wikipedia.org\/wiki\/Dayco"]}]},"product_brand":"Hybrid Systeml\u00f6sung","product_price_amount":"0.00","product_price_currency":"EUR","og_availability":"instock","product_availability":"instock","product_retailer_item_id":"BSGP0","product_condition":"new"},"_links":{"self":[{"href":"https:\/\/uncommonegg.com\/dayco\/de\/wp-json\/wp\/v2\/product\/114984"}],"collection":[{"href":"https:\/\/uncommonegg.com\/dayco\/de\/wp-json\/wp\/v2\/product"}],"about":[{"href":"https:\/\/uncommonegg.com\/dayco\/de\/wp-json\/wp\/v2\/types\/product"}],"wp:featuredmedia":[{"embeddable":true,"href":"https:\/\/uncommonegg.com\/dayco\/de\/wp-json\/wp\/v2\/media\/114754"}],"wp:attachment":[{"href":"https:\/\/uncommonegg.com\/dayco\/de\/wp-json\/wp\/v2\/media?parent=114984"}],"wp:term":[{"taxonomy":"product_cat","embeddable":true,"href":"https:\/\/uncommonegg.com\/dayco\/de\/wp-json\/wp\/v2\/product_cat?post=114984"},{"taxonomy":"product_tag","embeddable":true,"href":"https:\/\/uncommonegg.com\/dayco\/de\/wp-json\/wp\/v2\/product_tag?post=114984"}],"curies":[{"name":"wp","href":"https:\/\/api.w.org\/{rel}","templated":true}]}}