{"id":9318,"date":"2018-05-24T20:44:19","date_gmt":"2018-05-24T18:44:19","guid":{"rendered":"http:\/\/uncommonegg.com\/dayco\/open-positions\/"},"modified":"2022-08-11T00:04:57","modified_gmt":"2022-08-10T22:04:57","slug":"stellenangebote","status":"publish","type":"page","link":"https:\/\/uncommonegg.com\/dayco\/de\/stellenangebote\/","title":{"rendered":"Stellenangebote"},"content":{"rendered":"[vc_row type=&#8220;in_container&#8220; full_screen_row_position=&#8220;middle&#8220; scene_position=&#8220;center&#8220; text_color=&#8220;dark&#8220; text_align=&#8220;left&#8220; top_padding=&#8220;40&#8243; overlay_strength=&#8220;0.3&#8243; shape_divider_position=&#8220;bottom&#8220; bg_image_animation=&#8220;none&#8220; shape_type=&#8220;&#8220;][vc_column column_padding=&#8220;no-extra-padding&#8220; column_padding_position=&#8220;all&#8220; background_color_opacity=&#8220;1&#8243; background_hover_color_opacity=&#8220;1&#8243; column_link_target=&#8220;_self&#8220; column_shadow=&#8220;none&#8220; column_border_radius=&#8220;none&#8220; width=&#8220;1\/1&#8243; tablet_width_inherit=&#8220;default&#8220; tablet_text_alignment=&#8220;default&#8220; phone_text_alignment=&#8220;default&#8220; column_border_width=&#8220;none&#8220; column_border_style=&#8220;solid&#8220; bg_image_animation=&#8220;none&#8220;][vc_column_text]Unsere Mission bei Dayco ist die stetige Verbesserung der Mobilit\u00e4t auf der Welt. Diese wichtige Aufgabe erfordert au\u00dfergew\u00f6hnlich talentiertes und motiviertes Personal, Teamkolleginnen und -kollegen, die Ihren Teil zu etwas Gr\u00f6\u00dferem, mehr als nur die von uns entworfenen und produzierten Produkte und Systeme beitragen wollen. Verbessern wir also weiter, wie sich die Welt bewegt.[\/vc_column_text][\/vc_column][\/vc_row][vc_row type=&#8220;in_container&#8220; full_screen_row_position=&#8220;middle&#8220; scene_position=&#8220;center&#8220; text_color=&#8220;dark&#8220; text_align=&#8220;left&#8220; bottom_padding=&#8220;30&#8243; overlay_strength=&#8220;0.3&#8243; shape_divider_position=&#8220;bottom&#8220; bg_image_animation=&#8220;none&#8220; shape_type=&#8220;&#8220;][vc_column column_padding=&#8220;no-extra-padding&#8220; column_padding_position=&#8220;all&#8220; background_color_opacity=&#8220;1&#8243; background_hover_color_opacity=&#8220;1&#8243; column_link_target=&#8220;_self&#8220; column_shadow=&#8220;none&#8220; column_border_radius=&#8220;none&#8220; width=&#8220;1\/1&#8243; tablet_width_inherit=&#8220;default&#8220; tablet_text_alignment=&#8220;default&#8220; phone_text_alignment=&#8220;default&#8220; column_border_width=&#8220;none&#8220; column_border_style=&#8220;solid&#8220; bg_image_animation=&#8220;none&#8220;][vc_raw_html]W2pvYnBvc3Rd[\/vc_raw_html][\/vc_column][\/vc_row]\n","protected":false},"excerpt":{"rendered":"<p>[vc_row type=&#8220;in_container&#8220; full_screen_row_position=&#8220;middle&#8220; scene_position=&#8220;center&#8220; text_color=&#8220;dark&#8220; text_align=&#8220;left&#8220; top_padding=&#8220;40&#8243; overlay_strength=&#8220;0.3&#8243; shape_divider_position=&#8220;bottom&#8220; bg_image_animation=&#8220;none&#8220; shape_type=&#8220;&#8220;][vc_column column_padding=&#8220;no-extra-padding&#8220; column_padding_position=&#8220;all&#8220; background_color_opacity=&#8220;1&#8243; background_hover_color_opacity=&#8220;1&#8243; column_link_target=&#8220;_self&#8220; column_shadow=&#8220;none&#8220; column_border_radius=&#8220;none&#8220; width=&#8220;1\/1&#8243; tablet_width_inherit=&#8220;default&#8220; tablet_text_alignment=&#8220;default&#8220; phone_text_alignment=&#8220;default&#8220; column_border_width=&#8220;none&#8220; column_border_style=&#8220;solid&#8220; bg_image_animation=&#8220;none&#8220;][vc_column_text]Unsere Mission bei Dayco ist die stetige Verbesserung der Mobilit\u00e4t auf der Welt. Diese wichtige Aufgabe erfordert au\u00dfergew\u00f6hnlich talentiertes und motiviertes Personal, Teamkolleginnen und -kollegen, die Ihren Teil zu etwas Gr\u00f6\u00dferem, mehr als nur die von uns entworfenen und produzierten Produkte&#8230;<\/p>\n","protected":false},"author":1,"featured_media":120294,"parent":0,"menu_order":0,"comment_status":"closed","ping_status":"closed","template":"template-transparent-header.php","meta":{"footnotes":""},"yoast_head":"<!-- This site is optimized with the Yoast SEO plugin v22.4 - https:\/\/yoast.com\/wordpress\/plugins\/seo\/ -->\n<title>Stellenangebote | Propulsion Solutions<\/title>\n<meta name=\"description\" content=\"Stellenangebote: Wir suchen dynamische Talente, brillante Menschen und eine globale Denkweise, um die Herausforderungen des Unternehmens zu sammeln.\" \/>\n<meta name=\"robots\" content=\"noindex, follow, max-snippet:-1, max-image-preview:large, max-video-preview:-1\" \/>\n<meta property=\"og:locale\" content=\"de_DE\" \/>\n<meta property=\"og:type\" content=\"article\" \/>\n<meta property=\"og:title\" content=\"Stellenangebote | Propulsion Solutions\" \/>\n<meta property=\"og:description\" content=\"Wir suchen dynamische Talente, brillante Menschen und eine globale Denkweise, um die Herausforderungen des Unternehmens zu sammeln.\" \/>\n<meta property=\"og:url\" content=\"https:\/\/uncommonegg.com\/dayco\/de\/stellenangebote\/\" \/>\n<meta property=\"og:site_name\" content=\"Propulsion Solutions\" \/>\n<meta property=\"article:publisher\" content=\"https:\/\/www.facebook.com\/DaycoOfficial\/\" \/>\n<meta property=\"article:modified_time\" content=\"2022-08-10T22:04:57+00:00\" \/>\n<meta property=\"og:image\" content=\"https:\/\/uncommonegg.com\/dayco\/wp-content\/uploads\/2022\/08\/dayco-job-openings-large-2022.jpg\" \/>\n\t<meta property=\"og:image:width\" content=\"1000\" \/>\n\t<meta property=\"og:image:height\" content=\"555\" \/>\n\t<meta property=\"og:image:type\" content=\"image\/jpeg\" \/>\n<meta name=\"twitter:card\" content=\"summary_large_image\" \/>\n<meta name=\"twitter:description\" content=\"Wir suchen dynamische Talente, brillante Menschen und eine globale Denkweise, um die Herausforderungen des Unternehmens zu sammeln.\" \/>\n<meta name=\"twitter:image\" content=\"https:\/\/uncommonegg.com\/dayco\/wp-content\/uploads\/2022\/08\/dayco-job-openings-large-2022.jpg\" \/>\n<meta name=\"twitter:site\" content=\"@DaycoOfficial\" \/>\n<meta name=\"twitter:label1\" content=\"Gesch\u00e4tzte Lesezeit\" \/>\n\t<meta name=\"twitter:data1\" content=\"1\u00a0Minute\" \/>\n<script type=\"application\/ld+json\" class=\"yoast-schema-graph\">{\"@context\":\"https:\/\/schema.org\",\"@graph\":[{\"@type\":\"WebPage\",\"@id\":\"https:\/\/uncommonegg.com\/dayco\/de\/stellenangebote\/\",\"url\":\"https:\/\/uncommonegg.com\/dayco\/de\/stellenangebote\/\",\"name\":\"Stellenangebote | Propulsion Solutions\",\"isPartOf\":{\"@id\":\"https:\/\/uncommonegg.com\/dayco\/de\/#website\"},\"primaryImageOfPage\":{\"@id\":\"https:\/\/uncommonegg.com\/dayco\/de\/stellenangebote\/#primaryimage\"},\"image\":{\"@id\":\"https:\/\/uncommonegg.com\/dayco\/de\/stellenangebote\/#primaryimage\"},\"thumbnailUrl\":\"https:\/\/uncommonegg.com\/dayco\/wp-content\/uploads\/2022\/08\/dayco-job-openings-large-2022.jpg\",\"datePublished\":\"2018-05-24T18:44:19+00:00\",\"dateModified\":\"2022-08-10T22:04:57+00:00\",\"description\":\"Stellenangebote: Wir suchen dynamische Talente, brillante Menschen und eine globale Denkweise, um die Herausforderungen des Unternehmens zu sammeln.\",\"breadcrumb\":{\"@id\":\"https:\/\/uncommonegg.com\/dayco\/de\/stellenangebote\/#breadcrumb\"},\"inLanguage\":\"de\",\"potentialAction\":[{\"@type\":\"ReadAction\",\"target\":[\"https:\/\/uncommonegg.com\/dayco\/de\/stellenangebote\/\"]}]},{\"@type\":\"ImageObject\",\"inLanguage\":\"de\",\"@id\":\"https:\/\/uncommonegg.com\/dayco\/de\/stellenangebote\/#primaryimage\",\"url\":\"https:\/\/uncommonegg.com\/dayco\/wp-content\/uploads\/2022\/08\/dayco-job-openings-large-2022.jpg\",\"contentUrl\":\"https:\/\/uncommonegg.com\/dayco\/wp-content\/uploads\/2022\/08\/dayco-job-openings-large-2022.jpg\",\"width\":1000,\"height\":555,\"caption\":\"Dayco Job Openings\"},{\"@type\":\"BreadcrumbList\",\"@id\":\"https:\/\/uncommonegg.com\/dayco\/de\/stellenangebote\/#breadcrumb\",\"itemListElement\":[{\"@type\":\"ListItem\",\"position\":1,\"name\":\"Startseite\",\"item\":\"https:\/\/uncommonegg.com\/dayco\/de\/home\/\"},{\"@type\":\"ListItem\",\"position\":2,\"name\":\"Stellenangebote\"}]},{\"@type\":\"WebSite\",\"@id\":\"https:\/\/uncommonegg.com\/dayco\/de\/#website\",\"url\":\"https:\/\/uncommonegg.com\/dayco\/de\/\",\"name\":\"Propulsion Solutions\",\"description\":\"Move Forward. Always.\u2122\",\"publisher\":{\"@id\":\"https:\/\/uncommonegg.com\/dayco\/de\/#organization\"},\"alternateName\":\"Propulsion Solutions\",\"potentialAction\":[{\"@type\":\"SearchAction\",\"target\":{\"@type\":\"EntryPoint\",\"urlTemplate\":\"https:\/\/uncommonegg.com\/dayco\/de\/?s={search_term_string}\"},\"query-input\":\"required name=search_term_string\"}],\"inLanguage\":\"de\"},{\"@type\":\"Organization\",\"@id\":\"https:\/\/uncommonegg.com\/dayco\/de\/#organization\",\"name\":\"Dayco Corporate\",\"alternateName\":\"Propulsion Solutions\",\"url\":\"https:\/\/uncommonegg.com\/dayco\/de\/\",\"logo\":{\"@type\":\"ImageObject\",\"inLanguage\":\"de\",\"@id\":\"https:\/\/uncommonegg.com\/dayco\/de\/#\/schema\/logo\/image\/\",\"url\":\"http:\/\/uncommonegg.com\/dayco\/wp-content\/uploads\/2024\/01\/PS-Logo-SEO2.jpg\",\"contentUrl\":\"http:\/\/uncommonegg.com\/dayco\/wp-content\/uploads\/2024\/01\/PS-Logo-SEO2.jpg\",\"width\":696,\"height\":696,\"caption\":\"Dayco Corporate\"},\"image\":{\"@id\":\"https:\/\/uncommonegg.com\/dayco\/de\/#\/schema\/logo\/image\/\"},\"sameAs\":[\"https:\/\/www.facebook.com\/DaycoOfficial\/\",\"https:\/\/twitter.com\/DaycoOfficial\",\"https:\/\/www.instagram.com\/daycoofficial\/\",\"https:\/\/www.linkedin.com\/company\/daycoofficial\/\",\"https:\/\/www.youtube.com\/DaycoOfficial\",\"https:\/\/en.wikipedia.org\/wiki\/Dayco\"]}]}<\/script>\n<!-- \/ Yoast SEO plugin. -->","yoast_head_json":{"title":"Stellenangebote | Propulsion Solutions","description":"Stellenangebote: Wir suchen dynamische Talente, brillante Menschen und eine globale Denkweise, um die Herausforderungen des Unternehmens zu sammeln.","robots":{"index":"noindex","follow":"follow","max-snippet":"max-snippet:-1","max-image-preview":"max-image-preview:large","max-video-preview":"max-video-preview:-1"},"og_locale":"de_DE","og_type":"article","og_title":"Stellenangebote | Propulsion Solutions","og_description":"Wir suchen dynamische Talente, brillante Menschen und eine globale Denkweise, um die Herausforderungen des Unternehmens zu sammeln.","og_url":"https:\/\/uncommonegg.com\/dayco\/de\/stellenangebote\/","og_site_name":"Propulsion Solutions","article_publisher":"https:\/\/www.facebook.com\/DaycoOfficial\/","article_modified_time":"2022-08-10T22:04:57+00:00","og_image":[{"width":1000,"height":555,"url":"https:\/\/uncommonegg.com\/dayco\/wp-content\/uploads\/2022\/08\/dayco-job-openings-large-2022.jpg","type":"image\/jpeg"}],"twitter_card":"summary_large_image","twitter_description":"Wir suchen dynamische Talente, brillante Menschen und eine globale Denkweise, um die Herausforderungen des Unternehmens zu sammeln.","twitter_image":"https:\/\/uncommonegg.com\/dayco\/wp-content\/uploads\/2022\/08\/dayco-job-openings-large-2022.jpg","twitter_site":"@DaycoOfficial","twitter_misc":{"Gesch\u00e4tzte Lesezeit":"1\u00a0Minute"},"schema":{"@context":"https:\/\/schema.org","@graph":[{"@type":"WebPage","@id":"https:\/\/uncommonegg.com\/dayco\/de\/stellenangebote\/","url":"https:\/\/uncommonegg.com\/dayco\/de\/stellenangebote\/","name":"Stellenangebote | Propulsion Solutions","isPartOf":{"@id":"https:\/\/uncommonegg.com\/dayco\/de\/#website"},"primaryImageOfPage":{"@id":"https:\/\/uncommonegg.com\/dayco\/de\/stellenangebote\/#primaryimage"},"image":{"@id":"https:\/\/uncommonegg.com\/dayco\/de\/stellenangebote\/#primaryimage"},"thumbnailUrl":"https:\/\/uncommonegg.com\/dayco\/wp-content\/uploads\/2022\/08\/dayco-job-openings-large-2022.jpg","datePublished":"2018-05-24T18:44:19+00:00","dateModified":"2022-08-10T22:04:57+00:00","description":"Stellenangebote: Wir suchen dynamische Talente, brillante Menschen und eine globale Denkweise, um die Herausforderungen des Unternehmens zu sammeln.","breadcrumb":{"@id":"https:\/\/uncommonegg.com\/dayco\/de\/stellenangebote\/#breadcrumb"},"inLanguage":"de","potentialAction":[{"@type":"ReadAction","target":["https:\/\/uncommonegg.com\/dayco\/de\/stellenangebote\/"]}]},{"@type":"ImageObject","inLanguage":"de","@id":"https:\/\/uncommonegg.com\/dayco\/de\/stellenangebote\/#primaryimage","url":"https:\/\/uncommonegg.com\/dayco\/wp-content\/uploads\/2022\/08\/dayco-job-openings-large-2022.jpg","contentUrl":"https:\/\/uncommonegg.com\/dayco\/wp-content\/uploads\/2022\/08\/dayco-job-openings-large-2022.jpg","width":1000,"height":555,"caption":"Dayco Job Openings"},{"@type":"BreadcrumbList","@id":"https:\/\/uncommonegg.com\/dayco\/de\/stellenangebote\/#breadcrumb","itemListElement":[{"@type":"ListItem","position":1,"name":"Startseite","item":"https:\/\/uncommonegg.com\/dayco\/de\/home\/"},{"@type":"ListItem","position":2,"name":"Stellenangebote"}]},{"@type":"WebSite","@id":"https:\/\/uncommonegg.com\/dayco\/de\/#website","url":"https:\/\/uncommonegg.com\/dayco\/de\/","name":"Propulsion Solutions","description":"Move Forward. Always.\u2122","publisher":{"@id":"https:\/\/uncommonegg.com\/dayco\/de\/#organization"},"alternateName":"Propulsion Solutions","potentialAction":[{"@type":"SearchAction","target":{"@type":"EntryPoint","urlTemplate":"https:\/\/uncommonegg.com\/dayco\/de\/?s={search_term_string}"},"query-input":"required name=search_term_string"}],"inLanguage":"de"},{"@type":"Organization","@id":"https:\/\/uncommonegg.com\/dayco\/de\/#organization","name":"Dayco Corporate","alternateName":"Propulsion Solutions","url":"https:\/\/uncommonegg.com\/dayco\/de\/","logo":{"@type":"ImageObject","inLanguage":"de","@id":"https:\/\/uncommonegg.com\/dayco\/de\/#\/schema\/logo\/image\/","url":"http:\/\/uncommonegg.com\/dayco\/wp-content\/uploads\/2024\/01\/PS-Logo-SEO2.jpg","contentUrl":"http:\/\/uncommonegg.com\/dayco\/wp-content\/uploads\/2024\/01\/PS-Logo-SEO2.jpg","width":696,"height":696,"caption":"Dayco Corporate"},"image":{"@id":"https:\/\/uncommonegg.com\/dayco\/de\/#\/schema\/logo\/image\/"},"sameAs":["https:\/\/www.facebook.com\/DaycoOfficial\/","https:\/\/twitter.com\/DaycoOfficial","https:\/\/www.instagram.com\/daycoofficial\/","https:\/\/www.linkedin.com\/company\/daycoofficial\/","https:\/\/www.youtube.com\/DaycoOfficial","https:\/\/en.wikipedia.org\/wiki\/Dayco"]}]}},"_links":{"self":[{"href":"https:\/\/uncommonegg.com\/dayco\/de\/wp-json\/wp\/v2\/pages\/9318"}],"collection":[{"href":"https:\/\/uncommonegg.com\/dayco\/de\/wp-json\/wp\/v2\/pages"}],"about":[{"href":"https:\/\/uncommonegg.com\/dayco\/de\/wp-json\/wp\/v2\/types\/page"}],"author":[{"embeddable":true,"href":"https:\/\/uncommonegg.com\/dayco\/de\/wp-json\/wp\/v2\/users\/1"}],"replies":[{"embeddable":true,"href":"https:\/\/uncommonegg.com\/dayco\/de\/wp-json\/wp\/v2\/comments?post=9318"}],"version-history":[{"count":0,"href":"https:\/\/uncommonegg.com\/dayco\/de\/wp-json\/wp\/v2\/pages\/9318\/revisions"}],"wp:featuredmedia":[{"embeddable":true,"href":"https:\/\/uncommonegg.com\/dayco\/de\/wp-json\/wp\/v2\/media\/120294"}],"wp:attachment":[{"href":"https:\/\/uncommonegg.com\/dayco\/de\/wp-json\/wp\/v2\/media?parent=9318"}],"curies":[{"name":"wp","href":"https:\/\/api.w.org\/{rel}","templated":true}]}}